{"id":10814,"date":"2015-10-07T08:21:37","date_gmt":"2015-10-07T12:21:37","guid":{"rendered":"http:\/\/www.nbrhc.on.ca\/?page_id=10814"},"modified":"2023-06-12T13:27:50","modified_gmt":"2023-06-12T17:27:50","slug":"demandes-de-renseignements-des-medias","status":"publish","type":"page","link":"https:\/\/nbrhc.on.ca\/fr\/pour-nous-joindre\/demandes-de-renseignements-des-medias\/","title":{"rendered":"Demandes de renseignements des m\u00e9dias"},"content":{"rendered":"<p>Toutes les demandes de renseignements de la part des m\u00e9dias doivent \u00eatre achemin\u00e9es au Service de\u00a0Communications\u00a0par courriel \u00e0 l\u2019adresse\u00a0<a href=\"mailto:communications@nbrhc.on.ca\">communications@nbrhc.on.ca<\/a>. Un membre de notre personnel se fera un plaisir de r\u00e9pondre \u00e0 votre demande dans les plus brefs d\u00e9lais. Pour les demandes des m\u00e9dias d&rsquo;urgence en dehors de nos heures d&rsquo;ouverture (du lundi au vendredi , 08h00-17h00) s&rsquo;il vous pla\u00eet appelez au 705-474-8600 tableau et demander pour la \u00ab\u00a0Admin On Call\u00a0\u00bb.<\/p>\n<h2>Plus recent :<\/h2>\n<ul>\n<li><strong><a href=\"\/fr\/a-propos-de-nous\/news-releases\/\">Nouvelles et \u00e9v\u00e9nements<\/a><\/strong><\/li>\n<li><strong><a href=\"\/fr\/a-propos-de-nous\/publications\/\">Publications<\/a><\/strong><\/li>\n<\/ul>\n","protected":false},"excerpt":{"rendered":"<p>Toutes les demandes de renseignements de la part des m\u00e9dias doivent \u00eatre achemin\u00e9es au Service de\u00a0Communications\u00a0par courriel \u00e0 l\u2019adresse\u00a0communications@nbrhc.on.ca. Un membre de notre personnel se fera un plaisir de r\u00e9pondre [&hellip;]<\/p>\n","protected":false},"author":17,"featured_media":0,"parent":10849,"menu_order":0,"comment_status":"closed","ping_status":"closed","template":"","meta":{"_acf_changed":false,"_monsterinsights_skip_tracking":false,"_monsterinsights_sitenote_active":false,"_monsterinsights_sitenote_note":"","_monsterinsights_sitenote_category":0,"footnotes":"","_links_to":"","_links_to_target":"","_wp_rev_ctl_limit":""},"tags":[],"class_list":["post-10814","page","type-page","status-publish","hentry"],"acf":[],"yoast_head":"<!-- This site is optimized with the Yoast SEO plugin v27.4 - https:\/\/yoast.com\/product\/yoast-seo-wordpress\/ -->\n<title>Demandes de renseignements des m\u00e9dias<\/title>\n<meta name=\"description\" content=\"Pour les demandes urgentes des m\u00e9dias en dehors de nos heures d&#039;ouverture, veuillez appeler le standard au 705-474-8600 et demander l&#039;administrateur en appel\" \/>\n<meta name=\"robots\" content=\"index, follow, max-snippet:-1, max-image-preview:large, max-video-preview:-1\" \/>\n<link rel=\"canonical\" href=\"https:\/\/nbrhc.on.ca\/fr\/pour-nous-joindre\/demandes-de-renseignements-des-medias\/\" \/>\n<meta property=\"og:locale\" content=\"fr_FR\" \/>\n<meta property=\"og:type\" content=\"article\" \/>\n<meta property=\"og:title\" content=\"Demandes de renseignements des m\u00e9dias\" \/>\n<meta property=\"og:description\" content=\"Pour les demandes urgentes des m\u00e9dias en dehors de nos heures d&#039;ouverture, veuillez appeler le standard au 705-474-8600 et demander l&#039;administrateur en appel\" \/>\n<meta property=\"og:url\" content=\"https:\/\/nbrhc.on.ca\/fr\/pour-nous-joindre\/demandes-de-renseignements-des-medias\/\" \/>\n<meta property=\"og:site_name\" content=\"NBRHC\" \/>\n<meta property=\"article:publisher\" content=\"https:\/\/www.facebook.com\/nbrhc\" \/>\n<meta property=\"article:modified_time\" content=\"2023-06-12T17:27:50+00:00\" \/>\n<meta property=\"og:image\" content=\"https:\/\/nbrhc.on.ca\/wp-content\/uploads\/2015\/07\/icon_col.jpeg\" \/>\n\t<meta property=\"og:image:width\" content=\"619\" \/>\n\t<meta property=\"og:image:height\" content=\"619\" \/>\n\t<meta property=\"og:image:type\" content=\"image\/jpeg\" \/>\n<meta name=\"twitter:label1\" content=\"Dur\u00e9e de lecture estim\u00e9e\" \/>\n\t<meta name=\"twitter:data1\" content=\"1 minute\" \/>\n<script type=\"application\/ld+json\" class=\"yoast-schema-graph\">{\"@context\":\"https:\\\/\\\/schema.org\",\"@graph\":[{\"@type\":\"WebPage\",\"@id\":\"https:\\\/\\\/nbrhc.on.ca\\\/fr\\\/pour-nous-joindre\\\/demandes-de-renseignements-des-medias\\\/\",\"url\":\"https:\\\/\\\/nbrhc.on.ca\\\/fr\\\/pour-nous-joindre\\\/demandes-de-renseignements-des-medias\\\/\",\"name\":\"Demandes de renseignements des m\u00e9dias\",\"isPartOf\":{\"@id\":\"https:\\\/\\\/nbrhc.on.ca\\\/#website\"},\"datePublished\":\"2015-10-07T12:21:37+00:00\",\"dateModified\":\"2023-06-12T17:27:50+00:00\",\"description\":\"Pour les demandes urgentes des m\u00e9dias en dehors de nos heures d'ouverture, veuillez appeler le standard au 705-474-8600 et demander l'administrateur en appel\",\"breadcrumb\":{\"@id\":\"https:\\\/\\\/nbrhc.on.ca\\\/fr\\\/pour-nous-joindre\\\/demandes-de-renseignements-des-medias\\\/#breadcrumb\"},\"inLanguage\":\"fr-FR\",\"potentialAction\":[{\"@type\":\"ReadAction\",\"target\":[\"https:\\\/\\\/nbrhc.on.ca\\\/fr\\\/pour-nous-joindre\\\/demandes-de-renseignements-des-medias\\\/\"]}]},{\"@type\":\"BreadcrumbList\",\"@id\":\"https:\\\/\\\/nbrhc.on.ca\\\/fr\\\/pour-nous-joindre\\\/demandes-de-renseignements-des-medias\\\/#breadcrumb\",\"itemListElement\":[{\"@type\":\"ListItem\",\"position\":1,\"name\":\"Home\",\"item\":\"https:\\\/\\\/nbrhc.on.ca\\\/fr\\\/\"},{\"@type\":\"ListItem\",\"position\":2,\"name\":\"Pour nous joindre\",\"item\":\"https:\\\/\\\/nbrhc.on.ca\\\/fr\\\/pour-nous-joindre\\\/\"},{\"@type\":\"ListItem\",\"position\":3,\"name\":\"Demandes de renseignements des m\u00e9dias\"}]},{\"@type\":\"WebSite\",\"@id\":\"https:\\\/\\\/nbrhc.on.ca\\\/#website\",\"url\":\"https:\\\/\\\/nbrhc.on.ca\\\/\",\"name\":\"NBRHC\",\"description\":\"North Bay Regional Health Centre\",\"publisher\":{\"@id\":\"https:\\\/\\\/nbrhc.on.ca\\\/#organization\"},\"potentialAction\":[{\"@type\":\"SearchAction\",\"target\":{\"@type\":\"EntryPoint\",\"urlTemplate\":\"https:\\\/\\\/nbrhc.on.ca\\\/?s={search_term_string}\"},\"query-input\":{\"@type\":\"PropertyValueSpecification\",\"valueRequired\":true,\"valueName\":\"search_term_string\"}}],\"inLanguage\":\"fr-FR\"},{\"@type\":\"Organization\",\"@id\":\"https:\\\/\\\/nbrhc.on.ca\\\/#organization\",\"name\":\"North Bay Regional Health Centre\",\"url\":\"https:\\\/\\\/nbrhc.on.ca\\\/\",\"logo\":{\"@type\":\"ImageObject\",\"inLanguage\":\"fr-FR\",\"@id\":\"https:\\\/\\\/nbrhc.on.ca\\\/#\\\/schema\\\/logo\\\/image\\\/\",\"url\":\"https:\\\/\\\/nbrhc.on.ca\\\/wp-content\\\/uploads\\\/2015\\\/07\\\/logo.jpg\",\"contentUrl\":\"https:\\\/\\\/nbrhc.on.ca\\\/wp-content\\\/uploads\\\/2015\\\/07\\\/logo.jpg\",\"width\":870,\"height\":128,\"caption\":\"North Bay Regional Health Centre\"},\"image\":{\"@id\":\"https:\\\/\\\/nbrhc.on.ca\\\/#\\\/schema\\\/logo\\\/image\\\/\"},\"sameAs\":[\"https:\\\/\\\/www.facebook.com\\\/nbrhc\",\"https:\\\/\\\/x.com\\\/NBRHC\",\"https:\\\/\\\/www.linkedin.com\\\/company\\\/north-bay-regional-health-centre-nbrhc\",\"https:\\\/\\\/www.pinterest.com\\\/nbrhc\",\"https:\\\/\\\/www.youtube.com\\\/TheNBRHC\"]}]}<\/script>\n<!-- \/ Yoast SEO plugin. -->","yoast_head_json":{"title":"Demandes de renseignements des m\u00e9dias","description":"Pour les demandes urgentes des m\u00e9dias en dehors de nos heures d'ouverture, veuillez appeler le standard au 705-474-8600 et demander l'administrateur en appel","robots":{"index":"index","follow":"follow","max-snippet":"max-snippet:-1","max-image-preview":"max-image-preview:large","max-video-preview":"max-video-preview:-1"},"canonical":"https:\/\/nbrhc.on.ca\/fr\/pour-nous-joindre\/demandes-de-renseignements-des-medias\/","og_locale":"fr_FR","og_type":"article","og_title":"Demandes de renseignements des m\u00e9dias","og_description":"Pour les demandes urgentes des m\u00e9dias en dehors de nos heures d'ouverture, veuillez appeler le standard au 705-474-8600 et demander l'administrateur en appel","og_url":"https:\/\/nbrhc.on.ca\/fr\/pour-nous-joindre\/demandes-de-renseignements-des-medias\/","og_site_name":"NBRHC","article_publisher":"https:\/\/www.facebook.com\/nbrhc","article_modified_time":"2023-06-12T17:27:50+00:00","og_image":[{"width":619,"height":619,"url":"https:\/\/nbrhc.on.ca\/wp-content\/uploads\/2015\/07\/icon_col.jpeg","type":"image\/jpeg"}],"twitter_misc":{"Dur\u00e9e de lecture estim\u00e9e":"1 minute"},"schema":{"@context":"https:\/\/schema.org","@graph":[{"@type":"WebPage","@id":"https:\/\/nbrhc.on.ca\/fr\/pour-nous-joindre\/demandes-de-renseignements-des-medias\/","url":"https:\/\/nbrhc.on.ca\/fr\/pour-nous-joindre\/demandes-de-renseignements-des-medias\/","name":"Demandes de renseignements des m\u00e9dias","isPartOf":{"@id":"https:\/\/nbrhc.on.ca\/#website"},"datePublished":"2015-10-07T12:21:37+00:00","dateModified":"2023-06-12T17:27:50+00:00","description":"Pour les demandes urgentes des m\u00e9dias en dehors de nos heures d'ouverture, veuillez appeler le standard au 705-474-8600 et demander l'administrateur en appel","breadcrumb":{"@id":"https:\/\/nbrhc.on.ca\/fr\/pour-nous-joindre\/demandes-de-renseignements-des-medias\/#breadcrumb"},"inLanguage":"fr-FR","potentialAction":[{"@type":"ReadAction","target":["https:\/\/nbrhc.on.ca\/fr\/pour-nous-joindre\/demandes-de-renseignements-des-medias\/"]}]},{"@type":"BreadcrumbList","@id":"https:\/\/nbrhc.on.ca\/fr\/pour-nous-joindre\/demandes-de-renseignements-des-medias\/#breadcrumb","itemListElement":[{"@type":"ListItem","position":1,"name":"Home","item":"https:\/\/nbrhc.on.ca\/fr\/"},{"@type":"ListItem","position":2,"name":"Pour nous joindre","item":"https:\/\/nbrhc.on.ca\/fr\/pour-nous-joindre\/"},{"@type":"ListItem","position":3,"name":"Demandes de renseignements des m\u00e9dias"}]},{"@type":"WebSite","@id":"https:\/\/nbrhc.on.ca\/#website","url":"https:\/\/nbrhc.on.ca\/","name":"NBRHC","description":"North Bay Regional Health Centre","publisher":{"@id":"https:\/\/nbrhc.on.ca\/#organization"},"potentialAction":[{"@type":"SearchAction","target":{"@type":"EntryPoint","urlTemplate":"https:\/\/nbrhc.on.ca\/?s={search_term_string}"},"query-input":{"@type":"PropertyValueSpecification","valueRequired":true,"valueName":"search_term_string"}}],"inLanguage":"fr-FR"},{"@type":"Organization","@id":"https:\/\/nbrhc.on.ca\/#organization","name":"North Bay Regional Health Centre","url":"https:\/\/nbrhc.on.ca\/","logo":{"@type":"ImageObject","inLanguage":"fr-FR","@id":"https:\/\/nbrhc.on.ca\/#\/schema\/logo\/image\/","url":"https:\/\/nbrhc.on.ca\/wp-content\/uploads\/2015\/07\/logo.jpg","contentUrl":"https:\/\/nbrhc.on.ca\/wp-content\/uploads\/2015\/07\/logo.jpg","width":870,"height":128,"caption":"North Bay Regional Health Centre"},"image":{"@id":"https:\/\/nbrhc.on.ca\/#\/schema\/logo\/image\/"},"sameAs":["https:\/\/www.facebook.com\/nbrhc","https:\/\/x.com\/NBRHC","https:\/\/www.linkedin.com\/company\/north-bay-regional-health-centre-nbrhc","https:\/\/www.pinterest.com\/nbrhc","https:\/\/www.youtube.com\/TheNBRHC"]}]}},"_links":{"self":[{"href":"https:\/\/nbrhc.on.ca\/fr\/wp-json\/wp\/v2\/pages\/10814","targetHints":{"allow":["GET"]}}],"collection":[{"href":"https:\/\/nbrhc.on.ca\/fr\/wp-json\/wp\/v2\/pages"}],"about":[{"href":"https:\/\/nbrhc.on.ca\/fr\/wp-json\/wp\/v2\/types\/page"}],"author":[{"embeddable":true,"href":"https:\/\/nbrhc.on.ca\/fr\/wp-json\/wp\/v2\/users\/17"}],"replies":[{"embeddable":true,"href":"https:\/\/nbrhc.on.ca\/fr\/wp-json\/wp\/v2\/comments?post=10814"}],"version-history":[{"count":2,"href":"https:\/\/nbrhc.on.ca\/fr\/wp-json\/wp\/v2\/pages\/10814\/revisions"}],"predecessor-version":[{"id":36150,"href":"https:\/\/nbrhc.on.ca\/fr\/wp-json\/wp\/v2\/pages\/10814\/revisions\/36150"}],"up":[{"embeddable":true,"href":"https:\/\/nbrhc.on.ca\/fr\/wp-json\/wp\/v2\/pages\/10849"}],"wp:attachment":[{"href":"https:\/\/nbrhc.on.ca\/fr\/wp-json\/wp\/v2\/media?parent=10814"}],"wp:term":[{"taxonomy":"post_tag","embeddable":true,"href":"https:\/\/nbrhc.on.ca\/fr\/wp-json\/wp\/v2\/tags?post=10814"}],"curies":[{"name":"wp","href":"https:\/\/api.w.org\/{rel}","templated":true}]}}