{"id":10849,"date":"2015-10-07T10:22:10","date_gmt":"2015-10-07T14:22:10","guid":{"rendered":"http:\/\/www.nbrhc.on.ca\/?page_id=10849"},"modified":"2024-11-19T09:12:06","modified_gmt":"2024-11-19T14:12:06","slug":"pour-nous-joindre","status":"publish","type":"page","link":"https:\/\/nbrhc.on.ca\/fr\/pour-nous-joindre\/","title":{"rendered":"Pour nous joindre"},"content":{"rendered":"<h2><strong>Centre r\u00e9gional de sant\u00e9 de North Bay<\/strong><\/h2>\n<p>Le num\u00e9ro de t\u00e9l\u00e9phone principal :<br \/>\n<strong>705-474-8600<\/strong><\/p>\n<p>50, promenade College<br \/>\nC.P. 2500<br \/>\nNorth Bay (Ontario)<br \/>\nP1B 5A4<br \/>\n<iframe loading=\"lazy\" title=\"NBRHC location map\" width=\"100%\" height=\"300\" frameborder=\"0\" src=\"https:\/\/www.google.com\/maps\/embed?pb=!1m14!1m8!1m3!1d22035.47889217931!2d-79.48084822189271!3d46.34091312762392!3m2!1i1024!2i768!4f13.1!3m3!1m2!1s0x0%3A0xc9d173ef571affac!2sNorth+Bay+Regional+Health+Centre!5e0!3m2!1sen!2sca!4v1397594847321\"><\/iframe><\/p>\n<h2><strong>Place Kirkwood<br \/>\n<\/strong><\/h2>\n<p>680, promenade Kirkwood<br \/>\nSudbury (Ontario) P3E 1X3<br \/>\nT\u00e9l. : 705-675-9193<br \/>\nT\u00e9l\u00e9c. : 705-675-6817<br \/>\n<iframe loading=\"lazy\" title=\"NBRHC Sudbury Campus location map\" width=\"100%\" height=\"300\" frameborder=\"0\" src=\"https:\/\/www.google.com\/maps\/embed?pb=!1m14!1m8!1m3!1d10990.064150326869!2d-80.95958255292759!3d46.47809340116097!3m2!1i1024!2i768!4f13.1!3m3!1m2!1s0x4d2f000807eeba69%3A0xb036a725cbbeb06f!2sNorth+Bay+Regional+Health+Centre+-+Sudbury+Campus!5e0!3m2!1sen!2sca!4v1397595671209\"><\/iframe><\/p>\n<p>Si vous, ou quelqu&rsquo;un que vous savez vivent une crise de sant\u00e9 mentale, s&rsquo;il vous plait contacter notre poste de r\u00e9action, disponible 24 heurs par jour, 7 jours sur 7 en composant le:\u00a0<strong>1-800-352-1141 <\/strong><span style=\"text-decoration: underline;\">(uniquement en cas de crise).<\/span><\/p>\n","protected":false},"excerpt":{"rendered":"<p>Centre r\u00e9gional de sant\u00e9 de North Bay Le num\u00e9ro de t\u00e9l\u00e9phone principal : 705-474-8600 50, promenade College C.P. 2500 North Bay (Ontario) P1B 5A4 Place Kirkwood 680, promenade Kirkwood Sudbury [&hellip;]<\/p>\n","protected":false},"author":17,"featured_media":0,"parent":0,"menu_order":0,"comment_status":"open","ping_status":"open","template":"","meta":{"_acf_changed":false,"_monsterinsights_skip_tracking":false,"_monsterinsights_sitenote_active":false,"_monsterinsights_sitenote_note":"","_monsterinsights_sitenote_category":0,"footnotes":"","_links_to":"","_links_to_target":"","_wp_rev_ctl_limit":""},"tags":[406],"class_list":["post-10849","page","type-page","status-publish","hentry","tag-north-bay"],"acf":[],"yoast_head":"<!-- This site is optimized with the Yoast SEO plugin v27.5 - https:\/\/yoast.com\/product\/yoast-seo-wordpress\/ -->\n<title>Pour nous joindre<\/title>\n<meta name=\"description\" content=\"Site principal : 705-474-8600 | 50, promenade College, North Bay (Ontario). Kirkwood : 705-675-9193 | 680, promenade Kirkwood, Sudbury (Ontario) P3E 1X3.\" \/>\n<meta name=\"robots\" content=\"index, follow, max-snippet:-1, max-image-preview:large, max-video-preview:-1\" \/>\n<link rel=\"canonical\" href=\"https:\/\/nbrhc.on.ca\/fr\/pour-nous-joindre\/\" \/>\n<meta property=\"og:locale\" content=\"fr_FR\" \/>\n<meta property=\"og:type\" content=\"article\" \/>\n<meta property=\"og:title\" content=\"Pour nous joindre\" \/>\n<meta property=\"og:description\" content=\"Site principal : 705-474-8600 | 50, promenade College, North Bay (Ontario). Kirkwood : 705-675-9193 | 680, promenade Kirkwood, Sudbury (Ontario) P3E 1X3.\" \/>\n<meta property=\"og:url\" content=\"https:\/\/nbrhc.on.ca\/fr\/pour-nous-joindre\/\" \/>\n<meta property=\"og:site_name\" content=\"NBRHC\" \/>\n<meta property=\"article:publisher\" content=\"https:\/\/www.facebook.com\/nbrhc\" \/>\n<meta property=\"article:modified_time\" content=\"2024-11-19T14:12:06+00:00\" \/>\n<meta property=\"og:image\" content=\"https:\/\/nbrhc.on.ca\/wp-content\/uploads\/2015\/07\/icon_col.jpeg\" \/>\n\t<meta property=\"og:image:width\" content=\"619\" \/>\n\t<meta property=\"og:image:height\" content=\"619\" \/>\n\t<meta property=\"og:image:type\" content=\"image\/jpeg\" \/>\n<meta name=\"twitter:label1\" content=\"Dur\u00e9e de lecture estim\u00e9e\" \/>\n\t<meta name=\"twitter:data1\" content=\"1 minute\" \/>\n<script type=\"application\/ld+json\" class=\"yoast-schema-graph\">{\"@context\":\"https:\\\/\\\/schema.org\",\"@graph\":[{\"@type\":\"WebPage\",\"@id\":\"https:\\\/\\\/nbrhc.on.ca\\\/fr\\\/pour-nous-joindre\\\/\",\"url\":\"https:\\\/\\\/nbrhc.on.ca\\\/fr\\\/pour-nous-joindre\\\/\",\"name\":\"Pour nous joindre\",\"isPartOf\":{\"@id\":\"https:\\\/\\\/nbrhc.on.ca\\\/#website\"},\"datePublished\":\"2015-10-07T14:22:10+00:00\",\"dateModified\":\"2024-11-19T14:12:06+00:00\",\"description\":\"Site principal : 705-474-8600 | 50, promenade College, North Bay (Ontario). Kirkwood : 705-675-9193 | 680, promenade Kirkwood, Sudbury (Ontario) P3E 1X3.\",\"breadcrumb\":{\"@id\":\"https:\\\/\\\/nbrhc.on.ca\\\/fr\\\/pour-nous-joindre\\\/#breadcrumb\"},\"inLanguage\":\"fr-FR\",\"potentialAction\":[{\"@type\":\"ReadAction\",\"target\":[\"https:\\\/\\\/nbrhc.on.ca\\\/fr\\\/pour-nous-joindre\\\/\"]}]},{\"@type\":\"BreadcrumbList\",\"@id\":\"https:\\\/\\\/nbrhc.on.ca\\\/fr\\\/pour-nous-joindre\\\/#breadcrumb\",\"itemListElement\":[{\"@type\":\"ListItem\",\"position\":1,\"name\":\"Home\",\"item\":\"https:\\\/\\\/nbrhc.on.ca\\\/fr\\\/\"},{\"@type\":\"ListItem\",\"position\":2,\"name\":\"Pour nous joindre\"}]},{\"@type\":\"WebSite\",\"@id\":\"https:\\\/\\\/nbrhc.on.ca\\\/#website\",\"url\":\"https:\\\/\\\/nbrhc.on.ca\\\/\",\"name\":\"NBRHC\",\"description\":\"North Bay Regional Health Centre\",\"publisher\":{\"@id\":\"https:\\\/\\\/nbrhc.on.ca\\\/#organization\"},\"potentialAction\":[{\"@type\":\"SearchAction\",\"target\":{\"@type\":\"EntryPoint\",\"urlTemplate\":\"https:\\\/\\\/nbrhc.on.ca\\\/?s={search_term_string}\"},\"query-input\":{\"@type\":\"PropertyValueSpecification\",\"valueRequired\":true,\"valueName\":\"search_term_string\"}}],\"inLanguage\":\"fr-FR\"},{\"@type\":\"Organization\",\"@id\":\"https:\\\/\\\/nbrhc.on.ca\\\/#organization\",\"name\":\"North Bay Regional Health Centre\",\"url\":\"https:\\\/\\\/nbrhc.on.ca\\\/\",\"logo\":{\"@type\":\"ImageObject\",\"inLanguage\":\"fr-FR\",\"@id\":\"https:\\\/\\\/nbrhc.on.ca\\\/#\\\/schema\\\/logo\\\/image\\\/\",\"url\":\"https:\\\/\\\/nbrhc.on.ca\\\/wp-content\\\/uploads\\\/2015\\\/07\\\/logo.jpg\",\"contentUrl\":\"https:\\\/\\\/nbrhc.on.ca\\\/wp-content\\\/uploads\\\/2015\\\/07\\\/logo.jpg\",\"width\":870,\"height\":128,\"caption\":\"North Bay Regional Health Centre\"},\"image\":{\"@id\":\"https:\\\/\\\/nbrhc.on.ca\\\/#\\\/schema\\\/logo\\\/image\\\/\"},\"sameAs\":[\"https:\\\/\\\/www.facebook.com\\\/nbrhc\",\"https:\\\/\\\/x.com\\\/NBRHC\",\"https:\\\/\\\/www.linkedin.com\\\/company\\\/north-bay-regional-health-centre-nbrhc\",\"https:\\\/\\\/www.pinterest.com\\\/nbrhc\",\"https:\\\/\\\/www.youtube.com\\\/TheNBRHC\"]}]}<\/script>\n<!-- \/ Yoast SEO plugin. -->","yoast_head_json":{"title":"Pour nous joindre","description":"Site principal : 705-474-8600 | 50, promenade College, North Bay (Ontario). Kirkwood : 705-675-9193 | 680, promenade Kirkwood, Sudbury (Ontario) P3E 1X3.","robots":{"index":"index","follow":"follow","max-snippet":"max-snippet:-1","max-image-preview":"max-image-preview:large","max-video-preview":"max-video-preview:-1"},"canonical":"https:\/\/nbrhc.on.ca\/fr\/pour-nous-joindre\/","og_locale":"fr_FR","og_type":"article","og_title":"Pour nous joindre","og_description":"Site principal : 705-474-8600 | 50, promenade College, North Bay (Ontario). Kirkwood : 705-675-9193 | 680, promenade Kirkwood, Sudbury (Ontario) P3E 1X3.","og_url":"https:\/\/nbrhc.on.ca\/fr\/pour-nous-joindre\/","og_site_name":"NBRHC","article_publisher":"https:\/\/www.facebook.com\/nbrhc","article_modified_time":"2024-11-19T14:12:06+00:00","og_image":[{"width":619,"height":619,"url":"https:\/\/nbrhc.on.ca\/wp-content\/uploads\/2015\/07\/icon_col.jpeg","type":"image\/jpeg"}],"twitter_misc":{"Dur\u00e9e de lecture estim\u00e9e":"1 minute"},"schema":{"@context":"https:\/\/schema.org","@graph":[{"@type":"WebPage","@id":"https:\/\/nbrhc.on.ca\/fr\/pour-nous-joindre\/","url":"https:\/\/nbrhc.on.ca\/fr\/pour-nous-joindre\/","name":"Pour nous joindre","isPartOf":{"@id":"https:\/\/nbrhc.on.ca\/#website"},"datePublished":"2015-10-07T14:22:10+00:00","dateModified":"2024-11-19T14:12:06+00:00","description":"Site principal : 705-474-8600 | 50, promenade College, North Bay (Ontario). Kirkwood : 705-675-9193 | 680, promenade Kirkwood, Sudbury (Ontario) P3E 1X3.","breadcrumb":{"@id":"https:\/\/nbrhc.on.ca\/fr\/pour-nous-joindre\/#breadcrumb"},"inLanguage":"fr-FR","potentialAction":[{"@type":"ReadAction","target":["https:\/\/nbrhc.on.ca\/fr\/pour-nous-joindre\/"]}]},{"@type":"BreadcrumbList","@id":"https:\/\/nbrhc.on.ca\/fr\/pour-nous-joindre\/#breadcrumb","itemListElement":[{"@type":"ListItem","position":1,"name":"Home","item":"https:\/\/nbrhc.on.ca\/fr\/"},{"@type":"ListItem","position":2,"name":"Pour nous joindre"}]},{"@type":"WebSite","@id":"https:\/\/nbrhc.on.ca\/#website","url":"https:\/\/nbrhc.on.ca\/","name":"NBRHC","description":"North Bay Regional Health Centre","publisher":{"@id":"https:\/\/nbrhc.on.ca\/#organization"},"potentialAction":[{"@type":"SearchAction","target":{"@type":"EntryPoint","urlTemplate":"https:\/\/nbrhc.on.ca\/?s={search_term_string}"},"query-input":{"@type":"PropertyValueSpecification","valueRequired":true,"valueName":"search_term_string"}}],"inLanguage":"fr-FR"},{"@type":"Organization","@id":"https:\/\/nbrhc.on.ca\/#organization","name":"North Bay Regional Health Centre","url":"https:\/\/nbrhc.on.ca\/","logo":{"@type":"ImageObject","inLanguage":"fr-FR","@id":"https:\/\/nbrhc.on.ca\/#\/schema\/logo\/image\/","url":"https:\/\/nbrhc.on.ca\/wp-content\/uploads\/2015\/07\/logo.jpg","contentUrl":"https:\/\/nbrhc.on.ca\/wp-content\/uploads\/2015\/07\/logo.jpg","width":870,"height":128,"caption":"North Bay Regional Health Centre"},"image":{"@id":"https:\/\/nbrhc.on.ca\/#\/schema\/logo\/image\/"},"sameAs":["https:\/\/www.facebook.com\/nbrhc","https:\/\/x.com\/NBRHC","https:\/\/www.linkedin.com\/company\/north-bay-regional-health-centre-nbrhc","https:\/\/www.pinterest.com\/nbrhc","https:\/\/www.youtube.com\/TheNBRHC"]}]}},"_links":{"self":[{"href":"https:\/\/nbrhc.on.ca\/fr\/wp-json\/wp\/v2\/pages\/10849","targetHints":{"allow":["GET"]}}],"collection":[{"href":"https:\/\/nbrhc.on.ca\/fr\/wp-json\/wp\/v2\/pages"}],"about":[{"href":"https:\/\/nbrhc.on.ca\/fr\/wp-json\/wp\/v2\/types\/page"}],"author":[{"embeddable":true,"href":"https:\/\/nbrhc.on.ca\/fr\/wp-json\/wp\/v2\/users\/17"}],"replies":[{"embeddable":true,"href":"https:\/\/nbrhc.on.ca\/fr\/wp-json\/wp\/v2\/comments?post=10849"}],"version-history":[{"count":2,"href":"https:\/\/nbrhc.on.ca\/fr\/wp-json\/wp\/v2\/pages\/10849\/revisions"}],"predecessor-version":[{"id":42087,"href":"https:\/\/nbrhc.on.ca\/fr\/wp-json\/wp\/v2\/pages\/10849\/revisions\/42087"}],"wp:attachment":[{"href":"https:\/\/nbrhc.on.ca\/fr\/wp-json\/wp\/v2\/media?parent=10849"}],"wp:term":[{"taxonomy":"post_tag","embeddable":true,"href":"https:\/\/nbrhc.on.ca\/fr\/wp-json\/wp\/v2\/tags?post=10849"}],"curies":[{"name":"wp","href":"https:\/\/api.w.org\/{rel}","templated":true}]}}