{"id":11382,"date":"2015-12-30T15:36:15","date_gmt":"2015-12-30T20:36:15","guid":{"rendered":"http:\/\/www.nbrhc.on.ca\/fr\/?page_id=11382"},"modified":"2026-03-20T08:28:48","modified_gmt":"2026-03-20T12:28:48","slug":"accessibilite","status":"publish","type":"page","link":"https:\/\/nbrhc.on.ca\/fr\/patients-et-visiteurs\/les-visites-a-lhopital\/accessibilite\/","title":{"rendered":"Accessibilit\u00e9"},"content":{"rendered":"<p>Au Centre r\u00e9gional de sant\u00e9 de North Bay (CRSNB), nous nous faisons un devoir d\u2019am\u00e9liorer l\u2019acc\u00e8s et l\u2019accessibilit\u00e9 au sein de nos installations ainsi que d\u2019assurer la conformit\u00e9 \u00e0 la <em>Loi de 2005 sur l\u2019accessibilit\u00e9 pour les personnes handicap\u00e9es de l\u2019Ontario <\/em>(<em>LAPHO<\/em>)<em>. <\/em>Nous nous sommes \u00e9galement engag\u00e9s \u00e0 reconna\u00eetre et \u00e0 \u00e9liminer les obstacles auxquels les gens font face tous les jours.<\/p>\n<p>Cliquez sur les liens suivants pour obtenir de plus amples renseignements :<\/p>\n<ol>\n<li><a href=\"\/wp-content\/uploads\/2025\/03\/MultiYear-Accessibility-Plan-2024-2029docx-1.pdf\" target=\"_blank\" rel=\"noopener\">Le Plan d\u2019accessibilit\u00e9 pluriannuel du Centre r\u00e9gional de sant\u00e9 de North Bay<\/a>\u00a0(en anglais seulement)<\/li>\n<li><a href=\"\/wp-content\/uploads\/2025\/03\/ADM-047Accessibility.pdf\" target=\"_blank\" rel=\"noopener noreferrer\">La politique du CRSBN sur l\u2019accessibilit\u00e9<\/a><span>(en anglais seulement)<\/span><\/li>\n<li>Documents concernant la conformit\u00e9 \u00e0 la <em>LAPHO <\/em>:\n<ul>\n<li><a href=\"\/wp-content\/uploads\/2015\/11\/Temporary-Disruption-in-Service.pdf\" target=\"_blank\" rel=\"noopener noreferrer\">Avis de perturbation temporaire<\/a>\u00a0(en anglais seulement)<\/li>\n<li><a href=\"\/wp-content\/uploads\/2015\/12\/Accessibility-Feedback-Form.pdf\" target=\"_blank\" rel=\"noopener noreferrer\">R\u00e9troaction sur l\u2019accessibilit\u00e9<\/a>\u00a0(en anglais seulement)<\/li>\n<li><a href=\"https:\/\/nbrhc.on.ca\/wp-content\/uploads\/2026\/03\/2025-AODA-Compliance-Report.pdf\" target=\"_blank\" rel=\"noopener\">Rapport d&rsquo;\u00e9tape de la conformit\u00e9 du CRSNB 2025<\/a> (en anglais seulement)<\/li>\n<li>Dossiers de formation de service \u00e0 la client\u00e8le accessible sont disponibles sur demande<\/li>\n<\/ul>\n<\/li>\n<\/ol>\n<p>Si vous avez besoin de ces renseignements dans un autre format, envoyez un courriel \u00e0 <a href=\"mailto:Kristen.best@nbrhc.on.ca\">Kristen.best@nbrhc.on.ca<\/a> ou t\u00e9l\u00e9phonez au 705 474-8600, poste 2774.<\/p>\n<hr \/>\n<h2>Nous vous invitons \u00e0 nous faire des commentaires qui pourront nous aider \u00e0 surveiller et \u00e0 am\u00e9liorer nos services ainsi que votre exp\u00e9rience.<\/h2>\n<p>Vos commentaires sont importants pour nous. Vos commentaires seront examin\u00e9s et une r\u00e9ponse sera fournis pour vous dans les prochaines 72 heures.<\/p>\n\n<div class=\"wpcf7 no-js\" id=\"wpcf7-f11381-o1\" lang=\"en-US\" dir=\"ltr\" data-wpcf7-id=\"11381\">\n<div class=\"screen-reader-response\"><p role=\"status\" aria-live=\"polite\" aria-atomic=\"true\"><\/p> <ul><\/ul><\/div>\n<form action=\"\/fr\/wp-json\/wp\/v2\/pages\/11382#wpcf7-f11381-o1\" method=\"post\" class=\"wpcf7-form init\" aria-label=\"Contact form\" novalidate=\"novalidate\" data-status=\"init\">\n<fieldset class=\"hidden-fields-container\"><input type=\"hidden\" name=\"_wpcf7\" value=\"11381\" \/><input type=\"hidden\" name=\"_wpcf7_version\" value=\"6.1.5\" \/><input type=\"hidden\" name=\"_wpcf7_locale\" value=\"en_US\" \/><input type=\"hidden\" name=\"_wpcf7_unit_tag\" value=\"wpcf7-f11381-o1\" \/><input type=\"hidden\" name=\"_wpcf7_container_post\" value=\"0\" \/><input type=\"hidden\" name=\"_wpcf7_posted_data_hash\" value=\"\" \/><input type=\"hidden\" name=\"_wpcf7_recaptcha_response\" value=\"\" \/>\n<\/fieldset>\n<p><label for=\"date-visit\">Date de votre visite :<\/label><span class=\"wpcf7-form-control-wrap\" data-name=\"date-date-visit\"><input class=\"wpcf7-form-control wpcf7-date wpcf7-validates-as-required wpcf7-validates-as-date\" id=\"date-visit\" aria-required=\"true\" aria-invalid=\"false\" value=\"\" type=\"date\" name=\"date-date-visit\" \/><\/span><br \/>\n<label for=\"text-heure\">Heure de votre visite :<\/label><span class=\"wpcf7-form-control-wrap\" data-name=\"text-heure\"><input size=\"40\" maxlength=\"400\" class=\"wpcf7-form-control wpcf7-text wpcf7-validates-as-required\" id=\"text-heure\" aria-required=\"true\" aria-invalid=\"false\" value=\"\" type=\"text\" name=\"text-heure\" \/><\/span><br \/>\n<label for=\"menu-but-visit\">Quel \u00e9tait le but de votre visite?<\/label><span class=\"wpcf7-form-control-wrap\" data-name=\"menu-but-visit\"><select class=\"wpcf7-form-control wpcf7-select wpcf7-validates-as-required\" id=\"menu-but-visit\" aria-required=\"true\" aria-invalid=\"false\" name=\"menu-but-visit\"><option value=\"\">&#8212;Please choose an option&#8212;<\/option><option value=\"Patient\">Patient<\/option><option value=\"Visiteur\">Visiteur<\/option><option value=\"Fournisseur\">Fournisseur<\/option><option value=\"Autre\">Autre<\/option><\/select><\/span><br \/>\n<label for=\"service-access\">\u00c0 quel service avez-vous eu acc\u00e8s?<\/label><span class=\"wpcf7-form-control-wrap\" data-name=\"text-service-acces\"><input size=\"40\" maxlength=\"400\" class=\"wpcf7-form-control wpcf7-text wpcf7-validates-as-required\" id=\"service-access\" aria-required=\"true\" aria-invalid=\"false\" value=\"\" type=\"text\" name=\"text-service-acces\" \/><\/span><br \/>\n<label for=\"service-accessible\">Est-ce que les services vous ont \u00e9t\u00e9 fournis d\u2019une mani\u00e8re accessible?<\/label><span class=\"wpcf7-form-control-wrap\" data-name=\"service-accessible\"><select class=\"wpcf7-form-control wpcf7-select wpcf7-validates-as-required\" id=\"service-accessible\" aria-required=\"true\" aria-invalid=\"false\" name=\"service-accessible\"><option value=\"\">&#8212;Please choose an option&#8212;<\/option><option value=\"Oui\">Oui<\/option><option value=\"Non\">Non<\/option><\/select><\/span><br \/>\n<label for=\"textarea-details\">Veuillez fournir des d\u00e9tails concernant votre exp\u00e9rience en mati\u00e8re de services \u00e0 la client\u00e8le.<\/label><span class=\"wpcf7-form-control-wrap\" data-name=\"textarea-details\"><textarea cols=\"40\" rows=\"10\" maxlength=\"2000\" class=\"wpcf7-form-control wpcf7-textarea\" id=\"textarea-details\" aria-invalid=\"false\" placeholder=\"R\u00e9pondez dans cette bo\u00eete.\" name=\"textarea-details\"><\/textarea><\/span><br \/>\n<label for=\"difficulties\">Avez-vous fait face \u00e0 des obstacles ou \u00e0 des difficult\u00e9s qui vous ont emp\u00each\u00e9 d\u2019avoir acc\u00e8s aux services?<\/label><span class=\"wpcf7-form-control-wrap\" data-name=\"menu-difficulties\"><select class=\"wpcf7-form-control wpcf7-select\" id=\"difficulties\" aria-invalid=\"false\" name=\"menu-difficulties\"><option value=\"\">&#8212;Please choose an option&#8212;<\/option><option value=\"Oui\">Oui<\/option><option value=\"Non\">Non<\/option><\/select><\/span><br \/>\n<label for=\"nous-repondu\">Avons-nous r\u00e9pondu \u00e0 vos besoins en mati\u00e8re de services?<\/label><span class=\"wpcf7-form-control-wrap\" data-name=\"menu-nous-repondu\"><select class=\"wpcf7-form-control wpcf7-select\" id=\"nous-repondu\" aria-invalid=\"false\" name=\"menu-nous-repondu\"><option value=\"\">&#8212;Please choose an option&#8212;<\/option><option value=\"Oui\">Oui<\/option><option value=\"Non\">Non<\/option><\/select><\/span><br \/>\n<label for=\"communiquer\">Voulez-vous que nous communiquions avec vous concernant votre exp\u00e9rience en mati\u00e8re de services \u00e0 la client\u00e8le?<\/label><span class=\"wpcf7-form-control-wrap\" data-name=\"menu-communiquer\"><select class=\"wpcf7-form-control wpcf7-select wpcf7-validates-as-required\" id=\"communiquer\" aria-required=\"true\" aria-invalid=\"false\" name=\"menu-communiquer\"><option value=\"\">&#8212;Please choose an option&#8212;<\/option><option value=\"Oui\">Oui<\/option><option value=\"Non\">Non<\/option><\/select><\/span><br \/>\n<label for=\"text-nom\">Nom :<\/label><span class=\"wpcf7-form-control-wrap\" data-name=\"text-nom\"><input size=\"40\" maxlength=\"400\" class=\"wpcf7-form-control wpcf7-text wpcf7-validates-as-required\" id=\"text-nom\" aria-required=\"true\" aria-invalid=\"false\" value=\"\" type=\"text\" name=\"text-nom\" \/><\/span><br \/>\n<label for=\"text-address\">Adresse :<\/label><span class=\"wpcf7-form-control-wrap\" data-name=\"text-adresse\"><input size=\"40\" maxlength=\"400\" class=\"wpcf7-form-control wpcf7-text wpcf7-validates-as-required\" id=\"text-address\" aria-required=\"true\" aria-invalid=\"false\" value=\"\" type=\"text\" name=\"text-adresse\" \/><\/span><br \/>\n<label for=\"text-ville\">Ville :<\/label><span class=\"wpcf7-form-control-wrap\" data-name=\"text-ville\"><input size=\"40\" maxlength=\"400\" class=\"wpcf7-form-control wpcf7-text wpcf7-validates-as-required\" id=\"text-ville\" aria-required=\"true\" aria-invalid=\"false\" value=\"\" type=\"text\" name=\"text-ville\" \/><\/span><br \/>\n<label for=\"tel-tele\">Num\u00e9ro de t\u00e9l\u00e9phone (jour) :<\/label><span class=\"wpcf7-form-control-wrap\" data-name=\"tel-tele\"><input size=\"40\" maxlength=\"400\" class=\"wpcf7-form-control wpcf7-tel wpcf7-validates-as-required wpcf7-text wpcf7-validates-as-tel\" id=\"tel-tele\" aria-required=\"true\" aria-invalid=\"false\" value=\"\" type=\"tel\" name=\"tel-tele\" \/><\/span><br \/>\n<label for=\"email-courriel\">Adresse de courriel :<\/label><span class=\"wpcf7-form-control-wrap\" data-name=\"email-courriel\"><input size=\"40\" maxlength=\"400\" class=\"wpcf7-form-control wpcf7-email wpcf7-validates-as-required wpcf7-text wpcf7-validates-as-email\" id=\"email-courriel\" aria-required=\"true\" aria-invalid=\"false\" value=\"\" type=\"email\" name=\"email-courriel\" \/><\/span><br \/>\n<label for=\"text-communiquer\">Comment voulez-vous que nous communiquions avec vous?<\/label><span class=\"wpcf7-form-control-wrap\" data-name=\"text-communiquer\"><input size=\"40\" maxlength=\"400\" class=\"wpcf7-form-control wpcf7-text wpcf7-validates-as-required\" id=\"text-communiquer\" aria-required=\"true\" aria-invalid=\"false\" value=\"\" type=\"text\" name=\"text-communiquer\" \/><\/span>\n<\/p>\n<div class=\"span4\">\n\t<p><input class=\"wpcf7-form-control wpcf7-submit has-spinner btn-send\" type=\"submit\" value=\"Envoyer\" \/>\n\t<\/p>\n<\/div><p style=\"display: none !important;\" class=\"akismet-fields-container\" data-prefix=\"_wpcf7_ak_\"><label>&#916;<textarea name=\"_wpcf7_ak_hp_textarea\" cols=\"45\" rows=\"8\" maxlength=\"100\"><\/textarea><\/label><input type=\"hidden\" id=\"ak_js_1\" name=\"_wpcf7_ak_js\" value=\"224\"\/><script>document.getElementById( \"ak_js_1\" ).setAttribute( \"value\", ( new Date() ).getTime() );<\/script><\/p><div class=\"wpcf7-response-output\" aria-hidden=\"true\"><\/div>\n<\/form>\n<\/div>\n\n","protected":false},"excerpt":{"rendered":"<p>Au Centre r\u00e9gional de sant\u00e9 de North Bay (CRSNB), nous nous faisons un devoir d\u2019am\u00e9liorer l\u2019acc\u00e8s et l\u2019accessibilit\u00e9 au sein de nos installations ainsi que d\u2019assurer la conformit\u00e9 \u00e0 la [&hellip;]<\/p>\n","protected":false},"author":17,"featured_media":0,"parent":4560,"menu_order":0,"comment_status":"closed","ping_status":"closed","template":"","meta":{"_acf_changed":false,"_monsterinsights_skip_tracking":false,"_monsterinsights_sitenote_active":false,"_monsterinsights_sitenote_note":"","_monsterinsights_sitenote_category":0,"footnotes":"","_links_to":"","_links_to_target":"","_wp_rev_ctl_limit":""},"class_list":["post-11382","page","type-page","status-publish","hentry"],"acf":[],"yoast_head":"<!-- This site is optimized with the Yoast SEO plugin v27.4 - https:\/\/yoast.com\/product\/yoast-seo-wordpress\/ -->\n<title>Accessibilit\u00e9 - NBRHC<\/title>\n<meta name=\"description\" content=\"Le CRSNB s&#039;engage \u00e0 am\u00e9liorer l&#039;acc\u00e8s et l&#039;accessibilit\u00e9 dans nos installations ainsi qu&#039;\u00e0 reconna\u00eetre et \u00e0 \u00e9liminer les obstacles\" \/>\n<meta name=\"robots\" content=\"index, follow, max-snippet:-1, max-image-preview:large, max-video-preview:-1\" \/>\n<link rel=\"canonical\" href=\"https:\/\/nbrhc.on.ca\/fr\/patients-et-visiteurs\/les-visites-a-lhopital\/accessibilite\/\" \/>\n<meta property=\"og:locale\" content=\"fr_FR\" \/>\n<meta property=\"og:type\" content=\"article\" \/>\n<meta property=\"og:title\" content=\"Accessibilit\u00e9 - NBRHC\" \/>\n<meta property=\"og:description\" content=\"Le CRSNB s&#039;engage \u00e0 am\u00e9liorer l&#039;acc\u00e8s et l&#039;accessibilit\u00e9 dans nos installations ainsi qu&#039;\u00e0 reconna\u00eetre et \u00e0 \u00e9liminer les obstacles\" \/>\n<meta property=\"og:url\" content=\"https:\/\/nbrhc.on.ca\/fr\/patients-et-visiteurs\/les-visites-a-lhopital\/accessibilite\/\" \/>\n<meta property=\"og:site_name\" content=\"NBRHC\" \/>\n<meta property=\"article:publisher\" content=\"https:\/\/www.facebook.com\/nbrhc\" \/>\n<meta property=\"article:modified_time\" content=\"2026-03-20T12:28:48+00:00\" \/>\n<meta property=\"og:image\" content=\"https:\/\/nbrhc.on.ca\/wp-content\/uploads\/2015\/07\/icon_col.jpeg\" \/>\n\t<meta property=\"og:image:width\" content=\"619\" \/>\n\t<meta property=\"og:image:height\" content=\"619\" \/>\n\t<meta property=\"og:image:type\" content=\"image\/jpeg\" \/>\n<meta name=\"twitter:label1\" content=\"Dur\u00e9e de lecture estim\u00e9e\" \/>\n\t<meta name=\"twitter:data1\" content=\"1 minute\" \/>\n<script type=\"application\/ld+json\" class=\"yoast-schema-graph\">{\"@context\":\"https:\\\/\\\/schema.org\",\"@graph\":[{\"@type\":\"WebPage\",\"@id\":\"https:\\\/\\\/nbrhc.on.ca\\\/fr\\\/patients-et-visiteurs\\\/les-visites-a-lhopital\\\/accessibilite\\\/\",\"url\":\"https:\\\/\\\/nbrhc.on.ca\\\/fr\\\/patients-et-visiteurs\\\/les-visites-a-lhopital\\\/accessibilite\\\/\",\"name\":\"Accessibilit\u00e9 - NBRHC\",\"isPartOf\":{\"@id\":\"https:\\\/\\\/nbrhc.on.ca\\\/#website\"},\"datePublished\":\"2015-12-30T20:36:15+00:00\",\"dateModified\":\"2026-03-20T12:28:48+00:00\",\"description\":\"Le CRSNB s'engage \u00e0 am\u00e9liorer l'acc\u00e8s et l'accessibilit\u00e9 dans nos installations ainsi qu'\u00e0 reconna\u00eetre et \u00e0 \u00e9liminer les obstacles\",\"breadcrumb\":{\"@id\":\"https:\\\/\\\/nbrhc.on.ca\\\/fr\\\/patients-et-visiteurs\\\/les-visites-a-lhopital\\\/accessibilite\\\/#breadcrumb\"},\"inLanguage\":\"fr-FR\",\"potentialAction\":[{\"@type\":\"ReadAction\",\"target\":[\"https:\\\/\\\/nbrhc.on.ca\\\/fr\\\/patients-et-visiteurs\\\/les-visites-a-lhopital\\\/accessibilite\\\/\"]}]},{\"@type\":\"BreadcrumbList\",\"@id\":\"https:\\\/\\\/nbrhc.on.ca\\\/fr\\\/patients-et-visiteurs\\\/les-visites-a-lhopital\\\/accessibilite\\\/#breadcrumb\",\"itemListElement\":[{\"@type\":\"ListItem\",\"position\":1,\"name\":\"Home\",\"item\":\"https:\\\/\\\/nbrhc.on.ca\\\/fr\\\/\"},{\"@type\":\"ListItem\",\"position\":2,\"name\":\"Patients et visiteurs\",\"item\":\"https:\\\/\\\/nbrhc.on.ca\\\/fr\\\/patients-et-visiteurs\\\/\"},{\"@type\":\"ListItem\",\"position\":3,\"name\":\"Les visites \u00e0 l\u2019h\u00f4pital\",\"item\":\"https:\\\/\\\/nbrhc.on.ca\\\/fr\\\/patients-et-visiteurs\\\/les-visites-a-lhopital\\\/\"},{\"@type\":\"ListItem\",\"position\":4,\"name\":\"Accessibilit\u00e9\"}]},{\"@type\":\"WebSite\",\"@id\":\"https:\\\/\\\/nbrhc.on.ca\\\/#website\",\"url\":\"https:\\\/\\\/nbrhc.on.ca\\\/\",\"name\":\"NBRHC\",\"description\":\"North Bay Regional Health Centre\",\"publisher\":{\"@id\":\"https:\\\/\\\/nbrhc.on.ca\\\/#organization\"},\"potentialAction\":[{\"@type\":\"SearchAction\",\"target\":{\"@type\":\"EntryPoint\",\"urlTemplate\":\"https:\\\/\\\/nbrhc.on.ca\\\/?s={search_term_string}\"},\"query-input\":{\"@type\":\"PropertyValueSpecification\",\"valueRequired\":true,\"valueName\":\"search_term_string\"}}],\"inLanguage\":\"fr-FR\"},{\"@type\":\"Organization\",\"@id\":\"https:\\\/\\\/nbrhc.on.ca\\\/#organization\",\"name\":\"North Bay Regional Health Centre\",\"url\":\"https:\\\/\\\/nbrhc.on.ca\\\/\",\"logo\":{\"@type\":\"ImageObject\",\"inLanguage\":\"fr-FR\",\"@id\":\"https:\\\/\\\/nbrhc.on.ca\\\/#\\\/schema\\\/logo\\\/image\\\/\",\"url\":\"https:\\\/\\\/nbrhc.on.ca\\\/wp-content\\\/uploads\\\/2015\\\/07\\\/logo.jpg\",\"contentUrl\":\"https:\\\/\\\/nbrhc.on.ca\\\/wp-content\\\/uploads\\\/2015\\\/07\\\/logo.jpg\",\"width\":870,\"height\":128,\"caption\":\"North Bay Regional Health Centre\"},\"image\":{\"@id\":\"https:\\\/\\\/nbrhc.on.ca\\\/#\\\/schema\\\/logo\\\/image\\\/\"},\"sameAs\":[\"https:\\\/\\\/www.facebook.com\\\/nbrhc\",\"https:\\\/\\\/x.com\\\/NBRHC\",\"https:\\\/\\\/www.linkedin.com\\\/company\\\/north-bay-regional-health-centre-nbrhc\",\"https:\\\/\\\/www.pinterest.com\\\/nbrhc\",\"https:\\\/\\\/www.youtube.com\\\/TheNBRHC\"]}]}<\/script>\n<!-- \/ Yoast SEO plugin. -->","yoast_head_json":{"title":"Accessibilit\u00e9 - NBRHC","description":"Le CRSNB s'engage \u00e0 am\u00e9liorer l'acc\u00e8s et l'accessibilit\u00e9 dans nos installations ainsi qu'\u00e0 reconna\u00eetre et \u00e0 \u00e9liminer les obstacles","robots":{"index":"index","follow":"follow","max-snippet":"max-snippet:-1","max-image-preview":"max-image-preview:large","max-video-preview":"max-video-preview:-1"},"canonical":"https:\/\/nbrhc.on.ca\/fr\/patients-et-visiteurs\/les-visites-a-lhopital\/accessibilite\/","og_locale":"fr_FR","og_type":"article","og_title":"Accessibilit\u00e9 - NBRHC","og_description":"Le CRSNB s'engage \u00e0 am\u00e9liorer l'acc\u00e8s et l'accessibilit\u00e9 dans nos installations ainsi qu'\u00e0 reconna\u00eetre et \u00e0 \u00e9liminer les obstacles","og_url":"https:\/\/nbrhc.on.ca\/fr\/patients-et-visiteurs\/les-visites-a-lhopital\/accessibilite\/","og_site_name":"NBRHC","article_publisher":"https:\/\/www.facebook.com\/nbrhc","article_modified_time":"2026-03-20T12:28:48+00:00","og_image":[{"width":619,"height":619,"url":"https:\/\/nbrhc.on.ca\/wp-content\/uploads\/2015\/07\/icon_col.jpeg","type":"image\/jpeg"}],"twitter_misc":{"Dur\u00e9e de lecture estim\u00e9e":"1 minute"},"schema":{"@context":"https:\/\/schema.org","@graph":[{"@type":"WebPage","@id":"https:\/\/nbrhc.on.ca\/fr\/patients-et-visiteurs\/les-visites-a-lhopital\/accessibilite\/","url":"https:\/\/nbrhc.on.ca\/fr\/patients-et-visiteurs\/les-visites-a-lhopital\/accessibilite\/","name":"Accessibilit\u00e9 - NBRHC","isPartOf":{"@id":"https:\/\/nbrhc.on.ca\/#website"},"datePublished":"2015-12-30T20:36:15+00:00","dateModified":"2026-03-20T12:28:48+00:00","description":"Le CRSNB s'engage \u00e0 am\u00e9liorer l'acc\u00e8s et l'accessibilit\u00e9 dans nos installations ainsi qu'\u00e0 reconna\u00eetre et \u00e0 \u00e9liminer les obstacles","breadcrumb":{"@id":"https:\/\/nbrhc.on.ca\/fr\/patients-et-visiteurs\/les-visites-a-lhopital\/accessibilite\/#breadcrumb"},"inLanguage":"fr-FR","potentialAction":[{"@type":"ReadAction","target":["https:\/\/nbrhc.on.ca\/fr\/patients-et-visiteurs\/les-visites-a-lhopital\/accessibilite\/"]}]},{"@type":"BreadcrumbList","@id":"https:\/\/nbrhc.on.ca\/fr\/patients-et-visiteurs\/les-visites-a-lhopital\/accessibilite\/#breadcrumb","itemListElement":[{"@type":"ListItem","position":1,"name":"Home","item":"https:\/\/nbrhc.on.ca\/fr\/"},{"@type":"ListItem","position":2,"name":"Patients et visiteurs","item":"https:\/\/nbrhc.on.ca\/fr\/patients-et-visiteurs\/"},{"@type":"ListItem","position":3,"name":"Les visites \u00e0 l\u2019h\u00f4pital","item":"https:\/\/nbrhc.on.ca\/fr\/patients-et-visiteurs\/les-visites-a-lhopital\/"},{"@type":"ListItem","position":4,"name":"Accessibilit\u00e9"}]},{"@type":"WebSite","@id":"https:\/\/nbrhc.on.ca\/#website","url":"https:\/\/nbrhc.on.ca\/","name":"NBRHC","description":"North Bay Regional Health Centre","publisher":{"@id":"https:\/\/nbrhc.on.ca\/#organization"},"potentialAction":[{"@type":"SearchAction","target":{"@type":"EntryPoint","urlTemplate":"https:\/\/nbrhc.on.ca\/?s={search_term_string}"},"query-input":{"@type":"PropertyValueSpecification","valueRequired":true,"valueName":"search_term_string"}}],"inLanguage":"fr-FR"},{"@type":"Organization","@id":"https:\/\/nbrhc.on.ca\/#organization","name":"North Bay Regional Health Centre","url":"https:\/\/nbrhc.on.ca\/","logo":{"@type":"ImageObject","inLanguage":"fr-FR","@id":"https:\/\/nbrhc.on.ca\/#\/schema\/logo\/image\/","url":"https:\/\/nbrhc.on.ca\/wp-content\/uploads\/2015\/07\/logo.jpg","contentUrl":"https:\/\/nbrhc.on.ca\/wp-content\/uploads\/2015\/07\/logo.jpg","width":870,"height":128,"caption":"North Bay Regional Health Centre"},"image":{"@id":"https:\/\/nbrhc.on.ca\/#\/schema\/logo\/image\/"},"sameAs":["https:\/\/www.facebook.com\/nbrhc","https:\/\/x.com\/NBRHC","https:\/\/www.linkedin.com\/company\/north-bay-regional-health-centre-nbrhc","https:\/\/www.pinterest.com\/nbrhc","https:\/\/www.youtube.com\/TheNBRHC"]}]}},"_links":{"self":[{"href":"https:\/\/nbrhc.on.ca\/fr\/wp-json\/wp\/v2\/pages\/11382","targetHints":{"allow":["GET"]}}],"collection":[{"href":"https:\/\/nbrhc.on.ca\/fr\/wp-json\/wp\/v2\/pages"}],"about":[{"href":"https:\/\/nbrhc.on.ca\/fr\/wp-json\/wp\/v2\/types\/page"}],"author":[{"embeddable":true,"href":"https:\/\/nbrhc.on.ca\/fr\/wp-json\/wp\/v2\/users\/17"}],"replies":[{"embeddable":true,"href":"https:\/\/nbrhc.on.ca\/fr\/wp-json\/wp\/v2\/comments?post=11382"}],"version-history":[{"count":6,"href":"https:\/\/nbrhc.on.ca\/fr\/wp-json\/wp\/v2\/pages\/11382\/revisions"}],"predecessor-version":[{"id":47192,"href":"https:\/\/nbrhc.on.ca\/fr\/wp-json\/wp\/v2\/pages\/11382\/revisions\/47192"}],"up":[{"embeddable":true,"href":"https:\/\/nbrhc.on.ca\/fr\/wp-json\/wp\/v2\/pages\/4560"}],"wp:attachment":[{"href":"https:\/\/nbrhc.on.ca\/fr\/wp-json\/wp\/v2\/media?parent=11382"}],"curies":[{"name":"wp","href":"https:\/\/api.w.org\/{rel}","templated":true}]}}