{"id":12057,"date":"2016-03-23T08:27:12","date_gmt":"2016-03-23T12:27:12","guid":{"rendered":"http:\/\/www.nbrhc.on.ca\/fr\/?page_id=12057"},"modified":"2026-02-23T14:40:02","modified_gmt":"2026-02-23T19:40:02","slug":"services-de-laboratoire","status":"publish","type":"page","link":"https:\/\/nbrhc.on.ca\/fr\/programme-et-services\/services-dimagerie-diagnostique\/services-de-laboratoire\/","title":{"rendered":"Services de laboratoire"},"content":{"rendered":"<p>Les Services de laboratoire du Centre r\u00e9gional de sant\u00e9 de North Bay offrent des services de qualit\u00e9 aux patients hospitalis\u00e9s et aux patients externes.<\/p>\n<p>Les Services de laboratoire regroupent le laboratoire central (h\u00e9matologie, biochimie, m\u00e9decine transfusionnelle), les services de microbiologie, d\u2019histopathologie et de cytologie ainsi que la collecte et l\u2019exp\u00e9dition d&rsquo;\u00e9chantillons (r\u00e9ception centrale et services de phl\u00e9botomie).<\/p>\n<p><strong><u>Pr\u00e9l\u00e8vements de sang \u2013 patients externes\u00a0<\/u><\/strong>: Les patients externes sont appel\u00e9s par num\u00e9ro bien qu\u2019on puisse accorder la priorit\u00e9 \u00e0 certains patients en raison des exigences des cliniques sp\u00e9cialis\u00e9es.<\/p>\n<p><strong><u>D\u00e9p\u00f4t des \u00e9chantillons\u00a0<\/u>:<\/strong> Les patients qui d\u00e9posent des \u00e9chantillons doivent s\u2019inscrire pendant les heures d\u00e9sign\u00e9es (du lundi au vendredi, entre 8\u00a0h et 14 h 30). Les \u00e9chantillons doivent porter le pr\u00e9nom et le nom du patient, sa date de naissance ainsi que la date et l\u2019heure du pr\u00e9l\u00e8vement. Ne d\u00e9posez jamais d\u2019\u00e9chantillons \u00e0 d\u2019autres endroits dans l\u2019h\u00f4pital (p. ex. au Service des urgences).<\/p>\n<p><strong>Renseignements suppl\u00e9mentaires:<\/strong> Certaines analyses ne sont pas couvertes par l\u2019Assurance-sant\u00e9 de l\u2019Ontario, mais pourraient \u00eatre couvertes par une assurance priv\u00e9e. Elles seront donc factur\u00e9es directement aux patients. Les analyses peuvent \u00eatre effectu\u00e9es sur place ou par un laboratoire sp\u00e9cialis\u00e9. Les \u00e9chantillons envoy\u00e9s \u00e0 un laboratoire sp\u00e9cialis\u00e9 doivent \u00eatre accompagn\u00e9s d\u2019une demande de laboratoire.<\/p>\n","protected":false},"excerpt":{"rendered":"<p>Les Services de laboratoire du Centre r\u00e9gional de sant\u00e9 de North Bay offrent des services de qualit\u00e9 aux patients hospitalis\u00e9s et aux patients externes. Les Services de laboratoire regroupent le [&hellip;]<\/p>\n","protected":false},"author":17,"featured_media":0,"parent":1629,"menu_order":0,"comment_status":"open","ping_status":"open","template":"","meta":{"_acf_changed":false,"_monsterinsights_skip_tracking":false,"_monsterinsights_sitenote_active":false,"_monsterinsights_sitenote_note":"","_monsterinsights_sitenote_category":0,"footnotes":"","_links_to":"","_links_to_target":"","_wp_rev_ctl_limit":""},"tags":[],"class_list":["post-12057","page","type-page","status-publish","hentry"],"acf":[],"yoast_head":"<!-- This site is optimized with the Yoast SEO plugin v27.4 - https:\/\/yoast.com\/product\/yoast-seo-wordpress\/ -->\n<title>Services de laboratoire - NBRHC<\/title>\n<meta name=\"description\" content=\"H\u00e9matologie, biochimie, m\u00e9decine transfusionnelle, services de microbiologie, d\u2019histopathologie et de cytologie ainsi que la collecte et l\u2019exp\u00e9dition d&#039;\u00e9chantillons.\" \/>\n<meta name=\"robots\" content=\"index, follow, max-snippet:-1, max-image-preview:large, max-video-preview:-1\" \/>\n<link rel=\"canonical\" href=\"https:\/\/nbrhc.on.ca\/fr\/programme-et-services\/services-dimagerie-diagnostique\/services-de-laboratoire\/\" \/>\n<meta property=\"og:locale\" content=\"fr_FR\" \/>\n<meta property=\"og:type\" content=\"article\" \/>\n<meta property=\"og:title\" content=\"Services de laboratoire - NBRHC\" \/>\n<meta property=\"og:description\" content=\"H\u00e9matologie, biochimie, m\u00e9decine transfusionnelle, services de microbiologie, d\u2019histopathologie et de cytologie ainsi que la collecte et l\u2019exp\u00e9dition d&#039;\u00e9chantillons.\" \/>\n<meta property=\"og:url\" content=\"https:\/\/nbrhc.on.ca\/fr\/programme-et-services\/services-dimagerie-diagnostique\/services-de-laboratoire\/\" \/>\n<meta property=\"og:site_name\" content=\"NBRHC\" \/>\n<meta property=\"article:publisher\" content=\"https:\/\/www.facebook.com\/nbrhc\" \/>\n<meta property=\"article:modified_time\" content=\"2026-02-23T19:40:02+00:00\" \/>\n<meta property=\"og:image\" content=\"https:\/\/nbrhc.on.ca\/wp-content\/uploads\/2015\/07\/icon_col.jpeg\" \/>\n\t<meta property=\"og:image:width\" content=\"619\" \/>\n\t<meta property=\"og:image:height\" content=\"619\" \/>\n\t<meta property=\"og:image:type\" content=\"image\/jpeg\" \/>\n<meta name=\"twitter:label1\" content=\"Dur\u00e9e de lecture estim\u00e9e\" \/>\n\t<meta name=\"twitter:data1\" content=\"1 minute\" \/>\n<script type=\"application\/ld+json\" class=\"yoast-schema-graph\">{\"@context\":\"https:\\\/\\\/schema.org\",\"@graph\":[{\"@type\":\"WebPage\",\"@id\":\"https:\\\/\\\/nbrhc.on.ca\\\/fr\\\/programme-et-services\\\/services-dimagerie-diagnostique\\\/services-de-laboratoire\\\/\",\"url\":\"https:\\\/\\\/nbrhc.on.ca\\\/fr\\\/programme-et-services\\\/services-dimagerie-diagnostique\\\/services-de-laboratoire\\\/\",\"name\":\"Services de laboratoire - NBRHC\",\"isPartOf\":{\"@id\":\"https:\\\/\\\/nbrhc.on.ca\\\/#website\"},\"datePublished\":\"2016-03-23T12:27:12+00:00\",\"dateModified\":\"2026-02-23T19:40:02+00:00\",\"description\":\"H\u00e9matologie, biochimie, m\u00e9decine transfusionnelle, services de microbiologie, d\u2019histopathologie et de cytologie ainsi que la collecte et l\u2019exp\u00e9dition d'\u00e9chantillons.\",\"breadcrumb\":{\"@id\":\"https:\\\/\\\/nbrhc.on.ca\\\/fr\\\/programme-et-services\\\/services-dimagerie-diagnostique\\\/services-de-laboratoire\\\/#breadcrumb\"},\"inLanguage\":\"fr-FR\",\"potentialAction\":[{\"@type\":\"ReadAction\",\"target\":[\"https:\\\/\\\/nbrhc.on.ca\\\/fr\\\/programme-et-services\\\/services-dimagerie-diagnostique\\\/services-de-laboratoire\\\/\"]}]},{\"@type\":\"BreadcrumbList\",\"@id\":\"https:\\\/\\\/nbrhc.on.ca\\\/fr\\\/programme-et-services\\\/services-dimagerie-diagnostique\\\/services-de-laboratoire\\\/#breadcrumb\",\"itemListElement\":[{\"@type\":\"ListItem\",\"position\":1,\"name\":\"Home\",\"item\":\"https:\\\/\\\/nbrhc.on.ca\\\/fr\\\/\"},{\"@type\":\"ListItem\",\"position\":2,\"name\":\"Programmes et services\",\"item\":\"https:\\\/\\\/nbrhc.on.ca\\\/fr\\\/programme-et-services\\\/\"},{\"@type\":\"ListItem\",\"position\":3,\"name\":\"Services d&#8217;imagerie diagnostique\",\"item\":\"https:\\\/\\\/nbrhc.on.ca\\\/fr\\\/programme-et-services\\\/services-dimagerie-diagnostique\\\/\"},{\"@type\":\"ListItem\",\"position\":4,\"name\":\"Services de laboratoire\"}]},{\"@type\":\"WebSite\",\"@id\":\"https:\\\/\\\/nbrhc.on.ca\\\/#website\",\"url\":\"https:\\\/\\\/nbrhc.on.ca\\\/\",\"name\":\"NBRHC\",\"description\":\"North Bay Regional Health Centre\",\"publisher\":{\"@id\":\"https:\\\/\\\/nbrhc.on.ca\\\/#organization\"},\"potentialAction\":[{\"@type\":\"SearchAction\",\"target\":{\"@type\":\"EntryPoint\",\"urlTemplate\":\"https:\\\/\\\/nbrhc.on.ca\\\/?s={search_term_string}\"},\"query-input\":{\"@type\":\"PropertyValueSpecification\",\"valueRequired\":true,\"valueName\":\"search_term_string\"}}],\"inLanguage\":\"fr-FR\"},{\"@type\":\"Organization\",\"@id\":\"https:\\\/\\\/nbrhc.on.ca\\\/#organization\",\"name\":\"North Bay Regional Health Centre\",\"url\":\"https:\\\/\\\/nbrhc.on.ca\\\/\",\"logo\":{\"@type\":\"ImageObject\",\"inLanguage\":\"fr-FR\",\"@id\":\"https:\\\/\\\/nbrhc.on.ca\\\/#\\\/schema\\\/logo\\\/image\\\/\",\"url\":\"https:\\\/\\\/nbrhc.on.ca\\\/wp-content\\\/uploads\\\/2015\\\/07\\\/logo.jpg\",\"contentUrl\":\"https:\\\/\\\/nbrhc.on.ca\\\/wp-content\\\/uploads\\\/2015\\\/07\\\/logo.jpg\",\"width\":870,\"height\":128,\"caption\":\"North Bay Regional Health Centre\"},\"image\":{\"@id\":\"https:\\\/\\\/nbrhc.on.ca\\\/#\\\/schema\\\/logo\\\/image\\\/\"},\"sameAs\":[\"https:\\\/\\\/www.facebook.com\\\/nbrhc\",\"https:\\\/\\\/x.com\\\/NBRHC\",\"https:\\\/\\\/www.linkedin.com\\\/company\\\/north-bay-regional-health-centre-nbrhc\",\"https:\\\/\\\/www.pinterest.com\\\/nbrhc\",\"https:\\\/\\\/www.youtube.com\\\/TheNBRHC\"]}]}<\/script>\n<!-- \/ Yoast SEO plugin. -->","yoast_head_json":{"title":"Services de laboratoire - NBRHC","description":"H\u00e9matologie, biochimie, m\u00e9decine transfusionnelle, services de microbiologie, d\u2019histopathologie et de cytologie ainsi que la collecte et l\u2019exp\u00e9dition d'\u00e9chantillons.","robots":{"index":"index","follow":"follow","max-snippet":"max-snippet:-1","max-image-preview":"max-image-preview:large","max-video-preview":"max-video-preview:-1"},"canonical":"https:\/\/nbrhc.on.ca\/fr\/programme-et-services\/services-dimagerie-diagnostique\/services-de-laboratoire\/","og_locale":"fr_FR","og_type":"article","og_title":"Services de laboratoire - NBRHC","og_description":"H\u00e9matologie, biochimie, m\u00e9decine transfusionnelle, services de microbiologie, d\u2019histopathologie et de cytologie ainsi que la collecte et l\u2019exp\u00e9dition d'\u00e9chantillons.","og_url":"https:\/\/nbrhc.on.ca\/fr\/programme-et-services\/services-dimagerie-diagnostique\/services-de-laboratoire\/","og_site_name":"NBRHC","article_publisher":"https:\/\/www.facebook.com\/nbrhc","article_modified_time":"2026-02-23T19:40:02+00:00","og_image":[{"width":619,"height":619,"url":"https:\/\/nbrhc.on.ca\/wp-content\/uploads\/2015\/07\/icon_col.jpeg","type":"image\/jpeg"}],"twitter_misc":{"Dur\u00e9e de lecture estim\u00e9e":"1 minute"},"schema":{"@context":"https:\/\/schema.org","@graph":[{"@type":"WebPage","@id":"https:\/\/nbrhc.on.ca\/fr\/programme-et-services\/services-dimagerie-diagnostique\/services-de-laboratoire\/","url":"https:\/\/nbrhc.on.ca\/fr\/programme-et-services\/services-dimagerie-diagnostique\/services-de-laboratoire\/","name":"Services de laboratoire - NBRHC","isPartOf":{"@id":"https:\/\/nbrhc.on.ca\/#website"},"datePublished":"2016-03-23T12:27:12+00:00","dateModified":"2026-02-23T19:40:02+00:00","description":"H\u00e9matologie, biochimie, m\u00e9decine transfusionnelle, services de microbiologie, d\u2019histopathologie et de cytologie ainsi que la collecte et l\u2019exp\u00e9dition d'\u00e9chantillons.","breadcrumb":{"@id":"https:\/\/nbrhc.on.ca\/fr\/programme-et-services\/services-dimagerie-diagnostique\/services-de-laboratoire\/#breadcrumb"},"inLanguage":"fr-FR","potentialAction":[{"@type":"ReadAction","target":["https:\/\/nbrhc.on.ca\/fr\/programme-et-services\/services-dimagerie-diagnostique\/services-de-laboratoire\/"]}]},{"@type":"BreadcrumbList","@id":"https:\/\/nbrhc.on.ca\/fr\/programme-et-services\/services-dimagerie-diagnostique\/services-de-laboratoire\/#breadcrumb","itemListElement":[{"@type":"ListItem","position":1,"name":"Home","item":"https:\/\/nbrhc.on.ca\/fr\/"},{"@type":"ListItem","position":2,"name":"Programmes et services","item":"https:\/\/nbrhc.on.ca\/fr\/programme-et-services\/"},{"@type":"ListItem","position":3,"name":"Services d&#8217;imagerie diagnostique","item":"https:\/\/nbrhc.on.ca\/fr\/programme-et-services\/services-dimagerie-diagnostique\/"},{"@type":"ListItem","position":4,"name":"Services de laboratoire"}]},{"@type":"WebSite","@id":"https:\/\/nbrhc.on.ca\/#website","url":"https:\/\/nbrhc.on.ca\/","name":"NBRHC","description":"North Bay Regional Health Centre","publisher":{"@id":"https:\/\/nbrhc.on.ca\/#organization"},"potentialAction":[{"@type":"SearchAction","target":{"@type":"EntryPoint","urlTemplate":"https:\/\/nbrhc.on.ca\/?s={search_term_string}"},"query-input":{"@type":"PropertyValueSpecification","valueRequired":true,"valueName":"search_term_string"}}],"inLanguage":"fr-FR"},{"@type":"Organization","@id":"https:\/\/nbrhc.on.ca\/#organization","name":"North Bay Regional Health Centre","url":"https:\/\/nbrhc.on.ca\/","logo":{"@type":"ImageObject","inLanguage":"fr-FR","@id":"https:\/\/nbrhc.on.ca\/#\/schema\/logo\/image\/","url":"https:\/\/nbrhc.on.ca\/wp-content\/uploads\/2015\/07\/logo.jpg","contentUrl":"https:\/\/nbrhc.on.ca\/wp-content\/uploads\/2015\/07\/logo.jpg","width":870,"height":128,"caption":"North Bay Regional Health Centre"},"image":{"@id":"https:\/\/nbrhc.on.ca\/#\/schema\/logo\/image\/"},"sameAs":["https:\/\/www.facebook.com\/nbrhc","https:\/\/x.com\/NBRHC","https:\/\/www.linkedin.com\/company\/north-bay-regional-health-centre-nbrhc","https:\/\/www.pinterest.com\/nbrhc","https:\/\/www.youtube.com\/TheNBRHC"]}]}},"_links":{"self":[{"href":"https:\/\/nbrhc.on.ca\/fr\/wp-json\/wp\/v2\/pages\/12057","targetHints":{"allow":["GET"]}}],"collection":[{"href":"https:\/\/nbrhc.on.ca\/fr\/wp-json\/wp\/v2\/pages"}],"about":[{"href":"https:\/\/nbrhc.on.ca\/fr\/wp-json\/wp\/v2\/types\/page"}],"author":[{"embeddable":true,"href":"https:\/\/nbrhc.on.ca\/fr\/wp-json\/wp\/v2\/users\/17"}],"replies":[{"embeddable":true,"href":"https:\/\/nbrhc.on.ca\/fr\/wp-json\/wp\/v2\/comments?post=12057"}],"version-history":[{"count":9,"href":"https:\/\/nbrhc.on.ca\/fr\/wp-json\/wp\/v2\/pages\/12057\/revisions"}],"predecessor-version":[{"id":47170,"href":"https:\/\/nbrhc.on.ca\/fr\/wp-json\/wp\/v2\/pages\/12057\/revisions\/47170"}],"up":[{"embeddable":true,"href":"https:\/\/nbrhc.on.ca\/fr\/wp-json\/wp\/v2\/pages\/1629"}],"wp:attachment":[{"href":"https:\/\/nbrhc.on.ca\/fr\/wp-json\/wp\/v2\/media?parent=12057"}],"wp:term":[{"taxonomy":"post_tag","embeddable":true,"href":"https:\/\/nbrhc.on.ca\/fr\/wp-json\/wp\/v2\/tags?post=12057"}],"curies":[{"name":"wp","href":"https:\/\/api.w.org\/{rel}","templated":true}]}}