{"id":12114,"date":"2016-03-29T13:48:35","date_gmt":"2016-03-29T17:48:35","guid":{"rendered":"http:\/\/www.nbrhc.on.ca\/fr\/formulaires-pour-les-fournisseuses-et-fournisseurs-de-soins-de-sante\/diagnostic-imaging-forms\/"},"modified":"2026-04-09T15:41:32","modified_gmt":"2026-04-09T19:41:32","slug":"formulaire-services-dimagerie-diagnostique","status":"publish","type":"page","link":"https:\/\/nbrhc.on.ca\/fr\/formulaires-pour-les-fournisseuses-et-fournisseurs-de-soins-de-sante\/formulaire-services-dimagerie-diagnostique\/","title":{"rendered":"Formulaires de services d&rsquo;imagerie diagnostique"},"content":{"rendered":"<h2>Formulaires de demande<\/h2>\n<table id=\"jobtable\" style=\"width: 100%;\" border=\"2\" summary=\"Formulaire de demande de services d'imagerie diagnostique\" cellspacing=\"4\" cellpadding=\"4\">\n<colgroup>\n<col style=\"width: 70%;\" \/>\n<col style=\"width: 12%;\" \/>\n<col style=\"width: 18%;\" \/> <\/colgroup>\n<thead>\n<tr>\n<th class=\"header headerSortDown\" scope=\"col\" valign=\"top\">\n<h3>Nom<\/h3>\n<\/th>\n<th class=\"header\" scope=\"col\" valign=\"top\">\n<h3>Num\u00e9ro<\/h3>\n<\/th>\n<th class=\"header\" scope=\"col\" valign=\"top\">\n<h3>Langue<\/h3>\n<\/th>\n<\/tr>\n<\/thead>\n<tbody>\n<tr>\n<td><a href=\"\/wp-content\/uploads\/2024\/10\/RHC-204-Outpatient-Xray-Consultation-External.pdf\" target=\"_blank\" rel=\"noopener noreferrer\">Outpatient Requisition X-Ray\/ Ultrasound \/ Mammography<\/a><\/td>\n<td style=\"text-align: center;\">RHC\u00a0204<\/td>\n<td style=\"text-align: center;\">anglais<\/td>\n<\/tr>\n<tr>\n<td><a href=\"\/wp-content\/uploads\/2016\/03\/691-February-2015.pdf\" target=\"_blank\" rel=\"noopener noreferrer\">Tissue Requisition<\/a><\/td>\n<td style=\"text-align: center;\">RHC\u00a0691<\/td>\n<td style=\"text-align: center;\">anglais<\/td>\n<\/tr>\n<tr>\n<td><a href=\"\/wp-content\/uploads\/2017\/11\/RHC779-January-2016.pdf\" target=\"_blank\" rel=\"noopener noreferrer\">Transfusion Medicine Requisition<\/a><\/td>\n<td style=\"text-align: center;\">RHC 779<\/td>\n<td style=\"text-align: center;\">anglais<\/td>\n<\/tr>\n<tr>\n<td><a href=\"\/wp-content\/uploads\/2019\/01\/RHC-1107-FR-ECG-Requisition.pdf\" target=\"_blank\" rel=\"noopener noreferrer\">Cardiorespiratory Services Requisition (ECG\/Holter Monitor\/Stress Testing)<\/a><\/td>\n<td style=\"text-align: center;\">RHC 1107<\/td>\n<td style=\"text-align: center;\">fran\u00e7ais<\/td>\n<\/tr>\n<tr>\n<td><a href=\"\/wp-content\/uploads\/2025\/10\/RHC-1109-Nuclear-Medicine-Oct-2025-External.pdf\" target=\"_blank\" rel=\"noopener noreferrer\">Nuclear Medicine Requisition<\/a><\/td>\n<td style=\"text-align: center;\">RHC 1109<\/td>\n<td style=\"text-align: center;\">anglais<\/td>\n<\/tr>\n<tr>\n<td><a href=\"\/wp-content\/uploads\/2016\/04\/1155-June-2015.pdf\" target=\"_blank\" rel=\"noopener noreferrer\">Electroencephalograph Requisition<\/a><\/td>\n<td style=\"text-align: center;\">RHC 1155<\/td>\n<td style=\"text-align: center;\">anglais<\/td>\n<\/tr>\n<tr>\n<td><a href=\"https:\/\/nbrhc.on.ca\/wp-content\/uploads\/2024\/10\/RHC-1946-Bone-Mineral-Density-Requisition-External.pdf\" target=\"_blank\" rel=\"noopener noreferrer\">Bone Mineral Density Requisition<\/a><\/td>\n<td style=\"text-align: center;\">RHC 1946<\/td>\n<td style=\"text-align: center;\">fran\u00e7ais<\/td>\n<\/tr>\n<tr>\n<td><a href=\"\/wp-content\/uploads\/2025\/03\/Cytology-and-HPV-Testing-Requisition-RHC2425-003.pdf\" target=\"_blank\" rel=\"noopener noreferrer\">Cytology &amp; HPV Testing Requisition<\/a><\/td>\n<td style=\"text-align: center;\">RHC\u00a02425<\/td>\n<td style=\"text-align: center;\">anglais<\/td>\n<\/tr>\n<tr>\n<td><a href=\"https:\/\/nbrhc.on.ca\/wp-content\/uploads\/2024\/10\/RHC-2915-ECHO-Community-Referral-Form.pdf\" target=\"_blank\" rel=\"noopener\">Outpatient Echocardiography Requisition<\/a><\/td>\n<td style=\"text-align: center;\">RHC 2915<\/td>\n<td style=\"text-align: center;\">anglais<\/td>\n<\/tr>\n<tr>\n<td><a href=\"https:\/\/nbrhc.on.ca\/wp-content\/uploads\/2026\/04\/OUTPATIENT-CT-REQUISITION-FORM-FR-V1.pdf\" target=\"_blank\" rel=\"noopener\">Formulaire de demande de scanner pour patients externe<\/a><\/td>\n<td style=\"text-align: center;\">&#8211;<\/td>\n<td style=\"text-align: center;\">fran\u00e7ais<\/td>\n<\/tr>\n<tr>\n<td><a href=\"https:\/\/nbrhc.on.ca\/wp-content\/uploads\/2026\/04\/OUTPATIENT-MRI-REQUISITION-FORM-FR-V1.pdf\" target=\"_blank\" rel=\"noopener\">Formulaire de demande d&rsquo;IRM en ambulatoire<\/a><\/td>\n<td style=\"text-align: center;\">&#8211;<\/td>\n<td style=\"text-align: center;\">fran\u00e7ais<\/td>\n<\/tr>\n<\/tbody>\n<\/table>\n<p>&nbsp;<\/p>\n<h2>Questionnaires<\/h2>\n<table id=\"jobtable\" style=\"width: 100%;\" border=\"2\" summary=\"Questionnaires de services d'imagerie diagnostique\" cellspacing=\"4\" cellpadding=\"4\">\n<colgroup>\n<col style=\"width: 70%;\" \/>\n<col style=\"width: 12%;\" \/>\n<col style=\"width: 18%;\" \/> <\/colgroup>\n<thead>\n<tr>\n<th class=\"header headerSortDown\" scope=\"col\" valign=\"top\">\n<h3>Nom<\/h3>\n<\/th>\n<th class=\"header\" scope=\"col\" valign=\"top\">\n<h3>Num\u00e9ro<\/h3>\n<\/th>\n<th class=\"header\" scope=\"col\" valign=\"top\">\n<h3>Langue<\/h3>\n<\/th>\n<\/tr>\n<\/thead>\n<tbody>\n<tr>\n<td><a href=\"\/wp-content\/uploads\/2022\/07\/RHC-407-DI-Mammography-Questionnaire-FR.pdf\" target=\"_blank\" rel=\"noopener\">Questionnaire relatif \u00e0 une mammographie &#8211; Ant\u00e9c\u00e9dents pertinents<\/a><\/td>\n<td style=\"text-align: center;\">RHC 407<\/td>\n<td style=\"text-align: center;\">fran\u00e7ais<\/td>\n<\/tr>\n<tr>\n<td><a href=\"\/wp-content\/uploads\/2016\/04\/1241-FR-April-2015.pdf\" target=\"_blank\" rel=\"noopener noreferrer\">MRI Screening Information Form<\/a><\/td>\n<td style=\"text-align: center;\">RHC\u00a01241<\/td>\n<td style=\"text-align: center;\">fran\u00e7ais<\/td>\n<\/tr>\n<\/tbody>\n<\/table>\n<p>&nbsp;<\/p>\n<h2>Formulaire d&rsquo;information des patients<\/h2>\n<table id=\"jobtable\" style=\"width: 100%;\" border=\"2\" summary=\"Formulaire d'information des patients de services d'imagerie diagnostique\" cellspacing=\"4\" cellpadding=\"4\">\n<colgroup>\n<col style=\"width: 70%;\" \/>\n<col style=\"width: 12%;\" \/>\n<col style=\"width: 18%;\" \/> <\/colgroup>\n<thead>\n<tr>\n<th class=\"header headerSortDown\" style=\"width: 70%;\" scope=\"col\" valign=\"top\">\n<h3>Nom<\/h3>\n<\/th>\n<th class=\"header\" style=\"width: 12%;\" scope=\"col\" valign=\"top\">\n<h3>Num\u00e9ro<\/h3>\n<\/th>\n<th class=\"header\" style=\"width: 18%;\" scope=\"col\" valign=\"top\">\n<h3>Langue<\/h3>\n<\/th>\n<\/tr>\n<\/thead>\n<tbody>\n<tr>\n<td><a href=\"\/wp-content\/uploads\/2016\/04\/229F-Rev-Jan-2012.pdf\" target=\"_blank\" rel=\"noopener noreferrer\">Barium Enema &#8211; Outpatient<\/a><\/td>\n<td style=\"text-align: center;\">RHC 229<\/td>\n<td style=\"text-align: center;\">fran\u00e7ais<\/td>\n<\/tr>\n<tr>\n<td><a href=\"\/wp-content\/uploads\/2016\/03\/270-EN-February-2016.pdf\" target=\"_blank\" rel=\"noopener noreferrer\">Semen Fluid Analysis Collection Instructions<\/a><\/td>\n<td style=\"text-align: center;\">RHC 270<\/td>\n<td style=\"text-align: center;\">anglais<\/td>\n<\/tr>\n<tr>\n<td><a href=\"\/wp-content\/uploads\/2016\/03\/271-EN-February-2016.pdf\" target=\"_blank\" rel=\"noopener noreferrer\">Stream Urine Collection Instructions<\/a><\/td>\n<td style=\"text-align: center;\">RHC\u00a0271<\/td>\n<td style=\"text-align: center;\">anglais<\/td>\n<\/tr>\n<tr>\n<td><a href=\"\/wp-content\/uploads\/2016\/03\/860-FR-April-2015.pdf\" target=\"_blank\" rel=\"noopener noreferrer\">Stool Collection for C&amp;S (Cary Blair with Indicator)<\/a><\/td>\n<td style=\"text-align: center;\">RHC\u00a0860<\/td>\n<td style=\"text-align: center;\">fran\u00e7ais<\/td>\n<\/tr>\n<tr>\n<td><a href=\"\/wp-content\/uploads\/2017\/05\/RHC-952-FR-February-2016.pdf\" target=\"_blank\" rel=\"noopener noreferrer\">Midstream Urine Collection Instructions for Cytology<\/a><\/td>\n<td style=\"text-align: center;\">RHC\u00a0952<\/td>\n<td style=\"text-align: center;\">fran\u00e7ais<\/td>\n<\/tr>\n<tr>\n<td><a href=\"\/wp-content\/uploads\/2016\/03\/954-EN-October-2015.pdf\" target=\"_blank\" rel=\"noopener noreferrer\">24 Hour Urine Collection Instructions<\/a><\/td>\n<td style=\"text-align: center;\">RHC\u00a0954<\/td>\n<td style=\"text-align: center;\">anglais<\/td>\n<\/tr>\n<tr>\n<td><a href=\"\/wp-content\/uploads\/2016\/03\/971-EN-February-2016.pdf\" target=\"_blank\" rel=\"noopener noreferrer\">Sputum Collection Instructions for Cytology<\/a><\/td>\n<td style=\"text-align: center;\">RHC\u00a0971<\/td>\n<td style=\"text-align: center;\">anglais<\/td>\n<\/tr>\n<tr>\n<td><a href=\"\/wp-content\/uploads\/2016\/03\/975-EN-February-2016.pdf\" target=\"_blank\" rel=\"noopener noreferrer\">Stool Collection Instructions for Clostridium Difficile<\/a><\/td>\n<td style=\"text-align: center;\">RHC\u00a0975<\/td>\n<td style=\"text-align: center;\">anglais<\/td>\n<\/tr>\n<tr>\n<td><a href=\"\/wp-content\/uploads\/2016\/03\/2039-EN-February-2016.pdf\" target=\"_blank\" rel=\"noopener noreferrer\">Sputum Collection Instructions for Culture and Sensitivity<\/a><\/td>\n<td style=\"text-align: center;\">RHC\u00a02039<\/td>\n<td style=\"text-align: center;\">anglais<\/td>\n<\/tr>\n<tr>\n<td><a href=\"\/wp-content\/uploads\/2016\/03\/2040-EN-February-2016.doc.pdf\" target=\"_blank\" rel=\"noopener noreferrer\">Stool Collection Instructions for Occult Blood<\/a><\/td>\n<td style=\"text-align: center;\">RHC\u00a02040<\/td>\n<td style=\"text-align: center;\">anglais<\/td>\n<\/tr>\n<tr>\n<td><a href=\"\/wp-content\/uploads\/2017\/07\/HGNB-1059-FR-Glucose-Tolerance-Testing-Collection-Instructions-2.pdf\" target=\"_blank\" rel=\"noopener noreferrer\">Glucose Tolerance Testing Collection Instructions<\/a><\/td>\n<td style=\"text-align: center;\">RHC 2683<\/td>\n<td style=\"text-align: center;\">fran\u00e7ais<\/td>\n<\/tr>\n<tr>\n<td><a href=\"\/wp-content\/uploads\/2021\/01\/RHC-2594-Pt-Instructions-for-IV-Contrast-Extravasation-Revised-Jan-2021-.pdf\" target=\"_blank\" rel=\"noopener noreferrer\">Patient Instructions for Intravenous Contrast Extravasation<\/a><\/td>\n<td style=\"text-align: center;\">RHC 2954<\/td>\n<td style=\"text-align: center;\">anglais<\/td>\n<\/tr>\n<tr>\n<td><a href=\"\/wp-content\/uploads\/2021\/02\/Random-urine-North-Bay-Regional-Health-Centre.pdf\" target=\"_blank\" rel=\"noopener noreferrer\">Random Urine Collection Instructions<\/a><\/td>\n<td style=\"text-align: center;\">RHC 3098<\/td>\n<td style=\"text-align: center;\">anglais<\/td>\n<\/tr>\n<\/tbody>\n<\/table>\n<p>&nbsp;<\/p>\n<h2>Ordres du m\u00e9decin pr\u00e9imprim\u00e9s<\/h2>\n<table id=\"jobtable\" style=\"width: 100%;\" border=\"2\" summary=\"Ordres du m\u00e9decin pr\u00e9imprim\u00e9s de services d'imagerie diagnostique\" cellspacing=\"4\" cellpadding=\"4\">\n<colgroup>\n<col style=\"width: 70%;\" \/>\n<col style=\"width: 12%;\" \/>\n<col style=\"width: 18%;\" \/> <\/colgroup>\n<thead>\n<tr>\n<th class=\"header headerSortDown\" scope=\"col\" valign=\"top\">\n<h3>Nom<\/h3>\n<\/th>\n<th class=\"header\" scope=\"col\" valign=\"top\">\n<h3>Num\u00e9ro<\/h3>\n<\/th>\n<th class=\"header\" scope=\"col\" valign=\"top\">\n<h3>Langue<\/h3>\n<\/th>\n<\/tr>\n<\/thead>\n<tbody>\n<tr>\n<td><a href=\"\/wp-content\/uploads\/2017\/10\/PPO-6-074-Therapeutic-Phlebotomy.pdf\" target=\"_blank\" rel=\"noopener noreferrer\">Therapeutic Phlebotomy<\/a><\/td>\n<td style=\"text-align: center;\">PPO-6-074<\/td>\n<td style=\"text-align: center;\">anglais<\/td>\n<\/tr>\n<\/tbody>\n<\/table>\n<p>&nbsp;<\/p>\n<h2>Autres formulaires<\/h2>\n<table id=\"jobtable\" style=\"width: 100%;\" border=\"2\" summary=\"Autres formulaires de services d'imagerie diagnostique\" cellspacing=\"4\" cellpadding=\"4\">\n<colgroup>\n<col style=\"width: 70%;\" \/>\n<col style=\"width: 12%;\" \/>\n<col style=\"width: 18%;\" \/> <\/colgroup>\n<thead>\n<tr>\n<th class=\"header headerSortDown\" style=\"width: 70%;\" scope=\"col\" valign=\"top\">\n<h3>Nom<\/h3>\n<\/th>\n<th class=\"header\" style=\"width: 12%;\" scope=\"col\" valign=\"top\">\n<h3>Num\u00e9ro<\/h3>\n<\/th>\n<th class=\"header\" style=\"width: 18%;\" scope=\"col\" valign=\"top\">\n<h3>Langue<\/h3>\n<\/th>\n<\/tr>\n<\/thead>\n<tbody>\n<tr>\n<td><a href=\"\/wp-content\/uploads\/2021\/02\/HOSP-ECHO-FINAL-Jan-2021.pdf\" target=\"_blank\" rel=\"noopener noreferrer\">Adult Transthoracic Echo Final Report<\/a><\/td>\n<td style=\"text-align: center;\">RHC 2904<\/td>\n<td style=\"text-align: center;\">anglais<\/td>\n<\/tr>\n<\/tbody>\n<\/table>\n","protected":false},"excerpt":{"rendered":"<p>Formulaires de r\u00e9f\u00e9rence, demandes, d&rsquo;information et autres formulaires pour les services d&rsquo;imagerie diagnostique (\u00c9chocardiographie, \u00c9chographie, IRM, ECG\u00e9EEG, Mammographie et Padiographies) et les services de laboratoire.<\/p>\n","protected":false},"author":17,"featured_media":0,"parent":5962,"menu_order":0,"comment_status":"closed","ping_status":"closed","template":"","meta":{"_acf_changed":false,"_monsterinsights_skip_tracking":false,"_monsterinsights_sitenote_active":false,"_monsterinsights_sitenote_note":"","_monsterinsights_sitenote_category":0,"footnotes":"","_links_to":"","_links_to_target":"","_wp_rev_ctl_limit":""},"tags":[1559,1577,1565,1575,1571,1573,1557,1583,2418,2617,2480,2489,2640,2631,2689,1579,1560,1578,1566,1576,1572,1574,1558,1584,2419,2481,2488,2641,2690,1580],"class_list":["post-12114","page","type-page","status-publish","hentry","tag-rhc-1107-fr","tag-rhc-1109-fr","tag-rhc-1155-fr","tag-rhc-1241-fr","tag-rhc-1242-fr","tag-rhc-1243-fr","tag-rhc-1946-fr","tag-rhc-204-fr","tag-rhc-229-fr","tag-rhc-2594-fr","tag-rhc-2904-fr","tag-rhc-2915-fr","tag-rhc-2954-fr","tag-rhc-3098-fr","tag-rhc-407-2","tag-rhc-607-fr","tag-rhc1107-fr","tag-rhc1109-fr","tag-rhc1155-fr","tag-rhc1241-fr","tag-rhc1242-fr","tag-rhc1243-fr","tag-rhc1946-fr","tag-rhc204-fr","tag-rhc229-fr","tag-rhc2904-fr","tag-rhc2915-fr","tag-rhc2954-fr","tag-rhc407-2","tag-rhc607-fr"],"acf":[],"yoast_head":"<!-- This site is optimized with the Yoast SEO plugin v27.4 - https:\/\/yoast.com\/product\/yoast-seo-wordpress\/ -->\n<title>Formulaires de services d&#039;imagerie diagnostique - NBRHC<\/title>\n<meta name=\"description\" content=\"Voir les formulaires de demande du CRSNB, les questionnaires, les formulaires d&#039;information sur les patients, les ordonnances pr\u00e9-imprim\u00e9es du m\u00e9decin et d&#039;autres formulaires\" \/>\n<meta name=\"robots\" content=\"index, follow, max-snippet:-1, max-image-preview:large, max-video-preview:-1\" \/>\n<link rel=\"canonical\" href=\"https:\/\/nbrhc.on.ca\/fr\/formulaires-pour-les-fournisseuses-et-fournisseurs-de-soins-de-sante\/formulaire-services-dimagerie-diagnostique\/\" \/>\n<meta property=\"og:locale\" content=\"fr_FR\" \/>\n<meta property=\"og:type\" content=\"article\" \/>\n<meta property=\"og:title\" content=\"Formulaires de services d&#039;imagerie diagnostique - NBRHC\" \/>\n<meta property=\"og:description\" content=\"Voir les formulaires de demande du CRSNB, les questionnaires, les formulaires d&#039;information sur les patients, les ordonnances pr\u00e9-imprim\u00e9es du m\u00e9decin et d&#039;autres formulaires\" \/>\n<meta property=\"og:url\" content=\"https:\/\/nbrhc.on.ca\/fr\/formulaires-pour-les-fournisseuses-et-fournisseurs-de-soins-de-sante\/formulaire-services-dimagerie-diagnostique\/\" \/>\n<meta property=\"og:site_name\" content=\"NBRHC\" \/>\n<meta property=\"article:publisher\" content=\"https:\/\/www.facebook.com\/nbrhc\" \/>\n<meta property=\"article:modified_time\" content=\"2026-04-09T19:41:32+00:00\" \/>\n<meta property=\"og:image\" content=\"https:\/\/nbrhc.on.ca\/wp-content\/uploads\/2015\/07\/icon_col.jpeg\" \/>\n\t<meta property=\"og:image:width\" content=\"619\" \/>\n\t<meta property=\"og:image:height\" content=\"619\" \/>\n\t<meta property=\"og:image:type\" content=\"image\/jpeg\" \/>\n<meta name=\"twitter:label1\" content=\"Dur\u00e9e de lecture estim\u00e9e\" \/>\n\t<meta name=\"twitter:data1\" content=\"2 minutes\" \/>\n<script type=\"application\/ld+json\" class=\"yoast-schema-graph\">{\"@context\":\"https:\\\/\\\/schema.org\",\"@graph\":[{\"@type\":\"WebPage\",\"@id\":\"https:\\\/\\\/nbrhc.on.ca\\\/fr\\\/formulaires-pour-les-fournisseuses-et-fournisseurs-de-soins-de-sante\\\/formulaire-services-dimagerie-diagnostique\\\/\",\"url\":\"https:\\\/\\\/nbrhc.on.ca\\\/fr\\\/formulaires-pour-les-fournisseuses-et-fournisseurs-de-soins-de-sante\\\/formulaire-services-dimagerie-diagnostique\\\/\",\"name\":\"Formulaires de services d'imagerie diagnostique - NBRHC\",\"isPartOf\":{\"@id\":\"https:\\\/\\\/nbrhc.on.ca\\\/#website\"},\"datePublished\":\"2016-03-29T17:48:35+00:00\",\"dateModified\":\"2026-04-09T19:41:32+00:00\",\"description\":\"Voir les formulaires de demande du CRSNB, les questionnaires, les formulaires d'information sur les patients, les ordonnances pr\u00e9-imprim\u00e9es du m\u00e9decin et d'autres formulaires\",\"breadcrumb\":{\"@id\":\"https:\\\/\\\/nbrhc.on.ca\\\/fr\\\/formulaires-pour-les-fournisseuses-et-fournisseurs-de-soins-de-sante\\\/formulaire-services-dimagerie-diagnostique\\\/#breadcrumb\"},\"inLanguage\":\"fr-FR\",\"potentialAction\":[{\"@type\":\"ReadAction\",\"target\":[\"https:\\\/\\\/nbrhc.on.ca\\\/fr\\\/formulaires-pour-les-fournisseuses-et-fournisseurs-de-soins-de-sante\\\/formulaire-services-dimagerie-diagnostique\\\/\"]}]},{\"@type\":\"BreadcrumbList\",\"@id\":\"https:\\\/\\\/nbrhc.on.ca\\\/fr\\\/formulaires-pour-les-fournisseuses-et-fournisseurs-de-soins-de-sante\\\/formulaire-services-dimagerie-diagnostique\\\/#breadcrumb\",\"itemListElement\":[{\"@type\":\"ListItem\",\"position\":1,\"name\":\"Home\",\"item\":\"https:\\\/\\\/nbrhc.on.ca\\\/fr\\\/\"},{\"@type\":\"ListItem\",\"position\":2,\"name\":\"Formulaires pour les fournisseuses et fournisseurs de soins de sant\u00e9\",\"item\":\"https:\\\/\\\/nbrhc.on.ca\\\/fr\\\/formulaires-pour-les-fournisseuses-et-fournisseurs-de-soins-de-sante\\\/\"},{\"@type\":\"ListItem\",\"position\":3,\"name\":\"Formulaires de services d&#8217;imagerie diagnostique\"}]},{\"@type\":\"WebSite\",\"@id\":\"https:\\\/\\\/nbrhc.on.ca\\\/#website\",\"url\":\"https:\\\/\\\/nbrhc.on.ca\\\/\",\"name\":\"NBRHC\",\"description\":\"North Bay Regional Health Centre\",\"publisher\":{\"@id\":\"https:\\\/\\\/nbrhc.on.ca\\\/#organization\"},\"potentialAction\":[{\"@type\":\"SearchAction\",\"target\":{\"@type\":\"EntryPoint\",\"urlTemplate\":\"https:\\\/\\\/nbrhc.on.ca\\\/?s={search_term_string}\"},\"query-input\":{\"@type\":\"PropertyValueSpecification\",\"valueRequired\":true,\"valueName\":\"search_term_string\"}}],\"inLanguage\":\"fr-FR\"},{\"@type\":\"Organization\",\"@id\":\"https:\\\/\\\/nbrhc.on.ca\\\/#organization\",\"name\":\"North Bay Regional Health Centre\",\"url\":\"https:\\\/\\\/nbrhc.on.ca\\\/\",\"logo\":{\"@type\":\"ImageObject\",\"inLanguage\":\"fr-FR\",\"@id\":\"https:\\\/\\\/nbrhc.on.ca\\\/#\\\/schema\\\/logo\\\/image\\\/\",\"url\":\"https:\\\/\\\/nbrhc.on.ca\\\/wp-content\\\/uploads\\\/2015\\\/07\\\/logo.jpg\",\"contentUrl\":\"https:\\\/\\\/nbrhc.on.ca\\\/wp-content\\\/uploads\\\/2015\\\/07\\\/logo.jpg\",\"width\":870,\"height\":128,\"caption\":\"North Bay Regional Health Centre\"},\"image\":{\"@id\":\"https:\\\/\\\/nbrhc.on.ca\\\/#\\\/schema\\\/logo\\\/image\\\/\"},\"sameAs\":[\"https:\\\/\\\/www.facebook.com\\\/nbrhc\",\"https:\\\/\\\/x.com\\\/NBRHC\",\"https:\\\/\\\/www.linkedin.com\\\/company\\\/north-bay-regional-health-centre-nbrhc\",\"https:\\\/\\\/www.pinterest.com\\\/nbrhc\",\"https:\\\/\\\/www.youtube.com\\\/TheNBRHC\"]}]}<\/script>\n<!-- \/ Yoast SEO plugin. -->","yoast_head_json":{"title":"Formulaires de services d'imagerie diagnostique - NBRHC","description":"Voir les formulaires de demande du CRSNB, les questionnaires, les formulaires d'information sur les patients, les ordonnances pr\u00e9-imprim\u00e9es du m\u00e9decin et d'autres formulaires","robots":{"index":"index","follow":"follow","max-snippet":"max-snippet:-1","max-image-preview":"max-image-preview:large","max-video-preview":"max-video-preview:-1"},"canonical":"https:\/\/nbrhc.on.ca\/fr\/formulaires-pour-les-fournisseuses-et-fournisseurs-de-soins-de-sante\/formulaire-services-dimagerie-diagnostique\/","og_locale":"fr_FR","og_type":"article","og_title":"Formulaires de services d'imagerie diagnostique - NBRHC","og_description":"Voir les formulaires de demande du CRSNB, les questionnaires, les formulaires d'information sur les patients, les ordonnances pr\u00e9-imprim\u00e9es du m\u00e9decin et d'autres formulaires","og_url":"https:\/\/nbrhc.on.ca\/fr\/formulaires-pour-les-fournisseuses-et-fournisseurs-de-soins-de-sante\/formulaire-services-dimagerie-diagnostique\/","og_site_name":"NBRHC","article_publisher":"https:\/\/www.facebook.com\/nbrhc","article_modified_time":"2026-04-09T19:41:32+00:00","og_image":[{"width":619,"height":619,"url":"https:\/\/nbrhc.on.ca\/wp-content\/uploads\/2015\/07\/icon_col.jpeg","type":"image\/jpeg"}],"twitter_misc":{"Dur\u00e9e de lecture estim\u00e9e":"2 minutes"},"schema":{"@context":"https:\/\/schema.org","@graph":[{"@type":"WebPage","@id":"https:\/\/nbrhc.on.ca\/fr\/formulaires-pour-les-fournisseuses-et-fournisseurs-de-soins-de-sante\/formulaire-services-dimagerie-diagnostique\/","url":"https:\/\/nbrhc.on.ca\/fr\/formulaires-pour-les-fournisseuses-et-fournisseurs-de-soins-de-sante\/formulaire-services-dimagerie-diagnostique\/","name":"Formulaires de services d'imagerie diagnostique - NBRHC","isPartOf":{"@id":"https:\/\/nbrhc.on.ca\/#website"},"datePublished":"2016-03-29T17:48:35+00:00","dateModified":"2026-04-09T19:41:32+00:00","description":"Voir les formulaires de demande du CRSNB, les questionnaires, les formulaires d'information sur les patients, les ordonnances pr\u00e9-imprim\u00e9es du m\u00e9decin et d'autres formulaires","breadcrumb":{"@id":"https:\/\/nbrhc.on.ca\/fr\/formulaires-pour-les-fournisseuses-et-fournisseurs-de-soins-de-sante\/formulaire-services-dimagerie-diagnostique\/#breadcrumb"},"inLanguage":"fr-FR","potentialAction":[{"@type":"ReadAction","target":["https:\/\/nbrhc.on.ca\/fr\/formulaires-pour-les-fournisseuses-et-fournisseurs-de-soins-de-sante\/formulaire-services-dimagerie-diagnostique\/"]}]},{"@type":"BreadcrumbList","@id":"https:\/\/nbrhc.on.ca\/fr\/formulaires-pour-les-fournisseuses-et-fournisseurs-de-soins-de-sante\/formulaire-services-dimagerie-diagnostique\/#breadcrumb","itemListElement":[{"@type":"ListItem","position":1,"name":"Home","item":"https:\/\/nbrhc.on.ca\/fr\/"},{"@type":"ListItem","position":2,"name":"Formulaires pour les fournisseuses et fournisseurs de soins de sant\u00e9","item":"https:\/\/nbrhc.on.ca\/fr\/formulaires-pour-les-fournisseuses-et-fournisseurs-de-soins-de-sante\/"},{"@type":"ListItem","position":3,"name":"Formulaires de services d&#8217;imagerie diagnostique"}]},{"@type":"WebSite","@id":"https:\/\/nbrhc.on.ca\/#website","url":"https:\/\/nbrhc.on.ca\/","name":"NBRHC","description":"North Bay Regional Health Centre","publisher":{"@id":"https:\/\/nbrhc.on.ca\/#organization"},"potentialAction":[{"@type":"SearchAction","target":{"@type":"EntryPoint","urlTemplate":"https:\/\/nbrhc.on.ca\/?s={search_term_string}"},"query-input":{"@type":"PropertyValueSpecification","valueRequired":true,"valueName":"search_term_string"}}],"inLanguage":"fr-FR"},{"@type":"Organization","@id":"https:\/\/nbrhc.on.ca\/#organization","name":"North Bay Regional Health Centre","url":"https:\/\/nbrhc.on.ca\/","logo":{"@type":"ImageObject","inLanguage":"fr-FR","@id":"https:\/\/nbrhc.on.ca\/#\/schema\/logo\/image\/","url":"https:\/\/nbrhc.on.ca\/wp-content\/uploads\/2015\/07\/logo.jpg","contentUrl":"https:\/\/nbrhc.on.ca\/wp-content\/uploads\/2015\/07\/logo.jpg","width":870,"height":128,"caption":"North Bay Regional Health Centre"},"image":{"@id":"https:\/\/nbrhc.on.ca\/#\/schema\/logo\/image\/"},"sameAs":["https:\/\/www.facebook.com\/nbrhc","https:\/\/x.com\/NBRHC","https:\/\/www.linkedin.com\/company\/north-bay-regional-health-centre-nbrhc","https:\/\/www.pinterest.com\/nbrhc","https:\/\/www.youtube.com\/TheNBRHC"]}]}},"_links":{"self":[{"href":"https:\/\/nbrhc.on.ca\/fr\/wp-json\/wp\/v2\/pages\/12114","targetHints":{"allow":["GET"]}}],"collection":[{"href":"https:\/\/nbrhc.on.ca\/fr\/wp-json\/wp\/v2\/pages"}],"about":[{"href":"https:\/\/nbrhc.on.ca\/fr\/wp-json\/wp\/v2\/types\/page"}],"author":[{"embeddable":true,"href":"https:\/\/nbrhc.on.ca\/fr\/wp-json\/wp\/v2\/users\/17"}],"replies":[{"embeddable":true,"href":"https:\/\/nbrhc.on.ca\/fr\/wp-json\/wp\/v2\/comments?post=12114"}],"version-history":[{"count":9,"href":"https:\/\/nbrhc.on.ca\/fr\/wp-json\/wp\/v2\/pages\/12114\/revisions"}],"predecessor-version":[{"id":47344,"href":"https:\/\/nbrhc.on.ca\/fr\/wp-json\/wp\/v2\/pages\/12114\/revisions\/47344"}],"up":[{"embeddable":true,"href":"https:\/\/nbrhc.on.ca\/fr\/wp-json\/wp\/v2\/pages\/5962"}],"wp:attachment":[{"href":"https:\/\/nbrhc.on.ca\/fr\/wp-json\/wp\/v2\/media?parent=12114"}],"wp:term":[{"taxonomy":"post_tag","embeddable":true,"href":"https:\/\/nbrhc.on.ca\/fr\/wp-json\/wp\/v2\/tags?post=12114"}],"curies":[{"name":"wp","href":"https:\/\/api.w.org\/{rel}","templated":true}]}}