{"id":12115,"date":"2016-03-29T14:34:19","date_gmt":"2016-03-29T18:34:19","guid":{"rendered":"http:\/\/www.nbrhc.on.ca\/fr\/formulaires-pour-les-fournisseuses-et-fournisseurs-de-soins-de-sante\/pediatric-forms\/"},"modified":"2026-01-20T08:00:37","modified_gmt":"2026-01-20T13:00:37","slug":"formulaire-services-femmes-enfants","status":"publish","type":"page","link":"https:\/\/nbrhc.on.ca\/fr\/formulaires-pour-les-fournisseuses-et-fournisseurs-de-soins-de-sante\/formulaire-services-femmes-enfants\/","title":{"rendered":"Formulaires de services aux femmes et aux enfants"},"content":{"rendered":"<h2>Formulaires d&rsquo;information des patients<\/h2>\n<table id=\"jobtable\" style=\"width: 100%;\" border=\"2\" summary=\"Formulaire d'information des patients de services aux femmes et aux enfants\" cellspacing=\"4\" cellpadding=\"4\">\n<colgroup>\n<col style=\"width: 70%;\" \/>\n<col style=\"width: 12%;\" \/>\n<col style=\"width: 18%;\" \/> <\/colgroup>\n<thead>\n<tr>\n<th class=\"header headerSortDown\" scope=\"col\" valign=\"top\">\n<h3>Nom<\/h3>\n<\/th>\n<th class=\"header\" scope=\"col\" valign=\"top\">\n<h3>Num\u00e9ro<\/h3>\n<\/th>\n<th class=\"header\" scope=\"col\" valign=\"top\">\n<h3>Langue<\/h3>\n<\/th>\n<\/tr>\n<\/thead>\n<tbody>\n<tr>\n<td><a href=\"\/wp-content\/uploads\/2016\/04\/147-EF-Rev-March-2012.pdf\" target=\"_blank\" rel=\"noopener noreferrer\">Labour and Delivery Unit Patient Information Sheet<\/a><\/td>\n<td style=\"text-align: center;\">RHC 147<\/td>\n<td style=\"text-align: center;\">anglais<\/td>\n<\/tr>\n<tr>\n<td><a href=\"\/wp-content\/uploads\/2016\/04\/1031-FR-January-2014.pdf\" target=\"_blank\" rel=\"noopener noreferrer\">RH Immune Globulin (Rhogam) at 28 weeks of pregnancy<\/a><\/td>\n<td style=\"text-align: center;\">RHC\u00a01031<\/td>\n<td style=\"text-align: center;\">fran\u00e7ais<\/td>\n<\/tr>\n<tr>\n<td><a href=\"\/wp-content\/uploads\/2016\/04\/1056-1.pdf\" target=\"_blank\" rel=\"noopener noreferrer\">Pre-Natal Clinic Instruction Sheet \u00a0&#8211; Pre Admission Visit \/ OBS Preadmission Form<\/a><\/td>\n<td style=\"text-align: center;\">RHC 1056<\/td>\n<td style=\"text-align: center;\">anglais et fran\u00e7ais<\/td>\n<\/tr>\n<tr>\n<td><a href=\"\/wp-content\/uploads\/2016\/04\/1506F-Rev-June-2012.pdf\" target=\"_blank\" rel=\"noopener noreferrer\">Fetal Movement Count Record<\/a><\/td>\n<td style=\"text-align: center;\">RHC 1506<\/td>\n<td style=\"text-align: center;\">fran\u00e7ais<\/td>\n<\/tr>\n<tr>\n<td><a href=\"\/wp-content\/uploads\/2020\/11\/Stem-cell-Pt-handout-Sept-2020.pdf\" target=\"_blank\" rel=\"noopener noreferrer\">Banking Cord Blood<\/a><\/td>\n<td style=\"text-align: center;\">RHC 3051<\/td>\n<td style=\"text-align: center;\">anglais<\/td>\n<\/tr>\n<tr>\n<td><a href=\"\/wp-content\/uploads\/2022\/09\/Parent-Education-Infant-Abduction-2.pdf\" target=\"_blank\" rel=\"noopener\">Preventing Infant Abduction: A Parent\u2019s Guide<\/a><\/td>\n<td style=\"text-align: center;\">RHC 3237<\/td>\n<td style=\"text-align: center;\">anglais<\/td>\n<\/tr>\n<tr>\n<td><a href=\"https:\/\/nbrhc.on.ca\/wp-content\/uploads\/2026\/01\/RHC-3431-Weight-Management-in-Preconception_-Pregnancy-and-Birth-Planning-FR.pdf\" target=\"_blank\" rel=\"noopener\">Gestion du poids avant et pendant la grossesse et planification de l\u2019accouchement<\/a><\/td>\n<td style=\"text-align: center;\"><span>RHC 3431<\/span><\/td>\n<td style=\"text-align: center;\">anglais et fran\u00e7ais<\/td>\n<\/tr>\n<tr>\n<td><a href=\"https:\/\/nbrhc.on.ca\/wp-content\/uploads\/2025\/11\/RHC-3555-PICO-Dressing-for-Caesarean-sections-Post-operative-Patient-Instructions-FR.pdf\" target=\"_blank\" rel=\"noopener\">Pansement PICO pour c\u00e9sariennes<\/a><\/td>\n<td style=\"text-align: center;\">RHC 3555<\/td>\n<td style=\"text-align: center;\">anglais et fran\u00e7ais<\/td>\n<\/tr>\n<\/tbody>\n<\/table>\n<p>&nbsp;<\/p>\n<h2>Autres formulaires<\/h2>\n<table id=\"jobtable\" style=\"width: 100%;\" border=\"2\" summary=\"Autres formulaires de services aux femmes et aux enfants\" cellspacing=\"4\" cellpadding=\"4\">\n<colgroup>\n<col style=\"width: 70%;\" \/>\n<col style=\"width: 12%;\" \/>\n<col style=\"width: 18%;\" \/> <\/colgroup>\n<thead>\n<tr>\n<th class=\"header headerSortDown\" scope=\"col\" valign=\"top\">\n<h3>Nom<\/h3>\n<\/th>\n<th class=\"header\" scope=\"col\" valign=\"top\">\n<h3>Num\u00e9ro<\/h3>\n<\/th>\n<th class=\"header\" scope=\"col\" valign=\"top\">\n<h3>Langue<\/h3>\n<\/th>\n<\/tr>\n<\/thead>\n<tbody>\n<tr>\n<td><a href=\"\/wp-content\/uploads\/2016\/11\/RHC-2631-June-2016-1.pdf\" target=\"_blank\" rel=\"noopener noreferrer\">Induction of Labour &#8211; Booking Form<\/a><\/td>\n<td style=\"text-align: center;\">RHC\u00a02631<\/td>\n<td style=\"text-align: center;\">anglais<\/td>\n<\/tr>\n<tr>\n<td><a href=\"\/wp-content\/uploads\/2020\/11\/stem-cell-collection-agreement-Sept-2020.pdf\" target=\"_blank\" rel=\"noopener noreferrer\">Collection of Cord Blood for Stem Cell Banking Agreement<\/a><\/td>\n<td style=\"text-align: center;\">RHC 3050<\/td>\n<td style=\"text-align: center;\">anglais<\/td>\n<\/tr>\n<\/tbody>\n<\/table>\n","protected":false},"excerpt":{"rendered":"<p>Formulaire de d\u00e9pistage, d&rsquo;information et de pr\u00e9-admission pour les services d&rsquo;immunisation contre le virus respiratoire syncytial, unit\u00e9 de naissance, gyn\u00e9cologie, unit\u00e9 de soins intensifs n\u00e9onatals, p\u00e9diatrie et services sociaux.<\/p>\n","protected":false},"author":17,"featured_media":0,"parent":5962,"menu_order":0,"comment_status":"closed","ping_status":"closed","template":"","meta":{"_acf_changed":false,"_monsterinsights_skip_tracking":false,"_monsterinsights_sitenote_active":false,"_monsterinsights_sitenote_note":"","_monsterinsights_sitenote_category":0,"footnotes":"","_links_to":"","_links_to_target":"","_wp_rev_ctl_limit":""},"tags":[2576,2577,2578,2579,2249,2584,2585,2580,2581,2582,2583,2250],"class_list":["post-12115","page","type-page","status-publish","hentry","tag-rhc-1031-fr","tag-rhc-1056-fr","tag-rhc-147-fr","tag-rhc-1506-fr","tag-rhc-2631","tag-rhc-3050-fr","tag-rhc-3051-fr","tag-rhc1031-fr","tag-rhc1056-fr","tag-rhc147-fr","tag-rhc1506-fr","tag-rhc2631"],"acf":[],"yoast_head":"<!-- This site is optimized with the Yoast SEO plugin v27.4 - https:\/\/yoast.com\/product\/yoast-seo-wordpress\/ -->\n<title>Formulaires de services aux femmes et aux enfants - NBRHC<\/title>\n<meta name=\"description\" content=\"Cette page Web contient des formulaires d&#039;admission des patients et d&#039;autres formulaires m\u00e9dicaux pour les femmes et les enfants patients au CRSNB\" \/>\n<meta name=\"robots\" content=\"index, follow, max-snippet:-1, max-image-preview:large, max-video-preview:-1\" \/>\n<link rel=\"canonical\" href=\"https:\/\/nbrhc.on.ca\/fr\/formulaires-pour-les-fournisseuses-et-fournisseurs-de-soins-de-sante\/formulaire-services-femmes-enfants\/\" \/>\n<meta property=\"og:locale\" content=\"fr_FR\" \/>\n<meta property=\"og:type\" content=\"article\" \/>\n<meta property=\"og:title\" content=\"Formulaires de services aux femmes et aux enfants - NBRHC\" \/>\n<meta property=\"og:description\" content=\"Cette page Web contient des formulaires d&#039;admission des patients et d&#039;autres formulaires m\u00e9dicaux pour les femmes et les enfants patients au CRSNB\" \/>\n<meta property=\"og:url\" content=\"https:\/\/nbrhc.on.ca\/fr\/formulaires-pour-les-fournisseuses-et-fournisseurs-de-soins-de-sante\/formulaire-services-femmes-enfants\/\" \/>\n<meta property=\"og:site_name\" content=\"NBRHC\" \/>\n<meta property=\"article:publisher\" content=\"https:\/\/www.facebook.com\/nbrhc\" \/>\n<meta property=\"article:modified_time\" content=\"2026-01-20T13:00:37+00:00\" \/>\n<meta property=\"og:image\" content=\"https:\/\/nbrhc.on.ca\/wp-content\/uploads\/2015\/07\/icon_col.jpeg\" \/>\n\t<meta property=\"og:image:width\" content=\"619\" \/>\n\t<meta property=\"og:image:height\" content=\"619\" \/>\n\t<meta property=\"og:image:type\" content=\"image\/jpeg\" \/>\n<meta name=\"twitter:label1\" content=\"Dur\u00e9e de lecture estim\u00e9e\" \/>\n\t<meta name=\"twitter:data1\" content=\"1 minute\" \/>\n<script type=\"application\/ld+json\" class=\"yoast-schema-graph\">{\"@context\":\"https:\\\/\\\/schema.org\",\"@graph\":[{\"@type\":\"WebPage\",\"@id\":\"https:\\\/\\\/nbrhc.on.ca\\\/fr\\\/formulaires-pour-les-fournisseuses-et-fournisseurs-de-soins-de-sante\\\/formulaire-services-femmes-enfants\\\/\",\"url\":\"https:\\\/\\\/nbrhc.on.ca\\\/fr\\\/formulaires-pour-les-fournisseuses-et-fournisseurs-de-soins-de-sante\\\/formulaire-services-femmes-enfants\\\/\",\"name\":\"Formulaires de services aux femmes et aux enfants - NBRHC\",\"isPartOf\":{\"@id\":\"https:\\\/\\\/nbrhc.on.ca\\\/#website\"},\"datePublished\":\"2016-03-29T18:34:19+00:00\",\"dateModified\":\"2026-01-20T13:00:37+00:00\",\"description\":\"Cette page Web contient des formulaires d'admission des patients et d'autres formulaires m\u00e9dicaux pour les femmes et les enfants patients au CRSNB\",\"breadcrumb\":{\"@id\":\"https:\\\/\\\/nbrhc.on.ca\\\/fr\\\/formulaires-pour-les-fournisseuses-et-fournisseurs-de-soins-de-sante\\\/formulaire-services-femmes-enfants\\\/#breadcrumb\"},\"inLanguage\":\"fr-FR\",\"potentialAction\":[{\"@type\":\"ReadAction\",\"target\":[\"https:\\\/\\\/nbrhc.on.ca\\\/fr\\\/formulaires-pour-les-fournisseuses-et-fournisseurs-de-soins-de-sante\\\/formulaire-services-femmes-enfants\\\/\"]}]},{\"@type\":\"BreadcrumbList\",\"@id\":\"https:\\\/\\\/nbrhc.on.ca\\\/fr\\\/formulaires-pour-les-fournisseuses-et-fournisseurs-de-soins-de-sante\\\/formulaire-services-femmes-enfants\\\/#breadcrumb\",\"itemListElement\":[{\"@type\":\"ListItem\",\"position\":1,\"name\":\"Home\",\"item\":\"https:\\\/\\\/nbrhc.on.ca\\\/fr\\\/\"},{\"@type\":\"ListItem\",\"position\":2,\"name\":\"Formulaires pour les fournisseuses et fournisseurs de soins de sant\u00e9\",\"item\":\"https:\\\/\\\/nbrhc.on.ca\\\/fr\\\/formulaires-pour-les-fournisseuses-et-fournisseurs-de-soins-de-sante\\\/\"},{\"@type\":\"ListItem\",\"position\":3,\"name\":\"Formulaires de services aux femmes et aux enfants\"}]},{\"@type\":\"WebSite\",\"@id\":\"https:\\\/\\\/nbrhc.on.ca\\\/#website\",\"url\":\"https:\\\/\\\/nbrhc.on.ca\\\/\",\"name\":\"NBRHC\",\"description\":\"North Bay Regional Health Centre\",\"publisher\":{\"@id\":\"https:\\\/\\\/nbrhc.on.ca\\\/#organization\"},\"potentialAction\":[{\"@type\":\"SearchAction\",\"target\":{\"@type\":\"EntryPoint\",\"urlTemplate\":\"https:\\\/\\\/nbrhc.on.ca\\\/?s={search_term_string}\"},\"query-input\":{\"@type\":\"PropertyValueSpecification\",\"valueRequired\":true,\"valueName\":\"search_term_string\"}}],\"inLanguage\":\"fr-FR\"},{\"@type\":\"Organization\",\"@id\":\"https:\\\/\\\/nbrhc.on.ca\\\/#organization\",\"name\":\"North Bay Regional Health Centre\",\"url\":\"https:\\\/\\\/nbrhc.on.ca\\\/\",\"logo\":{\"@type\":\"ImageObject\",\"inLanguage\":\"fr-FR\",\"@id\":\"https:\\\/\\\/nbrhc.on.ca\\\/#\\\/schema\\\/logo\\\/image\\\/\",\"url\":\"https:\\\/\\\/nbrhc.on.ca\\\/wp-content\\\/uploads\\\/2015\\\/07\\\/logo.jpg\",\"contentUrl\":\"https:\\\/\\\/nbrhc.on.ca\\\/wp-content\\\/uploads\\\/2015\\\/07\\\/logo.jpg\",\"width\":870,\"height\":128,\"caption\":\"North Bay Regional Health Centre\"},\"image\":{\"@id\":\"https:\\\/\\\/nbrhc.on.ca\\\/#\\\/schema\\\/logo\\\/image\\\/\"},\"sameAs\":[\"https:\\\/\\\/www.facebook.com\\\/nbrhc\",\"https:\\\/\\\/x.com\\\/NBRHC\",\"https:\\\/\\\/www.linkedin.com\\\/company\\\/north-bay-regional-health-centre-nbrhc\",\"https:\\\/\\\/www.pinterest.com\\\/nbrhc\",\"https:\\\/\\\/www.youtube.com\\\/TheNBRHC\"]}]}<\/script>\n<!-- \/ Yoast SEO plugin. -->","yoast_head_json":{"title":"Formulaires de services aux femmes et aux enfants - NBRHC","description":"Cette page Web contient des formulaires d'admission des patients et d'autres formulaires m\u00e9dicaux pour les femmes et les enfants patients au CRSNB","robots":{"index":"index","follow":"follow","max-snippet":"max-snippet:-1","max-image-preview":"max-image-preview:large","max-video-preview":"max-video-preview:-1"},"canonical":"https:\/\/nbrhc.on.ca\/fr\/formulaires-pour-les-fournisseuses-et-fournisseurs-de-soins-de-sante\/formulaire-services-femmes-enfants\/","og_locale":"fr_FR","og_type":"article","og_title":"Formulaires de services aux femmes et aux enfants - NBRHC","og_description":"Cette page Web contient des formulaires d'admission des patients et d'autres formulaires m\u00e9dicaux pour les femmes et les enfants patients au CRSNB","og_url":"https:\/\/nbrhc.on.ca\/fr\/formulaires-pour-les-fournisseuses-et-fournisseurs-de-soins-de-sante\/formulaire-services-femmes-enfants\/","og_site_name":"NBRHC","article_publisher":"https:\/\/www.facebook.com\/nbrhc","article_modified_time":"2026-01-20T13:00:37+00:00","og_image":[{"width":619,"height":619,"url":"https:\/\/nbrhc.on.ca\/wp-content\/uploads\/2015\/07\/icon_col.jpeg","type":"image\/jpeg"}],"twitter_misc":{"Dur\u00e9e de lecture estim\u00e9e":"1 minute"},"schema":{"@context":"https:\/\/schema.org","@graph":[{"@type":"WebPage","@id":"https:\/\/nbrhc.on.ca\/fr\/formulaires-pour-les-fournisseuses-et-fournisseurs-de-soins-de-sante\/formulaire-services-femmes-enfants\/","url":"https:\/\/nbrhc.on.ca\/fr\/formulaires-pour-les-fournisseuses-et-fournisseurs-de-soins-de-sante\/formulaire-services-femmes-enfants\/","name":"Formulaires de services aux femmes et aux enfants - NBRHC","isPartOf":{"@id":"https:\/\/nbrhc.on.ca\/#website"},"datePublished":"2016-03-29T18:34:19+00:00","dateModified":"2026-01-20T13:00:37+00:00","description":"Cette page Web contient des formulaires d'admission des patients et d'autres formulaires m\u00e9dicaux pour les femmes et les enfants patients au CRSNB","breadcrumb":{"@id":"https:\/\/nbrhc.on.ca\/fr\/formulaires-pour-les-fournisseuses-et-fournisseurs-de-soins-de-sante\/formulaire-services-femmes-enfants\/#breadcrumb"},"inLanguage":"fr-FR","potentialAction":[{"@type":"ReadAction","target":["https:\/\/nbrhc.on.ca\/fr\/formulaires-pour-les-fournisseuses-et-fournisseurs-de-soins-de-sante\/formulaire-services-femmes-enfants\/"]}]},{"@type":"BreadcrumbList","@id":"https:\/\/nbrhc.on.ca\/fr\/formulaires-pour-les-fournisseuses-et-fournisseurs-de-soins-de-sante\/formulaire-services-femmes-enfants\/#breadcrumb","itemListElement":[{"@type":"ListItem","position":1,"name":"Home","item":"https:\/\/nbrhc.on.ca\/fr\/"},{"@type":"ListItem","position":2,"name":"Formulaires pour les fournisseuses et fournisseurs de soins de sant\u00e9","item":"https:\/\/nbrhc.on.ca\/fr\/formulaires-pour-les-fournisseuses-et-fournisseurs-de-soins-de-sante\/"},{"@type":"ListItem","position":3,"name":"Formulaires de services aux femmes et aux enfants"}]},{"@type":"WebSite","@id":"https:\/\/nbrhc.on.ca\/#website","url":"https:\/\/nbrhc.on.ca\/","name":"NBRHC","description":"North Bay Regional Health Centre","publisher":{"@id":"https:\/\/nbrhc.on.ca\/#organization"},"potentialAction":[{"@type":"SearchAction","target":{"@type":"EntryPoint","urlTemplate":"https:\/\/nbrhc.on.ca\/?s={search_term_string}"},"query-input":{"@type":"PropertyValueSpecification","valueRequired":true,"valueName":"search_term_string"}}],"inLanguage":"fr-FR"},{"@type":"Organization","@id":"https:\/\/nbrhc.on.ca\/#organization","name":"North Bay Regional Health Centre","url":"https:\/\/nbrhc.on.ca\/","logo":{"@type":"ImageObject","inLanguage":"fr-FR","@id":"https:\/\/nbrhc.on.ca\/#\/schema\/logo\/image\/","url":"https:\/\/nbrhc.on.ca\/wp-content\/uploads\/2015\/07\/logo.jpg","contentUrl":"https:\/\/nbrhc.on.ca\/wp-content\/uploads\/2015\/07\/logo.jpg","width":870,"height":128,"caption":"North Bay Regional Health Centre"},"image":{"@id":"https:\/\/nbrhc.on.ca\/#\/schema\/logo\/image\/"},"sameAs":["https:\/\/www.facebook.com\/nbrhc","https:\/\/x.com\/NBRHC","https:\/\/www.linkedin.com\/company\/north-bay-regional-health-centre-nbrhc","https:\/\/www.pinterest.com\/nbrhc","https:\/\/www.youtube.com\/TheNBRHC"]}]}},"_links":{"self":[{"href":"https:\/\/nbrhc.on.ca\/fr\/wp-json\/wp\/v2\/pages\/12115","targetHints":{"allow":["GET"]}}],"collection":[{"href":"https:\/\/nbrhc.on.ca\/fr\/wp-json\/wp\/v2\/pages"}],"about":[{"href":"https:\/\/nbrhc.on.ca\/fr\/wp-json\/wp\/v2\/types\/page"}],"author":[{"embeddable":true,"href":"https:\/\/nbrhc.on.ca\/fr\/wp-json\/wp\/v2\/users\/17"}],"replies":[{"embeddable":true,"href":"https:\/\/nbrhc.on.ca\/fr\/wp-json\/wp\/v2\/comments?post=12115"}],"version-history":[{"count":10,"href":"https:\/\/nbrhc.on.ca\/fr\/wp-json\/wp\/v2\/pages\/12115\/revisions"}],"predecessor-version":[{"id":47070,"href":"https:\/\/nbrhc.on.ca\/fr\/wp-json\/wp\/v2\/pages\/12115\/revisions\/47070"}],"up":[{"embeddable":true,"href":"https:\/\/nbrhc.on.ca\/fr\/wp-json\/wp\/v2\/pages\/5962"}],"wp:attachment":[{"href":"https:\/\/nbrhc.on.ca\/fr\/wp-json\/wp\/v2\/media?parent=12115"}],"wp:term":[{"taxonomy":"post_tag","embeddable":true,"href":"https:\/\/nbrhc.on.ca\/fr\/wp-json\/wp\/v2\/tags?post=12115"}],"curies":[{"name":"wp","href":"https:\/\/api.w.org\/{rel}","templated":true}]}}