{"id":12117,"date":"2016-03-29T14:38:34","date_gmt":"2016-03-29T18:38:34","guid":{"rendered":"http:\/\/www.nbrhc.on.ca\/fr\/formulaires-pour-les-fournisseuses-et-fournisseurs-de-soins-de-sante\/rehabilitation-forms\/"},"modified":"2025-12-18T14:39:28","modified_gmt":"2025-12-18T19:39:28","slug":"formulaire-readaptation","status":"publish","type":"page","link":"https:\/\/nbrhc.on.ca\/fr\/formulaires-pour-les-fournisseuses-et-fournisseurs-de-soins-de-sante\/formulaire-readaptation\/","title":{"rendered":"Formulaires de r\u00e9adaptation (patients hospitalis\u00e9s et patients externes)"},"content":{"rendered":"<h2>Formulaires de r\u00e9f\u00e9rence<\/h2>\n<table id=\"jobtable\" style=\"width: 100%;\" border=\"2\" summary=\"Formulaires de r\u00e9f\u00e9rence de r\u00e9adaptation\" cellspacing=\"4\" cellpadding=\"4\">\n<colgroup>\n<col style=\"width: 70%;\" \/>\n<col style=\"width: 12%;\" \/>\n<col style=\"width: 18%;\" \/> <\/colgroup>\n<thead>\n<tr>\n<th class=\"header headerSortDown\" scope=\"col\" valign=\"top\">\n<h3>Nom<\/h3>\n<\/th>\n<th class=\"header\" scope=\"col\" valign=\"top\">\n<h3>Num\u00e9ro<\/h3>\n<\/th>\n<th class=\"header\" scope=\"col\" valign=\"top\">\n<h3>Langue<\/h3>\n<\/th>\n<\/tr>\n<\/thead>\n<tbody>\n<tr>\n<td><a href=\"https:\/\/nbrhc.on.ca\/wp-content\/uploads\/2023\/11\/RHC-1503-Referral-for-Outpatient-Rehabilitation-Services-Oct-2023.docx\" target=\"_blank\" rel=\"noopener\">Referral for Outpatient Rehabilitation Services<\/a><\/td>\n<td style=\"text-align: center;\">RHC1503<\/td>\n<td style=\"text-align: center;\">anglais<\/td>\n<\/tr>\n<tr>\n<td><a href=\"https:\/\/nbrhc.on.ca\/wp-content\/uploads\/2023\/09\/295-SPORTS-MED-PATIENT-REFERRAL-FORM-Sept-2023.pdf\" target=\"_blank\" rel=\"noopener\">Referral for North Bay Sport Medicine<\/a><\/td>\n<td style=\"text-align: center;\">NN295<\/td>\n<td style=\"text-align: center;\">anglais<\/td>\n<\/tr>\n<\/tbody>\n<\/table>\n<p>&nbsp;<\/p>\n<h2>Directives m\u00e9dicales<\/h2>\n<table id=\"jobtable\" style=\"width: 100%;\" border=\"2\" summary=\"Directives m\u00e9dicales de r\u00e9adaptation\" cellspacing=\"4\" cellpadding=\"4\">\n<colgroup>\n<col style=\"width: 70%;\" \/>\n<col style=\"width: 12%;\" \/>\n<col style=\"width: 18%;\" \/> <\/colgroup>\n<thead>\n<tr>\n<th class=\"header headerSortDown\" scope=\"col\" valign=\"top\">\n<h3>Nom<\/h3>\n<\/th>\n<th class=\"header\" scope=\"col\" valign=\"top\">\n<h3>Num\u00e9ro<\/h3>\n<\/th>\n<th class=\"header\" scope=\"col\" valign=\"top\">\n<h3>Langue<\/h3>\n<\/th>\n<\/tr>\n<\/thead>\n<tbody>\n<tr>\n<td><a href=\"\/wp-content\/uploads\/2017\/10\/DIR-P-607.pdf\" target=\"_blank\" rel=\"noopener noreferrer\">Advanced Practice Physiotherapist &#8211; Diagnostic Tests<\/a><\/td>\n<td style=\"text-align: center;\">DIR-P-607<\/td>\n<td style=\"text-align: center;\">anglais<\/td>\n<\/tr>\n<\/tbody>\n<\/table>\n","protected":false},"excerpt":{"rendered":"<p>Services de r\u00e9adaptation (ergoth\u00e9rapie, physioth\u00e9rapie, clinique de m\u00e9decine sportive SportMED+, r\u00e9adaptation et orthophonie), formulaires d\u2019aiguillage et directives m\u00e9dicales.<\/p>\n","protected":false},"author":17,"featured_media":0,"parent":5962,"menu_order":0,"comment_status":"closed","ping_status":"closed","template":"","meta":{"_acf_changed":false,"_monsterinsights_skip_tracking":false,"_monsterinsights_sitenote_active":false,"_monsterinsights_sitenote_note":"","_monsterinsights_sitenote_category":0,"footnotes":"","_links_to":"","_links_to_target":"","_wp_rev_ctl_limit":""},"tags":[2816,2817,1593,1594],"class_list":["post-12117","page","type-page","status-publish","hentry","tag-dir-p-607-fr","tag-dirp607-fr","tag-rhc-1503-fr","tag-rhc1503-fr"],"acf":[],"yoast_head":"<!-- This site is optimized with the Yoast SEO plugin v27.4 - https:\/\/yoast.com\/product\/yoast-seo-wordpress\/ -->\n<title>Formulaires de r\u00e9adaptation (patients hospitalis\u00e9s et patients externes) - NBRHC<\/title>\n<meta name=\"description\" content=\"Cette page Web contient des formulaires de r\u00e9adaptation pour les patients hospitalis\u00e9s et ambulatoires, y compris les formulaires de r\u00e9f\u00e9rence et les directives m\u00e9dicales\" \/>\n<meta name=\"robots\" content=\"index, follow, max-snippet:-1, max-image-preview:large, max-video-preview:-1\" \/>\n<link rel=\"canonical\" href=\"https:\/\/nbrhc.on.ca\/fr\/formulaires-pour-les-fournisseuses-et-fournisseurs-de-soins-de-sante\/formulaire-readaptation\/\" \/>\n<meta property=\"og:locale\" content=\"fr_FR\" \/>\n<meta property=\"og:type\" content=\"article\" \/>\n<meta property=\"og:title\" content=\"Formulaires de r\u00e9adaptation (patients hospitalis\u00e9s et patients externes) - NBRHC\" \/>\n<meta property=\"og:description\" content=\"Cette page Web contient des formulaires de r\u00e9adaptation pour les patients hospitalis\u00e9s et ambulatoires, y compris les formulaires de r\u00e9f\u00e9rence et les directives m\u00e9dicales\" \/>\n<meta property=\"og:url\" content=\"https:\/\/nbrhc.on.ca\/fr\/formulaires-pour-les-fournisseuses-et-fournisseurs-de-soins-de-sante\/formulaire-readaptation\/\" \/>\n<meta property=\"og:site_name\" content=\"NBRHC\" \/>\n<meta property=\"article:publisher\" content=\"https:\/\/www.facebook.com\/nbrhc\" \/>\n<meta property=\"article:modified_time\" content=\"2025-12-18T19:39:28+00:00\" \/>\n<meta property=\"og:image\" content=\"https:\/\/nbrhc.on.ca\/wp-content\/uploads\/2015\/07\/icon_col.jpeg\" \/>\n\t<meta property=\"og:image:width\" content=\"619\" \/>\n\t<meta property=\"og:image:height\" content=\"619\" \/>\n\t<meta property=\"og:image:type\" content=\"image\/jpeg\" \/>\n<meta name=\"twitter:label1\" content=\"Dur\u00e9e de lecture estim\u00e9e\" \/>\n\t<meta name=\"twitter:data1\" content=\"1 minute\" \/>\n<script type=\"application\/ld+json\" class=\"yoast-schema-graph\">{\"@context\":\"https:\\\/\\\/schema.org\",\"@graph\":[{\"@type\":\"WebPage\",\"@id\":\"https:\\\/\\\/nbrhc.on.ca\\\/fr\\\/formulaires-pour-les-fournisseuses-et-fournisseurs-de-soins-de-sante\\\/formulaire-readaptation\\\/\",\"url\":\"https:\\\/\\\/nbrhc.on.ca\\\/fr\\\/formulaires-pour-les-fournisseuses-et-fournisseurs-de-soins-de-sante\\\/formulaire-readaptation\\\/\",\"name\":\"Formulaires de r\u00e9adaptation (patients hospitalis\u00e9s et patients externes) - NBRHC\",\"isPartOf\":{\"@id\":\"https:\\\/\\\/nbrhc.on.ca\\\/#website\"},\"datePublished\":\"2016-03-29T18:38:34+00:00\",\"dateModified\":\"2025-12-18T19:39:28+00:00\",\"description\":\"Cette page Web contient des formulaires de r\u00e9adaptation pour les patients hospitalis\u00e9s et ambulatoires, y compris les formulaires de r\u00e9f\u00e9rence et les directives m\u00e9dicales\",\"breadcrumb\":{\"@id\":\"https:\\\/\\\/nbrhc.on.ca\\\/fr\\\/formulaires-pour-les-fournisseuses-et-fournisseurs-de-soins-de-sante\\\/formulaire-readaptation\\\/#breadcrumb\"},\"inLanguage\":\"fr-FR\",\"potentialAction\":[{\"@type\":\"ReadAction\",\"target\":[\"https:\\\/\\\/nbrhc.on.ca\\\/fr\\\/formulaires-pour-les-fournisseuses-et-fournisseurs-de-soins-de-sante\\\/formulaire-readaptation\\\/\"]}]},{\"@type\":\"BreadcrumbList\",\"@id\":\"https:\\\/\\\/nbrhc.on.ca\\\/fr\\\/formulaires-pour-les-fournisseuses-et-fournisseurs-de-soins-de-sante\\\/formulaire-readaptation\\\/#breadcrumb\",\"itemListElement\":[{\"@type\":\"ListItem\",\"position\":1,\"name\":\"Home\",\"item\":\"https:\\\/\\\/nbrhc.on.ca\\\/fr\\\/\"},{\"@type\":\"ListItem\",\"position\":2,\"name\":\"Formulaires pour les fournisseuses et fournisseurs de soins de sant\u00e9\",\"item\":\"https:\\\/\\\/nbrhc.on.ca\\\/fr\\\/formulaires-pour-les-fournisseuses-et-fournisseurs-de-soins-de-sante\\\/\"},{\"@type\":\"ListItem\",\"position\":3,\"name\":\"Formulaires de r\u00e9adaptation (patients hospitalis\u00e9s et patients externes)\"}]},{\"@type\":\"WebSite\",\"@id\":\"https:\\\/\\\/nbrhc.on.ca\\\/#website\",\"url\":\"https:\\\/\\\/nbrhc.on.ca\\\/\",\"name\":\"NBRHC\",\"description\":\"North Bay Regional Health Centre\",\"publisher\":{\"@id\":\"https:\\\/\\\/nbrhc.on.ca\\\/#organization\"},\"potentialAction\":[{\"@type\":\"SearchAction\",\"target\":{\"@type\":\"EntryPoint\",\"urlTemplate\":\"https:\\\/\\\/nbrhc.on.ca\\\/?s={search_term_string}\"},\"query-input\":{\"@type\":\"PropertyValueSpecification\",\"valueRequired\":true,\"valueName\":\"search_term_string\"}}],\"inLanguage\":\"fr-FR\"},{\"@type\":\"Organization\",\"@id\":\"https:\\\/\\\/nbrhc.on.ca\\\/#organization\",\"name\":\"North Bay Regional Health Centre\",\"url\":\"https:\\\/\\\/nbrhc.on.ca\\\/\",\"logo\":{\"@type\":\"ImageObject\",\"inLanguage\":\"fr-FR\",\"@id\":\"https:\\\/\\\/nbrhc.on.ca\\\/#\\\/schema\\\/logo\\\/image\\\/\",\"url\":\"https:\\\/\\\/nbrhc.on.ca\\\/wp-content\\\/uploads\\\/2015\\\/07\\\/logo.jpg\",\"contentUrl\":\"https:\\\/\\\/nbrhc.on.ca\\\/wp-content\\\/uploads\\\/2015\\\/07\\\/logo.jpg\",\"width\":870,\"height\":128,\"caption\":\"North Bay Regional Health Centre\"},\"image\":{\"@id\":\"https:\\\/\\\/nbrhc.on.ca\\\/#\\\/schema\\\/logo\\\/image\\\/\"},\"sameAs\":[\"https:\\\/\\\/www.facebook.com\\\/nbrhc\",\"https:\\\/\\\/x.com\\\/NBRHC\",\"https:\\\/\\\/www.linkedin.com\\\/company\\\/north-bay-regional-health-centre-nbrhc\",\"https:\\\/\\\/www.pinterest.com\\\/nbrhc\",\"https:\\\/\\\/www.youtube.com\\\/TheNBRHC\"]}]}<\/script>\n<!-- \/ Yoast SEO plugin. -->","yoast_head_json":{"title":"Formulaires de r\u00e9adaptation (patients hospitalis\u00e9s et patients externes) - NBRHC","description":"Cette page Web contient des formulaires de r\u00e9adaptation pour les patients hospitalis\u00e9s et ambulatoires, y compris les formulaires de r\u00e9f\u00e9rence et les directives m\u00e9dicales","robots":{"index":"index","follow":"follow","max-snippet":"max-snippet:-1","max-image-preview":"max-image-preview:large","max-video-preview":"max-video-preview:-1"},"canonical":"https:\/\/nbrhc.on.ca\/fr\/formulaires-pour-les-fournisseuses-et-fournisseurs-de-soins-de-sante\/formulaire-readaptation\/","og_locale":"fr_FR","og_type":"article","og_title":"Formulaires de r\u00e9adaptation (patients hospitalis\u00e9s et patients externes) - NBRHC","og_description":"Cette page Web contient des formulaires de r\u00e9adaptation pour les patients hospitalis\u00e9s et ambulatoires, y compris les formulaires de r\u00e9f\u00e9rence et les directives m\u00e9dicales","og_url":"https:\/\/nbrhc.on.ca\/fr\/formulaires-pour-les-fournisseuses-et-fournisseurs-de-soins-de-sante\/formulaire-readaptation\/","og_site_name":"NBRHC","article_publisher":"https:\/\/www.facebook.com\/nbrhc","article_modified_time":"2025-12-18T19:39:28+00:00","og_image":[{"width":619,"height":619,"url":"https:\/\/nbrhc.on.ca\/wp-content\/uploads\/2015\/07\/icon_col.jpeg","type":"image\/jpeg"}],"twitter_misc":{"Dur\u00e9e de lecture estim\u00e9e":"1 minute"},"schema":{"@context":"https:\/\/schema.org","@graph":[{"@type":"WebPage","@id":"https:\/\/nbrhc.on.ca\/fr\/formulaires-pour-les-fournisseuses-et-fournisseurs-de-soins-de-sante\/formulaire-readaptation\/","url":"https:\/\/nbrhc.on.ca\/fr\/formulaires-pour-les-fournisseuses-et-fournisseurs-de-soins-de-sante\/formulaire-readaptation\/","name":"Formulaires de r\u00e9adaptation (patients hospitalis\u00e9s et patients externes) - NBRHC","isPartOf":{"@id":"https:\/\/nbrhc.on.ca\/#website"},"datePublished":"2016-03-29T18:38:34+00:00","dateModified":"2025-12-18T19:39:28+00:00","description":"Cette page Web contient des formulaires de r\u00e9adaptation pour les patients hospitalis\u00e9s et ambulatoires, y compris les formulaires de r\u00e9f\u00e9rence et les directives m\u00e9dicales","breadcrumb":{"@id":"https:\/\/nbrhc.on.ca\/fr\/formulaires-pour-les-fournisseuses-et-fournisseurs-de-soins-de-sante\/formulaire-readaptation\/#breadcrumb"},"inLanguage":"fr-FR","potentialAction":[{"@type":"ReadAction","target":["https:\/\/nbrhc.on.ca\/fr\/formulaires-pour-les-fournisseuses-et-fournisseurs-de-soins-de-sante\/formulaire-readaptation\/"]}]},{"@type":"BreadcrumbList","@id":"https:\/\/nbrhc.on.ca\/fr\/formulaires-pour-les-fournisseuses-et-fournisseurs-de-soins-de-sante\/formulaire-readaptation\/#breadcrumb","itemListElement":[{"@type":"ListItem","position":1,"name":"Home","item":"https:\/\/nbrhc.on.ca\/fr\/"},{"@type":"ListItem","position":2,"name":"Formulaires pour les fournisseuses et fournisseurs de soins de sant\u00e9","item":"https:\/\/nbrhc.on.ca\/fr\/formulaires-pour-les-fournisseuses-et-fournisseurs-de-soins-de-sante\/"},{"@type":"ListItem","position":3,"name":"Formulaires de r\u00e9adaptation (patients hospitalis\u00e9s et patients externes)"}]},{"@type":"WebSite","@id":"https:\/\/nbrhc.on.ca\/#website","url":"https:\/\/nbrhc.on.ca\/","name":"NBRHC","description":"North Bay Regional Health Centre","publisher":{"@id":"https:\/\/nbrhc.on.ca\/#organization"},"potentialAction":[{"@type":"SearchAction","target":{"@type":"EntryPoint","urlTemplate":"https:\/\/nbrhc.on.ca\/?s={search_term_string}"},"query-input":{"@type":"PropertyValueSpecification","valueRequired":true,"valueName":"search_term_string"}}],"inLanguage":"fr-FR"},{"@type":"Organization","@id":"https:\/\/nbrhc.on.ca\/#organization","name":"North Bay Regional Health Centre","url":"https:\/\/nbrhc.on.ca\/","logo":{"@type":"ImageObject","inLanguage":"fr-FR","@id":"https:\/\/nbrhc.on.ca\/#\/schema\/logo\/image\/","url":"https:\/\/nbrhc.on.ca\/wp-content\/uploads\/2015\/07\/logo.jpg","contentUrl":"https:\/\/nbrhc.on.ca\/wp-content\/uploads\/2015\/07\/logo.jpg","width":870,"height":128,"caption":"North Bay Regional Health Centre"},"image":{"@id":"https:\/\/nbrhc.on.ca\/#\/schema\/logo\/image\/"},"sameAs":["https:\/\/www.facebook.com\/nbrhc","https:\/\/x.com\/NBRHC","https:\/\/www.linkedin.com\/company\/north-bay-regional-health-centre-nbrhc","https:\/\/www.pinterest.com\/nbrhc","https:\/\/www.youtube.com\/TheNBRHC"]}]}},"_links":{"self":[{"href":"https:\/\/nbrhc.on.ca\/fr\/wp-json\/wp\/v2\/pages\/12117","targetHints":{"allow":["GET"]}}],"collection":[{"href":"https:\/\/nbrhc.on.ca\/fr\/wp-json\/wp\/v2\/pages"}],"about":[{"href":"https:\/\/nbrhc.on.ca\/fr\/wp-json\/wp\/v2\/types\/page"}],"author":[{"embeddable":true,"href":"https:\/\/nbrhc.on.ca\/fr\/wp-json\/wp\/v2\/users\/17"}],"replies":[{"embeddable":true,"href":"https:\/\/nbrhc.on.ca\/fr\/wp-json\/wp\/v2\/comments?post=12117"}],"version-history":[{"count":6,"href":"https:\/\/nbrhc.on.ca\/fr\/wp-json\/wp\/v2\/pages\/12117\/revisions"}],"predecessor-version":[{"id":46978,"href":"https:\/\/nbrhc.on.ca\/fr\/wp-json\/wp\/v2\/pages\/12117\/revisions\/46978"}],"up":[{"embeddable":true,"href":"https:\/\/nbrhc.on.ca\/fr\/wp-json\/wp\/v2\/pages\/5962"}],"wp:attachment":[{"href":"https:\/\/nbrhc.on.ca\/fr\/wp-json\/wp\/v2\/media?parent=12117"}],"wp:term":[{"taxonomy":"post_tag","embeddable":true,"href":"https:\/\/nbrhc.on.ca\/fr\/wp-json\/wp\/v2\/tags?post=12117"}],"curies":[{"name":"wp","href":"https:\/\/api.w.org\/{rel}","templated":true}]}}