{"id":12119,"date":"2016-03-29T14:41:40","date_gmt":"2016-03-29T18:41:40","guid":{"rendered":"http:\/\/www.nbrhc.on.ca\/fr\/formulaires-pour-les-fournisseuses-et-fournisseurs-de-soins-de-sante\/other-forms\/"},"modified":"2021-12-02T15:10:50","modified_gmt":"2021-12-02T20:10:50","slug":"autres-formulaires","status":"publish","type":"page","link":"https:\/\/nbrhc.on.ca\/fr\/formulaires-pour-les-fournisseuses-et-fournisseurs-de-soins-de-sante\/autres-formulaires\/","title":{"rendered":"Autres formulaires"},"content":{"rendered":"<h2>Autres formulaires<\/h2>\n<table id=\"jobtable\" style=\"width: 100%;\" border=\"2\" cellspacing=\"4\" cellpadding=\"4\" summary=\"Autres formulaires\">\n<colgroup>\n<col style=\"width: 70%;\" \/>\n<col style=\"width: 12%;\" \/>\n<col style=\"width: 18%;\" \/> <\/colgroup>\n<thead>\n<tr>\n<th class=\"header headerSortDown\" scope=\"col\" valign=\"top\">\n<h3>Nom<\/h3>\n<\/th>\n<th class=\"header\" scope=\"col\" valign=\"top\">\n<h3>Num\u00e9ro<\/h3>\n<\/th>\n<th class=\"header\" scope=\"col\" valign=\"top\">\n<h3>Langue<\/h3>\n<\/th>\n<\/tr>\n<\/thead>\n<tbody>\n<tr>\n<td><a href=\"\/wp-content\/uploads\/2016\/06\/RHC598-FR-March-2015-.pdf\" target=\"_blank\" rel=\"noopener noreferrer\">Consentement au traitement<\/a><\/td>\n<td style=\"text-align: center;\">RHC 598<\/td>\n<td style=\"text-align: center;\">fran\u00e7ais<\/td>\n<\/tr>\n<tr>\n<td><a href=\"\/wp-content\/uploads\/2016\/04\/989-July-2014.pdf\" target=\"_blank\" rel=\"noopener noreferrer\">Clinic Fee Schedule<\/a><\/td>\n<td style=\"text-align: center;\">RHC\u00a0989<\/td>\n<td style=\"text-align: center;\">anglais<\/td>\n<\/tr>\n<tr>\n<td><a href=\"\/wp-content\/uploads\/2016\/04\/993-September-2015.pdf\" target=\"_blank\" rel=\"noopener noreferrer\">Bed Allocation Form<\/a><\/td>\n<td style=\"text-align: center;\">RHC\u00a0993<\/td>\n<td style=\"text-align: center;\">anglais<\/td>\n<\/tr>\n<tr>\n<td><a href=\"\/wp-content\/uploads\/2016\/04\/1074-October-2015.pdf\" target=\"_blank\" rel=\"noopener noreferrer\">Dear Patient &#8211; Influenza<\/a><\/td>\n<td style=\"text-align: center;\">RHC\u00a01074<\/td>\n<td style=\"text-align: center;\">anglais et fran\u00e7ais<\/td>\n<\/tr>\n<tr>\n<td><a href=\"\/wp-content\/uploads\/2016\/04\/1703-I-Rev-Feb-2012.pdf\" target=\"_blank\" rel=\"noopener noreferrer\">Faxing Order Form (Orders Faxed from Physician&rsquo;s Offices)<\/a><\/td>\n<td style=\"text-align: center;\">RHC\u00a01703<\/td>\n<td style=\"text-align: center;\">anglais<\/td>\n<\/tr>\n<\/tbody>\n<\/table>\n","protected":false},"excerpt":{"rendered":"<p>Toutes les autres formulaires : Consentement au traitement, Bar\u00e8me des frais de clinique, Formulaire d&rsquo;attribution de lit, Cher patient &#8211; Grippe et Formulaire de commande par t\u00e9l\u00e9copie.<\/p>\n","protected":false},"author":17,"featured_media":0,"parent":5962,"menu_order":0,"comment_status":"closed","ping_status":"closed","template":"","meta":{"_acf_changed":false,"_monsterinsights_skip_tracking":false,"_monsterinsights_sitenote_active":false,"_monsterinsights_sitenote_note":"","_monsterinsights_sitenote_category":0,"footnotes":"","_links_to":"","_links_to_target":"","_wp_rev_ctl_limit":""},"tags":[2174,2175,2188,2172,2173,2178,2179,2189,2176,2177],"class_list":["post-12119","page","type-page","status-publish","hentry","tag-rhc-1074","tag-rhc-1703","tag-rhc-598","tag-rhc-989","tag-rhc-993","tag-rhc1074","tag-rhc1703","tag-rhc598","tag-rhc989","tag-rhc993"],"acf":[],"yoast_head":"<!-- This site is optimized with the Yoast SEO plugin v27.4 - https:\/\/yoast.com\/product\/yoast-seo-wordpress\/ -->\n<title>Autres formulaires - NBRHC<\/title>\n<meta name=\"description\" content=\"Visitez cette page pour acc\u00e9der aux formulaires m\u00e9dicaux, aux formulaires de commande par t\u00e9l\u00e9copieur, au bar\u00e8me des frais de la clinique, au formulaire d&#039;attribution des lits et bien plus encore\" \/>\n<meta name=\"robots\" content=\"index, follow, max-snippet:-1, max-image-preview:large, max-video-preview:-1\" \/>\n<link rel=\"canonical\" href=\"https:\/\/nbrhc.on.ca\/fr\/formulaires-pour-les-fournisseuses-et-fournisseurs-de-soins-de-sante\/autres-formulaires\/\" \/>\n<meta property=\"og:locale\" content=\"fr_FR\" \/>\n<meta property=\"og:type\" content=\"article\" \/>\n<meta property=\"og:title\" content=\"Autres formulaires - NBRHC\" \/>\n<meta property=\"og:description\" content=\"Visitez cette page pour acc\u00e9der aux formulaires m\u00e9dicaux, aux formulaires de commande par t\u00e9l\u00e9copieur, au bar\u00e8me des frais de la clinique, au formulaire d&#039;attribution des lits et bien plus encore\" \/>\n<meta property=\"og:url\" content=\"https:\/\/nbrhc.on.ca\/fr\/formulaires-pour-les-fournisseuses-et-fournisseurs-de-soins-de-sante\/autres-formulaires\/\" \/>\n<meta property=\"og:site_name\" content=\"NBRHC\" \/>\n<meta property=\"article:publisher\" content=\"https:\/\/www.facebook.com\/nbrhc\" \/>\n<meta property=\"article:modified_time\" content=\"2021-12-02T20:10:50+00:00\" \/>\n<meta property=\"og:image\" content=\"https:\/\/nbrhc.on.ca\/wp-content\/uploads\/2015\/07\/icon_col.jpeg\" \/>\n\t<meta property=\"og:image:width\" content=\"619\" \/>\n\t<meta property=\"og:image:height\" content=\"619\" \/>\n\t<meta property=\"og:image:type\" content=\"image\/jpeg\" \/>\n<script type=\"application\/ld+json\" class=\"yoast-schema-graph\">{\"@context\":\"https:\\\/\\\/schema.org\",\"@graph\":[{\"@type\":\"WebPage\",\"@id\":\"https:\\\/\\\/nbrhc.on.ca\\\/fr\\\/formulaires-pour-les-fournisseuses-et-fournisseurs-de-soins-de-sante\\\/autres-formulaires\\\/\",\"url\":\"https:\\\/\\\/nbrhc.on.ca\\\/fr\\\/formulaires-pour-les-fournisseuses-et-fournisseurs-de-soins-de-sante\\\/autres-formulaires\\\/\",\"name\":\"Autres formulaires - NBRHC\",\"isPartOf\":{\"@id\":\"https:\\\/\\\/nbrhc.on.ca\\\/#website\"},\"datePublished\":\"2016-03-29T18:41:40+00:00\",\"dateModified\":\"2021-12-02T20:10:50+00:00\",\"description\":\"Visitez cette page pour acc\u00e9der aux formulaires m\u00e9dicaux, aux formulaires de commande par t\u00e9l\u00e9copieur, au bar\u00e8me des frais de la clinique, au formulaire d'attribution des lits et bien plus encore\",\"breadcrumb\":{\"@id\":\"https:\\\/\\\/nbrhc.on.ca\\\/fr\\\/formulaires-pour-les-fournisseuses-et-fournisseurs-de-soins-de-sante\\\/autres-formulaires\\\/#breadcrumb\"},\"inLanguage\":\"fr-FR\",\"potentialAction\":[{\"@type\":\"ReadAction\",\"target\":[\"https:\\\/\\\/nbrhc.on.ca\\\/fr\\\/formulaires-pour-les-fournisseuses-et-fournisseurs-de-soins-de-sante\\\/autres-formulaires\\\/\"]}]},{\"@type\":\"BreadcrumbList\",\"@id\":\"https:\\\/\\\/nbrhc.on.ca\\\/fr\\\/formulaires-pour-les-fournisseuses-et-fournisseurs-de-soins-de-sante\\\/autres-formulaires\\\/#breadcrumb\",\"itemListElement\":[{\"@type\":\"ListItem\",\"position\":1,\"name\":\"Home\",\"item\":\"https:\\\/\\\/nbrhc.on.ca\\\/fr\\\/\"},{\"@type\":\"ListItem\",\"position\":2,\"name\":\"Formulaires pour les fournisseuses et fournisseurs de soins de sant\u00e9\",\"item\":\"https:\\\/\\\/nbrhc.on.ca\\\/fr\\\/formulaires-pour-les-fournisseuses-et-fournisseurs-de-soins-de-sante\\\/\"},{\"@type\":\"ListItem\",\"position\":3,\"name\":\"Autres formulaires\"}]},{\"@type\":\"WebSite\",\"@id\":\"https:\\\/\\\/nbrhc.on.ca\\\/#website\",\"url\":\"https:\\\/\\\/nbrhc.on.ca\\\/\",\"name\":\"NBRHC\",\"description\":\"North Bay Regional Health Centre\",\"publisher\":{\"@id\":\"https:\\\/\\\/nbrhc.on.ca\\\/#organization\"},\"potentialAction\":[{\"@type\":\"SearchAction\",\"target\":{\"@type\":\"EntryPoint\",\"urlTemplate\":\"https:\\\/\\\/nbrhc.on.ca\\\/?s={search_term_string}\"},\"query-input\":{\"@type\":\"PropertyValueSpecification\",\"valueRequired\":true,\"valueName\":\"search_term_string\"}}],\"inLanguage\":\"fr-FR\"},{\"@type\":\"Organization\",\"@id\":\"https:\\\/\\\/nbrhc.on.ca\\\/#organization\",\"name\":\"North Bay Regional Health Centre\",\"url\":\"https:\\\/\\\/nbrhc.on.ca\\\/\",\"logo\":{\"@type\":\"ImageObject\",\"inLanguage\":\"fr-FR\",\"@id\":\"https:\\\/\\\/nbrhc.on.ca\\\/#\\\/schema\\\/logo\\\/image\\\/\",\"url\":\"https:\\\/\\\/nbrhc.on.ca\\\/wp-content\\\/uploads\\\/2015\\\/07\\\/logo.jpg\",\"contentUrl\":\"https:\\\/\\\/nbrhc.on.ca\\\/wp-content\\\/uploads\\\/2015\\\/07\\\/logo.jpg\",\"width\":870,\"height\":128,\"caption\":\"North Bay Regional Health Centre\"},\"image\":{\"@id\":\"https:\\\/\\\/nbrhc.on.ca\\\/#\\\/schema\\\/logo\\\/image\\\/\"},\"sameAs\":[\"https:\\\/\\\/www.facebook.com\\\/nbrhc\",\"https:\\\/\\\/x.com\\\/NBRHC\",\"https:\\\/\\\/www.linkedin.com\\\/company\\\/north-bay-regional-health-centre-nbrhc\",\"https:\\\/\\\/www.pinterest.com\\\/nbrhc\",\"https:\\\/\\\/www.youtube.com\\\/TheNBRHC\"]}]}<\/script>\n<!-- \/ Yoast SEO plugin. -->","yoast_head_json":{"title":"Autres formulaires - NBRHC","description":"Visitez cette page pour acc\u00e9der aux formulaires m\u00e9dicaux, aux formulaires de commande par t\u00e9l\u00e9copieur, au bar\u00e8me des frais de la clinique, au formulaire d'attribution des lits et bien plus encore","robots":{"index":"index","follow":"follow","max-snippet":"max-snippet:-1","max-image-preview":"max-image-preview:large","max-video-preview":"max-video-preview:-1"},"canonical":"https:\/\/nbrhc.on.ca\/fr\/formulaires-pour-les-fournisseuses-et-fournisseurs-de-soins-de-sante\/autres-formulaires\/","og_locale":"fr_FR","og_type":"article","og_title":"Autres formulaires - NBRHC","og_description":"Visitez cette page pour acc\u00e9der aux formulaires m\u00e9dicaux, aux formulaires de commande par t\u00e9l\u00e9copieur, au bar\u00e8me des frais de la clinique, au formulaire d'attribution des lits et bien plus encore","og_url":"https:\/\/nbrhc.on.ca\/fr\/formulaires-pour-les-fournisseuses-et-fournisseurs-de-soins-de-sante\/autres-formulaires\/","og_site_name":"NBRHC","article_publisher":"https:\/\/www.facebook.com\/nbrhc","article_modified_time":"2021-12-02T20:10:50+00:00","og_image":[{"width":619,"height":619,"url":"https:\/\/nbrhc.on.ca\/wp-content\/uploads\/2015\/07\/icon_col.jpeg","type":"image\/jpeg"}],"schema":{"@context":"https:\/\/schema.org","@graph":[{"@type":"WebPage","@id":"https:\/\/nbrhc.on.ca\/fr\/formulaires-pour-les-fournisseuses-et-fournisseurs-de-soins-de-sante\/autres-formulaires\/","url":"https:\/\/nbrhc.on.ca\/fr\/formulaires-pour-les-fournisseuses-et-fournisseurs-de-soins-de-sante\/autres-formulaires\/","name":"Autres formulaires - NBRHC","isPartOf":{"@id":"https:\/\/nbrhc.on.ca\/#website"},"datePublished":"2016-03-29T18:41:40+00:00","dateModified":"2021-12-02T20:10:50+00:00","description":"Visitez cette page pour acc\u00e9der aux formulaires m\u00e9dicaux, aux formulaires de commande par t\u00e9l\u00e9copieur, au bar\u00e8me des frais de la clinique, au formulaire d'attribution des lits et bien plus encore","breadcrumb":{"@id":"https:\/\/nbrhc.on.ca\/fr\/formulaires-pour-les-fournisseuses-et-fournisseurs-de-soins-de-sante\/autres-formulaires\/#breadcrumb"},"inLanguage":"fr-FR","potentialAction":[{"@type":"ReadAction","target":["https:\/\/nbrhc.on.ca\/fr\/formulaires-pour-les-fournisseuses-et-fournisseurs-de-soins-de-sante\/autres-formulaires\/"]}]},{"@type":"BreadcrumbList","@id":"https:\/\/nbrhc.on.ca\/fr\/formulaires-pour-les-fournisseuses-et-fournisseurs-de-soins-de-sante\/autres-formulaires\/#breadcrumb","itemListElement":[{"@type":"ListItem","position":1,"name":"Home","item":"https:\/\/nbrhc.on.ca\/fr\/"},{"@type":"ListItem","position":2,"name":"Formulaires pour les fournisseuses et fournisseurs de soins de sant\u00e9","item":"https:\/\/nbrhc.on.ca\/fr\/formulaires-pour-les-fournisseuses-et-fournisseurs-de-soins-de-sante\/"},{"@type":"ListItem","position":3,"name":"Autres formulaires"}]},{"@type":"WebSite","@id":"https:\/\/nbrhc.on.ca\/#website","url":"https:\/\/nbrhc.on.ca\/","name":"NBRHC","description":"North Bay Regional Health Centre","publisher":{"@id":"https:\/\/nbrhc.on.ca\/#organization"},"potentialAction":[{"@type":"SearchAction","target":{"@type":"EntryPoint","urlTemplate":"https:\/\/nbrhc.on.ca\/?s={search_term_string}"},"query-input":{"@type":"PropertyValueSpecification","valueRequired":true,"valueName":"search_term_string"}}],"inLanguage":"fr-FR"},{"@type":"Organization","@id":"https:\/\/nbrhc.on.ca\/#organization","name":"North Bay Regional Health Centre","url":"https:\/\/nbrhc.on.ca\/","logo":{"@type":"ImageObject","inLanguage":"fr-FR","@id":"https:\/\/nbrhc.on.ca\/#\/schema\/logo\/image\/","url":"https:\/\/nbrhc.on.ca\/wp-content\/uploads\/2015\/07\/logo.jpg","contentUrl":"https:\/\/nbrhc.on.ca\/wp-content\/uploads\/2015\/07\/logo.jpg","width":870,"height":128,"caption":"North Bay Regional Health Centre"},"image":{"@id":"https:\/\/nbrhc.on.ca\/#\/schema\/logo\/image\/"},"sameAs":["https:\/\/www.facebook.com\/nbrhc","https:\/\/x.com\/NBRHC","https:\/\/www.linkedin.com\/company\/north-bay-regional-health-centre-nbrhc","https:\/\/www.pinterest.com\/nbrhc","https:\/\/www.youtube.com\/TheNBRHC"]}]}},"_links":{"self":[{"href":"https:\/\/nbrhc.on.ca\/fr\/wp-json\/wp\/v2\/pages\/12119","targetHints":{"allow":["GET"]}}],"collection":[{"href":"https:\/\/nbrhc.on.ca\/fr\/wp-json\/wp\/v2\/pages"}],"about":[{"href":"https:\/\/nbrhc.on.ca\/fr\/wp-json\/wp\/v2\/types\/page"}],"author":[{"embeddable":true,"href":"https:\/\/nbrhc.on.ca\/fr\/wp-json\/wp\/v2\/users\/17"}],"replies":[{"embeddable":true,"href":"https:\/\/nbrhc.on.ca\/fr\/wp-json\/wp\/v2\/comments?post=12119"}],"version-history":[{"count":5,"href":"https:\/\/nbrhc.on.ca\/fr\/wp-json\/wp\/v2\/pages\/12119\/revisions"}],"predecessor-version":[{"id":28704,"href":"https:\/\/nbrhc.on.ca\/fr\/wp-json\/wp\/v2\/pages\/12119\/revisions\/28704"}],"up":[{"embeddable":true,"href":"https:\/\/nbrhc.on.ca\/fr\/wp-json\/wp\/v2\/pages\/5962"}],"wp:attachment":[{"href":"https:\/\/nbrhc.on.ca\/fr\/wp-json\/wp\/v2\/media?parent=12119"}],"wp:term":[{"taxonomy":"post_tag","embeddable":true,"href":"https:\/\/nbrhc.on.ca\/fr\/wp-json\/wp\/v2\/tags?post=12119"}],"curies":[{"name":"wp","href":"https:\/\/api.w.org\/{rel}","templated":true}]}}