{"id":12433,"date":"2016-04-15T15:55:42","date_gmt":"2016-04-15T19:55:42","guid":{"rendered":"http:\/\/www.nbrhc.on.ca\/fr\/?page_id=12433"},"modified":"2022-10-21T14:14:08","modified_gmt":"2022-10-21T18:14:08","slug":"unite-de-sante-mentale-pour-enfants-et-adolescents","status":"publish","type":"page","link":"https:\/\/nbrhc.on.ca\/fr\/programme-et-services\/programmes-et-services-de-sante-mentale\/sante-mentale-et-lutte-contre-la-toxicomanie\/unite-de-sante-mentale-pour-enfants-et-adolescents\/","title":{"rendered":"Unit\u00e9 de sant\u00e9 mentale pour enfants et adolescents"},"content":{"rendered":"<p>L\u2019unit\u00e9 comporte six chambres individuelles. On y trouve aussi une cuisine et une aire de repas o\u00f9 les enfants et les adolescents peuvent manger et pr\u00e9parer de la nourriture. Il y a aussi un salon o\u00f9 les jeunes peuvent regarder la t\u00e9l\u00e9, et un endroit r\u00e9serv\u00e9 aux jeux vid\u00e9o et au bricolage. De plus, l\u2019unit\u00e9 renferme une salle de classe, un gymnase et un endroit o\u00f9 faire du jardinage (quand le temps le permet). On offre, \u00e0 l\u2019unit\u00e9, des services non planifi\u00e9s d\u2019intervention en cas de crise ainsi que des services planifi\u00e9s aux jeunes des districts de Nipissing, de Parry Sound, de Cochrane Sud et de Muskoka.<\/p>\n<h2>Services\u00a0aux patients hospitalis\u00e9s<\/h2>\n<h3>Services d\u2019intervention en cas de crise<\/h3>\n<p>La plupart des patients sont adress\u00e9s \u00e0 l\u2019unit\u00e9 par le service des urgences d\u2019un h\u00f4pital. Ils aboutissent \u00e0 l\u2019unit\u00e9 parce qu\u2019on s\u2019inqui\u00e8te de leur s\u00e9curit\u00e9. Par exemple, une personne peut \u00eatre admise parce qu\u2019elle a des id\u00e9es suicidaires, a perdu le contact avec la r\u00e9alit\u00e9 ou est agressive et risque de blesser quelqu\u2019un gravement.<\/p>\n<p>Lorsque le patient arrive \u00e0 l\u2019unit\u00e9, le personnel travaille avec lui pour d\u00e9terminer s\u2019il est \u00e0 risque. Le cas \u00e9ch\u00e9ant, le personnel continue \u00e0 aider le patient \u00e0 r\u00e9duire le risque et les causes connexes jusqu\u2019\u00e0 ce que l\u2019enfant ou l\u2019adolescent soit pr\u00eat \u00e0 rentrer chez lui. Dans la plupart des cas, les services d\u2019intervention en cas de crise sont tr\u00e8s brefs et ne durent habituellement pas plus de 72\u00a0heures.<\/p>\n<h3>Services planifi\u00e9s<\/h3>\n<p>Les renvois vers les services planifi\u00e9s d\u2019\u00e9valuation et de traitement se font par les organismes communautaires. Il faut pr\u00e9voir une s\u00e9ance de pr\u00e9admission au cours de laquelle on m\u00e8nera une discussion \u00e9clair\u00e9e avec l\u2019enfant ou l\u2019adolescent, sa famille et les sources du renvoi. En r\u00e8gle g\u00e9n\u00e9rale, les jeunes qui re\u00e7oivent des services planifi\u00e9s passent de deux \u00e0 six semaines \u00e0 l\u2019unit\u00e9.<\/p>\n<h2>Services communautaires<\/h2>\n<h3>Partenariats<\/h3>\n<p>Les organismes de services communautaires sont des partenaires qui appuient les strat\u00e9gies d\u2019\u00e9valuation et d\u2019intervention, par exemple en travaillant avec la famille au moment de l\u2019admission et en fournissant des services apr\u00e8s le cong\u00e9 de l\u2019h\u00f4pital.<\/p>\n<h3>Services \u00e0 la famille<\/h3>\n<p><a href=\"http:\/\/www.cccnip.com\/fr\/\" target=\"_blank\" rel=\"noopener noreferrer\">Centre communautaire de counselling du Nipissing<\/a><\/p>\n<h3>Services offerts en milieu scolaire<\/h3>\n<p><a href=\"https:\/\/healthcareathome.ca\/fr\/infirmieres-en-sante-mentale-et-en-toxicomanie\/\" target=\"_blank\" rel=\"noopener noreferrer\">Centre d&rsquo;acc\u00e8s aux soins communautaires \u2013 Infirmi\u00e8res et infirmiers en sant\u00e9 mentale et en toxicomanie<\/a><\/p>\n<h3>Sant\u00e9 mentale pour enfants<\/h3>\n<p><a href=\"https:\/\/familyconnexions.ca\/fr\/page-daccueil\/\" target=\"_blank\" rel=\"noopener noreferrer\">Services \u00e0 l\u2019enfance, \u00e0 la jeunesse et aux familles de Simcoe Muskoka<\/a><\/p>\n<p><a href=\"https:\/\/www.lereseaudaideauxfamilles.ca\/?lang=FR\" target=\"_blank\" rel=\"noopener\">Mains \u2013 Le R\u00e9seau d&rsquo;aide aux familles<\/a><\/p>\n<p><a href=\"https:\/\/www.neofacs.org\/fr\/\" target=\"_blank\" rel=\"noopener noreferrer\">Services \u00e0 la famille et \u00e0 l\u2019enfance du Nord-Est de l\u2019Ontario (SFENEO)<\/a><\/p>\n<h3>Soci\u00e9t\u00e9 d\u2019aide \u00e0 l\u2019enfance<\/h3>\n<p><a href=\"https:\/\/www.parnipcas.org\/fr\/\" target=\"_blank\" rel=\"noopener noreferrer\">La Soci\u00e9t\u00e9 d\u2019aide \u00e0 l\u2019enfance de Nipissing et Parry Sound<\/a><\/p>\n<p><a href=\"https:\/\/www.parnipcas.org\/fr\/programmes-et-services\/centre-dappui-aux-enfants-et-a-la-jeunesse-de-nipissing\/\" target=\"_blank\" rel=\"noopener\">Centre d\u2019appui aux enfants et \u00e0 la jeunesse de Nipissing<\/a><\/p>\n","protected":false},"excerpt":{"rendered":"<p>On offre, \u00e0 l\u2019unit\u00e9, des services non planifi\u00e9s d\u2019intervention en cas de crise ainsi que des services planifi\u00e9s aux jeunes des districts de Nipissing, de Parry Sound, de Cochrane Sud et de Muskoka.<\/p>\n","protected":false},"author":17,"featured_media":0,"parent":2610,"menu_order":0,"comment_status":"closed","ping_status":"closed","template":"","meta":{"_acf_changed":false,"_monsterinsights_skip_tracking":false,"_monsterinsights_sitenote_active":false,"_monsterinsights_sitenote_note":"","_monsterinsights_sitenote_category":0,"footnotes":"","_links_to":"","_links_to_target":"","_wp_rev_ctl_limit":""},"tags":[],"class_list":["post-12433","page","type-page","status-publish","hentry"],"acf":[],"yoast_head":"<!-- This site is optimized with the Yoast SEO plugin v27.4 - https:\/\/yoast.com\/product\/yoast-seo-wordpress\/ -->\n<title>Unit\u00e9 de sant\u00e9 mentale pour enfants et adolescents - NBRHC<\/title>\n<meta name=\"description\" content=\"On offre, \u00e0 l\u2019unit\u00e9, des services non planifi\u00e9s d\u2019intervention en cas de crise ainsi que des services planifi\u00e9s aux jeunes\" \/>\n<meta name=\"robots\" content=\"index, follow, max-snippet:-1, max-image-preview:large, max-video-preview:-1\" \/>\n<link rel=\"canonical\" href=\"https:\/\/nbrhc.on.ca\/fr\/programme-et-services\/programmes-et-services-de-sante-mentale\/sante-mentale-et-lutte-contre-la-toxicomanie\/unite-de-sante-mentale-pour-enfants-et-adolescents\/\" \/>\n<meta property=\"og:locale\" content=\"fr_FR\" \/>\n<meta property=\"og:type\" content=\"article\" \/>\n<meta property=\"og:title\" content=\"Unit\u00e9 de sant\u00e9 mentale pour enfants et adolescents - NBRHC\" \/>\n<meta property=\"og:description\" content=\"On offre, \u00e0 l\u2019unit\u00e9, des services non planifi\u00e9s d\u2019intervention en cas de crise ainsi que des services planifi\u00e9s aux jeunes\" \/>\n<meta property=\"og:url\" content=\"https:\/\/nbrhc.on.ca\/fr\/programme-et-services\/programmes-et-services-de-sante-mentale\/sante-mentale-et-lutte-contre-la-toxicomanie\/unite-de-sante-mentale-pour-enfants-et-adolescents\/\" \/>\n<meta property=\"og:site_name\" content=\"NBRHC\" \/>\n<meta property=\"article:publisher\" content=\"https:\/\/www.facebook.com\/nbrhc\" \/>\n<meta property=\"article:modified_time\" content=\"2022-10-21T18:14:08+00:00\" \/>\n<meta property=\"og:image\" content=\"https:\/\/nbrhc.on.ca\/wp-content\/uploads\/2015\/07\/icon_col.jpeg\" \/>\n\t<meta property=\"og:image:width\" content=\"619\" \/>\n\t<meta property=\"og:image:height\" content=\"619\" \/>\n\t<meta property=\"og:image:type\" content=\"image\/jpeg\" \/>\n<meta name=\"twitter:label1\" content=\"Dur\u00e9e de lecture estim\u00e9e\" \/>\n\t<meta name=\"twitter:data1\" content=\"2 minutes\" \/>\n<script type=\"application\/ld+json\" class=\"yoast-schema-graph\">{\"@context\":\"https:\\\/\\\/schema.org\",\"@graph\":[{\"@type\":\"WebPage\",\"@id\":\"https:\\\/\\\/nbrhc.on.ca\\\/fr\\\/programme-et-services\\\/programmes-et-services-de-sante-mentale\\\/sante-mentale-et-lutte-contre-la-toxicomanie\\\/unite-de-sante-mentale-pour-enfants-et-adolescents\\\/\",\"url\":\"https:\\\/\\\/nbrhc.on.ca\\\/fr\\\/programme-et-services\\\/programmes-et-services-de-sante-mentale\\\/sante-mentale-et-lutte-contre-la-toxicomanie\\\/unite-de-sante-mentale-pour-enfants-et-adolescents\\\/\",\"name\":\"Unit\u00e9 de sant\u00e9 mentale pour enfants et adolescents - NBRHC\",\"isPartOf\":{\"@id\":\"https:\\\/\\\/nbrhc.on.ca\\\/#website\"},\"datePublished\":\"2016-04-15T19:55:42+00:00\",\"dateModified\":\"2022-10-21T18:14:08+00:00\",\"description\":\"On offre, \u00e0 l\u2019unit\u00e9, des services non planifi\u00e9s d\u2019intervention en cas de crise ainsi que des services planifi\u00e9s aux jeunes\",\"breadcrumb\":{\"@id\":\"https:\\\/\\\/nbrhc.on.ca\\\/fr\\\/programme-et-services\\\/programmes-et-services-de-sante-mentale\\\/sante-mentale-et-lutte-contre-la-toxicomanie\\\/unite-de-sante-mentale-pour-enfants-et-adolescents\\\/#breadcrumb\"},\"inLanguage\":\"fr-FR\",\"potentialAction\":[{\"@type\":\"ReadAction\",\"target\":[\"https:\\\/\\\/nbrhc.on.ca\\\/fr\\\/programme-et-services\\\/programmes-et-services-de-sante-mentale\\\/sante-mentale-et-lutte-contre-la-toxicomanie\\\/unite-de-sante-mentale-pour-enfants-et-adolescents\\\/\"]}]},{\"@type\":\"BreadcrumbList\",\"@id\":\"https:\\\/\\\/nbrhc.on.ca\\\/fr\\\/programme-et-services\\\/programmes-et-services-de-sante-mentale\\\/sante-mentale-et-lutte-contre-la-toxicomanie\\\/unite-de-sante-mentale-pour-enfants-et-adolescents\\\/#breadcrumb\",\"itemListElement\":[{\"@type\":\"ListItem\",\"position\":1,\"name\":\"Home\",\"item\":\"https:\\\/\\\/nbrhc.on.ca\\\/fr\\\/\"},{\"@type\":\"ListItem\",\"position\":2,\"name\":\"Programmes et services\",\"item\":\"https:\\\/\\\/nbrhc.on.ca\\\/fr\\\/programme-et-services\\\/\"},{\"@type\":\"ListItem\",\"position\":3,\"name\":\"Programmes et services de sant\u00e9 mentale\",\"item\":\"https:\\\/\\\/nbrhc.on.ca\\\/fr\\\/programme-et-services\\\/programmes-et-services-de-sante-mentale\\\/\"},{\"@type\":\"ListItem\",\"position\":4,\"name\":\"Sant\u00e9 mentale et lutte contre la toxicomanie\",\"item\":\"https:\\\/\\\/nbrhc.on.ca\\\/fr\\\/programme-et-services\\\/programmes-et-services-de-sante-mentale\\\/sante-mentale-et-lutte-contre-la-toxicomanie\\\/\"},{\"@type\":\"ListItem\",\"position\":5,\"name\":\"Unit\u00e9 de sant\u00e9 mentale pour enfants et adolescents\"}]},{\"@type\":\"WebSite\",\"@id\":\"https:\\\/\\\/nbrhc.on.ca\\\/#website\",\"url\":\"https:\\\/\\\/nbrhc.on.ca\\\/\",\"name\":\"NBRHC\",\"description\":\"North Bay Regional Health Centre\",\"publisher\":{\"@id\":\"https:\\\/\\\/nbrhc.on.ca\\\/#organization\"},\"potentialAction\":[{\"@type\":\"SearchAction\",\"target\":{\"@type\":\"EntryPoint\",\"urlTemplate\":\"https:\\\/\\\/nbrhc.on.ca\\\/?s={search_term_string}\"},\"query-input\":{\"@type\":\"PropertyValueSpecification\",\"valueRequired\":true,\"valueName\":\"search_term_string\"}}],\"inLanguage\":\"fr-FR\"},{\"@type\":\"Organization\",\"@id\":\"https:\\\/\\\/nbrhc.on.ca\\\/#organization\",\"name\":\"North Bay Regional Health Centre\",\"url\":\"https:\\\/\\\/nbrhc.on.ca\\\/\",\"logo\":{\"@type\":\"ImageObject\",\"inLanguage\":\"fr-FR\",\"@id\":\"https:\\\/\\\/nbrhc.on.ca\\\/#\\\/schema\\\/logo\\\/image\\\/\",\"url\":\"https:\\\/\\\/nbrhc.on.ca\\\/wp-content\\\/uploads\\\/2015\\\/07\\\/logo.jpg\",\"contentUrl\":\"https:\\\/\\\/nbrhc.on.ca\\\/wp-content\\\/uploads\\\/2015\\\/07\\\/logo.jpg\",\"width\":870,\"height\":128,\"caption\":\"North Bay Regional Health Centre\"},\"image\":{\"@id\":\"https:\\\/\\\/nbrhc.on.ca\\\/#\\\/schema\\\/logo\\\/image\\\/\"},\"sameAs\":[\"https:\\\/\\\/www.facebook.com\\\/nbrhc\",\"https:\\\/\\\/x.com\\\/NBRHC\",\"https:\\\/\\\/www.linkedin.com\\\/company\\\/north-bay-regional-health-centre-nbrhc\",\"https:\\\/\\\/www.pinterest.com\\\/nbrhc\",\"https:\\\/\\\/www.youtube.com\\\/TheNBRHC\"]}]}<\/script>\n<!-- \/ Yoast SEO plugin. -->","yoast_head_json":{"title":"Unit\u00e9 de sant\u00e9 mentale pour enfants et adolescents - NBRHC","description":"On offre, \u00e0 l\u2019unit\u00e9, des services non planifi\u00e9s d\u2019intervention en cas de crise ainsi que des services planifi\u00e9s aux jeunes","robots":{"index":"index","follow":"follow","max-snippet":"max-snippet:-1","max-image-preview":"max-image-preview:large","max-video-preview":"max-video-preview:-1"},"canonical":"https:\/\/nbrhc.on.ca\/fr\/programme-et-services\/programmes-et-services-de-sante-mentale\/sante-mentale-et-lutte-contre-la-toxicomanie\/unite-de-sante-mentale-pour-enfants-et-adolescents\/","og_locale":"fr_FR","og_type":"article","og_title":"Unit\u00e9 de sant\u00e9 mentale pour enfants et adolescents - NBRHC","og_description":"On offre, \u00e0 l\u2019unit\u00e9, des services non planifi\u00e9s d\u2019intervention en cas de crise ainsi que des services planifi\u00e9s aux jeunes","og_url":"https:\/\/nbrhc.on.ca\/fr\/programme-et-services\/programmes-et-services-de-sante-mentale\/sante-mentale-et-lutte-contre-la-toxicomanie\/unite-de-sante-mentale-pour-enfants-et-adolescents\/","og_site_name":"NBRHC","article_publisher":"https:\/\/www.facebook.com\/nbrhc","article_modified_time":"2022-10-21T18:14:08+00:00","og_image":[{"width":619,"height":619,"url":"https:\/\/nbrhc.on.ca\/wp-content\/uploads\/2015\/07\/icon_col.jpeg","type":"image\/jpeg"}],"twitter_misc":{"Dur\u00e9e de lecture estim\u00e9e":"2 minutes"},"schema":{"@context":"https:\/\/schema.org","@graph":[{"@type":"WebPage","@id":"https:\/\/nbrhc.on.ca\/fr\/programme-et-services\/programmes-et-services-de-sante-mentale\/sante-mentale-et-lutte-contre-la-toxicomanie\/unite-de-sante-mentale-pour-enfants-et-adolescents\/","url":"https:\/\/nbrhc.on.ca\/fr\/programme-et-services\/programmes-et-services-de-sante-mentale\/sante-mentale-et-lutte-contre-la-toxicomanie\/unite-de-sante-mentale-pour-enfants-et-adolescents\/","name":"Unit\u00e9 de sant\u00e9 mentale pour enfants et adolescents - NBRHC","isPartOf":{"@id":"https:\/\/nbrhc.on.ca\/#website"},"datePublished":"2016-04-15T19:55:42+00:00","dateModified":"2022-10-21T18:14:08+00:00","description":"On offre, \u00e0 l\u2019unit\u00e9, des services non planifi\u00e9s d\u2019intervention en cas de crise ainsi que des services planifi\u00e9s aux jeunes","breadcrumb":{"@id":"https:\/\/nbrhc.on.ca\/fr\/programme-et-services\/programmes-et-services-de-sante-mentale\/sante-mentale-et-lutte-contre-la-toxicomanie\/unite-de-sante-mentale-pour-enfants-et-adolescents\/#breadcrumb"},"inLanguage":"fr-FR","potentialAction":[{"@type":"ReadAction","target":["https:\/\/nbrhc.on.ca\/fr\/programme-et-services\/programmes-et-services-de-sante-mentale\/sante-mentale-et-lutte-contre-la-toxicomanie\/unite-de-sante-mentale-pour-enfants-et-adolescents\/"]}]},{"@type":"BreadcrumbList","@id":"https:\/\/nbrhc.on.ca\/fr\/programme-et-services\/programmes-et-services-de-sante-mentale\/sante-mentale-et-lutte-contre-la-toxicomanie\/unite-de-sante-mentale-pour-enfants-et-adolescents\/#breadcrumb","itemListElement":[{"@type":"ListItem","position":1,"name":"Home","item":"https:\/\/nbrhc.on.ca\/fr\/"},{"@type":"ListItem","position":2,"name":"Programmes et services","item":"https:\/\/nbrhc.on.ca\/fr\/programme-et-services\/"},{"@type":"ListItem","position":3,"name":"Programmes et services de sant\u00e9 mentale","item":"https:\/\/nbrhc.on.ca\/fr\/programme-et-services\/programmes-et-services-de-sante-mentale\/"},{"@type":"ListItem","position":4,"name":"Sant\u00e9 mentale et lutte contre la toxicomanie","item":"https:\/\/nbrhc.on.ca\/fr\/programme-et-services\/programmes-et-services-de-sante-mentale\/sante-mentale-et-lutte-contre-la-toxicomanie\/"},{"@type":"ListItem","position":5,"name":"Unit\u00e9 de sant\u00e9 mentale pour enfants et adolescents"}]},{"@type":"WebSite","@id":"https:\/\/nbrhc.on.ca\/#website","url":"https:\/\/nbrhc.on.ca\/","name":"NBRHC","description":"North Bay Regional Health Centre","publisher":{"@id":"https:\/\/nbrhc.on.ca\/#organization"},"potentialAction":[{"@type":"SearchAction","target":{"@type":"EntryPoint","urlTemplate":"https:\/\/nbrhc.on.ca\/?s={search_term_string}"},"query-input":{"@type":"PropertyValueSpecification","valueRequired":true,"valueName":"search_term_string"}}],"inLanguage":"fr-FR"},{"@type":"Organization","@id":"https:\/\/nbrhc.on.ca\/#organization","name":"North Bay Regional Health Centre","url":"https:\/\/nbrhc.on.ca\/","logo":{"@type":"ImageObject","inLanguage":"fr-FR","@id":"https:\/\/nbrhc.on.ca\/#\/schema\/logo\/image\/","url":"https:\/\/nbrhc.on.ca\/wp-content\/uploads\/2015\/07\/logo.jpg","contentUrl":"https:\/\/nbrhc.on.ca\/wp-content\/uploads\/2015\/07\/logo.jpg","width":870,"height":128,"caption":"North Bay Regional Health Centre"},"image":{"@id":"https:\/\/nbrhc.on.ca\/#\/schema\/logo\/image\/"},"sameAs":["https:\/\/www.facebook.com\/nbrhc","https:\/\/x.com\/NBRHC","https:\/\/www.linkedin.com\/company\/north-bay-regional-health-centre-nbrhc","https:\/\/www.pinterest.com\/nbrhc","https:\/\/www.youtube.com\/TheNBRHC"]}]}},"_links":{"self":[{"href":"https:\/\/nbrhc.on.ca\/fr\/wp-json\/wp\/v2\/pages\/12433","targetHints":{"allow":["GET"]}}],"collection":[{"href":"https:\/\/nbrhc.on.ca\/fr\/wp-json\/wp\/v2\/pages"}],"about":[{"href":"https:\/\/nbrhc.on.ca\/fr\/wp-json\/wp\/v2\/types\/page"}],"author":[{"embeddable":true,"href":"https:\/\/nbrhc.on.ca\/fr\/wp-json\/wp\/v2\/users\/17"}],"replies":[{"embeddable":true,"href":"https:\/\/nbrhc.on.ca\/fr\/wp-json\/wp\/v2\/comments?post=12433"}],"version-history":[{"count":5,"href":"https:\/\/nbrhc.on.ca\/fr\/wp-json\/wp\/v2\/pages\/12433\/revisions"}],"predecessor-version":[{"id":32685,"href":"https:\/\/nbrhc.on.ca\/fr\/wp-json\/wp\/v2\/pages\/12433\/revisions\/32685"}],"up":[{"embeddable":true,"href":"https:\/\/nbrhc.on.ca\/fr\/wp-json\/wp\/v2\/pages\/2610"}],"wp:attachment":[{"href":"https:\/\/nbrhc.on.ca\/fr\/wp-json\/wp\/v2\/media?parent=12433"}],"wp:term":[{"taxonomy":"post_tag","embeddable":true,"href":"https:\/\/nbrhc.on.ca\/fr\/wp-json\/wp\/v2\/tags?post=12433"}],"curies":[{"name":"wp","href":"https:\/\/api.w.org\/{rel}","templated":true}]}}