{"id":12530,"date":"2016-05-06T18:11:29","date_gmt":"2016-05-06T22:11:29","guid":{"rendered":"http:\/\/www.nbrhc.on.ca\/fr\/?page_id=12530"},"modified":"2022-08-17T13:49:47","modified_gmt":"2022-08-17T17:49:47","slug":"plan-strategique","status":"publish","type":"page","link":"https:\/\/nbrhc.on.ca\/fr\/plan-strategique\/","title":{"rendered":"Plan strat\u00e9gique"},"content":{"rendered":"<p>Nous sommes heureux de vous pr\u00e9senter le nouveau plan strat\u00e9gique du CRSNB.<\/p>\n<p>Ce plan trace la voie \u00e0 suivre au cours des cinq prochaines ann\u00e9es et \u00e9tablit les priorit\u00e9s qui nous permettront de continuer \u00e0 \u00e9voluer tout en restant centr\u00e9s sur nos patients, notre personnel, nos communaut\u00e9s et leurs besoins changeants.<\/p>\n<p>Nos nouvelles orientations strat\u00e9giques cristallisent les points de vue de plus de 700 personnes travaillant \u00e0 notre centre de sant\u00e9 ou membres de la communaut\u00e9. Ensemble, nous avons&#8230;<\/p>\n<ul>\n<li>r\u00e9imagin\u00e9 notre vision et notre mission, ainsi que les valeurs qui guideront nos actions<\/li>\n<li>d\u00e9fini comment nous soutiendrons notre personnel, nos patients et nos communaut\u00e9s dans le cadre de la transformation du syst\u00e8me de sant\u00e9 de l\u2019Ontario et du r\u00e9tablissement apr\u00e8s la pand\u00e9mie<\/li>\n<li>d\u00e9crit comment nous travaillerons dans un esprit de collaboration avec nos partenaires<\/li>\n<li>d\u00e9termin\u00e9 comment nous tirerons parti des progr\u00e8s num\u00e9riques, de l\u2019innovation et des donn\u00e9es probantes pour fournir les meilleurs soins<\/li>\n<\/ul>\n<p>Nous tenons \u00e0 remercier sinc\u00e8rement les nombreuses personnes qui forment la communaut\u00e9 du CRSNB. Notre vision de soins d\u2019exception, fournis avec compassion, ne pourrait se concr\u00e9tiser sans le soutien et l\u2019engagement continus des employ\u00e9s, m\u00e9decins, b\u00e9n\u00e9voles, partenaires, patients, familles, proches aidants et communaut\u00e9s.<\/p>\n<p>Nos orientations strat\u00e9giques 2022-27 sont :<\/p>\n<ul>\n<li>Excellence op\u00e9rationnelle et durabilit\u00e9<\/li>\n<li>Responsabilit\u00e9 en mati\u00e8re de qualit\u00e9 des soins<\/li>\n<li>Mieux-\u00eatre et engagement<\/li>\n<li>Partenariats communautaires collaboratifs<\/li>\n<li>Innovation et adoption d\u2019outils num\u00e9riques<\/li>\n<\/ul>\n","protected":false},"excerpt":{"rendered":"<p>Nous sommes heureux de vous pr\u00e9senter le nouveau plan strat\u00e9gique du CRSNB. Ce plan trace la voie \u00e0 suivre au cours des cinq prochaines ann\u00e9es et \u00e9tablit les priorit\u00e9s qui [&hellip;]<\/p>\n","protected":false},"author":17,"featured_media":0,"parent":0,"menu_order":0,"comment_status":"closed","ping_status":"closed","template":"template-page-wide.php","meta":{"_acf_changed":false,"_monsterinsights_skip_tracking":false,"_monsterinsights_sitenote_active":false,"_monsterinsights_sitenote_note":"","_monsterinsights_sitenote_category":0,"footnotes":"","_links_to":"","_links_to_target":"","_wp_rev_ctl_limit":""},"tags":[],"class_list":["post-12530","page","type-page","status-publish","hentry"],"acf":[],"yoast_head":"<!-- This site is optimized with the Yoast SEO plugin v27.4 - https:\/\/yoast.com\/product\/yoast-seo-wordpress\/ -->\n<title>Plan strat\u00e9gique - NBRHC<\/title>\n<meta name=\"description\" content=\"Le plan strat\u00e9gique 2020-2022 du CRSNB servira de feuille de route pour les deux prochaines ann\u00e9es \u2013 chaque direction, concept et objectif donnera la priorit\u00e9 au patient\" \/>\n<meta name=\"robots\" content=\"index, follow, max-snippet:-1, max-image-preview:large, max-video-preview:-1\" \/>\n<link rel=\"canonical\" href=\"https:\/\/nbrhc.on.ca\/fr\/plan-strategique\/\" \/>\n<meta property=\"og:locale\" content=\"fr_FR\" \/>\n<meta property=\"og:type\" content=\"article\" \/>\n<meta property=\"og:title\" content=\"Plan strat\u00e9gique - NBRHC\" \/>\n<meta property=\"og:description\" content=\"Le plan strat\u00e9gique 2020-2022 du CRSNB servira de feuille de route pour les deux prochaines ann\u00e9es \u2013 chaque direction, concept et objectif donnera la priorit\u00e9 au patient\" \/>\n<meta property=\"og:url\" content=\"https:\/\/nbrhc.on.ca\/fr\/plan-strategique\/\" \/>\n<meta property=\"og:site_name\" content=\"NBRHC\" \/>\n<meta property=\"article:publisher\" content=\"https:\/\/www.facebook.com\/nbrhc\" \/>\n<meta property=\"article:modified_time\" content=\"2022-08-17T17:49:47+00:00\" \/>\n<meta property=\"og:image\" content=\"https:\/\/nbrhc.on.ca\/wp-content\/uploads\/2015\/07\/icon_col.jpeg\" \/>\n\t<meta property=\"og:image:width\" content=\"619\" \/>\n\t<meta property=\"og:image:height\" content=\"619\" \/>\n\t<meta property=\"og:image:type\" content=\"image\/jpeg\" \/>\n<meta name=\"twitter:label1\" content=\"Dur\u00e9e de lecture estim\u00e9e\" \/>\n\t<meta name=\"twitter:data1\" content=\"1 minute\" \/>\n<script type=\"application\/ld+json\" class=\"yoast-schema-graph\">{\"@context\":\"https:\\\/\\\/schema.org\",\"@graph\":[{\"@type\":\"WebPage\",\"@id\":\"https:\\\/\\\/nbrhc.on.ca\\\/fr\\\/plan-strategique\\\/\",\"url\":\"https:\\\/\\\/nbrhc.on.ca\\\/fr\\\/plan-strategique\\\/\",\"name\":\"Plan strat\u00e9gique - NBRHC\",\"isPartOf\":{\"@id\":\"https:\\\/\\\/nbrhc.on.ca\\\/#website\"},\"datePublished\":\"2016-05-06T22:11:29+00:00\",\"dateModified\":\"2022-08-17T17:49:47+00:00\",\"description\":\"Le plan strat\u00e9gique 2020-2022 du CRSNB servira de feuille de route pour les deux prochaines ann\u00e9es \u2013 chaque direction, concept et objectif donnera la priorit\u00e9 au patient\",\"breadcrumb\":{\"@id\":\"https:\\\/\\\/nbrhc.on.ca\\\/fr\\\/plan-strategique\\\/#breadcrumb\"},\"inLanguage\":\"fr-FR\",\"potentialAction\":[{\"@type\":\"ReadAction\",\"target\":[\"https:\\\/\\\/nbrhc.on.ca\\\/fr\\\/plan-strategique\\\/\"]}]},{\"@type\":\"BreadcrumbList\",\"@id\":\"https:\\\/\\\/nbrhc.on.ca\\\/fr\\\/plan-strategique\\\/#breadcrumb\",\"itemListElement\":[{\"@type\":\"ListItem\",\"position\":1,\"name\":\"Home\",\"item\":\"https:\\\/\\\/nbrhc.on.ca\\\/fr\\\/\"},{\"@type\":\"ListItem\",\"position\":2,\"name\":\"Plan strat\u00e9gique\"}]},{\"@type\":\"WebSite\",\"@id\":\"https:\\\/\\\/nbrhc.on.ca\\\/#website\",\"url\":\"https:\\\/\\\/nbrhc.on.ca\\\/\",\"name\":\"NBRHC\",\"description\":\"North Bay Regional Health Centre\",\"publisher\":{\"@id\":\"https:\\\/\\\/nbrhc.on.ca\\\/#organization\"},\"potentialAction\":[{\"@type\":\"SearchAction\",\"target\":{\"@type\":\"EntryPoint\",\"urlTemplate\":\"https:\\\/\\\/nbrhc.on.ca\\\/?s={search_term_string}\"},\"query-input\":{\"@type\":\"PropertyValueSpecification\",\"valueRequired\":true,\"valueName\":\"search_term_string\"}}],\"inLanguage\":\"fr-FR\"},{\"@type\":\"Organization\",\"@id\":\"https:\\\/\\\/nbrhc.on.ca\\\/#organization\",\"name\":\"North Bay Regional Health Centre\",\"url\":\"https:\\\/\\\/nbrhc.on.ca\\\/\",\"logo\":{\"@type\":\"ImageObject\",\"inLanguage\":\"fr-FR\",\"@id\":\"https:\\\/\\\/nbrhc.on.ca\\\/#\\\/schema\\\/logo\\\/image\\\/\",\"url\":\"https:\\\/\\\/nbrhc.on.ca\\\/wp-content\\\/uploads\\\/2015\\\/07\\\/logo.jpg\",\"contentUrl\":\"https:\\\/\\\/nbrhc.on.ca\\\/wp-content\\\/uploads\\\/2015\\\/07\\\/logo.jpg\",\"width\":870,\"height\":128,\"caption\":\"North Bay Regional Health Centre\"},\"image\":{\"@id\":\"https:\\\/\\\/nbrhc.on.ca\\\/#\\\/schema\\\/logo\\\/image\\\/\"},\"sameAs\":[\"https:\\\/\\\/www.facebook.com\\\/nbrhc\",\"https:\\\/\\\/x.com\\\/NBRHC\",\"https:\\\/\\\/www.linkedin.com\\\/company\\\/north-bay-regional-health-centre-nbrhc\",\"https:\\\/\\\/www.pinterest.com\\\/nbrhc\",\"https:\\\/\\\/www.youtube.com\\\/TheNBRHC\"]}]}<\/script>\n<!-- \/ Yoast SEO plugin. -->","yoast_head_json":{"title":"Plan strat\u00e9gique - NBRHC","description":"Le plan strat\u00e9gique 2020-2022 du CRSNB servira de feuille de route pour les deux prochaines ann\u00e9es \u2013 chaque direction, concept et objectif donnera la priorit\u00e9 au patient","robots":{"index":"index","follow":"follow","max-snippet":"max-snippet:-1","max-image-preview":"max-image-preview:large","max-video-preview":"max-video-preview:-1"},"canonical":"https:\/\/nbrhc.on.ca\/fr\/plan-strategique\/","og_locale":"fr_FR","og_type":"article","og_title":"Plan strat\u00e9gique - NBRHC","og_description":"Le plan strat\u00e9gique 2020-2022 du CRSNB servira de feuille de route pour les deux prochaines ann\u00e9es \u2013 chaque direction, concept et objectif donnera la priorit\u00e9 au patient","og_url":"https:\/\/nbrhc.on.ca\/fr\/plan-strategique\/","og_site_name":"NBRHC","article_publisher":"https:\/\/www.facebook.com\/nbrhc","article_modified_time":"2022-08-17T17:49:47+00:00","og_image":[{"width":619,"height":619,"url":"https:\/\/nbrhc.on.ca\/wp-content\/uploads\/2015\/07\/icon_col.jpeg","type":"image\/jpeg"}],"twitter_misc":{"Dur\u00e9e de lecture estim\u00e9e":"1 minute"},"schema":{"@context":"https:\/\/schema.org","@graph":[{"@type":"WebPage","@id":"https:\/\/nbrhc.on.ca\/fr\/plan-strategique\/","url":"https:\/\/nbrhc.on.ca\/fr\/plan-strategique\/","name":"Plan strat\u00e9gique - NBRHC","isPartOf":{"@id":"https:\/\/nbrhc.on.ca\/#website"},"datePublished":"2016-05-06T22:11:29+00:00","dateModified":"2022-08-17T17:49:47+00:00","description":"Le plan strat\u00e9gique 2020-2022 du CRSNB servira de feuille de route pour les deux prochaines ann\u00e9es \u2013 chaque direction, concept et objectif donnera la priorit\u00e9 au patient","breadcrumb":{"@id":"https:\/\/nbrhc.on.ca\/fr\/plan-strategique\/#breadcrumb"},"inLanguage":"fr-FR","potentialAction":[{"@type":"ReadAction","target":["https:\/\/nbrhc.on.ca\/fr\/plan-strategique\/"]}]},{"@type":"BreadcrumbList","@id":"https:\/\/nbrhc.on.ca\/fr\/plan-strategique\/#breadcrumb","itemListElement":[{"@type":"ListItem","position":1,"name":"Home","item":"https:\/\/nbrhc.on.ca\/fr\/"},{"@type":"ListItem","position":2,"name":"Plan strat\u00e9gique"}]},{"@type":"WebSite","@id":"https:\/\/nbrhc.on.ca\/#website","url":"https:\/\/nbrhc.on.ca\/","name":"NBRHC","description":"North Bay Regional Health Centre","publisher":{"@id":"https:\/\/nbrhc.on.ca\/#organization"},"potentialAction":[{"@type":"SearchAction","target":{"@type":"EntryPoint","urlTemplate":"https:\/\/nbrhc.on.ca\/?s={search_term_string}"},"query-input":{"@type":"PropertyValueSpecification","valueRequired":true,"valueName":"search_term_string"}}],"inLanguage":"fr-FR"},{"@type":"Organization","@id":"https:\/\/nbrhc.on.ca\/#organization","name":"North Bay Regional Health Centre","url":"https:\/\/nbrhc.on.ca\/","logo":{"@type":"ImageObject","inLanguage":"fr-FR","@id":"https:\/\/nbrhc.on.ca\/#\/schema\/logo\/image\/","url":"https:\/\/nbrhc.on.ca\/wp-content\/uploads\/2015\/07\/logo.jpg","contentUrl":"https:\/\/nbrhc.on.ca\/wp-content\/uploads\/2015\/07\/logo.jpg","width":870,"height":128,"caption":"North Bay Regional Health Centre"},"image":{"@id":"https:\/\/nbrhc.on.ca\/#\/schema\/logo\/image\/"},"sameAs":["https:\/\/www.facebook.com\/nbrhc","https:\/\/x.com\/NBRHC","https:\/\/www.linkedin.com\/company\/north-bay-regional-health-centre-nbrhc","https:\/\/www.pinterest.com\/nbrhc","https:\/\/www.youtube.com\/TheNBRHC"]}]}},"_links":{"self":[{"href":"https:\/\/nbrhc.on.ca\/fr\/wp-json\/wp\/v2\/pages\/12530","targetHints":{"allow":["GET"]}}],"collection":[{"href":"https:\/\/nbrhc.on.ca\/fr\/wp-json\/wp\/v2\/pages"}],"about":[{"href":"https:\/\/nbrhc.on.ca\/fr\/wp-json\/wp\/v2\/types\/page"}],"author":[{"embeddable":true,"href":"https:\/\/nbrhc.on.ca\/fr\/wp-json\/wp\/v2\/users\/17"}],"replies":[{"embeddable":true,"href":"https:\/\/nbrhc.on.ca\/fr\/wp-json\/wp\/v2\/comments?post=12530"}],"version-history":[{"count":5,"href":"https:\/\/nbrhc.on.ca\/fr\/wp-json\/wp\/v2\/pages\/12530\/revisions"}],"predecessor-version":[{"id":31904,"href":"https:\/\/nbrhc.on.ca\/fr\/wp-json\/wp\/v2\/pages\/12530\/revisions\/31904"}],"wp:attachment":[{"href":"https:\/\/nbrhc.on.ca\/fr\/wp-json\/wp\/v2\/media?parent=12530"}],"wp:term":[{"taxonomy":"post_tag","embeddable":true,"href":"https:\/\/nbrhc.on.ca\/fr\/wp-json\/wp\/v2\/tags?post=12530"}],"curies":[{"name":"wp","href":"https:\/\/api.w.org\/{rel}","templated":true}]}}