{"id":1462,"date":"2014-03-04T15:46:31","date_gmt":"2014-03-04T20:46:31","guid":{"rendered":"http:\/\/www.nbrhc.on.ca\/?page_id=1462"},"modified":"2024-04-15T17:48:20","modified_gmt":"2024-04-15T21:48:20","slug":"a-propos-de-nous","status":"publish","type":"page","link":"https:\/\/nbrhc.on.ca\/fr\/a-propos-de-nous\/","title":{"rendered":"\u00c0 propos de nous"},"content":{"rendered":"<p>Le Centre r\u00e9gional de sant\u00e9 de North Bay (CRSNB) est un organisme de services de sant\u00e9 unique qui a trois r\u00f4les principaux, \u00e0 savoir fournir des services de soins actifs \u00e0 North Bay et aux communaut\u00e9s avoisinantes, offrir des services aux petites collectivit\u00e9s de la r\u00e9gion, \u00e0 titre de centre sp\u00e9cialis\u00e9 de district et enfin, il s\u2019agit du fournisseur de services de sant\u00e9 mentale sp\u00e9cialis\u00e9s de tout le Nord-Est de l\u2019Ontario.<\/p>\n<p>L\u2019\u00e9tablissement compte 433 lits et offre aussi de nombreux services de consultation externe et d\u2019intervention \u00e0 North Bay et dans tout le Nord-Est. C\u2019est l\u2019un des quatre grands h\u00f4pitaux de soins actifs du Nord-Est de la province. Les autres sont l\u2019H\u00f4pital de Sault-Sainte-Marie, l\u2019H\u00f4pital de Timmins et du district et Horizon Sant\u00e9-Nord \u00e0 Sudbury. De petits \u00e9tablissements communautaires desservent aussi la r\u00e9gion, par exemple l\u2019H\u00f4pital g\u00e9n\u00e9ral de Mattawa et l\u2019H\u00f4pital g\u00e9n\u00e9ral de Nipissing Ouest.<\/p>\n<p>Les Services r\u00e9gionaux de sant\u00e9 mentale du CRSNB ont des lits d\u2019hospitalisation \u00e0 North Bay et \u00e0 Sudbury et offrent des services de consultation externe et d\u2019intervention dans toute la r\u00e9gion, de la baie d\u2019Hudson \u00e0 Muskoka et de Sault Ste. Marie \u00e0 la fronti\u00e8re du Qu\u00e9bec.<\/p>\n<p>L\u2019\u00e9tablissement est aussi un centre d\u2019enseignement important pour les \u00e9tudiantes et les \u00e9tudiants en m\u00e9decine, en psychiatrie, en soins infirmiers ainsi que pour les professionnelles param\u00e9dicales et les professionnels param\u00e9dicaux. Il s\u2019honore d\u2019\u00eatre associ\u00e9 \u00e0 l\u2019\u00c9cole de m\u00e9decine du Nord de l\u2019Ontario, \u00e0 l\u2019Universit\u00e9 de Nipissing, au Coll\u00e8ge Canadore et \u00e0 plusieurs autres coll\u00e8ges et universit\u00e9s de l\u2019Ontario.<\/p>\n<p>Au CRSNB, on fait vraiment preuve de bienveillance. Son personnel et les m\u00e9decins y assurent le respect de normes \u00e9lev\u00e9es et font preuve de souplesse et d\u2019innovation puisqu\u2019ils sont pr\u00eats \u00e0 mettre \u00e0 l\u2019essai des approches am\u00e9liorant la qualit\u00e9 des soins. Les patientes, les patients et les familles soulignent constamment qu\u2019ils sont reconnaissants des soins chaleureux et comp\u00e9tents obtenus dans notre \u00e9tablissement.<\/p>\n","protected":false},"excerpt":{"rendered":"<p>Le Centre r\u00e9gional de sant\u00e9 de North Bay (CRSNB) est un organisme de services de sant\u00e9 unique qui a trois r\u00f4les principaux, \u00e0 savoir fournir des services de soins actifs [&hellip;]<\/p>\n","protected":false},"author":17,"featured_media":0,"parent":0,"menu_order":0,"comment_status":"closed","ping_status":"closed","template":"","meta":{"_acf_changed":false,"_monsterinsights_skip_tracking":false,"_monsterinsights_sitenote_active":false,"_monsterinsights_sitenote_note":"","_monsterinsights_sitenote_category":0,"footnotes":"","_links_to":"","_links_to_target":"","_wp_rev_ctl_limit":""},"tags":[445,402,403,1819],"class_list":["post-1462","page","type-page","status-publish","hentry","tag-a-propos-de-nous","tag-centre-regional-de-sante-de-north-bay","tag-crsnb","tag-lits"],"acf":[],"yoast_head":"<!-- This site is optimized with the Yoast SEO plugin v27.4 - https:\/\/yoast.com\/product\/yoast-seo-wordpress\/ -->\n<title>\u00c0 propos de nous<\/title>\n<meta name=\"description\" content=\"Le CRSNB fournit des services de soins actifs, le centre de r\u00e9f\u00e9rence de district des r\u00e9gions et est un fournisseur de services sp\u00e9cialis\u00e9s en sant\u00e9 mentale\" \/>\n<meta name=\"robots\" content=\"index, follow, max-snippet:-1, max-image-preview:large, max-video-preview:-1\" \/>\n<link rel=\"canonical\" href=\"https:\/\/nbrhc.on.ca\/fr\/a-propos-de-nous\/\" \/>\n<meta property=\"og:locale\" content=\"fr_FR\" \/>\n<meta property=\"og:type\" content=\"article\" \/>\n<meta property=\"og:title\" content=\"\u00c0 propos de nous\" \/>\n<meta property=\"og:description\" content=\"Le CRSNB fournit des services de soins actifs, le centre de r\u00e9f\u00e9rence de district des r\u00e9gions et est un fournisseur de services sp\u00e9cialis\u00e9s en sant\u00e9 mentale\" \/>\n<meta property=\"og:url\" content=\"https:\/\/nbrhc.on.ca\/fr\/a-propos-de-nous\/\" \/>\n<meta property=\"og:site_name\" content=\"NBRHC\" \/>\n<meta property=\"article:publisher\" content=\"https:\/\/www.facebook.com\/nbrhc\" \/>\n<meta property=\"article:modified_time\" content=\"2024-04-15T21:48:20+00:00\" \/>\n<meta property=\"og:image\" content=\"https:\/\/nbrhc.on.ca\/wp-content\/uploads\/2015\/07\/icon_col.jpeg\" \/>\n\t<meta property=\"og:image:width\" content=\"619\" \/>\n\t<meta property=\"og:image:height\" content=\"619\" \/>\n\t<meta property=\"og:image:type\" content=\"image\/jpeg\" \/>\n<meta name=\"twitter:label1\" content=\"Dur\u00e9e de lecture estim\u00e9e\" \/>\n\t<meta name=\"twitter:data1\" content=\"2 minutes\" \/>\n<script type=\"application\/ld+json\" class=\"yoast-schema-graph\">{\"@context\":\"https:\\\/\\\/schema.org\",\"@graph\":[{\"@type\":\"WebPage\",\"@id\":\"https:\\\/\\\/nbrhc.on.ca\\\/fr\\\/a-propos-de-nous\\\/\",\"url\":\"https:\\\/\\\/nbrhc.on.ca\\\/fr\\\/a-propos-de-nous\\\/\",\"name\":\"\u00c0 propos de nous\",\"isPartOf\":{\"@id\":\"https:\\\/\\\/nbrhc.on.ca\\\/#website\"},\"datePublished\":\"2014-03-04T20:46:31+00:00\",\"dateModified\":\"2024-04-15T21:48:20+00:00\",\"description\":\"Le CRSNB fournit des services de soins actifs, le centre de r\u00e9f\u00e9rence de district des r\u00e9gions et est un fournisseur de services sp\u00e9cialis\u00e9s en sant\u00e9 mentale\",\"breadcrumb\":{\"@id\":\"https:\\\/\\\/nbrhc.on.ca\\\/fr\\\/a-propos-de-nous\\\/#breadcrumb\"},\"inLanguage\":\"fr-FR\",\"potentialAction\":[{\"@type\":\"ReadAction\",\"target\":[\"https:\\\/\\\/nbrhc.on.ca\\\/fr\\\/a-propos-de-nous\\\/\"]}]},{\"@type\":\"BreadcrumbList\",\"@id\":\"https:\\\/\\\/nbrhc.on.ca\\\/fr\\\/a-propos-de-nous\\\/#breadcrumb\",\"itemListElement\":[{\"@type\":\"ListItem\",\"position\":1,\"name\":\"Home\",\"item\":\"https:\\\/\\\/nbrhc.on.ca\\\/fr\\\/\"},{\"@type\":\"ListItem\",\"position\":2,\"name\":\"\u00c0 propos de nous\"}]},{\"@type\":\"WebSite\",\"@id\":\"https:\\\/\\\/nbrhc.on.ca\\\/#website\",\"url\":\"https:\\\/\\\/nbrhc.on.ca\\\/\",\"name\":\"NBRHC\",\"description\":\"North Bay Regional Health Centre\",\"publisher\":{\"@id\":\"https:\\\/\\\/nbrhc.on.ca\\\/#organization\"},\"potentialAction\":[{\"@type\":\"SearchAction\",\"target\":{\"@type\":\"EntryPoint\",\"urlTemplate\":\"https:\\\/\\\/nbrhc.on.ca\\\/?s={search_term_string}\"},\"query-input\":{\"@type\":\"PropertyValueSpecification\",\"valueRequired\":true,\"valueName\":\"search_term_string\"}}],\"inLanguage\":\"fr-FR\"},{\"@type\":\"Organization\",\"@id\":\"https:\\\/\\\/nbrhc.on.ca\\\/#organization\",\"name\":\"North Bay Regional Health Centre\",\"url\":\"https:\\\/\\\/nbrhc.on.ca\\\/\",\"logo\":{\"@type\":\"ImageObject\",\"inLanguage\":\"fr-FR\",\"@id\":\"https:\\\/\\\/nbrhc.on.ca\\\/#\\\/schema\\\/logo\\\/image\\\/\",\"url\":\"https:\\\/\\\/nbrhc.on.ca\\\/wp-content\\\/uploads\\\/2015\\\/07\\\/logo.jpg\",\"contentUrl\":\"https:\\\/\\\/nbrhc.on.ca\\\/wp-content\\\/uploads\\\/2015\\\/07\\\/logo.jpg\",\"width\":870,\"height\":128,\"caption\":\"North Bay Regional Health Centre\"},\"image\":{\"@id\":\"https:\\\/\\\/nbrhc.on.ca\\\/#\\\/schema\\\/logo\\\/image\\\/\"},\"sameAs\":[\"https:\\\/\\\/www.facebook.com\\\/nbrhc\",\"https:\\\/\\\/x.com\\\/NBRHC\",\"https:\\\/\\\/www.linkedin.com\\\/company\\\/north-bay-regional-health-centre-nbrhc\",\"https:\\\/\\\/www.pinterest.com\\\/nbrhc\",\"https:\\\/\\\/www.youtube.com\\\/TheNBRHC\"]}]}<\/script>\n<!-- \/ Yoast SEO plugin. -->","yoast_head_json":{"title":"\u00c0 propos de nous","description":"Le CRSNB fournit des services de soins actifs, le centre de r\u00e9f\u00e9rence de district des r\u00e9gions et est un fournisseur de services sp\u00e9cialis\u00e9s en sant\u00e9 mentale","robots":{"index":"index","follow":"follow","max-snippet":"max-snippet:-1","max-image-preview":"max-image-preview:large","max-video-preview":"max-video-preview:-1"},"canonical":"https:\/\/nbrhc.on.ca\/fr\/a-propos-de-nous\/","og_locale":"fr_FR","og_type":"article","og_title":"\u00c0 propos de nous","og_description":"Le CRSNB fournit des services de soins actifs, le centre de r\u00e9f\u00e9rence de district des r\u00e9gions et est un fournisseur de services sp\u00e9cialis\u00e9s en sant\u00e9 mentale","og_url":"https:\/\/nbrhc.on.ca\/fr\/a-propos-de-nous\/","og_site_name":"NBRHC","article_publisher":"https:\/\/www.facebook.com\/nbrhc","article_modified_time":"2024-04-15T21:48:20+00:00","og_image":[{"width":619,"height":619,"url":"https:\/\/nbrhc.on.ca\/wp-content\/uploads\/2015\/07\/icon_col.jpeg","type":"image\/jpeg"}],"twitter_misc":{"Dur\u00e9e de lecture estim\u00e9e":"2 minutes"},"schema":{"@context":"https:\/\/schema.org","@graph":[{"@type":"WebPage","@id":"https:\/\/nbrhc.on.ca\/fr\/a-propos-de-nous\/","url":"https:\/\/nbrhc.on.ca\/fr\/a-propos-de-nous\/","name":"\u00c0 propos de nous","isPartOf":{"@id":"https:\/\/nbrhc.on.ca\/#website"},"datePublished":"2014-03-04T20:46:31+00:00","dateModified":"2024-04-15T21:48:20+00:00","description":"Le CRSNB fournit des services de soins actifs, le centre de r\u00e9f\u00e9rence de district des r\u00e9gions et est un fournisseur de services sp\u00e9cialis\u00e9s en sant\u00e9 mentale","breadcrumb":{"@id":"https:\/\/nbrhc.on.ca\/fr\/a-propos-de-nous\/#breadcrumb"},"inLanguage":"fr-FR","potentialAction":[{"@type":"ReadAction","target":["https:\/\/nbrhc.on.ca\/fr\/a-propos-de-nous\/"]}]},{"@type":"BreadcrumbList","@id":"https:\/\/nbrhc.on.ca\/fr\/a-propos-de-nous\/#breadcrumb","itemListElement":[{"@type":"ListItem","position":1,"name":"Home","item":"https:\/\/nbrhc.on.ca\/fr\/"},{"@type":"ListItem","position":2,"name":"\u00c0 propos de nous"}]},{"@type":"WebSite","@id":"https:\/\/nbrhc.on.ca\/#website","url":"https:\/\/nbrhc.on.ca\/","name":"NBRHC","description":"North Bay Regional Health Centre","publisher":{"@id":"https:\/\/nbrhc.on.ca\/#organization"},"potentialAction":[{"@type":"SearchAction","target":{"@type":"EntryPoint","urlTemplate":"https:\/\/nbrhc.on.ca\/?s={search_term_string}"},"query-input":{"@type":"PropertyValueSpecification","valueRequired":true,"valueName":"search_term_string"}}],"inLanguage":"fr-FR"},{"@type":"Organization","@id":"https:\/\/nbrhc.on.ca\/#organization","name":"North Bay Regional Health Centre","url":"https:\/\/nbrhc.on.ca\/","logo":{"@type":"ImageObject","inLanguage":"fr-FR","@id":"https:\/\/nbrhc.on.ca\/#\/schema\/logo\/image\/","url":"https:\/\/nbrhc.on.ca\/wp-content\/uploads\/2015\/07\/logo.jpg","contentUrl":"https:\/\/nbrhc.on.ca\/wp-content\/uploads\/2015\/07\/logo.jpg","width":870,"height":128,"caption":"North Bay Regional Health Centre"},"image":{"@id":"https:\/\/nbrhc.on.ca\/#\/schema\/logo\/image\/"},"sameAs":["https:\/\/www.facebook.com\/nbrhc","https:\/\/x.com\/NBRHC","https:\/\/www.linkedin.com\/company\/north-bay-regional-health-centre-nbrhc","https:\/\/www.pinterest.com\/nbrhc","https:\/\/www.youtube.com\/TheNBRHC"]}]}},"_links":{"self":[{"href":"https:\/\/nbrhc.on.ca\/fr\/wp-json\/wp\/v2\/pages\/1462","targetHints":{"allow":["GET"]}}],"collection":[{"href":"https:\/\/nbrhc.on.ca\/fr\/wp-json\/wp\/v2\/pages"}],"about":[{"href":"https:\/\/nbrhc.on.ca\/fr\/wp-json\/wp\/v2\/types\/page"}],"author":[{"embeddable":true,"href":"https:\/\/nbrhc.on.ca\/fr\/wp-json\/wp\/v2\/users\/17"}],"replies":[{"embeddable":true,"href":"https:\/\/nbrhc.on.ca\/fr\/wp-json\/wp\/v2\/comments?post=1462"}],"version-history":[{"count":3,"href":"https:\/\/nbrhc.on.ca\/fr\/wp-json\/wp\/v2\/pages\/1462\/revisions"}],"predecessor-version":[{"id":39521,"href":"https:\/\/nbrhc.on.ca\/fr\/wp-json\/wp\/v2\/pages\/1462\/revisions\/39521"}],"wp:attachment":[{"href":"https:\/\/nbrhc.on.ca\/fr\/wp-json\/wp\/v2\/media?parent=1462"}],"wp:term":[{"taxonomy":"post_tag","embeddable":true,"href":"https:\/\/nbrhc.on.ca\/fr\/wp-json\/wp\/v2\/tags?post=1462"}],"curies":[{"name":"wp","href":"https:\/\/api.w.org\/{rel}","templated":true}]}}