{"id":1464,"date":"2014-03-04T15:47:40","date_gmt":"2014-03-04T20:47:40","guid":{"rendered":"http:\/\/www.nbrhc.on.ca\/?page_id=1464"},"modified":"2026-04-13T09:23:33","modified_gmt":"2026-04-13T13:23:33","slug":"membres-du-conseil","status":"publish","type":"page","link":"https:\/\/nbrhc.on.ca\/fr\/a-propos-de-nous\/membres-du-conseil\/","title":{"rendered":"Membres du Conseil"},"content":{"rendered":"<table style=\"display: inline-table; margin: 10px 5px; width: 120px;\" role=\"presentation\">\n<tbody>\n<tr>\n<td><img decoding=\"async\" class=\"wp-image-9989 alignnone\" src=\"https:\/\/nbrhc.on.ca\/wp-content\/uploads\/2024\/09\/Berthelette-J_175px.jpg\" alt=\"Jerome Berthelette\" width=\"118\" \/><\/td>\n<\/tr>\n<tr>\n<td><strong>Jerome Berthelette<\/strong><br \/>\n<em style=\"font-size: 13px; line-height: 17px;\">Membre du Conseil<\/em><\/td>\n<\/tr>\n<\/tbody>\n<\/table>\n<table style=\"display: inline-table; margin: 10px 5px; width: 120px;\" role=\"presentation\">\n<tbody>\n<tr>\n<td><img decoding=\"async\" class=\"wp-image-9989 alignnone\" src=\"https:\/\/nbrhc.on.ca\/wp-content\/uploads\/2024\/09\/Brost-T_175px.jpg\" alt=\"Thorsten Brost\" width=\"118\" \/><\/td>\n<\/tr>\n<tr>\n<td><strong>Thorsten Brost<\/strong><br \/>\n<em style=\"font-size: 13px; line-height: 17px;\">Membre du Conseil<\/em><\/td>\n<\/tr>\n<\/tbody>\n<\/table>\n<table style=\"display: inline-table; margin: 10px 5px; width: 120px;\" role=\"presentation\">\n<tbody>\n<tr>\n<td><img decoding=\"async\" class=\"wp-image-9989 alignnone\" src=\"https:\/\/nbrhc.on.ca\/wp-content\/uploads\/2024\/09\/Carpenter-C-2024_175px.jpg\" alt=\"Carrie-Lynn Carpenter\" width=\"118\" \/><\/td>\n<\/tr>\n<tr>\n<td><strong>Carrie-Lynn Carpenter<\/strong><br \/>\n<em style=\"font-size: 13px; line-height: 17px;\">Membre du Conseil<\/em><\/td>\n<\/tr>\n<\/tbody>\n<\/table>\n<table style=\"display: inline-table; margin: 10px 5px; width: 120px;\" role=\"presentation\">\n<tbody>\n<tr>\n<td><img decoding=\"async\" class=\"wp-image-9989 alignnone\" src=\"https:\/\/nbrhc.on.ca\/wp-content\/uploads\/2024\/09\/Ciccone-M_175px.jpg\" alt=\"M\u00e9lanie Ciccone\" width=\"120\" \/><\/td>\n<\/tr>\n<tr>\n<td><strong>M\u00e9lanie Ciccone<\/strong><br \/>\n<em style=\"font-size: 13px; line-height: 17px;\">Vice-Pr\u00e9sidente et Pr\u00e9sidente du comit\u00e9 de gouvernance<\/em><\/td>\n<\/tr>\n<\/tbody>\n<\/table>\n<table style=\"display: inline-table; margin: 10px 5px; width: 120px;\" role=\"presentation\">\n<tbody>\n<tr>\n<td><img decoding=\"async\" class=\"alignnone wp-image-15785\" src=\"https:\/\/nbrhc.on.ca\/wp-content\/uploads\/2024\/09\/Graham-J_175px.jpg\" alt=\"Jamie Graham\" width=\"120\" \/><\/td>\n<\/tr>\n<tr>\n<td><strong>Jamie Graham<br \/>\n<\/strong><em style=\"font-size: 13px; line-height: 17px;\">Pr\u00e9sident<\/em><\/td>\n<\/tr>\n<\/tbody>\n<\/table>\n<table style=\"display: inline-table; margin: 10px 5px; width: 120px;\" role=\"presentation\">\n<tbody>\n<tr>\n<td><img decoding=\"async\" class=\"alignnone wp-image-15785\" src=\"https:\/\/nbrhc.on.ca\/wp-content\/uploads\/2025\/01\/M-Johnson.jpg\" alt=\"Megan Johnson\" width=\"120\" \/><\/td>\n<\/tr>\n<tr>\n<td><strong>Megan Johnson<br \/>\n<\/strong><em style=\"font-size: 13px; line-height: 17px;\">Membre du Conseil<\/em><\/td>\n<\/tr>\n<\/tbody>\n<\/table>\n<table style=\"display: inline-table; margin: 10px 5px; width: 120px;\" role=\"presentation\">\n<tbody>\n<tr>\n<td><img decoding=\"async\" class=\"wp-image-9989 alignnone\" src=\"https:\/\/nbrhc.on.ca\/wp-content\/uploads\/2024\/09\/Hebert-G_175px.jpg\" alt=\"Gis\u00e8le H\u00e9bert\" width=\"120\" \/><\/td>\n<\/tr>\n<tr>\n<td><strong>Gis\u00e8le H\u00e9bert<\/strong><br \/>\n<em style=\"font-size: 13px; line-height: 17px;\">Membre du Conseil<\/em><\/td>\n<\/tr>\n<\/tbody>\n<\/table>\n<table style=\"display: inline-table; margin: 10px 5px; width: 120px;\" role=\"presentation\">\n<tbody>\n<tr>\n<td><img decoding=\"async\" class=\"alignnone wp-image-2954 size-full\" src=\"https:\/\/nbrhc.on.ca\/wp-content\/uploads\/2024\/09\/P-Heinrich-2024_175px.jpg\" alt=\"Paul Heinrich\" width=\"120\" \/><\/td>\n<\/tr>\n<tr>\n<td><strong>Paul Heinrich<\/strong> <em style=\"font-size: 13px; line-height: 17px;\">Membre d&rsquo;office du Conseil et Pr\u00e9sident-directeur g\u00e9n\u00e9ral<\/em><\/td>\n<\/tr>\n<\/tbody>\n<\/table>\n<table style=\"display: inline-table; margin: 10px 5px; width: 120px;\" role=\"presentation\">\n<tbody>\n<tr>\n<td><img decoding=\"async\" class=\"alignnone wp-image-15785\" src=\"https:\/\/nbrhc.on.ca\/wp-content\/uploads\/2024\/09\/Keech-Bob_175px.jpg\" alt=\"Robert (Bob) Keech\" width=\"120\" \/><\/td>\n<\/tr>\n<tr>\n<td><strong>Robert (Bob) Keech<br \/>\n<\/strong><em style=\"font-size: 13px; line-height: 17px;\">Membre du Conseil<\/em><\/td>\n<\/tr>\n<\/tbody>\n<\/table>\n<table style=\"display: inline-table; margin: 10px 5px; width: 120px;\" role=\"presentation\">\n<tbody>\n<tr>\n<td><img decoding=\"async\" class=\"alignnone wp-image-2951 size-full\" src=\"https:\/\/nbrhc.on.ca\/wp-content\/uploads\/2025\/10\/Kerrigan-Dr-S_175px.jpg\" alt=\"Dr. Scott Kerrigan\" width=\"117\" \/><\/td>\n<\/tr>\n<tr>\n<td><strong>Dr Scott Kerrigan<\/strong><br \/>\n<em style=\"font-size: 13px; line-height: 17px;\"><em>Membre d\u2019office du Conseil et <\/em>M\u00e9decin-chef<\/em><\/td>\n<\/tr>\n<\/tbody>\n<\/table>\n<table style=\"display: inline-table; margin: 10px 5px; width: 120px;\" role=\"presentation\">\n<tbody>\n<tr>\n<td><img decoding=\"async\" class=\"alignnone wp-image-2965 size-full\" src=\"https:\/\/nbrhc.on.ca\/wp-content\/uploads\/2024\/09\/Knight-van-Schaayk-A_175px.jpg\" alt=\"Angela Knight van Schaayk\" width=\"119\" \/><\/td>\n<\/tr>\n<tr>\n<td><strong>Angela Knight van Schaayk<\/strong> <em style=\"font-size: 13px; line-height: 17px;\">Membre du Conseil et Pr\u00e9sidente du comit\u00e9 de la qualit\u00e9<\/em><\/td>\n<\/tr>\n<\/tbody>\n<\/table>\n<table style=\"display: inline-table; margin: 10px 5px; width: 120px;\" role=\"presentation\">\n<tbody>\n<tr>\n<td><img decoding=\"async\" class=\"wp-image-9989 alignnone\" style=\"height: 113px; width: auto;\" src=\"https:\/\/nbrhc.on.ca\/wp-content\/uploads\/2025\/05\/Frank-Miscio.jpg\" alt=\"Frank Miscio\" \/><\/td>\n<\/tr>\n<tr>\n<td><strong>Frank Miscio<\/strong><br \/>\n<em style=\"font-size: 13px; line-height: 17px;\">Membre du Conseil<\/em><\/td>\n<\/tr>\n<\/tbody>\n<\/table>\n<table style=\"display: inline-table; margin: 10px 5px; width: 120px;\" role=\"presentation\">\n<tbody>\n<tr>\n<td><img decoding=\"async\" class=\"wp-image-9989 alignnone\" src=\"https:\/\/nbrhc.on.ca\/wp-content\/uploads\/2024\/09\/Papaiz-V_175px.jpg\" alt=\"Vivian Papaiz\" width=\"118\" \/><\/td>\n<\/tr>\n<tr>\n<td><strong>Vivian Papaiz<\/strong><br \/>\n<em style=\"font-size: 13px; line-height: 17px;\">Membre du Conseil<\/em><\/td>\n<\/tr>\n<\/tbody>\n<\/table>\n<table style=\"display: inline-table; margin: 10px 5px; width: 120px;\" role=\"presentation\">\n<tbody>\n<tr>\n<td><img decoding=\"async\" class=\"wp-image-9989 alignnone\" src=\"https:\/\/nbrhc.on.ca\/wp-content\/uploads\/2024\/09\/Ross-L_175px.jpg\" alt=\"Lena Ross\" width=\"118\" \/><\/td>\n<\/tr>\n<tr>\n<td><strong>Lena Ross<\/strong><br \/>\n<em style=\"font-size: 13px; line-height: 17px;\">Membre du Conseil<\/em><\/td>\n<\/tr>\n<\/tbody>\n<\/table>\n<table style=\"display: inline-table; margin: 10px 5px; width: 120px;\" role=\"presentation\">\n<tbody>\n<tr>\n<td><img decoding=\"async\" class=\"alignnone size-full wp-image-28945\" title=\"Chantal Voyer\" src=\"https:\/\/nbrhc.on.ca\/wp-content\/uploads\/2026\/04\/Chantal-V-Photo_175x168.jpg\" alt=\"Chantal Voyer\" width=\"119\" \/><\/td>\n<\/tr>\n<tr>\n<td><strong>Chantal Voyer<\/strong><br \/>\n<em style=\"font-size: 13px; line-height: 17px;\">Membre d&rsquo;office du Conseil et <em>Vice-pr\u00e9sidente, Services cliniques\u00a0et chef des soins infirmiers<\/em><\/em><\/td>\n<\/tr>\n<\/tbody>\n<\/table>\n","protected":false},"excerpt":{"rendered":"<p>Jerome Berthelette Membre du Conseil Thorsten Brost Membre du Conseil Carrie-Lynn Carpenter Membre du Conseil M\u00e9lanie Ciccone Vice-Pr\u00e9sidente et Pr\u00e9sidente du comit\u00e9 de gouvernance Jamie Graham Pr\u00e9sident Megan Johnson Membre [&hellip;]<\/p>\n","protected":false},"author":17,"featured_media":0,"parent":1462,"menu_order":0,"comment_status":"open","ping_status":"open","template":"","meta":{"_acf_changed":false,"_monsterinsights_skip_tracking":false,"_monsterinsights_sitenote_active":false,"_monsterinsights_sitenote_note":"","_monsterinsights_sitenote_category":0,"footnotes":"","_links_to":"","_links_to_target":"","_wp_rev_ctl_limit":""},"tags":[437,441,439,438,436,339,440,336],"class_list":["post-1464","page","type-page","status-publish","hentry","tag-conseil","tag-conseil-dadministration","tag-gouvernance","tag-membre-du-conseil","tag-membres-du-conseil","tag-president-fr","tag-tresorier","tag-vice-presidente"],"acf":[],"yoast_head":"<!-- This site is optimized with the Yoast SEO plugin v27.4 - https:\/\/yoast.com\/product\/yoast-seo-wordpress\/ -->\n<title>Membres du Conseil<\/title>\n<meta name=\"description\" content=\"Le conseil d&#039;administration du Centre r\u00e9gional de sant\u00e9 de North Bay est compos\u00e9 de leaders et d&#039;acteurs du changement issus de diverses disciplines.\" \/>\n<meta name=\"robots\" content=\"index, follow, max-snippet:-1, max-image-preview:large, max-video-preview:-1\" \/>\n<link rel=\"canonical\" href=\"https:\/\/nbrhc.on.ca\/fr\/a-propos-de-nous\/membres-du-conseil\/\" \/>\n<meta property=\"og:locale\" content=\"fr_FR\" \/>\n<meta property=\"og:type\" content=\"article\" \/>\n<meta property=\"og:title\" content=\"Membres du Conseil\" \/>\n<meta property=\"og:description\" content=\"Le conseil d&#039;administration du Centre r\u00e9gional de sant\u00e9 de North Bay est compos\u00e9 de leaders et d&#039;acteurs du changement issus de diverses disciplines.\" \/>\n<meta property=\"og:url\" content=\"https:\/\/nbrhc.on.ca\/fr\/a-propos-de-nous\/membres-du-conseil\/\" \/>\n<meta property=\"og:site_name\" content=\"NBRHC\" \/>\n<meta property=\"article:publisher\" content=\"https:\/\/www.facebook.com\/nbrhc\" \/>\n<meta property=\"article:modified_time\" content=\"2026-04-13T13:23:33+00:00\" \/>\n<meta property=\"og:image\" content=\"https:\/\/nbrhc.on.ca\/wp-content\/uploads\/2015\/07\/icon_col.jpeg\" \/>\n\t<meta property=\"og:image:width\" content=\"619\" \/>\n\t<meta property=\"og:image:height\" content=\"619\" \/>\n\t<meta property=\"og:image:type\" content=\"image\/jpeg\" \/>\n<meta name=\"twitter:label1\" content=\"Dur\u00e9e de lecture estim\u00e9e\" \/>\n\t<meta name=\"twitter:data1\" content=\"4 minutes\" \/>\n<script type=\"application\/ld+json\" class=\"yoast-schema-graph\">{\"@context\":\"https:\\\/\\\/schema.org\",\"@graph\":[{\"@type\":\"WebPage\",\"@id\":\"https:\\\/\\\/nbrhc.on.ca\\\/fr\\\/a-propos-de-nous\\\/membres-du-conseil\\\/\",\"url\":\"https:\\\/\\\/nbrhc.on.ca\\\/fr\\\/a-propos-de-nous\\\/membres-du-conseil\\\/\",\"name\":\"Membres du Conseil\",\"isPartOf\":{\"@id\":\"https:\\\/\\\/nbrhc.on.ca\\\/#website\"},\"primaryImageOfPage\":{\"@id\":\"https:\\\/\\\/nbrhc.on.ca\\\/fr\\\/a-propos-de-nous\\\/membres-du-conseil\\\/#primaryimage\"},\"image\":{\"@id\":\"https:\\\/\\\/nbrhc.on.ca\\\/fr\\\/a-propos-de-nous\\\/membres-du-conseil\\\/#primaryimage\"},\"thumbnailUrl\":\"https:\\\/\\\/nbrhc.on.ca\\\/wp-content\\\/uploads\\\/2024\\\/09\\\/Berthelette-J_175px.jpg\",\"datePublished\":\"2014-03-04T20:47:40+00:00\",\"dateModified\":\"2026-04-13T13:23:33+00:00\",\"description\":\"Le conseil d'administration du Centre r\u00e9gional de sant\u00e9 de North Bay est compos\u00e9 de leaders et d'acteurs du changement issus de diverses disciplines.\",\"breadcrumb\":{\"@id\":\"https:\\\/\\\/nbrhc.on.ca\\\/fr\\\/a-propos-de-nous\\\/membres-du-conseil\\\/#breadcrumb\"},\"inLanguage\":\"fr-FR\",\"potentialAction\":[{\"@type\":\"ReadAction\",\"target\":[\"https:\\\/\\\/nbrhc.on.ca\\\/fr\\\/a-propos-de-nous\\\/membres-du-conseil\\\/\"]}]},{\"@type\":\"ImageObject\",\"inLanguage\":\"fr-FR\",\"@id\":\"https:\\\/\\\/nbrhc.on.ca\\\/fr\\\/a-propos-de-nous\\\/membres-du-conseil\\\/#primaryimage\",\"url\":\"https:\\\/\\\/nbrhc.on.ca\\\/wp-content\\\/uploads\\\/2024\\\/09\\\/Berthelette-J_175px.jpg\",\"contentUrl\":\"https:\\\/\\\/nbrhc.on.ca\\\/wp-content\\\/uploads\\\/2024\\\/09\\\/Berthelette-J_175px.jpg\"},{\"@type\":\"BreadcrumbList\",\"@id\":\"https:\\\/\\\/nbrhc.on.ca\\\/fr\\\/a-propos-de-nous\\\/membres-du-conseil\\\/#breadcrumb\",\"itemListElement\":[{\"@type\":\"ListItem\",\"position\":1,\"name\":\"Home\",\"item\":\"https:\\\/\\\/nbrhc.on.ca\\\/fr\\\/\"},{\"@type\":\"ListItem\",\"position\":2,\"name\":\"\u00c0 propos de nous\",\"item\":\"https:\\\/\\\/nbrhc.on.ca\\\/fr\\\/a-propos-de-nous\\\/\"},{\"@type\":\"ListItem\",\"position\":3,\"name\":\"Membres du Conseil\"}]},{\"@type\":\"WebSite\",\"@id\":\"https:\\\/\\\/nbrhc.on.ca\\\/#website\",\"url\":\"https:\\\/\\\/nbrhc.on.ca\\\/\",\"name\":\"NBRHC\",\"description\":\"North Bay Regional Health Centre\",\"publisher\":{\"@id\":\"https:\\\/\\\/nbrhc.on.ca\\\/#organization\"},\"potentialAction\":[{\"@type\":\"SearchAction\",\"target\":{\"@type\":\"EntryPoint\",\"urlTemplate\":\"https:\\\/\\\/nbrhc.on.ca\\\/?s={search_term_string}\"},\"query-input\":{\"@type\":\"PropertyValueSpecification\",\"valueRequired\":true,\"valueName\":\"search_term_string\"}}],\"inLanguage\":\"fr-FR\"},{\"@type\":\"Organization\",\"@id\":\"https:\\\/\\\/nbrhc.on.ca\\\/#organization\",\"name\":\"North Bay Regional Health Centre\",\"url\":\"https:\\\/\\\/nbrhc.on.ca\\\/\",\"logo\":{\"@type\":\"ImageObject\",\"inLanguage\":\"fr-FR\",\"@id\":\"https:\\\/\\\/nbrhc.on.ca\\\/#\\\/schema\\\/logo\\\/image\\\/\",\"url\":\"https:\\\/\\\/nbrhc.on.ca\\\/wp-content\\\/uploads\\\/2015\\\/07\\\/logo.jpg\",\"contentUrl\":\"https:\\\/\\\/nbrhc.on.ca\\\/wp-content\\\/uploads\\\/2015\\\/07\\\/logo.jpg\",\"width\":870,\"height\":128,\"caption\":\"North Bay Regional Health Centre\"},\"image\":{\"@id\":\"https:\\\/\\\/nbrhc.on.ca\\\/#\\\/schema\\\/logo\\\/image\\\/\"},\"sameAs\":[\"https:\\\/\\\/www.facebook.com\\\/nbrhc\",\"https:\\\/\\\/x.com\\\/NBRHC\",\"https:\\\/\\\/www.linkedin.com\\\/company\\\/north-bay-regional-health-centre-nbrhc\",\"https:\\\/\\\/www.pinterest.com\\\/nbrhc\",\"https:\\\/\\\/www.youtube.com\\\/TheNBRHC\"]}]}<\/script>\n<!-- \/ Yoast SEO plugin. -->","yoast_head_json":{"title":"Membres du Conseil","description":"Le conseil d'administration du Centre r\u00e9gional de sant\u00e9 de North Bay est compos\u00e9 de leaders et d'acteurs du changement issus de diverses disciplines.","robots":{"index":"index","follow":"follow","max-snippet":"max-snippet:-1","max-image-preview":"max-image-preview:large","max-video-preview":"max-video-preview:-1"},"canonical":"https:\/\/nbrhc.on.ca\/fr\/a-propos-de-nous\/membres-du-conseil\/","og_locale":"fr_FR","og_type":"article","og_title":"Membres du Conseil","og_description":"Le conseil d'administration du Centre r\u00e9gional de sant\u00e9 de North Bay est compos\u00e9 de leaders et d'acteurs du changement issus de diverses disciplines.","og_url":"https:\/\/nbrhc.on.ca\/fr\/a-propos-de-nous\/membres-du-conseil\/","og_site_name":"NBRHC","article_publisher":"https:\/\/www.facebook.com\/nbrhc","article_modified_time":"2026-04-13T13:23:33+00:00","og_image":[{"width":619,"height":619,"url":"https:\/\/nbrhc.on.ca\/wp-content\/uploads\/2015\/07\/icon_col.jpeg","type":"image\/jpeg"}],"twitter_misc":{"Dur\u00e9e de lecture estim\u00e9e":"4 minutes"},"schema":{"@context":"https:\/\/schema.org","@graph":[{"@type":"WebPage","@id":"https:\/\/nbrhc.on.ca\/fr\/a-propos-de-nous\/membres-du-conseil\/","url":"https:\/\/nbrhc.on.ca\/fr\/a-propos-de-nous\/membres-du-conseil\/","name":"Membres du Conseil","isPartOf":{"@id":"https:\/\/nbrhc.on.ca\/#website"},"primaryImageOfPage":{"@id":"https:\/\/nbrhc.on.ca\/fr\/a-propos-de-nous\/membres-du-conseil\/#primaryimage"},"image":{"@id":"https:\/\/nbrhc.on.ca\/fr\/a-propos-de-nous\/membres-du-conseil\/#primaryimage"},"thumbnailUrl":"https:\/\/nbrhc.on.ca\/wp-content\/uploads\/2024\/09\/Berthelette-J_175px.jpg","datePublished":"2014-03-04T20:47:40+00:00","dateModified":"2026-04-13T13:23:33+00:00","description":"Le conseil d'administration du Centre r\u00e9gional de sant\u00e9 de North Bay est compos\u00e9 de leaders et d'acteurs du changement issus de diverses disciplines.","breadcrumb":{"@id":"https:\/\/nbrhc.on.ca\/fr\/a-propos-de-nous\/membres-du-conseil\/#breadcrumb"},"inLanguage":"fr-FR","potentialAction":[{"@type":"ReadAction","target":["https:\/\/nbrhc.on.ca\/fr\/a-propos-de-nous\/membres-du-conseil\/"]}]},{"@type":"ImageObject","inLanguage":"fr-FR","@id":"https:\/\/nbrhc.on.ca\/fr\/a-propos-de-nous\/membres-du-conseil\/#primaryimage","url":"https:\/\/nbrhc.on.ca\/wp-content\/uploads\/2024\/09\/Berthelette-J_175px.jpg","contentUrl":"https:\/\/nbrhc.on.ca\/wp-content\/uploads\/2024\/09\/Berthelette-J_175px.jpg"},{"@type":"BreadcrumbList","@id":"https:\/\/nbrhc.on.ca\/fr\/a-propos-de-nous\/membres-du-conseil\/#breadcrumb","itemListElement":[{"@type":"ListItem","position":1,"name":"Home","item":"https:\/\/nbrhc.on.ca\/fr\/"},{"@type":"ListItem","position":2,"name":"\u00c0 propos de nous","item":"https:\/\/nbrhc.on.ca\/fr\/a-propos-de-nous\/"},{"@type":"ListItem","position":3,"name":"Membres du Conseil"}]},{"@type":"WebSite","@id":"https:\/\/nbrhc.on.ca\/#website","url":"https:\/\/nbrhc.on.ca\/","name":"NBRHC","description":"North Bay Regional Health Centre","publisher":{"@id":"https:\/\/nbrhc.on.ca\/#organization"},"potentialAction":[{"@type":"SearchAction","target":{"@type":"EntryPoint","urlTemplate":"https:\/\/nbrhc.on.ca\/?s={search_term_string}"},"query-input":{"@type":"PropertyValueSpecification","valueRequired":true,"valueName":"search_term_string"}}],"inLanguage":"fr-FR"},{"@type":"Organization","@id":"https:\/\/nbrhc.on.ca\/#organization","name":"North Bay Regional Health Centre","url":"https:\/\/nbrhc.on.ca\/","logo":{"@type":"ImageObject","inLanguage":"fr-FR","@id":"https:\/\/nbrhc.on.ca\/#\/schema\/logo\/image\/","url":"https:\/\/nbrhc.on.ca\/wp-content\/uploads\/2015\/07\/logo.jpg","contentUrl":"https:\/\/nbrhc.on.ca\/wp-content\/uploads\/2015\/07\/logo.jpg","width":870,"height":128,"caption":"North Bay Regional Health Centre"},"image":{"@id":"https:\/\/nbrhc.on.ca\/#\/schema\/logo\/image\/"},"sameAs":["https:\/\/www.facebook.com\/nbrhc","https:\/\/x.com\/NBRHC","https:\/\/www.linkedin.com\/company\/north-bay-regional-health-centre-nbrhc","https:\/\/www.pinterest.com\/nbrhc","https:\/\/www.youtube.com\/TheNBRHC"]}]}},"_links":{"self":[{"href":"https:\/\/nbrhc.on.ca\/fr\/wp-json\/wp\/v2\/pages\/1464","targetHints":{"allow":["GET"]}}],"collection":[{"href":"https:\/\/nbrhc.on.ca\/fr\/wp-json\/wp\/v2\/pages"}],"about":[{"href":"https:\/\/nbrhc.on.ca\/fr\/wp-json\/wp\/v2\/types\/page"}],"author":[{"embeddable":true,"href":"https:\/\/nbrhc.on.ca\/fr\/wp-json\/wp\/v2\/users\/17"}],"replies":[{"embeddable":true,"href":"https:\/\/nbrhc.on.ca\/fr\/wp-json\/wp\/v2\/comments?post=1464"}],"version-history":[{"count":12,"href":"https:\/\/nbrhc.on.ca\/fr\/wp-json\/wp\/v2\/pages\/1464\/revisions"}],"predecessor-version":[{"id":47354,"href":"https:\/\/nbrhc.on.ca\/fr\/wp-json\/wp\/v2\/pages\/1464\/revisions\/47354"}],"up":[{"embeddable":true,"href":"https:\/\/nbrhc.on.ca\/fr\/wp-json\/wp\/v2\/pages\/1462"}],"wp:attachment":[{"href":"https:\/\/nbrhc.on.ca\/fr\/wp-json\/wp\/v2\/media?parent=1464"}],"wp:term":[{"taxonomy":"post_tag","embeddable":true,"href":"https:\/\/nbrhc.on.ca\/fr\/wp-json\/wp\/v2\/tags?post=1464"}],"curies":[{"name":"wp","href":"https:\/\/api.w.org\/{rel}","templated":true}]}}