{"id":1518,"date":"2014-03-10T15:03:38","date_gmt":"2014-03-10T19:03:38","guid":{"rendered":"http:\/\/www.nbrhc.on.ca\/?page_id=1518"},"modified":"2025-07-29T10:15:27","modified_gmt":"2025-07-29T14:15:27","slug":"publications","status":"publish","type":"page","link":"https:\/\/nbrhc.on.ca\/fr\/a-propos-de-nous\/publications\/","title":{"rendered":"Publications"},"content":{"rendered":"<p>Les documents suivants sont publi\u00e9s par le CRSNB, qui entend informer r\u00e9guli\u00e8rement les patientes et patients, les familles et ses partenaires de ses activit\u00e9s. Veuillez choisir le titre qui vous int\u00e9resse.<\/p>\n<h2>Plans d&rsquo;accessibilit\u00e9<\/h2>\n<ul>\n<li><a href=\"\/wp-content\/uploads\/2016\/12\/Multi-Year-Accessibility-Plan-2017-2021.pdf\" target=\"_blank\" rel=\"noopener noreferrer\">2017 &#8211; 2021<\/a>\u00a0(disponible en <em>anglais seulement<\/em>)<\/li>\n<li><a href=\"\/wp-content\/uploads\/2014\/05\/Multi-Year-Accessibility-Plan-April-01-2013-March-31-20171.pdf\" target=\"_blank\" rel=\"noopener noreferrer\">2013 &#8211; 2017<\/a> (disponible en <em>anglais seulement<\/em>)<\/li>\n<li><a href=\"\/wp-content\/uploads\/2014\/05\/NBRHC-Accessibility-Plan-2012-2013.pdf\" target=\"_blank\" rel=\"noopener noreferrer\">2012 &#8211; 2013<\/a> (disponible en <em>anglais seulement<\/em>)<\/li>\n<li><a href=\"\/wp-content\/uploads\/2014\/05\/NBGH_Accessibility_Plan_2009.pdf\" target=\"_blank\" rel=\"noopener noreferrer\">2009<\/a> (disponible en <em>anglais seulement<\/em>)<\/li>\n<li><a href=\"\/wp-content\/uploads\/2014\/05\/NBGH-Accessibility-Plan-2008-fr.pdf\" target=\"_blank\" rel=\"noopener noreferrer\">2008<\/a><\/li>\n<\/ul>\n<h2>Rapport sur la visite d&rsquo;agr\u00e9ment<\/h2>\n<ul>\n<li><a href=\"\/wp-content\/uploads\/2022\/08\/NBRHC_Accreditation-Report-2020.pdf\" target=\"_blank\" rel=\"noopener\">2020<\/a>\u00a0(disponible en <em>anglais seulement<\/em>)<\/li>\n<li><a href=\"\/wp-content\/uploads\/2022\/08\/NBRHC_Accreditation-Report-2016.pdf\" target=\"_blank\" rel=\"noopener\">2016<\/a>\u00a0(disponible en <em>anglais seulement<\/em>)<\/li>\n<li><a href=\"\/wp-content\/uploads\/2014\/08\/2012-Accreditation_Report.pdf\" target=\"_blank\" rel=\"noopener noreferrer\">2012<\/a>\u00a0(disponible en <em>anglais seulement<\/em>)<\/li>\n<\/ul>\n<h2>Rapports annuels<\/h2>\n<ul>\n<li><a href=\"https:\/\/nbrhc.on.ca\/wp-content\/uploads\/2025\/09\/Annual-report-2025-FR-V06.pdf\" target=\"_blank\" rel=\"noopener\">2024\/2025<\/a><\/li>\n<li><a href=\"https:\/\/nbrhc.on.ca\/wp-content\/uploads\/2024\/07\/Annual-Report-23-24_FR_V02.pdf\" target=\"_blank\" rel=\"noopener\">2023\/2024<\/a><\/li>\n<li><a href=\"\/wp-content\/uploads\/2023\/07\/AnnualReport_2023_FR_Final.pdf\" target=\"_blank\" rel=\"noopener\">2022\/2023<\/a><\/li>\n<li><a href=\"\/wp-content\/uploads\/2022\/09\/AnnualReport_2022_FR.pdf\" target=\"_blank\" rel=\"noopener\">2021\/2022<\/a><\/li>\n<li><a href=\"https:\/\/nbrhc.on.ca\/wp-content\/uploads\/2021\/09\/Annual-Report_French_20-21.pdf\">2020\/2021<\/a><\/li>\n<li><a href=\"\/wp-content\/uploads\/2020\/07\/NBRHC_AnnualReport_1920_FR.pdf\" target=\"_blank\" rel=\"noopener noreferrer\">2019\/2020<\/a><\/li>\n<li><a href=\"\/wp-content\/uploads\/2023\/05\/North-Bay-Regional-Health-Centre-Annual-Report-2018-19_FR.pdf\" target=\"_blank\" rel=\"noopener\">2018\/2019<\/a><\/li>\n<li><a href=\"\/wp-content\/uploads\/2023\/05\/North-Bay-Regional-Health-Centre-2017-18-Annual-Report_FR.pdf\" target=\"_blank\" rel=\"noopener\">2017\/2018<\/a><\/li>\n<\/ul>\n<h2>\u00c9tats financiers<\/h2>\n<p>Les \u00e9tats financiers sont disponible \u00e0 la page <a href=\"\/fr\/responsabilisation\/etats-financiers\/\" target=\"_blank\" rel=\"noopener noreferrer\">\u00c9tats financiers<\/a> de la section sur la responsabilisation.<\/p>\n<h2>Entente de responsabilisation en mati\u00e8re de services hospitaliers<\/h2>\n<ul>\n<li><a href=\"\/wp-content\/uploads\/2014\/05\/0809-0910-Final-Signed-H-SAA.pdf\" target=\"_blank\" rel=\"noopener noreferrer\">2008\/2010<\/a> (disponible en <em>anglais seulement<\/em>)<\/li>\n<\/ul>\n<h2>Publication des renseignements sur les d\u00e9penses<\/h2>\n<p>Les renseignements sur les d\u00e9penses sont disponible \u00e0 la page <a href=\"\/fr\/responsabilisation\/publication-des-renseignements-sur-les-depenses\/\" target=\"_blank\" rel=\"noopener noreferrer\">Publication des renseignements sur les d\u00e9penses<\/a> de la section sur la responsabilisation.<\/p>\n<h2>Plan strat\u00e9gique du CRSNB<\/h2>\n<ul>\n<li><a href=\"\/wp-content\/uploads\/2022\/08\/StrategicPlan_0822_FR_Final.pdf\" target=\"_blank\" rel=\"noopener\">Plan strat\u00e9gique du CRSNB | 2022 &#8211; 2027<\/a><\/li>\n<li><a href=\"\/wp-content\/uploads\/2021\/02\/StratPlanPoster_271020.pdf\" target=\"_blank\" rel=\"noopener\">Plan strat\u00e9gique du CRSNB | 2020 &#8211; 2022<\/a><\/li>\n<li><a href=\"\/wp-content\/uploads\/2021\/04\/StratPlan2017-19.pdf\" target=\"_blank\" rel=\"noopener\">Plan strat\u00e9gique du CRSNB | 2017 &#8211; 2019<\/a><\/li>\n<li><a href=\"\/wp-content\/uploads\/2014\/05\/StrategicPlanFr_web.pdf\" target=\"_blank\" rel=\"noopener noreferrer\">Plan strat\u00e9gique du CRSNB | 2013 &#8211; 2016<\/a><\/li>\n<\/ul>\n<h2>Plan d&rsquo;am\u00e9lioration de la qualit\u00e9<\/h2>\n<p>Le Plan d&rsquo;am\u00e9lioration de la qualit\u00e9 est disponible \u00e0 la page <a href=\"\/fr\/responsabilisation\/plan-damelioration-de-la-qualite\/\" target=\"_blank\" rel=\"noopener noreferrer\">Plan d&rsquo;am\u00e9lioration de la qualit\u00e9<\/a> de la section sur la responsabilisation.<\/p>\n<h2>Rapports de consommation d&rsquo;\u00e9nergie et d&rsquo;intensit\u00e9 \u00e9nerg\u00e9tique<\/h2>\n<p>Le Rapports de consommation d&rsquo;\u00e9nergie et d&rsquo;intensit\u00e9 \u00e9nerg\u00e9tique est disponible \u00e0 la page <a href=\"\/fr\/responsabilisation\/rapports-de-consommation-denergie-et-dintensite-energetique\/\" target=\"_blank\" rel=\"noopener noreferrer\">Rapports de consommation d&rsquo;\u00e9nergie et d&rsquo;intensit\u00e9 \u00e9nerg\u00e9tique<\/a> de la section sur la responsabilisation.<\/p>\n<h2>Bien au courant \u2013 Bulletin \u00e9lectronique<\/h2>\n<ul>\n<li><a href=\"\/wp-content\/uploads\/2023\/06\/BIEN-AU-COURANT-%E2%80%93-HIVER-2020.pdf\" target=\"_blank\" rel=\"noopener\">Hiver 2020<\/a><\/li>\n<li><a href=\"\/wp-content\/uploads\/2023\/06\/BIEN-AU-COURANT-%E2%80%93-AUTOMNE-2019.pdf\" target=\"_blank\" rel=\"noopener\">Automne 2019<\/a><\/li>\n<li><a href=\"\/wp-content\/uploads\/2023\/06\/BIEN-AU-COURANT-%E2%80%93-ETE-2019.pdf\" target=\"_blank\" rel=\"noopener\">\u00c9t\u00e9 2019<\/a><\/li>\n<li><a href=\"\/wp-content\/uploads\/2023\/06\/BIEN-AU-COURANT-%E2%80%93-HIVER-2019.pdf\" target=\"_blank\" rel=\"noopener\">Hiver 2019<\/a><\/li>\n<li><a href=\"\/wp-content\/uploads\/2023\/06\/BIEN-AU-COURANT-%E2%80%93-AUTOMNE-2018.pdf\" target=\"_blank\" rel=\"noopener\">Automne 2018<\/a><\/li>\n<li><a href=\"\/wp-content\/uploads\/2023\/06\/BIEN-AU-COURANT-%E2%80%93-HIVER-2018.pdf\" target=\"_blank\" rel=\"noopener\">Hiver 2018<\/a><\/li>\n<li><a href=\"\/wp-content\/uploads\/2023\/06\/BIEN-AU-COURANT-%E2%80%93-AUTOMNE-2017.pdf\" target=\"_blank\" rel=\"noopener\">Automne 2017<\/a><\/li>\n<li><a href=\"\/wp-content\/uploads\/2023\/06\/BIEN-AU-COURANT-%E2%80%93-ETE-2017.pdf\" target=\"_blank\" rel=\"noopener\">\u00c9t\u00e9 2017<\/a><\/li>\n<li><a href=\"\/wp-content\/uploads\/2023\/06\/BIEN-AU-COURANT-%E2%80%93-PRINTEMPS-2017.pdf\" target=\"_blank\" rel=\"noopener\">Printemps 2017<\/a><\/li>\n<li><a href=\"\/wp-content\/uploads\/2023\/06\/BIEN-AU-COURANT-%E2%80%93-HIVER-2017.pdf\" target=\"_blank\" rel=\"noopener\">Hiver 2017<\/a><\/li>\n<li><a href=\"\/wp-content\/uploads\/2023\/06\/BIEN-AU-COURANT-%E2%80%93-AUTOMNE-2016.pdf\" target=\"_blank\" rel=\"noopener\">Automne 2016<\/a><\/li>\n<li><a href=\"\/wp-content\/uploads\/2023\/06\/BIEN-AU-COURANT-%E2%80%93-ETE-2016.pdf\" target=\"_blank\" rel=\"noopener\">\u00c9t\u00e9 2016<\/a><\/li>\n<li><a href=\"\/wp-content\/uploads\/2023\/06\/BIEN-AU-COURANT-%E2%80%93-PRINTEMPS-2016.pdf\" target=\"_blank\" rel=\"noopener\">Printemps 2016<\/a><\/li>\n<li><a href=\"\/wp-content\/uploads\/2023\/06\/BIEN-AU-COURANT-%E2%80%93-AUTOMNE-2015.pdf\" target=\"_blank\" rel=\"noopener\">Automne 2015<\/a><\/li>\n<li><a href=\"\/wp-content\/uploads\/2023\/06\/BIEN-AU-COURANT-%E2%80%93-ETE-2015.pdf\" target=\"_blank\" rel=\"noopener\">\u00c9t\u00e9 2015<\/a><\/li>\n<li><a href=\"\/wp-content\/uploads\/2023\/06\/BIEN-AU-COURANT-%E2%80%93-PRINTEMPS-2015.pdf\" target=\"_blank\" rel=\"noopener\">Printemps 2015<\/a><\/li>\n<li><a href=\"\/wp-content\/uploads\/2023\/06\/BIEN-AU-COURANT-%E2%80%93-HIVER-2015.pdf\" target=\"_blank\" rel=\"noopener\">Hiver 2015<\/a><\/li>\n<\/ul>\n","protected":false},"excerpt":{"rendered":"<p>Les documents suivants sont publi\u00e9s par le CRSNB, qui entend informer r\u00e9guli\u00e8rement les patientes et patients, les familles et ses partenaires de ses activit\u00e9s. Veuillez choisir le titre qui vous [&hellip;]<\/p>\n","protected":false},"author":17,"featured_media":0,"parent":1462,"menu_order":0,"comment_status":"open","ping_status":"open","template":"","meta":{"_acf_changed":false,"_monsterinsights_skip_tracking":false,"_monsterinsights_sitenote_active":false,"_monsterinsights_sitenote_note":"","_monsterinsights_sitenote_category":0,"footnotes":"","_links_to":"","_links_to_target":"","_wp_rev_ctl_limit":""},"tags":[355,357,362,361,354,359,356,360,358],"class_list":["post-1518","page","type-page","status-publish","hentry","tag-accessibilite","tag-agrement","tag-entente-de-responsabilisation","tag-entente-de-responsabilisation-en-matiere-de-services-hospitaliers","tag-plans-daccessibilite","tag-rapport","tag-rapport-sur-la-visite-dagrement","tag-rapports","tag-rapports-annuels"],"acf":[],"yoast_head":"<!-- This site is optimized with the Yoast SEO plugin v27.5 - https:\/\/yoast.com\/product\/yoast-seo-wordpress\/ -->\n<title>Publications<\/title>\n<meta name=\"description\" content=\"Le CRSNB s&#039;engage \u00e0 informer r\u00e9guli\u00e8rement ses patients, leurs familles et nos partenaires. Consultez nos publications en ouvrant cette page Web\" \/>\n<meta name=\"robots\" content=\"index, follow, max-snippet:-1, max-image-preview:large, max-video-preview:-1\" \/>\n<link rel=\"canonical\" href=\"https:\/\/nbrhc.on.ca\/fr\/a-propos-de-nous\/publications\/\" \/>\n<meta property=\"og:locale\" content=\"fr_FR\" \/>\n<meta property=\"og:type\" content=\"article\" \/>\n<meta property=\"og:title\" content=\"Publications\" \/>\n<meta property=\"og:description\" content=\"Le CRSNB s&#039;engage \u00e0 informer r\u00e9guli\u00e8rement ses patients, leurs familles et nos partenaires. Consultez nos publications en ouvrant cette page Web\" \/>\n<meta property=\"og:url\" content=\"https:\/\/nbrhc.on.ca\/fr\/a-propos-de-nous\/publications\/\" \/>\n<meta property=\"og:site_name\" content=\"NBRHC\" \/>\n<meta property=\"article:publisher\" content=\"https:\/\/www.facebook.com\/nbrhc\" \/>\n<meta property=\"article:modified_time\" content=\"2025-07-29T14:15:27+00:00\" \/>\n<meta property=\"og:image\" content=\"https:\/\/nbrhc.on.ca\/wp-content\/uploads\/2015\/07\/icon_col.jpeg\" \/>\n\t<meta property=\"og:image:width\" content=\"619\" \/>\n\t<meta property=\"og:image:height\" content=\"619\" \/>\n\t<meta property=\"og:image:type\" content=\"image\/jpeg\" \/>\n<meta name=\"twitter:label1\" content=\"Dur\u00e9e de lecture estim\u00e9e\" \/>\n\t<meta name=\"twitter:data1\" content=\"2 minutes\" \/>\n<script type=\"application\/ld+json\" class=\"yoast-schema-graph\">{\"@context\":\"https:\\\/\\\/schema.org\",\"@graph\":[{\"@type\":\"WebPage\",\"@id\":\"https:\\\/\\\/nbrhc.on.ca\\\/fr\\\/a-propos-de-nous\\\/publications\\\/\",\"url\":\"https:\\\/\\\/nbrhc.on.ca\\\/fr\\\/a-propos-de-nous\\\/publications\\\/\",\"name\":\"Publications\",\"isPartOf\":{\"@id\":\"https:\\\/\\\/nbrhc.on.ca\\\/#website\"},\"datePublished\":\"2014-03-10T19:03:38+00:00\",\"dateModified\":\"2025-07-29T14:15:27+00:00\",\"description\":\"Le CRSNB s'engage \u00e0 informer r\u00e9guli\u00e8rement ses patients, leurs familles et nos partenaires. Consultez nos publications en ouvrant cette page Web\",\"breadcrumb\":{\"@id\":\"https:\\\/\\\/nbrhc.on.ca\\\/fr\\\/a-propos-de-nous\\\/publications\\\/#breadcrumb\"},\"inLanguage\":\"fr-FR\",\"potentialAction\":[{\"@type\":\"ReadAction\",\"target\":[\"https:\\\/\\\/nbrhc.on.ca\\\/fr\\\/a-propos-de-nous\\\/publications\\\/\"]}]},{\"@type\":\"BreadcrumbList\",\"@id\":\"https:\\\/\\\/nbrhc.on.ca\\\/fr\\\/a-propos-de-nous\\\/publications\\\/#breadcrumb\",\"itemListElement\":[{\"@type\":\"ListItem\",\"position\":1,\"name\":\"Home\",\"item\":\"https:\\\/\\\/nbrhc.on.ca\\\/fr\\\/\"},{\"@type\":\"ListItem\",\"position\":2,\"name\":\"\u00c0 propos de nous\",\"item\":\"https:\\\/\\\/nbrhc.on.ca\\\/fr\\\/a-propos-de-nous\\\/\"},{\"@type\":\"ListItem\",\"position\":3,\"name\":\"Publications\"}]},{\"@type\":\"WebSite\",\"@id\":\"https:\\\/\\\/nbrhc.on.ca\\\/#website\",\"url\":\"https:\\\/\\\/nbrhc.on.ca\\\/\",\"name\":\"NBRHC\",\"description\":\"North Bay Regional Health Centre\",\"publisher\":{\"@id\":\"https:\\\/\\\/nbrhc.on.ca\\\/#organization\"},\"potentialAction\":[{\"@type\":\"SearchAction\",\"target\":{\"@type\":\"EntryPoint\",\"urlTemplate\":\"https:\\\/\\\/nbrhc.on.ca\\\/?s={search_term_string}\"},\"query-input\":{\"@type\":\"PropertyValueSpecification\",\"valueRequired\":true,\"valueName\":\"search_term_string\"}}],\"inLanguage\":\"fr-FR\"},{\"@type\":\"Organization\",\"@id\":\"https:\\\/\\\/nbrhc.on.ca\\\/#organization\",\"name\":\"North Bay Regional Health Centre\",\"url\":\"https:\\\/\\\/nbrhc.on.ca\\\/\",\"logo\":{\"@type\":\"ImageObject\",\"inLanguage\":\"fr-FR\",\"@id\":\"https:\\\/\\\/nbrhc.on.ca\\\/#\\\/schema\\\/logo\\\/image\\\/\",\"url\":\"https:\\\/\\\/nbrhc.on.ca\\\/wp-content\\\/uploads\\\/2015\\\/07\\\/logo.jpg\",\"contentUrl\":\"https:\\\/\\\/nbrhc.on.ca\\\/wp-content\\\/uploads\\\/2015\\\/07\\\/logo.jpg\",\"width\":870,\"height\":128,\"caption\":\"North Bay Regional Health Centre\"},\"image\":{\"@id\":\"https:\\\/\\\/nbrhc.on.ca\\\/#\\\/schema\\\/logo\\\/image\\\/\"},\"sameAs\":[\"https:\\\/\\\/www.facebook.com\\\/nbrhc\",\"https:\\\/\\\/x.com\\\/NBRHC\",\"https:\\\/\\\/www.linkedin.com\\\/company\\\/north-bay-regional-health-centre-nbrhc\",\"https:\\\/\\\/www.pinterest.com\\\/nbrhc\",\"https:\\\/\\\/www.youtube.com\\\/TheNBRHC\"]}]}<\/script>\n<!-- \/ Yoast SEO plugin. -->","yoast_head_json":{"title":"Publications","description":"Le CRSNB s'engage \u00e0 informer r\u00e9guli\u00e8rement ses patients, leurs familles et nos partenaires. Consultez nos publications en ouvrant cette page Web","robots":{"index":"index","follow":"follow","max-snippet":"max-snippet:-1","max-image-preview":"max-image-preview:large","max-video-preview":"max-video-preview:-1"},"canonical":"https:\/\/nbrhc.on.ca\/fr\/a-propos-de-nous\/publications\/","og_locale":"fr_FR","og_type":"article","og_title":"Publications","og_description":"Le CRSNB s'engage \u00e0 informer r\u00e9guli\u00e8rement ses patients, leurs familles et nos partenaires. Consultez nos publications en ouvrant cette page Web","og_url":"https:\/\/nbrhc.on.ca\/fr\/a-propos-de-nous\/publications\/","og_site_name":"NBRHC","article_publisher":"https:\/\/www.facebook.com\/nbrhc","article_modified_time":"2025-07-29T14:15:27+00:00","og_image":[{"width":619,"height":619,"url":"https:\/\/nbrhc.on.ca\/wp-content\/uploads\/2015\/07\/icon_col.jpeg","type":"image\/jpeg"}],"twitter_misc":{"Dur\u00e9e de lecture estim\u00e9e":"2 minutes"},"schema":{"@context":"https:\/\/schema.org","@graph":[{"@type":"WebPage","@id":"https:\/\/nbrhc.on.ca\/fr\/a-propos-de-nous\/publications\/","url":"https:\/\/nbrhc.on.ca\/fr\/a-propos-de-nous\/publications\/","name":"Publications","isPartOf":{"@id":"https:\/\/nbrhc.on.ca\/#website"},"datePublished":"2014-03-10T19:03:38+00:00","dateModified":"2025-07-29T14:15:27+00:00","description":"Le CRSNB s'engage \u00e0 informer r\u00e9guli\u00e8rement ses patients, leurs familles et nos partenaires. Consultez nos publications en ouvrant cette page Web","breadcrumb":{"@id":"https:\/\/nbrhc.on.ca\/fr\/a-propos-de-nous\/publications\/#breadcrumb"},"inLanguage":"fr-FR","potentialAction":[{"@type":"ReadAction","target":["https:\/\/nbrhc.on.ca\/fr\/a-propos-de-nous\/publications\/"]}]},{"@type":"BreadcrumbList","@id":"https:\/\/nbrhc.on.ca\/fr\/a-propos-de-nous\/publications\/#breadcrumb","itemListElement":[{"@type":"ListItem","position":1,"name":"Home","item":"https:\/\/nbrhc.on.ca\/fr\/"},{"@type":"ListItem","position":2,"name":"\u00c0 propos de nous","item":"https:\/\/nbrhc.on.ca\/fr\/a-propos-de-nous\/"},{"@type":"ListItem","position":3,"name":"Publications"}]},{"@type":"WebSite","@id":"https:\/\/nbrhc.on.ca\/#website","url":"https:\/\/nbrhc.on.ca\/","name":"NBRHC","description":"North Bay Regional Health Centre","publisher":{"@id":"https:\/\/nbrhc.on.ca\/#organization"},"potentialAction":[{"@type":"SearchAction","target":{"@type":"EntryPoint","urlTemplate":"https:\/\/nbrhc.on.ca\/?s={search_term_string}"},"query-input":{"@type":"PropertyValueSpecification","valueRequired":true,"valueName":"search_term_string"}}],"inLanguage":"fr-FR"},{"@type":"Organization","@id":"https:\/\/nbrhc.on.ca\/#organization","name":"North Bay Regional Health Centre","url":"https:\/\/nbrhc.on.ca\/","logo":{"@type":"ImageObject","inLanguage":"fr-FR","@id":"https:\/\/nbrhc.on.ca\/#\/schema\/logo\/image\/","url":"https:\/\/nbrhc.on.ca\/wp-content\/uploads\/2015\/07\/logo.jpg","contentUrl":"https:\/\/nbrhc.on.ca\/wp-content\/uploads\/2015\/07\/logo.jpg","width":870,"height":128,"caption":"North Bay Regional Health Centre"},"image":{"@id":"https:\/\/nbrhc.on.ca\/#\/schema\/logo\/image\/"},"sameAs":["https:\/\/www.facebook.com\/nbrhc","https:\/\/x.com\/NBRHC","https:\/\/www.linkedin.com\/company\/north-bay-regional-health-centre-nbrhc","https:\/\/www.pinterest.com\/nbrhc","https:\/\/www.youtube.com\/TheNBRHC"]}]}},"_links":{"self":[{"href":"https:\/\/nbrhc.on.ca\/fr\/wp-json\/wp\/v2\/pages\/1518","targetHints":{"allow":["GET"]}}],"collection":[{"href":"https:\/\/nbrhc.on.ca\/fr\/wp-json\/wp\/v2\/pages"}],"about":[{"href":"https:\/\/nbrhc.on.ca\/fr\/wp-json\/wp\/v2\/types\/page"}],"author":[{"embeddable":true,"href":"https:\/\/nbrhc.on.ca\/fr\/wp-json\/wp\/v2\/users\/17"}],"replies":[{"embeddable":true,"href":"https:\/\/nbrhc.on.ca\/fr\/wp-json\/wp\/v2\/comments?post=1518"}],"version-history":[{"count":6,"href":"https:\/\/nbrhc.on.ca\/fr\/wp-json\/wp\/v2\/pages\/1518\/revisions"}],"predecessor-version":[{"id":45197,"href":"https:\/\/nbrhc.on.ca\/fr\/wp-json\/wp\/v2\/pages\/1518\/revisions\/45197"}],"up":[{"embeddable":true,"href":"https:\/\/nbrhc.on.ca\/fr\/wp-json\/wp\/v2\/pages\/1462"}],"wp:attachment":[{"href":"https:\/\/nbrhc.on.ca\/fr\/wp-json\/wp\/v2\/media?parent=1518"}],"wp:term":[{"taxonomy":"post_tag","embeddable":true,"href":"https:\/\/nbrhc.on.ca\/fr\/wp-json\/wp\/v2\/tags?post=1518"}],"curies":[{"name":"wp","href":"https:\/\/api.w.org\/{rel}","templated":true}]}}