{"id":1529,"date":"2014-03-10T15:19:34","date_gmt":"2014-03-10T19:19:34","guid":{"rendered":"http:\/\/www.nbrhc.on.ca\/?page_id=1529"},"modified":"2025-06-19T13:02:06","modified_gmt":"2025-06-19T17:02:06","slug":"etats-financiers","status":"publish","type":"page","link":"https:\/\/nbrhc.on.ca\/fr\/responsabilisation\/etats-financiers\/","title":{"rendered":"\u00c9tats financiers"},"content":{"rendered":"<p>(disponible en <em>anglais seulement<\/em>)<\/p>\n<ul>\n<li><a href=\"https:\/\/nbrhc.on.ca\/wp-content\/uploads\/2025\/06\/20250331-AUD-North-Bay-Regional-Health-Centre-FS-FINAL.pdf\" target=\"_blank\" rel=\"noopener\">2024\/2025 &#8211; \u00c9tat financier du Centre r\u00e9gional de sant\u00e9 de North Bay<\/a><\/li>\n<li><a href=\"https:\/\/nbrhc.on.ca\/wp-content\/uploads\/2024\/07\/2023-2024-NBRHC-Financial-Statements.pdf\" target=\"_blank\" rel=\"noopener\">2023\/2024 &#8211; \u00c9tat financier du Centre r\u00e9gional de sant\u00e9 de North Bay<\/a><\/li>\n<li><a href=\"\/wp-content\/uploads\/2023\/06\/North-Bay-Regional-Health-Centre-2023-Financial-Statements-FINAL.pdf\" target=\"_blank\" rel=\"noopener\">2022\/2023 &#8211; \u00c9tat financier du Centre r\u00e9gional de sant\u00e9 de North Bay<\/a><\/li>\n<li><a href=\"\/wp-content\/uploads\/2022\/06\/North-Bay-Regional-Health-Centre-Audit-20220331-Financial-Statements-FINAL.pdf\" target=\"_blank\" rel=\"noopener\">2021\/2022 &#8211; \u00c9tat financier du Centre r\u00e9gional de sant\u00e9 de North Bay<\/a><\/li>\n<li><a href=\"\/wp-content\/uploads\/2021\/06\/Executed-NBRHC-Audited-Financial-Statements-Year-ended-March-31-2021.pdf\" target=\"_blank\" rel=\"noopener\">2020\/2021 &#8211; \u00c9tat financier du Centre r\u00e9gional de sant\u00e9 de North Bay<\/a><\/li>\n<li><a href=\"\/wp-content\/uploads\/2020\/08\/Executed-NBRHC-Financial-Statements-March-31-2020.pdf\" target=\"_blank\" rel=\"noopener noreferrer\">2019\/2020 &#8211; \u00c9tat financier du Centre r\u00e9gional de sant\u00e9 de North Bay<\/a><\/li>\n<li><a href=\"\/wp-content\/uploads\/2019\/09\/NBRHC-Audited-Financial-Statements-March-31-2019-Signed.pdf\" target=\"_blank\" rel=\"noopener noreferrer\">2018\/2019 &#8211; \u00c9tat financier du Centre r\u00e9gional de sant\u00e9 de North Bay<\/a><br \/>\n<a href=\"\/wp-content\/uploads\/2019\/09\/4.1-NBRHC-Supplemental-Reporting-2019.pdf\" target=\"_blank\" rel=\"noopener noreferrer\">2018\/2019 &#8211; Tableaux financiers suppl\u00e9mentaires<\/a><\/li>\n<li><a href=\"\/wp-content\/uploads\/2018\/08\/2017-18-NBRHC-Financial-Statement.pdf\" target=\"_blank\" rel=\"noopener noreferrer\">2017\/2018 &#8211; \u00c9tat financier du Centre r\u00e9gional de sant\u00e9 de North Bay<\/a><\/li>\n<li><a href=\"\/wp-content\/uploads\/2018\/02\/NBRHC-2017-Financial-Statements-with-Supplementary-Schedules.pdf\" target=\"_blank\" rel=\"noopener noreferrer\">2016\/2017 &#8211; \u00c9tat financier du Centre r\u00e9gional de sant\u00e9 de North Bay<\/a><\/li>\n<li><a href=\"\/wp-content\/uploads\/2013\/10\/03B-March-30-2016-Audited-Financial-Statement-Signed.pdf\" target=\"_blank\" rel=\"noopener noreferrer\">2015\/2016 &#8211; \u00c9tat financier du Centre r\u00e9gional de sant\u00e9 de North Bay<\/a><\/li>\n<li><a href=\"\/wp-content\/uploads\/2015\/09\/NBRHC-2015-final-signed-FS.pdf\" target=\"_blank\" rel=\"noopener noreferrer\">2014\/2015 &#8211; \u00c9tat financier du Centre r\u00e9gional de sant\u00e9 de North Bay<\/a><\/li>\n<li><a href=\"\/wp-content\/uploads\/2013\/10\/NBRHC-Final-signed-March-31-2014-Financial-Statements.pdf\" target=\"_blank\" rel=\"noopener noreferrer\">2013\/2014 &#8211; \u00c9tat financier du Centre r\u00e9gional de sant\u00e9 de North Bay<\/a><\/li>\n<li><a href=\"\/wp-content\/uploads\/2013\/10\/NBRHC-Final-signed-March-31-2013-Financial-Statements.pdf\" target=\"_blank\" rel=\"noopener noreferrer\">2012\/2013 &#8211; \u00c9tat financier du Centre r\u00e9gional de sant\u00e9 de North Bay<\/a><\/li>\n<li><a href=\"\/wp-content\/uploads\/2014\/05\/NBRHC-Audited-Financial-Statements-2012.pdf\" target=\"_blank\" rel=\"noopener noreferrer\">2011\/2012 &#8211; \u00c9tat financier du Centre r\u00e9gional de sant\u00e9 de North Bay<\/a><\/li>\n<\/ul>\n","protected":false},"excerpt":{"rendered":"<p>(disponible en anglais seulement) 2024\/2025 &#8211; \u00c9tat financier du Centre r\u00e9gional de sant\u00e9 de North Bay 2023\/2024 &#8211; \u00c9tat financier du Centre r\u00e9gional de sant\u00e9 de North Bay 2022\/2023 &#8211; [&hellip;]<\/p>\n","protected":false},"author":17,"featured_media":0,"parent":1522,"menu_order":0,"comment_status":"open","ping_status":"open","template":"","meta":{"_acf_changed":false,"_monsterinsights_skip_tracking":false,"_monsterinsights_sitenote_active":false,"_monsterinsights_sitenote_note":"","_monsterinsights_sitenote_category":0,"footnotes":"","_links_to":"","_links_to_target":"","_wp_rev_ctl_limit":""},"tags":[535,538,540,541,539,537,536],"class_list":["post-1529","page","type-page","status-publish","hentry","tag-etats-financiers","tag-etats-financiers-de-crsnb","tag-etats-financiers-de-lhopital-general-de-north-bay","tag-etats-financiers-du-centre-de-sante-mentale-du-nord-est","tag-etats-financiers-du-centre-regional-de-sante-de-north-bay","tag-finance","tag-finances"],"acf":[],"yoast_head":"<!-- This site is optimized with the Yoast SEO plugin v27.4 - https:\/\/yoast.com\/product\/yoast-seo-wordpress\/ -->\n<title>\u00c9tats financiers<\/title>\n<meta name=\"description\" content=\"Cette page contient les \u00e9tats financiers du Centre r\u00e9gional de sant\u00e9 de North Bay de 2007\/2008 \u00e0 la pr\u00e9sente ann\u00e9e\" \/>\n<meta name=\"robots\" content=\"index, follow, max-snippet:-1, max-image-preview:large, max-video-preview:-1\" \/>\n<link rel=\"canonical\" href=\"https:\/\/nbrhc.on.ca\/fr\/responsabilisation\/etats-financiers\/\" \/>\n<meta property=\"og:locale\" content=\"fr_FR\" \/>\n<meta property=\"og:type\" content=\"article\" \/>\n<meta property=\"og:title\" content=\"\u00c9tats financiers\" \/>\n<meta property=\"og:description\" content=\"Cette page contient les \u00e9tats financiers du Centre r\u00e9gional de sant\u00e9 de North Bay de 2007\/2008 \u00e0 la pr\u00e9sente ann\u00e9e\" \/>\n<meta property=\"og:url\" content=\"https:\/\/nbrhc.on.ca\/fr\/responsabilisation\/etats-financiers\/\" \/>\n<meta property=\"og:site_name\" content=\"NBRHC\" \/>\n<meta property=\"article:publisher\" content=\"https:\/\/www.facebook.com\/nbrhc\" \/>\n<meta property=\"article:modified_time\" content=\"2025-06-19T17:02:06+00:00\" \/>\n<meta property=\"og:image\" content=\"https:\/\/nbrhc.on.ca\/wp-content\/uploads\/2015\/07\/icon_col.jpeg\" \/>\n\t<meta property=\"og:image:width\" content=\"619\" \/>\n\t<meta property=\"og:image:height\" content=\"619\" \/>\n\t<meta property=\"og:image:type\" content=\"image\/jpeg\" \/>\n<meta name=\"twitter:label1\" content=\"Dur\u00e9e de lecture estim\u00e9e\" \/>\n\t<meta name=\"twitter:data1\" content=\"1 minute\" \/>\n<script type=\"application\/ld+json\" class=\"yoast-schema-graph\">{\"@context\":\"https:\\\/\\\/schema.org\",\"@graph\":[{\"@type\":\"WebPage\",\"@id\":\"https:\\\/\\\/nbrhc.on.ca\\\/fr\\\/responsabilisation\\\/etats-financiers\\\/\",\"url\":\"https:\\\/\\\/nbrhc.on.ca\\\/fr\\\/responsabilisation\\\/etats-financiers\\\/\",\"name\":\"\u00c9tats financiers\",\"isPartOf\":{\"@id\":\"https:\\\/\\\/nbrhc.on.ca\\\/#website\"},\"datePublished\":\"2014-03-10T19:19:34+00:00\",\"dateModified\":\"2025-06-19T17:02:06+00:00\",\"description\":\"Cette page contient les \u00e9tats financiers du Centre r\u00e9gional de sant\u00e9 de North Bay de 2007\\\/2008 \u00e0 la pr\u00e9sente ann\u00e9e\",\"breadcrumb\":{\"@id\":\"https:\\\/\\\/nbrhc.on.ca\\\/fr\\\/responsabilisation\\\/etats-financiers\\\/#breadcrumb\"},\"inLanguage\":\"fr-FR\",\"potentialAction\":[{\"@type\":\"ReadAction\",\"target\":[\"https:\\\/\\\/nbrhc.on.ca\\\/fr\\\/responsabilisation\\\/etats-financiers\\\/\"]}]},{\"@type\":\"BreadcrumbList\",\"@id\":\"https:\\\/\\\/nbrhc.on.ca\\\/fr\\\/responsabilisation\\\/etats-financiers\\\/#breadcrumb\",\"itemListElement\":[{\"@type\":\"ListItem\",\"position\":1,\"name\":\"Home\",\"item\":\"https:\\\/\\\/nbrhc.on.ca\\\/fr\\\/\"},{\"@type\":\"ListItem\",\"position\":2,\"name\":\"Responsabilisation\",\"item\":\"https:\\\/\\\/nbrhc.on.ca\\\/fr\\\/responsabilisation\\\/\"},{\"@type\":\"ListItem\",\"position\":3,\"name\":\"\u00c9tats financiers\"}]},{\"@type\":\"WebSite\",\"@id\":\"https:\\\/\\\/nbrhc.on.ca\\\/#website\",\"url\":\"https:\\\/\\\/nbrhc.on.ca\\\/\",\"name\":\"NBRHC\",\"description\":\"North Bay Regional Health Centre\",\"publisher\":{\"@id\":\"https:\\\/\\\/nbrhc.on.ca\\\/#organization\"},\"potentialAction\":[{\"@type\":\"SearchAction\",\"target\":{\"@type\":\"EntryPoint\",\"urlTemplate\":\"https:\\\/\\\/nbrhc.on.ca\\\/?s={search_term_string}\"},\"query-input\":{\"@type\":\"PropertyValueSpecification\",\"valueRequired\":true,\"valueName\":\"search_term_string\"}}],\"inLanguage\":\"fr-FR\"},{\"@type\":\"Organization\",\"@id\":\"https:\\\/\\\/nbrhc.on.ca\\\/#organization\",\"name\":\"North Bay Regional Health Centre\",\"url\":\"https:\\\/\\\/nbrhc.on.ca\\\/\",\"logo\":{\"@type\":\"ImageObject\",\"inLanguage\":\"fr-FR\",\"@id\":\"https:\\\/\\\/nbrhc.on.ca\\\/#\\\/schema\\\/logo\\\/image\\\/\",\"url\":\"https:\\\/\\\/nbrhc.on.ca\\\/wp-content\\\/uploads\\\/2015\\\/07\\\/logo.jpg\",\"contentUrl\":\"https:\\\/\\\/nbrhc.on.ca\\\/wp-content\\\/uploads\\\/2015\\\/07\\\/logo.jpg\",\"width\":870,\"height\":128,\"caption\":\"North Bay Regional Health Centre\"},\"image\":{\"@id\":\"https:\\\/\\\/nbrhc.on.ca\\\/#\\\/schema\\\/logo\\\/image\\\/\"},\"sameAs\":[\"https:\\\/\\\/www.facebook.com\\\/nbrhc\",\"https:\\\/\\\/x.com\\\/NBRHC\",\"https:\\\/\\\/www.linkedin.com\\\/company\\\/north-bay-regional-health-centre-nbrhc\",\"https:\\\/\\\/www.pinterest.com\\\/nbrhc\",\"https:\\\/\\\/www.youtube.com\\\/TheNBRHC\"]}]}<\/script>\n<!-- \/ Yoast SEO plugin. -->","yoast_head_json":{"title":"\u00c9tats financiers","description":"Cette page contient les \u00e9tats financiers du Centre r\u00e9gional de sant\u00e9 de North Bay de 2007\/2008 \u00e0 la pr\u00e9sente ann\u00e9e","robots":{"index":"index","follow":"follow","max-snippet":"max-snippet:-1","max-image-preview":"max-image-preview:large","max-video-preview":"max-video-preview:-1"},"canonical":"https:\/\/nbrhc.on.ca\/fr\/responsabilisation\/etats-financiers\/","og_locale":"fr_FR","og_type":"article","og_title":"\u00c9tats financiers","og_description":"Cette page contient les \u00e9tats financiers du Centre r\u00e9gional de sant\u00e9 de North Bay de 2007\/2008 \u00e0 la pr\u00e9sente ann\u00e9e","og_url":"https:\/\/nbrhc.on.ca\/fr\/responsabilisation\/etats-financiers\/","og_site_name":"NBRHC","article_publisher":"https:\/\/www.facebook.com\/nbrhc","article_modified_time":"2025-06-19T17:02:06+00:00","og_image":[{"width":619,"height":619,"url":"https:\/\/nbrhc.on.ca\/wp-content\/uploads\/2015\/07\/icon_col.jpeg","type":"image\/jpeg"}],"twitter_misc":{"Dur\u00e9e de lecture estim\u00e9e":"1 minute"},"schema":{"@context":"https:\/\/schema.org","@graph":[{"@type":"WebPage","@id":"https:\/\/nbrhc.on.ca\/fr\/responsabilisation\/etats-financiers\/","url":"https:\/\/nbrhc.on.ca\/fr\/responsabilisation\/etats-financiers\/","name":"\u00c9tats financiers","isPartOf":{"@id":"https:\/\/nbrhc.on.ca\/#website"},"datePublished":"2014-03-10T19:19:34+00:00","dateModified":"2025-06-19T17:02:06+00:00","description":"Cette page contient les \u00e9tats financiers du Centre r\u00e9gional de sant\u00e9 de North Bay de 2007\/2008 \u00e0 la pr\u00e9sente ann\u00e9e","breadcrumb":{"@id":"https:\/\/nbrhc.on.ca\/fr\/responsabilisation\/etats-financiers\/#breadcrumb"},"inLanguage":"fr-FR","potentialAction":[{"@type":"ReadAction","target":["https:\/\/nbrhc.on.ca\/fr\/responsabilisation\/etats-financiers\/"]}]},{"@type":"BreadcrumbList","@id":"https:\/\/nbrhc.on.ca\/fr\/responsabilisation\/etats-financiers\/#breadcrumb","itemListElement":[{"@type":"ListItem","position":1,"name":"Home","item":"https:\/\/nbrhc.on.ca\/fr\/"},{"@type":"ListItem","position":2,"name":"Responsabilisation","item":"https:\/\/nbrhc.on.ca\/fr\/responsabilisation\/"},{"@type":"ListItem","position":3,"name":"\u00c9tats financiers"}]},{"@type":"WebSite","@id":"https:\/\/nbrhc.on.ca\/#website","url":"https:\/\/nbrhc.on.ca\/","name":"NBRHC","description":"North Bay Regional Health Centre","publisher":{"@id":"https:\/\/nbrhc.on.ca\/#organization"},"potentialAction":[{"@type":"SearchAction","target":{"@type":"EntryPoint","urlTemplate":"https:\/\/nbrhc.on.ca\/?s={search_term_string}"},"query-input":{"@type":"PropertyValueSpecification","valueRequired":true,"valueName":"search_term_string"}}],"inLanguage":"fr-FR"},{"@type":"Organization","@id":"https:\/\/nbrhc.on.ca\/#organization","name":"North Bay Regional Health Centre","url":"https:\/\/nbrhc.on.ca\/","logo":{"@type":"ImageObject","inLanguage":"fr-FR","@id":"https:\/\/nbrhc.on.ca\/#\/schema\/logo\/image\/","url":"https:\/\/nbrhc.on.ca\/wp-content\/uploads\/2015\/07\/logo.jpg","contentUrl":"https:\/\/nbrhc.on.ca\/wp-content\/uploads\/2015\/07\/logo.jpg","width":870,"height":128,"caption":"North Bay Regional Health Centre"},"image":{"@id":"https:\/\/nbrhc.on.ca\/#\/schema\/logo\/image\/"},"sameAs":["https:\/\/www.facebook.com\/nbrhc","https:\/\/x.com\/NBRHC","https:\/\/www.linkedin.com\/company\/north-bay-regional-health-centre-nbrhc","https:\/\/www.pinterest.com\/nbrhc","https:\/\/www.youtube.com\/TheNBRHC"]}]}},"_links":{"self":[{"href":"https:\/\/nbrhc.on.ca\/fr\/wp-json\/wp\/v2\/pages\/1529","targetHints":{"allow":["GET"]}}],"collection":[{"href":"https:\/\/nbrhc.on.ca\/fr\/wp-json\/wp\/v2\/pages"}],"about":[{"href":"https:\/\/nbrhc.on.ca\/fr\/wp-json\/wp\/v2\/types\/page"}],"author":[{"embeddable":true,"href":"https:\/\/nbrhc.on.ca\/fr\/wp-json\/wp\/v2\/users\/17"}],"replies":[{"embeddable":true,"href":"https:\/\/nbrhc.on.ca\/fr\/wp-json\/wp\/v2\/comments?post=1529"}],"version-history":[{"count":5,"href":"https:\/\/nbrhc.on.ca\/fr\/wp-json\/wp\/v2\/pages\/1529\/revisions"}],"predecessor-version":[{"id":44750,"href":"https:\/\/nbrhc.on.ca\/fr\/wp-json\/wp\/v2\/pages\/1529\/revisions\/44750"}],"up":[{"embeddable":true,"href":"https:\/\/nbrhc.on.ca\/fr\/wp-json\/wp\/v2\/pages\/1522"}],"wp:attachment":[{"href":"https:\/\/nbrhc.on.ca\/fr\/wp-json\/wp\/v2\/media?parent=1529"}],"wp:term":[{"taxonomy":"post_tag","embeddable":true,"href":"https:\/\/nbrhc.on.ca\/fr\/wp-json\/wp\/v2\/tags?post=1529"}],"curies":[{"name":"wp","href":"https:\/\/api.w.org\/{rel}","templated":true}]}}