{"id":15583,"date":"2017-08-10T13:24:52","date_gmt":"2017-08-10T17:24:52","guid":{"rendered":"http:\/\/www.nbrhc.on.ca\/programme-et-services\/services-medicaux\/centre-de-traitement-des-victimes-dagression-sexuelle\/resources-information\/"},"modified":"2022-01-18T10:45:00","modified_gmt":"2022-01-18T15:45:00","slug":"resources-information","status":"publish","type":"page","link":"https:\/\/nbrhc.on.ca\/fr\/programme-et-services\/services-medicaux\/centre-de-traitement-des-victimes-dagression-sexuelle\/resources-information\/","title":{"rendered":"Ressources et renseignements sur la violence sexuelle"},"content":{"rendered":"<h3>Renseignements destin\u00e9s aux enfants et aux jeunes<\/h3>\n<p><strong>Enfants avertis<\/strong><br \/>\nProgramme interactif d\u2019\u00e9ducation \u00e0 la s\u00e9curit\u00e9 servant \u00e0 renforcer la s\u00e9curit\u00e9 personnelle des enfants et \u00e0 les prot\u00e9ger contre la victimisation sur Internet et dans la vraie vie, de la maternelle jusqu\u2019au secondaire.<br \/>\n<a href=\"https:\/\/www.kidsintheknow.ca\/app\/fr\/index\" target=\"_blank\" rel=\"noopener noreferrer\">www.enfantsavertis.ca<\/a><\/p>\n<p><strong>AidezMoiSVP.ca<\/strong><br \/>\nVise \u00e0 montrer aux adolescents \u00e0 utiliser les technologies de messagerie texte de fa\u00e7on s\u00e9curitaire, responsable et respectueuse.<br \/>\n<a href=\"https:\/\/needhelpnow.ca\/app\/fr\/index\" target=\"_blank\" rel=\"noopener noreferrer\">www.aidezmoisvp.ca<\/a><\/p>\n<p><strong>Counseling en mati\u00e8re de violence sexuelle\u00a0: Guide \u00e0 l\u2019intention des parents et des enfants<\/strong><br \/>\n<a href=\"https:\/\/www.canada.ca\/fr\/sante-publique\/services\/promotion-sante\/arretons-violence-familiale\/ressources-prevention\/enfants\/counseling-matiere-violence-sexuelle-guide.html\" target=\"_blank\" rel=\"noopener noreferrer\">www.canada.ca<\/a><\/p>\n<p><strong>Les agressions sexuelles\u00a0: que se passe-t-il lorsqu\u2019on en parle? Guide \u00e0 l\u2019intention des enfants et des parents<br \/>\n<\/strong><a href=\"https:\/\/www.canada.ca\/en\/public-health\/services\/health-promotion\/stop-family-violence\/prevention-resource-centre\/children\/sexual-abuse-guide.html\" target=\"_blank\" rel=\"noopener noreferrer\">www.canada.ca<\/a><\/p>\n<p><strong>Les agressions sexuelles entre fr\u00e8res et s\u0153urs\u00a0: Guide \u00e0 l\u2019intention des parents<\/strong><br \/>\n<a href=\"https:\/\/www.canada.ca\/fr\/sante-publique\/services\/promotion-sante\/arretons-violence-familiale\/ressources-prevention\/enfants\/agressions-sexuelles-entre-freres-guide-intention-parents.html\" target=\"_blank\" rel=\"noopener noreferrer\">www.canada.ca<\/a><\/p>\n<p><strong>Les jeunes gar\u00e7ons victimes de violence sexuelle : Guide \u00e0 l\u2019intention des jeunes gar\u00e7ons<\/strong><br \/>\n<a href=\"https:\/\/www.canada.ca\/fr\/sante-publique\/services\/promotion-sante\/arretons-violence-familiale\/ressources-prevention\/enfants\/victimes-violence-sexuelle-guide-intention-jeunes-garcons.html\" target=\"_blank\" rel=\"noopener noreferrer\">www.canada.ca<\/a><\/p>\n<p><strong>Les filles victimes de violence sexuelle : Guide \u00e0 l\u2019intention des tr\u00e8s jeunes filles<\/strong><br \/>\n<a href=\"https:\/\/www.canada.ca\/fr\/sante-publique\/services\/promotion-sante\/arretons-violence-familiale\/ressources-prevention\/enfants\/filles-victimes-violence-sexuelle-guide.html\" target=\"_blank\" rel=\"noopener noreferrer\">www.canada.ca<\/a><\/p>\n<p><strong>Les adolescentes victimes de violence sexuelle : Guide \u00e0 l\u2019intention des adolescentes<\/strong><br \/>\n<a href=\"https:\/\/www.canada.ca\/fr\/sante-publique\/services\/promotion-sante\/arretons-violence-familiale\/ressources-prevention\/enfants\/adolescentes-victimes-violence-sexuelle-guide.html\" target=\"_blank\" rel=\"noopener noreferrer\">www.canada.ca<\/a><\/p>\n<p><strong>Les adolescents qui ont \u00e9t\u00e9 agress\u00e9s sexuellement : Guide \u00e0 l\u2019intention des adolescents<\/strong><br \/>\n<a href=\"https:\/\/www.canada.ca\/fr\/sante-publique\/services\/promotion-sante\/arretons-violence-familiale\/ressources-prevention\/enfants\/adolescents-agresses-sexuellement-guide.html\" target=\"_blank\" rel=\"noopener noreferrer\">www.canada.ca<\/a><\/p>\n<p><strong>Les enfants sexuellement agressifs : Guide \u00e0 l\u2019intention des parents et des enseignants<\/strong><br \/>\n<a href=\"https:\/\/www.canada.ca\/fr\/sante-publique\/services\/promotion-sante\/arretons-violence-familiale\/ressources-prevention\/enfants\/enfants-sexuellement-guide.html\" target=\"_blank\" rel=\"noopener noreferrer\">www.canada.ca<\/a><\/p>\n<h3>Ressources \u00e0 l\u2019intention des jeunes<\/h3>\n<p><strong>Jeunesse, J\u2019\u00e9coute<\/strong><br \/>\nCounseling bilingue et anonyme offert jour et nuit<br \/>\n<a href=\"https:\/\/jeunessejecoute.ca\/\" target=\"_blank\" rel=\"noopener noreferrer\">www.jeunessejecoute.ca<\/a><\/p>\n<p><strong>Love Is Respect: The National Dating Abuse Hotline<\/strong><br \/>\n<a href=\"http:\/\/www.loveisrespect.org\/\" target=\"_blank\" rel=\"noopener noreferrer\">www.loveisrespect.org<\/a><\/p>\n<p><strong>Donner aux jeunes les moyens de mettre fin \u00e0 la violence familiale<\/strong><br \/>\n<a href=\"http:\/\/www.breakthecycle.org\/\" target=\"_blank\" rel=\"noopener noreferrer\">www.breakthecycle.org<\/a><\/p>\n<p><strong>Campagne de MTV sur la violence et le sextage, la cyberintimidation et les fr\u00e9quentations num\u00e9riques<\/strong><br \/>\n<a href=\"http:\/\/www.athinline.org\/\" target=\"_blank\" rel=\"noopener noreferrer\">www.athinline.org<\/a><\/p>\n<p><strong>Scarleteen: Sex Education for the Real World<\/strong><br \/>\n<a href=\"http:\/\/www.scarleteen.com\/\" target=\"_blank\" rel=\"noopener noreferrer\">www.scarleteen.com<\/a><\/p>\n<p><strong>ThatsNotCool.com<\/strong><br \/>\n\u201cWhere\u2019s You Digital Line?\u201d et See It and Stop It!<br \/>\n<a href=\"http:\/\/www.thatsnotcool.com\/\" target=\"_blank\" rel=\"noopener noreferrer\">www.thatsnotcool.com<\/a><\/p>\n<p><strong>Love Is Not Abuse<\/strong><br \/>\n<a href=\"http:\/\/loveisnotabuse.com\/web\/guest\/home\" target=\"_blank\" rel=\"noopener noreferrer\">www.loveisnotabuse.com<\/a><\/p>\n<p><strong>Teen Advice<br \/>\n<\/strong>Conseils sur l\u2019amour, le sexe, les fr\u00e9quentations, le corps, l\u2019\u00e9cole et l\u2019argent<br \/>\n<a href=\"http:\/\/www.teenadvice.about.com\/\" target=\"_blank\" rel=\"noopener noreferrer\">www.teenadvice.about.com<\/a><\/p>\n<p><strong>La Soci\u00e9t\u00e9 des obst\u00e9triciens et gyn\u00e9cologues du Canada<br \/>\n<\/strong>\u00c9ducation sur la sant\u00e9 sexuelle<br \/>\n<a href=\"http:\/\/www.sexandu.ca\/fr\/\" target=\"_blank\" rel=\"noopener noreferrer\">www.lesexeetmoi.ca<\/a><\/p>\n<h3>Brochures et affiches<\/h3>\n<p><strong>Les traumatismes\u00a0: Questions courantes sur les effets des agressions physiques, sexuelles, affectives<br \/>\n<\/strong><a href=\"http:\/\/www.camh.ca\/fr\/hospital\/health_information\/a_z_mental_health_and_addiction_information\/women\/trauma\/Pages\/trauma.aspx\" target=\"_blank\" rel=\"noopener noreferrer\">www.camh.ca<\/a><\/p>\n<p><strong>Comment reconna\u00eetre les effets des traumatismes li\u00e9s \u00e0 la violence<br \/>\n<\/strong><a href=\"http:\/\/www.camh.ca\/fr\/hospital\/health_information\/a_z_mental_health_and_addiction_information\/women\/trauma\/Pages\/women_recognize_trauma.aspx\" target=\"_blank\" rel=\"noopener noreferrer\">www.camh.ca<\/a><\/p>\n<p><strong>Le trouble de stress post-traumatique<br \/>\n<\/strong><a href=\"https:\/\/cmha.ca\/fr\/documents\/trouble-de-stress-post-traumatique-tspt\" target=\"_blank\" rel=\"noopener noreferrer\">www.cmha.ca<\/a><\/p>\n<p><strong>Caring For A Friend Or Family\u00a0Member Following Sexual Assault<br \/>\n<\/strong><a href=\"http:\/\/www.tbrhsc.net\/wp-content\/uploads\/2015\/08\/Brochure-caring-for-a-friend-or-family-member.pdf\" target=\"_blank\" rel=\"noopener noreferrer\">www.tbrhsc.net<\/a><\/p>\n<p><strong>Domestic Violence:\u00a0Be Prepared \u201cJust in Case\u201d<\/strong><br \/>\n<a href=\"http:\/\/www.tbrhsc.net\/wp-content\/uploads\/2015\/08\/Brochure-DV-be-prepared.pdf\" target=\"_blank\" rel=\"noopener noreferrer\">www.tbrhsc.net<\/a><\/p>\n<p><strong>Caring For Yourself When A Friend Or Family\u00a0Member Has Been Sexually Assaulted<br \/>\n<\/strong><a href=\"http:\/\/www.tbrhsc.net\/wp-content\/uploads\/2015\/08\/Brochure-SADV-family-and-friends.pdf\" target=\"_blank\" rel=\"noopener noreferrer\">www.tbrhsc.net<\/a><\/p>\n<p><strong>Flashbacks<br \/>\n<\/strong><a href=\"http:\/\/www.tbrhsc.net\/wp-content\/uploads\/2015\/08\/CS-PTED-SADVTC-13-Flashbacks_2.pdf\" target=\"_blank\" rel=\"noopener noreferrer\">www.tbrhsc.net<\/a><\/p>\n","protected":false},"excerpt":{"rendered":"<p>Renseignements destin\u00e9s aux enfants et aux jeunes, ressources \u00e0 l\u2019intention des jeunes et brochures informatives.<\/p>\n","protected":false},"author":17,"featured_media":0,"parent":2031,"menu_order":0,"comment_status":"closed","ping_status":"closed","template":"","meta":{"_acf_changed":false,"_monsterinsights_skip_tracking":false,"_monsterinsights_sitenote_active":false,"_monsterinsights_sitenote_note":"","_monsterinsights_sitenote_category":0,"footnotes":"","_links_to":"","_links_to_target":"","_wp_rev_ctl_limit":""},"tags":[],"class_list":["post-15583","page","type-page","status-publish","hentry"],"acf":[],"yoast_head":"<!-- This site is optimized with the Yoast SEO plugin v27.4 - https:\/\/yoast.com\/product\/yoast-seo-wordpress\/ -->\n<title>Ressources et renseignements sur la violence sexuelle - NBRHC<\/title>\n<meta name=\"description\" content=\"Cette page contient des informations et des ressources relatives aux agressions sexuelles pour les enfants, les jeunes et les adultes dans le nord de l&#039;Ontario\" \/>\n<meta name=\"robots\" content=\"index, follow, max-snippet:-1, max-image-preview:large, max-video-preview:-1\" \/>\n<link rel=\"canonical\" href=\"https:\/\/nbrhc.on.ca\/fr\/programme-et-services\/services-medicaux\/centre-de-traitement-des-victimes-dagression-sexuelle\/resources-information\/\" \/>\n<meta property=\"og:locale\" content=\"fr_FR\" \/>\n<meta property=\"og:type\" content=\"article\" \/>\n<meta property=\"og:title\" content=\"Ressources et renseignements sur la violence sexuelle - NBRHC\" \/>\n<meta property=\"og:description\" content=\"Cette page contient des informations et des ressources relatives aux agressions sexuelles pour les enfants, les jeunes et les adultes dans le nord de l&#039;Ontario\" \/>\n<meta property=\"og:url\" content=\"https:\/\/nbrhc.on.ca\/fr\/programme-et-services\/services-medicaux\/centre-de-traitement-des-victimes-dagression-sexuelle\/resources-information\/\" \/>\n<meta property=\"og:site_name\" content=\"NBRHC\" \/>\n<meta property=\"article:publisher\" content=\"https:\/\/www.facebook.com\/nbrhc\" \/>\n<meta property=\"article:modified_time\" content=\"2022-01-18T15:45:00+00:00\" \/>\n<meta property=\"og:image\" content=\"https:\/\/nbrhc.on.ca\/wp-content\/uploads\/2015\/07\/icon_col.jpeg\" \/>\n\t<meta property=\"og:image:width\" content=\"619\" \/>\n\t<meta property=\"og:image:height\" content=\"619\" \/>\n\t<meta property=\"og:image:type\" content=\"image\/jpeg\" \/>\n<meta name=\"twitter:label1\" content=\"Dur\u00e9e de lecture estim\u00e9e\" \/>\n\t<meta name=\"twitter:data1\" content=\"2 minutes\" \/>\n<script type=\"application\/ld+json\" class=\"yoast-schema-graph\">{\"@context\":\"https:\\\/\\\/schema.org\",\"@graph\":[{\"@type\":\"WebPage\",\"@id\":\"https:\\\/\\\/nbrhc.on.ca\\\/fr\\\/programme-et-services\\\/services-medicaux\\\/centre-de-traitement-des-victimes-dagression-sexuelle\\\/resources-information\\\/\",\"url\":\"https:\\\/\\\/nbrhc.on.ca\\\/fr\\\/programme-et-services\\\/services-medicaux\\\/centre-de-traitement-des-victimes-dagression-sexuelle\\\/resources-information\\\/\",\"name\":\"Ressources et renseignements sur la violence sexuelle - NBRHC\",\"isPartOf\":{\"@id\":\"https:\\\/\\\/nbrhc.on.ca\\\/#website\"},\"datePublished\":\"2017-08-10T17:24:52+00:00\",\"dateModified\":\"2022-01-18T15:45:00+00:00\",\"description\":\"Cette page contient des informations et des ressources relatives aux agressions sexuelles pour les enfants, les jeunes et les adultes dans le nord de l'Ontario\",\"breadcrumb\":{\"@id\":\"https:\\\/\\\/nbrhc.on.ca\\\/fr\\\/programme-et-services\\\/services-medicaux\\\/centre-de-traitement-des-victimes-dagression-sexuelle\\\/resources-information\\\/#breadcrumb\"},\"inLanguage\":\"fr-FR\",\"potentialAction\":[{\"@type\":\"ReadAction\",\"target\":[\"https:\\\/\\\/nbrhc.on.ca\\\/fr\\\/programme-et-services\\\/services-medicaux\\\/centre-de-traitement-des-victimes-dagression-sexuelle\\\/resources-information\\\/\"]}]},{\"@type\":\"BreadcrumbList\",\"@id\":\"https:\\\/\\\/nbrhc.on.ca\\\/fr\\\/programme-et-services\\\/services-medicaux\\\/centre-de-traitement-des-victimes-dagression-sexuelle\\\/resources-information\\\/#breadcrumb\",\"itemListElement\":[{\"@type\":\"ListItem\",\"position\":1,\"name\":\"Home\",\"item\":\"https:\\\/\\\/nbrhc.on.ca\\\/fr\\\/\"},{\"@type\":\"ListItem\",\"position\":2,\"name\":\"Programmes et services\",\"item\":\"https:\\\/\\\/nbrhc.on.ca\\\/fr\\\/programme-et-services\\\/\"},{\"@type\":\"ListItem\",\"position\":3,\"name\":\"Services m\u00e9dicaux\",\"item\":\"https:\\\/\\\/nbrhc.on.ca\\\/fr\\\/programme-et-services\\\/services-medicaux\\\/\"},{\"@type\":\"ListItem\",\"position\":4,\"name\":\"Centre de traitement des victimes d\u2019agression sexuelle\",\"item\":\"https:\\\/\\\/nbrhc.on.ca\\\/fr\\\/programme-et-services\\\/services-medicaux\\\/centre-de-traitement-des-victimes-dagression-sexuelle\\\/\"},{\"@type\":\"ListItem\",\"position\":5,\"name\":\"Ressources et renseignements sur la violence sexuelle\"}]},{\"@type\":\"WebSite\",\"@id\":\"https:\\\/\\\/nbrhc.on.ca\\\/#website\",\"url\":\"https:\\\/\\\/nbrhc.on.ca\\\/\",\"name\":\"NBRHC\",\"description\":\"North Bay Regional Health Centre\",\"publisher\":{\"@id\":\"https:\\\/\\\/nbrhc.on.ca\\\/#organization\"},\"potentialAction\":[{\"@type\":\"SearchAction\",\"target\":{\"@type\":\"EntryPoint\",\"urlTemplate\":\"https:\\\/\\\/nbrhc.on.ca\\\/?s={search_term_string}\"},\"query-input\":{\"@type\":\"PropertyValueSpecification\",\"valueRequired\":true,\"valueName\":\"search_term_string\"}}],\"inLanguage\":\"fr-FR\"},{\"@type\":\"Organization\",\"@id\":\"https:\\\/\\\/nbrhc.on.ca\\\/#organization\",\"name\":\"North Bay Regional Health Centre\",\"url\":\"https:\\\/\\\/nbrhc.on.ca\\\/\",\"logo\":{\"@type\":\"ImageObject\",\"inLanguage\":\"fr-FR\",\"@id\":\"https:\\\/\\\/nbrhc.on.ca\\\/#\\\/schema\\\/logo\\\/image\\\/\",\"url\":\"https:\\\/\\\/nbrhc.on.ca\\\/wp-content\\\/uploads\\\/2015\\\/07\\\/logo.jpg\",\"contentUrl\":\"https:\\\/\\\/nbrhc.on.ca\\\/wp-content\\\/uploads\\\/2015\\\/07\\\/logo.jpg\",\"width\":870,\"height\":128,\"caption\":\"North Bay Regional Health Centre\"},\"image\":{\"@id\":\"https:\\\/\\\/nbrhc.on.ca\\\/#\\\/schema\\\/logo\\\/image\\\/\"},\"sameAs\":[\"https:\\\/\\\/www.facebook.com\\\/nbrhc\",\"https:\\\/\\\/x.com\\\/NBRHC\",\"https:\\\/\\\/www.linkedin.com\\\/company\\\/north-bay-regional-health-centre-nbrhc\",\"https:\\\/\\\/www.pinterest.com\\\/nbrhc\",\"https:\\\/\\\/www.youtube.com\\\/TheNBRHC\"]}]}<\/script>\n<!-- \/ Yoast SEO plugin. -->","yoast_head_json":{"title":"Ressources et renseignements sur la violence sexuelle - NBRHC","description":"Cette page contient des informations et des ressources relatives aux agressions sexuelles pour les enfants, les jeunes et les adultes dans le nord de l'Ontario","robots":{"index":"index","follow":"follow","max-snippet":"max-snippet:-1","max-image-preview":"max-image-preview:large","max-video-preview":"max-video-preview:-1"},"canonical":"https:\/\/nbrhc.on.ca\/fr\/programme-et-services\/services-medicaux\/centre-de-traitement-des-victimes-dagression-sexuelle\/resources-information\/","og_locale":"fr_FR","og_type":"article","og_title":"Ressources et renseignements sur la violence sexuelle - NBRHC","og_description":"Cette page contient des informations et des ressources relatives aux agressions sexuelles pour les enfants, les jeunes et les adultes dans le nord de l'Ontario","og_url":"https:\/\/nbrhc.on.ca\/fr\/programme-et-services\/services-medicaux\/centre-de-traitement-des-victimes-dagression-sexuelle\/resources-information\/","og_site_name":"NBRHC","article_publisher":"https:\/\/www.facebook.com\/nbrhc","article_modified_time":"2022-01-18T15:45:00+00:00","og_image":[{"width":619,"height":619,"url":"https:\/\/nbrhc.on.ca\/wp-content\/uploads\/2015\/07\/icon_col.jpeg","type":"image\/jpeg"}],"twitter_misc":{"Dur\u00e9e de lecture estim\u00e9e":"2 minutes"},"schema":{"@context":"https:\/\/schema.org","@graph":[{"@type":"WebPage","@id":"https:\/\/nbrhc.on.ca\/fr\/programme-et-services\/services-medicaux\/centre-de-traitement-des-victimes-dagression-sexuelle\/resources-information\/","url":"https:\/\/nbrhc.on.ca\/fr\/programme-et-services\/services-medicaux\/centre-de-traitement-des-victimes-dagression-sexuelle\/resources-information\/","name":"Ressources et renseignements sur la violence sexuelle - NBRHC","isPartOf":{"@id":"https:\/\/nbrhc.on.ca\/#website"},"datePublished":"2017-08-10T17:24:52+00:00","dateModified":"2022-01-18T15:45:00+00:00","description":"Cette page contient des informations et des ressources relatives aux agressions sexuelles pour les enfants, les jeunes et les adultes dans le nord de l'Ontario","breadcrumb":{"@id":"https:\/\/nbrhc.on.ca\/fr\/programme-et-services\/services-medicaux\/centre-de-traitement-des-victimes-dagression-sexuelle\/resources-information\/#breadcrumb"},"inLanguage":"fr-FR","potentialAction":[{"@type":"ReadAction","target":["https:\/\/nbrhc.on.ca\/fr\/programme-et-services\/services-medicaux\/centre-de-traitement-des-victimes-dagression-sexuelle\/resources-information\/"]}]},{"@type":"BreadcrumbList","@id":"https:\/\/nbrhc.on.ca\/fr\/programme-et-services\/services-medicaux\/centre-de-traitement-des-victimes-dagression-sexuelle\/resources-information\/#breadcrumb","itemListElement":[{"@type":"ListItem","position":1,"name":"Home","item":"https:\/\/nbrhc.on.ca\/fr\/"},{"@type":"ListItem","position":2,"name":"Programmes et services","item":"https:\/\/nbrhc.on.ca\/fr\/programme-et-services\/"},{"@type":"ListItem","position":3,"name":"Services m\u00e9dicaux","item":"https:\/\/nbrhc.on.ca\/fr\/programme-et-services\/services-medicaux\/"},{"@type":"ListItem","position":4,"name":"Centre de traitement des victimes d\u2019agression sexuelle","item":"https:\/\/nbrhc.on.ca\/fr\/programme-et-services\/services-medicaux\/centre-de-traitement-des-victimes-dagression-sexuelle\/"},{"@type":"ListItem","position":5,"name":"Ressources et renseignements sur la violence sexuelle"}]},{"@type":"WebSite","@id":"https:\/\/nbrhc.on.ca\/#website","url":"https:\/\/nbrhc.on.ca\/","name":"NBRHC","description":"North Bay Regional Health Centre","publisher":{"@id":"https:\/\/nbrhc.on.ca\/#organization"},"potentialAction":[{"@type":"SearchAction","target":{"@type":"EntryPoint","urlTemplate":"https:\/\/nbrhc.on.ca\/?s={search_term_string}"},"query-input":{"@type":"PropertyValueSpecification","valueRequired":true,"valueName":"search_term_string"}}],"inLanguage":"fr-FR"},{"@type":"Organization","@id":"https:\/\/nbrhc.on.ca\/#organization","name":"North Bay Regional Health Centre","url":"https:\/\/nbrhc.on.ca\/","logo":{"@type":"ImageObject","inLanguage":"fr-FR","@id":"https:\/\/nbrhc.on.ca\/#\/schema\/logo\/image\/","url":"https:\/\/nbrhc.on.ca\/wp-content\/uploads\/2015\/07\/logo.jpg","contentUrl":"https:\/\/nbrhc.on.ca\/wp-content\/uploads\/2015\/07\/logo.jpg","width":870,"height":128,"caption":"North Bay Regional Health Centre"},"image":{"@id":"https:\/\/nbrhc.on.ca\/#\/schema\/logo\/image\/"},"sameAs":["https:\/\/www.facebook.com\/nbrhc","https:\/\/x.com\/NBRHC","https:\/\/www.linkedin.com\/company\/north-bay-regional-health-centre-nbrhc","https:\/\/www.pinterest.com\/nbrhc","https:\/\/www.youtube.com\/TheNBRHC"]}]}},"_links":{"self":[{"href":"https:\/\/nbrhc.on.ca\/fr\/wp-json\/wp\/v2\/pages\/15583","targetHints":{"allow":["GET"]}}],"collection":[{"href":"https:\/\/nbrhc.on.ca\/fr\/wp-json\/wp\/v2\/pages"}],"about":[{"href":"https:\/\/nbrhc.on.ca\/fr\/wp-json\/wp\/v2\/types\/page"}],"author":[{"embeddable":true,"href":"https:\/\/nbrhc.on.ca\/fr\/wp-json\/wp\/v2\/users\/17"}],"replies":[{"embeddable":true,"href":"https:\/\/nbrhc.on.ca\/fr\/wp-json\/wp\/v2\/comments?post=15583"}],"version-history":[{"count":4,"href":"https:\/\/nbrhc.on.ca\/fr\/wp-json\/wp\/v2\/pages\/15583\/revisions"}],"predecessor-version":[{"id":27012,"href":"https:\/\/nbrhc.on.ca\/fr\/wp-json\/wp\/v2\/pages\/15583\/revisions\/27012"}],"up":[{"embeddable":true,"href":"https:\/\/nbrhc.on.ca\/fr\/wp-json\/wp\/v2\/pages\/2031"}],"wp:attachment":[{"href":"https:\/\/nbrhc.on.ca\/fr\/wp-json\/wp\/v2\/media?parent=15583"}],"wp:term":[{"taxonomy":"post_tag","embeddable":true,"href":"https:\/\/nbrhc.on.ca\/fr\/wp-json\/wp\/v2\/tags?post=15583"}],"curies":[{"name":"wp","href":"https:\/\/api.w.org\/{rel}","templated":true}]}}