{"id":15620,"date":"2017-09-21T09:26:26","date_gmt":"2017-09-21T13:26:26","guid":{"rendered":"http:\/\/www.nbrhc.on.ca\/?page_id=15620"},"modified":"2021-11-22T11:16:23","modified_gmt":"2021-11-22T16:16:23","slug":"sans-tabac","status":"publish","type":"page","link":"https:\/\/nbrhc.on.ca\/fr\/patients-et-visiteurs\/les-visites-a-lhopital\/sans-tabac\/","title":{"rendered":"Le CRSNB est sans tabac"},"content":{"rendered":"<p><strong>Qu\u2019est-ce que \u00e7a veut dire pour vous? <\/strong><\/p>\n<p>Il est interdit de fumer et de vapoter sur tous les lieux du CRSNB.<\/p>\n<p>Les membres du personnel, les m\u00e9decins, les visiteurs et les patients en consultation externe ne doivent pas avoir de produits du tabac visibles sur eux pendant qu\u2019ils se trouvent sur tout lieu du CRSNB.<\/p>\n<p>Les patients ne doivent pas emporter de produits du tabac sur les lieux du CRSNB.<\/p>\n<p>Si vous fumez sur les lieux du CRSNB, vous risquez de recevoir une amende.\u00a0<a href=\"\/wp-content\/uploads\/2017\/09\/NBRHC-Property-Lines.pdf\" target=\"_blank\" rel=\"noopener noreferrer\">Voir les cartes de lignes de propri\u00e9t\u00e9s<\/a>.<\/p>\n<p><strong>Soutien<\/strong><\/p>\n<p>Nous comprenons que ces restrictions peuvent vous \u00eatre difficiles pendant votre s\u00e9jour \u00e0 l\u2019h\u00f4pital.<\/p>\n<p>Votre \u00e9quipe de soins de sant\u00e9 s\u2019engage \u00e0 vous soutenir pendant votre s\u00e9jour et a re\u00e7u la formation n\u00e9cessaire pour vous aider \u00e0 appliquer certaines mesures, comme la th\u00e9rapie de remplacement de la nicotine. Les membres de votre \u00e9quipe peuvent aussi vous fournir de l\u2019information pour vous aider \u00e0 cesser de fumer.<\/p>\n<p><strong>Usage traditionnel du tabac<\/strong><\/p>\n<p>Selon la Loi favorisant un Ontario sans fum\u00e9e, la pr\u00e9sente politique reconna\u00eet l\u2019usage traditionnel du tabac qui fait partie int\u00e9grante de la culture et de la spiritualit\u00e9 autochtones; par cons\u00e9quent, l\u2019usage, l\u2019achat ou la culture du tabac \u00e0 ces fins sont permis pour les clients et les patients, le personnel du CRSNB, les \u00e9tudiants et les visiteurs sous la surveillance d\u2019un employ\u00e9 autochtone ou d\u2019un employ\u00e9 des Services pour autochtones du CRSNB. Le tabac peut \u00eatre utilis\u00e9, par exemple, comme offrande aux fins de pri\u00e8res, de demandes de conseil, de c\u00e9r\u00e9monies et de participation \u00e0 des recherches.<\/p>\n<p><strong>Tabac : <\/strong>ce terme d\u00e9signe du tabac, sous toute forme trait\u00e9e ou non trait\u00e9e, qui peut \u00eatre fum\u00e9, ing\u00e9r\u00e9, inhal\u00e9 ou m\u00e2ch\u00e9. Exemples de produits du tabac et d\u2019appareils connexes\u00a0:<\/p>\n<ul>\n<li>tout genre de cigarettes \u00e9lectroniques, de cigarettes \u00e0 vapeur et d\u2019appareils \u00e0 vapeur<\/li>\n<li>cigarettes de marijuana et vaporisateurs de marijuana<\/li>\n<li>tout autre produit ou appareil qui simule le geste de fumer (exception faite de ceux qui lib\u00e8rent des m\u00e9dicaments approuv\u00e9s pour le traitement du tabagisme, comme les inhalateurs pour la th\u00e9rapie de remplacement de la nicotine)<\/li>\n<\/ul>\n<p>L\u2019interdiction de fumer ou de tenir du tabac allum\u00e9 sur les terrains ext\u00e9rieurs d\u2019un h\u00f4pital public, d\u2019un h\u00f4pital priv\u00e9 ou d\u2019un \u00e9tablissement psychiatrique ne s\u2019applique pas \u00e0 l\u2019utilisation du tabac \u00e0 des fins culturelles ou spirituelles selon la tradition autochtone.<\/p>\n","protected":false},"excerpt":{"rendered":"<p>Il est interdit de fumer et de vapoter sur tous les lieux du CRSNB. <\/p>\n","protected":false},"author":17,"featured_media":0,"parent":4560,"menu_order":0,"comment_status":"closed","ping_status":"closed","template":"","meta":{"_acf_changed":false,"_monsterinsights_skip_tracking":false,"_monsterinsights_sitenote_active":false,"_monsterinsights_sitenote_note":"","_monsterinsights_sitenote_category":0,"footnotes":"","_links_to":"","_links_to_target":"","_wp_rev_ctl_limit":""},"tags":[],"class_list":["post-15620","page","type-page","status-publish","hentry"],"acf":[],"yoast_head":"<!-- This site is optimized with the Yoast SEO plugin v27.4 - https:\/\/yoast.com\/product\/yoast-seo-wordpress\/ -->\n<title>Le CRSNB est sans tabac - NBRHC<\/title>\n<meta name=\"description\" content=\"Le personnel, les m\u00e9decins, les visiteurs et les patients externes ne peuvent avoir aucun produit du tabac visible sur une propri\u00e9t\u00e9 du CRSNB\" \/>\n<meta name=\"robots\" content=\"index, follow, max-snippet:-1, max-image-preview:large, max-video-preview:-1\" \/>\n<link rel=\"canonical\" href=\"https:\/\/nbrhc.on.ca\/fr\/patients-et-visiteurs\/les-visites-a-lhopital\/sans-tabac\/\" \/>\n<meta property=\"og:locale\" content=\"fr_FR\" \/>\n<meta property=\"og:type\" content=\"article\" \/>\n<meta property=\"og:title\" content=\"Le CRSNB est sans tabac - NBRHC\" \/>\n<meta property=\"og:description\" content=\"Le personnel, les m\u00e9decins, les visiteurs et les patients externes ne peuvent avoir aucun produit du tabac visible sur une propri\u00e9t\u00e9 du CRSNB\" \/>\n<meta property=\"og:url\" content=\"https:\/\/nbrhc.on.ca\/fr\/patients-et-visiteurs\/les-visites-a-lhopital\/sans-tabac\/\" \/>\n<meta property=\"og:site_name\" content=\"NBRHC\" \/>\n<meta property=\"article:publisher\" content=\"https:\/\/www.facebook.com\/nbrhc\" \/>\n<meta property=\"article:modified_time\" content=\"2021-11-22T16:16:23+00:00\" \/>\n<meta property=\"og:image\" content=\"https:\/\/nbrhc.on.ca\/wp-content\/uploads\/2015\/07\/icon_col.jpeg\" \/>\n\t<meta property=\"og:image:width\" content=\"619\" \/>\n\t<meta property=\"og:image:height\" content=\"619\" \/>\n\t<meta property=\"og:image:type\" content=\"image\/jpeg\" \/>\n<meta name=\"twitter:label1\" content=\"Dur\u00e9e de lecture estim\u00e9e\" \/>\n\t<meta name=\"twitter:data1\" content=\"2 minutes\" \/>\n<script type=\"application\/ld+json\" class=\"yoast-schema-graph\">{\"@context\":\"https:\\\/\\\/schema.org\",\"@graph\":[{\"@type\":\"WebPage\",\"@id\":\"https:\\\/\\\/nbrhc.on.ca\\\/fr\\\/patients-et-visiteurs\\\/les-visites-a-lhopital\\\/sans-tabac\\\/\",\"url\":\"https:\\\/\\\/nbrhc.on.ca\\\/fr\\\/patients-et-visiteurs\\\/les-visites-a-lhopital\\\/sans-tabac\\\/\",\"name\":\"Le CRSNB est sans tabac - NBRHC\",\"isPartOf\":{\"@id\":\"https:\\\/\\\/nbrhc.on.ca\\\/#website\"},\"datePublished\":\"2017-09-21T13:26:26+00:00\",\"dateModified\":\"2021-11-22T16:16:23+00:00\",\"description\":\"Le personnel, les m\u00e9decins, les visiteurs et les patients externes ne peuvent avoir aucun produit du tabac visible sur une propri\u00e9t\u00e9 du CRSNB\",\"breadcrumb\":{\"@id\":\"https:\\\/\\\/nbrhc.on.ca\\\/fr\\\/patients-et-visiteurs\\\/les-visites-a-lhopital\\\/sans-tabac\\\/#breadcrumb\"},\"inLanguage\":\"fr-FR\",\"potentialAction\":[{\"@type\":\"ReadAction\",\"target\":[\"https:\\\/\\\/nbrhc.on.ca\\\/fr\\\/patients-et-visiteurs\\\/les-visites-a-lhopital\\\/sans-tabac\\\/\"]}]},{\"@type\":\"BreadcrumbList\",\"@id\":\"https:\\\/\\\/nbrhc.on.ca\\\/fr\\\/patients-et-visiteurs\\\/les-visites-a-lhopital\\\/sans-tabac\\\/#breadcrumb\",\"itemListElement\":[{\"@type\":\"ListItem\",\"position\":1,\"name\":\"Home\",\"item\":\"https:\\\/\\\/nbrhc.on.ca\\\/fr\\\/\"},{\"@type\":\"ListItem\",\"position\":2,\"name\":\"Patients et visiteurs\",\"item\":\"https:\\\/\\\/nbrhc.on.ca\\\/fr\\\/patients-et-visiteurs\\\/\"},{\"@type\":\"ListItem\",\"position\":3,\"name\":\"Les visites \u00e0 l\u2019h\u00f4pital\",\"item\":\"https:\\\/\\\/nbrhc.on.ca\\\/fr\\\/patients-et-visiteurs\\\/les-visites-a-lhopital\\\/\"},{\"@type\":\"ListItem\",\"position\":4,\"name\":\"Le CRSNB est sans tabac\"}]},{\"@type\":\"WebSite\",\"@id\":\"https:\\\/\\\/nbrhc.on.ca\\\/#website\",\"url\":\"https:\\\/\\\/nbrhc.on.ca\\\/\",\"name\":\"NBRHC\",\"description\":\"North Bay Regional Health Centre\",\"publisher\":{\"@id\":\"https:\\\/\\\/nbrhc.on.ca\\\/#organization\"},\"potentialAction\":[{\"@type\":\"SearchAction\",\"target\":{\"@type\":\"EntryPoint\",\"urlTemplate\":\"https:\\\/\\\/nbrhc.on.ca\\\/?s={search_term_string}\"},\"query-input\":{\"@type\":\"PropertyValueSpecification\",\"valueRequired\":true,\"valueName\":\"search_term_string\"}}],\"inLanguage\":\"fr-FR\"},{\"@type\":\"Organization\",\"@id\":\"https:\\\/\\\/nbrhc.on.ca\\\/#organization\",\"name\":\"North Bay Regional Health Centre\",\"url\":\"https:\\\/\\\/nbrhc.on.ca\\\/\",\"logo\":{\"@type\":\"ImageObject\",\"inLanguage\":\"fr-FR\",\"@id\":\"https:\\\/\\\/nbrhc.on.ca\\\/#\\\/schema\\\/logo\\\/image\\\/\",\"url\":\"https:\\\/\\\/nbrhc.on.ca\\\/wp-content\\\/uploads\\\/2015\\\/07\\\/logo.jpg\",\"contentUrl\":\"https:\\\/\\\/nbrhc.on.ca\\\/wp-content\\\/uploads\\\/2015\\\/07\\\/logo.jpg\",\"width\":870,\"height\":128,\"caption\":\"North Bay Regional Health Centre\"},\"image\":{\"@id\":\"https:\\\/\\\/nbrhc.on.ca\\\/#\\\/schema\\\/logo\\\/image\\\/\"},\"sameAs\":[\"https:\\\/\\\/www.facebook.com\\\/nbrhc\",\"https:\\\/\\\/x.com\\\/NBRHC\",\"https:\\\/\\\/www.linkedin.com\\\/company\\\/north-bay-regional-health-centre-nbrhc\",\"https:\\\/\\\/www.pinterest.com\\\/nbrhc\",\"https:\\\/\\\/www.youtube.com\\\/TheNBRHC\"]}]}<\/script>\n<!-- \/ Yoast SEO plugin. -->","yoast_head_json":{"title":"Le CRSNB est sans tabac - NBRHC","description":"Le personnel, les m\u00e9decins, les visiteurs et les patients externes ne peuvent avoir aucun produit du tabac visible sur une propri\u00e9t\u00e9 du CRSNB","robots":{"index":"index","follow":"follow","max-snippet":"max-snippet:-1","max-image-preview":"max-image-preview:large","max-video-preview":"max-video-preview:-1"},"canonical":"https:\/\/nbrhc.on.ca\/fr\/patients-et-visiteurs\/les-visites-a-lhopital\/sans-tabac\/","og_locale":"fr_FR","og_type":"article","og_title":"Le CRSNB est sans tabac - NBRHC","og_description":"Le personnel, les m\u00e9decins, les visiteurs et les patients externes ne peuvent avoir aucun produit du tabac visible sur une propri\u00e9t\u00e9 du CRSNB","og_url":"https:\/\/nbrhc.on.ca\/fr\/patients-et-visiteurs\/les-visites-a-lhopital\/sans-tabac\/","og_site_name":"NBRHC","article_publisher":"https:\/\/www.facebook.com\/nbrhc","article_modified_time":"2021-11-22T16:16:23+00:00","og_image":[{"width":619,"height":619,"url":"https:\/\/nbrhc.on.ca\/wp-content\/uploads\/2015\/07\/icon_col.jpeg","type":"image\/jpeg"}],"twitter_misc":{"Dur\u00e9e de lecture estim\u00e9e":"2 minutes"},"schema":{"@context":"https:\/\/schema.org","@graph":[{"@type":"WebPage","@id":"https:\/\/nbrhc.on.ca\/fr\/patients-et-visiteurs\/les-visites-a-lhopital\/sans-tabac\/","url":"https:\/\/nbrhc.on.ca\/fr\/patients-et-visiteurs\/les-visites-a-lhopital\/sans-tabac\/","name":"Le CRSNB est sans tabac - NBRHC","isPartOf":{"@id":"https:\/\/nbrhc.on.ca\/#website"},"datePublished":"2017-09-21T13:26:26+00:00","dateModified":"2021-11-22T16:16:23+00:00","description":"Le personnel, les m\u00e9decins, les visiteurs et les patients externes ne peuvent avoir aucun produit du tabac visible sur une propri\u00e9t\u00e9 du CRSNB","breadcrumb":{"@id":"https:\/\/nbrhc.on.ca\/fr\/patients-et-visiteurs\/les-visites-a-lhopital\/sans-tabac\/#breadcrumb"},"inLanguage":"fr-FR","potentialAction":[{"@type":"ReadAction","target":["https:\/\/nbrhc.on.ca\/fr\/patients-et-visiteurs\/les-visites-a-lhopital\/sans-tabac\/"]}]},{"@type":"BreadcrumbList","@id":"https:\/\/nbrhc.on.ca\/fr\/patients-et-visiteurs\/les-visites-a-lhopital\/sans-tabac\/#breadcrumb","itemListElement":[{"@type":"ListItem","position":1,"name":"Home","item":"https:\/\/nbrhc.on.ca\/fr\/"},{"@type":"ListItem","position":2,"name":"Patients et visiteurs","item":"https:\/\/nbrhc.on.ca\/fr\/patients-et-visiteurs\/"},{"@type":"ListItem","position":3,"name":"Les visites \u00e0 l\u2019h\u00f4pital","item":"https:\/\/nbrhc.on.ca\/fr\/patients-et-visiteurs\/les-visites-a-lhopital\/"},{"@type":"ListItem","position":4,"name":"Le CRSNB est sans tabac"}]},{"@type":"WebSite","@id":"https:\/\/nbrhc.on.ca\/#website","url":"https:\/\/nbrhc.on.ca\/","name":"NBRHC","description":"North Bay Regional Health Centre","publisher":{"@id":"https:\/\/nbrhc.on.ca\/#organization"},"potentialAction":[{"@type":"SearchAction","target":{"@type":"EntryPoint","urlTemplate":"https:\/\/nbrhc.on.ca\/?s={search_term_string}"},"query-input":{"@type":"PropertyValueSpecification","valueRequired":true,"valueName":"search_term_string"}}],"inLanguage":"fr-FR"},{"@type":"Organization","@id":"https:\/\/nbrhc.on.ca\/#organization","name":"North Bay Regional Health Centre","url":"https:\/\/nbrhc.on.ca\/","logo":{"@type":"ImageObject","inLanguage":"fr-FR","@id":"https:\/\/nbrhc.on.ca\/#\/schema\/logo\/image\/","url":"https:\/\/nbrhc.on.ca\/wp-content\/uploads\/2015\/07\/logo.jpg","contentUrl":"https:\/\/nbrhc.on.ca\/wp-content\/uploads\/2015\/07\/logo.jpg","width":870,"height":128,"caption":"North Bay Regional Health Centre"},"image":{"@id":"https:\/\/nbrhc.on.ca\/#\/schema\/logo\/image\/"},"sameAs":["https:\/\/www.facebook.com\/nbrhc","https:\/\/x.com\/NBRHC","https:\/\/www.linkedin.com\/company\/north-bay-regional-health-centre-nbrhc","https:\/\/www.pinterest.com\/nbrhc","https:\/\/www.youtube.com\/TheNBRHC"]}]}},"_links":{"self":[{"href":"https:\/\/nbrhc.on.ca\/fr\/wp-json\/wp\/v2\/pages\/15620","targetHints":{"allow":["GET"]}}],"collection":[{"href":"https:\/\/nbrhc.on.ca\/fr\/wp-json\/wp\/v2\/pages"}],"about":[{"href":"https:\/\/nbrhc.on.ca\/fr\/wp-json\/wp\/v2\/types\/page"}],"author":[{"embeddable":true,"href":"https:\/\/nbrhc.on.ca\/fr\/wp-json\/wp\/v2\/users\/17"}],"replies":[{"embeddable":true,"href":"https:\/\/nbrhc.on.ca\/fr\/wp-json\/wp\/v2\/comments?post=15620"}],"version-history":[{"count":2,"href":"https:\/\/nbrhc.on.ca\/fr\/wp-json\/wp\/v2\/pages\/15620\/revisions"}],"predecessor-version":[{"id":25060,"href":"https:\/\/nbrhc.on.ca\/fr\/wp-json\/wp\/v2\/pages\/15620\/revisions\/25060"}],"up":[{"embeddable":true,"href":"https:\/\/nbrhc.on.ca\/fr\/wp-json\/wp\/v2\/pages\/4560"}],"wp:attachment":[{"href":"https:\/\/nbrhc.on.ca\/fr\/wp-json\/wp\/v2\/media?parent=15620"}],"wp:term":[{"taxonomy":"post_tag","embeddable":true,"href":"https:\/\/nbrhc.on.ca\/fr\/wp-json\/wp\/v2\/tags?post=15620"}],"curies":[{"name":"wp","href":"https:\/\/api.w.org\/{rel}","templated":true}]}}