{"id":15800,"date":"2017-10-23T09:54:46","date_gmt":"2017-10-23T13:54:46","guid":{"rendered":"http:\/\/www.nbrhc.on.ca\/?page_id=15800"},"modified":"2022-08-22T11:08:11","modified_gmt":"2022-08-22T15:08:11","slug":"pharmacie-regionale-de-north-bay","status":"publish","type":"page","link":"https:\/\/nbrhc.on.ca\/fr\/patients-et-visiteurs\/les-visites-a-lhopital\/pharmacie-regionale-de-north-bay\/","title":{"rendered":"Pharmacie r\u00e9gionale de North Bay"},"content":{"rendered":"<h2>Saviez-vous que vous pouvez faire ex\u00e9cuter votre ordonnance avant de quitter l\u2019h\u00f4pital?<\/h2>\n<p>La Pharmacie r\u00e9gionale de North Bay est une pharmacie communautaire qui offre une\u00a0gamme compl\u00e8te de services. Elle est situ\u00e9e \u00e0 c\u00f4t\u00e9 de l\u2019entr\u00e9e principale est, pr\u00e8s du Service\u00a0des urgences et du Laboratoire pour patients externes.<\/p>\n<p><strong>Services :<\/strong><\/p>\n<ul>\n<li>Revue des m\u00e9dicaments<\/li>\n<li>\u00c9ducation sur le diab\u00e8te<\/li>\n<li>MedsCheck \u00e0 domicile<\/li>\n<li>R\u00e9cup\u00e9ration des m\u00e9dicaments<\/li>\n<li>Livraison gratuite<\/li>\n<li>Transfert d\u2019ordonnances<\/li>\n<\/ul>\n<p><strong>La pharmacie est ferm\u00e9e?<\/strong><\/p>\n<p>Glissez votre ordonnance dans la fente qui\u00a0se trouve dans la porte de la pharmacie.\u00a0Un membre du personnel vous appellera\u00a0le prochain jour ouvrable afin de prendre\u00a0des dispositions pour vous faire livrer\u00a0GRATUITEMENT vos m\u00e9dicaments.<\/p>\n<p>Pour plus d&rsquo;informations, s&rsquo;il vous pla\u00eet visitez <a href=\"https:\/\/www.myrxhealth.ca\/nbr\/\" target=\"_blank\" rel=\"noopener noreferrer\">https:\/\/www.myrxhealth.ca\/nbr\/<\/a><\/p>\n","protected":false},"excerpt":{"rendered":"<p>La Pharmacie r\u00e9gionale de North Bay est une pharmacie communautaire qui offre une gamme compl\u00e8te de services. Elle est situ\u00e9e \u00e0 c\u00f4t\u00e9 de l\u2019entr\u00e9e principale est, pr\u00e8s du Service des urgences et du Laboratoire pour patients externes.<\/p>\n","protected":false},"author":17,"featured_media":0,"parent":4560,"menu_order":0,"comment_status":"closed","ping_status":"closed","template":"","meta":{"_acf_changed":false,"_monsterinsights_skip_tracking":false,"_monsterinsights_sitenote_active":false,"_monsterinsights_sitenote_note":"","_monsterinsights_sitenote_category":0,"footnotes":"","_links_to":"","_links_to_target":"","_wp_rev_ctl_limit":""},"tags":[],"class_list":["post-15800","page","type-page","status-publish","hentry"],"acf":[],"yoast_head":"<!-- This site is optimized with the Yoast SEO plugin v27.4 - https:\/\/yoast.com\/product\/yoast-seo-wordpress\/ -->\n<title>Pharmacie r\u00e9gionale de North Bay - NBRHC<\/title>\n<meta name=\"description\" content=\"La pharmacie r\u00e9gionale de North Bay est une pharmacie communautaire \u00e0 service complet qui est id\u00e9alement situ\u00e9e \u00e0 c\u00f4t\u00e9 de l&#039;entr\u00e9e principale est\" \/>\n<meta name=\"robots\" content=\"index, follow, max-snippet:-1, max-image-preview:large, max-video-preview:-1\" \/>\n<link rel=\"canonical\" href=\"https:\/\/nbrhc.on.ca\/fr\/patients-et-visiteurs\/les-visites-a-lhopital\/pharmacie-regionale-de-north-bay\/\" \/>\n<meta property=\"og:locale\" content=\"fr_FR\" \/>\n<meta property=\"og:type\" content=\"article\" \/>\n<meta property=\"og:title\" content=\"Pharmacie r\u00e9gionale de North Bay - NBRHC\" \/>\n<meta property=\"og:description\" content=\"La pharmacie r\u00e9gionale de North Bay est une pharmacie communautaire \u00e0 service complet qui est id\u00e9alement situ\u00e9e \u00e0 c\u00f4t\u00e9 de l&#039;entr\u00e9e principale est\" \/>\n<meta property=\"og:url\" content=\"https:\/\/nbrhc.on.ca\/fr\/patients-et-visiteurs\/les-visites-a-lhopital\/pharmacie-regionale-de-north-bay\/\" \/>\n<meta property=\"og:site_name\" content=\"NBRHC\" \/>\n<meta property=\"article:publisher\" content=\"https:\/\/www.facebook.com\/nbrhc\" \/>\n<meta property=\"article:modified_time\" content=\"2022-08-22T15:08:11+00:00\" \/>\n<meta property=\"og:image\" content=\"https:\/\/nbrhc.on.ca\/wp-content\/uploads\/2015\/07\/icon_col.jpeg\" \/>\n\t<meta property=\"og:image:width\" content=\"619\" \/>\n\t<meta property=\"og:image:height\" content=\"619\" \/>\n\t<meta property=\"og:image:type\" content=\"image\/jpeg\" \/>\n<meta name=\"twitter:label1\" content=\"Dur\u00e9e de lecture estim\u00e9e\" \/>\n\t<meta name=\"twitter:data1\" content=\"1 minute\" \/>\n<script type=\"application\/ld+json\" class=\"yoast-schema-graph\">{\"@context\":\"https:\\\/\\\/schema.org\",\"@graph\":[{\"@type\":\"WebPage\",\"@id\":\"https:\\\/\\\/nbrhc.on.ca\\\/fr\\\/patients-et-visiteurs\\\/les-visites-a-lhopital\\\/pharmacie-regionale-de-north-bay\\\/\",\"url\":\"https:\\\/\\\/nbrhc.on.ca\\\/fr\\\/patients-et-visiteurs\\\/les-visites-a-lhopital\\\/pharmacie-regionale-de-north-bay\\\/\",\"name\":\"Pharmacie r\u00e9gionale de North Bay - NBRHC\",\"isPartOf\":{\"@id\":\"https:\\\/\\\/nbrhc.on.ca\\\/#website\"},\"datePublished\":\"2017-10-23T13:54:46+00:00\",\"dateModified\":\"2022-08-22T15:08:11+00:00\",\"description\":\"La pharmacie r\u00e9gionale de North Bay est une pharmacie communautaire \u00e0 service complet qui est id\u00e9alement situ\u00e9e \u00e0 c\u00f4t\u00e9 de l'entr\u00e9e principale est\",\"breadcrumb\":{\"@id\":\"https:\\\/\\\/nbrhc.on.ca\\\/fr\\\/patients-et-visiteurs\\\/les-visites-a-lhopital\\\/pharmacie-regionale-de-north-bay\\\/#breadcrumb\"},\"inLanguage\":\"fr-FR\",\"potentialAction\":[{\"@type\":\"ReadAction\",\"target\":[\"https:\\\/\\\/nbrhc.on.ca\\\/fr\\\/patients-et-visiteurs\\\/les-visites-a-lhopital\\\/pharmacie-regionale-de-north-bay\\\/\"]}]},{\"@type\":\"BreadcrumbList\",\"@id\":\"https:\\\/\\\/nbrhc.on.ca\\\/fr\\\/patients-et-visiteurs\\\/les-visites-a-lhopital\\\/pharmacie-regionale-de-north-bay\\\/#breadcrumb\",\"itemListElement\":[{\"@type\":\"ListItem\",\"position\":1,\"name\":\"Home\",\"item\":\"https:\\\/\\\/nbrhc.on.ca\\\/fr\\\/\"},{\"@type\":\"ListItem\",\"position\":2,\"name\":\"Patients et visiteurs\",\"item\":\"https:\\\/\\\/nbrhc.on.ca\\\/fr\\\/patients-et-visiteurs\\\/\"},{\"@type\":\"ListItem\",\"position\":3,\"name\":\"Les visites \u00e0 l\u2019h\u00f4pital\",\"item\":\"https:\\\/\\\/nbrhc.on.ca\\\/fr\\\/patients-et-visiteurs\\\/les-visites-a-lhopital\\\/\"},{\"@type\":\"ListItem\",\"position\":4,\"name\":\"Pharmacie r\u00e9gionale de North Bay\"}]},{\"@type\":\"WebSite\",\"@id\":\"https:\\\/\\\/nbrhc.on.ca\\\/#website\",\"url\":\"https:\\\/\\\/nbrhc.on.ca\\\/\",\"name\":\"NBRHC\",\"description\":\"North Bay Regional Health Centre\",\"publisher\":{\"@id\":\"https:\\\/\\\/nbrhc.on.ca\\\/#organization\"},\"potentialAction\":[{\"@type\":\"SearchAction\",\"target\":{\"@type\":\"EntryPoint\",\"urlTemplate\":\"https:\\\/\\\/nbrhc.on.ca\\\/?s={search_term_string}\"},\"query-input\":{\"@type\":\"PropertyValueSpecification\",\"valueRequired\":true,\"valueName\":\"search_term_string\"}}],\"inLanguage\":\"fr-FR\"},{\"@type\":\"Organization\",\"@id\":\"https:\\\/\\\/nbrhc.on.ca\\\/#organization\",\"name\":\"North Bay Regional Health Centre\",\"url\":\"https:\\\/\\\/nbrhc.on.ca\\\/\",\"logo\":{\"@type\":\"ImageObject\",\"inLanguage\":\"fr-FR\",\"@id\":\"https:\\\/\\\/nbrhc.on.ca\\\/#\\\/schema\\\/logo\\\/image\\\/\",\"url\":\"https:\\\/\\\/nbrhc.on.ca\\\/wp-content\\\/uploads\\\/2015\\\/07\\\/logo.jpg\",\"contentUrl\":\"https:\\\/\\\/nbrhc.on.ca\\\/wp-content\\\/uploads\\\/2015\\\/07\\\/logo.jpg\",\"width\":870,\"height\":128,\"caption\":\"North Bay Regional Health Centre\"},\"image\":{\"@id\":\"https:\\\/\\\/nbrhc.on.ca\\\/#\\\/schema\\\/logo\\\/image\\\/\"},\"sameAs\":[\"https:\\\/\\\/www.facebook.com\\\/nbrhc\",\"https:\\\/\\\/x.com\\\/NBRHC\",\"https:\\\/\\\/www.linkedin.com\\\/company\\\/north-bay-regional-health-centre-nbrhc\",\"https:\\\/\\\/www.pinterest.com\\\/nbrhc\",\"https:\\\/\\\/www.youtube.com\\\/TheNBRHC\"]}]}<\/script>\n<!-- \/ Yoast SEO plugin. -->","yoast_head_json":{"title":"Pharmacie r\u00e9gionale de North Bay - NBRHC","description":"La pharmacie r\u00e9gionale de North Bay est une pharmacie communautaire \u00e0 service complet qui est id\u00e9alement situ\u00e9e \u00e0 c\u00f4t\u00e9 de l'entr\u00e9e principale est","robots":{"index":"index","follow":"follow","max-snippet":"max-snippet:-1","max-image-preview":"max-image-preview:large","max-video-preview":"max-video-preview:-1"},"canonical":"https:\/\/nbrhc.on.ca\/fr\/patients-et-visiteurs\/les-visites-a-lhopital\/pharmacie-regionale-de-north-bay\/","og_locale":"fr_FR","og_type":"article","og_title":"Pharmacie r\u00e9gionale de North Bay - NBRHC","og_description":"La pharmacie r\u00e9gionale de North Bay est une pharmacie communautaire \u00e0 service complet qui est id\u00e9alement situ\u00e9e \u00e0 c\u00f4t\u00e9 de l'entr\u00e9e principale est","og_url":"https:\/\/nbrhc.on.ca\/fr\/patients-et-visiteurs\/les-visites-a-lhopital\/pharmacie-regionale-de-north-bay\/","og_site_name":"NBRHC","article_publisher":"https:\/\/www.facebook.com\/nbrhc","article_modified_time":"2022-08-22T15:08:11+00:00","og_image":[{"width":619,"height":619,"url":"https:\/\/nbrhc.on.ca\/wp-content\/uploads\/2015\/07\/icon_col.jpeg","type":"image\/jpeg"}],"twitter_misc":{"Dur\u00e9e de lecture estim\u00e9e":"1 minute"},"schema":{"@context":"https:\/\/schema.org","@graph":[{"@type":"WebPage","@id":"https:\/\/nbrhc.on.ca\/fr\/patients-et-visiteurs\/les-visites-a-lhopital\/pharmacie-regionale-de-north-bay\/","url":"https:\/\/nbrhc.on.ca\/fr\/patients-et-visiteurs\/les-visites-a-lhopital\/pharmacie-regionale-de-north-bay\/","name":"Pharmacie r\u00e9gionale de North Bay - NBRHC","isPartOf":{"@id":"https:\/\/nbrhc.on.ca\/#website"},"datePublished":"2017-10-23T13:54:46+00:00","dateModified":"2022-08-22T15:08:11+00:00","description":"La pharmacie r\u00e9gionale de North Bay est une pharmacie communautaire \u00e0 service complet qui est id\u00e9alement situ\u00e9e \u00e0 c\u00f4t\u00e9 de l'entr\u00e9e principale est","breadcrumb":{"@id":"https:\/\/nbrhc.on.ca\/fr\/patients-et-visiteurs\/les-visites-a-lhopital\/pharmacie-regionale-de-north-bay\/#breadcrumb"},"inLanguage":"fr-FR","potentialAction":[{"@type":"ReadAction","target":["https:\/\/nbrhc.on.ca\/fr\/patients-et-visiteurs\/les-visites-a-lhopital\/pharmacie-regionale-de-north-bay\/"]}]},{"@type":"BreadcrumbList","@id":"https:\/\/nbrhc.on.ca\/fr\/patients-et-visiteurs\/les-visites-a-lhopital\/pharmacie-regionale-de-north-bay\/#breadcrumb","itemListElement":[{"@type":"ListItem","position":1,"name":"Home","item":"https:\/\/nbrhc.on.ca\/fr\/"},{"@type":"ListItem","position":2,"name":"Patients et visiteurs","item":"https:\/\/nbrhc.on.ca\/fr\/patients-et-visiteurs\/"},{"@type":"ListItem","position":3,"name":"Les visites \u00e0 l\u2019h\u00f4pital","item":"https:\/\/nbrhc.on.ca\/fr\/patients-et-visiteurs\/les-visites-a-lhopital\/"},{"@type":"ListItem","position":4,"name":"Pharmacie r\u00e9gionale de North Bay"}]},{"@type":"WebSite","@id":"https:\/\/nbrhc.on.ca\/#website","url":"https:\/\/nbrhc.on.ca\/","name":"NBRHC","description":"North Bay Regional Health Centre","publisher":{"@id":"https:\/\/nbrhc.on.ca\/#organization"},"potentialAction":[{"@type":"SearchAction","target":{"@type":"EntryPoint","urlTemplate":"https:\/\/nbrhc.on.ca\/?s={search_term_string}"},"query-input":{"@type":"PropertyValueSpecification","valueRequired":true,"valueName":"search_term_string"}}],"inLanguage":"fr-FR"},{"@type":"Organization","@id":"https:\/\/nbrhc.on.ca\/#organization","name":"North Bay Regional Health Centre","url":"https:\/\/nbrhc.on.ca\/","logo":{"@type":"ImageObject","inLanguage":"fr-FR","@id":"https:\/\/nbrhc.on.ca\/#\/schema\/logo\/image\/","url":"https:\/\/nbrhc.on.ca\/wp-content\/uploads\/2015\/07\/logo.jpg","contentUrl":"https:\/\/nbrhc.on.ca\/wp-content\/uploads\/2015\/07\/logo.jpg","width":870,"height":128,"caption":"North Bay Regional Health Centre"},"image":{"@id":"https:\/\/nbrhc.on.ca\/#\/schema\/logo\/image\/"},"sameAs":["https:\/\/www.facebook.com\/nbrhc","https:\/\/x.com\/NBRHC","https:\/\/www.linkedin.com\/company\/north-bay-regional-health-centre-nbrhc","https:\/\/www.pinterest.com\/nbrhc","https:\/\/www.youtube.com\/TheNBRHC"]}]}},"_links":{"self":[{"href":"https:\/\/nbrhc.on.ca\/fr\/wp-json\/wp\/v2\/pages\/15800","targetHints":{"allow":["GET"]}}],"collection":[{"href":"https:\/\/nbrhc.on.ca\/fr\/wp-json\/wp\/v2\/pages"}],"about":[{"href":"https:\/\/nbrhc.on.ca\/fr\/wp-json\/wp\/v2\/types\/page"}],"author":[{"embeddable":true,"href":"https:\/\/nbrhc.on.ca\/fr\/wp-json\/wp\/v2\/users\/17"}],"replies":[{"embeddable":true,"href":"https:\/\/nbrhc.on.ca\/fr\/wp-json\/wp\/v2\/comments?post=15800"}],"version-history":[{"count":2,"href":"https:\/\/nbrhc.on.ca\/fr\/wp-json\/wp\/v2\/pages\/15800\/revisions"}],"predecessor-version":[{"id":31945,"href":"https:\/\/nbrhc.on.ca\/fr\/wp-json\/wp\/v2\/pages\/15800\/revisions\/31945"}],"up":[{"embeddable":true,"href":"https:\/\/nbrhc.on.ca\/fr\/wp-json\/wp\/v2\/pages\/4560"}],"wp:attachment":[{"href":"https:\/\/nbrhc.on.ca\/fr\/wp-json\/wp\/v2\/media?parent=15800"}],"wp:term":[{"taxonomy":"post_tag","embeddable":true,"href":"https:\/\/nbrhc.on.ca\/fr\/wp-json\/wp\/v2\/tags?post=15800"}],"curies":[{"name":"wp","href":"https:\/\/api.w.org\/{rel}","templated":true}]}}