{"id":1591,"date":"2014-03-18T13:40:24","date_gmt":"2014-03-18T17:40:24","guid":{"rendered":"http:\/\/www.nbrhc.on.ca\/?page_id=1591"},"modified":"2021-09-16T15:09:16","modified_gmt":"2021-09-16T19:09:16","slug":"soins-critiques-personnes-hospitalisees","status":"publish","type":"page","link":"https:\/\/nbrhc.on.ca\/fr\/programme-et-services\/services-medicaux\/soins-critiques-personnes-hospitalisees\/","title":{"rendered":"Soins critiques (personnes hospitalis\u00e9es)"},"content":{"rendered":"<p>L&rsquo;Unit\u00e9 des soins critiques, sp\u00e9cialis\u00e9e, peut accueillir 16 personnes gravement malades ayant besoin d&rsquo;un suivi constant et dont la vie est parfois en danger.<\/p>\n<p>Le rapport infirmi\u00e8re-patient peu \u00e9lev\u00e9 permet d&rsquo;y suivre \u00e9troitement et d&rsquo;y d\u00e9tecter rapidement tout changement subtil concernant l&rsquo;\u00e9tat de sant\u00e9 des gens.<\/p>\n<p>Du personnel exp\u00e9riment\u00e9 ayant suivi une formation sp\u00e9ciale donne des soins sp\u00e9cialis\u00e9s, fond\u00e9s sur l&rsquo;exp\u00e9rience clinique, au moyen de syst\u00e8mes de monitorage de pointe. L&rsquo;\u00e9quipe est form\u00e9e d&rsquo;anesth\u00e9sistes, d&rsquo;internistes, de chirurgiens, d&rsquo;infirmi\u00e8res autoris\u00e9es, de th\u00e9rapeutes respiratoires, de physioth\u00e9rapeutes, d&rsquo;ergoth\u00e9rapeutes, de pharmaciens, de di\u00e9t\u00e9tistes, de travailleurs sociaux et de pr\u00e9pos\u00e9es \u00e0 la pastorale.<\/p>\n","protected":false},"excerpt":{"rendered":"<p>L&rsquo;Unit\u00e9 des soins critiques, sp\u00e9cialis\u00e9e, peut accueillir 16 personnes gravement malades ayant besoin d&rsquo;un suivi constant et dont la vie est parfois en danger. Le rapport infirmi\u00e8re-patient peu \u00e9lev\u00e9 permet [&hellip;]<\/p>\n","protected":false},"author":17,"featured_media":0,"parent":1650,"menu_order":0,"comment_status":"open","ping_status":"closed","template":"","meta":{"_acf_changed":false,"_monsterinsights_skip_tracking":false,"_monsterinsights_sitenote_active":false,"_monsterinsights_sitenote_note":"","_monsterinsights_sitenote_category":0,"footnotes":"","_links_to":"","_links_to_target":"","_wp_rev_ctl_limit":""},"tags":[770],"class_list":["post-1591","page","type-page","status-publish","hentry","tag-soins-critiques"],"acf":[],"yoast_head":"<!-- This site is optimized with the Yoast SEO plugin v27.4 - https:\/\/yoast.com\/product\/yoast-seo-wordpress\/ -->\n<title>Soins critiques (personnes hospitalis\u00e9es)<\/title>\n<meta name=\"description\" content=\"Le CCU est une unit\u00e9 sp\u00e9cialis\u00e9e qui prend en charge les patients gravement malades qui n\u00e9cessitent une surveillance constante et dont les conditions peuvent mettre la vie en danger\" \/>\n<meta name=\"robots\" content=\"index, follow, max-snippet:-1, max-image-preview:large, max-video-preview:-1\" \/>\n<link rel=\"canonical\" href=\"https:\/\/nbrhc.on.ca\/fr\/programme-et-services\/services-medicaux\/soins-critiques-personnes-hospitalisees\/\" \/>\n<meta property=\"og:locale\" content=\"fr_FR\" \/>\n<meta property=\"og:type\" content=\"article\" \/>\n<meta property=\"og:title\" content=\"Soins critiques (personnes hospitalis\u00e9es)\" \/>\n<meta property=\"og:description\" content=\"Le CCU est une unit\u00e9 sp\u00e9cialis\u00e9e qui prend en charge les patients gravement malades qui n\u00e9cessitent une surveillance constante et dont les conditions peuvent mettre la vie en danger\" \/>\n<meta property=\"og:url\" content=\"https:\/\/nbrhc.on.ca\/fr\/programme-et-services\/services-medicaux\/soins-critiques-personnes-hospitalisees\/\" \/>\n<meta property=\"og:site_name\" content=\"NBRHC\" \/>\n<meta property=\"article:publisher\" content=\"https:\/\/www.facebook.com\/nbrhc\" \/>\n<meta property=\"article:modified_time\" content=\"2021-09-16T19:09:16+00:00\" \/>\n<meta property=\"og:image\" content=\"https:\/\/nbrhc.on.ca\/wp-content\/uploads\/2015\/07\/icon_col.jpeg\" \/>\n\t<meta property=\"og:image:width\" content=\"619\" \/>\n\t<meta property=\"og:image:height\" content=\"619\" \/>\n\t<meta property=\"og:image:type\" content=\"image\/jpeg\" \/>\n<meta name=\"twitter:label1\" content=\"Dur\u00e9e de lecture estim\u00e9e\" \/>\n\t<meta name=\"twitter:data1\" content=\"1 minute\" \/>\n<script type=\"application\/ld+json\" class=\"yoast-schema-graph\">{\"@context\":\"https:\\\/\\\/schema.org\",\"@graph\":[{\"@type\":\"WebPage\",\"@id\":\"https:\\\/\\\/nbrhc.on.ca\\\/fr\\\/programme-et-services\\\/services-medicaux\\\/soins-critiques-personnes-hospitalisees\\\/\",\"url\":\"https:\\\/\\\/nbrhc.on.ca\\\/fr\\\/programme-et-services\\\/services-medicaux\\\/soins-critiques-personnes-hospitalisees\\\/\",\"name\":\"Soins critiques (personnes hospitalis\u00e9es)\",\"isPartOf\":{\"@id\":\"https:\\\/\\\/nbrhc.on.ca\\\/#website\"},\"datePublished\":\"2014-03-18T17:40:24+00:00\",\"dateModified\":\"2021-09-16T19:09:16+00:00\",\"description\":\"Le CCU est une unit\u00e9 sp\u00e9cialis\u00e9e qui prend en charge les patients gravement malades qui n\u00e9cessitent une surveillance constante et dont les conditions peuvent mettre la vie en danger\",\"breadcrumb\":{\"@id\":\"https:\\\/\\\/nbrhc.on.ca\\\/fr\\\/programme-et-services\\\/services-medicaux\\\/soins-critiques-personnes-hospitalisees\\\/#breadcrumb\"},\"inLanguage\":\"fr-FR\",\"potentialAction\":[{\"@type\":\"ReadAction\",\"target\":[\"https:\\\/\\\/nbrhc.on.ca\\\/fr\\\/programme-et-services\\\/services-medicaux\\\/soins-critiques-personnes-hospitalisees\\\/\"]}]},{\"@type\":\"BreadcrumbList\",\"@id\":\"https:\\\/\\\/nbrhc.on.ca\\\/fr\\\/programme-et-services\\\/services-medicaux\\\/soins-critiques-personnes-hospitalisees\\\/#breadcrumb\",\"itemListElement\":[{\"@type\":\"ListItem\",\"position\":1,\"name\":\"Home\",\"item\":\"https:\\\/\\\/nbrhc.on.ca\\\/fr\\\/\"},{\"@type\":\"ListItem\",\"position\":2,\"name\":\"Programmes et services\",\"item\":\"https:\\\/\\\/nbrhc.on.ca\\\/fr\\\/programme-et-services\\\/\"},{\"@type\":\"ListItem\",\"position\":3,\"name\":\"Services m\u00e9dicaux\",\"item\":\"https:\\\/\\\/nbrhc.on.ca\\\/fr\\\/programme-et-services\\\/services-medicaux\\\/\"},{\"@type\":\"ListItem\",\"position\":4,\"name\":\"Soins critiques (personnes hospitalis\u00e9es)\"}]},{\"@type\":\"WebSite\",\"@id\":\"https:\\\/\\\/nbrhc.on.ca\\\/#website\",\"url\":\"https:\\\/\\\/nbrhc.on.ca\\\/\",\"name\":\"NBRHC\",\"description\":\"North Bay Regional Health Centre\",\"publisher\":{\"@id\":\"https:\\\/\\\/nbrhc.on.ca\\\/#organization\"},\"potentialAction\":[{\"@type\":\"SearchAction\",\"target\":{\"@type\":\"EntryPoint\",\"urlTemplate\":\"https:\\\/\\\/nbrhc.on.ca\\\/?s={search_term_string}\"},\"query-input\":{\"@type\":\"PropertyValueSpecification\",\"valueRequired\":true,\"valueName\":\"search_term_string\"}}],\"inLanguage\":\"fr-FR\"},{\"@type\":\"Organization\",\"@id\":\"https:\\\/\\\/nbrhc.on.ca\\\/#organization\",\"name\":\"North Bay Regional Health Centre\",\"url\":\"https:\\\/\\\/nbrhc.on.ca\\\/\",\"logo\":{\"@type\":\"ImageObject\",\"inLanguage\":\"fr-FR\",\"@id\":\"https:\\\/\\\/nbrhc.on.ca\\\/#\\\/schema\\\/logo\\\/image\\\/\",\"url\":\"https:\\\/\\\/nbrhc.on.ca\\\/wp-content\\\/uploads\\\/2015\\\/07\\\/logo.jpg\",\"contentUrl\":\"https:\\\/\\\/nbrhc.on.ca\\\/wp-content\\\/uploads\\\/2015\\\/07\\\/logo.jpg\",\"width\":870,\"height\":128,\"caption\":\"North Bay Regional Health Centre\"},\"image\":{\"@id\":\"https:\\\/\\\/nbrhc.on.ca\\\/#\\\/schema\\\/logo\\\/image\\\/\"},\"sameAs\":[\"https:\\\/\\\/www.facebook.com\\\/nbrhc\",\"https:\\\/\\\/x.com\\\/NBRHC\",\"https:\\\/\\\/www.linkedin.com\\\/company\\\/north-bay-regional-health-centre-nbrhc\",\"https:\\\/\\\/www.pinterest.com\\\/nbrhc\",\"https:\\\/\\\/www.youtube.com\\\/TheNBRHC\"]}]}<\/script>\n<!-- \/ Yoast SEO plugin. -->","yoast_head_json":{"title":"Soins critiques (personnes hospitalis\u00e9es)","description":"Le CCU est une unit\u00e9 sp\u00e9cialis\u00e9e qui prend en charge les patients gravement malades qui n\u00e9cessitent une surveillance constante et dont les conditions peuvent mettre la vie en danger","robots":{"index":"index","follow":"follow","max-snippet":"max-snippet:-1","max-image-preview":"max-image-preview:large","max-video-preview":"max-video-preview:-1"},"canonical":"https:\/\/nbrhc.on.ca\/fr\/programme-et-services\/services-medicaux\/soins-critiques-personnes-hospitalisees\/","og_locale":"fr_FR","og_type":"article","og_title":"Soins critiques (personnes hospitalis\u00e9es)","og_description":"Le CCU est une unit\u00e9 sp\u00e9cialis\u00e9e qui prend en charge les patients gravement malades qui n\u00e9cessitent une surveillance constante et dont les conditions peuvent mettre la vie en danger","og_url":"https:\/\/nbrhc.on.ca\/fr\/programme-et-services\/services-medicaux\/soins-critiques-personnes-hospitalisees\/","og_site_name":"NBRHC","article_publisher":"https:\/\/www.facebook.com\/nbrhc","article_modified_time":"2021-09-16T19:09:16+00:00","og_image":[{"width":619,"height":619,"url":"https:\/\/nbrhc.on.ca\/wp-content\/uploads\/2015\/07\/icon_col.jpeg","type":"image\/jpeg"}],"twitter_misc":{"Dur\u00e9e de lecture estim\u00e9e":"1 minute"},"schema":{"@context":"https:\/\/schema.org","@graph":[{"@type":"WebPage","@id":"https:\/\/nbrhc.on.ca\/fr\/programme-et-services\/services-medicaux\/soins-critiques-personnes-hospitalisees\/","url":"https:\/\/nbrhc.on.ca\/fr\/programme-et-services\/services-medicaux\/soins-critiques-personnes-hospitalisees\/","name":"Soins critiques (personnes hospitalis\u00e9es)","isPartOf":{"@id":"https:\/\/nbrhc.on.ca\/#website"},"datePublished":"2014-03-18T17:40:24+00:00","dateModified":"2021-09-16T19:09:16+00:00","description":"Le CCU est une unit\u00e9 sp\u00e9cialis\u00e9e qui prend en charge les patients gravement malades qui n\u00e9cessitent une surveillance constante et dont les conditions peuvent mettre la vie en danger","breadcrumb":{"@id":"https:\/\/nbrhc.on.ca\/fr\/programme-et-services\/services-medicaux\/soins-critiques-personnes-hospitalisees\/#breadcrumb"},"inLanguage":"fr-FR","potentialAction":[{"@type":"ReadAction","target":["https:\/\/nbrhc.on.ca\/fr\/programme-et-services\/services-medicaux\/soins-critiques-personnes-hospitalisees\/"]}]},{"@type":"BreadcrumbList","@id":"https:\/\/nbrhc.on.ca\/fr\/programme-et-services\/services-medicaux\/soins-critiques-personnes-hospitalisees\/#breadcrumb","itemListElement":[{"@type":"ListItem","position":1,"name":"Home","item":"https:\/\/nbrhc.on.ca\/fr\/"},{"@type":"ListItem","position":2,"name":"Programmes et services","item":"https:\/\/nbrhc.on.ca\/fr\/programme-et-services\/"},{"@type":"ListItem","position":3,"name":"Services m\u00e9dicaux","item":"https:\/\/nbrhc.on.ca\/fr\/programme-et-services\/services-medicaux\/"},{"@type":"ListItem","position":4,"name":"Soins critiques (personnes hospitalis\u00e9es)"}]},{"@type":"WebSite","@id":"https:\/\/nbrhc.on.ca\/#website","url":"https:\/\/nbrhc.on.ca\/","name":"NBRHC","description":"North Bay Regional Health Centre","publisher":{"@id":"https:\/\/nbrhc.on.ca\/#organization"},"potentialAction":[{"@type":"SearchAction","target":{"@type":"EntryPoint","urlTemplate":"https:\/\/nbrhc.on.ca\/?s={search_term_string}"},"query-input":{"@type":"PropertyValueSpecification","valueRequired":true,"valueName":"search_term_string"}}],"inLanguage":"fr-FR"},{"@type":"Organization","@id":"https:\/\/nbrhc.on.ca\/#organization","name":"North Bay Regional Health Centre","url":"https:\/\/nbrhc.on.ca\/","logo":{"@type":"ImageObject","inLanguage":"fr-FR","@id":"https:\/\/nbrhc.on.ca\/#\/schema\/logo\/image\/","url":"https:\/\/nbrhc.on.ca\/wp-content\/uploads\/2015\/07\/logo.jpg","contentUrl":"https:\/\/nbrhc.on.ca\/wp-content\/uploads\/2015\/07\/logo.jpg","width":870,"height":128,"caption":"North Bay Regional Health Centre"},"image":{"@id":"https:\/\/nbrhc.on.ca\/#\/schema\/logo\/image\/"},"sameAs":["https:\/\/www.facebook.com\/nbrhc","https:\/\/x.com\/NBRHC","https:\/\/www.linkedin.com\/company\/north-bay-regional-health-centre-nbrhc","https:\/\/www.pinterest.com\/nbrhc","https:\/\/www.youtube.com\/TheNBRHC"]}]}},"_links":{"self":[{"href":"https:\/\/nbrhc.on.ca\/fr\/wp-json\/wp\/v2\/pages\/1591","targetHints":{"allow":["GET"]}}],"collection":[{"href":"https:\/\/nbrhc.on.ca\/fr\/wp-json\/wp\/v2\/pages"}],"about":[{"href":"https:\/\/nbrhc.on.ca\/fr\/wp-json\/wp\/v2\/types\/page"}],"author":[{"embeddable":true,"href":"https:\/\/nbrhc.on.ca\/fr\/wp-json\/wp\/v2\/users\/17"}],"replies":[{"embeddable":true,"href":"https:\/\/nbrhc.on.ca\/fr\/wp-json\/wp\/v2\/comments?post=1591"}],"version-history":[{"count":1,"href":"https:\/\/nbrhc.on.ca\/fr\/wp-json\/wp\/v2\/pages\/1591\/revisions"}],"predecessor-version":[{"id":27532,"href":"https:\/\/nbrhc.on.ca\/fr\/wp-json\/wp\/v2\/pages\/1591\/revisions\/27532"}],"up":[{"embeddable":true,"href":"https:\/\/nbrhc.on.ca\/fr\/wp-json\/wp\/v2\/pages\/1650"}],"wp:attachment":[{"href":"https:\/\/nbrhc.on.ca\/fr\/wp-json\/wp\/v2\/media?parent=1591"}],"wp:term":[{"taxonomy":"post_tag","embeddable":true,"href":"https:\/\/nbrhc.on.ca\/fr\/wp-json\/wp\/v2\/tags?post=1591"}],"curies":[{"name":"wp","href":"https:\/\/api.w.org\/{rel}","templated":true}]}}