{"id":1621,"date":"2014-03-18T14:59:36","date_gmt":"2014-03-18T18:59:36","guid":{"rendered":"http:\/\/www.nbrhc.on.ca\/?page_id=1621"},"modified":"2021-08-19T12:20:09","modified_gmt":"2021-08-19T16:20:09","slug":"centre-deducation-sur-le-diabete","status":"publish","type":"page","link":"https:\/\/nbrhc.on.ca\/fr\/programme-et-services\/programmes-aux-patients-externes\/centre-deducation-sur-le-diabete\/","title":{"rendered":"Centre d\u2019\u00e9ducation sur le diab\u00e8te"},"content":{"rendered":"<p>L\u2019objectif du Centre d\u2019\u00e9ducation sur le diab\u00e8te est d\u2019offrir des services d\u2019\u00e9valuation, d\u2019\u00e9ducation et de soutien aux personnes atteintes du diab\u00e8te et \u00e0 leur famille et personnes de soutien. Les services sont offerts en consultation externe par une \u00e9quipe multidisciplinaire.<\/p>\n<p>Nous acceptons les clients adress\u00e9s par les m\u00e9decins et d\u2019autres fournisseurs de soins de sant\u00e9. Il faut prendre rendez-vous. L\u2019\u00e9quipe de soutien et d\u2019\u00e9ducation sur le diab\u00e8te est compos\u00e9e de di\u00e9t\u00e9tistes professionnelles, d\u2019infirmi\u00e8res autoris\u00e9es et d\u2019une travailleuse sociale inscrite. Parmi les services offerts, mentionnons les consultations individuelles, les s\u00e9ances d\u2019\u00e9ducation en groupe et les expos\u00e9s en vue de sensibiliser les gens au diab\u00e8te.<\/p>\n<p>Le bureau de North Bay offre un service \u00e0 temps plein ainsi que l\u2019acc\u00e8s \u00e0 des services sp\u00e9cialis\u00e9s comme du counselling pour les femmes enceintes atteintes de diab\u00e8te, un programme pour enfants atteints du diab\u00e8te d\u00e9sign\u00e9 par la province et un programme de pompes \u00e0 insuline.<\/p>\n<p>Des services \u00e0 temps partiel sont offerts aux bureaux satellites de Mattawa et de Sturgeon Falls.<\/p>\n<p><strong>Veuillez noter :<\/strong> Le Centre d\u2019\u00e9ducation sur le diab\u00e8te du Nipissing\u00a0a d\u00e9m\u00e9nag\u00e9 au Centre r\u00e9gional de sant\u00e9 de North Bay situ\u00e9 au\u00a050, promenade College.<\/p>\n<p><a href=\"\/wp-content\/uploads\/2021\/01\/DiabetesCentre_Move_FRv4.pdf\" target=\"_blank\" rel=\"noopener noreferrer\"><img loading=\"lazy\" decoding=\"async\" class=\"aligncenter wp-image-24368 size-full\" title=\"DiabetesEdCentre_Move_FR\" src=\"\/wp-content\/uploads\/2021\/01\/DiabetesEdCentre_Move_FR.jpg\" alt=\"Carte montrant le nouvel emplacement\" width=\"580\" height=\"387\" srcset=\"https:\/\/nbrhc.on.ca\/wp-content\/uploads\/2021\/01\/DiabetesEdCentre_Move_FR.jpg 580w, https:\/\/nbrhc.on.ca\/wp-content\/uploads\/2021\/01\/DiabetesEdCentre_Move_FR-300x200.jpg 300w\" sizes=\"auto, (max-width: 580px) 100vw, 580px\" \/><\/a><\/p>\n","protected":false},"excerpt":{"rendered":"<p>L\u2019objectif du Centre d\u2019\u00e9ducation sur le diab\u00e8te est d\u2019offrir des services d\u2019\u00e9valuation, d\u2019\u00e9ducation et de soutien aux personnes atteintes du diab\u00e8te et \u00e0 leur famille et personnes de soutien. Les [&hellip;]<\/p>\n","protected":false},"author":17,"featured_media":0,"parent":4955,"menu_order":0,"comment_status":"closed","ping_status":"closed","template":"","meta":{"_acf_changed":false,"_monsterinsights_skip_tracking":false,"_monsterinsights_sitenote_active":false,"_monsterinsights_sitenote_note":"","_monsterinsights_sitenote_category":0,"footnotes":"","_links_to":"","_links_to_target":"","_wp_rev_ctl_limit":""},"tags":[1289,1291,1290],"class_list":["post-1621","page","type-page","status-publish","hentry","tag-centre-deducation-sur-le-diabete","tag-diabete","tag-education-sur-le-diabete"],"acf":[],"yoast_head":"<!-- This site is optimized with the Yoast SEO plugin v27.4 - https:\/\/yoast.com\/product\/yoast-seo-wordpress\/ -->\n<title>Centre d\u2019\u00e9ducation sur le diab\u00e8te<\/title>\n<meta name=\"description\" content=\"Le Centre d&#039;\u00e9ducation sur le diab\u00e8te fournit une \u00e9valuation, une \u00e9ducation et un soutien aux personnes touch\u00e9es par le diab\u00e8te et \u00e0 leurs familles\" \/>\n<meta name=\"robots\" content=\"index, follow, max-snippet:-1, max-image-preview:large, max-video-preview:-1\" \/>\n<link rel=\"canonical\" href=\"https:\/\/nbrhc.on.ca\/fr\/programme-et-services\/programmes-aux-patients-externes\/centre-deducation-sur-le-diabete\/\" \/>\n<meta property=\"og:locale\" content=\"fr_FR\" \/>\n<meta property=\"og:type\" content=\"article\" \/>\n<meta property=\"og:title\" content=\"Centre d\u2019\u00e9ducation sur le diab\u00e8te\" \/>\n<meta property=\"og:description\" content=\"Le Centre d&#039;\u00e9ducation sur le diab\u00e8te fournit une \u00e9valuation, une \u00e9ducation et un soutien aux personnes touch\u00e9es par le diab\u00e8te et \u00e0 leurs familles\" \/>\n<meta property=\"og:url\" content=\"https:\/\/nbrhc.on.ca\/fr\/programme-et-services\/programmes-aux-patients-externes\/centre-deducation-sur-le-diabete\/\" \/>\n<meta property=\"og:site_name\" content=\"NBRHC\" \/>\n<meta property=\"article:publisher\" content=\"https:\/\/www.facebook.com\/nbrhc\" \/>\n<meta property=\"article:modified_time\" content=\"2021-08-19T16:20:09+00:00\" \/>\n<meta property=\"og:image\" content=\"https:\/\/nbrhc.on.ca\/wp-content\/uploads\/2021\/01\/DiabetesEdCentre_Move_FR.jpg\" \/>\n<meta name=\"twitter:label1\" content=\"Dur\u00e9e de lecture estim\u00e9e\" \/>\n\t<meta name=\"twitter:data1\" content=\"1 minute\" \/>\n<script type=\"application\/ld+json\" class=\"yoast-schema-graph\">{\"@context\":\"https:\\\/\\\/schema.org\",\"@graph\":[{\"@type\":\"WebPage\",\"@id\":\"https:\\\/\\\/nbrhc.on.ca\\\/fr\\\/programme-et-services\\\/programmes-aux-patients-externes\\\/centre-deducation-sur-le-diabete\\\/\",\"url\":\"https:\\\/\\\/nbrhc.on.ca\\\/fr\\\/programme-et-services\\\/programmes-aux-patients-externes\\\/centre-deducation-sur-le-diabete\\\/\",\"name\":\"Centre d\u2019\u00e9ducation sur le diab\u00e8te\",\"isPartOf\":{\"@id\":\"https:\\\/\\\/nbrhc.on.ca\\\/#website\"},\"datePublished\":\"2014-03-18T18:59:36+00:00\",\"dateModified\":\"2021-08-19T16:20:09+00:00\",\"description\":\"Le Centre d'\u00e9ducation sur le diab\u00e8te fournit une \u00e9valuation, une \u00e9ducation et un soutien aux personnes touch\u00e9es par le diab\u00e8te et \u00e0 leurs familles\",\"breadcrumb\":{\"@id\":\"https:\\\/\\\/nbrhc.on.ca\\\/fr\\\/programme-et-services\\\/programmes-aux-patients-externes\\\/centre-deducation-sur-le-diabete\\\/#breadcrumb\"},\"inLanguage\":\"fr-FR\",\"potentialAction\":[{\"@type\":\"ReadAction\",\"target\":[\"https:\\\/\\\/nbrhc.on.ca\\\/fr\\\/programme-et-services\\\/programmes-aux-patients-externes\\\/centre-deducation-sur-le-diabete\\\/\"]}]},{\"@type\":\"BreadcrumbList\",\"@id\":\"https:\\\/\\\/nbrhc.on.ca\\\/fr\\\/programme-et-services\\\/programmes-aux-patients-externes\\\/centre-deducation-sur-le-diabete\\\/#breadcrumb\",\"itemListElement\":[{\"@type\":\"ListItem\",\"position\":1,\"name\":\"Home\",\"item\":\"https:\\\/\\\/nbrhc.on.ca\\\/fr\\\/\"},{\"@type\":\"ListItem\",\"position\":2,\"name\":\"Programmes et services\",\"item\":\"https:\\\/\\\/nbrhc.on.ca\\\/fr\\\/programme-et-services\\\/\"},{\"@type\":\"ListItem\",\"position\":3,\"name\":\"Programmes aux patients externes\",\"item\":\"https:\\\/\\\/nbrhc.on.ca\\\/fr\\\/programme-et-services\\\/programmes-aux-patients-externes\\\/\"},{\"@type\":\"ListItem\",\"position\":4,\"name\":\"Centre d\u2019\u00e9ducation sur le diab\u00e8te\"}]},{\"@type\":\"WebSite\",\"@id\":\"https:\\\/\\\/nbrhc.on.ca\\\/#website\",\"url\":\"https:\\\/\\\/nbrhc.on.ca\\\/\",\"name\":\"NBRHC\",\"description\":\"North Bay Regional Health Centre\",\"publisher\":{\"@id\":\"https:\\\/\\\/nbrhc.on.ca\\\/#organization\"},\"potentialAction\":[{\"@type\":\"SearchAction\",\"target\":{\"@type\":\"EntryPoint\",\"urlTemplate\":\"https:\\\/\\\/nbrhc.on.ca\\\/?s={search_term_string}\"},\"query-input\":{\"@type\":\"PropertyValueSpecification\",\"valueRequired\":true,\"valueName\":\"search_term_string\"}}],\"inLanguage\":\"fr-FR\"},{\"@type\":\"Organization\",\"@id\":\"https:\\\/\\\/nbrhc.on.ca\\\/#organization\",\"name\":\"North Bay Regional Health Centre\",\"url\":\"https:\\\/\\\/nbrhc.on.ca\\\/\",\"logo\":{\"@type\":\"ImageObject\",\"inLanguage\":\"fr-FR\",\"@id\":\"https:\\\/\\\/nbrhc.on.ca\\\/#\\\/schema\\\/logo\\\/image\\\/\",\"url\":\"https:\\\/\\\/nbrhc.on.ca\\\/wp-content\\\/uploads\\\/2015\\\/07\\\/logo.jpg\",\"contentUrl\":\"https:\\\/\\\/nbrhc.on.ca\\\/wp-content\\\/uploads\\\/2015\\\/07\\\/logo.jpg\",\"width\":870,\"height\":128,\"caption\":\"North Bay Regional Health Centre\"},\"image\":{\"@id\":\"https:\\\/\\\/nbrhc.on.ca\\\/#\\\/schema\\\/logo\\\/image\\\/\"},\"sameAs\":[\"https:\\\/\\\/www.facebook.com\\\/nbrhc\",\"https:\\\/\\\/x.com\\\/NBRHC\",\"https:\\\/\\\/www.linkedin.com\\\/company\\\/north-bay-regional-health-centre-nbrhc\",\"https:\\\/\\\/www.pinterest.com\\\/nbrhc\",\"https:\\\/\\\/www.youtube.com\\\/TheNBRHC\"]}]}<\/script>\n<!-- \/ Yoast SEO plugin. -->","yoast_head_json":{"title":"Centre d\u2019\u00e9ducation sur le diab\u00e8te","description":"Le Centre d'\u00e9ducation sur le diab\u00e8te fournit une \u00e9valuation, une \u00e9ducation et un soutien aux personnes touch\u00e9es par le diab\u00e8te et \u00e0 leurs familles","robots":{"index":"index","follow":"follow","max-snippet":"max-snippet:-1","max-image-preview":"max-image-preview:large","max-video-preview":"max-video-preview:-1"},"canonical":"https:\/\/nbrhc.on.ca\/fr\/programme-et-services\/programmes-aux-patients-externes\/centre-deducation-sur-le-diabete\/","og_locale":"fr_FR","og_type":"article","og_title":"Centre d\u2019\u00e9ducation sur le diab\u00e8te","og_description":"Le Centre d'\u00e9ducation sur le diab\u00e8te fournit une \u00e9valuation, une \u00e9ducation et un soutien aux personnes touch\u00e9es par le diab\u00e8te et \u00e0 leurs familles","og_url":"https:\/\/nbrhc.on.ca\/fr\/programme-et-services\/programmes-aux-patients-externes\/centre-deducation-sur-le-diabete\/","og_site_name":"NBRHC","article_publisher":"https:\/\/www.facebook.com\/nbrhc","article_modified_time":"2021-08-19T16:20:09+00:00","og_image":[{"url":"https:\/\/nbrhc.on.ca\/wp-content\/uploads\/2021\/01\/DiabetesEdCentre_Move_FR.jpg","type":"","width":"","height":""}],"twitter_misc":{"Dur\u00e9e de lecture estim\u00e9e":"1 minute"},"schema":{"@context":"https:\/\/schema.org","@graph":[{"@type":"WebPage","@id":"https:\/\/nbrhc.on.ca\/fr\/programme-et-services\/programmes-aux-patients-externes\/centre-deducation-sur-le-diabete\/","url":"https:\/\/nbrhc.on.ca\/fr\/programme-et-services\/programmes-aux-patients-externes\/centre-deducation-sur-le-diabete\/","name":"Centre d\u2019\u00e9ducation sur le diab\u00e8te","isPartOf":{"@id":"https:\/\/nbrhc.on.ca\/#website"},"datePublished":"2014-03-18T18:59:36+00:00","dateModified":"2021-08-19T16:20:09+00:00","description":"Le Centre d'\u00e9ducation sur le diab\u00e8te fournit une \u00e9valuation, une \u00e9ducation et un soutien aux personnes touch\u00e9es par le diab\u00e8te et \u00e0 leurs familles","breadcrumb":{"@id":"https:\/\/nbrhc.on.ca\/fr\/programme-et-services\/programmes-aux-patients-externes\/centre-deducation-sur-le-diabete\/#breadcrumb"},"inLanguage":"fr-FR","potentialAction":[{"@type":"ReadAction","target":["https:\/\/nbrhc.on.ca\/fr\/programme-et-services\/programmes-aux-patients-externes\/centre-deducation-sur-le-diabete\/"]}]},{"@type":"BreadcrumbList","@id":"https:\/\/nbrhc.on.ca\/fr\/programme-et-services\/programmes-aux-patients-externes\/centre-deducation-sur-le-diabete\/#breadcrumb","itemListElement":[{"@type":"ListItem","position":1,"name":"Home","item":"https:\/\/nbrhc.on.ca\/fr\/"},{"@type":"ListItem","position":2,"name":"Programmes et services","item":"https:\/\/nbrhc.on.ca\/fr\/programme-et-services\/"},{"@type":"ListItem","position":3,"name":"Programmes aux patients externes","item":"https:\/\/nbrhc.on.ca\/fr\/programme-et-services\/programmes-aux-patients-externes\/"},{"@type":"ListItem","position":4,"name":"Centre d\u2019\u00e9ducation sur le diab\u00e8te"}]},{"@type":"WebSite","@id":"https:\/\/nbrhc.on.ca\/#website","url":"https:\/\/nbrhc.on.ca\/","name":"NBRHC","description":"North Bay Regional Health Centre","publisher":{"@id":"https:\/\/nbrhc.on.ca\/#organization"},"potentialAction":[{"@type":"SearchAction","target":{"@type":"EntryPoint","urlTemplate":"https:\/\/nbrhc.on.ca\/?s={search_term_string}"},"query-input":{"@type":"PropertyValueSpecification","valueRequired":true,"valueName":"search_term_string"}}],"inLanguage":"fr-FR"},{"@type":"Organization","@id":"https:\/\/nbrhc.on.ca\/#organization","name":"North Bay Regional Health Centre","url":"https:\/\/nbrhc.on.ca\/","logo":{"@type":"ImageObject","inLanguage":"fr-FR","@id":"https:\/\/nbrhc.on.ca\/#\/schema\/logo\/image\/","url":"https:\/\/nbrhc.on.ca\/wp-content\/uploads\/2015\/07\/logo.jpg","contentUrl":"https:\/\/nbrhc.on.ca\/wp-content\/uploads\/2015\/07\/logo.jpg","width":870,"height":128,"caption":"North Bay Regional Health Centre"},"image":{"@id":"https:\/\/nbrhc.on.ca\/#\/schema\/logo\/image\/"},"sameAs":["https:\/\/www.facebook.com\/nbrhc","https:\/\/x.com\/NBRHC","https:\/\/www.linkedin.com\/company\/north-bay-regional-health-centre-nbrhc","https:\/\/www.pinterest.com\/nbrhc","https:\/\/www.youtube.com\/TheNBRHC"]}]}},"_links":{"self":[{"href":"https:\/\/nbrhc.on.ca\/fr\/wp-json\/wp\/v2\/pages\/1621","targetHints":{"allow":["GET"]}}],"collection":[{"href":"https:\/\/nbrhc.on.ca\/fr\/wp-json\/wp\/v2\/pages"}],"about":[{"href":"https:\/\/nbrhc.on.ca\/fr\/wp-json\/wp\/v2\/types\/page"}],"author":[{"embeddable":true,"href":"https:\/\/nbrhc.on.ca\/fr\/wp-json\/wp\/v2\/users\/17"}],"replies":[{"embeddable":true,"href":"https:\/\/nbrhc.on.ca\/fr\/wp-json\/wp\/v2\/comments?post=1621"}],"version-history":[{"count":5,"href":"https:\/\/nbrhc.on.ca\/fr\/wp-json\/wp\/v2\/pages\/1621\/revisions"}],"predecessor-version":[{"id":27149,"href":"https:\/\/nbrhc.on.ca\/fr\/wp-json\/wp\/v2\/pages\/1621\/revisions\/27149"}],"up":[{"embeddable":true,"href":"https:\/\/nbrhc.on.ca\/fr\/wp-json\/wp\/v2\/pages\/4955"}],"wp:attachment":[{"href":"https:\/\/nbrhc.on.ca\/fr\/wp-json\/wp\/v2\/media?parent=1621"}],"wp:term":[{"taxonomy":"post_tag","embeddable":true,"href":"https:\/\/nbrhc.on.ca\/fr\/wp-json\/wp\/v2\/tags?post=1621"}],"curies":[{"name":"wp","href":"https:\/\/api.w.org\/{rel}","templated":true}]}}