{"id":1629,"date":"2014-03-18T15:23:51","date_gmt":"2014-03-18T19:23:51","guid":{"rendered":"http:\/\/www.nbrhc.on.ca\/?page_id=1629"},"modified":"2026-04-14T09:20:58","modified_gmt":"2026-04-14T13:20:58","slug":"services-dimagerie-diagnostique","status":"publish","type":"page","link":"https:\/\/nbrhc.on.ca\/fr\/programme-et-services\/services-dimagerie-diagnostique\/","title":{"rendered":"Services d&rsquo;imagerie diagnostique"},"content":{"rendered":"<p>L\u2019imagerie diagnostique regroupe plusieurs diff\u00e9rentes technologies qui misent sur l\u2019utilisation d\u2019appareils hautement sp\u00e9cialis\u00e9s pour obtenir, rapidement, des images pr\u00e9cises du corps humain, lesquelles permettent de diagnostiquer, de surveiller et de traiter des troubles m\u00e9dicaux. Chaque type de technologie produit des renseignements diff\u00e9rents sur la partie du corps qui fait l\u2019objet de l\u2019examen ou du traitement. Les examens sont r\u00e9alis\u00e9s par des technologues comp\u00e9tents ayant re\u00e7u une formation sp\u00e9cialis\u00e9e.<\/p>\n<p>Au Service d\u2019imagerie diagnostique du CRSNB, on offre les services suivants : radiographie, tomographie par ordinateur, \u00e9chographie, m\u00e9decine nucl\u00e9aire, examen de densit\u00e9 min\u00e9rale osseuse, \u00e9chocardiographie, mammographie et examen d\u2019IRM en plus des services du Programme ontarien du d\u00e9pistage du cancer du sein ainsi que des services de soutien tels que les syst\u00e8mes d\u2019archivage et de transmission d\u2019images, qui permettent aux m\u00e9decins d\u2019obtenir des images instantan\u00e9ment.<\/p>\n<p><strong>IRM<\/strong><\/p>\n<p>Toutes les demandes d\u2019examens d\u2019IRM se font par un m\u00e9decin; les pr\u00e9pos\u00e9s aux rendez-vous informent les patients de l\u2019heure de leur rendez-vous.<\/p>\n<p>Du lundi au vendredi, entre 7 h et 23 h<br \/>\nLe samedi et le dimanche, entre 7 h 30 et 15 h 30<\/p>\n<p><strong>Radiographie<\/strong><\/p>\n<p>Patients externes : du lundi au vendredi, entre 8 h et 16 h.<\/p>\n<p>Les services sont offerts jour et nuit au Service des urgences et aux unit\u00e9s pour patients hospitalis\u00e9s.<\/p>\n<p><strong>Mammographie<\/strong><\/p>\n<p>Il faut prendre rendez-vous\u00a0: du lundi au vendredi, entre 7 h 30 et 15\u00a0h\u00a030.<\/p>\n<p><strong>Tomographie par ordinateur<\/strong><\/p>\n<p>Toutes les demandes de tomographie par ordinateur se font par un m\u00e9decin; les pr\u00e9pos\u00e9s aux rendez-vous informent les patients de l\u2019heure de leur rendez-vous.<\/p>\n<p>Du lundi au vendredi, entre 7 h 30 et 22 h<br \/>\nLe samedi, le dimanche et les jours f\u00e9ri\u00e9s, entre 7 h 30 et 15 h\u00a030<\/p>\n<p><strong>\u00c9chographie<\/strong><\/p>\n<p>Il faut prendre rendez-vous. Les examens ont lieu\u00a0:<\/p>\n<p>Du lundi au vendredi, entre 7 h et 20 h.<br \/>\nLe samedi, le dimanche et les jours f\u00e9ri\u00e9s, entre 7 h 30 \u00a0et 15 h 30.<\/p>\n<p><strong>Densit\u00e9 min\u00e9rale osseuse<\/strong><\/p>\n<p>Il faut prendre rendez-vous\u00a0: du lundi au vendredi, entre 8 h et 16 h.<\/p>\n<p><strong>M\u00e9decine nucl\u00e9aire<\/strong><\/p>\n<p>Toutes les demandes d\u2019examens de m\u00e9decine nucl\u00e9aire se font par un m\u00e9decin; les pr\u00e9pos\u00e9s aux rendez-vous informent les patients de l\u2019heure de leur rendez-vous.<\/p>\n<p>Du lundi au vendredi, entre 7 h et 15 h<\/p>\n<p><strong>Programme ontarien de d\u00e9pistage du cancer du sein<\/strong><\/p>\n<p>Il faut prendre rendez-vous\u00a0: du lundi au jeudi, entre 7 h et 15 h.<\/p>\n<p>Le dernier lundi du mois, il est possible de demander un rendez-vous entre 11 h et 19 h.\u00a0<a href=\"https:\/\/nbrhc.on.ca\/fr\/programme-et-services\/services-dimagerie-diagnostique\/programme-ontarien-de-depistage-du-cancer-du-sein\/\" target=\"_blank\" rel=\"noopener noreferrer\">En savoir plus sur ce programme.<\/a><\/p>\n","protected":false},"excerpt":{"rendered":"<p>Au Service d\u2019imagerie diagnostique du CRSNB, on offre les services suivants : radiographie, tomographie par ordinateur, \u00e9chographie, m\u00e9decine nucl\u00e9aire, examen de densit\u00e9 min\u00e9rale osseuse, \u00e9chocardiographie, mammographie et examen d\u2019IRM en plus des services du Programme ontarien du d\u00e9pistage du cancer du sein.<\/p>\n","protected":false},"author":17,"featured_media":0,"parent":1568,"menu_order":0,"comment_status":"open","ping_status":"closed","template":"","meta":{"_acf_changed":false,"_monsterinsights_skip_tracking":false,"_monsterinsights_sitenote_active":false,"_monsterinsights_sitenote_note":"","_monsterinsights_sitenote_category":0,"footnotes":"","_links_to":"","_links_to_target":"","_wp_rev_ctl_limit":""},"tags":[711,707,710,708,713,705,712,709,704,706,2415],"class_list":["post-1629","page","type-page","status-publish","hentry","tag-echocardiographies","tag-echographies","tag-examens-de-densite-minerale-osseuse","tag-examens-de-medecine-nucleaire","tag-examens-dimagerie-par-resonance-magnetique","tag-imagerie-diagnostique","tag-mammographies","tag-radiologies","tag-services-dimagerie-diagnostique","tag-tomodensitogrammes","tag-tomodensitometrie"],"acf":[],"yoast_head":"<!-- This site is optimized with the Yoast SEO plugin v27.5 - https:\/\/yoast.com\/product\/yoast-seo-wordpress\/ -->\n<title>Services d&#039;imagerie diagnostique<\/title>\n<meta name=\"description\" content=\"Offrant radiographie, tomographie par ordinateur, \u00e9chographie, m\u00e9decine nucl\u00e9aire, examen de densit\u00e9 min\u00e9rale osseuse, \u00e9chocardiographie, mammographie et examen d\u2019IRM en plus des services du Programme ontarien du d\u00e9pistage du cancer du sein.\" \/>\n<meta name=\"robots\" content=\"index, follow, max-snippet:-1, max-image-preview:large, max-video-preview:-1\" \/>\n<link rel=\"canonical\" href=\"https:\/\/nbrhc.on.ca\/fr\/programme-et-services\/services-dimagerie-diagnostique\/\" \/>\n<meta property=\"og:locale\" content=\"fr_FR\" \/>\n<meta property=\"og:type\" content=\"article\" \/>\n<meta property=\"og:title\" content=\"Services d&#039;imagerie diagnostique\" \/>\n<meta property=\"og:description\" content=\"Offrant radiographie, tomographie par ordinateur, \u00e9chographie, m\u00e9decine nucl\u00e9aire, examen de densit\u00e9 min\u00e9rale osseuse, \u00e9chocardiographie, mammographie et examen d\u2019IRM en plus des services du Programme ontarien du d\u00e9pistage du cancer du sein.\" \/>\n<meta property=\"og:url\" content=\"https:\/\/nbrhc.on.ca\/fr\/programme-et-services\/services-dimagerie-diagnostique\/\" \/>\n<meta property=\"og:site_name\" content=\"NBRHC\" \/>\n<meta property=\"article:publisher\" content=\"https:\/\/www.facebook.com\/nbrhc\" \/>\n<meta property=\"article:modified_time\" content=\"2026-04-14T13:20:58+00:00\" \/>\n<meta property=\"og:image\" content=\"https:\/\/nbrhc.on.ca\/wp-content\/uploads\/2015\/07\/icon_col.jpeg\" \/>\n\t<meta property=\"og:image:width\" content=\"619\" \/>\n\t<meta property=\"og:image:height\" content=\"619\" \/>\n\t<meta property=\"og:image:type\" content=\"image\/jpeg\" \/>\n<meta name=\"twitter:label1\" content=\"Dur\u00e9e de lecture estim\u00e9e\" \/>\n\t<meta name=\"twitter:data1\" content=\"2 minutes\" \/>\n<script type=\"application\/ld+json\" class=\"yoast-schema-graph\">{\"@context\":\"https:\\\/\\\/schema.org\",\"@graph\":[{\"@type\":\"WebPage\",\"@id\":\"https:\\\/\\\/nbrhc.on.ca\\\/fr\\\/programme-et-services\\\/services-dimagerie-diagnostique\\\/\",\"url\":\"https:\\\/\\\/nbrhc.on.ca\\\/fr\\\/programme-et-services\\\/services-dimagerie-diagnostique\\\/\",\"name\":\"Services d'imagerie diagnostique\",\"isPartOf\":{\"@id\":\"https:\\\/\\\/nbrhc.on.ca\\\/#website\"},\"datePublished\":\"2014-03-18T19:23:51+00:00\",\"dateModified\":\"2026-04-14T13:20:58+00:00\",\"description\":\"Offrant radiographie, tomographie par ordinateur, \u00e9chographie, m\u00e9decine nucl\u00e9aire, examen de densit\u00e9 min\u00e9rale osseuse, \u00e9chocardiographie, mammographie et examen d\u2019IRM en plus des services du Programme ontarien du d\u00e9pistage du cancer du sein.\",\"breadcrumb\":{\"@id\":\"https:\\\/\\\/nbrhc.on.ca\\\/fr\\\/programme-et-services\\\/services-dimagerie-diagnostique\\\/#breadcrumb\"},\"inLanguage\":\"fr-FR\",\"potentialAction\":[{\"@type\":\"ReadAction\",\"target\":[\"https:\\\/\\\/nbrhc.on.ca\\\/fr\\\/programme-et-services\\\/services-dimagerie-diagnostique\\\/\"]}]},{\"@type\":\"BreadcrumbList\",\"@id\":\"https:\\\/\\\/nbrhc.on.ca\\\/fr\\\/programme-et-services\\\/services-dimagerie-diagnostique\\\/#breadcrumb\",\"itemListElement\":[{\"@type\":\"ListItem\",\"position\":1,\"name\":\"Home\",\"item\":\"https:\\\/\\\/nbrhc.on.ca\\\/fr\\\/\"},{\"@type\":\"ListItem\",\"position\":2,\"name\":\"Programmes et services\",\"item\":\"https:\\\/\\\/nbrhc.on.ca\\\/fr\\\/programme-et-services\\\/\"},{\"@type\":\"ListItem\",\"position\":3,\"name\":\"Services d&#8217;imagerie diagnostique\"}]},{\"@type\":\"WebSite\",\"@id\":\"https:\\\/\\\/nbrhc.on.ca\\\/#website\",\"url\":\"https:\\\/\\\/nbrhc.on.ca\\\/\",\"name\":\"NBRHC\",\"description\":\"North Bay Regional Health Centre\",\"publisher\":{\"@id\":\"https:\\\/\\\/nbrhc.on.ca\\\/#organization\"},\"potentialAction\":[{\"@type\":\"SearchAction\",\"target\":{\"@type\":\"EntryPoint\",\"urlTemplate\":\"https:\\\/\\\/nbrhc.on.ca\\\/?s={search_term_string}\"},\"query-input\":{\"@type\":\"PropertyValueSpecification\",\"valueRequired\":true,\"valueName\":\"search_term_string\"}}],\"inLanguage\":\"fr-FR\"},{\"@type\":\"Organization\",\"@id\":\"https:\\\/\\\/nbrhc.on.ca\\\/#organization\",\"name\":\"North Bay Regional Health Centre\",\"url\":\"https:\\\/\\\/nbrhc.on.ca\\\/\",\"logo\":{\"@type\":\"ImageObject\",\"inLanguage\":\"fr-FR\",\"@id\":\"https:\\\/\\\/nbrhc.on.ca\\\/#\\\/schema\\\/logo\\\/image\\\/\",\"url\":\"https:\\\/\\\/nbrhc.on.ca\\\/wp-content\\\/uploads\\\/2015\\\/07\\\/logo.jpg\",\"contentUrl\":\"https:\\\/\\\/nbrhc.on.ca\\\/wp-content\\\/uploads\\\/2015\\\/07\\\/logo.jpg\",\"width\":870,\"height\":128,\"caption\":\"North Bay Regional Health Centre\"},\"image\":{\"@id\":\"https:\\\/\\\/nbrhc.on.ca\\\/#\\\/schema\\\/logo\\\/image\\\/\"},\"sameAs\":[\"https:\\\/\\\/www.facebook.com\\\/nbrhc\",\"https:\\\/\\\/x.com\\\/NBRHC\",\"https:\\\/\\\/www.linkedin.com\\\/company\\\/north-bay-regional-health-centre-nbrhc\",\"https:\\\/\\\/www.pinterest.com\\\/nbrhc\",\"https:\\\/\\\/www.youtube.com\\\/TheNBRHC\"]}]}<\/script>\n<!-- \/ Yoast SEO plugin. -->","yoast_head_json":{"title":"Services d'imagerie diagnostique","description":"Offrant radiographie, tomographie par ordinateur, \u00e9chographie, m\u00e9decine nucl\u00e9aire, examen de densit\u00e9 min\u00e9rale osseuse, \u00e9chocardiographie, mammographie et examen d\u2019IRM en plus des services du Programme ontarien du d\u00e9pistage du cancer du sein.","robots":{"index":"index","follow":"follow","max-snippet":"max-snippet:-1","max-image-preview":"max-image-preview:large","max-video-preview":"max-video-preview:-1"},"canonical":"https:\/\/nbrhc.on.ca\/fr\/programme-et-services\/services-dimagerie-diagnostique\/","og_locale":"fr_FR","og_type":"article","og_title":"Services d'imagerie diagnostique","og_description":"Offrant radiographie, tomographie par ordinateur, \u00e9chographie, m\u00e9decine nucl\u00e9aire, examen de densit\u00e9 min\u00e9rale osseuse, \u00e9chocardiographie, mammographie et examen d\u2019IRM en plus des services du Programme ontarien du d\u00e9pistage du cancer du sein.","og_url":"https:\/\/nbrhc.on.ca\/fr\/programme-et-services\/services-dimagerie-diagnostique\/","og_site_name":"NBRHC","article_publisher":"https:\/\/www.facebook.com\/nbrhc","article_modified_time":"2026-04-14T13:20:58+00:00","og_image":[{"width":619,"height":619,"url":"https:\/\/nbrhc.on.ca\/wp-content\/uploads\/2015\/07\/icon_col.jpeg","type":"image\/jpeg"}],"twitter_misc":{"Dur\u00e9e de lecture estim\u00e9e":"2 minutes"},"schema":{"@context":"https:\/\/schema.org","@graph":[{"@type":"WebPage","@id":"https:\/\/nbrhc.on.ca\/fr\/programme-et-services\/services-dimagerie-diagnostique\/","url":"https:\/\/nbrhc.on.ca\/fr\/programme-et-services\/services-dimagerie-diagnostique\/","name":"Services d'imagerie diagnostique","isPartOf":{"@id":"https:\/\/nbrhc.on.ca\/#website"},"datePublished":"2014-03-18T19:23:51+00:00","dateModified":"2026-04-14T13:20:58+00:00","description":"Offrant radiographie, tomographie par ordinateur, \u00e9chographie, m\u00e9decine nucl\u00e9aire, examen de densit\u00e9 min\u00e9rale osseuse, \u00e9chocardiographie, mammographie et examen d\u2019IRM en plus des services du Programme ontarien du d\u00e9pistage du cancer du sein.","breadcrumb":{"@id":"https:\/\/nbrhc.on.ca\/fr\/programme-et-services\/services-dimagerie-diagnostique\/#breadcrumb"},"inLanguage":"fr-FR","potentialAction":[{"@type":"ReadAction","target":["https:\/\/nbrhc.on.ca\/fr\/programme-et-services\/services-dimagerie-diagnostique\/"]}]},{"@type":"BreadcrumbList","@id":"https:\/\/nbrhc.on.ca\/fr\/programme-et-services\/services-dimagerie-diagnostique\/#breadcrumb","itemListElement":[{"@type":"ListItem","position":1,"name":"Home","item":"https:\/\/nbrhc.on.ca\/fr\/"},{"@type":"ListItem","position":2,"name":"Programmes et services","item":"https:\/\/nbrhc.on.ca\/fr\/programme-et-services\/"},{"@type":"ListItem","position":3,"name":"Services d&#8217;imagerie diagnostique"}]},{"@type":"WebSite","@id":"https:\/\/nbrhc.on.ca\/#website","url":"https:\/\/nbrhc.on.ca\/","name":"NBRHC","description":"North Bay Regional Health Centre","publisher":{"@id":"https:\/\/nbrhc.on.ca\/#organization"},"potentialAction":[{"@type":"SearchAction","target":{"@type":"EntryPoint","urlTemplate":"https:\/\/nbrhc.on.ca\/?s={search_term_string}"},"query-input":{"@type":"PropertyValueSpecification","valueRequired":true,"valueName":"search_term_string"}}],"inLanguage":"fr-FR"},{"@type":"Organization","@id":"https:\/\/nbrhc.on.ca\/#organization","name":"North Bay Regional Health Centre","url":"https:\/\/nbrhc.on.ca\/","logo":{"@type":"ImageObject","inLanguage":"fr-FR","@id":"https:\/\/nbrhc.on.ca\/#\/schema\/logo\/image\/","url":"https:\/\/nbrhc.on.ca\/wp-content\/uploads\/2015\/07\/logo.jpg","contentUrl":"https:\/\/nbrhc.on.ca\/wp-content\/uploads\/2015\/07\/logo.jpg","width":870,"height":128,"caption":"North Bay Regional Health Centre"},"image":{"@id":"https:\/\/nbrhc.on.ca\/#\/schema\/logo\/image\/"},"sameAs":["https:\/\/www.facebook.com\/nbrhc","https:\/\/x.com\/NBRHC","https:\/\/www.linkedin.com\/company\/north-bay-regional-health-centre-nbrhc","https:\/\/www.pinterest.com\/nbrhc","https:\/\/www.youtube.com\/TheNBRHC"]}]}},"_links":{"self":[{"href":"https:\/\/nbrhc.on.ca\/fr\/wp-json\/wp\/v2\/pages\/1629","targetHints":{"allow":["GET"]}}],"collection":[{"href":"https:\/\/nbrhc.on.ca\/fr\/wp-json\/wp\/v2\/pages"}],"about":[{"href":"https:\/\/nbrhc.on.ca\/fr\/wp-json\/wp\/v2\/types\/page"}],"author":[{"embeddable":true,"href":"https:\/\/nbrhc.on.ca\/fr\/wp-json\/wp\/v2\/users\/17"}],"replies":[{"embeddable":true,"href":"https:\/\/nbrhc.on.ca\/fr\/wp-json\/wp\/v2\/comments?post=1629"}],"version-history":[{"count":3,"href":"https:\/\/nbrhc.on.ca\/fr\/wp-json\/wp\/v2\/pages\/1629\/revisions"}],"predecessor-version":[{"id":47374,"href":"https:\/\/nbrhc.on.ca\/fr\/wp-json\/wp\/v2\/pages\/1629\/revisions\/47374"}],"up":[{"embeddable":true,"href":"https:\/\/nbrhc.on.ca\/fr\/wp-json\/wp\/v2\/pages\/1568"}],"wp:attachment":[{"href":"https:\/\/nbrhc.on.ca\/fr\/wp-json\/wp\/v2\/media?parent=1629"}],"wp:term":[{"taxonomy":"post_tag","embeddable":true,"href":"https:\/\/nbrhc.on.ca\/fr\/wp-json\/wp\/v2\/tags?post=1629"}],"curies":[{"name":"wp","href":"https:\/\/api.w.org\/{rel}","templated":true}]}}