{"id":1654,"date":"2014-03-18T16:26:02","date_gmt":"2014-03-18T20:26:02","guid":{"rendered":"http:\/\/www.nbrhc.on.ca\/?page_id=1654"},"modified":"2024-11-08T09:18:55","modified_gmt":"2024-11-08T14:18:55","slug":"unite-de-soins-intensifs-neonatals-usin","status":"publish","type":"page","link":"https:\/\/nbrhc.on.ca\/fr\/programme-et-services\/services-aux-femmes-et-aux-enfants\/unite-de-soins-intensifs-neonatals-usin\/","title":{"rendered":"Unit\u00e9 de soins intensifs n\u00e9onatals (USIN)"},"content":{"rendered":"<h2>Heures de visite &#8211; Unit\u00e9 de soins intensifs n\u00e9onatals (USIN)<\/h2>\n<ul>\n<li>Les parents ont acc\u00e8s \u00e0 l\u2019unit\u00e9 24 heures sur 24 pendant la dur\u00e9e du s\u00e9jour de leur enfant.<\/li>\n<li>Les heures de visite sont de 11 h \u00e0 19 h. Il peut y avoir deux personnes \u00e0 la fois au chevet de l\u2019enfant.<\/li>\n<li>Tous les visiteurs doivent avoir 12 ans ou plus, \u00e0 l\u2019exception des fr\u00e8res et s\u0153urs du nouveau-n\u00e9 qui doivent \u00eatre supervis\u00e9s par un adulte en tout temps.<\/li>\n<li>Il pourrait arriver \u00e0 l\u2019occasion que les visites soient limit\u00e9es ou interdites.<\/li>\n<\/ul>\n<hr \/>\n<p>L\u2019Unit\u00e9 de soins intensifs n\u00e9onatals du Centre regional de sant\u00e9 de North Bay est dot\u00e9e d\u2019une pouponni\u00e8re de soins intensifs pouvant accueillir des b\u00e9b\u00e9s d\u00e8s la 30e semaine de grossesse.<\/p>\n<p>Cinq p\u00e9diatres et des infirmi\u00e8res qualifi\u00e9es, sp\u00e9cialis\u00e9es en soins intensifs n\u00e9onatals, prodiguent des soins intensifs aux nouveau-n\u00e9s en \u00e9tat critique ainsi que des soins de soutien aux b\u00e9b\u00e9s pr\u00e9matur\u00e9s.<\/p>\n<p>Des th\u00e9rapeutes respiratoires, une conseill\u00e8re en allaitement, une di\u00e9t\u00e9tiste, des travailleuses sociales, des pharmaciens et des th\u00e9rapeutes en r\u00e9adaptation p\u00e9diatrique appuient l&rsquo;\u00e9quipe soignante. La famille du b\u00e9b\u00e9 joue un r\u00f4le important au sein de cette \u00e9quipe.<\/p>\n<p>L&rsquo;USIN est \u00e9galement un centre sp\u00e9cialis\u00e9 qui accueille les enfants \u00e0 risque des environs de North Bay. On y entretient des liens \u00e9troits avec le Centre hospitalier pour enfants de l&rsquo;est de l&rsquo;Ontario (Ottawa), The Hospital for Sick Children (Toronto) et les organismes de services communautaires dans le but de fournir une gamme compl\u00e8te de soins aux nouveau-n\u00e9s.<\/p>\n","protected":false},"excerpt":{"rendered":"<p>Heures de visite &#8211; Unit\u00e9 de soins intensifs n\u00e9onatals (USIN) Les parents ont acc\u00e8s \u00e0 l\u2019unit\u00e9 24 heures sur 24 pendant la dur\u00e9e du s\u00e9jour de leur enfant. Les heures [&hellip;]<\/p>\n","protected":false},"author":17,"featured_media":0,"parent":2043,"menu_order":0,"comment_status":"open","ping_status":"closed","template":"","meta":{"_acf_changed":false,"_monsterinsights_skip_tracking":false,"_monsterinsights_sitenote_active":false,"_monsterinsights_sitenote_note":"","_monsterinsights_sitenote_category":0,"footnotes":"","_links_to":"","_links_to_target":"","_wp_rev_ctl_limit":""},"tags":[1421,1420,1418,1419],"class_list":["post-1654","page","type-page","status-publish","hentry","tag-neonatals","tag-soins-intensifs-neonatals","tag-unite-de-soins-intensifs-neonatals","tag-usin"],"acf":[],"yoast_head":"<!-- This site is optimized with the Yoast SEO plugin v27.4 - https:\/\/yoast.com\/product\/yoast-seo-wordpress\/ -->\n<title>Unit\u00e9 de soins intensifs n\u00e9onatals (USIN)<\/title>\n<meta name=\"description\" content=\"L&#039;unit\u00e9 de soins intensifs n\u00e9onatals du CRSNB offre une garderie de soins intensifs pour les nouveau-n\u00e9s d\u00e8s la 30e semaine de gestation\" \/>\n<meta name=\"robots\" content=\"index, follow, max-snippet:-1, max-image-preview:large, max-video-preview:-1\" \/>\n<link rel=\"canonical\" href=\"https:\/\/nbrhc.on.ca\/fr\/programme-et-services\/services-aux-femmes-et-aux-enfants\/unite-de-soins-intensifs-neonatals-usin\/\" \/>\n<meta property=\"og:locale\" content=\"fr_FR\" \/>\n<meta property=\"og:type\" content=\"article\" \/>\n<meta property=\"og:title\" content=\"Unit\u00e9 de soins intensifs n\u00e9onatals (USIN)\" \/>\n<meta property=\"og:description\" content=\"L&#039;unit\u00e9 de soins intensifs n\u00e9onatals du CRSNB offre une garderie de soins intensifs pour les nouveau-n\u00e9s d\u00e8s la 30e semaine de gestation\" \/>\n<meta property=\"og:url\" content=\"https:\/\/nbrhc.on.ca\/fr\/programme-et-services\/services-aux-femmes-et-aux-enfants\/unite-de-soins-intensifs-neonatals-usin\/\" \/>\n<meta property=\"og:site_name\" content=\"NBRHC\" \/>\n<meta property=\"article:publisher\" content=\"https:\/\/www.facebook.com\/nbrhc\" \/>\n<meta property=\"article:modified_time\" content=\"2024-11-08T14:18:55+00:00\" \/>\n<meta property=\"og:image\" content=\"https:\/\/nbrhc.on.ca\/wp-content\/uploads\/2015\/07\/icon_col.jpeg\" \/>\n\t<meta property=\"og:image:width\" content=\"619\" \/>\n\t<meta property=\"og:image:height\" content=\"619\" \/>\n\t<meta property=\"og:image:type\" content=\"image\/jpeg\" \/>\n<meta name=\"twitter:label1\" content=\"Dur\u00e9e de lecture estim\u00e9e\" \/>\n\t<meta name=\"twitter:data1\" content=\"2 minutes\" \/>\n<script type=\"application\/ld+json\" class=\"yoast-schema-graph\">{\"@context\":\"https:\\\/\\\/schema.org\",\"@graph\":[{\"@type\":\"WebPage\",\"@id\":\"https:\\\/\\\/nbrhc.on.ca\\\/fr\\\/programme-et-services\\\/services-aux-femmes-et-aux-enfants\\\/unite-de-soins-intensifs-neonatals-usin\\\/\",\"url\":\"https:\\\/\\\/nbrhc.on.ca\\\/fr\\\/programme-et-services\\\/services-aux-femmes-et-aux-enfants\\\/unite-de-soins-intensifs-neonatals-usin\\\/\",\"name\":\"Unit\u00e9 de soins intensifs n\u00e9onatals (USIN)\",\"isPartOf\":{\"@id\":\"https:\\\/\\\/nbrhc.on.ca\\\/#website\"},\"datePublished\":\"2014-03-18T20:26:02+00:00\",\"dateModified\":\"2024-11-08T14:18:55+00:00\",\"description\":\"L'unit\u00e9 de soins intensifs n\u00e9onatals du CRSNB offre une garderie de soins intensifs pour les nouveau-n\u00e9s d\u00e8s la 30e semaine de gestation\",\"breadcrumb\":{\"@id\":\"https:\\\/\\\/nbrhc.on.ca\\\/fr\\\/programme-et-services\\\/services-aux-femmes-et-aux-enfants\\\/unite-de-soins-intensifs-neonatals-usin\\\/#breadcrumb\"},\"inLanguage\":\"fr-FR\",\"potentialAction\":[{\"@type\":\"ReadAction\",\"target\":[\"https:\\\/\\\/nbrhc.on.ca\\\/fr\\\/programme-et-services\\\/services-aux-femmes-et-aux-enfants\\\/unite-de-soins-intensifs-neonatals-usin\\\/\"]}]},{\"@type\":\"BreadcrumbList\",\"@id\":\"https:\\\/\\\/nbrhc.on.ca\\\/fr\\\/programme-et-services\\\/services-aux-femmes-et-aux-enfants\\\/unite-de-soins-intensifs-neonatals-usin\\\/#breadcrumb\",\"itemListElement\":[{\"@type\":\"ListItem\",\"position\":1,\"name\":\"Home\",\"item\":\"https:\\\/\\\/nbrhc.on.ca\\\/fr\\\/\"},{\"@type\":\"ListItem\",\"position\":2,\"name\":\"Programmes et services\",\"item\":\"https:\\\/\\\/nbrhc.on.ca\\\/fr\\\/programme-et-services\\\/\"},{\"@type\":\"ListItem\",\"position\":3,\"name\":\"Services aux femmes et aux enfants\",\"item\":\"https:\\\/\\\/nbrhc.on.ca\\\/fr\\\/programme-et-services\\\/services-aux-femmes-et-aux-enfants\\\/\"},{\"@type\":\"ListItem\",\"position\":4,\"name\":\"Unit\u00e9 de soins intensifs n\u00e9onatals (USIN)\"}]},{\"@type\":\"WebSite\",\"@id\":\"https:\\\/\\\/nbrhc.on.ca\\\/#website\",\"url\":\"https:\\\/\\\/nbrhc.on.ca\\\/\",\"name\":\"NBRHC\",\"description\":\"North Bay Regional Health Centre\",\"publisher\":{\"@id\":\"https:\\\/\\\/nbrhc.on.ca\\\/#organization\"},\"potentialAction\":[{\"@type\":\"SearchAction\",\"target\":{\"@type\":\"EntryPoint\",\"urlTemplate\":\"https:\\\/\\\/nbrhc.on.ca\\\/?s={search_term_string}\"},\"query-input\":{\"@type\":\"PropertyValueSpecification\",\"valueRequired\":true,\"valueName\":\"search_term_string\"}}],\"inLanguage\":\"fr-FR\"},{\"@type\":\"Organization\",\"@id\":\"https:\\\/\\\/nbrhc.on.ca\\\/#organization\",\"name\":\"North Bay Regional Health Centre\",\"url\":\"https:\\\/\\\/nbrhc.on.ca\\\/\",\"logo\":{\"@type\":\"ImageObject\",\"inLanguage\":\"fr-FR\",\"@id\":\"https:\\\/\\\/nbrhc.on.ca\\\/#\\\/schema\\\/logo\\\/image\\\/\",\"url\":\"https:\\\/\\\/nbrhc.on.ca\\\/wp-content\\\/uploads\\\/2015\\\/07\\\/logo.jpg\",\"contentUrl\":\"https:\\\/\\\/nbrhc.on.ca\\\/wp-content\\\/uploads\\\/2015\\\/07\\\/logo.jpg\",\"width\":870,\"height\":128,\"caption\":\"North Bay Regional Health Centre\"},\"image\":{\"@id\":\"https:\\\/\\\/nbrhc.on.ca\\\/#\\\/schema\\\/logo\\\/image\\\/\"},\"sameAs\":[\"https:\\\/\\\/www.facebook.com\\\/nbrhc\",\"https:\\\/\\\/x.com\\\/NBRHC\",\"https:\\\/\\\/www.linkedin.com\\\/company\\\/north-bay-regional-health-centre-nbrhc\",\"https:\\\/\\\/www.pinterest.com\\\/nbrhc\",\"https:\\\/\\\/www.youtube.com\\\/TheNBRHC\"]}]}<\/script>\n<!-- \/ Yoast SEO plugin. -->","yoast_head_json":{"title":"Unit\u00e9 de soins intensifs n\u00e9onatals (USIN)","description":"L'unit\u00e9 de soins intensifs n\u00e9onatals du CRSNB offre une garderie de soins intensifs pour les nouveau-n\u00e9s d\u00e8s la 30e semaine de gestation","robots":{"index":"index","follow":"follow","max-snippet":"max-snippet:-1","max-image-preview":"max-image-preview:large","max-video-preview":"max-video-preview:-1"},"canonical":"https:\/\/nbrhc.on.ca\/fr\/programme-et-services\/services-aux-femmes-et-aux-enfants\/unite-de-soins-intensifs-neonatals-usin\/","og_locale":"fr_FR","og_type":"article","og_title":"Unit\u00e9 de soins intensifs n\u00e9onatals (USIN)","og_description":"L'unit\u00e9 de soins intensifs n\u00e9onatals du CRSNB offre une garderie de soins intensifs pour les nouveau-n\u00e9s d\u00e8s la 30e semaine de gestation","og_url":"https:\/\/nbrhc.on.ca\/fr\/programme-et-services\/services-aux-femmes-et-aux-enfants\/unite-de-soins-intensifs-neonatals-usin\/","og_site_name":"NBRHC","article_publisher":"https:\/\/www.facebook.com\/nbrhc","article_modified_time":"2024-11-08T14:18:55+00:00","og_image":[{"width":619,"height":619,"url":"https:\/\/nbrhc.on.ca\/wp-content\/uploads\/2015\/07\/icon_col.jpeg","type":"image\/jpeg"}],"twitter_misc":{"Dur\u00e9e de lecture estim\u00e9e":"2 minutes"},"schema":{"@context":"https:\/\/schema.org","@graph":[{"@type":"WebPage","@id":"https:\/\/nbrhc.on.ca\/fr\/programme-et-services\/services-aux-femmes-et-aux-enfants\/unite-de-soins-intensifs-neonatals-usin\/","url":"https:\/\/nbrhc.on.ca\/fr\/programme-et-services\/services-aux-femmes-et-aux-enfants\/unite-de-soins-intensifs-neonatals-usin\/","name":"Unit\u00e9 de soins intensifs n\u00e9onatals (USIN)","isPartOf":{"@id":"https:\/\/nbrhc.on.ca\/#website"},"datePublished":"2014-03-18T20:26:02+00:00","dateModified":"2024-11-08T14:18:55+00:00","description":"L'unit\u00e9 de soins intensifs n\u00e9onatals du CRSNB offre une garderie de soins intensifs pour les nouveau-n\u00e9s d\u00e8s la 30e semaine de gestation","breadcrumb":{"@id":"https:\/\/nbrhc.on.ca\/fr\/programme-et-services\/services-aux-femmes-et-aux-enfants\/unite-de-soins-intensifs-neonatals-usin\/#breadcrumb"},"inLanguage":"fr-FR","potentialAction":[{"@type":"ReadAction","target":["https:\/\/nbrhc.on.ca\/fr\/programme-et-services\/services-aux-femmes-et-aux-enfants\/unite-de-soins-intensifs-neonatals-usin\/"]}]},{"@type":"BreadcrumbList","@id":"https:\/\/nbrhc.on.ca\/fr\/programme-et-services\/services-aux-femmes-et-aux-enfants\/unite-de-soins-intensifs-neonatals-usin\/#breadcrumb","itemListElement":[{"@type":"ListItem","position":1,"name":"Home","item":"https:\/\/nbrhc.on.ca\/fr\/"},{"@type":"ListItem","position":2,"name":"Programmes et services","item":"https:\/\/nbrhc.on.ca\/fr\/programme-et-services\/"},{"@type":"ListItem","position":3,"name":"Services aux femmes et aux enfants","item":"https:\/\/nbrhc.on.ca\/fr\/programme-et-services\/services-aux-femmes-et-aux-enfants\/"},{"@type":"ListItem","position":4,"name":"Unit\u00e9 de soins intensifs n\u00e9onatals (USIN)"}]},{"@type":"WebSite","@id":"https:\/\/nbrhc.on.ca\/#website","url":"https:\/\/nbrhc.on.ca\/","name":"NBRHC","description":"North Bay Regional Health Centre","publisher":{"@id":"https:\/\/nbrhc.on.ca\/#organization"},"potentialAction":[{"@type":"SearchAction","target":{"@type":"EntryPoint","urlTemplate":"https:\/\/nbrhc.on.ca\/?s={search_term_string}"},"query-input":{"@type":"PropertyValueSpecification","valueRequired":true,"valueName":"search_term_string"}}],"inLanguage":"fr-FR"},{"@type":"Organization","@id":"https:\/\/nbrhc.on.ca\/#organization","name":"North Bay Regional Health Centre","url":"https:\/\/nbrhc.on.ca\/","logo":{"@type":"ImageObject","inLanguage":"fr-FR","@id":"https:\/\/nbrhc.on.ca\/#\/schema\/logo\/image\/","url":"https:\/\/nbrhc.on.ca\/wp-content\/uploads\/2015\/07\/logo.jpg","contentUrl":"https:\/\/nbrhc.on.ca\/wp-content\/uploads\/2015\/07\/logo.jpg","width":870,"height":128,"caption":"North Bay Regional Health Centre"},"image":{"@id":"https:\/\/nbrhc.on.ca\/#\/schema\/logo\/image\/"},"sameAs":["https:\/\/www.facebook.com\/nbrhc","https:\/\/x.com\/NBRHC","https:\/\/www.linkedin.com\/company\/north-bay-regional-health-centre-nbrhc","https:\/\/www.pinterest.com\/nbrhc","https:\/\/www.youtube.com\/TheNBRHC"]}]}},"_links":{"self":[{"href":"https:\/\/nbrhc.on.ca\/fr\/wp-json\/wp\/v2\/pages\/1654","targetHints":{"allow":["GET"]}}],"collection":[{"href":"https:\/\/nbrhc.on.ca\/fr\/wp-json\/wp\/v2\/pages"}],"about":[{"href":"https:\/\/nbrhc.on.ca\/fr\/wp-json\/wp\/v2\/types\/page"}],"author":[{"embeddable":true,"href":"https:\/\/nbrhc.on.ca\/fr\/wp-json\/wp\/v2\/users\/17"}],"replies":[{"embeddable":true,"href":"https:\/\/nbrhc.on.ca\/fr\/wp-json\/wp\/v2\/comments?post=1654"}],"version-history":[{"count":5,"href":"https:\/\/nbrhc.on.ca\/fr\/wp-json\/wp\/v2\/pages\/1654\/revisions"}],"predecessor-version":[{"id":41933,"href":"https:\/\/nbrhc.on.ca\/fr\/wp-json\/wp\/v2\/pages\/1654\/revisions\/41933"}],"up":[{"embeddable":true,"href":"https:\/\/nbrhc.on.ca\/fr\/wp-json\/wp\/v2\/pages\/2043"}],"wp:attachment":[{"href":"https:\/\/nbrhc.on.ca\/fr\/wp-json\/wp\/v2\/media?parent=1654"}],"wp:term":[{"taxonomy":"post_tag","embeddable":true,"href":"https:\/\/nbrhc.on.ca\/fr\/wp-json\/wp\/v2\/tags?post=1654"}],"curies":[{"name":"wp","href":"https:\/\/api.w.org\/{rel}","templated":true}]}}