{"id":1661,"date":"2014-03-18T16:30:58","date_gmt":"2014-03-18T20:30:58","guid":{"rendered":"http:\/\/www.nbrhc.on.ca\/?page_id=1661"},"modified":"2024-11-28T14:43:22","modified_gmt":"2024-11-28T19:43:22","slug":"programme-ontarien-de-depistage-du-cancer-du-sein","status":"publish","type":"page","link":"https:\/\/nbrhc.on.ca\/fr\/programme-et-services\/services-dimagerie-diagnostique\/programme-ontarien-de-depistage-du-cancer-du-sein\/","title":{"rendered":"Programme ontarien de d\u00e9pistage du cancer du sein"},"content":{"rendered":"<p>Subventionn\u00e9 par le minist\u00e8re de la Sant\u00e9 et g\u00e9r\u00e9 par Action Cancer Ontario, le Programme ontarien de d\u00e9pistage du cancer du sein (PODCS) offre, \u00e0 la grandeur de la province, des services de qualit\u00e9 sup\u00e9rieure de d\u00e9pistage du cancer du sein par mammographie. Ces services sont couverts par l\u2019Assurance-sant\u00e9 de l\u2019Ontario. Le PODCS procure des avantages importants, notamment la gestion des rendez-vous de d\u00e9pistage, l\u2019envoi des lettres de rappel et de r\u00e9sultats ainsi que la gestion des services de suivi lorsque les r\u00e9sultats indiquent le besoin de subir d\u2019autres examens.<\/p>\n<p>La mammographie de d\u00e9pistage joue un r\u00f4le important dans la d\u00e9tection pr\u00e9coce du cancer du sein. En effet, passer r\u00e9guli\u00e8rement des mammographies de d\u00e9pistage permet de d\u00e9tecter le cancer t\u00f4t. Par cons\u00e9quent, il pourrait y avoir plus de choix de traitement, le cancer a moins de risques de se r\u00e9pandre et le traitement est plus susceptible d\u2019\u00eatre efficace.<\/p>\n<p>&nbsp;<\/p>\n<h2>Crit\u00e8res d\u2019admissibilit\u00e9<\/h2>\n<p>On encourage les personnes de 50 \u00e0 74 ans \u00e0 subir une mammographie au moins tous les deux ans aux fins de d\u00e9tection de changements du tissu mammaire qu\u2019on ne peut pas palper ni voir.<\/p>\n<p>Les personnes de 40 \u00e0 49 ans devraient s\u2019informer pour savoir si le d\u00e9pistage du cancer du sein leur convient. G\u00e9n\u00e9ralement, les personnes de ce groupe d\u2019\u00e2ge courent un risque moins \u00e9lev\u00e9 de d\u00e9velopper un cancer du sein que celles \u00e2g\u00e9es de 50 \u00e0 74 ans. Le ratio avantages-risques pourrait donc \u00eatre diff\u00e9rent chez les gens de 40 \u00e0 49 ans par rapport \u00e0 ce qu\u2019il est chez les gens de 50 \u00e0 74 ans.<\/p>\n<p>Le PODCS encourage les personnes de 40 \u00e0 49 ans \u00e0 s\u2019entretenir avec leur fournisseur de soins primaires ou un navigateur de Sant\u00e9811 au sujet de leur risque personnel de cancer du sein, des avantages et des m\u00e9faits possibles du d\u00e9pistage et des aspects de leur sant\u00e9 auxquels elles tiennent le plus.<\/p>\n<p>La participation au PODCS ne n\u00e9cessite pas de recommandation du m\u00e9decin. Il faut toutefois r\u00e9pondre aux crit\u00e8res suivants.<\/p>\n<p><strong>Le PODCS offre un d\u00e9pistage du cancer du sein aux femmes, aux personnes bispirituelles, aux personnes trans et aux personnes non binaires \u00e2g\u00e9es de 40 \u00e0 74 ans qui :<\/strong><\/p>\n<ul>\n<li><strong>ne pr\u00e9sentent aucun nouveau sympt\u00f4me du cancer du sein;<\/strong><\/li>\n<li><strong>n\u2019ont pas d\u00e9j\u00e0 eu un cancer du sein;<\/strong><\/li>\n<li><strong>n\u2019ont pas subi une mastectomie;<\/strong><\/li>\n<li><strong>n\u2019ont pas subi une mammographie de d\u00e9pistage au cours des 11 derniers mois;<\/strong><\/li>\n<li><strong>si elles sont transf\u00e9minines, ont pris des hormones f\u00e9minisantes pendant au moins cinq ann\u00e9es cons\u00e9cutives.<\/strong><\/li>\n<\/ul>\n<p>Les personnes de plus de 74 ans qui r\u00e9pondent aux crit\u00e8res susmentionn\u00e9s peuvent quand m\u00eame participer au programme avec une recommandation d\u2019un m\u00e9decin.<\/p>\n<p>&nbsp;<\/p>\n<h2>Ce qu\u2019il faut savoir sur la mammographie<\/h2>\n<h3>Pr\u00e9paration en vue de la mammographie :<\/h3>\n<ul>\n<li>Si possible, \u00e9vitez de subir votre mammographie la semaine pr\u00e9c\u00e9dant vos menstruations si vous avez habituellement les seins sensibles \u00e0 ce moment-l\u00e0.<\/li>\n<li>Le meilleur moment de passer une mammographie, c\u2019est une semaine apr\u00e8s les menstruations.<\/li>\n<li>Apportez tous les rapports de mammographies que vous avez subies ailleurs qu\u2019au CRSNB. Si vous nous en avisez avant votre rendez-vous, nous pouvons vous aider \u00e0 obtenir les images.<\/li>\n<\/ul>\n<h3>Le jour de votre rendez-vous :<\/h3>\n<ul>\n<li>Prenez vos m\u00e9dicaments comme d\u2019habitude.<\/li>\n<li>Arrivez 15 minutes avant l\u2019heure du rendez-vous afin de vous inscrire.<\/li>\n<li>Apportez votre carte Sant\u00e9.<\/li>\n<li>Si vous avez plus de 74 ans, apportez la recommandation du m\u00e9decin.<\/li>\n<li>Portez des v\u00eatements qui conviennent; vous devrez enlever les v\u00eatements du haut.<\/li>\n<li>Le CRSNB est un \u00e9tablissement \u00ab sans parfum \u00bb. Afin d\u2019\u00e9viter de fausser les r\u00e9sultats, n\u2019appliquez pas de d\u00e9odorant, de poudre de talc ou de lotion sur vos aisselles ou vos seins.<\/li>\n<\/ul>\n<h3>Durant la mammographie :<\/h3>\n<ul>\n<li>On vous demandera de retirer les v\u00eatements du haut et d\u2019enfiler une chemise d\u2019h\u00f4pital ample.<\/li>\n<li>Une technologue en radiation m\u00e9dicale autoris\u00e9e positionnera votre sein dans l\u2019appareil de mammographie.<\/li>\n<li>On aplatira votre sein lentement au moyen d\u2019une plaque de plastique transparent ou de plexiglas.<br \/>\n*La compression, qui dure habituellement \u00e0 peine quelques secondes, sera ferme et pourrait vous causer un certain inconfort.<\/li>\n<li>C\u2019est important de rester immobile pendant toute l\u2019intervention.<\/li>\n<li>On prendra des images du haut et du c\u00f4t\u00e9 (\u00e0 un angle) de chaque sein.<\/li>\n<\/ul>\n<h3>La compression du sein :<\/h3>\n<ul>\n<li>sert \u00e0 aplatir le sein \u00e9galement afin de permettre de visualiser tout le tissu mammaire;<\/li>\n<li>permet d\u2019\u00e9tendre le tissu afin de r\u00e9duire les chances que les petites anomalies se cachent derri\u00e8re le tissu mammaire superpos\u00e9;<\/li>\n<li>permet d\u2019utiliser une faible dose de rayonnement en prenant des images d\u2019une couche plus mince de tissu mammaire;<\/li>\n<li>sert \u00e0 immobiliser le sein afin d\u2019\u00e9viter que le mouvement produise des images floues;<\/li>\n<li>r\u00e9duit la diffusion des rayons X, ce qui permet de produire une image plus nette.<\/li>\n<\/ul>\n<h3>Apr\u00e8s la mammographie :<\/h3>\n<ul>\n<li>Il n\u2019y a aucune restriction.<\/li>\n<li>Apr\u00e8s avoir analys\u00e9 les images, on vous enverra une copie du rapport par la poste. Votre fournisseur de soins primaires ou votre m\u00e9decin traitant en recevra une copie aussi.<\/li>\n<\/ul>\n<p>&nbsp;<\/p>\n<h2>Foire aux questions<\/h2>\n<h3><em>Est-ce qu\u2019il y a d\u2019autres examens qui sont meilleurs que la mammographie?<\/em><\/h3>\n<p>Selon certaines \u00e9tudes, l\u2019\u00e9chographie et l\u2019imagerie par r\u00e9sonance magn\u00e9tique (IRM) combin\u00e9es \u00e0 la mammographie peuvent aider \u00e0 poser un diagnostic de troubles mammaires. Toutefois, l\u2019IRM et l\u2019\u00e9chographie peuvent toutes deux d\u00e9tecter des anomalies qui ne sont pas le cancer, ce qui peut n\u00e9cessiter d\u2019autres examens en plus de causer du stress et d\u2019entra\u00eener inutilement la r\u00e9alisation de biopsies. Dans la plupart des cas, la mammographie demeure le meilleur moyen de d\u00e9pister le cancer du sein.<\/p>\n<h3><em>Qu\u2019est-ce qu\u2019un tissu mammaire dense?<\/em><\/h3>\n<p>Les seins sont compos\u00e9s de tissu glandulaire, de tissu conjonctif et de tissu graisseux. Le terme \u00ab densit\u00e9 mammaire \u00bb sert \u00e0 d\u00e9crire la quantit\u00e9 relative de ces diff\u00e9rents types de tissu mammaire que r\u00e9v\u00e8le la mammographie. Les seins denses renferment relativement plus de tissu glandulaire et de tissu conjonctif fibreux et moins de tissu graisseux.<\/p>\n<h3><em>Est-ce que je dois porter un cache-thyro\u00efde durant la mammographie?<\/em><\/h3>\n<p>La mammographie est une radiographie \u00e0 faible dose des seins. Comme la dose des rayons X est tr\u00e8s faible, l\u2019exposition de la glande thyro\u00efde est n\u00e9gligeable. L\u2019exposition de la glande thyro\u00efde au rayonnement a fait l\u2019objet de nombreuses \u00e9tudes qui ont permis de conclure que l\u2019exposition est si faible qu\u2019on pourrait la comparer \u00e0 l\u2019exposition pendant 30 minutes au rayonnement de fond (le rayonnement naturellement pr\u00e9sent dans l\u2019environnement auquel nous sommes expos\u00e9s tous les jours).\u00a0 \u00c9tant donn\u00e9 que la mammographie ne pose aucun risque \u00e0 la glande thyro\u00efde, il n\u2019est pas n\u00e9cessaire de porter un cache-thyro\u00efde.<\/p>\n<h3><em>Est-ce que je devrais m\u2019inqui\u00e9ter de l\u2019exposition au rayonnement durant une mammographie?<\/em><\/h3>\n<p>De nos jours, les appareils de mammographie modernes utilisent de faibles doses de rayonnement pour produire des images mammaires de qualit\u00e9 sup\u00e9rieure. En effet, la dose totale de rayonnement n\u00e9cessaire \u00e0 la mammographie, soit deux vues de chaque sein (quatre images), est d\u2019environ 0,4mSv. Or, la dose \u00e9quivalente efficace moyenne annuelle produite par le rayonnement de fond naturel est de l\u2019ordre de 1,8mSv au Canada et de 2,4mSv \u00e0 l\u2019\u00e9chelle mondiale.<\/p>\n<p>Chaque fois qu\u2019on subit une intervention m\u00e9dicale n\u00e9cessitant un rayonnement, il faut peser les risques et les avantages. L\u2019\u00e9tablissement d\u2019un diagnostic exact d\u00e9passe de loin le risque connexe.<\/p>\n<h3><em>Recommandations pour les personnes recevant le vaccin contre la COVID-19<\/em><\/h3>\n<p>Si c&rsquo;est possible et si cela ne retarde pas les soins ind\u00fbment, le rendez-vous pour une mammographie de d\u00e9pistage devrait avoir lieu avant la vaccination contre la COVID-19 (ou toute autre vaccination) ou 6 semaines apr\u00e8s la vaccination afin de permettre la disparition de toute ad\u00e9nopathie r\u00e9actionnelle. La mise en \u0153uvre de cette ligne directrice d\u00e9pend de la disponibilit\u00e9 des ressources.<\/p>\n","protected":false},"excerpt":{"rendered":"<p>Subventionn\u00e9 par le minist\u00e8re de la Sant\u00e9 et g\u00e9r\u00e9 par Action Cancer Ontario, le Programme ontarien de d\u00e9pistage du cancer du sein (PODCS) offre, \u00e0 la grandeur de la province, [&hellip;]<\/p>\n","protected":false},"author":17,"featured_media":0,"parent":1629,"menu_order":0,"comment_status":"open","ping_status":"closed","template":"","meta":{"_acf_changed":false,"_monsterinsights_skip_tracking":false,"_monsterinsights_sitenote_active":false,"_monsterinsights_sitenote_note":"","_monsterinsights_sitenote_category":0,"footnotes":"","_links_to":"","_links_to_target":"","_wp_rev_ctl_limit":""},"tags":[],"class_list":["post-1661","page","type-page","status-publish","hentry"],"acf":[],"yoast_head":"<!-- This site is optimized with the Yoast SEO plugin v27.4 - https:\/\/yoast.com\/product\/yoast-seo-wordpress\/ -->\n<title>Programme ontarien de d\u00e9pistage du cancer du sein<\/title>\n<meta name=\"description\" content=\"Ce programme offre \u00e0 l&#039;\u00e9chelle de la province des services de mammographie de d\u00e9pistage du cancer du sein de haute qualit\u00e9, couverts par l&#039;Assurance-sant\u00e9 de l&#039;Ontario, y compris des rendez-vous de d\u00e9pistage\" \/>\n<meta name=\"robots\" content=\"index, follow, max-snippet:-1, max-image-preview:large, max-video-preview:-1\" \/>\n<link rel=\"canonical\" href=\"https:\/\/nbrhc.on.ca\/fr\/programme-et-services\/services-dimagerie-diagnostique\/programme-ontarien-de-depistage-du-cancer-du-sein\/\" \/>\n<meta property=\"og:locale\" content=\"fr_FR\" \/>\n<meta property=\"og:type\" content=\"article\" \/>\n<meta property=\"og:title\" content=\"Programme ontarien de d\u00e9pistage du cancer du sein\" \/>\n<meta property=\"og:description\" content=\"Ce programme offre \u00e0 l&#039;\u00e9chelle de la province des services de mammographie de d\u00e9pistage du cancer du sein de haute qualit\u00e9, couverts par l&#039;Assurance-sant\u00e9 de l&#039;Ontario, y compris des rendez-vous de d\u00e9pistage\" \/>\n<meta property=\"og:url\" content=\"https:\/\/nbrhc.on.ca\/fr\/programme-et-services\/services-dimagerie-diagnostique\/programme-ontarien-de-depistage-du-cancer-du-sein\/\" \/>\n<meta property=\"og:site_name\" content=\"NBRHC\" \/>\n<meta property=\"article:publisher\" content=\"https:\/\/www.facebook.com\/nbrhc\" \/>\n<meta property=\"article:modified_time\" content=\"2024-11-28T19:43:22+00:00\" \/>\n<meta property=\"og:image\" content=\"https:\/\/nbrhc.on.ca\/wp-content\/uploads\/2015\/07\/icon_col.jpeg\" \/>\n\t<meta property=\"og:image:width\" content=\"619\" \/>\n\t<meta property=\"og:image:height\" content=\"619\" \/>\n\t<meta property=\"og:image:type\" content=\"image\/jpeg\" \/>\n<meta name=\"twitter:label1\" content=\"Dur\u00e9e de lecture estim\u00e9e\" \/>\n\t<meta name=\"twitter:data1\" content=\"6 minutes\" \/>\n<script type=\"application\/ld+json\" class=\"yoast-schema-graph\">{\"@context\":\"https:\\\/\\\/schema.org\",\"@graph\":[{\"@type\":\"WebPage\",\"@id\":\"https:\\\/\\\/nbrhc.on.ca\\\/fr\\\/programme-et-services\\\/services-dimagerie-diagnostique\\\/programme-ontarien-de-depistage-du-cancer-du-sein\\\/\",\"url\":\"https:\\\/\\\/nbrhc.on.ca\\\/fr\\\/programme-et-services\\\/services-dimagerie-diagnostique\\\/programme-ontarien-de-depistage-du-cancer-du-sein\\\/\",\"name\":\"Programme ontarien de d\u00e9pistage du cancer du sein\",\"isPartOf\":{\"@id\":\"https:\\\/\\\/nbrhc.on.ca\\\/#website\"},\"datePublished\":\"2014-03-18T20:30:58+00:00\",\"dateModified\":\"2024-11-28T19:43:22+00:00\",\"description\":\"Ce programme offre \u00e0 l'\u00e9chelle de la province des services de mammographie de d\u00e9pistage du cancer du sein de haute qualit\u00e9, couverts par l'Assurance-sant\u00e9 de l'Ontario, y compris des rendez-vous de d\u00e9pistage\",\"breadcrumb\":{\"@id\":\"https:\\\/\\\/nbrhc.on.ca\\\/fr\\\/programme-et-services\\\/services-dimagerie-diagnostique\\\/programme-ontarien-de-depistage-du-cancer-du-sein\\\/#breadcrumb\"},\"inLanguage\":\"fr-FR\",\"potentialAction\":[{\"@type\":\"ReadAction\",\"target\":[\"https:\\\/\\\/nbrhc.on.ca\\\/fr\\\/programme-et-services\\\/services-dimagerie-diagnostique\\\/programme-ontarien-de-depistage-du-cancer-du-sein\\\/\"]}]},{\"@type\":\"BreadcrumbList\",\"@id\":\"https:\\\/\\\/nbrhc.on.ca\\\/fr\\\/programme-et-services\\\/services-dimagerie-diagnostique\\\/programme-ontarien-de-depistage-du-cancer-du-sein\\\/#breadcrumb\",\"itemListElement\":[{\"@type\":\"ListItem\",\"position\":1,\"name\":\"Home\",\"item\":\"https:\\\/\\\/nbrhc.on.ca\\\/fr\\\/\"},{\"@type\":\"ListItem\",\"position\":2,\"name\":\"Programmes et services\",\"item\":\"https:\\\/\\\/nbrhc.on.ca\\\/fr\\\/programme-et-services\\\/\"},{\"@type\":\"ListItem\",\"position\":3,\"name\":\"Services d&#8217;imagerie diagnostique\",\"item\":\"https:\\\/\\\/nbrhc.on.ca\\\/fr\\\/programme-et-services\\\/services-dimagerie-diagnostique\\\/\"},{\"@type\":\"ListItem\",\"position\":4,\"name\":\"Programme ontarien de d\u00e9pistage du cancer du sein\"}]},{\"@type\":\"WebSite\",\"@id\":\"https:\\\/\\\/nbrhc.on.ca\\\/#website\",\"url\":\"https:\\\/\\\/nbrhc.on.ca\\\/\",\"name\":\"NBRHC\",\"description\":\"North Bay Regional Health Centre\",\"publisher\":{\"@id\":\"https:\\\/\\\/nbrhc.on.ca\\\/#organization\"},\"potentialAction\":[{\"@type\":\"SearchAction\",\"target\":{\"@type\":\"EntryPoint\",\"urlTemplate\":\"https:\\\/\\\/nbrhc.on.ca\\\/?s={search_term_string}\"},\"query-input\":{\"@type\":\"PropertyValueSpecification\",\"valueRequired\":true,\"valueName\":\"search_term_string\"}}],\"inLanguage\":\"fr-FR\"},{\"@type\":\"Organization\",\"@id\":\"https:\\\/\\\/nbrhc.on.ca\\\/#organization\",\"name\":\"North Bay Regional Health Centre\",\"url\":\"https:\\\/\\\/nbrhc.on.ca\\\/\",\"logo\":{\"@type\":\"ImageObject\",\"inLanguage\":\"fr-FR\",\"@id\":\"https:\\\/\\\/nbrhc.on.ca\\\/#\\\/schema\\\/logo\\\/image\\\/\",\"url\":\"https:\\\/\\\/nbrhc.on.ca\\\/wp-content\\\/uploads\\\/2015\\\/07\\\/logo.jpg\",\"contentUrl\":\"https:\\\/\\\/nbrhc.on.ca\\\/wp-content\\\/uploads\\\/2015\\\/07\\\/logo.jpg\",\"width\":870,\"height\":128,\"caption\":\"North Bay Regional Health Centre\"},\"image\":{\"@id\":\"https:\\\/\\\/nbrhc.on.ca\\\/#\\\/schema\\\/logo\\\/image\\\/\"},\"sameAs\":[\"https:\\\/\\\/www.facebook.com\\\/nbrhc\",\"https:\\\/\\\/x.com\\\/NBRHC\",\"https:\\\/\\\/www.linkedin.com\\\/company\\\/north-bay-regional-health-centre-nbrhc\",\"https:\\\/\\\/www.pinterest.com\\\/nbrhc\",\"https:\\\/\\\/www.youtube.com\\\/TheNBRHC\"]}]}<\/script>\n<!-- \/ Yoast SEO plugin. -->","yoast_head_json":{"title":"Programme ontarien de d\u00e9pistage du cancer du sein","description":"Ce programme offre \u00e0 l'\u00e9chelle de la province des services de mammographie de d\u00e9pistage du cancer du sein de haute qualit\u00e9, couverts par l'Assurance-sant\u00e9 de l'Ontario, y compris des rendez-vous de d\u00e9pistage","robots":{"index":"index","follow":"follow","max-snippet":"max-snippet:-1","max-image-preview":"max-image-preview:large","max-video-preview":"max-video-preview:-1"},"canonical":"https:\/\/nbrhc.on.ca\/fr\/programme-et-services\/services-dimagerie-diagnostique\/programme-ontarien-de-depistage-du-cancer-du-sein\/","og_locale":"fr_FR","og_type":"article","og_title":"Programme ontarien de d\u00e9pistage du cancer du sein","og_description":"Ce programme offre \u00e0 l'\u00e9chelle de la province des services de mammographie de d\u00e9pistage du cancer du sein de haute qualit\u00e9, couverts par l'Assurance-sant\u00e9 de l'Ontario, y compris des rendez-vous de d\u00e9pistage","og_url":"https:\/\/nbrhc.on.ca\/fr\/programme-et-services\/services-dimagerie-diagnostique\/programme-ontarien-de-depistage-du-cancer-du-sein\/","og_site_name":"NBRHC","article_publisher":"https:\/\/www.facebook.com\/nbrhc","article_modified_time":"2024-11-28T19:43:22+00:00","og_image":[{"width":619,"height":619,"url":"https:\/\/nbrhc.on.ca\/wp-content\/uploads\/2015\/07\/icon_col.jpeg","type":"image\/jpeg"}],"twitter_misc":{"Dur\u00e9e de lecture estim\u00e9e":"6 minutes"},"schema":{"@context":"https:\/\/schema.org","@graph":[{"@type":"WebPage","@id":"https:\/\/nbrhc.on.ca\/fr\/programme-et-services\/services-dimagerie-diagnostique\/programme-ontarien-de-depistage-du-cancer-du-sein\/","url":"https:\/\/nbrhc.on.ca\/fr\/programme-et-services\/services-dimagerie-diagnostique\/programme-ontarien-de-depistage-du-cancer-du-sein\/","name":"Programme ontarien de d\u00e9pistage du cancer du sein","isPartOf":{"@id":"https:\/\/nbrhc.on.ca\/#website"},"datePublished":"2014-03-18T20:30:58+00:00","dateModified":"2024-11-28T19:43:22+00:00","description":"Ce programme offre \u00e0 l'\u00e9chelle de la province des services de mammographie de d\u00e9pistage du cancer du sein de haute qualit\u00e9, couverts par l'Assurance-sant\u00e9 de l'Ontario, y compris des rendez-vous de d\u00e9pistage","breadcrumb":{"@id":"https:\/\/nbrhc.on.ca\/fr\/programme-et-services\/services-dimagerie-diagnostique\/programme-ontarien-de-depistage-du-cancer-du-sein\/#breadcrumb"},"inLanguage":"fr-FR","potentialAction":[{"@type":"ReadAction","target":["https:\/\/nbrhc.on.ca\/fr\/programme-et-services\/services-dimagerie-diagnostique\/programme-ontarien-de-depistage-du-cancer-du-sein\/"]}]},{"@type":"BreadcrumbList","@id":"https:\/\/nbrhc.on.ca\/fr\/programme-et-services\/services-dimagerie-diagnostique\/programme-ontarien-de-depistage-du-cancer-du-sein\/#breadcrumb","itemListElement":[{"@type":"ListItem","position":1,"name":"Home","item":"https:\/\/nbrhc.on.ca\/fr\/"},{"@type":"ListItem","position":2,"name":"Programmes et services","item":"https:\/\/nbrhc.on.ca\/fr\/programme-et-services\/"},{"@type":"ListItem","position":3,"name":"Services d&#8217;imagerie diagnostique","item":"https:\/\/nbrhc.on.ca\/fr\/programme-et-services\/services-dimagerie-diagnostique\/"},{"@type":"ListItem","position":4,"name":"Programme ontarien de d\u00e9pistage du cancer du sein"}]},{"@type":"WebSite","@id":"https:\/\/nbrhc.on.ca\/#website","url":"https:\/\/nbrhc.on.ca\/","name":"NBRHC","description":"North Bay Regional Health Centre","publisher":{"@id":"https:\/\/nbrhc.on.ca\/#organization"},"potentialAction":[{"@type":"SearchAction","target":{"@type":"EntryPoint","urlTemplate":"https:\/\/nbrhc.on.ca\/?s={search_term_string}"},"query-input":{"@type":"PropertyValueSpecification","valueRequired":true,"valueName":"search_term_string"}}],"inLanguage":"fr-FR"},{"@type":"Organization","@id":"https:\/\/nbrhc.on.ca\/#organization","name":"North Bay Regional Health Centre","url":"https:\/\/nbrhc.on.ca\/","logo":{"@type":"ImageObject","inLanguage":"fr-FR","@id":"https:\/\/nbrhc.on.ca\/#\/schema\/logo\/image\/","url":"https:\/\/nbrhc.on.ca\/wp-content\/uploads\/2015\/07\/logo.jpg","contentUrl":"https:\/\/nbrhc.on.ca\/wp-content\/uploads\/2015\/07\/logo.jpg","width":870,"height":128,"caption":"North Bay Regional Health Centre"},"image":{"@id":"https:\/\/nbrhc.on.ca\/#\/schema\/logo\/image\/"},"sameAs":["https:\/\/www.facebook.com\/nbrhc","https:\/\/x.com\/NBRHC","https:\/\/www.linkedin.com\/company\/north-bay-regional-health-centre-nbrhc","https:\/\/www.pinterest.com\/nbrhc","https:\/\/www.youtube.com\/TheNBRHC"]}]}},"_links":{"self":[{"href":"https:\/\/nbrhc.on.ca\/fr\/wp-json\/wp\/v2\/pages\/1661","targetHints":{"allow":["GET"]}}],"collection":[{"href":"https:\/\/nbrhc.on.ca\/fr\/wp-json\/wp\/v2\/pages"}],"about":[{"href":"https:\/\/nbrhc.on.ca\/fr\/wp-json\/wp\/v2\/types\/page"}],"author":[{"embeddable":true,"href":"https:\/\/nbrhc.on.ca\/fr\/wp-json\/wp\/v2\/users\/17"}],"replies":[{"embeddable":true,"href":"https:\/\/nbrhc.on.ca\/fr\/wp-json\/wp\/v2\/comments?post=1661"}],"version-history":[{"count":6,"href":"https:\/\/nbrhc.on.ca\/fr\/wp-json\/wp\/v2\/pages\/1661\/revisions"}],"predecessor-version":[{"id":42300,"href":"https:\/\/nbrhc.on.ca\/fr\/wp-json\/wp\/v2\/pages\/1661\/revisions\/42300"}],"up":[{"embeddable":true,"href":"https:\/\/nbrhc.on.ca\/fr\/wp-json\/wp\/v2\/pages\/1629"}],"wp:attachment":[{"href":"https:\/\/nbrhc.on.ca\/fr\/wp-json\/wp\/v2\/media?parent=1661"}],"wp:term":[{"taxonomy":"post_tag","embeddable":true,"href":"https:\/\/nbrhc.on.ca\/fr\/wp-json\/wp\/v2\/tags?post=1661"}],"curies":[{"name":"wp","href":"https:\/\/api.w.org\/{rel}","templated":true}]}}