{"id":1665,"date":"2014-03-18T16:33:05","date_gmt":"2014-03-18T20:33:05","guid":{"rendered":"http:\/\/www.nbrhc.on.ca\/?page_id=1665"},"modified":"2021-10-14T15:15:51","modified_gmt":"2021-10-14T19:15:51","slug":"clinique-dorthopedie","status":"publish","type":"page","link":"https:\/\/nbrhc.on.ca\/fr\/programme-et-services\/cliniques-aux-patients-externes\/clinique-dorthopedie\/","title":{"rendered":"Clinique d&rsquo;orthop\u00e9die"},"content":{"rendered":"<p>Le personnel suit les patientes et patients ayant besoin d&rsquo;un pl\u00e2tre et donne des traitements de suivi apr\u00e8s des fractures. Il se compose de trois chirurgiens orthop\u00e9distes et de technologues en orthop\u00e9die oeuvrant dans un milieu achaland\u00e9. La Clinique est ouverte du lundi au vendredi, de 7 h 30 \u00e0 17 h.<\/p>\n","protected":false},"excerpt":{"rendered":"<p>Le personnel suit les patientes et patients ayant besoin d&rsquo;un pl\u00e2tre et donne des traitements de suivi apr\u00e8s des fractures. Il se compose de trois chirurgiens orthop\u00e9distes et de technologues [&hellip;]<\/p>\n","protected":false},"author":17,"featured_media":0,"parent":4950,"menu_order":0,"comment_status":"open","ping_status":"closed","template":"","meta":{"_acf_changed":false,"_monsterinsights_skip_tracking":false,"_monsterinsights_sitenote_active":false,"_monsterinsights_sitenote_note":"","_monsterinsights_sitenote_category":0,"footnotes":"","_links_to":"","_links_to_target":"","_wp_rev_ctl_limit":""},"tags":[1218,1220,1219,1221,1222],"class_list":["post-1665","page","type-page","status-publish","hentry","tag-clinique-dorthopedie","tag-orthoped-fr","tag-orthopedie","tag-pied","tag-pieds"],"acf":[],"yoast_head":"<!-- This site is optimized with the Yoast SEO plugin v27.4 - https:\/\/yoast.com\/product\/yoast-seo-wordpress\/ -->\n<title>Clinique d&#039;orthop\u00e9die<\/title>\n<meta name=\"description\" content=\"Une \u00e9quipe de trois chirurgiens orthop\u00e9distes et de technologues orthop\u00e9diques sp\u00e9cialement form\u00e9s op\u00e8rent ce d\u00e9partement tr\u00e8s occup\u00e9 du lundi au vendredi\" \/>\n<meta name=\"robots\" content=\"index, follow, max-snippet:-1, max-image-preview:large, max-video-preview:-1\" \/>\n<link rel=\"canonical\" href=\"https:\/\/nbrhc.on.ca\/fr\/programme-et-services\/cliniques-aux-patients-externes\/clinique-dorthopedie\/\" \/>\n<meta property=\"og:locale\" content=\"fr_FR\" \/>\n<meta property=\"og:type\" content=\"article\" \/>\n<meta property=\"og:title\" content=\"Clinique d&#039;orthop\u00e9die\" \/>\n<meta property=\"og:description\" content=\"Une \u00e9quipe de trois chirurgiens orthop\u00e9distes et de technologues orthop\u00e9diques sp\u00e9cialement form\u00e9s op\u00e8rent ce d\u00e9partement tr\u00e8s occup\u00e9 du lundi au vendredi\" \/>\n<meta property=\"og:url\" content=\"https:\/\/nbrhc.on.ca\/fr\/programme-et-services\/cliniques-aux-patients-externes\/clinique-dorthopedie\/\" \/>\n<meta property=\"og:site_name\" content=\"NBRHC\" \/>\n<meta property=\"article:publisher\" content=\"https:\/\/www.facebook.com\/nbrhc\" \/>\n<meta property=\"article:modified_time\" content=\"2021-10-14T19:15:51+00:00\" \/>\n<meta property=\"og:image\" content=\"https:\/\/nbrhc.on.ca\/wp-content\/uploads\/2015\/07\/icon_col.jpeg\" \/>\n\t<meta property=\"og:image:width\" content=\"619\" \/>\n\t<meta property=\"og:image:height\" content=\"619\" \/>\n\t<meta property=\"og:image:type\" content=\"image\/jpeg\" \/>\n<script type=\"application\/ld+json\" class=\"yoast-schema-graph\">{\"@context\":\"https:\\\/\\\/schema.org\",\"@graph\":[{\"@type\":\"WebPage\",\"@id\":\"https:\\\/\\\/nbrhc.on.ca\\\/fr\\\/programme-et-services\\\/cliniques-aux-patients-externes\\\/clinique-dorthopedie\\\/\",\"url\":\"https:\\\/\\\/nbrhc.on.ca\\\/fr\\\/programme-et-services\\\/cliniques-aux-patients-externes\\\/clinique-dorthopedie\\\/\",\"name\":\"Clinique d'orthop\u00e9die\",\"isPartOf\":{\"@id\":\"https:\\\/\\\/nbrhc.on.ca\\\/#website\"},\"datePublished\":\"2014-03-18T20:33:05+00:00\",\"dateModified\":\"2021-10-14T19:15:51+00:00\",\"description\":\"Une \u00e9quipe de trois chirurgiens orthop\u00e9distes et de technologues orthop\u00e9diques sp\u00e9cialement form\u00e9s op\u00e8rent ce d\u00e9partement tr\u00e8s occup\u00e9 du lundi au vendredi\",\"breadcrumb\":{\"@id\":\"https:\\\/\\\/nbrhc.on.ca\\\/fr\\\/programme-et-services\\\/cliniques-aux-patients-externes\\\/clinique-dorthopedie\\\/#breadcrumb\"},\"inLanguage\":\"fr-FR\",\"potentialAction\":[{\"@type\":\"ReadAction\",\"target\":[\"https:\\\/\\\/nbrhc.on.ca\\\/fr\\\/programme-et-services\\\/cliniques-aux-patients-externes\\\/clinique-dorthopedie\\\/\"]}]},{\"@type\":\"BreadcrumbList\",\"@id\":\"https:\\\/\\\/nbrhc.on.ca\\\/fr\\\/programme-et-services\\\/cliniques-aux-patients-externes\\\/clinique-dorthopedie\\\/#breadcrumb\",\"itemListElement\":[{\"@type\":\"ListItem\",\"position\":1,\"name\":\"Home\",\"item\":\"https:\\\/\\\/nbrhc.on.ca\\\/fr\\\/\"},{\"@type\":\"ListItem\",\"position\":2,\"name\":\"Programmes et services\",\"item\":\"https:\\\/\\\/nbrhc.on.ca\\\/fr\\\/programme-et-services\\\/\"},{\"@type\":\"ListItem\",\"position\":3,\"name\":\"Cliniques aux patients externes\",\"item\":\"https:\\\/\\\/nbrhc.on.ca\\\/fr\\\/programme-et-services\\\/cliniques-aux-patients-externes\\\/\"},{\"@type\":\"ListItem\",\"position\":4,\"name\":\"Clinique d&rsquo;orthop\u00e9die\"}]},{\"@type\":\"WebSite\",\"@id\":\"https:\\\/\\\/nbrhc.on.ca\\\/#website\",\"url\":\"https:\\\/\\\/nbrhc.on.ca\\\/\",\"name\":\"NBRHC\",\"description\":\"North Bay Regional Health Centre\",\"publisher\":{\"@id\":\"https:\\\/\\\/nbrhc.on.ca\\\/#organization\"},\"potentialAction\":[{\"@type\":\"SearchAction\",\"target\":{\"@type\":\"EntryPoint\",\"urlTemplate\":\"https:\\\/\\\/nbrhc.on.ca\\\/?s={search_term_string}\"},\"query-input\":{\"@type\":\"PropertyValueSpecification\",\"valueRequired\":true,\"valueName\":\"search_term_string\"}}],\"inLanguage\":\"fr-FR\"},{\"@type\":\"Organization\",\"@id\":\"https:\\\/\\\/nbrhc.on.ca\\\/#organization\",\"name\":\"North Bay Regional Health Centre\",\"url\":\"https:\\\/\\\/nbrhc.on.ca\\\/\",\"logo\":{\"@type\":\"ImageObject\",\"inLanguage\":\"fr-FR\",\"@id\":\"https:\\\/\\\/nbrhc.on.ca\\\/#\\\/schema\\\/logo\\\/image\\\/\",\"url\":\"https:\\\/\\\/nbrhc.on.ca\\\/wp-content\\\/uploads\\\/2015\\\/07\\\/logo.jpg\",\"contentUrl\":\"https:\\\/\\\/nbrhc.on.ca\\\/wp-content\\\/uploads\\\/2015\\\/07\\\/logo.jpg\",\"width\":870,\"height\":128,\"caption\":\"North Bay Regional Health Centre\"},\"image\":{\"@id\":\"https:\\\/\\\/nbrhc.on.ca\\\/#\\\/schema\\\/logo\\\/image\\\/\"},\"sameAs\":[\"https:\\\/\\\/www.facebook.com\\\/nbrhc\",\"https:\\\/\\\/x.com\\\/NBRHC\",\"https:\\\/\\\/www.linkedin.com\\\/company\\\/north-bay-regional-health-centre-nbrhc\",\"https:\\\/\\\/www.pinterest.com\\\/nbrhc\",\"https:\\\/\\\/www.youtube.com\\\/TheNBRHC\"]}]}<\/script>\n<!-- \/ Yoast SEO plugin. -->","yoast_head_json":{"title":"Clinique d'orthop\u00e9die","description":"Une \u00e9quipe de trois chirurgiens orthop\u00e9distes et de technologues orthop\u00e9diques sp\u00e9cialement form\u00e9s op\u00e8rent ce d\u00e9partement tr\u00e8s occup\u00e9 du lundi au vendredi","robots":{"index":"index","follow":"follow","max-snippet":"max-snippet:-1","max-image-preview":"max-image-preview:large","max-video-preview":"max-video-preview:-1"},"canonical":"https:\/\/nbrhc.on.ca\/fr\/programme-et-services\/cliniques-aux-patients-externes\/clinique-dorthopedie\/","og_locale":"fr_FR","og_type":"article","og_title":"Clinique d'orthop\u00e9die","og_description":"Une \u00e9quipe de trois chirurgiens orthop\u00e9distes et de technologues orthop\u00e9diques sp\u00e9cialement form\u00e9s op\u00e8rent ce d\u00e9partement tr\u00e8s occup\u00e9 du lundi au vendredi","og_url":"https:\/\/nbrhc.on.ca\/fr\/programme-et-services\/cliniques-aux-patients-externes\/clinique-dorthopedie\/","og_site_name":"NBRHC","article_publisher":"https:\/\/www.facebook.com\/nbrhc","article_modified_time":"2021-10-14T19:15:51+00:00","og_image":[{"width":619,"height":619,"url":"https:\/\/nbrhc.on.ca\/wp-content\/uploads\/2015\/07\/icon_col.jpeg","type":"image\/jpeg"}],"schema":{"@context":"https:\/\/schema.org","@graph":[{"@type":"WebPage","@id":"https:\/\/nbrhc.on.ca\/fr\/programme-et-services\/cliniques-aux-patients-externes\/clinique-dorthopedie\/","url":"https:\/\/nbrhc.on.ca\/fr\/programme-et-services\/cliniques-aux-patients-externes\/clinique-dorthopedie\/","name":"Clinique d'orthop\u00e9die","isPartOf":{"@id":"https:\/\/nbrhc.on.ca\/#website"},"datePublished":"2014-03-18T20:33:05+00:00","dateModified":"2021-10-14T19:15:51+00:00","description":"Une \u00e9quipe de trois chirurgiens orthop\u00e9distes et de technologues orthop\u00e9diques sp\u00e9cialement form\u00e9s op\u00e8rent ce d\u00e9partement tr\u00e8s occup\u00e9 du lundi au vendredi","breadcrumb":{"@id":"https:\/\/nbrhc.on.ca\/fr\/programme-et-services\/cliniques-aux-patients-externes\/clinique-dorthopedie\/#breadcrumb"},"inLanguage":"fr-FR","potentialAction":[{"@type":"ReadAction","target":["https:\/\/nbrhc.on.ca\/fr\/programme-et-services\/cliniques-aux-patients-externes\/clinique-dorthopedie\/"]}]},{"@type":"BreadcrumbList","@id":"https:\/\/nbrhc.on.ca\/fr\/programme-et-services\/cliniques-aux-patients-externes\/clinique-dorthopedie\/#breadcrumb","itemListElement":[{"@type":"ListItem","position":1,"name":"Home","item":"https:\/\/nbrhc.on.ca\/fr\/"},{"@type":"ListItem","position":2,"name":"Programmes et services","item":"https:\/\/nbrhc.on.ca\/fr\/programme-et-services\/"},{"@type":"ListItem","position":3,"name":"Cliniques aux patients externes","item":"https:\/\/nbrhc.on.ca\/fr\/programme-et-services\/cliniques-aux-patients-externes\/"},{"@type":"ListItem","position":4,"name":"Clinique d&rsquo;orthop\u00e9die"}]},{"@type":"WebSite","@id":"https:\/\/nbrhc.on.ca\/#website","url":"https:\/\/nbrhc.on.ca\/","name":"NBRHC","description":"North Bay Regional Health Centre","publisher":{"@id":"https:\/\/nbrhc.on.ca\/#organization"},"potentialAction":[{"@type":"SearchAction","target":{"@type":"EntryPoint","urlTemplate":"https:\/\/nbrhc.on.ca\/?s={search_term_string}"},"query-input":{"@type":"PropertyValueSpecification","valueRequired":true,"valueName":"search_term_string"}}],"inLanguage":"fr-FR"},{"@type":"Organization","@id":"https:\/\/nbrhc.on.ca\/#organization","name":"North Bay Regional Health Centre","url":"https:\/\/nbrhc.on.ca\/","logo":{"@type":"ImageObject","inLanguage":"fr-FR","@id":"https:\/\/nbrhc.on.ca\/#\/schema\/logo\/image\/","url":"https:\/\/nbrhc.on.ca\/wp-content\/uploads\/2015\/07\/logo.jpg","contentUrl":"https:\/\/nbrhc.on.ca\/wp-content\/uploads\/2015\/07\/logo.jpg","width":870,"height":128,"caption":"North Bay Regional Health Centre"},"image":{"@id":"https:\/\/nbrhc.on.ca\/#\/schema\/logo\/image\/"},"sameAs":["https:\/\/www.facebook.com\/nbrhc","https:\/\/x.com\/NBRHC","https:\/\/www.linkedin.com\/company\/north-bay-regional-health-centre-nbrhc","https:\/\/www.pinterest.com\/nbrhc","https:\/\/www.youtube.com\/TheNBRHC"]}]}},"_links":{"self":[{"href":"https:\/\/nbrhc.on.ca\/fr\/wp-json\/wp\/v2\/pages\/1665","targetHints":{"allow":["GET"]}}],"collection":[{"href":"https:\/\/nbrhc.on.ca\/fr\/wp-json\/wp\/v2\/pages"}],"about":[{"href":"https:\/\/nbrhc.on.ca\/fr\/wp-json\/wp\/v2\/types\/page"}],"author":[{"embeddable":true,"href":"https:\/\/nbrhc.on.ca\/fr\/wp-json\/wp\/v2\/users\/17"}],"replies":[{"embeddable":true,"href":"https:\/\/nbrhc.on.ca\/fr\/wp-json\/wp\/v2\/comments?post=1665"}],"version-history":[{"count":2,"href":"https:\/\/nbrhc.on.ca\/fr\/wp-json\/wp\/v2\/pages\/1665\/revisions"}],"predecessor-version":[{"id":27886,"href":"https:\/\/nbrhc.on.ca\/fr\/wp-json\/wp\/v2\/pages\/1665\/revisions\/27886"}],"up":[{"embeddable":true,"href":"https:\/\/nbrhc.on.ca\/fr\/wp-json\/wp\/v2\/pages\/4950"}],"wp:attachment":[{"href":"https:\/\/nbrhc.on.ca\/fr\/wp-json\/wp\/v2\/media?parent=1665"}],"wp:term":[{"taxonomy":"post_tag","embeddable":true,"href":"https:\/\/nbrhc.on.ca\/fr\/wp-json\/wp\/v2\/tags?post=1665"}],"curies":[{"name":"wp","href":"https:\/\/api.w.org\/{rel}","templated":true}]}}