{"id":1678,"date":"2014-03-18T16:46:40","date_gmt":"2014-03-18T20:46:40","guid":{"rendered":"http:\/\/www.nbrhc.on.ca\/?page_id=1678"},"modified":"2024-11-08T09:17:37","modified_gmt":"2024-11-08T14:17:37","slug":"pediatrie","status":"publish","type":"page","link":"https:\/\/nbrhc.on.ca\/fr\/programme-et-services\/services-aux-femmes-et-aux-enfants\/pediatrie\/","title":{"rendered":"P\u00e9diatrie"},"content":{"rendered":"<h2>Heures de visite \u2013 p\u00e9diatrie<\/h2>\n<ul>\n<li>Les parents ont acc\u00e8s \u00e0 l\u2019unit\u00e9 24 heures sur 24 pendant la dur\u00e9e du s\u00e9jour de leur enfant; une personne peut y passer la nuit.<\/li>\n<li>Les heures de visite sont de 11 h \u00e0 19 h. Il peut y avoir deux personnes \u00e0 la fois au chevet de l\u2019enfant.<\/li>\n<li>Tous les visiteurs doivent avoir 12 ans ou plus, \u00e0 l\u2019exception des fr\u00e8res et s\u0153urs qui doivent \u00eatre supervis\u00e9s par un adulte en tout temps.<\/li>\n<li>Il pourrait arriver \u00e0 l\u2019occasion que les visites soient limit\u00e9es ou interdites.<\/li>\n<\/ul>\n<hr \/>\n<p>L\u2019Unit\u00e9 de p\u00e9diatrie du Centre r\u00e9gional de sant\u00e9 de North Bay est une unit\u00e9 de six lits qui fournit des services de p\u00e9diatrie et de chirurgie g\u00e9n\u00e9raux aux enfants jusqu&rsquo;\u00e0 leur 18e anniversaire de naissance. L\u2019unit\u00e9 comprend \u00e9galement deux lits de sant\u00e9 mentale pour enfants et adolescents.<\/p>\n<p>Un personnel infirmier qualifi\u00e9, cinq p\u00e9diatres, des m\u00e9decins de famille, un th\u00e9rapeute en loisirs, un travailleur social, une di\u00e9t\u00e9tiste et des pr\u00e9pos\u00e9s aux soins spirituels fournissent des soins aux patients hospitalis\u00e9s ainsi qu\u2019aux patients en consultation externe jusqu\u2019\u00e0 l\u2019\u00e2ge de 17 ans.<\/p>\n<p>L&rsquo;unit\u00e9 est \u00e9galement un centre sp\u00e9cialis\u00e9 de district en p\u00e9diatrie pour les communaut\u00e9s avoisinantes d&rsquo;aussi loin que New Liskeard, au nord, et Huntsville, au sud.<\/p>\n","protected":false},"excerpt":{"rendered":"<p>Heures de visite \u2013 p\u00e9diatrie Les parents ont acc\u00e8s \u00e0 l\u2019unit\u00e9 24 heures sur 24 pendant la dur\u00e9e du s\u00e9jour de leur enfant; une personne peut y passer la nuit. [&hellip;]<\/p>\n","protected":false},"author":17,"featured_media":0,"parent":2043,"menu_order":0,"comment_status":"open","ping_status":"open","template":"","meta":{"_acf_changed":false,"_monsterinsights_skip_tracking":false,"_monsterinsights_sitenote_active":false,"_monsterinsights_sitenote_note":"","_monsterinsights_sitenote_category":0,"footnotes":"","_links_to":"","_links_to_target":"","_wp_rev_ctl_limit":""},"tags":[1390,1426],"class_list":["post-1678","page","type-page","status-publish","hentry","tag-enfants","tag-pediatrie"],"acf":[],"yoast_head":"<!-- This site is optimized with the Yoast SEO plugin v27.4 - https:\/\/yoast.com\/product\/yoast-seo-wordpress\/ -->\n<title>P\u00e9diatrie<\/title>\n<meta name=\"description\" content=\"L&#039;unit\u00e9 p\u00e9diatrique du North Bay Regional Heath Centre offre des services p\u00e9diatriques g\u00e9n\u00e9raux et chirurgicaux aux enfants jusqu&#039;\u00e0 18 ans\" \/>\n<meta name=\"robots\" content=\"index, follow, max-snippet:-1, max-image-preview:large, max-video-preview:-1\" \/>\n<link rel=\"canonical\" href=\"https:\/\/nbrhc.on.ca\/fr\/programme-et-services\/services-aux-femmes-et-aux-enfants\/pediatrie\/\" \/>\n<meta property=\"og:locale\" content=\"fr_FR\" \/>\n<meta property=\"og:type\" content=\"article\" \/>\n<meta property=\"og:title\" content=\"P\u00e9diatrie\" \/>\n<meta property=\"og:description\" content=\"L&#039;unit\u00e9 p\u00e9diatrique du North Bay Regional Heath Centre offre des services p\u00e9diatriques g\u00e9n\u00e9raux et chirurgicaux aux enfants jusqu&#039;\u00e0 18 ans\" \/>\n<meta property=\"og:url\" content=\"https:\/\/nbrhc.on.ca\/fr\/programme-et-services\/services-aux-femmes-et-aux-enfants\/pediatrie\/\" \/>\n<meta property=\"og:site_name\" content=\"NBRHC\" \/>\n<meta property=\"article:publisher\" content=\"https:\/\/www.facebook.com\/nbrhc\" \/>\n<meta property=\"article:modified_time\" content=\"2024-11-08T14:17:37+00:00\" \/>\n<meta property=\"og:image\" content=\"https:\/\/nbrhc.on.ca\/wp-content\/uploads\/2015\/07\/icon_col.jpeg\" \/>\n\t<meta property=\"og:image:width\" content=\"619\" \/>\n\t<meta property=\"og:image:height\" content=\"619\" \/>\n\t<meta property=\"og:image:type\" content=\"image\/jpeg\" \/>\n<meta name=\"twitter:label1\" content=\"Dur\u00e9e de lecture estim\u00e9e\" \/>\n\t<meta name=\"twitter:data1\" content=\"1 minute\" \/>\n<script type=\"application\/ld+json\" class=\"yoast-schema-graph\">{\"@context\":\"https:\\\/\\\/schema.org\",\"@graph\":[{\"@type\":\"WebPage\",\"@id\":\"https:\\\/\\\/nbrhc.on.ca\\\/fr\\\/programme-et-services\\\/services-aux-femmes-et-aux-enfants\\\/pediatrie\\\/\",\"url\":\"https:\\\/\\\/nbrhc.on.ca\\\/fr\\\/programme-et-services\\\/services-aux-femmes-et-aux-enfants\\\/pediatrie\\\/\",\"name\":\"P\u00e9diatrie\",\"isPartOf\":{\"@id\":\"https:\\\/\\\/nbrhc.on.ca\\\/#website\"},\"datePublished\":\"2014-03-18T20:46:40+00:00\",\"dateModified\":\"2024-11-08T14:17:37+00:00\",\"description\":\"L'unit\u00e9 p\u00e9diatrique du North Bay Regional Heath Centre offre des services p\u00e9diatriques g\u00e9n\u00e9raux et chirurgicaux aux enfants jusqu'\u00e0 18 ans\",\"breadcrumb\":{\"@id\":\"https:\\\/\\\/nbrhc.on.ca\\\/fr\\\/programme-et-services\\\/services-aux-femmes-et-aux-enfants\\\/pediatrie\\\/#breadcrumb\"},\"inLanguage\":\"fr-FR\",\"potentialAction\":[{\"@type\":\"ReadAction\",\"target\":[\"https:\\\/\\\/nbrhc.on.ca\\\/fr\\\/programme-et-services\\\/services-aux-femmes-et-aux-enfants\\\/pediatrie\\\/\"]}]},{\"@type\":\"BreadcrumbList\",\"@id\":\"https:\\\/\\\/nbrhc.on.ca\\\/fr\\\/programme-et-services\\\/services-aux-femmes-et-aux-enfants\\\/pediatrie\\\/#breadcrumb\",\"itemListElement\":[{\"@type\":\"ListItem\",\"position\":1,\"name\":\"Home\",\"item\":\"https:\\\/\\\/nbrhc.on.ca\\\/fr\\\/\"},{\"@type\":\"ListItem\",\"position\":2,\"name\":\"Programmes et services\",\"item\":\"https:\\\/\\\/nbrhc.on.ca\\\/fr\\\/programme-et-services\\\/\"},{\"@type\":\"ListItem\",\"position\":3,\"name\":\"Services aux femmes et aux enfants\",\"item\":\"https:\\\/\\\/nbrhc.on.ca\\\/fr\\\/programme-et-services\\\/services-aux-femmes-et-aux-enfants\\\/\"},{\"@type\":\"ListItem\",\"position\":4,\"name\":\"P\u00e9diatrie\"}]},{\"@type\":\"WebSite\",\"@id\":\"https:\\\/\\\/nbrhc.on.ca\\\/#website\",\"url\":\"https:\\\/\\\/nbrhc.on.ca\\\/\",\"name\":\"NBRHC\",\"description\":\"North Bay Regional Health Centre\",\"publisher\":{\"@id\":\"https:\\\/\\\/nbrhc.on.ca\\\/#organization\"},\"potentialAction\":[{\"@type\":\"SearchAction\",\"target\":{\"@type\":\"EntryPoint\",\"urlTemplate\":\"https:\\\/\\\/nbrhc.on.ca\\\/?s={search_term_string}\"},\"query-input\":{\"@type\":\"PropertyValueSpecification\",\"valueRequired\":true,\"valueName\":\"search_term_string\"}}],\"inLanguage\":\"fr-FR\"},{\"@type\":\"Organization\",\"@id\":\"https:\\\/\\\/nbrhc.on.ca\\\/#organization\",\"name\":\"North Bay Regional Health Centre\",\"url\":\"https:\\\/\\\/nbrhc.on.ca\\\/\",\"logo\":{\"@type\":\"ImageObject\",\"inLanguage\":\"fr-FR\",\"@id\":\"https:\\\/\\\/nbrhc.on.ca\\\/#\\\/schema\\\/logo\\\/image\\\/\",\"url\":\"https:\\\/\\\/nbrhc.on.ca\\\/wp-content\\\/uploads\\\/2015\\\/07\\\/logo.jpg\",\"contentUrl\":\"https:\\\/\\\/nbrhc.on.ca\\\/wp-content\\\/uploads\\\/2015\\\/07\\\/logo.jpg\",\"width\":870,\"height\":128,\"caption\":\"North Bay Regional Health Centre\"},\"image\":{\"@id\":\"https:\\\/\\\/nbrhc.on.ca\\\/#\\\/schema\\\/logo\\\/image\\\/\"},\"sameAs\":[\"https:\\\/\\\/www.facebook.com\\\/nbrhc\",\"https:\\\/\\\/x.com\\\/NBRHC\",\"https:\\\/\\\/www.linkedin.com\\\/company\\\/north-bay-regional-health-centre-nbrhc\",\"https:\\\/\\\/www.pinterest.com\\\/nbrhc\",\"https:\\\/\\\/www.youtube.com\\\/TheNBRHC\"]}]}<\/script>\n<!-- \/ Yoast SEO plugin. -->","yoast_head_json":{"title":"P\u00e9diatrie","description":"L'unit\u00e9 p\u00e9diatrique du North Bay Regional Heath Centre offre des services p\u00e9diatriques g\u00e9n\u00e9raux et chirurgicaux aux enfants jusqu'\u00e0 18 ans","robots":{"index":"index","follow":"follow","max-snippet":"max-snippet:-1","max-image-preview":"max-image-preview:large","max-video-preview":"max-video-preview:-1"},"canonical":"https:\/\/nbrhc.on.ca\/fr\/programme-et-services\/services-aux-femmes-et-aux-enfants\/pediatrie\/","og_locale":"fr_FR","og_type":"article","og_title":"P\u00e9diatrie","og_description":"L'unit\u00e9 p\u00e9diatrique du North Bay Regional Heath Centre offre des services p\u00e9diatriques g\u00e9n\u00e9raux et chirurgicaux aux enfants jusqu'\u00e0 18 ans","og_url":"https:\/\/nbrhc.on.ca\/fr\/programme-et-services\/services-aux-femmes-et-aux-enfants\/pediatrie\/","og_site_name":"NBRHC","article_publisher":"https:\/\/www.facebook.com\/nbrhc","article_modified_time":"2024-11-08T14:17:37+00:00","og_image":[{"width":619,"height":619,"url":"https:\/\/nbrhc.on.ca\/wp-content\/uploads\/2015\/07\/icon_col.jpeg","type":"image\/jpeg"}],"twitter_misc":{"Dur\u00e9e de lecture estim\u00e9e":"1 minute"},"schema":{"@context":"https:\/\/schema.org","@graph":[{"@type":"WebPage","@id":"https:\/\/nbrhc.on.ca\/fr\/programme-et-services\/services-aux-femmes-et-aux-enfants\/pediatrie\/","url":"https:\/\/nbrhc.on.ca\/fr\/programme-et-services\/services-aux-femmes-et-aux-enfants\/pediatrie\/","name":"P\u00e9diatrie","isPartOf":{"@id":"https:\/\/nbrhc.on.ca\/#website"},"datePublished":"2014-03-18T20:46:40+00:00","dateModified":"2024-11-08T14:17:37+00:00","description":"L'unit\u00e9 p\u00e9diatrique du North Bay Regional Heath Centre offre des services p\u00e9diatriques g\u00e9n\u00e9raux et chirurgicaux aux enfants jusqu'\u00e0 18 ans","breadcrumb":{"@id":"https:\/\/nbrhc.on.ca\/fr\/programme-et-services\/services-aux-femmes-et-aux-enfants\/pediatrie\/#breadcrumb"},"inLanguage":"fr-FR","potentialAction":[{"@type":"ReadAction","target":["https:\/\/nbrhc.on.ca\/fr\/programme-et-services\/services-aux-femmes-et-aux-enfants\/pediatrie\/"]}]},{"@type":"BreadcrumbList","@id":"https:\/\/nbrhc.on.ca\/fr\/programme-et-services\/services-aux-femmes-et-aux-enfants\/pediatrie\/#breadcrumb","itemListElement":[{"@type":"ListItem","position":1,"name":"Home","item":"https:\/\/nbrhc.on.ca\/fr\/"},{"@type":"ListItem","position":2,"name":"Programmes et services","item":"https:\/\/nbrhc.on.ca\/fr\/programme-et-services\/"},{"@type":"ListItem","position":3,"name":"Services aux femmes et aux enfants","item":"https:\/\/nbrhc.on.ca\/fr\/programme-et-services\/services-aux-femmes-et-aux-enfants\/"},{"@type":"ListItem","position":4,"name":"P\u00e9diatrie"}]},{"@type":"WebSite","@id":"https:\/\/nbrhc.on.ca\/#website","url":"https:\/\/nbrhc.on.ca\/","name":"NBRHC","description":"North Bay Regional Health Centre","publisher":{"@id":"https:\/\/nbrhc.on.ca\/#organization"},"potentialAction":[{"@type":"SearchAction","target":{"@type":"EntryPoint","urlTemplate":"https:\/\/nbrhc.on.ca\/?s={search_term_string}"},"query-input":{"@type":"PropertyValueSpecification","valueRequired":true,"valueName":"search_term_string"}}],"inLanguage":"fr-FR"},{"@type":"Organization","@id":"https:\/\/nbrhc.on.ca\/#organization","name":"North Bay Regional Health Centre","url":"https:\/\/nbrhc.on.ca\/","logo":{"@type":"ImageObject","inLanguage":"fr-FR","@id":"https:\/\/nbrhc.on.ca\/#\/schema\/logo\/image\/","url":"https:\/\/nbrhc.on.ca\/wp-content\/uploads\/2015\/07\/logo.jpg","contentUrl":"https:\/\/nbrhc.on.ca\/wp-content\/uploads\/2015\/07\/logo.jpg","width":870,"height":128,"caption":"North Bay Regional Health Centre"},"image":{"@id":"https:\/\/nbrhc.on.ca\/#\/schema\/logo\/image\/"},"sameAs":["https:\/\/www.facebook.com\/nbrhc","https:\/\/x.com\/NBRHC","https:\/\/www.linkedin.com\/company\/north-bay-regional-health-centre-nbrhc","https:\/\/www.pinterest.com\/nbrhc","https:\/\/www.youtube.com\/TheNBRHC"]}]}},"_links":{"self":[{"href":"https:\/\/nbrhc.on.ca\/fr\/wp-json\/wp\/v2\/pages\/1678","targetHints":{"allow":["GET"]}}],"collection":[{"href":"https:\/\/nbrhc.on.ca\/fr\/wp-json\/wp\/v2\/pages"}],"about":[{"href":"https:\/\/nbrhc.on.ca\/fr\/wp-json\/wp\/v2\/types\/page"}],"author":[{"embeddable":true,"href":"https:\/\/nbrhc.on.ca\/fr\/wp-json\/wp\/v2\/users\/17"}],"replies":[{"embeddable":true,"href":"https:\/\/nbrhc.on.ca\/fr\/wp-json\/wp\/v2\/comments?post=1678"}],"version-history":[{"count":5,"href":"https:\/\/nbrhc.on.ca\/fr\/wp-json\/wp\/v2\/pages\/1678\/revisions"}],"predecessor-version":[{"id":41932,"href":"https:\/\/nbrhc.on.ca\/fr\/wp-json\/wp\/v2\/pages\/1678\/revisions\/41932"}],"up":[{"embeddable":true,"href":"https:\/\/nbrhc.on.ca\/fr\/wp-json\/wp\/v2\/pages\/2043"}],"wp:attachment":[{"href":"https:\/\/nbrhc.on.ca\/fr\/wp-json\/wp\/v2\/media?parent=1678"}],"wp:term":[{"taxonomy":"post_tag","embeddable":true,"href":"https:\/\/nbrhc.on.ca\/fr\/wp-json\/wp\/v2\/tags?post=1678"}],"curies":[{"name":"wp","href":"https:\/\/api.w.org\/{rel}","templated":true}]}}