{"id":1682,"date":"2014-03-18T16:49:06","date_gmt":"2014-03-18T20:49:06","guid":{"rendered":"http:\/\/www.nbrhc.on.ca\/?page_id=1682"},"modified":"2022-01-18T11:16:18","modified_gmt":"2022-01-18T16:16:18","slug":"pharmacie","status":"publish","type":"page","link":"https:\/\/nbrhc.on.ca\/fr\/programme-et-services\/services-medicaux\/pharmacie\/","title":{"rendered":"Pharmacie interne"},"content":{"rendered":"<p>La pharmacie s\u2019occupe d\u2019obtenir, de conserver, de pr\u00e9parer et de distribuer tous les m\u00e9dicaments pour les patients hospitalis\u00e9s et en consultation externe. Notre objectif est de disposer d\u2019un syst\u00e8me de distribution des m\u00e9dicaments s\u00fbr, s\u00e9curis\u00e9, fiable et efficient. La distribution de m\u00e9dicaments est assur\u00e9e par des assistants en pharmacie, des techniciens en pharmacie agr\u00e9\u00e9s et des pharmaciens.<\/p>\n<p>Les pharmaciens fournissent \u00e9galement des soins directs aux patients en veillant \u00e0 la s\u00e9lection, \u00e0 l\u2019utilisation et \u00e0 la gestion appropri\u00e9es des m\u00e9dicaments. Ils constituent une source d\u2019information sur les m\u00e9dicaments pour les patients et leur famille ainsi que pour les membres de l\u2019\u00e9quipe de soins de sant\u00e9.<\/p>\n<p>Services offerts par la pharmacie\u00a0: cabinets de distribution automatis\u00e9e des m\u00e9dicaments (CDA), service de distribution de m\u00e9dicaments dans les unit\u00e9s non munies de CDA, programme de pr\u00e9paration centralis\u00e9e d\u2019additifs intraveineux, bilan comparatif des m\u00e9dicaments, clinique satellite de chimioth\u00e9rapie, dosage unitaire et information sur les m\u00e9dicaments.<\/p>\n<p>Les services de pharmacie sont offerts de 7\u00a0h \u00e0 22 h du lundi au vendredi et de 7\u00a0h \u00e0 19 h les fins de semaine et les jours f\u00e9ri\u00e9s. Apr\u00e8s les heures d\u2019ouverture, des services de pharmacie sont assur\u00e9s par un pharmacien de garde.<\/p>\n<p><span style=\"text-decoration: underline;\"><strong><a href=\"\/fr\/patients-et-visiteurs\/les-visites-a-lhopital\/pharmacie-regionale-de-north-bay\/\">Cliquez ici pour des informations sur la pharmacie communautaire.<\/a><\/strong><\/span><\/p>\n","protected":false},"excerpt":{"rendered":"<p>La pharmacie s\u2019occupe d\u2019obtenir, de conserver, de pr\u00e9parer et de distribuer tous les m\u00e9dicaments pour les patients hospitalis\u00e9s et en consultation externe. Notre objectif est de disposer d\u2019un syst\u00e8me de [&hellip;]<\/p>\n","protected":false},"author":17,"featured_media":0,"parent":1650,"menu_order":0,"comment_status":"open","ping_status":"closed","template":"","meta":{"_acf_changed":false,"_monsterinsights_skip_tracking":false,"_monsterinsights_sitenote_active":false,"_monsterinsights_sitenote_note":"","_monsterinsights_sitenote_category":0,"footnotes":"","_links_to":"","_links_to_target":"","_wp_rev_ctl_limit":""},"tags":[794,795,796],"class_list":["post-1682","page","type-page","status-publish","hentry","tag-pharmacie","tag-pharmaciens","tag-services-de-pharmacie"],"acf":[],"yoast_head":"<!-- This site is optimized with the Yoast SEO plugin v27.4 - https:\/\/yoast.com\/product\/yoast-seo-wordpress\/ -->\n<title>Pharmacie<\/title>\n<meta name=\"description\" content=\"La pharmacie interne obtient, stocke, pr\u00e9pare et distribue tous les m\u00e9dicaments pour les patients de l&#039;h\u00f4pital et des cliniques externes\" \/>\n<meta name=\"robots\" content=\"index, follow, max-snippet:-1, max-image-preview:large, max-video-preview:-1\" \/>\n<link rel=\"canonical\" href=\"https:\/\/nbrhc.on.ca\/fr\/programme-et-services\/services-medicaux\/pharmacie\/\" \/>\n<meta property=\"og:locale\" content=\"fr_FR\" \/>\n<meta property=\"og:type\" content=\"article\" \/>\n<meta property=\"og:title\" content=\"Pharmacie\" \/>\n<meta property=\"og:description\" content=\"La pharmacie interne obtient, stocke, pr\u00e9pare et distribue tous les m\u00e9dicaments pour les patients de l&#039;h\u00f4pital et des cliniques externes\" \/>\n<meta property=\"og:url\" content=\"https:\/\/nbrhc.on.ca\/fr\/programme-et-services\/services-medicaux\/pharmacie\/\" \/>\n<meta property=\"og:site_name\" content=\"NBRHC\" \/>\n<meta property=\"article:publisher\" content=\"https:\/\/www.facebook.com\/nbrhc\" \/>\n<meta property=\"article:modified_time\" content=\"2022-01-18T16:16:18+00:00\" \/>\n<meta property=\"og:image\" content=\"https:\/\/nbrhc.on.ca\/wp-content\/uploads\/2015\/07\/icon_col.jpeg\" \/>\n\t<meta property=\"og:image:width\" content=\"619\" \/>\n\t<meta property=\"og:image:height\" content=\"619\" \/>\n\t<meta property=\"og:image:type\" content=\"image\/jpeg\" \/>\n<meta name=\"twitter:label1\" content=\"Dur\u00e9e de lecture estim\u00e9e\" \/>\n\t<meta name=\"twitter:data1\" content=\"1 minute\" \/>\n<script type=\"application\/ld+json\" class=\"yoast-schema-graph\">{\"@context\":\"https:\\\/\\\/schema.org\",\"@graph\":[{\"@type\":\"WebPage\",\"@id\":\"https:\\\/\\\/nbrhc.on.ca\\\/fr\\\/programme-et-services\\\/services-medicaux\\\/pharmacie\\\/\",\"url\":\"https:\\\/\\\/nbrhc.on.ca\\\/fr\\\/programme-et-services\\\/services-medicaux\\\/pharmacie\\\/\",\"name\":\"Pharmacie\",\"isPartOf\":{\"@id\":\"https:\\\/\\\/nbrhc.on.ca\\\/#website\"},\"datePublished\":\"2014-03-18T20:49:06+00:00\",\"dateModified\":\"2022-01-18T16:16:18+00:00\",\"description\":\"La pharmacie interne obtient, stocke, pr\u00e9pare et distribue tous les m\u00e9dicaments pour les patients de l'h\u00f4pital et des cliniques externes\",\"breadcrumb\":{\"@id\":\"https:\\\/\\\/nbrhc.on.ca\\\/fr\\\/programme-et-services\\\/services-medicaux\\\/pharmacie\\\/#breadcrumb\"},\"inLanguage\":\"fr-FR\",\"potentialAction\":[{\"@type\":\"ReadAction\",\"target\":[\"https:\\\/\\\/nbrhc.on.ca\\\/fr\\\/programme-et-services\\\/services-medicaux\\\/pharmacie\\\/\"]}]},{\"@type\":\"BreadcrumbList\",\"@id\":\"https:\\\/\\\/nbrhc.on.ca\\\/fr\\\/programme-et-services\\\/services-medicaux\\\/pharmacie\\\/#breadcrumb\",\"itemListElement\":[{\"@type\":\"ListItem\",\"position\":1,\"name\":\"Home\",\"item\":\"https:\\\/\\\/nbrhc.on.ca\\\/fr\\\/\"},{\"@type\":\"ListItem\",\"position\":2,\"name\":\"Programmes et services\",\"item\":\"https:\\\/\\\/nbrhc.on.ca\\\/fr\\\/programme-et-services\\\/\"},{\"@type\":\"ListItem\",\"position\":3,\"name\":\"Services m\u00e9dicaux\",\"item\":\"https:\\\/\\\/nbrhc.on.ca\\\/fr\\\/programme-et-services\\\/services-medicaux\\\/\"},{\"@type\":\"ListItem\",\"position\":4,\"name\":\"Pharmacie interne\"}]},{\"@type\":\"WebSite\",\"@id\":\"https:\\\/\\\/nbrhc.on.ca\\\/#website\",\"url\":\"https:\\\/\\\/nbrhc.on.ca\\\/\",\"name\":\"NBRHC\",\"description\":\"North Bay Regional Health Centre\",\"publisher\":{\"@id\":\"https:\\\/\\\/nbrhc.on.ca\\\/#organization\"},\"potentialAction\":[{\"@type\":\"SearchAction\",\"target\":{\"@type\":\"EntryPoint\",\"urlTemplate\":\"https:\\\/\\\/nbrhc.on.ca\\\/?s={search_term_string}\"},\"query-input\":{\"@type\":\"PropertyValueSpecification\",\"valueRequired\":true,\"valueName\":\"search_term_string\"}}],\"inLanguage\":\"fr-FR\"},{\"@type\":\"Organization\",\"@id\":\"https:\\\/\\\/nbrhc.on.ca\\\/#organization\",\"name\":\"North Bay Regional Health Centre\",\"url\":\"https:\\\/\\\/nbrhc.on.ca\\\/\",\"logo\":{\"@type\":\"ImageObject\",\"inLanguage\":\"fr-FR\",\"@id\":\"https:\\\/\\\/nbrhc.on.ca\\\/#\\\/schema\\\/logo\\\/image\\\/\",\"url\":\"https:\\\/\\\/nbrhc.on.ca\\\/wp-content\\\/uploads\\\/2015\\\/07\\\/logo.jpg\",\"contentUrl\":\"https:\\\/\\\/nbrhc.on.ca\\\/wp-content\\\/uploads\\\/2015\\\/07\\\/logo.jpg\",\"width\":870,\"height\":128,\"caption\":\"North Bay Regional Health Centre\"},\"image\":{\"@id\":\"https:\\\/\\\/nbrhc.on.ca\\\/#\\\/schema\\\/logo\\\/image\\\/\"},\"sameAs\":[\"https:\\\/\\\/www.facebook.com\\\/nbrhc\",\"https:\\\/\\\/x.com\\\/NBRHC\",\"https:\\\/\\\/www.linkedin.com\\\/company\\\/north-bay-regional-health-centre-nbrhc\",\"https:\\\/\\\/www.pinterest.com\\\/nbrhc\",\"https:\\\/\\\/www.youtube.com\\\/TheNBRHC\"]}]}<\/script>\n<!-- \/ Yoast SEO plugin. -->","yoast_head_json":{"title":"Pharmacie","description":"La pharmacie interne obtient, stocke, pr\u00e9pare et distribue tous les m\u00e9dicaments pour les patients de l'h\u00f4pital et des cliniques externes","robots":{"index":"index","follow":"follow","max-snippet":"max-snippet:-1","max-image-preview":"max-image-preview:large","max-video-preview":"max-video-preview:-1"},"canonical":"https:\/\/nbrhc.on.ca\/fr\/programme-et-services\/services-medicaux\/pharmacie\/","og_locale":"fr_FR","og_type":"article","og_title":"Pharmacie","og_description":"La pharmacie interne obtient, stocke, pr\u00e9pare et distribue tous les m\u00e9dicaments pour les patients de l'h\u00f4pital et des cliniques externes","og_url":"https:\/\/nbrhc.on.ca\/fr\/programme-et-services\/services-medicaux\/pharmacie\/","og_site_name":"NBRHC","article_publisher":"https:\/\/www.facebook.com\/nbrhc","article_modified_time":"2022-01-18T16:16:18+00:00","og_image":[{"width":619,"height":619,"url":"https:\/\/nbrhc.on.ca\/wp-content\/uploads\/2015\/07\/icon_col.jpeg","type":"image\/jpeg"}],"twitter_misc":{"Dur\u00e9e de lecture estim\u00e9e":"1 minute"},"schema":{"@context":"https:\/\/schema.org","@graph":[{"@type":"WebPage","@id":"https:\/\/nbrhc.on.ca\/fr\/programme-et-services\/services-medicaux\/pharmacie\/","url":"https:\/\/nbrhc.on.ca\/fr\/programme-et-services\/services-medicaux\/pharmacie\/","name":"Pharmacie","isPartOf":{"@id":"https:\/\/nbrhc.on.ca\/#website"},"datePublished":"2014-03-18T20:49:06+00:00","dateModified":"2022-01-18T16:16:18+00:00","description":"La pharmacie interne obtient, stocke, pr\u00e9pare et distribue tous les m\u00e9dicaments pour les patients de l'h\u00f4pital et des cliniques externes","breadcrumb":{"@id":"https:\/\/nbrhc.on.ca\/fr\/programme-et-services\/services-medicaux\/pharmacie\/#breadcrumb"},"inLanguage":"fr-FR","potentialAction":[{"@type":"ReadAction","target":["https:\/\/nbrhc.on.ca\/fr\/programme-et-services\/services-medicaux\/pharmacie\/"]}]},{"@type":"BreadcrumbList","@id":"https:\/\/nbrhc.on.ca\/fr\/programme-et-services\/services-medicaux\/pharmacie\/#breadcrumb","itemListElement":[{"@type":"ListItem","position":1,"name":"Home","item":"https:\/\/nbrhc.on.ca\/fr\/"},{"@type":"ListItem","position":2,"name":"Programmes et services","item":"https:\/\/nbrhc.on.ca\/fr\/programme-et-services\/"},{"@type":"ListItem","position":3,"name":"Services m\u00e9dicaux","item":"https:\/\/nbrhc.on.ca\/fr\/programme-et-services\/services-medicaux\/"},{"@type":"ListItem","position":4,"name":"Pharmacie interne"}]},{"@type":"WebSite","@id":"https:\/\/nbrhc.on.ca\/#website","url":"https:\/\/nbrhc.on.ca\/","name":"NBRHC","description":"North Bay Regional Health Centre","publisher":{"@id":"https:\/\/nbrhc.on.ca\/#organization"},"potentialAction":[{"@type":"SearchAction","target":{"@type":"EntryPoint","urlTemplate":"https:\/\/nbrhc.on.ca\/?s={search_term_string}"},"query-input":{"@type":"PropertyValueSpecification","valueRequired":true,"valueName":"search_term_string"}}],"inLanguage":"fr-FR"},{"@type":"Organization","@id":"https:\/\/nbrhc.on.ca\/#organization","name":"North Bay Regional Health Centre","url":"https:\/\/nbrhc.on.ca\/","logo":{"@type":"ImageObject","inLanguage":"fr-FR","@id":"https:\/\/nbrhc.on.ca\/#\/schema\/logo\/image\/","url":"https:\/\/nbrhc.on.ca\/wp-content\/uploads\/2015\/07\/logo.jpg","contentUrl":"https:\/\/nbrhc.on.ca\/wp-content\/uploads\/2015\/07\/logo.jpg","width":870,"height":128,"caption":"North Bay Regional Health Centre"},"image":{"@id":"https:\/\/nbrhc.on.ca\/#\/schema\/logo\/image\/"},"sameAs":["https:\/\/www.facebook.com\/nbrhc","https:\/\/x.com\/NBRHC","https:\/\/www.linkedin.com\/company\/north-bay-regional-health-centre-nbrhc","https:\/\/www.pinterest.com\/nbrhc","https:\/\/www.youtube.com\/TheNBRHC"]}]}},"_links":{"self":[{"href":"https:\/\/nbrhc.on.ca\/fr\/wp-json\/wp\/v2\/pages\/1682","targetHints":{"allow":["GET"]}}],"collection":[{"href":"https:\/\/nbrhc.on.ca\/fr\/wp-json\/wp\/v2\/pages"}],"about":[{"href":"https:\/\/nbrhc.on.ca\/fr\/wp-json\/wp\/v2\/types\/page"}],"author":[{"embeddable":true,"href":"https:\/\/nbrhc.on.ca\/fr\/wp-json\/wp\/v2\/users\/17"}],"replies":[{"embeddable":true,"href":"https:\/\/nbrhc.on.ca\/fr\/wp-json\/wp\/v2\/comments?post=1682"}],"version-history":[{"count":1,"href":"https:\/\/nbrhc.on.ca\/fr\/wp-json\/wp\/v2\/pages\/1682\/revisions"}],"predecessor-version":[{"id":25104,"href":"https:\/\/nbrhc.on.ca\/fr\/wp-json\/wp\/v2\/pages\/1682\/revisions\/25104"}],"up":[{"embeddable":true,"href":"https:\/\/nbrhc.on.ca\/fr\/wp-json\/wp\/v2\/pages\/1650"}],"wp:attachment":[{"href":"https:\/\/nbrhc.on.ca\/fr\/wp-json\/wp\/v2\/media?parent=1682"}],"wp:term":[{"taxonomy":"post_tag","embeddable":true,"href":"https:\/\/nbrhc.on.ca\/fr\/wp-json\/wp\/v2\/tags?post=1682"}],"curies":[{"name":"wp","href":"https:\/\/api.w.org\/{rel}","templated":true}]}}