{"id":1686,"date":"2014-03-18T16:51:35","date_gmt":"2014-03-18T20:51:35","guid":{"rendered":"http:\/\/www.nbrhc.on.ca\/?page_id=1686"},"modified":"2024-11-19T09:35:41","modified_gmt":"2024-11-19T14:35:41","slug":"clinique-de-preadmission","status":"publish","type":"page","link":"https:\/\/nbrhc.on.ca\/fr\/programme-et-services\/services-chirurgicaux-apercu\/clinique-de-preadmission\/","title":{"rendered":"Clinique de pr\u00e9admission"},"content":{"rendered":"<p>\u00c0 la Clinique de pr\u00e9admission, on \u00e9value les adultes et les enfants ayant besoin d&rsquo;une intervention chirurgicale. On veut s&rsquo;assurer que les gens sont bien pr\u00e9par\u00e9s \u00e0 l&rsquo;intervention.<\/p>\n<p>Les rendez-vous sont fix\u00e9s par le centre des rendez-vous (poste 4907) avant une intervention. Dans certains cas, il est fait le jour, la semaine ou le mois qui pr\u00e9c\u00e8de la date de l&rsquo;op\u00e9ration. La visite \u00e0 la Clinique de pr\u00e9admission dure d&rsquo;une \u00e0 trois heures selon le type de pr\u00e9paration n\u00e9cessaire. On peut alors effectuer les analyses sanguines, les cardiogrammes et les radiographies, ou un deuxi\u00e8me rendez-vous sera n\u00e9cessaire. En outre, on y informe les patientes et patients sur l&rsquo;intervention. On les invite \u00e0 \u00eatre accompagn\u00e9s d&rsquo;un membre de la famille ou d&rsquo;un ami lors de leur rendez-vous.<\/p>\n<p>Voici les services y \u00e9tant offerts :<\/p>\n<ul>\n<li>L&rsquo;infirmi\u00e8re ou l&rsquo;infirmier pose des questions aux gens sur leur \u00e9tat de sant\u00e9.<\/li>\n<li>L&rsquo;infirmi\u00e8re les informe sur l&rsquo;intervention, sur ce qui se passera, et on leur indique ce qu&rsquo;ils doivent absolument savoir.<\/li>\n<li>Elle leur parle des soins prodigu\u00e9s avant et pendant l&rsquo;hospitalisation.<\/li>\n<li>Elle leur transmet des directives concernant les m\u00e9dicaments (le cas \u00e9ch\u00e9ant) et leur posologie avant l&rsquo;op\u00e9ration chirurgicale.<\/li>\n<li>Elle proc\u00e8de \u00e0 des analyses sanguines, \u00e0 des radiographies et \u00e0 des \u00e9lectrocardiogrammes.<\/li>\n<li>Elle consulte des m\u00e9decins sp\u00e9cialistes comme une anesth\u00e9siologiste un interniste.<\/li>\n<li>Elle consulte la coordonnatrice ou le coordonnateur de la conservation du sang.<\/li>\n<\/ul>\n<p><strong>Renseignements suppl\u00e9mentaires<\/strong><\/p>\n<p>Veuillez apporter votre carte Sant\u00e9 de l&rsquo;Ontario, la trousse remplie et tous vos m\u00e9dicaments dans leur contenant d&rsquo;origine. <a href=\"\/wp-content\/uploads\/2016\/11\/RHC-2022-FR-Sep-2015.pdf\" target=\"_blank\" rel=\"noopener\">Savoir comment vous pr\u00e9parer pour votre chirurgie<\/a>.<\/p>\n<p><iframe loading=\"lazy\" title=\"Une nouvelle vid\u00e9o offerte au Centre r\u00e9gional de sant\u00e9 de North Bay (CRSNB) donne un aper\u00e7u de l\u2019exp\u00e9rience chirurgicale afin de rassurer les jeunes patients et leur famille avant une op\u00e9ration\" width=\"489\" height=\"275\" frameborder=\"0\" src=\"https:\/\/www.youtube.com\/embed\/5dAuK8VERWU?rel=0\"><\/iframe><\/p>\n<p><em>Seulement disponible en anglais.<\/em><\/p>\n","protected":false},"excerpt":{"rendered":"<p>\u00c0 la Clinique de pr\u00e9admission, on \u00e9value les adultes et les enfants ayant besoin d&rsquo;une intervention chirurgicale. On veut s&rsquo;assurer que les gens sont bien pr\u00e9par\u00e9s \u00e0 l&rsquo;intervention. Les rendez-vous [&hellip;]<\/p>\n","protected":false},"author":17,"featured_media":0,"parent":3609,"menu_order":0,"comment_status":"open","ping_status":"closed","template":"","meta":{"_acf_changed":false,"_monsterinsights_skip_tracking":false,"_monsterinsights_sitenote_active":false,"_monsterinsights_sitenote_note":"","_monsterinsights_sitenote_category":0,"footnotes":"","_links_to":"","_links_to_target":"","_wp_rev_ctl_limit":""},"tags":[1366,1367,1787],"class_list":["post-1686","page","type-page","status-publish","hentry","tag-clinique-de-preadmission","tag-preadmission","tag-psychyatrique"],"acf":[],"yoast_head":"<!-- This site is optimized with the Yoast SEO plugin v27.4 - https:\/\/yoast.com\/product\/yoast-seo-wordpress\/ -->\n<title>Clinique de pr\u00e9admission<\/title>\n<meta name=\"description\" content=\"La Clinique de pr\u00e9admission offre une \u00e9valuation pr\u00e9op\u00e9ratoire aux patients n\u00e9cessitant une intervention chirurgicale afin de les pr\u00e9parer \u00e0 leur chirurgie\" \/>\n<meta name=\"robots\" content=\"index, follow, max-snippet:-1, max-image-preview:large, max-video-preview:-1\" \/>\n<link rel=\"canonical\" href=\"https:\/\/nbrhc.on.ca\/fr\/programme-et-services\/services-chirurgicaux-apercu\/clinique-de-preadmission\/\" \/>\n<meta property=\"og:locale\" content=\"fr_FR\" \/>\n<meta property=\"og:type\" content=\"article\" \/>\n<meta property=\"og:title\" content=\"Clinique de pr\u00e9admission\" \/>\n<meta property=\"og:description\" content=\"La Clinique de pr\u00e9admission offre une \u00e9valuation pr\u00e9op\u00e9ratoire aux patients n\u00e9cessitant une intervention chirurgicale afin de les pr\u00e9parer \u00e0 leur chirurgie\" \/>\n<meta property=\"og:url\" content=\"https:\/\/nbrhc.on.ca\/fr\/programme-et-services\/services-chirurgicaux-apercu\/clinique-de-preadmission\/\" \/>\n<meta property=\"og:site_name\" content=\"NBRHC\" \/>\n<meta property=\"article:publisher\" content=\"https:\/\/www.facebook.com\/nbrhc\" \/>\n<meta property=\"article:modified_time\" content=\"2024-11-19T14:35:41+00:00\" \/>\n<meta property=\"og:image\" content=\"https:\/\/nbrhc.on.ca\/wp-content\/uploads\/2015\/07\/icon_col.jpeg\" \/>\n\t<meta property=\"og:image:width\" content=\"619\" \/>\n\t<meta property=\"og:image:height\" content=\"619\" \/>\n\t<meta property=\"og:image:type\" content=\"image\/jpeg\" \/>\n<meta name=\"twitter:label1\" content=\"Dur\u00e9e de lecture estim\u00e9e\" \/>\n\t<meta name=\"twitter:data1\" content=\"2 minutes\" \/>\n<script type=\"application\/ld+json\" class=\"yoast-schema-graph\">{\"@context\":\"https:\\\/\\\/schema.org\",\"@graph\":[{\"@type\":\"WebPage\",\"@id\":\"https:\\\/\\\/nbrhc.on.ca\\\/fr\\\/programme-et-services\\\/services-chirurgicaux-apercu\\\/clinique-de-preadmission\\\/\",\"url\":\"https:\\\/\\\/nbrhc.on.ca\\\/fr\\\/programme-et-services\\\/services-chirurgicaux-apercu\\\/clinique-de-preadmission\\\/\",\"name\":\"Clinique de pr\u00e9admission\",\"isPartOf\":{\"@id\":\"https:\\\/\\\/nbrhc.on.ca\\\/#website\"},\"datePublished\":\"2014-03-18T20:51:35+00:00\",\"dateModified\":\"2024-11-19T14:35:41+00:00\",\"description\":\"La Clinique de pr\u00e9admission offre une \u00e9valuation pr\u00e9op\u00e9ratoire aux patients n\u00e9cessitant une intervention chirurgicale afin de les pr\u00e9parer \u00e0 leur chirurgie\",\"breadcrumb\":{\"@id\":\"https:\\\/\\\/nbrhc.on.ca\\\/fr\\\/programme-et-services\\\/services-chirurgicaux-apercu\\\/clinique-de-preadmission\\\/#breadcrumb\"},\"inLanguage\":\"fr-FR\",\"potentialAction\":[{\"@type\":\"ReadAction\",\"target\":[\"https:\\\/\\\/nbrhc.on.ca\\\/fr\\\/programme-et-services\\\/services-chirurgicaux-apercu\\\/clinique-de-preadmission\\\/\"]}]},{\"@type\":\"BreadcrumbList\",\"@id\":\"https:\\\/\\\/nbrhc.on.ca\\\/fr\\\/programme-et-services\\\/services-chirurgicaux-apercu\\\/clinique-de-preadmission\\\/#breadcrumb\",\"itemListElement\":[{\"@type\":\"ListItem\",\"position\":1,\"name\":\"Home\",\"item\":\"https:\\\/\\\/nbrhc.on.ca\\\/fr\\\/\"},{\"@type\":\"ListItem\",\"position\":2,\"name\":\"Programmes et services\",\"item\":\"https:\\\/\\\/nbrhc.on.ca\\\/fr\\\/programme-et-services\\\/\"},{\"@type\":\"ListItem\",\"position\":3,\"name\":\"Services chirurgicaux\",\"item\":\"https:\\\/\\\/nbrhc.on.ca\\\/fr\\\/programme-et-services\\\/services-chirurgicaux-apercu\\\/\"},{\"@type\":\"ListItem\",\"position\":4,\"name\":\"Clinique de pr\u00e9admission\"}]},{\"@type\":\"WebSite\",\"@id\":\"https:\\\/\\\/nbrhc.on.ca\\\/#website\",\"url\":\"https:\\\/\\\/nbrhc.on.ca\\\/\",\"name\":\"NBRHC\",\"description\":\"North Bay Regional Health Centre\",\"publisher\":{\"@id\":\"https:\\\/\\\/nbrhc.on.ca\\\/#organization\"},\"potentialAction\":[{\"@type\":\"SearchAction\",\"target\":{\"@type\":\"EntryPoint\",\"urlTemplate\":\"https:\\\/\\\/nbrhc.on.ca\\\/?s={search_term_string}\"},\"query-input\":{\"@type\":\"PropertyValueSpecification\",\"valueRequired\":true,\"valueName\":\"search_term_string\"}}],\"inLanguage\":\"fr-FR\"},{\"@type\":\"Organization\",\"@id\":\"https:\\\/\\\/nbrhc.on.ca\\\/#organization\",\"name\":\"North Bay Regional Health Centre\",\"url\":\"https:\\\/\\\/nbrhc.on.ca\\\/\",\"logo\":{\"@type\":\"ImageObject\",\"inLanguage\":\"fr-FR\",\"@id\":\"https:\\\/\\\/nbrhc.on.ca\\\/#\\\/schema\\\/logo\\\/image\\\/\",\"url\":\"https:\\\/\\\/nbrhc.on.ca\\\/wp-content\\\/uploads\\\/2015\\\/07\\\/logo.jpg\",\"contentUrl\":\"https:\\\/\\\/nbrhc.on.ca\\\/wp-content\\\/uploads\\\/2015\\\/07\\\/logo.jpg\",\"width\":870,\"height\":128,\"caption\":\"North Bay Regional Health Centre\"},\"image\":{\"@id\":\"https:\\\/\\\/nbrhc.on.ca\\\/#\\\/schema\\\/logo\\\/image\\\/\"},\"sameAs\":[\"https:\\\/\\\/www.facebook.com\\\/nbrhc\",\"https:\\\/\\\/x.com\\\/NBRHC\",\"https:\\\/\\\/www.linkedin.com\\\/company\\\/north-bay-regional-health-centre-nbrhc\",\"https:\\\/\\\/www.pinterest.com\\\/nbrhc\",\"https:\\\/\\\/www.youtube.com\\\/TheNBRHC\"]}]}<\/script>\n<!-- \/ Yoast SEO plugin. -->","yoast_head_json":{"title":"Clinique de pr\u00e9admission","description":"La Clinique de pr\u00e9admission offre une \u00e9valuation pr\u00e9op\u00e9ratoire aux patients n\u00e9cessitant une intervention chirurgicale afin de les pr\u00e9parer \u00e0 leur chirurgie","robots":{"index":"index","follow":"follow","max-snippet":"max-snippet:-1","max-image-preview":"max-image-preview:large","max-video-preview":"max-video-preview:-1"},"canonical":"https:\/\/nbrhc.on.ca\/fr\/programme-et-services\/services-chirurgicaux-apercu\/clinique-de-preadmission\/","og_locale":"fr_FR","og_type":"article","og_title":"Clinique de pr\u00e9admission","og_description":"La Clinique de pr\u00e9admission offre une \u00e9valuation pr\u00e9op\u00e9ratoire aux patients n\u00e9cessitant une intervention chirurgicale afin de les pr\u00e9parer \u00e0 leur chirurgie","og_url":"https:\/\/nbrhc.on.ca\/fr\/programme-et-services\/services-chirurgicaux-apercu\/clinique-de-preadmission\/","og_site_name":"NBRHC","article_publisher":"https:\/\/www.facebook.com\/nbrhc","article_modified_time":"2024-11-19T14:35:41+00:00","og_image":[{"width":619,"height":619,"url":"https:\/\/nbrhc.on.ca\/wp-content\/uploads\/2015\/07\/icon_col.jpeg","type":"image\/jpeg"}],"twitter_misc":{"Dur\u00e9e de lecture estim\u00e9e":"2 minutes"},"schema":{"@context":"https:\/\/schema.org","@graph":[{"@type":"WebPage","@id":"https:\/\/nbrhc.on.ca\/fr\/programme-et-services\/services-chirurgicaux-apercu\/clinique-de-preadmission\/","url":"https:\/\/nbrhc.on.ca\/fr\/programme-et-services\/services-chirurgicaux-apercu\/clinique-de-preadmission\/","name":"Clinique de pr\u00e9admission","isPartOf":{"@id":"https:\/\/nbrhc.on.ca\/#website"},"datePublished":"2014-03-18T20:51:35+00:00","dateModified":"2024-11-19T14:35:41+00:00","description":"La Clinique de pr\u00e9admission offre une \u00e9valuation pr\u00e9op\u00e9ratoire aux patients n\u00e9cessitant une intervention chirurgicale afin de les pr\u00e9parer \u00e0 leur chirurgie","breadcrumb":{"@id":"https:\/\/nbrhc.on.ca\/fr\/programme-et-services\/services-chirurgicaux-apercu\/clinique-de-preadmission\/#breadcrumb"},"inLanguage":"fr-FR","potentialAction":[{"@type":"ReadAction","target":["https:\/\/nbrhc.on.ca\/fr\/programme-et-services\/services-chirurgicaux-apercu\/clinique-de-preadmission\/"]}]},{"@type":"BreadcrumbList","@id":"https:\/\/nbrhc.on.ca\/fr\/programme-et-services\/services-chirurgicaux-apercu\/clinique-de-preadmission\/#breadcrumb","itemListElement":[{"@type":"ListItem","position":1,"name":"Home","item":"https:\/\/nbrhc.on.ca\/fr\/"},{"@type":"ListItem","position":2,"name":"Programmes et services","item":"https:\/\/nbrhc.on.ca\/fr\/programme-et-services\/"},{"@type":"ListItem","position":3,"name":"Services chirurgicaux","item":"https:\/\/nbrhc.on.ca\/fr\/programme-et-services\/services-chirurgicaux-apercu\/"},{"@type":"ListItem","position":4,"name":"Clinique de pr\u00e9admission"}]},{"@type":"WebSite","@id":"https:\/\/nbrhc.on.ca\/#website","url":"https:\/\/nbrhc.on.ca\/","name":"NBRHC","description":"North Bay Regional Health Centre","publisher":{"@id":"https:\/\/nbrhc.on.ca\/#organization"},"potentialAction":[{"@type":"SearchAction","target":{"@type":"EntryPoint","urlTemplate":"https:\/\/nbrhc.on.ca\/?s={search_term_string}"},"query-input":{"@type":"PropertyValueSpecification","valueRequired":true,"valueName":"search_term_string"}}],"inLanguage":"fr-FR"},{"@type":"Organization","@id":"https:\/\/nbrhc.on.ca\/#organization","name":"North Bay Regional Health Centre","url":"https:\/\/nbrhc.on.ca\/","logo":{"@type":"ImageObject","inLanguage":"fr-FR","@id":"https:\/\/nbrhc.on.ca\/#\/schema\/logo\/image\/","url":"https:\/\/nbrhc.on.ca\/wp-content\/uploads\/2015\/07\/logo.jpg","contentUrl":"https:\/\/nbrhc.on.ca\/wp-content\/uploads\/2015\/07\/logo.jpg","width":870,"height":128,"caption":"North Bay Regional Health Centre"},"image":{"@id":"https:\/\/nbrhc.on.ca\/#\/schema\/logo\/image\/"},"sameAs":["https:\/\/www.facebook.com\/nbrhc","https:\/\/x.com\/NBRHC","https:\/\/www.linkedin.com\/company\/north-bay-regional-health-centre-nbrhc","https:\/\/www.pinterest.com\/nbrhc","https:\/\/www.youtube.com\/TheNBRHC"]}]}},"_links":{"self":[{"href":"https:\/\/nbrhc.on.ca\/fr\/wp-json\/wp\/v2\/pages\/1686","targetHints":{"allow":["GET"]}}],"collection":[{"href":"https:\/\/nbrhc.on.ca\/fr\/wp-json\/wp\/v2\/pages"}],"about":[{"href":"https:\/\/nbrhc.on.ca\/fr\/wp-json\/wp\/v2\/types\/page"}],"author":[{"embeddable":true,"href":"https:\/\/nbrhc.on.ca\/fr\/wp-json\/wp\/v2\/users\/17"}],"replies":[{"embeddable":true,"href":"https:\/\/nbrhc.on.ca\/fr\/wp-json\/wp\/v2\/comments?post=1686"}],"version-history":[{"count":3,"href":"https:\/\/nbrhc.on.ca\/fr\/wp-json\/wp\/v2\/pages\/1686\/revisions"}],"predecessor-version":[{"id":42102,"href":"https:\/\/nbrhc.on.ca\/fr\/wp-json\/wp\/v2\/pages\/1686\/revisions\/42102"}],"up":[{"embeddable":true,"href":"https:\/\/nbrhc.on.ca\/fr\/wp-json\/wp\/v2\/pages\/3609"}],"wp:attachment":[{"href":"https:\/\/nbrhc.on.ca\/fr\/wp-json\/wp\/v2\/media?parent=1686"}],"wp:term":[{"taxonomy":"post_tag","embeddable":true,"href":"https:\/\/nbrhc.on.ca\/fr\/wp-json\/wp\/v2\/tags?post=1686"}],"curies":[{"name":"wp","href":"https:\/\/api.w.org\/{rel}","templated":true}]}}