{"id":1707,"date":"2014-03-19T11:48:40","date_gmt":"2014-03-19T15:48:40","guid":{"rendered":"http:\/\/www.nbrhc.on.ca\/?page_id=1707"},"modified":"2021-11-12T14:10:54","modified_gmt":"2021-11-12T19:10:54","slug":"telemedecine","status":"publish","type":"page","link":"https:\/\/nbrhc.on.ca\/fr\/programme-et-services\/programmes-aux-patients-externes\/telemedecine\/","title":{"rendered":"T\u00e9l\u00e9m\u00e9decine"},"content":{"rendered":"<p>Au moyen de cam\u00e9ras, de t\u00e9l\u00e9phones et de t\u00e9l\u00e9visions, la t\u00e9l\u00e9m\u00e9decine permet aux patients de consulter des m\u00e9decins et d\u2019autres professionnels de la sant\u00e9 par vid\u00e9oconf\u00e9rence.<\/p>\n<p>Dans le cadre d\u2019un rendez-vous par t\u00e9l\u00e9m\u00e9decine, le patient et le sp\u00e9cialiste se voient, s\u2019entendent et se parlent gr\u00e2ce \u00e0 la vid\u00e9oconf\u00e9rence bidirectionnelle. Au moyen d\u2019appareils \u00e9lectroniques, par exemple un st\u00e9thoscope pour \u00e9couter le coeur et les poumons ou une cam\u00e9ra pour examiner une plaie, nous pouvons aider le sp\u00e9cialiste \u00e0 fournir des soins au patient.<\/p>\n<p>Pour obtenir un rendez-vous, votre m\u00e9decin doit en faire la demande. Il faut apporter votre carte Sant\u00e9 \u00e0 votre rendez-vous.<\/p>\n","protected":false},"excerpt":{"rendered":"<p>Au moyen de cam\u00e9ras, de t\u00e9l\u00e9phones et de t\u00e9l\u00e9visions, la t\u00e9l\u00e9m\u00e9decine permet aux patients de consulter des m\u00e9decins et d\u2019autres professionnels de la sant\u00e9 par vid\u00e9oconf\u00e9rence. Dans le cadre d\u2019un [&hellip;]<\/p>\n","protected":false},"author":17,"featured_media":0,"parent":4955,"menu_order":0,"comment_status":"open","ping_status":"closed","template":"","meta":{"_acf_changed":false,"_monsterinsights_skip_tracking":false,"_monsterinsights_sitenote_active":false,"_monsterinsights_sitenote_note":"","_monsterinsights_sitenote_category":0,"footnotes":"","_links_to":"","_links_to_target":"","_wp_rev_ctl_limit":""},"tags":[1333,1332],"class_list":["post-1707","page","type-page","status-publish","hentry","tag-tele-medecine","tag-telemedecine"],"acf":[],"yoast_head":"<!-- This site is optimized with the Yoast SEO plugin v27.5 - https:\/\/yoast.com\/product\/yoast-seo-wordpress\/ -->\n<title>T\u00e9l\u00e9m\u00e9decine<\/title>\n<meta name=\"description\" content=\"Les cliniques de t\u00e9l\u00e9m\u00e9decine utilisent des cam\u00e9ras, des t\u00e9l\u00e9phones et des t\u00e9l\u00e9viseurs pour connecter les patients aux m\u00e9decins par vid\u00e9oconf\u00e9rence\" \/>\n<meta name=\"robots\" content=\"index, follow, max-snippet:-1, max-image-preview:large, max-video-preview:-1\" \/>\n<link rel=\"canonical\" href=\"https:\/\/nbrhc.on.ca\/fr\/programme-et-services\/programmes-aux-patients-externes\/telemedecine\/\" \/>\n<meta property=\"og:locale\" content=\"fr_FR\" \/>\n<meta property=\"og:type\" content=\"article\" \/>\n<meta property=\"og:title\" content=\"T\u00e9l\u00e9m\u00e9decine\" \/>\n<meta property=\"og:description\" content=\"Les cliniques de t\u00e9l\u00e9m\u00e9decine utilisent des cam\u00e9ras, des t\u00e9l\u00e9phones et des t\u00e9l\u00e9viseurs pour connecter les patients aux m\u00e9decins par vid\u00e9oconf\u00e9rence\" \/>\n<meta property=\"og:url\" content=\"https:\/\/nbrhc.on.ca\/fr\/programme-et-services\/programmes-aux-patients-externes\/telemedecine\/\" \/>\n<meta property=\"og:site_name\" content=\"NBRHC\" \/>\n<meta property=\"article:publisher\" content=\"https:\/\/www.facebook.com\/nbrhc\" \/>\n<meta property=\"article:modified_time\" content=\"2021-11-12T19:10:54+00:00\" \/>\n<meta property=\"og:image\" content=\"https:\/\/nbrhc.on.ca\/wp-content\/uploads\/2015\/07\/icon_col.jpeg\" \/>\n\t<meta property=\"og:image:width\" content=\"619\" \/>\n\t<meta property=\"og:image:height\" content=\"619\" \/>\n\t<meta property=\"og:image:type\" content=\"image\/jpeg\" \/>\n<meta name=\"twitter:label1\" content=\"Dur\u00e9e de lecture estim\u00e9e\" \/>\n\t<meta name=\"twitter:data1\" content=\"1 minute\" \/>\n<script type=\"application\/ld+json\" class=\"yoast-schema-graph\">{\"@context\":\"https:\\\/\\\/schema.org\",\"@graph\":[{\"@type\":\"WebPage\",\"@id\":\"https:\\\/\\\/nbrhc.on.ca\\\/fr\\\/programme-et-services\\\/programmes-aux-patients-externes\\\/telemedecine\\\/\",\"url\":\"https:\\\/\\\/nbrhc.on.ca\\\/fr\\\/programme-et-services\\\/programmes-aux-patients-externes\\\/telemedecine\\\/\",\"name\":\"T\u00e9l\u00e9m\u00e9decine\",\"isPartOf\":{\"@id\":\"https:\\\/\\\/nbrhc.on.ca\\\/#website\"},\"datePublished\":\"2014-03-19T15:48:40+00:00\",\"dateModified\":\"2021-11-12T19:10:54+00:00\",\"description\":\"Les cliniques de t\u00e9l\u00e9m\u00e9decine utilisent des cam\u00e9ras, des t\u00e9l\u00e9phones et des t\u00e9l\u00e9viseurs pour connecter les patients aux m\u00e9decins par vid\u00e9oconf\u00e9rence\",\"breadcrumb\":{\"@id\":\"https:\\\/\\\/nbrhc.on.ca\\\/fr\\\/programme-et-services\\\/programmes-aux-patients-externes\\\/telemedecine\\\/#breadcrumb\"},\"inLanguage\":\"fr-FR\",\"potentialAction\":[{\"@type\":\"ReadAction\",\"target\":[\"https:\\\/\\\/nbrhc.on.ca\\\/fr\\\/programme-et-services\\\/programmes-aux-patients-externes\\\/telemedecine\\\/\"]}]},{\"@type\":\"BreadcrumbList\",\"@id\":\"https:\\\/\\\/nbrhc.on.ca\\\/fr\\\/programme-et-services\\\/programmes-aux-patients-externes\\\/telemedecine\\\/#breadcrumb\",\"itemListElement\":[{\"@type\":\"ListItem\",\"position\":1,\"name\":\"Home\",\"item\":\"https:\\\/\\\/nbrhc.on.ca\\\/fr\\\/\"},{\"@type\":\"ListItem\",\"position\":2,\"name\":\"Programmes et services\",\"item\":\"https:\\\/\\\/nbrhc.on.ca\\\/fr\\\/programme-et-services\\\/\"},{\"@type\":\"ListItem\",\"position\":3,\"name\":\"Programmes aux patients externes\",\"item\":\"https:\\\/\\\/nbrhc.on.ca\\\/fr\\\/programme-et-services\\\/programmes-aux-patients-externes\\\/\"},{\"@type\":\"ListItem\",\"position\":4,\"name\":\"T\u00e9l\u00e9m\u00e9decine\"}]},{\"@type\":\"WebSite\",\"@id\":\"https:\\\/\\\/nbrhc.on.ca\\\/#website\",\"url\":\"https:\\\/\\\/nbrhc.on.ca\\\/\",\"name\":\"NBRHC\",\"description\":\"North Bay Regional Health Centre\",\"publisher\":{\"@id\":\"https:\\\/\\\/nbrhc.on.ca\\\/#organization\"},\"potentialAction\":[{\"@type\":\"SearchAction\",\"target\":{\"@type\":\"EntryPoint\",\"urlTemplate\":\"https:\\\/\\\/nbrhc.on.ca\\\/?s={search_term_string}\"},\"query-input\":{\"@type\":\"PropertyValueSpecification\",\"valueRequired\":true,\"valueName\":\"search_term_string\"}}],\"inLanguage\":\"fr-FR\"},{\"@type\":\"Organization\",\"@id\":\"https:\\\/\\\/nbrhc.on.ca\\\/#organization\",\"name\":\"North Bay Regional Health Centre\",\"url\":\"https:\\\/\\\/nbrhc.on.ca\\\/\",\"logo\":{\"@type\":\"ImageObject\",\"inLanguage\":\"fr-FR\",\"@id\":\"https:\\\/\\\/nbrhc.on.ca\\\/#\\\/schema\\\/logo\\\/image\\\/\",\"url\":\"https:\\\/\\\/nbrhc.on.ca\\\/wp-content\\\/uploads\\\/2015\\\/07\\\/logo.jpg\",\"contentUrl\":\"https:\\\/\\\/nbrhc.on.ca\\\/wp-content\\\/uploads\\\/2015\\\/07\\\/logo.jpg\",\"width\":870,\"height\":128,\"caption\":\"North Bay Regional Health Centre\"},\"image\":{\"@id\":\"https:\\\/\\\/nbrhc.on.ca\\\/#\\\/schema\\\/logo\\\/image\\\/\"},\"sameAs\":[\"https:\\\/\\\/www.facebook.com\\\/nbrhc\",\"https:\\\/\\\/x.com\\\/NBRHC\",\"https:\\\/\\\/www.linkedin.com\\\/company\\\/north-bay-regional-health-centre-nbrhc\",\"https:\\\/\\\/www.pinterest.com\\\/nbrhc\",\"https:\\\/\\\/www.youtube.com\\\/TheNBRHC\"]}]}<\/script>\n<!-- \/ Yoast SEO plugin. -->","yoast_head_json":{"title":"T\u00e9l\u00e9m\u00e9decine","description":"Les cliniques de t\u00e9l\u00e9m\u00e9decine utilisent des cam\u00e9ras, des t\u00e9l\u00e9phones et des t\u00e9l\u00e9viseurs pour connecter les patients aux m\u00e9decins par vid\u00e9oconf\u00e9rence","robots":{"index":"index","follow":"follow","max-snippet":"max-snippet:-1","max-image-preview":"max-image-preview:large","max-video-preview":"max-video-preview:-1"},"canonical":"https:\/\/nbrhc.on.ca\/fr\/programme-et-services\/programmes-aux-patients-externes\/telemedecine\/","og_locale":"fr_FR","og_type":"article","og_title":"T\u00e9l\u00e9m\u00e9decine","og_description":"Les cliniques de t\u00e9l\u00e9m\u00e9decine utilisent des cam\u00e9ras, des t\u00e9l\u00e9phones et des t\u00e9l\u00e9viseurs pour connecter les patients aux m\u00e9decins par vid\u00e9oconf\u00e9rence","og_url":"https:\/\/nbrhc.on.ca\/fr\/programme-et-services\/programmes-aux-patients-externes\/telemedecine\/","og_site_name":"NBRHC","article_publisher":"https:\/\/www.facebook.com\/nbrhc","article_modified_time":"2021-11-12T19:10:54+00:00","og_image":[{"width":619,"height":619,"url":"https:\/\/nbrhc.on.ca\/wp-content\/uploads\/2015\/07\/icon_col.jpeg","type":"image\/jpeg"}],"twitter_misc":{"Dur\u00e9e de lecture estim\u00e9e":"1 minute"},"schema":{"@context":"https:\/\/schema.org","@graph":[{"@type":"WebPage","@id":"https:\/\/nbrhc.on.ca\/fr\/programme-et-services\/programmes-aux-patients-externes\/telemedecine\/","url":"https:\/\/nbrhc.on.ca\/fr\/programme-et-services\/programmes-aux-patients-externes\/telemedecine\/","name":"T\u00e9l\u00e9m\u00e9decine","isPartOf":{"@id":"https:\/\/nbrhc.on.ca\/#website"},"datePublished":"2014-03-19T15:48:40+00:00","dateModified":"2021-11-12T19:10:54+00:00","description":"Les cliniques de t\u00e9l\u00e9m\u00e9decine utilisent des cam\u00e9ras, des t\u00e9l\u00e9phones et des t\u00e9l\u00e9viseurs pour connecter les patients aux m\u00e9decins par vid\u00e9oconf\u00e9rence","breadcrumb":{"@id":"https:\/\/nbrhc.on.ca\/fr\/programme-et-services\/programmes-aux-patients-externes\/telemedecine\/#breadcrumb"},"inLanguage":"fr-FR","potentialAction":[{"@type":"ReadAction","target":["https:\/\/nbrhc.on.ca\/fr\/programme-et-services\/programmes-aux-patients-externes\/telemedecine\/"]}]},{"@type":"BreadcrumbList","@id":"https:\/\/nbrhc.on.ca\/fr\/programme-et-services\/programmes-aux-patients-externes\/telemedecine\/#breadcrumb","itemListElement":[{"@type":"ListItem","position":1,"name":"Home","item":"https:\/\/nbrhc.on.ca\/fr\/"},{"@type":"ListItem","position":2,"name":"Programmes et services","item":"https:\/\/nbrhc.on.ca\/fr\/programme-et-services\/"},{"@type":"ListItem","position":3,"name":"Programmes aux patients externes","item":"https:\/\/nbrhc.on.ca\/fr\/programme-et-services\/programmes-aux-patients-externes\/"},{"@type":"ListItem","position":4,"name":"T\u00e9l\u00e9m\u00e9decine"}]},{"@type":"WebSite","@id":"https:\/\/nbrhc.on.ca\/#website","url":"https:\/\/nbrhc.on.ca\/","name":"NBRHC","description":"North Bay Regional Health Centre","publisher":{"@id":"https:\/\/nbrhc.on.ca\/#organization"},"potentialAction":[{"@type":"SearchAction","target":{"@type":"EntryPoint","urlTemplate":"https:\/\/nbrhc.on.ca\/?s={search_term_string}"},"query-input":{"@type":"PropertyValueSpecification","valueRequired":true,"valueName":"search_term_string"}}],"inLanguage":"fr-FR"},{"@type":"Organization","@id":"https:\/\/nbrhc.on.ca\/#organization","name":"North Bay Regional Health Centre","url":"https:\/\/nbrhc.on.ca\/","logo":{"@type":"ImageObject","inLanguage":"fr-FR","@id":"https:\/\/nbrhc.on.ca\/#\/schema\/logo\/image\/","url":"https:\/\/nbrhc.on.ca\/wp-content\/uploads\/2015\/07\/logo.jpg","contentUrl":"https:\/\/nbrhc.on.ca\/wp-content\/uploads\/2015\/07\/logo.jpg","width":870,"height":128,"caption":"North Bay Regional Health Centre"},"image":{"@id":"https:\/\/nbrhc.on.ca\/#\/schema\/logo\/image\/"},"sameAs":["https:\/\/www.facebook.com\/nbrhc","https:\/\/x.com\/NBRHC","https:\/\/www.linkedin.com\/company\/north-bay-regional-health-centre-nbrhc","https:\/\/www.pinterest.com\/nbrhc","https:\/\/www.youtube.com\/TheNBRHC"]}]}},"_links":{"self":[{"href":"https:\/\/nbrhc.on.ca\/fr\/wp-json\/wp\/v2\/pages\/1707","targetHints":{"allow":["GET"]}}],"collection":[{"href":"https:\/\/nbrhc.on.ca\/fr\/wp-json\/wp\/v2\/pages"}],"about":[{"href":"https:\/\/nbrhc.on.ca\/fr\/wp-json\/wp\/v2\/types\/page"}],"author":[{"embeddable":true,"href":"https:\/\/nbrhc.on.ca\/fr\/wp-json\/wp\/v2\/users\/17"}],"replies":[{"embeddable":true,"href":"https:\/\/nbrhc.on.ca\/fr\/wp-json\/wp\/v2\/comments?post=1707"}],"version-history":[{"count":1,"href":"https:\/\/nbrhc.on.ca\/fr\/wp-json\/wp\/v2\/pages\/1707\/revisions"}],"predecessor-version":[{"id":27900,"href":"https:\/\/nbrhc.on.ca\/fr\/wp-json\/wp\/v2\/pages\/1707\/revisions\/27900"}],"up":[{"embeddable":true,"href":"https:\/\/nbrhc.on.ca\/fr\/wp-json\/wp\/v2\/pages\/4955"}],"wp:attachment":[{"href":"https:\/\/nbrhc.on.ca\/fr\/wp-json\/wp\/v2\/media?parent=1707"}],"wp:term":[{"taxonomy":"post_tag","embeddable":true,"href":"https:\/\/nbrhc.on.ca\/fr\/wp-json\/wp\/v2\/tags?post=1707"}],"curies":[{"name":"wp","href":"https:\/\/api.w.org\/{rel}","templated":true}]}}