{"id":1721,"date":"2014-03-19T12:08:01","date_gmt":"2014-03-19T16:08:01","guid":{"rendered":"http:\/\/www.nbrhc.on.ca\/?page_id=1721"},"modified":"2021-08-19T12:26:58","modified_gmt":"2021-08-19T16:26:58","slug":"clinique-de-sante-des-femmes","status":"publish","type":"page","link":"https:\/\/nbrhc.on.ca\/fr\/programme-et-services\/cliniques-aux-patients-externes\/clinique-de-sante-des-femmes\/","title":{"rendered":"Clinique de sant\u00e9 des femmes"},"content":{"rendered":"<p>La Clinique de sant\u00e9 des femmes et de gyn\u00e9cologie pratique d&rsquo;excellentes interventions gyn\u00e9cologiques \u00e0 effraction minimale. Son personnel est fier de mettre des technologies de pointe \u00e0 la disposition de sa client\u00e8le.<\/p>\n<p>Parmi les interventions ayant lieu \u00e0 la Clinique, mentionnons les colposcopies (examen du col ut\u00e9rin), les biopsies du col ut\u00e9rin (pr\u00e9l\u00e8vement d&rsquo;un \u00e9chantillon du tissu pour examen) et la m\u00e9thode LEEP (technique d&rsquo;excision \u00e9lectrochirurgicale \u00e0 l&rsquo;anse), c&rsquo;est-\u00e0-dire l&rsquo;enl\u00e8vement de tissus anormaux du col de l&rsquo;ut\u00e9rus.<\/p>\n<p>Les services sont offerts par quatre gyn\u00e9cologues et du personnel infirmier ayant suivi une formation sp\u00e9ciale. Le personnel professionnel entend offrir des soins de qualit\u00e9 en travaillant en \u00e9quipe. Les interventions pourraient \u00eatre report\u00e9es durant les menstruations.<\/p>\n<p><strong>Une recommandation d&rsquo;un m\u00e9decin de famille ou d&rsquo;une gyn\u00e9cologue est n\u00e9cessaire. C&rsquo;est le gyn\u00e9cologue qui fixe les rendez-vous \u00e0 la Clinique de gyn\u00e9cologie. Veuillez apporter votre carte Sant\u00e9 de l&rsquo;Ontario.<\/strong><\/p>\n<p>&nbsp;<\/p>\n<p>&nbsp;<\/p>\n","protected":false},"excerpt":{"rendered":"<p>La Clinique de sant\u00e9 des femmes et de gyn\u00e9cologie pratique d&rsquo;excellentes interventions gyn\u00e9cologiques \u00e0 effraction minimale. Son personnel est fier de mettre des technologies de pointe \u00e0 la disposition de [&hellip;]<\/p>\n","protected":false},"author":17,"featured_media":0,"parent":4950,"menu_order":0,"comment_status":"open","ping_status":"closed","template":"","meta":{"_acf_changed":false,"_monsterinsights_skip_tracking":false,"_monsterinsights_sitenote_active":false,"_monsterinsights_sitenote_note":"","_monsterinsights_sitenote_category":0,"footnotes":"","_links_to":"","_links_to_target":"","_wp_rev_ctl_limit":""},"tags":[1267,1262,1263,1264,1265,1266,1268],"class_list":["post-1721","page","type-page","status-publish","hentry","tag-biopsies-du-col-uterin","tag-clinique-de-sante-des-femmes","tag-clinique-pour-femmes","tag-femmes","tag-gynecologie","tag-gynecologiques","tag-mentionnons-les-colposcopies"],"acf":[],"yoast_head":"<!-- This site is optimized with the Yoast SEO plugin v27.4 - https:\/\/yoast.com\/product\/yoast-seo-wordpress\/ -->\n<title>Clinique de sant\u00e9 des femmes<\/title>\n<meta name=\"description\" content=\"La clinique de gyn\u00e9cologie pour femmes offre une chirurgie gyn\u00e9cologique mini-invasive de qualit\u00e9 et facilement accessible pour certaines conditions qui affectent les femmes\" \/>\n<meta name=\"robots\" content=\"index, follow, max-snippet:-1, max-image-preview:large, max-video-preview:-1\" \/>\n<link rel=\"canonical\" href=\"https:\/\/nbrhc.on.ca\/fr\/programme-et-services\/cliniques-aux-patients-externes\/clinique-de-sante-des-femmes\/\" \/>\n<meta property=\"og:locale\" content=\"fr_FR\" \/>\n<meta property=\"og:type\" content=\"article\" \/>\n<meta property=\"og:title\" content=\"Clinique de sant\u00e9 des femmes\" \/>\n<meta property=\"og:description\" content=\"La clinique de gyn\u00e9cologie pour femmes offre une chirurgie gyn\u00e9cologique mini-invasive de qualit\u00e9 et facilement accessible pour certaines conditions qui affectent les femmes\" \/>\n<meta property=\"og:url\" content=\"https:\/\/nbrhc.on.ca\/fr\/programme-et-services\/cliniques-aux-patients-externes\/clinique-de-sante-des-femmes\/\" \/>\n<meta property=\"og:site_name\" content=\"NBRHC\" \/>\n<meta property=\"article:publisher\" content=\"https:\/\/www.facebook.com\/nbrhc\" \/>\n<meta property=\"article:modified_time\" content=\"2021-08-19T16:26:58+00:00\" \/>\n<meta property=\"og:image\" content=\"https:\/\/nbrhc.on.ca\/wp-content\/uploads\/2015\/07\/icon_col.jpeg\" \/>\n\t<meta property=\"og:image:width\" content=\"619\" \/>\n\t<meta property=\"og:image:height\" content=\"619\" \/>\n\t<meta property=\"og:image:type\" content=\"image\/jpeg\" \/>\n<meta name=\"twitter:label1\" content=\"Dur\u00e9e de lecture estim\u00e9e\" \/>\n\t<meta name=\"twitter:data1\" content=\"1 minute\" \/>\n<script type=\"application\/ld+json\" class=\"yoast-schema-graph\">{\"@context\":\"https:\\\/\\\/schema.org\",\"@graph\":[{\"@type\":\"WebPage\",\"@id\":\"https:\\\/\\\/nbrhc.on.ca\\\/fr\\\/programme-et-services\\\/cliniques-aux-patients-externes\\\/clinique-de-sante-des-femmes\\\/\",\"url\":\"https:\\\/\\\/nbrhc.on.ca\\\/fr\\\/programme-et-services\\\/cliniques-aux-patients-externes\\\/clinique-de-sante-des-femmes\\\/\",\"name\":\"Clinique de sant\u00e9 des femmes\",\"isPartOf\":{\"@id\":\"https:\\\/\\\/nbrhc.on.ca\\\/#website\"},\"datePublished\":\"2014-03-19T16:08:01+00:00\",\"dateModified\":\"2021-08-19T16:26:58+00:00\",\"description\":\"La clinique de gyn\u00e9cologie pour femmes offre une chirurgie gyn\u00e9cologique mini-invasive de qualit\u00e9 et facilement accessible pour certaines conditions qui affectent les femmes\",\"breadcrumb\":{\"@id\":\"https:\\\/\\\/nbrhc.on.ca\\\/fr\\\/programme-et-services\\\/cliniques-aux-patients-externes\\\/clinique-de-sante-des-femmes\\\/#breadcrumb\"},\"inLanguage\":\"fr-FR\",\"potentialAction\":[{\"@type\":\"ReadAction\",\"target\":[\"https:\\\/\\\/nbrhc.on.ca\\\/fr\\\/programme-et-services\\\/cliniques-aux-patients-externes\\\/clinique-de-sante-des-femmes\\\/\"]}]},{\"@type\":\"BreadcrumbList\",\"@id\":\"https:\\\/\\\/nbrhc.on.ca\\\/fr\\\/programme-et-services\\\/cliniques-aux-patients-externes\\\/clinique-de-sante-des-femmes\\\/#breadcrumb\",\"itemListElement\":[{\"@type\":\"ListItem\",\"position\":1,\"name\":\"Home\",\"item\":\"https:\\\/\\\/nbrhc.on.ca\\\/fr\\\/\"},{\"@type\":\"ListItem\",\"position\":2,\"name\":\"Programmes et services\",\"item\":\"https:\\\/\\\/nbrhc.on.ca\\\/fr\\\/programme-et-services\\\/\"},{\"@type\":\"ListItem\",\"position\":3,\"name\":\"Cliniques aux patients externes\",\"item\":\"https:\\\/\\\/nbrhc.on.ca\\\/fr\\\/programme-et-services\\\/cliniques-aux-patients-externes\\\/\"},{\"@type\":\"ListItem\",\"position\":4,\"name\":\"Clinique de sant\u00e9 des femmes\"}]},{\"@type\":\"WebSite\",\"@id\":\"https:\\\/\\\/nbrhc.on.ca\\\/#website\",\"url\":\"https:\\\/\\\/nbrhc.on.ca\\\/\",\"name\":\"NBRHC\",\"description\":\"North Bay Regional Health Centre\",\"publisher\":{\"@id\":\"https:\\\/\\\/nbrhc.on.ca\\\/#organization\"},\"potentialAction\":[{\"@type\":\"SearchAction\",\"target\":{\"@type\":\"EntryPoint\",\"urlTemplate\":\"https:\\\/\\\/nbrhc.on.ca\\\/?s={search_term_string}\"},\"query-input\":{\"@type\":\"PropertyValueSpecification\",\"valueRequired\":true,\"valueName\":\"search_term_string\"}}],\"inLanguage\":\"fr-FR\"},{\"@type\":\"Organization\",\"@id\":\"https:\\\/\\\/nbrhc.on.ca\\\/#organization\",\"name\":\"North Bay Regional Health Centre\",\"url\":\"https:\\\/\\\/nbrhc.on.ca\\\/\",\"logo\":{\"@type\":\"ImageObject\",\"inLanguage\":\"fr-FR\",\"@id\":\"https:\\\/\\\/nbrhc.on.ca\\\/#\\\/schema\\\/logo\\\/image\\\/\",\"url\":\"https:\\\/\\\/nbrhc.on.ca\\\/wp-content\\\/uploads\\\/2015\\\/07\\\/logo.jpg\",\"contentUrl\":\"https:\\\/\\\/nbrhc.on.ca\\\/wp-content\\\/uploads\\\/2015\\\/07\\\/logo.jpg\",\"width\":870,\"height\":128,\"caption\":\"North Bay Regional Health Centre\"},\"image\":{\"@id\":\"https:\\\/\\\/nbrhc.on.ca\\\/#\\\/schema\\\/logo\\\/image\\\/\"},\"sameAs\":[\"https:\\\/\\\/www.facebook.com\\\/nbrhc\",\"https:\\\/\\\/x.com\\\/NBRHC\",\"https:\\\/\\\/www.linkedin.com\\\/company\\\/north-bay-regional-health-centre-nbrhc\",\"https:\\\/\\\/www.pinterest.com\\\/nbrhc\",\"https:\\\/\\\/www.youtube.com\\\/TheNBRHC\"]}]}<\/script>\n<!-- \/ Yoast SEO plugin. -->","yoast_head_json":{"title":"Clinique de sant\u00e9 des femmes","description":"La clinique de gyn\u00e9cologie pour femmes offre une chirurgie gyn\u00e9cologique mini-invasive de qualit\u00e9 et facilement accessible pour certaines conditions qui affectent les femmes","robots":{"index":"index","follow":"follow","max-snippet":"max-snippet:-1","max-image-preview":"max-image-preview:large","max-video-preview":"max-video-preview:-1"},"canonical":"https:\/\/nbrhc.on.ca\/fr\/programme-et-services\/cliniques-aux-patients-externes\/clinique-de-sante-des-femmes\/","og_locale":"fr_FR","og_type":"article","og_title":"Clinique de sant\u00e9 des femmes","og_description":"La clinique de gyn\u00e9cologie pour femmes offre une chirurgie gyn\u00e9cologique mini-invasive de qualit\u00e9 et facilement accessible pour certaines conditions qui affectent les femmes","og_url":"https:\/\/nbrhc.on.ca\/fr\/programme-et-services\/cliniques-aux-patients-externes\/clinique-de-sante-des-femmes\/","og_site_name":"NBRHC","article_publisher":"https:\/\/www.facebook.com\/nbrhc","article_modified_time":"2021-08-19T16:26:58+00:00","og_image":[{"width":619,"height":619,"url":"https:\/\/nbrhc.on.ca\/wp-content\/uploads\/2015\/07\/icon_col.jpeg","type":"image\/jpeg"}],"twitter_misc":{"Dur\u00e9e de lecture estim\u00e9e":"1 minute"},"schema":{"@context":"https:\/\/schema.org","@graph":[{"@type":"WebPage","@id":"https:\/\/nbrhc.on.ca\/fr\/programme-et-services\/cliniques-aux-patients-externes\/clinique-de-sante-des-femmes\/","url":"https:\/\/nbrhc.on.ca\/fr\/programme-et-services\/cliniques-aux-patients-externes\/clinique-de-sante-des-femmes\/","name":"Clinique de sant\u00e9 des femmes","isPartOf":{"@id":"https:\/\/nbrhc.on.ca\/#website"},"datePublished":"2014-03-19T16:08:01+00:00","dateModified":"2021-08-19T16:26:58+00:00","description":"La clinique de gyn\u00e9cologie pour femmes offre une chirurgie gyn\u00e9cologique mini-invasive de qualit\u00e9 et facilement accessible pour certaines conditions qui affectent les femmes","breadcrumb":{"@id":"https:\/\/nbrhc.on.ca\/fr\/programme-et-services\/cliniques-aux-patients-externes\/clinique-de-sante-des-femmes\/#breadcrumb"},"inLanguage":"fr-FR","potentialAction":[{"@type":"ReadAction","target":["https:\/\/nbrhc.on.ca\/fr\/programme-et-services\/cliniques-aux-patients-externes\/clinique-de-sante-des-femmes\/"]}]},{"@type":"BreadcrumbList","@id":"https:\/\/nbrhc.on.ca\/fr\/programme-et-services\/cliniques-aux-patients-externes\/clinique-de-sante-des-femmes\/#breadcrumb","itemListElement":[{"@type":"ListItem","position":1,"name":"Home","item":"https:\/\/nbrhc.on.ca\/fr\/"},{"@type":"ListItem","position":2,"name":"Programmes et services","item":"https:\/\/nbrhc.on.ca\/fr\/programme-et-services\/"},{"@type":"ListItem","position":3,"name":"Cliniques aux patients externes","item":"https:\/\/nbrhc.on.ca\/fr\/programme-et-services\/cliniques-aux-patients-externes\/"},{"@type":"ListItem","position":4,"name":"Clinique de sant\u00e9 des femmes"}]},{"@type":"WebSite","@id":"https:\/\/nbrhc.on.ca\/#website","url":"https:\/\/nbrhc.on.ca\/","name":"NBRHC","description":"North Bay Regional Health Centre","publisher":{"@id":"https:\/\/nbrhc.on.ca\/#organization"},"potentialAction":[{"@type":"SearchAction","target":{"@type":"EntryPoint","urlTemplate":"https:\/\/nbrhc.on.ca\/?s={search_term_string}"},"query-input":{"@type":"PropertyValueSpecification","valueRequired":true,"valueName":"search_term_string"}}],"inLanguage":"fr-FR"},{"@type":"Organization","@id":"https:\/\/nbrhc.on.ca\/#organization","name":"North Bay Regional Health Centre","url":"https:\/\/nbrhc.on.ca\/","logo":{"@type":"ImageObject","inLanguage":"fr-FR","@id":"https:\/\/nbrhc.on.ca\/#\/schema\/logo\/image\/","url":"https:\/\/nbrhc.on.ca\/wp-content\/uploads\/2015\/07\/logo.jpg","contentUrl":"https:\/\/nbrhc.on.ca\/wp-content\/uploads\/2015\/07\/logo.jpg","width":870,"height":128,"caption":"North Bay Regional Health Centre"},"image":{"@id":"https:\/\/nbrhc.on.ca\/#\/schema\/logo\/image\/"},"sameAs":["https:\/\/www.facebook.com\/nbrhc","https:\/\/x.com\/NBRHC","https:\/\/www.linkedin.com\/company\/north-bay-regional-health-centre-nbrhc","https:\/\/www.pinterest.com\/nbrhc","https:\/\/www.youtube.com\/TheNBRHC"]}]}},"_links":{"self":[{"href":"https:\/\/nbrhc.on.ca\/fr\/wp-json\/wp\/v2\/pages\/1721","targetHints":{"allow":["GET"]}}],"collection":[{"href":"https:\/\/nbrhc.on.ca\/fr\/wp-json\/wp\/v2\/pages"}],"about":[{"href":"https:\/\/nbrhc.on.ca\/fr\/wp-json\/wp\/v2\/types\/page"}],"author":[{"embeddable":true,"href":"https:\/\/nbrhc.on.ca\/fr\/wp-json\/wp\/v2\/users\/17"}],"replies":[{"embeddable":true,"href":"https:\/\/nbrhc.on.ca\/fr\/wp-json\/wp\/v2\/comments?post=1721"}],"version-history":[{"count":1,"href":"https:\/\/nbrhc.on.ca\/fr\/wp-json\/wp\/v2\/pages\/1721\/revisions"}],"predecessor-version":[{"id":27295,"href":"https:\/\/nbrhc.on.ca\/fr\/wp-json\/wp\/v2\/pages\/1721\/revisions\/27295"}],"up":[{"embeddable":true,"href":"https:\/\/nbrhc.on.ca\/fr\/wp-json\/wp\/v2\/pages\/4950"}],"wp:attachment":[{"href":"https:\/\/nbrhc.on.ca\/fr\/wp-json\/wp\/v2\/media?parent=1721"}],"wp:term":[{"taxonomy":"post_tag","embeddable":true,"href":"https:\/\/nbrhc.on.ca\/fr\/wp-json\/wp\/v2\/tags?post=1721"}],"curies":[{"name":"wp","href":"https:\/\/api.w.org\/{rel}","templated":true}]}}