{"id":1820,"date":"2014-03-20T11:24:22","date_gmt":"2014-03-20T15:24:22","guid":{"rendered":"http:\/\/www.nbrhc.on.ca\/?page_id=1820"},"modified":"2025-06-23T16:00:16","modified_gmt":"2025-06-23T20:00:16","slug":"commodites-et-services","status":"publish","type":"page","link":"https:\/\/nbrhc.on.ca\/fr\/patients-et-visiteurs\/les-visites-a-lhopital\/commodites-et-services\/","title":{"rendered":"Commodit\u00e9s et services"},"content":{"rendered":"<h2>Guichets automatiques et bo\u00eetes aux lettres<\/h2>\n<p>Vous trouverez des guichets bancaires aux entr\u00e9es principales est et ouest.<\/p>\n<p><em>Prenez note qu\u2019il y a des frais de guichet automatique pour chaque transaction. <\/em><\/p>\n<p>Les bo\u00eetes aux lettres de Postes Canada sont situ\u00e9es \u00e0 l&rsquo;entr\u00e9e principale est.<\/p>\n<h2>Caf\u00e9t\u00e9ria et caf\u00e9<\/h2>\n<h3>Le caf\u00e9 de la rue Main<\/h3>\n<p>Situ\u00e9 pr\u00e8s de l\u2019entr\u00e9e principale, \u00e0 c\u00f4t\u00e9 du comptoir de renseignements &#8211; Niveau 200\u00a0(<em>fier de servir des produits Tim Hortons<\/em>).<\/p>\n<p><u>Heures d\u2019ouverture<\/u><\/p>\n<table role=\"presentation\" width=\"50%\">\n<tbody>\n<tr>\n<td width=\"50%\"><strong>Lundi au vendredi<\/strong><\/td>\n<td width=\"50%\">6 h 30 \u00e0 19 h<\/td>\n<\/tr>\n<tr>\n<td width=\"50%\"><strong>Samedi et dimanche<\/strong><\/td>\n<td width=\"50%\">8 h \u00e0 17 h<\/td>\n<\/tr>\n<tr>\n<td width=\"50%\"><strong>les f\u00eates<\/strong><\/td>\n<td width=\"50%\">8 h \u00e0 17 h<\/td>\n<\/tr>\n<\/tbody>\n<\/table>\n<p>Le caf\u00e9 de la rue Main (fier de servir des produits Tim Hortons) offre des produits de boulangerie et de p\u00e2tisserie Tim Hortons frais ainsi que du caf\u00e9 frais et d\u2019autres d\u00e9licieuses boissons Tim Hortons chaudes et froides. Nous servons les articles de d\u00e9jeuner Tim Hortons toute la journ\u00e9e. De plus, comme nous portons la marque ARAMARK, nous servons du chili et de la soupe poulet et nouilles ainsi que des articles pour emporter, comme des sandwiches, des\u00a0 salades, des plateaux, des desserts et diverses boissons froides.<\/p>\n<h3>Le march\u00e9 (caf\u00e9t\u00e9ria)<\/h3>\n<p>Situ\u00e9 &#8211;\u00a0Niveau 100<em> (fier de servir du caf\u00e9 et des produits de p\u00e2tisserie et de boulangerie Tim Hortons).<\/em><\/p>\n<p><u>Heures d\u2019ouverture<\/u><\/p>\n<table role=\"presentation\" width=\"45%\">\n<tbody>\n<tr>\n<td width=\"50%\"><strong>Lundi au vendredi<\/strong><\/td>\n<td width=\"50%\">8 h \u00e0 14 h<\/td>\n<\/tr>\n<\/tbody>\n<\/table>\n<p>Le march\u00e9 (caf\u00e9t\u00e9ria) offre tout un \u00e9ventail d\u2019aliments, notamment des salades, des soupes, des sous-marins, des roul\u00e9s, des sandwiches ainsi que divers mets grill\u00e9s. Nous servons aussi du poulet r\u00f4ti, des nouilles chinoises et des plats saut\u00e9s, sans compter les plats de la semaine (habituellement en fonction d\u2019un th\u00e8me). Chaque jour, il y a deux soupes, des plats pour emporter (p. ex. sandwiches, salades, desserts) et diverses boissons froides. N\u2019oubliez pas notre poste libre-service de caf\u00e9 et de p\u00e2tisseries Tim Hortons. <a href=\"http:\/\/www.timhortons.com\/ca\/en\/menu\/menu-info.html\" target=\"_blank\" rel=\"noopener noreferrer\">Information nutritionnelle &#8211; Tim Hortons<\/a><\/p>\n<p><em>** Veuillez noter que <span style=\"text-decoration: underline;\">les cartes-cadeaux de Tim Hortons ne sont PAS accept\u00e9es<\/span> \u00e0 ces deux emplacements. Nous offrons des cartes-cadeaux aux fins d\u2019utilisation interne; on peut se procurer ces cartes rechargeables \u00e0 une des caisses. **<\/em><\/p>\n<h3 id=\"tw-target-text\" class=\"tw-data-text tw-text-large XcVN5d tw-ta\" data-placeholder=\"Translation\">Ouvert 24 heures<\/h3>\n<p><strong>Vicki &#8211; Vendeur de salades fra\u00eeches<\/strong> (situ\u00e9 \u00e0 la caf\u00e9t\u00e9ria &#8211; Niveau 1)<\/p>\n<ul>\n<li>Salades fra\u00eeches, sandwiches et bien plus encore<\/li>\n<li>Fait frais devant vous<\/li>\n<li>Paiement sans contact &#8211; accepte les cartes de d\u00e9bit, Visa, MasterCard, Apple et Google Pay<\/li>\n<\/ul>\n<p><strong>PIZZA FORNO &#8211; Vendeur de pizza fra\u00eeche<\/strong> (situ\u00e9 au 2e \u00e9tage &#8211; rue principale &#8211; \u00e0 c\u00f4t\u00e9 du coin salon)<\/p>\n<ul>\n<li>Choisissez parmi 7 types de pizza diff\u00e9rents<\/li>\n<li>Fra\u00eechement pr\u00e9par\u00e9 par l&rsquo;un de nos experts en pizza<\/li>\n<li>Paiement sans contact &#8211; accepte les cartes de d\u00e9bit, Visa, MasterCard, Apple et Google Pay<\/li>\n<\/ul>\n<h2>Boutique de cadeaux &#8211; Cadeaux et plus de la rue Main<\/h2>\n<p>La Boutique de cadeaux (Cadeaux et plus de la rue Main), g\u00e9r\u00e9e par les Amis du CRSNB, se trouve \u00e0 c\u00f4t\u00e9 du restaurant Tim Hortons dans l\u2019entr\u00e9e principale est (niveau 200).<\/p>\n<p>Un endroit id\u00e9al pour trouver des articles-cadeaux produits localement, uniques et essentiels, il y a aussi des articles de toilette, du mat\u00e9riel de lecture et des fleurs disponibles \u00e0 l&rsquo;achat. La boutique de cadeaux a la capacit\u00e9 de livrer la plupart des articles dans les chambres des patients. Les achats peuvent \u00eatre effectu\u00e9s par t\u00e9l\u00e9phone par carte de cr\u00e9dit.<\/p>\n<p>Veuillez appeler le (705) 474-8600 poste. 3141 pour passer vos commandes ou pour vous renseigner sur la disponibilit\u00e9 des articles.<\/p>\n<p>Les profits de la boutique sont remis \u00e0 l\u2019h\u00f4pital par l\u2019entremise de contributions faites par les Amis du CRSNB.<\/p>\n<p><u>Heures d\u2019ouverture de la Boutique de cadeaux<\/u><\/p>\n<table role=\"presentation\" width=\"35%\">\n<tbody>\n<tr>\n<td width=\"50%\"><strong>Lundi<\/strong><\/td>\n<td width=\"50%\">9 h\u00a0 \u00e0 16 h<\/td>\n<\/tr>\n<tr>\n<td><strong>Mardi<\/strong><\/td>\n<td>9 h\u00a0 \u00e0 16 h<\/td>\n<\/tr>\n<tr>\n<td><strong>Mercredi<\/strong><\/td>\n<td>9 h\u00a0 \u00e0 16 h<\/td>\n<\/tr>\n<tr>\n<td><strong>Jeudi<\/strong><\/td>\n<td>9 h\u00a0 \u00e0 16 h<\/td>\n<\/tr>\n<tr>\n<td><strong>Vendredi<\/strong><\/td>\n<td>9 h\u00a0 \u00e0 16 h<\/td>\n<\/tr>\n<tr>\n<td><strong>Samedi<\/strong><\/td>\n<td>9 h\u00a0 \u00e0 16 h<\/td>\n<\/tr>\n<tr>\n<td><strong>Dimanche<\/strong><\/td>\n<td>9 h\u00a0 \u00e0 16 h<\/td>\n<\/tr>\n<\/tbody>\n<\/table>\n<p><em>*Les heures d\u2019ouverture le soir et la fin de semaine d\u00e9pendent de la disponibilit\u00e9 des b\u00e9n\u00e9voles. La boutique de cadeaux sera ferm\u00e9 les jours f\u00e9ri\u00e9s et vacances civiques.<\/em><\/p>\n<p>&nbsp;<\/p>\n","protected":false},"excerpt":{"rendered":"<p>Guichets automatiques et bo\u00eetes aux lettres Vous trouverez des guichets bancaires aux entr\u00e9es principales est et ouest. Prenez note qu\u2019il y a des frais de guichet automatique pour chaque transaction. [&hellip;]<\/p>\n","protected":false},"author":17,"featured_media":0,"parent":4560,"menu_order":0,"comment_status":"open","ping_status":"closed","template":"","meta":{"_acf_changed":false,"_monsterinsights_skip_tracking":false,"_monsterinsights_sitenote_active":false,"_monsterinsights_sitenote_note":"","_monsterinsights_sitenote_category":0,"footnotes":"","_links_to":"","_links_to_target":"","_wp_rev_ctl_limit":""},"tags":[276,283,278,277,273,275,274,279,280,224,1654],"class_list":["post-1820","page","type-page","status-publish","hentry","tag-boites-aux-lettres","tag-boutique-de-cadeaux","tag-cafe","tag-cafeteria-et-cafe","tag-commodites-et-services","tag-guichets-automatiques","tag-guichets-automatiques-et-boites-aux-lettres","tag-le-cafe-de-la-rue-main","tag-le-marche","tag-manger","tag-nourriture"],"acf":[],"yoast_head":"<!-- This site is optimized with the Yoast SEO plugin v27.4 - https:\/\/yoast.com\/product\/yoast-seo-wordpress\/ -->\n<title>Commodit\u00e9s et services<\/title>\n<meta name=\"description\" content=\"Apprenez-en davantage sur la caf\u00e9t\u00e9ria, le caf\u00e9, la boutique de cadeaux, l&#039;aum\u00f4nerie et plus encore du Centre r\u00e9gional de sant\u00e9 de North Bay\" \/>\n<meta name=\"robots\" content=\"index, follow, max-snippet:-1, max-image-preview:large, max-video-preview:-1\" \/>\n<link rel=\"canonical\" href=\"https:\/\/nbrhc.on.ca\/fr\/patients-et-visiteurs\/les-visites-a-lhopital\/commodites-et-services\/\" \/>\n<meta property=\"og:locale\" content=\"fr_FR\" \/>\n<meta property=\"og:type\" content=\"article\" \/>\n<meta property=\"og:title\" content=\"Commodit\u00e9s et services\" \/>\n<meta property=\"og:description\" content=\"Apprenez-en davantage sur la caf\u00e9t\u00e9ria, le caf\u00e9, la boutique de cadeaux, l&#039;aum\u00f4nerie et plus encore du Centre r\u00e9gional de sant\u00e9 de North Bay\" \/>\n<meta property=\"og:url\" content=\"https:\/\/nbrhc.on.ca\/fr\/patients-et-visiteurs\/les-visites-a-lhopital\/commodites-et-services\/\" \/>\n<meta property=\"og:site_name\" content=\"NBRHC\" \/>\n<meta property=\"article:publisher\" content=\"https:\/\/www.facebook.com\/nbrhc\" \/>\n<meta property=\"article:modified_time\" content=\"2025-06-23T20:00:16+00:00\" \/>\n<meta property=\"og:image\" content=\"https:\/\/nbrhc.on.ca\/wp-content\/uploads\/2015\/07\/icon_col.jpeg\" \/>\n\t<meta property=\"og:image:width\" content=\"619\" \/>\n\t<meta property=\"og:image:height\" content=\"619\" \/>\n\t<meta property=\"og:image:type\" content=\"image\/jpeg\" \/>\n<meta name=\"twitter:label1\" content=\"Dur\u00e9e de lecture estim\u00e9e\" \/>\n\t<meta name=\"twitter:data1\" content=\"4 minutes\" \/>\n<script type=\"application\/ld+json\" class=\"yoast-schema-graph\">{\"@context\":\"https:\\\/\\\/schema.org\",\"@graph\":[{\"@type\":\"WebPage\",\"@id\":\"https:\\\/\\\/nbrhc.on.ca\\\/fr\\\/patients-et-visiteurs\\\/les-visites-a-lhopital\\\/commodites-et-services\\\/\",\"url\":\"https:\\\/\\\/nbrhc.on.ca\\\/fr\\\/patients-et-visiteurs\\\/les-visites-a-lhopital\\\/commodites-et-services\\\/\",\"name\":\"Commodit\u00e9s et services\",\"isPartOf\":{\"@id\":\"https:\\\/\\\/nbrhc.on.ca\\\/#website\"},\"datePublished\":\"2014-03-20T15:24:22+00:00\",\"dateModified\":\"2025-06-23T20:00:16+00:00\",\"description\":\"Apprenez-en davantage sur la caf\u00e9t\u00e9ria, le caf\u00e9, la boutique de cadeaux, l'aum\u00f4nerie et plus encore du Centre r\u00e9gional de sant\u00e9 de North Bay\",\"breadcrumb\":{\"@id\":\"https:\\\/\\\/nbrhc.on.ca\\\/fr\\\/patients-et-visiteurs\\\/les-visites-a-lhopital\\\/commodites-et-services\\\/#breadcrumb\"},\"inLanguage\":\"fr-FR\",\"potentialAction\":[{\"@type\":\"ReadAction\",\"target\":[\"https:\\\/\\\/nbrhc.on.ca\\\/fr\\\/patients-et-visiteurs\\\/les-visites-a-lhopital\\\/commodites-et-services\\\/\"]}]},{\"@type\":\"BreadcrumbList\",\"@id\":\"https:\\\/\\\/nbrhc.on.ca\\\/fr\\\/patients-et-visiteurs\\\/les-visites-a-lhopital\\\/commodites-et-services\\\/#breadcrumb\",\"itemListElement\":[{\"@type\":\"ListItem\",\"position\":1,\"name\":\"Home\",\"item\":\"https:\\\/\\\/nbrhc.on.ca\\\/fr\\\/\"},{\"@type\":\"ListItem\",\"position\":2,\"name\":\"Patients et visiteurs\",\"item\":\"https:\\\/\\\/nbrhc.on.ca\\\/fr\\\/patients-et-visiteurs\\\/\"},{\"@type\":\"ListItem\",\"position\":3,\"name\":\"Les visites \u00e0 l\u2019h\u00f4pital\",\"item\":\"https:\\\/\\\/nbrhc.on.ca\\\/fr\\\/patients-et-visiteurs\\\/les-visites-a-lhopital\\\/\"},{\"@type\":\"ListItem\",\"position\":4,\"name\":\"Commodit\u00e9s et services\"}]},{\"@type\":\"WebSite\",\"@id\":\"https:\\\/\\\/nbrhc.on.ca\\\/#website\",\"url\":\"https:\\\/\\\/nbrhc.on.ca\\\/\",\"name\":\"NBRHC\",\"description\":\"North Bay Regional Health Centre\",\"publisher\":{\"@id\":\"https:\\\/\\\/nbrhc.on.ca\\\/#organization\"},\"potentialAction\":[{\"@type\":\"SearchAction\",\"target\":{\"@type\":\"EntryPoint\",\"urlTemplate\":\"https:\\\/\\\/nbrhc.on.ca\\\/?s={search_term_string}\"},\"query-input\":{\"@type\":\"PropertyValueSpecification\",\"valueRequired\":true,\"valueName\":\"search_term_string\"}}],\"inLanguage\":\"fr-FR\"},{\"@type\":\"Organization\",\"@id\":\"https:\\\/\\\/nbrhc.on.ca\\\/#organization\",\"name\":\"North Bay Regional Health Centre\",\"url\":\"https:\\\/\\\/nbrhc.on.ca\\\/\",\"logo\":{\"@type\":\"ImageObject\",\"inLanguage\":\"fr-FR\",\"@id\":\"https:\\\/\\\/nbrhc.on.ca\\\/#\\\/schema\\\/logo\\\/image\\\/\",\"url\":\"https:\\\/\\\/nbrhc.on.ca\\\/wp-content\\\/uploads\\\/2015\\\/07\\\/logo.jpg\",\"contentUrl\":\"https:\\\/\\\/nbrhc.on.ca\\\/wp-content\\\/uploads\\\/2015\\\/07\\\/logo.jpg\",\"width\":870,\"height\":128,\"caption\":\"North Bay Regional Health Centre\"},\"image\":{\"@id\":\"https:\\\/\\\/nbrhc.on.ca\\\/#\\\/schema\\\/logo\\\/image\\\/\"},\"sameAs\":[\"https:\\\/\\\/www.facebook.com\\\/nbrhc\",\"https:\\\/\\\/x.com\\\/NBRHC\",\"https:\\\/\\\/www.linkedin.com\\\/company\\\/north-bay-regional-health-centre-nbrhc\",\"https:\\\/\\\/www.pinterest.com\\\/nbrhc\",\"https:\\\/\\\/www.youtube.com\\\/TheNBRHC\"]}]}<\/script>\n<!-- \/ Yoast SEO plugin. -->","yoast_head_json":{"title":"Commodit\u00e9s et services","description":"Apprenez-en davantage sur la caf\u00e9t\u00e9ria, le caf\u00e9, la boutique de cadeaux, l'aum\u00f4nerie et plus encore du Centre r\u00e9gional de sant\u00e9 de North Bay","robots":{"index":"index","follow":"follow","max-snippet":"max-snippet:-1","max-image-preview":"max-image-preview:large","max-video-preview":"max-video-preview:-1"},"canonical":"https:\/\/nbrhc.on.ca\/fr\/patients-et-visiteurs\/les-visites-a-lhopital\/commodites-et-services\/","og_locale":"fr_FR","og_type":"article","og_title":"Commodit\u00e9s et services","og_description":"Apprenez-en davantage sur la caf\u00e9t\u00e9ria, le caf\u00e9, la boutique de cadeaux, l'aum\u00f4nerie et plus encore du Centre r\u00e9gional de sant\u00e9 de North Bay","og_url":"https:\/\/nbrhc.on.ca\/fr\/patients-et-visiteurs\/les-visites-a-lhopital\/commodites-et-services\/","og_site_name":"NBRHC","article_publisher":"https:\/\/www.facebook.com\/nbrhc","article_modified_time":"2025-06-23T20:00:16+00:00","og_image":[{"width":619,"height":619,"url":"https:\/\/nbrhc.on.ca\/wp-content\/uploads\/2015\/07\/icon_col.jpeg","type":"image\/jpeg"}],"twitter_misc":{"Dur\u00e9e de lecture estim\u00e9e":"4 minutes"},"schema":{"@context":"https:\/\/schema.org","@graph":[{"@type":"WebPage","@id":"https:\/\/nbrhc.on.ca\/fr\/patients-et-visiteurs\/les-visites-a-lhopital\/commodites-et-services\/","url":"https:\/\/nbrhc.on.ca\/fr\/patients-et-visiteurs\/les-visites-a-lhopital\/commodites-et-services\/","name":"Commodit\u00e9s et services","isPartOf":{"@id":"https:\/\/nbrhc.on.ca\/#website"},"datePublished":"2014-03-20T15:24:22+00:00","dateModified":"2025-06-23T20:00:16+00:00","description":"Apprenez-en davantage sur la caf\u00e9t\u00e9ria, le caf\u00e9, la boutique de cadeaux, l'aum\u00f4nerie et plus encore du Centre r\u00e9gional de sant\u00e9 de North Bay","breadcrumb":{"@id":"https:\/\/nbrhc.on.ca\/fr\/patients-et-visiteurs\/les-visites-a-lhopital\/commodites-et-services\/#breadcrumb"},"inLanguage":"fr-FR","potentialAction":[{"@type":"ReadAction","target":["https:\/\/nbrhc.on.ca\/fr\/patients-et-visiteurs\/les-visites-a-lhopital\/commodites-et-services\/"]}]},{"@type":"BreadcrumbList","@id":"https:\/\/nbrhc.on.ca\/fr\/patients-et-visiteurs\/les-visites-a-lhopital\/commodites-et-services\/#breadcrumb","itemListElement":[{"@type":"ListItem","position":1,"name":"Home","item":"https:\/\/nbrhc.on.ca\/fr\/"},{"@type":"ListItem","position":2,"name":"Patients et visiteurs","item":"https:\/\/nbrhc.on.ca\/fr\/patients-et-visiteurs\/"},{"@type":"ListItem","position":3,"name":"Les visites \u00e0 l\u2019h\u00f4pital","item":"https:\/\/nbrhc.on.ca\/fr\/patients-et-visiteurs\/les-visites-a-lhopital\/"},{"@type":"ListItem","position":4,"name":"Commodit\u00e9s et services"}]},{"@type":"WebSite","@id":"https:\/\/nbrhc.on.ca\/#website","url":"https:\/\/nbrhc.on.ca\/","name":"NBRHC","description":"North Bay Regional Health Centre","publisher":{"@id":"https:\/\/nbrhc.on.ca\/#organization"},"potentialAction":[{"@type":"SearchAction","target":{"@type":"EntryPoint","urlTemplate":"https:\/\/nbrhc.on.ca\/?s={search_term_string}"},"query-input":{"@type":"PropertyValueSpecification","valueRequired":true,"valueName":"search_term_string"}}],"inLanguage":"fr-FR"},{"@type":"Organization","@id":"https:\/\/nbrhc.on.ca\/#organization","name":"North Bay Regional Health Centre","url":"https:\/\/nbrhc.on.ca\/","logo":{"@type":"ImageObject","inLanguage":"fr-FR","@id":"https:\/\/nbrhc.on.ca\/#\/schema\/logo\/image\/","url":"https:\/\/nbrhc.on.ca\/wp-content\/uploads\/2015\/07\/logo.jpg","contentUrl":"https:\/\/nbrhc.on.ca\/wp-content\/uploads\/2015\/07\/logo.jpg","width":870,"height":128,"caption":"North Bay Regional Health Centre"},"image":{"@id":"https:\/\/nbrhc.on.ca\/#\/schema\/logo\/image\/"},"sameAs":["https:\/\/www.facebook.com\/nbrhc","https:\/\/x.com\/NBRHC","https:\/\/www.linkedin.com\/company\/north-bay-regional-health-centre-nbrhc","https:\/\/www.pinterest.com\/nbrhc","https:\/\/www.youtube.com\/TheNBRHC"]}]}},"_links":{"self":[{"href":"https:\/\/nbrhc.on.ca\/fr\/wp-json\/wp\/v2\/pages\/1820","targetHints":{"allow":["GET"]}}],"collection":[{"href":"https:\/\/nbrhc.on.ca\/fr\/wp-json\/wp\/v2\/pages"}],"about":[{"href":"https:\/\/nbrhc.on.ca\/fr\/wp-json\/wp\/v2\/types\/page"}],"author":[{"embeddable":true,"href":"https:\/\/nbrhc.on.ca\/fr\/wp-json\/wp\/v2\/users\/17"}],"replies":[{"embeddable":true,"href":"https:\/\/nbrhc.on.ca\/fr\/wp-json\/wp\/v2\/comments?post=1820"}],"version-history":[{"count":6,"href":"https:\/\/nbrhc.on.ca\/fr\/wp-json\/wp\/v2\/pages\/1820\/revisions"}],"predecessor-version":[{"id":44821,"href":"https:\/\/nbrhc.on.ca\/fr\/wp-json\/wp\/v2\/pages\/1820\/revisions\/44821"}],"up":[{"embeddable":true,"href":"https:\/\/nbrhc.on.ca\/fr\/wp-json\/wp\/v2\/pages\/4560"}],"wp:attachment":[{"href":"https:\/\/nbrhc.on.ca\/fr\/wp-json\/wp\/v2\/media?parent=1820"}],"wp:term":[{"taxonomy":"post_tag","embeddable":true,"href":"https:\/\/nbrhc.on.ca\/fr\/wp-json\/wp\/v2\/tags?post=1820"}],"curies":[{"name":"wp","href":"https:\/\/api.w.org\/{rel}","templated":true}]}}