{"id":1862,"date":"2014-03-20T14:19:55","date_gmt":"2014-03-20T18:19:55","guid":{"rendered":"http:\/\/www.nbrhc.on.ca\/?page_id=1862"},"modified":"2025-07-02T15:01:47","modified_gmt":"2025-07-02T19:01:47","slug":"medecins-de-famille-ayant-des-droits-hospitaliers","status":"publish","type":"page","link":"https:\/\/nbrhc.on.ca\/fr\/patients-et-visiteurs\/les-fournisseurs-de-soins\/medecins-de-famille-ayant-des-droits-hospitaliers\/","title":{"rendered":"M\u00e9decins de famille ayant des droits hospitaliers"},"content":{"rendered":"<p><!--\n\n\n<h2><a href=\"#drph1\">Medecins\u00a0A \u00e0 C<\/a><\/h2>\n\n\n\n\n<h2><a href=\"#drph2\">Medecins\u00a0D \u00e0 H<\/a><\/h2>\n\n\n\n\n<h2><a href=\"#drph3\">Medecins\u00a0I \u00e0 M<\/a><\/h2>\n\n\n\n\n<h2><a href=\"#drph4\">Medecins\u00a0N \u00e0 R<\/a><\/h2>\n\n\n\n\n<h2><a href=\"#drph5\">Medecins S \u00e0 U<\/a><\/h2>\n\n\n\n\n<h2><a href=\"#drph6\">Medecins\u00a0V \u00e0 Z<\/a><\/h2>\n\n\n\n\n<h3><a name=\"drph1\"><\/a>D<sup>r<\/sup> Nilanga Abeysinghe<\/h3>\n\n\n202, 66 rue Josephine\nNorth Bay (Ontario) P1B 0A7\nTel: 705-474-2106\n\n\n<h3>D<sup>r<\/sup> Jonathan Blackadar<\/h3>\n\n\nNorthern Shores Medical Clinic\n10,\u00a0<span>promenade\u00a0<\/span>Maplewood\nNorth Bay\u00a0(Ontario) P1B 5H2\nT\u00e9l. : 705-478-0968\n\n\n<h3>D<sup>r<\/sup> Brian J. Buckley<\/h3>\n\n\n203-1950, avenue Algonquin\nNorth Bay (Ontario) P1B 4Z2\nT\u00e9l. : 705-474-3010\n\n\n<h3>D<sup>r<\/sup> Joel Carter<\/h3>\n\n\nNear North Medical Clinic\n201-66, rue Josephine\nNorth Bay (Ontario) P1B 0A7\nT\u00e9l. : 705-495-2685\n\n\n<h3>D<sup>r<\/sup> Chris Cathers<\/h3>\n\n\nNear North Medical Clinic\n201-66, rue Josephine\nNorth Bay (Ontario) P1B 0A7\nT\u00e9l. : 705-495-2685\n\n\n<h3>D<sup>r<\/sup> Charles L. Cuncins<\/h3>\n\n\n301-111, rue Main Ouest\nNorth Bay (Ontario) P1B 2T6\nT\u00e9l. : 705-472-5670\n\n\n<h3><a name=\"drph2\"><\/a>D<sup>r<\/sup> Ralph Dell'Aquila<\/h3>\n\n\n102-239, rue Main Est\nNorth Bay (Ontario) P1B 1B2\nT\u00e9l.: 705-478-7197\n\n\n<h3>D<sup>r<\/sup> Connor Edie<\/h3>\n\n\nNorthern Shores Medical Clinic\n10,\u00a0promenade\u00a0Maplewood\nNorth Bay\u00a0(Ontario) P1B 5H2\n<span>T\u00e9l. :<\/span> 705- 478-0968\n\n\n<h3>D<sup>r<\/sup> Chris Galema<\/h3>\n\n\n307-1950, avenue Algonquin\nNorth Bay (Ontario) P1B 4Z2\nT\u00e9l. : 705-840-5351\n\n\n<h3>D<sup>r<\/sup> Daniel Garcia<\/h3>\n\n\nNear North Medical Clinic\n201-66, rue Josephine\nNorth Bay (Ontario) P1B 0A7\nT\u00e9l. : 705-495-2685\n\n\n<h3>D<sup>r<\/sup> Margarita Gatchev<\/h3>\n\n\nCentre r\u00e9gional de sant\u00e9 de North Bay\n50, rue College\nNorth Bay (Ontario) P1B 5A4\nT\u00e9l. : 705-474-8600\n\n\n<h3>D<sup>r<\/sup> Renee Gauthier<\/h3>\n\n\nNorthern Shores Medical Clinic\n10,\u00a0promenade\u00a0Maplewood\nNorth Bay\u00a0(Ontario) P1B 5H2\nT\u00e9l. : 705- 478-0968\n\n\n<h3>D<sup>r<\/sup> Anthony Giordano<\/h3>\n\n\nNorthern Shores Medical Clinic\n10,\u00a0promenade\u00a0Maplewood\nNorth Bay\u00a0(Ontario) P1B 5H2\nT\u00e9l. : 705- 478-0968\n\n\n<h3>D<sup>r<\/sup> Natalie Gleeson<\/h3>\n\n\nNorthern Shores Medical Clinic\n10,\u00a0promenade\u00a0Maplewood\nNorth Bay\u00a0(Ontario) P1B 5H2\nT\u00e9l. : 705- 478-0968\n\n\n<h3>D<sup>r<\/sup> Alison Halpert<\/h3>\n\n\nNorthern Shores Medical Clinic\n10,\u00a0promenade\u00a0Maplewood\nNorth Bay\u00a0(Ontario) P1B 5H2\nT\u00e9l. : 705- 478-0968\n\n\n<h3>D<sup>r<\/sup> Andre Hasspieler<\/h3>\n\n\n305-1950, avenue Algonquin\nNorth Bay (Ontario) P1B 4Z2\nT\u00e9l.: 705-495-0300\n\n\n<h3><a name=\"drph3\"><\/a>D<sup>r<\/sup> Inez Jinnah<\/h3>\n\n\nNear North Medical Clinic\n201-66, rue Josephine\nNorth Bay (Ontario) P1B 0A7\nT\u00e9l. : 705-495-2685\n\n\n<h3>D<sup>r<\/sup> Rebekah King<\/h3>\n\n\nNear North Medical Clinic\n201-66, rue Josephine\nNorth Bay (Ontario) P1B 0A7\nT\u00e9l. : 705-495-2685\n\n\n<h3>D<sup>r<\/sup> Laura Kistemaker<\/h3>\n\n\n204-1950, avenue Algonquin\nNorth Bay (Ontario) P1B 4Z2\nT\u00e9l. : 705-495-2685\n\n\n<h3>D<sup>r<\/sup> Terena Lam<\/h3>\n\n\nLakeside Medical Clinic\n299, rue Main Nord\nCallander (Ontario) P0H 1H0\nT\u00e9l. : 705-752-1004\n\n\n<h3>D<sup>r<\/sup> Aimee Laronde<\/h3>\n\n\nNorthern Shores Medical Clinic\n10,\u00a0promenade\u00a0Maplewood\nNorth Bay\u00a0(Ontario) P1B 5H2\nT\u00e9l. : 705- 478-0968\n\n\n<h3>D<sup>r<\/sup> Michael Leckie<\/h3>\n\n\nNear North Medical Clinic\n201-66, rue Josephine\nNorth Bay (Ontario) P1B 0A7\nT\u00e9l. : 705-495-2685\n\n\n<h3>D<sup>r<\/sup> Bryan Lemenchick<\/h3>\n\n\nSportMED+\nCentre r\u00e9gional de sant\u00e9 de North Bay\n50, rue College\nNorth Bay (Ontario) P1B 0A4\nT\u00e9l. : 705-495-8105\n\n\n<h3>D<sup>r<\/sup> Kirsty Locke<\/h3>\n\n\n401-111, rue Main Ouest\nNorth Bay (Ontario) P1B 2T6\nT\u00e9l. : 705-495-6066\n\n\n<h3>D<sup>r<\/sup> Taylor Lougheed<\/h3>\n\n\nSportMED+\nCentre r\u00e9gional de sant\u00e9 de North Bay\n50, rue College\nNorth Bay (Ontario) P1B 0A4\nT\u00e9l. : 705-495-8105\n\n\n<h3>D<sup>r<\/sup> Katarzyna Lukomska<\/h3>\n\n\n202-1950, avenue Algonquin\nNorth Bay (Ontario) P1B 4Z2\nT\u00e9l. : 705-476-0086\n\n\n<h3>D<sup>r<\/sup> Gordon Mah<\/h3>\n\n\n201-111, rue Main Ouest\nNorth Bay (Ontario) P1B 2T6\nT\u00e9l. : 705-475-1052\n\n\n<h3>D<sup>r<\/sup> Hailey Moore<\/h3>\n\n\nLakeside Medical Clinic\n299, rue Main Nord\nCallander (Ontario) P0H 1H0\nT\u00e9l. : 705-752-1004\n\n\n<h3><a name=\"drph4\"><\/a>D<sup>r<\/sup> Derek Ng<\/h3>\n\n\nNear North Medical Clinic\n201-66, rue Josephine\nNorth Bay (Ontario) P1B 0A7\nT\u00e9l. : 705-495-2685\n\n\n<h3>D<sup>r<\/sup> Melanie O'Grady<\/h3>\n\n\n202-66, rue Josephine\nNorth Bay (Ontario) P1B 0A7\nT\u00e9l.: 705-474-1441\n\n\n<h3>D<sup>r<\/sup> Idowu Oyeniran<\/h3>\n\n\n91, rue Champlain\nNorth Bay (Ontario) P1B 7M3\nT\u00e9l.: 705-495-2323\n\n\n<h3>D<sup>r<\/sup> Wayne Phillipson<\/h3>\n\n\n302-1950, avenue Algonquin\nNorth Bay (Ontario) P1B 4Z2\nT\u00e9l. : 705-495-6232\n\n\n<h3>D<sup>r<\/sup> Paul Preston<\/h3>\n\n\n91, rue Champlain\nNorth Bay (Ontario) P1B 7M3\nT\u00e9l.: 705-494-8777\n\n\n<h3>D<sup>r<\/sup> Rebecca Rappaport<\/h3>\n\n\n22 Wing Family Medical Clinic\n95, rue Manston\nHornell Heights (Ontario) POH 1PO\nT\u00e9l.: 705-494-2149\n\n\n<h3>D<sup>r<\/sup> Kerry Reed<\/h3>\n\n\n2029, rue Cassells\nNorth Bay (Ontario) P1B 4E1\nT\u00e9l.: 705-494-8733\n\n\n<h3>D<sup>r<\/sup> Sheryl Riley<\/h3>\n\n\nLakeside Medical Clinic\n299, rue Main Nord\nCallander (Ontario) P0H 1H0\nT\u00e9l. : 705-752-1004\n\n\n<h3>D<sup>r<\/sup> Nicholas Roscoe<\/h3>\n\n\nNear North Medical Clinic\n201-66, rue Josephine\nNorth Bay (Ontario) P1B 0A7\nT\u00e9l. : 705-495-2685\n\n\n<h3>D<sup>r<\/sup> Terry G. Rotondo<\/h3>\n\n\n2029, rue Cassells\nNorth Bay (Ontario) P1B 4E1\nT\u00e9l. : 705-476-5516\n\n\n<h3><a name=\"drph5\"><\/a>D<sup>r<\/sup> Scot Saltstone<\/h3>\n\n\nMental Health Clinic\n120, rue King Ouest\nNorth Bay (Ontario) P1B 5Z7\nT\u00e9l.: 705-494-3050\n\n\n<h3>D<sup>r<\/sup> John Seguin<\/h3>\n\n\nMental Health Clinic\n120, rue King Ouest\nNorth Bay (Ontario) P1B 5Z7\nT\u00e9l.: 705-494-3050\n\n\n<h3>D<sup>r<\/sup> Richard Senior<\/h3>\n\n\nNear North Medical Clinic\n201-66, rue Josephine\nNorth Bay (Ontario) P1B 0A7\nT\u00e9l. : 705-495-2685\n\n\n<h3>D<sup>r<\/sup> Kathryn Shaw<\/h3>\n\n\n404-111, rue Main Ouest\nNorth Bay (Ontario) P1B 2T6\nT\u00e9l. : 705-476-7400\n\n\n<h3>D<sup>r<\/sup> Andrew Spencer<\/h3>\n\n\n206-1950, avenue Algonquin\nNorth Bay (Ontario) P1B 4Z2\nT\u00e9l. : 705-472-1030\n\n\n<h3>D<sup>r<\/sup> Melissa Stacey<\/h3>\n\n\nNear North Medical Clinic\n66 Josephine Street, Suite 201\nNorth Bay, ON P1B 0A7\nTel: 705-495-2685\n\n\n<h3>D<sup>r<\/sup> Bailey Steele<\/h3>\n\n\nNorthern Shores Medical Clinic\n10,\u00a0promenade\u00a0Maplewood\nNorth Bay\u00a0(Ontario) P1B 5H2\nT\u00e9l. : 705- 478-0968\n\n\n<h3>D<sup>r<\/sup> Zsolt Toth<\/h3>\n\n\n302-111, rue Main Ouest\nNorth Bay (Ontario) P1B 2T6\nT\u00e9l. : 705-497-0424\n\n\n<h3>D<sup>r<\/sup> Richard Trenker<\/h3>\n\n\n402-111, rue Main Ouest\nNorth Bay (Ontario) P1B 2T6\nT\u00e9l. : 705-494-8877\n\n\n<h3>D<sup>r<\/sup> James Truong<\/h3>\n\n\nLakeside Medical Clinic\n299, rue Main Nord\nCallander (Ontario) P0H 1H0\nT\u00e9l. : 705-752-1004\n\n\n<h3><a name=\"drph6\"><\/a>D<sup>r<\/sup> James S. Vigars<\/h3>\n\n\n400, rue Main Ouest\nNorth Bay (Ontario) P1B 2V2\nT\u00e9l. : 705-476-1293\n\n\n<h3>D<sup>r<\/sup> Derrick Yates<\/h3>\n\n\nLakeside Medical Clinic\n299, rue Main Nord\nCallander (Ontario) P0H 1H0\nT\u00e9l. : 705-752-1004--><\/p>\n","protected":false},"excerpt":{"rendered":"","protected":false},"author":17,"featured_media":0,"parent":4551,"menu_order":0,"comment_status":"open","ping_status":"open","template":"template-covid-1sec.php","meta":{"_acf_changed":false,"_monsterinsights_skip_tracking":false,"_monsterinsights_sitenote_active":false,"_monsterinsights_sitenote_note":"","_monsterinsights_sitenote_category":0,"footnotes":"","_links_to":"","_links_to_target":"","_wp_rev_ctl_limit":""},"tags":[92,91,2813,90,89,2872],"class_list":["post-1862","page","type-page","status-publish","hentry","tag-doc-fr","tag-docteure","tag-family-doctors-fr","tag-medecins","tag-medecins-de-famille","tag-protection-de-la-vie-privee-fr"],"acf":[],"yoast_head":"<!-- This site is optimized with the Yoast SEO plugin v27.4 - https:\/\/yoast.com\/product\/yoast-seo-wordpress\/ -->\n<title>M\u00e9decins de famille ayant des droits hospitaliers<\/title>\n<meta name=\"description\" content=\"Liste actuelle des m\u00e9decins de famille ayant des privil\u00e8ges hospitaliers au Centre r\u00e9gional de sant\u00e9 de North Bay.\" \/>\n<meta name=\"robots\" content=\"index, follow, max-snippet:-1, max-image-preview:large, max-video-preview:-1\" \/>\n<link rel=\"canonical\" href=\"https:\/\/nbrhc.on.ca\/fr\/patients-et-visiteurs\/les-fournisseurs-de-soins\/medecins-de-famille-ayant-des-droits-hospitaliers\/\" \/>\n<meta property=\"og:locale\" content=\"fr_FR\" \/>\n<meta property=\"og:type\" content=\"article\" \/>\n<meta property=\"og:title\" content=\"M\u00e9decins de famille ayant des droits hospitaliers\" \/>\n<meta property=\"og:description\" content=\"Liste actuelle des m\u00e9decins de famille ayant des privil\u00e8ges hospitaliers au Centre r\u00e9gional de sant\u00e9 de North Bay.\" \/>\n<meta property=\"og:url\" content=\"https:\/\/nbrhc.on.ca\/fr\/patients-et-visiteurs\/les-fournisseurs-de-soins\/medecins-de-famille-ayant-des-droits-hospitaliers\/\" \/>\n<meta property=\"og:site_name\" content=\"NBRHC\" \/>\n<meta property=\"article:publisher\" content=\"https:\/\/www.facebook.com\/nbrhc\" \/>\n<meta property=\"article:modified_time\" content=\"2025-07-02T19:01:47+00:00\" \/>\n<meta property=\"og:image\" content=\"https:\/\/nbrhc.on.ca\/wp-content\/uploads\/2015\/07\/icon_col.jpeg\" \/>\n\t<meta property=\"og:image:width\" content=\"619\" \/>\n\t<meta property=\"og:image:height\" content=\"619\" \/>\n\t<meta property=\"og:image:type\" content=\"image\/jpeg\" \/>\n<script type=\"application\/ld+json\" class=\"yoast-schema-graph\">{\"@context\":\"https:\\\/\\\/schema.org\",\"@graph\":[{\"@type\":\"WebPage\",\"@id\":\"https:\\\/\\\/nbrhc.on.ca\\\/fr\\\/patients-et-visiteurs\\\/les-fournisseurs-de-soins\\\/medecins-de-famille-ayant-des-droits-hospitaliers\\\/\",\"url\":\"https:\\\/\\\/nbrhc.on.ca\\\/fr\\\/patients-et-visiteurs\\\/les-fournisseurs-de-soins\\\/medecins-de-famille-ayant-des-droits-hospitaliers\\\/\",\"name\":\"M\u00e9decins de famille ayant des droits hospitaliers\",\"isPartOf\":{\"@id\":\"https:\\\/\\\/nbrhc.on.ca\\\/#website\"},\"datePublished\":\"2014-03-20T18:19:55+00:00\",\"dateModified\":\"2025-07-02T19:01:47+00:00\",\"description\":\"Liste actuelle des m\u00e9decins de famille ayant des privil\u00e8ges hospitaliers au Centre r\u00e9gional de sant\u00e9 de North Bay.\",\"breadcrumb\":{\"@id\":\"https:\\\/\\\/nbrhc.on.ca\\\/fr\\\/patients-et-visiteurs\\\/les-fournisseurs-de-soins\\\/medecins-de-famille-ayant-des-droits-hospitaliers\\\/#breadcrumb\"},\"inLanguage\":\"fr-FR\",\"potentialAction\":[{\"@type\":\"ReadAction\",\"target\":[\"https:\\\/\\\/nbrhc.on.ca\\\/fr\\\/patients-et-visiteurs\\\/les-fournisseurs-de-soins\\\/medecins-de-famille-ayant-des-droits-hospitaliers\\\/\"]}]},{\"@type\":\"BreadcrumbList\",\"@id\":\"https:\\\/\\\/nbrhc.on.ca\\\/fr\\\/patients-et-visiteurs\\\/les-fournisseurs-de-soins\\\/medecins-de-famille-ayant-des-droits-hospitaliers\\\/#breadcrumb\",\"itemListElement\":[{\"@type\":\"ListItem\",\"position\":1,\"name\":\"Home\",\"item\":\"https:\\\/\\\/nbrhc.on.ca\\\/fr\\\/\"},{\"@type\":\"ListItem\",\"position\":2,\"name\":\"Patients et visiteurs\",\"item\":\"https:\\\/\\\/nbrhc.on.ca\\\/fr\\\/patients-et-visiteurs\\\/\"},{\"@type\":\"ListItem\",\"position\":3,\"name\":\"Les fournisseurs de soins\",\"item\":\"https:\\\/\\\/nbrhc.on.ca\\\/fr\\\/patients-et-visiteurs\\\/les-fournisseurs-de-soins\\\/\"},{\"@type\":\"ListItem\",\"position\":4,\"name\":\"M\u00e9decins de famille ayant des droits hospitaliers\"}]},{\"@type\":\"WebSite\",\"@id\":\"https:\\\/\\\/nbrhc.on.ca\\\/#website\",\"url\":\"https:\\\/\\\/nbrhc.on.ca\\\/\",\"name\":\"NBRHC\",\"description\":\"North Bay Regional Health Centre\",\"publisher\":{\"@id\":\"https:\\\/\\\/nbrhc.on.ca\\\/#organization\"},\"potentialAction\":[{\"@type\":\"SearchAction\",\"target\":{\"@type\":\"EntryPoint\",\"urlTemplate\":\"https:\\\/\\\/nbrhc.on.ca\\\/?s={search_term_string}\"},\"query-input\":{\"@type\":\"PropertyValueSpecification\",\"valueRequired\":true,\"valueName\":\"search_term_string\"}}],\"inLanguage\":\"fr-FR\"},{\"@type\":\"Organization\",\"@id\":\"https:\\\/\\\/nbrhc.on.ca\\\/#organization\",\"name\":\"North Bay Regional Health Centre\",\"url\":\"https:\\\/\\\/nbrhc.on.ca\\\/\",\"logo\":{\"@type\":\"ImageObject\",\"inLanguage\":\"fr-FR\",\"@id\":\"https:\\\/\\\/nbrhc.on.ca\\\/#\\\/schema\\\/logo\\\/image\\\/\",\"url\":\"https:\\\/\\\/nbrhc.on.ca\\\/wp-content\\\/uploads\\\/2015\\\/07\\\/logo.jpg\",\"contentUrl\":\"https:\\\/\\\/nbrhc.on.ca\\\/wp-content\\\/uploads\\\/2015\\\/07\\\/logo.jpg\",\"width\":870,\"height\":128,\"caption\":\"North Bay Regional Health Centre\"},\"image\":{\"@id\":\"https:\\\/\\\/nbrhc.on.ca\\\/#\\\/schema\\\/logo\\\/image\\\/\"},\"sameAs\":[\"https:\\\/\\\/www.facebook.com\\\/nbrhc\",\"https:\\\/\\\/x.com\\\/NBRHC\",\"https:\\\/\\\/www.linkedin.com\\\/company\\\/north-bay-regional-health-centre-nbrhc\",\"https:\\\/\\\/www.pinterest.com\\\/nbrhc\",\"https:\\\/\\\/www.youtube.com\\\/TheNBRHC\"]}]}<\/script>\n<!-- \/ Yoast SEO plugin. -->","yoast_head_json":{"title":"M\u00e9decins de famille ayant des droits hospitaliers","description":"Liste actuelle des m\u00e9decins de famille ayant des privil\u00e8ges hospitaliers au Centre r\u00e9gional de sant\u00e9 de North Bay.","robots":{"index":"index","follow":"follow","max-snippet":"max-snippet:-1","max-image-preview":"max-image-preview:large","max-video-preview":"max-video-preview:-1"},"canonical":"https:\/\/nbrhc.on.ca\/fr\/patients-et-visiteurs\/les-fournisseurs-de-soins\/medecins-de-famille-ayant-des-droits-hospitaliers\/","og_locale":"fr_FR","og_type":"article","og_title":"M\u00e9decins de famille ayant des droits hospitaliers","og_description":"Liste actuelle des m\u00e9decins de famille ayant des privil\u00e8ges hospitaliers au Centre r\u00e9gional de sant\u00e9 de North Bay.","og_url":"https:\/\/nbrhc.on.ca\/fr\/patients-et-visiteurs\/les-fournisseurs-de-soins\/medecins-de-famille-ayant-des-droits-hospitaliers\/","og_site_name":"NBRHC","article_publisher":"https:\/\/www.facebook.com\/nbrhc","article_modified_time":"2025-07-02T19:01:47+00:00","og_image":[{"width":619,"height":619,"url":"https:\/\/nbrhc.on.ca\/wp-content\/uploads\/2015\/07\/icon_col.jpeg","type":"image\/jpeg"}],"schema":{"@context":"https:\/\/schema.org","@graph":[{"@type":"WebPage","@id":"https:\/\/nbrhc.on.ca\/fr\/patients-et-visiteurs\/les-fournisseurs-de-soins\/medecins-de-famille-ayant-des-droits-hospitaliers\/","url":"https:\/\/nbrhc.on.ca\/fr\/patients-et-visiteurs\/les-fournisseurs-de-soins\/medecins-de-famille-ayant-des-droits-hospitaliers\/","name":"M\u00e9decins de famille ayant des droits hospitaliers","isPartOf":{"@id":"https:\/\/nbrhc.on.ca\/#website"},"datePublished":"2014-03-20T18:19:55+00:00","dateModified":"2025-07-02T19:01:47+00:00","description":"Liste actuelle des m\u00e9decins de famille ayant des privil\u00e8ges hospitaliers au Centre r\u00e9gional de sant\u00e9 de North Bay.","breadcrumb":{"@id":"https:\/\/nbrhc.on.ca\/fr\/patients-et-visiteurs\/les-fournisseurs-de-soins\/medecins-de-famille-ayant-des-droits-hospitaliers\/#breadcrumb"},"inLanguage":"fr-FR","potentialAction":[{"@type":"ReadAction","target":["https:\/\/nbrhc.on.ca\/fr\/patients-et-visiteurs\/les-fournisseurs-de-soins\/medecins-de-famille-ayant-des-droits-hospitaliers\/"]}]},{"@type":"BreadcrumbList","@id":"https:\/\/nbrhc.on.ca\/fr\/patients-et-visiteurs\/les-fournisseurs-de-soins\/medecins-de-famille-ayant-des-droits-hospitaliers\/#breadcrumb","itemListElement":[{"@type":"ListItem","position":1,"name":"Home","item":"https:\/\/nbrhc.on.ca\/fr\/"},{"@type":"ListItem","position":2,"name":"Patients et visiteurs","item":"https:\/\/nbrhc.on.ca\/fr\/patients-et-visiteurs\/"},{"@type":"ListItem","position":3,"name":"Les fournisseurs de soins","item":"https:\/\/nbrhc.on.ca\/fr\/patients-et-visiteurs\/les-fournisseurs-de-soins\/"},{"@type":"ListItem","position":4,"name":"M\u00e9decins de famille ayant des droits hospitaliers"}]},{"@type":"WebSite","@id":"https:\/\/nbrhc.on.ca\/#website","url":"https:\/\/nbrhc.on.ca\/","name":"NBRHC","description":"North Bay Regional Health Centre","publisher":{"@id":"https:\/\/nbrhc.on.ca\/#organization"},"potentialAction":[{"@type":"SearchAction","target":{"@type":"EntryPoint","urlTemplate":"https:\/\/nbrhc.on.ca\/?s={search_term_string}"},"query-input":{"@type":"PropertyValueSpecification","valueRequired":true,"valueName":"search_term_string"}}],"inLanguage":"fr-FR"},{"@type":"Organization","@id":"https:\/\/nbrhc.on.ca\/#organization","name":"North Bay Regional Health Centre","url":"https:\/\/nbrhc.on.ca\/","logo":{"@type":"ImageObject","inLanguage":"fr-FR","@id":"https:\/\/nbrhc.on.ca\/#\/schema\/logo\/image\/","url":"https:\/\/nbrhc.on.ca\/wp-content\/uploads\/2015\/07\/logo.jpg","contentUrl":"https:\/\/nbrhc.on.ca\/wp-content\/uploads\/2015\/07\/logo.jpg","width":870,"height":128,"caption":"North Bay Regional Health Centre"},"image":{"@id":"https:\/\/nbrhc.on.ca\/#\/schema\/logo\/image\/"},"sameAs":["https:\/\/www.facebook.com\/nbrhc","https:\/\/x.com\/NBRHC","https:\/\/www.linkedin.com\/company\/north-bay-regional-health-centre-nbrhc","https:\/\/www.pinterest.com\/nbrhc","https:\/\/www.youtube.com\/TheNBRHC"]}]}},"_links":{"self":[{"href":"https:\/\/nbrhc.on.ca\/fr\/wp-json\/wp\/v2\/pages\/1862","targetHints":{"allow":["GET"]}}],"collection":[{"href":"https:\/\/nbrhc.on.ca\/fr\/wp-json\/wp\/v2\/pages"}],"about":[{"href":"https:\/\/nbrhc.on.ca\/fr\/wp-json\/wp\/v2\/types\/page"}],"author":[{"embeddable":true,"href":"https:\/\/nbrhc.on.ca\/fr\/wp-json\/wp\/v2\/users\/17"}],"replies":[{"embeddable":true,"href":"https:\/\/nbrhc.on.ca\/fr\/wp-json\/wp\/v2\/comments?post=1862"}],"version-history":[{"count":6,"href":"https:\/\/nbrhc.on.ca\/fr\/wp-json\/wp\/v2\/pages\/1862\/revisions"}],"predecessor-version":[{"id":44916,"href":"https:\/\/nbrhc.on.ca\/fr\/wp-json\/wp\/v2\/pages\/1862\/revisions\/44916"}],"up":[{"embeddable":true,"href":"https:\/\/nbrhc.on.ca\/fr\/wp-json\/wp\/v2\/pages\/4551"}],"wp:attachment":[{"href":"https:\/\/nbrhc.on.ca\/fr\/wp-json\/wp\/v2\/media?parent=1862"}],"wp:term":[{"taxonomy":"post_tag","embeddable":true,"href":"https:\/\/nbrhc.on.ca\/fr\/wp-json\/wp\/v2\/tags?post=1862"}],"curies":[{"name":"wp","href":"https:\/\/api.w.org\/{rel}","templated":true}]}}