{"id":1866,"date":"2014-03-20T14:21:32","date_gmt":"2014-03-20T18:21:32","guid":{"rendered":"http:\/\/www.nbrhc.on.ca\/?page_id=1866"},"modified":"2021-08-20T11:32:11","modified_gmt":"2021-08-20T15:32:11","slug":"services-alimentaires-et-de-nutrition","status":"publish","type":"page","link":"https:\/\/nbrhc.on.ca\/fr\/patients-et-visiteurs\/le-sejour-a-lhopital\/services-alimentaires-et-de-nutrition\/","title":{"rendered":"Services d\u2019alimentation des patients et Services de nutrition clinique"},"content":{"rendered":"<h2 class=\"Subject\">Services d\u2019alimentation des patients<\/h2>\n<p>Les Services d\u2019alimentation des patients sont dot\u00e9s d\u2019une \u00e9quipe sp\u00e9cialis\u00e9e compos\u00e9e de di\u00e9t\u00e9tistes, de superviseurs, de cuisiniers, de r\u00e9ceptionnaires, de commis et de pr\u00e9pos\u00e9s aux services d\u2019alimentation qui travaillent ensemble pour offrir un menu s\u00e9lectif ou non s\u00e9lectif de deux semaines. En raison de la diversit\u00e9 des besoins des patients, nous offrons une vari\u00e9t\u00e9 de styles de service de repas, y compris un service sur plateau, un service \u00e0 la salle \u00e0 manger ou aux tables et un service de style buffet. Dans certains secteurs de l\u2019h\u00f4pital, on offre des s\u00e9lections de repas. La plupart des unit\u00e9s de soins aux patients sont munies de garde-mangers qui sont accessibles jour et nuit.<\/p>\n<p>Apr\u00e8s l\u2019admission, le personnel clinique s\u2019informera au sujet des allergies alimentaires et d\u00e9terminera le r\u00e9gime alimentaire qui s\u2019impose. Le personnel des Services d\u2019alimentation des patients sert toutes sortes d\u2019aliments nutritifs recommand\u00e9s dans le <em>Guide alimentaire canadien <\/em>en mettant l\u2019accent sur les produits de grains entiers, les fruits et les l\u00e9gumes. Si vous avez des questions ou des pr\u00e9occupations concernant votre r\u00e9gime alimentaire ou si vous voulez consulter une di\u00e9t\u00e9tiste, parlez-en \u00e0 votre infirmi\u00e8re.<\/p>\n<h2>Services de nutrition clinique<\/h2>\n<p>Des di\u00e9t\u00e9tistes professionnelles assurent la gestion nutritionnelle des troubles m\u00e9dicaux des patients de tout \u00e2ge. Elles proc\u00e8dent \u00e0 une \u00e9valuation nutritive et fournissent aux patients une \u00e9ducation en mati\u00e8re de nutrition afin de les aider \u00e0 atteindre et \u00e0 maintenir un \u00e9tat de sant\u00e9 optimal.<\/p>\n<p>En tant que professionnelles de la sant\u00e9, elles participent \u00e0 bon nombre de programmes, notamment les suivants :<\/p>\n<ul>\n<li>diab\u00e8te;<\/li>\n<li>counseling en nutrition communautaire;<\/li>\n<li>troubles de l\u2019alimentation (anorexie et boulimie);<\/li>\n<li>sant\u00e9 du c\u0153ur;<\/li>\n<li>nutrition des nourrissons et des enfants;<\/li>\n<li>soins intensifs;<\/li>\n<li>maladies du rein;<\/li>\n<li>m\u00e9decine et soins continus complexes;<\/li>\n<li>sant\u00e9 mentale;<\/li>\n<li>chirurgie.<\/li>\n<\/ul>\n<p>Les di\u00e9t\u00e9tistes professionnelles ont re\u00e7u une formation sp\u00e9cialis\u00e9e leur permettant de fournir des conseils sur l\u2019alimentation, les r\u00e9gimes et la nutrition. Toutes les di\u00e9t\u00e9tistes d\u00e9tiennent un baccalaur\u00e9at sp\u00e9cialis\u00e9 en alimentation et en nutrition et ont particip\u00e9 \u00e0 un programme d\u2019internat reconnu ou ont obtenu un dipl\u00f4me d\u2019\u00e9tudes sup\u00e9rieures.<\/p>\n","protected":false},"excerpt":{"rendered":"<p>Services d\u2019alimentation des patients Les Services d\u2019alimentation des patients sont dot\u00e9s d\u2019une \u00e9quipe sp\u00e9cialis\u00e9e compos\u00e9e de di\u00e9t\u00e9tistes, de superviseurs, de cuisiniers, de r\u00e9ceptionnaires, de commis et de pr\u00e9pos\u00e9s aux services [&hellip;]<\/p>\n","protected":false},"author":17,"featured_media":0,"parent":4563,"menu_order":0,"comment_status":"open","ping_status":"open","template":"","meta":{"_acf_changed":false,"_monsterinsights_skip_tracking":false,"_monsterinsights_sitenote_active":false,"_monsterinsights_sitenote_note":"","_monsterinsights_sitenote_category":0,"footnotes":"","_links_to":"","_links_to_target":"","_wp_rev_ctl_limit":""},"tags":[224,223],"class_list":["post-1866","page","type-page","status-publish","hentry","tag-manger","tag-services-alimentaires-et-de-nutrition"],"acf":[],"yoast_head":"<!-- This site is optimized with the Yoast SEO plugin v27.4 - https:\/\/yoast.com\/product\/yoast-seo-wordpress\/ -->\n<title>Services d\u2019alimentation des patients et Services de nutrition clinique<\/title>\n<meta name=\"description\" content=\"Ce d\u00e9partement se compose d&#039;une \u00e9quipe sp\u00e9cialis\u00e9e qui travaille collectivement pour offrir un menu s\u00e9lectif et non s\u00e9lectif de 2 semaines\" \/>\n<meta name=\"robots\" content=\"index, follow, max-snippet:-1, max-image-preview:large, max-video-preview:-1\" \/>\n<link rel=\"canonical\" href=\"https:\/\/nbrhc.on.ca\/fr\/patients-et-visiteurs\/le-sejour-a-lhopital\/services-alimentaires-et-de-nutrition\/\" \/>\n<meta property=\"og:locale\" content=\"fr_FR\" \/>\n<meta property=\"og:type\" content=\"article\" \/>\n<meta property=\"og:title\" content=\"Services d\u2019alimentation des patients et Services de nutrition clinique\" \/>\n<meta property=\"og:description\" content=\"Ce d\u00e9partement se compose d&#039;une \u00e9quipe sp\u00e9cialis\u00e9e qui travaille collectivement pour offrir un menu s\u00e9lectif et non s\u00e9lectif de 2 semaines\" \/>\n<meta property=\"og:url\" content=\"https:\/\/nbrhc.on.ca\/fr\/patients-et-visiteurs\/le-sejour-a-lhopital\/services-alimentaires-et-de-nutrition\/\" \/>\n<meta property=\"og:site_name\" content=\"NBRHC\" \/>\n<meta property=\"article:publisher\" content=\"https:\/\/www.facebook.com\/nbrhc\" \/>\n<meta property=\"article:modified_time\" content=\"2021-08-20T15:32:11+00:00\" \/>\n<meta property=\"og:image\" content=\"https:\/\/nbrhc.on.ca\/wp-content\/uploads\/2015\/07\/icon_col.jpeg\" \/>\n\t<meta property=\"og:image:width\" content=\"619\" \/>\n\t<meta property=\"og:image:height\" content=\"619\" \/>\n\t<meta property=\"og:image:type\" content=\"image\/jpeg\" \/>\n<meta name=\"twitter:label1\" content=\"Dur\u00e9e de lecture estim\u00e9e\" \/>\n\t<meta name=\"twitter:data1\" content=\"2 minutes\" \/>\n<script type=\"application\/ld+json\" class=\"yoast-schema-graph\">{\"@context\":\"https:\\\/\\\/schema.org\",\"@graph\":[{\"@type\":\"WebPage\",\"@id\":\"https:\\\/\\\/nbrhc.on.ca\\\/fr\\\/patients-et-visiteurs\\\/le-sejour-a-lhopital\\\/services-alimentaires-et-de-nutrition\\\/\",\"url\":\"https:\\\/\\\/nbrhc.on.ca\\\/fr\\\/patients-et-visiteurs\\\/le-sejour-a-lhopital\\\/services-alimentaires-et-de-nutrition\\\/\",\"name\":\"Services d\u2019alimentation des patients et Services de nutrition clinique\",\"isPartOf\":{\"@id\":\"https:\\\/\\\/nbrhc.on.ca\\\/#website\"},\"datePublished\":\"2014-03-20T18:21:32+00:00\",\"dateModified\":\"2021-08-20T15:32:11+00:00\",\"description\":\"Ce d\u00e9partement se compose d'une \u00e9quipe sp\u00e9cialis\u00e9e qui travaille collectivement pour offrir un menu s\u00e9lectif et non s\u00e9lectif de 2 semaines\",\"breadcrumb\":{\"@id\":\"https:\\\/\\\/nbrhc.on.ca\\\/fr\\\/patients-et-visiteurs\\\/le-sejour-a-lhopital\\\/services-alimentaires-et-de-nutrition\\\/#breadcrumb\"},\"inLanguage\":\"fr-FR\",\"potentialAction\":[{\"@type\":\"ReadAction\",\"target\":[\"https:\\\/\\\/nbrhc.on.ca\\\/fr\\\/patients-et-visiteurs\\\/le-sejour-a-lhopital\\\/services-alimentaires-et-de-nutrition\\\/\"]}]},{\"@type\":\"BreadcrumbList\",\"@id\":\"https:\\\/\\\/nbrhc.on.ca\\\/fr\\\/patients-et-visiteurs\\\/le-sejour-a-lhopital\\\/services-alimentaires-et-de-nutrition\\\/#breadcrumb\",\"itemListElement\":[{\"@type\":\"ListItem\",\"position\":1,\"name\":\"Home\",\"item\":\"https:\\\/\\\/nbrhc.on.ca\\\/fr\\\/\"},{\"@type\":\"ListItem\",\"position\":2,\"name\":\"Patients et visiteurs\",\"item\":\"https:\\\/\\\/nbrhc.on.ca\\\/fr\\\/patients-et-visiteurs\\\/\"},{\"@type\":\"ListItem\",\"position\":3,\"name\":\"Le s\u00e9jour \u00e0 l\u2019h\u00f4pital\",\"item\":\"https:\\\/\\\/nbrhc.on.ca\\\/fr\\\/patients-et-visiteurs\\\/le-sejour-a-lhopital\\\/\"},{\"@type\":\"ListItem\",\"position\":4,\"name\":\"Services d\u2019alimentation des patients et Services de nutrition clinique\"}]},{\"@type\":\"WebSite\",\"@id\":\"https:\\\/\\\/nbrhc.on.ca\\\/#website\",\"url\":\"https:\\\/\\\/nbrhc.on.ca\\\/\",\"name\":\"NBRHC\",\"description\":\"North Bay Regional Health Centre\",\"publisher\":{\"@id\":\"https:\\\/\\\/nbrhc.on.ca\\\/#organization\"},\"potentialAction\":[{\"@type\":\"SearchAction\",\"target\":{\"@type\":\"EntryPoint\",\"urlTemplate\":\"https:\\\/\\\/nbrhc.on.ca\\\/?s={search_term_string}\"},\"query-input\":{\"@type\":\"PropertyValueSpecification\",\"valueRequired\":true,\"valueName\":\"search_term_string\"}}],\"inLanguage\":\"fr-FR\"},{\"@type\":\"Organization\",\"@id\":\"https:\\\/\\\/nbrhc.on.ca\\\/#organization\",\"name\":\"North Bay Regional Health Centre\",\"url\":\"https:\\\/\\\/nbrhc.on.ca\\\/\",\"logo\":{\"@type\":\"ImageObject\",\"inLanguage\":\"fr-FR\",\"@id\":\"https:\\\/\\\/nbrhc.on.ca\\\/#\\\/schema\\\/logo\\\/image\\\/\",\"url\":\"https:\\\/\\\/nbrhc.on.ca\\\/wp-content\\\/uploads\\\/2015\\\/07\\\/logo.jpg\",\"contentUrl\":\"https:\\\/\\\/nbrhc.on.ca\\\/wp-content\\\/uploads\\\/2015\\\/07\\\/logo.jpg\",\"width\":870,\"height\":128,\"caption\":\"North Bay Regional Health Centre\"},\"image\":{\"@id\":\"https:\\\/\\\/nbrhc.on.ca\\\/#\\\/schema\\\/logo\\\/image\\\/\"},\"sameAs\":[\"https:\\\/\\\/www.facebook.com\\\/nbrhc\",\"https:\\\/\\\/x.com\\\/NBRHC\",\"https:\\\/\\\/www.linkedin.com\\\/company\\\/north-bay-regional-health-centre-nbrhc\",\"https:\\\/\\\/www.pinterest.com\\\/nbrhc\",\"https:\\\/\\\/www.youtube.com\\\/TheNBRHC\"]}]}<\/script>\n<!-- \/ Yoast SEO plugin. -->","yoast_head_json":{"title":"Services d\u2019alimentation des patients et Services de nutrition clinique","description":"Ce d\u00e9partement se compose d'une \u00e9quipe sp\u00e9cialis\u00e9e qui travaille collectivement pour offrir un menu s\u00e9lectif et non s\u00e9lectif de 2 semaines","robots":{"index":"index","follow":"follow","max-snippet":"max-snippet:-1","max-image-preview":"max-image-preview:large","max-video-preview":"max-video-preview:-1"},"canonical":"https:\/\/nbrhc.on.ca\/fr\/patients-et-visiteurs\/le-sejour-a-lhopital\/services-alimentaires-et-de-nutrition\/","og_locale":"fr_FR","og_type":"article","og_title":"Services d\u2019alimentation des patients et Services de nutrition clinique","og_description":"Ce d\u00e9partement se compose d'une \u00e9quipe sp\u00e9cialis\u00e9e qui travaille collectivement pour offrir un menu s\u00e9lectif et non s\u00e9lectif de 2 semaines","og_url":"https:\/\/nbrhc.on.ca\/fr\/patients-et-visiteurs\/le-sejour-a-lhopital\/services-alimentaires-et-de-nutrition\/","og_site_name":"NBRHC","article_publisher":"https:\/\/www.facebook.com\/nbrhc","article_modified_time":"2021-08-20T15:32:11+00:00","og_image":[{"width":619,"height":619,"url":"https:\/\/nbrhc.on.ca\/wp-content\/uploads\/2015\/07\/icon_col.jpeg","type":"image\/jpeg"}],"twitter_misc":{"Dur\u00e9e de lecture estim\u00e9e":"2 minutes"},"schema":{"@context":"https:\/\/schema.org","@graph":[{"@type":"WebPage","@id":"https:\/\/nbrhc.on.ca\/fr\/patients-et-visiteurs\/le-sejour-a-lhopital\/services-alimentaires-et-de-nutrition\/","url":"https:\/\/nbrhc.on.ca\/fr\/patients-et-visiteurs\/le-sejour-a-lhopital\/services-alimentaires-et-de-nutrition\/","name":"Services d\u2019alimentation des patients et Services de nutrition clinique","isPartOf":{"@id":"https:\/\/nbrhc.on.ca\/#website"},"datePublished":"2014-03-20T18:21:32+00:00","dateModified":"2021-08-20T15:32:11+00:00","description":"Ce d\u00e9partement se compose d'une \u00e9quipe sp\u00e9cialis\u00e9e qui travaille collectivement pour offrir un menu s\u00e9lectif et non s\u00e9lectif de 2 semaines","breadcrumb":{"@id":"https:\/\/nbrhc.on.ca\/fr\/patients-et-visiteurs\/le-sejour-a-lhopital\/services-alimentaires-et-de-nutrition\/#breadcrumb"},"inLanguage":"fr-FR","potentialAction":[{"@type":"ReadAction","target":["https:\/\/nbrhc.on.ca\/fr\/patients-et-visiteurs\/le-sejour-a-lhopital\/services-alimentaires-et-de-nutrition\/"]}]},{"@type":"BreadcrumbList","@id":"https:\/\/nbrhc.on.ca\/fr\/patients-et-visiteurs\/le-sejour-a-lhopital\/services-alimentaires-et-de-nutrition\/#breadcrumb","itemListElement":[{"@type":"ListItem","position":1,"name":"Home","item":"https:\/\/nbrhc.on.ca\/fr\/"},{"@type":"ListItem","position":2,"name":"Patients et visiteurs","item":"https:\/\/nbrhc.on.ca\/fr\/patients-et-visiteurs\/"},{"@type":"ListItem","position":3,"name":"Le s\u00e9jour \u00e0 l\u2019h\u00f4pital","item":"https:\/\/nbrhc.on.ca\/fr\/patients-et-visiteurs\/le-sejour-a-lhopital\/"},{"@type":"ListItem","position":4,"name":"Services d\u2019alimentation des patients et Services de nutrition clinique"}]},{"@type":"WebSite","@id":"https:\/\/nbrhc.on.ca\/#website","url":"https:\/\/nbrhc.on.ca\/","name":"NBRHC","description":"North Bay Regional Health Centre","publisher":{"@id":"https:\/\/nbrhc.on.ca\/#organization"},"potentialAction":[{"@type":"SearchAction","target":{"@type":"EntryPoint","urlTemplate":"https:\/\/nbrhc.on.ca\/?s={search_term_string}"},"query-input":{"@type":"PropertyValueSpecification","valueRequired":true,"valueName":"search_term_string"}}],"inLanguage":"fr-FR"},{"@type":"Organization","@id":"https:\/\/nbrhc.on.ca\/#organization","name":"North Bay Regional Health Centre","url":"https:\/\/nbrhc.on.ca\/","logo":{"@type":"ImageObject","inLanguage":"fr-FR","@id":"https:\/\/nbrhc.on.ca\/#\/schema\/logo\/image\/","url":"https:\/\/nbrhc.on.ca\/wp-content\/uploads\/2015\/07\/logo.jpg","contentUrl":"https:\/\/nbrhc.on.ca\/wp-content\/uploads\/2015\/07\/logo.jpg","width":870,"height":128,"caption":"North Bay Regional Health Centre"},"image":{"@id":"https:\/\/nbrhc.on.ca\/#\/schema\/logo\/image\/"},"sameAs":["https:\/\/www.facebook.com\/nbrhc","https:\/\/x.com\/NBRHC","https:\/\/www.linkedin.com\/company\/north-bay-regional-health-centre-nbrhc","https:\/\/www.pinterest.com\/nbrhc","https:\/\/www.youtube.com\/TheNBRHC"]}]}},"_links":{"self":[{"href":"https:\/\/nbrhc.on.ca\/fr\/wp-json\/wp\/v2\/pages\/1866","targetHints":{"allow":["GET"]}}],"collection":[{"href":"https:\/\/nbrhc.on.ca\/fr\/wp-json\/wp\/v2\/pages"}],"about":[{"href":"https:\/\/nbrhc.on.ca\/fr\/wp-json\/wp\/v2\/types\/page"}],"author":[{"embeddable":true,"href":"https:\/\/nbrhc.on.ca\/fr\/wp-json\/wp\/v2\/users\/17"}],"replies":[{"embeddable":true,"href":"https:\/\/nbrhc.on.ca\/fr\/wp-json\/wp\/v2\/comments?post=1866"}],"version-history":[{"count":1,"href":"https:\/\/nbrhc.on.ca\/fr\/wp-json\/wp\/v2\/pages\/1866\/revisions"}],"predecessor-version":[{"id":26741,"href":"https:\/\/nbrhc.on.ca\/fr\/wp-json\/wp\/v2\/pages\/1866\/revisions\/26741"}],"up":[{"embeddable":true,"href":"https:\/\/nbrhc.on.ca\/fr\/wp-json\/wp\/v2\/pages\/4563"}],"wp:attachment":[{"href":"https:\/\/nbrhc.on.ca\/fr\/wp-json\/wp\/v2\/media?parent=1866"}],"wp:term":[{"taxonomy":"post_tag","embeddable":true,"href":"https:\/\/nbrhc.on.ca\/fr\/wp-json\/wp\/v2\/tags?post=1866"}],"curies":[{"name":"wp","href":"https:\/\/api.w.org\/{rel}","templated":true}]}}