{"id":1874,"date":"2014-03-20T14:24:27","date_gmt":"2014-03-20T18:24:27","guid":{"rendered":"http:\/\/www.nbrhc.on.ca\/?page_id=1874"},"modified":"2025-07-02T14:28:14","modified_gmt":"2025-07-02T18:28:14","slug":"sages-femmes-ayant-des-droits-hospitaliers","status":"publish","type":"page","link":"https:\/\/nbrhc.on.ca\/fr\/patients-et-visiteurs\/les-fournisseurs-de-soins\/sages-femmes-ayant-des-droits-hospitaliers\/","title":{"rendered":"Sages-femmes ayant des droits hospitaliers"},"content":{"rendered":"<h3>Kathleen Babe, (s.f.a.) &#8211; Locum<\/h3>\n<h3>Melissa Beaver, (s.f.a.) &#8211; Locum<\/h3>\n<h3>Aim\u00e9e Carbonneau, (s.f.a.)<\/h3>\n<h3>Rachel Dennis, (s.f.a.)<\/h3>\n<h3>Alyssa Gagnon, (s.f.a.) &#8211; Locum<\/h3>\n<h3>Hailey Horton, (s.f.a.)<\/h3>\n<h3>Bounmy Inthavong, (s.f.a.) &#8211; Locum<\/h3>\n<h3>Kristen Meecham, (s.f.a.)<\/h3>\n<h3>Nicole Romeiko, (s.f.a.) &#8211; Locum<\/h3>\n<h3>Tia Sarkar, (s.f.a.) &#8211; Locum<\/h3>\n<h3>Audrey ten Westeneind, (s.f.a.) &#8211; Locum<\/h3>\n<h3>Lauren Tignanelli, (s.f.a.) &#8211; Locum<\/h3>\n<h3>Rocio Velasquez Guzman, (s.f.a.) &#8211; Locum<\/h3>\n<p>K&rsquo;Tigaaning Midwives<br \/>\n40, chemin Couchie Industrial Sud<br \/>\nNorth Bay (Ontario) P1B 8G5<br \/>\nT\u00e9l. : 705-476-2229<\/p>\n<h3>Kathy Wells (s.f.a.)<\/h3>\n<p>Midwives Sages-Femmes of North Bay<br \/>\n508-222, rue McIntyre Ouest<br \/>\nNorth Bay (Ontario) P1B 2Y8<br \/>\nT\u00e9l. : 705-476-6226<\/p>\n","protected":false},"excerpt":{"rendered":"<p>Kathleen Babe, (s.f.a.) &#8211; Locum Melissa Beaver, (s.f.a.) &#8211; Locum Aim\u00e9e Carbonneau, (s.f.a.) Rachel Dennis, (s.f.a.) Alyssa Gagnon, (s.f.a.) &#8211; Locum Hailey Horton, (s.f.a.) Bounmy Inthavong, (s.f.a.) &#8211; Locum Kristen [&hellip;]<\/p>\n","protected":false},"author":17,"featured_media":0,"parent":4551,"menu_order":0,"comment_status":"open","ping_status":"open","template":"","meta":{"_acf_changed":false,"_monsterinsights_skip_tracking":false,"_monsterinsights_sitenote_active":false,"_monsterinsights_sitenote_note":"","_monsterinsights_sitenote_category":0,"footnotes":"","_links_to":"","_links_to_target":"","_wp_rev_ctl_limit":""},"tags":[93,94],"class_list":["post-1874","page","type-page","status-publish","hentry","tag-sages-femmes","tag-sfa"],"acf":[],"yoast_head":"<!-- This site is optimized with the Yoast SEO plugin v27.4 - https:\/\/yoast.com\/product\/yoast-seo-wordpress\/ -->\n<title>Sages-femmes ayant des droits hospitaliers<\/title>\n<meta name=\"description\" content=\"Le Centre r\u00e9gional de sant\u00e9 de North Bay permet \u00e0 ces sages-femmes approuv\u00e9es d&#039;acc\u00e9der \u00e0 l&#039;h\u00f4pital avec des privil\u00e8ges exclusifs\" \/>\n<meta name=\"robots\" content=\"index, follow, max-snippet:-1, max-image-preview:large, max-video-preview:-1\" \/>\n<link rel=\"canonical\" href=\"https:\/\/nbrhc.on.ca\/fr\/patients-et-visiteurs\/les-fournisseurs-de-soins\/sages-femmes-ayant-des-droits-hospitaliers\/\" \/>\n<meta property=\"og:locale\" content=\"fr_FR\" \/>\n<meta property=\"og:type\" content=\"article\" \/>\n<meta property=\"og:title\" content=\"Sages-femmes ayant des droits hospitaliers\" \/>\n<meta property=\"og:description\" content=\"Le Centre r\u00e9gional de sant\u00e9 de North Bay permet \u00e0 ces sages-femmes approuv\u00e9es d&#039;acc\u00e9der \u00e0 l&#039;h\u00f4pital avec des privil\u00e8ges exclusifs\" \/>\n<meta property=\"og:url\" content=\"https:\/\/nbrhc.on.ca\/fr\/patients-et-visiteurs\/les-fournisseurs-de-soins\/sages-femmes-ayant-des-droits-hospitaliers\/\" \/>\n<meta property=\"og:site_name\" content=\"NBRHC\" \/>\n<meta property=\"article:publisher\" content=\"https:\/\/www.facebook.com\/nbrhc\" \/>\n<meta property=\"article:modified_time\" content=\"2025-07-02T18:28:14+00:00\" \/>\n<meta property=\"og:image\" content=\"https:\/\/nbrhc.on.ca\/wp-content\/uploads\/2015\/07\/icon_col.jpeg\" \/>\n\t<meta property=\"og:image:width\" content=\"619\" \/>\n\t<meta property=\"og:image:height\" content=\"619\" \/>\n\t<meta property=\"og:image:type\" content=\"image\/jpeg\" \/>\n<meta name=\"twitter:label1\" content=\"Dur\u00e9e de lecture estim\u00e9e\" \/>\n\t<meta name=\"twitter:data1\" content=\"1 minute\" \/>\n<script type=\"application\/ld+json\" class=\"yoast-schema-graph\">{\"@context\":\"https:\\\/\\\/schema.org\",\"@graph\":[{\"@type\":\"WebPage\",\"@id\":\"https:\\\/\\\/nbrhc.on.ca\\\/fr\\\/patients-et-visiteurs\\\/les-fournisseurs-de-soins\\\/sages-femmes-ayant-des-droits-hospitaliers\\\/\",\"url\":\"https:\\\/\\\/nbrhc.on.ca\\\/fr\\\/patients-et-visiteurs\\\/les-fournisseurs-de-soins\\\/sages-femmes-ayant-des-droits-hospitaliers\\\/\",\"name\":\"Sages-femmes ayant des droits hospitaliers\",\"isPartOf\":{\"@id\":\"https:\\\/\\\/nbrhc.on.ca\\\/#website\"},\"datePublished\":\"2014-03-20T18:24:27+00:00\",\"dateModified\":\"2025-07-02T18:28:14+00:00\",\"description\":\"Le Centre r\u00e9gional de sant\u00e9 de North Bay permet \u00e0 ces sages-femmes approuv\u00e9es d'acc\u00e9der \u00e0 l'h\u00f4pital avec des privil\u00e8ges exclusifs\",\"breadcrumb\":{\"@id\":\"https:\\\/\\\/nbrhc.on.ca\\\/fr\\\/patients-et-visiteurs\\\/les-fournisseurs-de-soins\\\/sages-femmes-ayant-des-droits-hospitaliers\\\/#breadcrumb\"},\"inLanguage\":\"fr-FR\",\"potentialAction\":[{\"@type\":\"ReadAction\",\"target\":[\"https:\\\/\\\/nbrhc.on.ca\\\/fr\\\/patients-et-visiteurs\\\/les-fournisseurs-de-soins\\\/sages-femmes-ayant-des-droits-hospitaliers\\\/\"]}]},{\"@type\":\"BreadcrumbList\",\"@id\":\"https:\\\/\\\/nbrhc.on.ca\\\/fr\\\/patients-et-visiteurs\\\/les-fournisseurs-de-soins\\\/sages-femmes-ayant-des-droits-hospitaliers\\\/#breadcrumb\",\"itemListElement\":[{\"@type\":\"ListItem\",\"position\":1,\"name\":\"Home\",\"item\":\"https:\\\/\\\/nbrhc.on.ca\\\/fr\\\/\"},{\"@type\":\"ListItem\",\"position\":2,\"name\":\"Patients et visiteurs\",\"item\":\"https:\\\/\\\/nbrhc.on.ca\\\/fr\\\/patients-et-visiteurs\\\/\"},{\"@type\":\"ListItem\",\"position\":3,\"name\":\"Les fournisseurs de soins\",\"item\":\"https:\\\/\\\/nbrhc.on.ca\\\/fr\\\/patients-et-visiteurs\\\/les-fournisseurs-de-soins\\\/\"},{\"@type\":\"ListItem\",\"position\":4,\"name\":\"Sages-femmes ayant des droits hospitaliers\"}]},{\"@type\":\"WebSite\",\"@id\":\"https:\\\/\\\/nbrhc.on.ca\\\/#website\",\"url\":\"https:\\\/\\\/nbrhc.on.ca\\\/\",\"name\":\"NBRHC\",\"description\":\"North Bay Regional Health Centre\",\"publisher\":{\"@id\":\"https:\\\/\\\/nbrhc.on.ca\\\/#organization\"},\"potentialAction\":[{\"@type\":\"SearchAction\",\"target\":{\"@type\":\"EntryPoint\",\"urlTemplate\":\"https:\\\/\\\/nbrhc.on.ca\\\/?s={search_term_string}\"},\"query-input\":{\"@type\":\"PropertyValueSpecification\",\"valueRequired\":true,\"valueName\":\"search_term_string\"}}],\"inLanguage\":\"fr-FR\"},{\"@type\":\"Organization\",\"@id\":\"https:\\\/\\\/nbrhc.on.ca\\\/#organization\",\"name\":\"North Bay Regional Health Centre\",\"url\":\"https:\\\/\\\/nbrhc.on.ca\\\/\",\"logo\":{\"@type\":\"ImageObject\",\"inLanguage\":\"fr-FR\",\"@id\":\"https:\\\/\\\/nbrhc.on.ca\\\/#\\\/schema\\\/logo\\\/image\\\/\",\"url\":\"https:\\\/\\\/nbrhc.on.ca\\\/wp-content\\\/uploads\\\/2015\\\/07\\\/logo.jpg\",\"contentUrl\":\"https:\\\/\\\/nbrhc.on.ca\\\/wp-content\\\/uploads\\\/2015\\\/07\\\/logo.jpg\",\"width\":870,\"height\":128,\"caption\":\"North Bay Regional Health Centre\"},\"image\":{\"@id\":\"https:\\\/\\\/nbrhc.on.ca\\\/#\\\/schema\\\/logo\\\/image\\\/\"},\"sameAs\":[\"https:\\\/\\\/www.facebook.com\\\/nbrhc\",\"https:\\\/\\\/x.com\\\/NBRHC\",\"https:\\\/\\\/www.linkedin.com\\\/company\\\/north-bay-regional-health-centre-nbrhc\",\"https:\\\/\\\/www.pinterest.com\\\/nbrhc\",\"https:\\\/\\\/www.youtube.com\\\/TheNBRHC\"]}]}<\/script>\n<!-- \/ Yoast SEO plugin. -->","yoast_head_json":{"title":"Sages-femmes ayant des droits hospitaliers","description":"Le Centre r\u00e9gional de sant\u00e9 de North Bay permet \u00e0 ces sages-femmes approuv\u00e9es d'acc\u00e9der \u00e0 l'h\u00f4pital avec des privil\u00e8ges exclusifs","robots":{"index":"index","follow":"follow","max-snippet":"max-snippet:-1","max-image-preview":"max-image-preview:large","max-video-preview":"max-video-preview:-1"},"canonical":"https:\/\/nbrhc.on.ca\/fr\/patients-et-visiteurs\/les-fournisseurs-de-soins\/sages-femmes-ayant-des-droits-hospitaliers\/","og_locale":"fr_FR","og_type":"article","og_title":"Sages-femmes ayant des droits hospitaliers","og_description":"Le Centre r\u00e9gional de sant\u00e9 de North Bay permet \u00e0 ces sages-femmes approuv\u00e9es d'acc\u00e9der \u00e0 l'h\u00f4pital avec des privil\u00e8ges exclusifs","og_url":"https:\/\/nbrhc.on.ca\/fr\/patients-et-visiteurs\/les-fournisseurs-de-soins\/sages-femmes-ayant-des-droits-hospitaliers\/","og_site_name":"NBRHC","article_publisher":"https:\/\/www.facebook.com\/nbrhc","article_modified_time":"2025-07-02T18:28:14+00:00","og_image":[{"width":619,"height":619,"url":"https:\/\/nbrhc.on.ca\/wp-content\/uploads\/2015\/07\/icon_col.jpeg","type":"image\/jpeg"}],"twitter_misc":{"Dur\u00e9e de lecture estim\u00e9e":"1 minute"},"schema":{"@context":"https:\/\/schema.org","@graph":[{"@type":"WebPage","@id":"https:\/\/nbrhc.on.ca\/fr\/patients-et-visiteurs\/les-fournisseurs-de-soins\/sages-femmes-ayant-des-droits-hospitaliers\/","url":"https:\/\/nbrhc.on.ca\/fr\/patients-et-visiteurs\/les-fournisseurs-de-soins\/sages-femmes-ayant-des-droits-hospitaliers\/","name":"Sages-femmes ayant des droits hospitaliers","isPartOf":{"@id":"https:\/\/nbrhc.on.ca\/#website"},"datePublished":"2014-03-20T18:24:27+00:00","dateModified":"2025-07-02T18:28:14+00:00","description":"Le Centre r\u00e9gional de sant\u00e9 de North Bay permet \u00e0 ces sages-femmes approuv\u00e9es d'acc\u00e9der \u00e0 l'h\u00f4pital avec des privil\u00e8ges exclusifs","breadcrumb":{"@id":"https:\/\/nbrhc.on.ca\/fr\/patients-et-visiteurs\/les-fournisseurs-de-soins\/sages-femmes-ayant-des-droits-hospitaliers\/#breadcrumb"},"inLanguage":"fr-FR","potentialAction":[{"@type":"ReadAction","target":["https:\/\/nbrhc.on.ca\/fr\/patients-et-visiteurs\/les-fournisseurs-de-soins\/sages-femmes-ayant-des-droits-hospitaliers\/"]}]},{"@type":"BreadcrumbList","@id":"https:\/\/nbrhc.on.ca\/fr\/patients-et-visiteurs\/les-fournisseurs-de-soins\/sages-femmes-ayant-des-droits-hospitaliers\/#breadcrumb","itemListElement":[{"@type":"ListItem","position":1,"name":"Home","item":"https:\/\/nbrhc.on.ca\/fr\/"},{"@type":"ListItem","position":2,"name":"Patients et visiteurs","item":"https:\/\/nbrhc.on.ca\/fr\/patients-et-visiteurs\/"},{"@type":"ListItem","position":3,"name":"Les fournisseurs de soins","item":"https:\/\/nbrhc.on.ca\/fr\/patients-et-visiteurs\/les-fournisseurs-de-soins\/"},{"@type":"ListItem","position":4,"name":"Sages-femmes ayant des droits hospitaliers"}]},{"@type":"WebSite","@id":"https:\/\/nbrhc.on.ca\/#website","url":"https:\/\/nbrhc.on.ca\/","name":"NBRHC","description":"North Bay Regional Health Centre","publisher":{"@id":"https:\/\/nbrhc.on.ca\/#organization"},"potentialAction":[{"@type":"SearchAction","target":{"@type":"EntryPoint","urlTemplate":"https:\/\/nbrhc.on.ca\/?s={search_term_string}"},"query-input":{"@type":"PropertyValueSpecification","valueRequired":true,"valueName":"search_term_string"}}],"inLanguage":"fr-FR"},{"@type":"Organization","@id":"https:\/\/nbrhc.on.ca\/#organization","name":"North Bay Regional Health Centre","url":"https:\/\/nbrhc.on.ca\/","logo":{"@type":"ImageObject","inLanguage":"fr-FR","@id":"https:\/\/nbrhc.on.ca\/#\/schema\/logo\/image\/","url":"https:\/\/nbrhc.on.ca\/wp-content\/uploads\/2015\/07\/logo.jpg","contentUrl":"https:\/\/nbrhc.on.ca\/wp-content\/uploads\/2015\/07\/logo.jpg","width":870,"height":128,"caption":"North Bay Regional Health Centre"},"image":{"@id":"https:\/\/nbrhc.on.ca\/#\/schema\/logo\/image\/"},"sameAs":["https:\/\/www.facebook.com\/nbrhc","https:\/\/x.com\/NBRHC","https:\/\/www.linkedin.com\/company\/north-bay-regional-health-centre-nbrhc","https:\/\/www.pinterest.com\/nbrhc","https:\/\/www.youtube.com\/TheNBRHC"]}]}},"_links":{"self":[{"href":"https:\/\/nbrhc.on.ca\/fr\/wp-json\/wp\/v2\/pages\/1874","targetHints":{"allow":["GET"]}}],"collection":[{"href":"https:\/\/nbrhc.on.ca\/fr\/wp-json\/wp\/v2\/pages"}],"about":[{"href":"https:\/\/nbrhc.on.ca\/fr\/wp-json\/wp\/v2\/types\/page"}],"author":[{"embeddable":true,"href":"https:\/\/nbrhc.on.ca\/fr\/wp-json\/wp\/v2\/users\/17"}],"replies":[{"embeddable":true,"href":"https:\/\/nbrhc.on.ca\/fr\/wp-json\/wp\/v2\/comments?post=1874"}],"version-history":[{"count":6,"href":"https:\/\/nbrhc.on.ca\/fr\/wp-json\/wp\/v2\/pages\/1874\/revisions"}],"predecessor-version":[{"id":44905,"href":"https:\/\/nbrhc.on.ca\/fr\/wp-json\/wp\/v2\/pages\/1874\/revisions\/44905"}],"up":[{"embeddable":true,"href":"https:\/\/nbrhc.on.ca\/fr\/wp-json\/wp\/v2\/pages\/4551"}],"wp:attachment":[{"href":"https:\/\/nbrhc.on.ca\/fr\/wp-json\/wp\/v2\/media?parent=1874"}],"wp:term":[{"taxonomy":"post_tag","embeddable":true,"href":"https:\/\/nbrhc.on.ca\/fr\/wp-json\/wp\/v2\/tags?post=1874"}],"curies":[{"name":"wp","href":"https:\/\/api.w.org\/{rel}","templated":true}]}}