{"id":1878,"date":"2014-03-20T14:26:16","date_gmt":"2014-03-20T18:26:16","guid":{"rendered":"http:\/\/www.nbrhc.on.ca\/?page_id=1878"},"modified":"2025-07-02T15:43:05","modified_gmt":"2025-07-02T19:43:05","slug":"infirmieres-autorisees-de-la-categorie-superieure-infirmieres-praticiennes","status":"publish","type":"page","link":"https:\/\/nbrhc.on.ca\/fr\/patients-et-visiteurs\/les-fournisseurs-de-soins\/infirmieres-autorisees-de-la-categorie-superieure-infirmieres-praticiennes\/","title":{"rendered":"Infirmi\u00e8res autoris\u00e9es de la cat\u00e9gorie sup\u00e9rieure &#8211; infirmi\u00e8res praticiennes"},"content":{"rendered":"<p>Les infirmi\u00e8res praticiennes ayant des droits de personnel invit\u00e9 peuvent uniquement demander des tests conform\u00e9ment au R\u00e8glement administratif des infirmi\u00e8res autoris\u00e9es de la cat\u00e9gorie sup\u00e9rieure.<\/p>\n<h3>Tarron Bitonti, IA (CS)<\/h3>\n<p><span>Clinique dirig\u00e9 par du personnel infirmier practicien de North Bay<br \/>\n179, rue Main Est<\/span><br \/>\n<span>North Bay (Ontario) P1B 1A9<\/span><br \/>\n<span>T\u00e9l. :<\/span><span> 705-667-0035<\/span><\/p>\n<h3><strong>Jaymie-Lynn Blanchard<\/strong>, IA (CS)<\/h3>\n<p><span>Clinique dirig\u00e9 par du personnel infirmier practicien de North Bay<br \/>\n1-524, promenade Lakeshore<\/span><br \/>\n<span>North Bay\u00a0(Ontario) P1A 2E4<\/span><br \/>\n<span>T\u00e9l. :<\/span><span> 705-478-7671<\/span><\/p>\n<h3>Carly Collins, IA (CS)<\/h3>\n<p><span>Northern Shores Medical Clinic<\/span><br \/>\n<span>10,\u00a0<\/span><span>promenade\u00a0<\/span><span>Maplewood<\/span><br \/>\n<span>North Bay\u00a0(Ontario) P1B 5H2<\/span><br \/>\n<span>T\u00e9l. : 705-478-0968<\/span><\/p>\n<h3>Chantalle Davis, IA (CS)<\/h3>\n<p>Carrefour autochtone de North Bay<br \/>\n1040, rue Brookes<br \/>\nNorth Bay (Ontario) P1B 2N6<br \/>\nT\u00e9l. : 705-995-0060<\/p>\n<h3>Erin Davis, IA (CS)<\/h3>\n<p>CFB Hornell Heights<br \/>\n154 Jaeger Way<br \/>\nHornell Heights (Ontario) P0H 1P0<br \/>\nT\u00e9l: 705-494-2011<\/p>\n<h3>Mary E. Jemmett, IA (CS)<\/h3>\n<p>Infirmi\u00e8re praticienne en soins primaires<br \/>\nThorne Nursing Station<br \/>\n99, rue Ceder<br \/>\nThorne (Ontario) P0H 2J0<br \/>\n<span>T\u00e9l. :<\/span> 705-981-9334<\/p>\n<h3>Kayla King, IA (CS)<\/h3>\n<p>40A, rue Couchie Industrial<br \/>\nNorth Bay (Ontario) P1B 8G5<br \/>\nT\u00e9l. : 705-495-1580<\/p>\n<h3>Oxana Krivonos, IA (CS)<\/h3>\n<p>Blue Sky Family Health Team<br \/>\n635, rue\u00a0Bloem<br \/>\nNorth Bay (Ontario) P1B\u00a04Z5<br \/>\nT\u00e9l. : 705-475-0500<\/p>\n<h3>Terri MacDougall, IA (CS)<\/h3>\n<p>Eastholme Homes for the Aged<br \/>\n62, avenue Big Bend<br \/>\nPowassan (Ontario) P0H 1ZO<br \/>\nT\u00e9l : 705-724-2005<\/p>\n<h3>Micheline McCarthy, IA (CS)<\/h3>\n<p>Home and Community Care Services North East<br \/>\n1164, rue Devonshire<br \/>\nNorth Bay (Ontario) P1B 6X7<br \/>\nT\u00e9l. : 705-476-2220 poste 2225<\/p>\n<h3>Keri Ann McGuire-Trahan, IA (CS)<\/h3>\n<p>Comit\u00e9 du SIDA de North Bay et de la r\u00e9gion<br \/>\n201-269, rue Main Ouest<br \/>\nNorth Bay (Ontario) P1B 2T8<br \/>\nT\u00e9l. : 705-497-3560 poste 210<\/p>\n<h3>Lindsay Pace, IA (CS)<\/h3>\n<p>Clinique dirig\u00e9 par du personnel infirmier practicien de North Bay<br \/>\n1 &#8211; 524, promenade Lakeshore<br \/>\nNorth Bay (Ontario) P1A 2E4<br \/>\nT\u00e9l. : 705-478-7671<\/p>\n<h3>Sarah Philbin, IA (CS)<\/h3>\n<p>Blue Sky Family Health Team<br \/>\n635, rue Bloem<br \/>\nNorth Bay (Ontario) P1B 4Z5<br \/>\nT\u00e9l. : 705-475-0500<\/p>\n<h3>Blair Sneddon, IA (CS)<\/h3>\n<p>Clinique dirig\u00e9 par du personnel infirmier practicien de North Bay<br \/>\n1-524 promenade Lakeshore<br \/>\nNorth Bay (Ontario) P1A 2E4<br \/>\nT\u00e9l. : 705-478-7671<\/p>\n<h3><strong>Christine Sutherland,\u00a0<\/strong>IA (CS)<\/h3>\n<p><span>Clinique dirig\u00e9 par du personnel infirmier practicien de North Bay<br \/>\n179, rue Main Est<\/span><br \/>\n<span>North Bay (Ontario) P1B 1A9<\/span><br \/>\n<span>T\u00e9l. :<\/span><span> 705-667-0035<\/span><\/p>\n<h3>Lauren Vietmeier, IA (CS)<\/h3>\n<p>Clinique dirig\u00e9 par du personnel infirmier practicien de North Bay<br \/>\n1 &#8211; 524, promenade Lakeshore<br \/>\nNorth Bay (Ontario) P1A 2E4<br \/>\nT\u00e9l. : 705-478-7671<\/p>\n","protected":false},"excerpt":{"rendered":"<p>Les infirmi\u00e8res praticiennes ayant des droits de personnel invit\u00e9 peuvent uniquement demander des tests conform\u00e9ment au R\u00e8glement administratif des infirmi\u00e8res autoris\u00e9es de la cat\u00e9gorie sup\u00e9rieure. Tarron Bitonti, IA (CS) Clinique [&hellip;]<\/p>\n","protected":false},"author":17,"featured_media":0,"parent":4551,"menu_order":0,"comment_status":"open","ping_status":"open","template":"","meta":{"_acf_changed":false,"_monsterinsights_skip_tracking":false,"_monsterinsights_sitenote_active":false,"_monsterinsights_sitenote_note":"","_monsterinsights_sitenote_category":0,"footnotes":"","_links_to":"","_links_to_target":"","_wp_rev_ctl_limit":""},"tags":[130,127,128,129],"class_list":["post-1878","page","type-page","status-publish","hentry","tag-cs","tag-infirmieres","tag-infirmieres-autorisees-de-la-categorie-superieure","tag-infirmieres-praticiennes"],"acf":[],"yoast_head":"<!-- This site is optimized with the Yoast SEO plugin v27.4 - https:\/\/yoast.com\/product\/yoast-seo-wordpress\/ -->\n<title>Infirmi\u00e8res autoris\u00e9es de la cat\u00e9gorie sup\u00e9rieure - infirmi\u00e8res praticiennes<\/title>\n<meta name=\"description\" content=\"Infirmi\u00e8res praticiennes b\u00e9n\u00e9ficiant des privil\u00e8ges du personnel de courtoisie pour commander des tests uniquement conform\u00e9ment aux r\u00e8glements des infirmi\u00e8res autoris\u00e9es de la cat\u00e9gorie \u00e9largie\" \/>\n<meta name=\"robots\" content=\"index, follow, max-snippet:-1, max-image-preview:large, max-video-preview:-1\" \/>\n<link rel=\"canonical\" href=\"https:\/\/nbrhc.on.ca\/fr\/patients-et-visiteurs\/les-fournisseurs-de-soins\/infirmieres-autorisees-de-la-categorie-superieure-infirmieres-praticiennes\/\" \/>\n<meta property=\"og:locale\" content=\"fr_FR\" \/>\n<meta property=\"og:type\" content=\"article\" \/>\n<meta property=\"og:title\" content=\"Infirmi\u00e8res autoris\u00e9es de la cat\u00e9gorie sup\u00e9rieure - infirmi\u00e8res praticiennes\" \/>\n<meta property=\"og:description\" content=\"Infirmi\u00e8res praticiennes b\u00e9n\u00e9ficiant des privil\u00e8ges du personnel de courtoisie pour commander des tests uniquement conform\u00e9ment aux r\u00e8glements des infirmi\u00e8res autoris\u00e9es de la cat\u00e9gorie \u00e9largie\" \/>\n<meta property=\"og:url\" content=\"https:\/\/nbrhc.on.ca\/fr\/patients-et-visiteurs\/les-fournisseurs-de-soins\/infirmieres-autorisees-de-la-categorie-superieure-infirmieres-praticiennes\/\" \/>\n<meta property=\"og:site_name\" content=\"NBRHC\" \/>\n<meta property=\"article:publisher\" content=\"https:\/\/www.facebook.com\/nbrhc\" \/>\n<meta property=\"article:modified_time\" content=\"2025-07-02T19:43:05+00:00\" \/>\n<meta property=\"og:image\" content=\"https:\/\/nbrhc.on.ca\/wp-content\/uploads\/2015\/07\/icon_col.jpeg\" \/>\n\t<meta property=\"og:image:width\" content=\"619\" \/>\n\t<meta property=\"og:image:height\" content=\"619\" \/>\n\t<meta property=\"og:image:type\" content=\"image\/jpeg\" \/>\n<meta name=\"twitter:label1\" content=\"Dur\u00e9e de lecture estim\u00e9e\" \/>\n\t<meta name=\"twitter:data1\" content=\"2 minutes\" \/>\n<script type=\"application\/ld+json\" class=\"yoast-schema-graph\">{\"@context\":\"https:\\\/\\\/schema.org\",\"@graph\":[{\"@type\":\"WebPage\",\"@id\":\"https:\\\/\\\/nbrhc.on.ca\\\/fr\\\/patients-et-visiteurs\\\/les-fournisseurs-de-soins\\\/infirmieres-autorisees-de-la-categorie-superieure-infirmieres-praticiennes\\\/\",\"url\":\"https:\\\/\\\/nbrhc.on.ca\\\/fr\\\/patients-et-visiteurs\\\/les-fournisseurs-de-soins\\\/infirmieres-autorisees-de-la-categorie-superieure-infirmieres-praticiennes\\\/\",\"name\":\"Infirmi\u00e8res autoris\u00e9es de la cat\u00e9gorie sup\u00e9rieure - infirmi\u00e8res praticiennes\",\"isPartOf\":{\"@id\":\"https:\\\/\\\/nbrhc.on.ca\\\/#website\"},\"datePublished\":\"2014-03-20T18:26:16+00:00\",\"dateModified\":\"2025-07-02T19:43:05+00:00\",\"description\":\"Infirmi\u00e8res praticiennes b\u00e9n\u00e9ficiant des privil\u00e8ges du personnel de courtoisie pour commander des tests uniquement conform\u00e9ment aux r\u00e8glements des infirmi\u00e8res autoris\u00e9es de la cat\u00e9gorie \u00e9largie\",\"breadcrumb\":{\"@id\":\"https:\\\/\\\/nbrhc.on.ca\\\/fr\\\/patients-et-visiteurs\\\/les-fournisseurs-de-soins\\\/infirmieres-autorisees-de-la-categorie-superieure-infirmieres-praticiennes\\\/#breadcrumb\"},\"inLanguage\":\"fr-FR\",\"potentialAction\":[{\"@type\":\"ReadAction\",\"target\":[\"https:\\\/\\\/nbrhc.on.ca\\\/fr\\\/patients-et-visiteurs\\\/les-fournisseurs-de-soins\\\/infirmieres-autorisees-de-la-categorie-superieure-infirmieres-praticiennes\\\/\"]}]},{\"@type\":\"BreadcrumbList\",\"@id\":\"https:\\\/\\\/nbrhc.on.ca\\\/fr\\\/patients-et-visiteurs\\\/les-fournisseurs-de-soins\\\/infirmieres-autorisees-de-la-categorie-superieure-infirmieres-praticiennes\\\/#breadcrumb\",\"itemListElement\":[{\"@type\":\"ListItem\",\"position\":1,\"name\":\"Home\",\"item\":\"https:\\\/\\\/nbrhc.on.ca\\\/fr\\\/\"},{\"@type\":\"ListItem\",\"position\":2,\"name\":\"Patients et visiteurs\",\"item\":\"https:\\\/\\\/nbrhc.on.ca\\\/fr\\\/patients-et-visiteurs\\\/\"},{\"@type\":\"ListItem\",\"position\":3,\"name\":\"Les fournisseurs de soins\",\"item\":\"https:\\\/\\\/nbrhc.on.ca\\\/fr\\\/patients-et-visiteurs\\\/les-fournisseurs-de-soins\\\/\"},{\"@type\":\"ListItem\",\"position\":4,\"name\":\"Infirmi\u00e8res autoris\u00e9es de la cat\u00e9gorie sup\u00e9rieure &#8211; infirmi\u00e8res praticiennes\"}]},{\"@type\":\"WebSite\",\"@id\":\"https:\\\/\\\/nbrhc.on.ca\\\/#website\",\"url\":\"https:\\\/\\\/nbrhc.on.ca\\\/\",\"name\":\"NBRHC\",\"description\":\"North Bay Regional Health Centre\",\"publisher\":{\"@id\":\"https:\\\/\\\/nbrhc.on.ca\\\/#organization\"},\"potentialAction\":[{\"@type\":\"SearchAction\",\"target\":{\"@type\":\"EntryPoint\",\"urlTemplate\":\"https:\\\/\\\/nbrhc.on.ca\\\/?s={search_term_string}\"},\"query-input\":{\"@type\":\"PropertyValueSpecification\",\"valueRequired\":true,\"valueName\":\"search_term_string\"}}],\"inLanguage\":\"fr-FR\"},{\"@type\":\"Organization\",\"@id\":\"https:\\\/\\\/nbrhc.on.ca\\\/#organization\",\"name\":\"North Bay Regional Health Centre\",\"url\":\"https:\\\/\\\/nbrhc.on.ca\\\/\",\"logo\":{\"@type\":\"ImageObject\",\"inLanguage\":\"fr-FR\",\"@id\":\"https:\\\/\\\/nbrhc.on.ca\\\/#\\\/schema\\\/logo\\\/image\\\/\",\"url\":\"https:\\\/\\\/nbrhc.on.ca\\\/wp-content\\\/uploads\\\/2015\\\/07\\\/logo.jpg\",\"contentUrl\":\"https:\\\/\\\/nbrhc.on.ca\\\/wp-content\\\/uploads\\\/2015\\\/07\\\/logo.jpg\",\"width\":870,\"height\":128,\"caption\":\"North Bay Regional Health Centre\"},\"image\":{\"@id\":\"https:\\\/\\\/nbrhc.on.ca\\\/#\\\/schema\\\/logo\\\/image\\\/\"},\"sameAs\":[\"https:\\\/\\\/www.facebook.com\\\/nbrhc\",\"https:\\\/\\\/x.com\\\/NBRHC\",\"https:\\\/\\\/www.linkedin.com\\\/company\\\/north-bay-regional-health-centre-nbrhc\",\"https:\\\/\\\/www.pinterest.com\\\/nbrhc\",\"https:\\\/\\\/www.youtube.com\\\/TheNBRHC\"]}]}<\/script>\n<!-- \/ Yoast SEO plugin. -->","yoast_head_json":{"title":"Infirmi\u00e8res autoris\u00e9es de la cat\u00e9gorie sup\u00e9rieure - infirmi\u00e8res praticiennes","description":"Infirmi\u00e8res praticiennes b\u00e9n\u00e9ficiant des privil\u00e8ges du personnel de courtoisie pour commander des tests uniquement conform\u00e9ment aux r\u00e8glements des infirmi\u00e8res autoris\u00e9es de la cat\u00e9gorie \u00e9largie","robots":{"index":"index","follow":"follow","max-snippet":"max-snippet:-1","max-image-preview":"max-image-preview:large","max-video-preview":"max-video-preview:-1"},"canonical":"https:\/\/nbrhc.on.ca\/fr\/patients-et-visiteurs\/les-fournisseurs-de-soins\/infirmieres-autorisees-de-la-categorie-superieure-infirmieres-praticiennes\/","og_locale":"fr_FR","og_type":"article","og_title":"Infirmi\u00e8res autoris\u00e9es de la cat\u00e9gorie sup\u00e9rieure - infirmi\u00e8res praticiennes","og_description":"Infirmi\u00e8res praticiennes b\u00e9n\u00e9ficiant des privil\u00e8ges du personnel de courtoisie pour commander des tests uniquement conform\u00e9ment aux r\u00e8glements des infirmi\u00e8res autoris\u00e9es de la cat\u00e9gorie \u00e9largie","og_url":"https:\/\/nbrhc.on.ca\/fr\/patients-et-visiteurs\/les-fournisseurs-de-soins\/infirmieres-autorisees-de-la-categorie-superieure-infirmieres-praticiennes\/","og_site_name":"NBRHC","article_publisher":"https:\/\/www.facebook.com\/nbrhc","article_modified_time":"2025-07-02T19:43:05+00:00","og_image":[{"width":619,"height":619,"url":"https:\/\/nbrhc.on.ca\/wp-content\/uploads\/2015\/07\/icon_col.jpeg","type":"image\/jpeg"}],"twitter_misc":{"Dur\u00e9e de lecture estim\u00e9e":"2 minutes"},"schema":{"@context":"https:\/\/schema.org","@graph":[{"@type":"WebPage","@id":"https:\/\/nbrhc.on.ca\/fr\/patients-et-visiteurs\/les-fournisseurs-de-soins\/infirmieres-autorisees-de-la-categorie-superieure-infirmieres-praticiennes\/","url":"https:\/\/nbrhc.on.ca\/fr\/patients-et-visiteurs\/les-fournisseurs-de-soins\/infirmieres-autorisees-de-la-categorie-superieure-infirmieres-praticiennes\/","name":"Infirmi\u00e8res autoris\u00e9es de la cat\u00e9gorie sup\u00e9rieure - infirmi\u00e8res praticiennes","isPartOf":{"@id":"https:\/\/nbrhc.on.ca\/#website"},"datePublished":"2014-03-20T18:26:16+00:00","dateModified":"2025-07-02T19:43:05+00:00","description":"Infirmi\u00e8res praticiennes b\u00e9n\u00e9ficiant des privil\u00e8ges du personnel de courtoisie pour commander des tests uniquement conform\u00e9ment aux r\u00e8glements des infirmi\u00e8res autoris\u00e9es de la cat\u00e9gorie \u00e9largie","breadcrumb":{"@id":"https:\/\/nbrhc.on.ca\/fr\/patients-et-visiteurs\/les-fournisseurs-de-soins\/infirmieres-autorisees-de-la-categorie-superieure-infirmieres-praticiennes\/#breadcrumb"},"inLanguage":"fr-FR","potentialAction":[{"@type":"ReadAction","target":["https:\/\/nbrhc.on.ca\/fr\/patients-et-visiteurs\/les-fournisseurs-de-soins\/infirmieres-autorisees-de-la-categorie-superieure-infirmieres-praticiennes\/"]}]},{"@type":"BreadcrumbList","@id":"https:\/\/nbrhc.on.ca\/fr\/patients-et-visiteurs\/les-fournisseurs-de-soins\/infirmieres-autorisees-de-la-categorie-superieure-infirmieres-praticiennes\/#breadcrumb","itemListElement":[{"@type":"ListItem","position":1,"name":"Home","item":"https:\/\/nbrhc.on.ca\/fr\/"},{"@type":"ListItem","position":2,"name":"Patients et visiteurs","item":"https:\/\/nbrhc.on.ca\/fr\/patients-et-visiteurs\/"},{"@type":"ListItem","position":3,"name":"Les fournisseurs de soins","item":"https:\/\/nbrhc.on.ca\/fr\/patients-et-visiteurs\/les-fournisseurs-de-soins\/"},{"@type":"ListItem","position":4,"name":"Infirmi\u00e8res autoris\u00e9es de la cat\u00e9gorie sup\u00e9rieure &#8211; infirmi\u00e8res praticiennes"}]},{"@type":"WebSite","@id":"https:\/\/nbrhc.on.ca\/#website","url":"https:\/\/nbrhc.on.ca\/","name":"NBRHC","description":"North Bay Regional Health Centre","publisher":{"@id":"https:\/\/nbrhc.on.ca\/#organization"},"potentialAction":[{"@type":"SearchAction","target":{"@type":"EntryPoint","urlTemplate":"https:\/\/nbrhc.on.ca\/?s={search_term_string}"},"query-input":{"@type":"PropertyValueSpecification","valueRequired":true,"valueName":"search_term_string"}}],"inLanguage":"fr-FR"},{"@type":"Organization","@id":"https:\/\/nbrhc.on.ca\/#organization","name":"North Bay Regional Health Centre","url":"https:\/\/nbrhc.on.ca\/","logo":{"@type":"ImageObject","inLanguage":"fr-FR","@id":"https:\/\/nbrhc.on.ca\/#\/schema\/logo\/image\/","url":"https:\/\/nbrhc.on.ca\/wp-content\/uploads\/2015\/07\/logo.jpg","contentUrl":"https:\/\/nbrhc.on.ca\/wp-content\/uploads\/2015\/07\/logo.jpg","width":870,"height":128,"caption":"North Bay Regional Health Centre"},"image":{"@id":"https:\/\/nbrhc.on.ca\/#\/schema\/logo\/image\/"},"sameAs":["https:\/\/www.facebook.com\/nbrhc","https:\/\/x.com\/NBRHC","https:\/\/www.linkedin.com\/company\/north-bay-regional-health-centre-nbrhc","https:\/\/www.pinterest.com\/nbrhc","https:\/\/www.youtube.com\/TheNBRHC"]}]}},"_links":{"self":[{"href":"https:\/\/nbrhc.on.ca\/fr\/wp-json\/wp\/v2\/pages\/1878","targetHints":{"allow":["GET"]}}],"collection":[{"href":"https:\/\/nbrhc.on.ca\/fr\/wp-json\/wp\/v2\/pages"}],"about":[{"href":"https:\/\/nbrhc.on.ca\/fr\/wp-json\/wp\/v2\/types\/page"}],"author":[{"embeddable":true,"href":"https:\/\/nbrhc.on.ca\/fr\/wp-json\/wp\/v2\/users\/17"}],"replies":[{"embeddable":true,"href":"https:\/\/nbrhc.on.ca\/fr\/wp-json\/wp\/v2\/comments?post=1878"}],"version-history":[{"count":7,"href":"https:\/\/nbrhc.on.ca\/fr\/wp-json\/wp\/v2\/pages\/1878\/revisions"}],"predecessor-version":[{"id":44930,"href":"https:\/\/nbrhc.on.ca\/fr\/wp-json\/wp\/v2\/pages\/1878\/revisions\/44930"}],"up":[{"embeddable":true,"href":"https:\/\/nbrhc.on.ca\/fr\/wp-json\/wp\/v2\/pages\/4551"}],"wp:attachment":[{"href":"https:\/\/nbrhc.on.ca\/fr\/wp-json\/wp\/v2\/media?parent=1878"}],"wp:term":[{"taxonomy":"post_tag","embeddable":true,"href":"https:\/\/nbrhc.on.ca\/fr\/wp-json\/wp\/v2\/tags?post=1878"}],"curies":[{"name":"wp","href":"https:\/\/api.w.org\/{rel}","templated":true}]}}