{"id":1907,"date":"2014-03-20T16:23:08","date_gmt":"2014-03-20T20:23:08","guid":{"rendered":"http:\/\/www.nbrhc.on.ca\/?page_id=1907"},"modified":"2026-03-16T08:16:24","modified_gmt":"2026-03-16T12:16:24","slug":"renseignements-sur-les-visites","status":"publish","type":"page","link":"https:\/\/nbrhc.on.ca\/fr\/patients-et-visiteurs\/les-visites-a-lhopital\/renseignements-sur-les-visites\/","title":{"rendered":"Renseignements sur les visites"},"content":{"rendered":"<p>Le CRSNB s\u2019engage \u00e0 offrir, en toute s\u00e9curit\u00e9, des soins divers, inclusifs, de haute qualit\u00e9 et ax\u00e9s sur la personne. Le Centre de sant\u00e9 est un milieu favorable \u00e0 la pr\u00e9sence des familles, o\u00f9 les patients peuvent d\u00e9signer leurs partenaires de soins. Nos \u00e9quipes comprennent que les patients d\u00e9terminent les r\u00f4les que jouent leurs partenaires de soins dans la prestation et la planification de leurs soins ainsi que dans la prise de d\u00e9cisions.<\/p>\n<p>\u00c9tant donn\u00e9 les besoins en soins de certains groupes de patients, il pourrait \u00eatre n\u00e9cessaire de limiter le nombre de partenaires de soins pouvant acc\u00e9der \u00e0 certaines unit\u00e9s. Les heures de visites g\u00e9n\u00e9rales sont de 11 h \u00e0 19 h. Certaines unit\u00e9s pourraient sp\u00e9cifier leurs heures de visite selon les besoins en soins de leurs patients. En p\u00e9riode de crise lorsque des restrictions sont requises, le CRSNB \u00e9pousera une philosophie d\u2019inclusion des partenaires de soins comme il convient en \u00e9quilibrant s\u00e9curit\u00e9 et inclusion.<\/p>\n<h2><strong>Exigences li\u00e9es au port du masque<\/strong><\/h2>\n<p>\u00c0 compter du <strong>lundi 16 mars 2026<\/strong>, le port du masque sera facultatif dans toutes les zones du CRSNB. Des masques seront encore disponibles aux entr\u00e9es de l\u2019h\u00f4pital et dans les zones cliniques pour toute personne qui souhaite en porter un.<\/p>\n<p>Les visiteurs peuvent \u00eatre tenus de porter un masque lorsque des mesures suppl\u00e9mentaires de pr\u00e9vention et de contr\u00f4le des infections sont appliqu\u00e9es. Suivez les instructions donn\u00e9es sur les affiches concernant le port du masque dans nos \u00e9difices.<\/p>\n<p><strong>Les patients pr\u00e9sentant de la fi\u00e8vre ou des sympt\u00f4mes respiratoires devraient porter un masque. Les visiteurs qui ne se sentent pas bien sont invit\u00e9s \u00e0 reporter leur visite jusqu&rsquo;\u00e0 ce qu&rsquo;ils se sentent mieux.<\/strong><\/p>\n<p>Veuillez respecter et honorer la d\u00e9cision de chaque personne de porter ou non un masque.<\/p>\n","protected":false},"excerpt":{"rendered":"<p>Le CRSNB s\u2019engage \u00e0 offrir, en toute s\u00e9curit\u00e9, des soins divers, inclusifs, de haute qualit\u00e9 et ax\u00e9s sur la personne. Le Centre de sant\u00e9 est un milieu favorable \u00e0 la [&hellip;]<\/p>\n","protected":false},"author":17,"featured_media":0,"parent":4560,"menu_order":0,"comment_status":"closed","ping_status":"closed","template":"","meta":{"_acf_changed":false,"_monsterinsights_skip_tracking":false,"_monsterinsights_sitenote_active":false,"_monsterinsights_sitenote_note":"","_monsterinsights_sitenote_category":0,"footnotes":"","_links_to":"","_links_to_target":"","_wp_rev_ctl_limit":""},"tags":[295,294,293],"class_list":["post-1907","page","type-page","status-publish","hentry","tag-directives-sur-les-visites","tag-heures-de-visite","tag-les-visites"],"acf":[],"yoast_head":"<!-- This site is optimized with the Yoast SEO plugin v27.4 - https:\/\/yoast.com\/product\/yoast-seo-wordpress\/ -->\n<title>Renseignements sur les visites<\/title>\n<meta name=\"description\" content=\"Alors que nous continuons de surveiller l&#039;activit\u00e9 COVID-19 dans notre communaut\u00e9, nous demandons votre aide en suivant la direction actuelle pour les visiteurs.\" \/>\n<meta name=\"robots\" content=\"index, follow, max-snippet:-1, max-image-preview:large, max-video-preview:-1\" \/>\n<link rel=\"canonical\" href=\"https:\/\/nbrhc.on.ca\/fr\/patients-et-visiteurs\/les-visites-a-lhopital\/renseignements-sur-les-visites\/\" \/>\n<meta property=\"og:locale\" content=\"fr_FR\" \/>\n<meta property=\"og:type\" content=\"article\" \/>\n<meta property=\"og:title\" content=\"Renseignements sur les visites\" \/>\n<meta property=\"og:description\" content=\"Alors que nous continuons de surveiller l&#039;activit\u00e9 COVID-19 dans notre communaut\u00e9, nous demandons votre aide en suivant la direction actuelle pour les visiteurs.\" \/>\n<meta property=\"og:url\" content=\"https:\/\/nbrhc.on.ca\/fr\/patients-et-visiteurs\/les-visites-a-lhopital\/renseignements-sur-les-visites\/\" \/>\n<meta property=\"og:site_name\" content=\"NBRHC\" \/>\n<meta property=\"article:publisher\" content=\"https:\/\/www.facebook.com\/nbrhc\" \/>\n<meta property=\"article:modified_time\" content=\"2026-03-16T12:16:24+00:00\" \/>\n<meta property=\"og:image\" content=\"https:\/\/nbrhc.on.ca\/wp-content\/uploads\/2015\/07\/icon_col.jpeg\" \/>\n\t<meta property=\"og:image:width\" content=\"619\" \/>\n\t<meta property=\"og:image:height\" content=\"619\" \/>\n\t<meta property=\"og:image:type\" content=\"image\/jpeg\" \/>\n<meta name=\"twitter:label1\" content=\"Dur\u00e9e de lecture estim\u00e9e\" \/>\n\t<meta name=\"twitter:data1\" content=\"2 minutes\" \/>\n<script type=\"application\/ld+json\" class=\"yoast-schema-graph\">{\"@context\":\"https:\\\/\\\/schema.org\",\"@graph\":[{\"@type\":\"WebPage\",\"@id\":\"https:\\\/\\\/nbrhc.on.ca\\\/fr\\\/patients-et-visiteurs\\\/les-visites-a-lhopital\\\/renseignements-sur-les-visites\\\/\",\"url\":\"https:\\\/\\\/nbrhc.on.ca\\\/fr\\\/patients-et-visiteurs\\\/les-visites-a-lhopital\\\/renseignements-sur-les-visites\\\/\",\"name\":\"Renseignements sur les visites\",\"isPartOf\":{\"@id\":\"https:\\\/\\\/nbrhc.on.ca\\\/#website\"},\"datePublished\":\"2014-03-20T20:23:08+00:00\",\"dateModified\":\"2026-03-16T12:16:24+00:00\",\"description\":\"Alors que nous continuons de surveiller l'activit\u00e9 COVID-19 dans notre communaut\u00e9, nous demandons votre aide en suivant la direction actuelle pour les visiteurs.\",\"breadcrumb\":{\"@id\":\"https:\\\/\\\/nbrhc.on.ca\\\/fr\\\/patients-et-visiteurs\\\/les-visites-a-lhopital\\\/renseignements-sur-les-visites\\\/#breadcrumb\"},\"inLanguage\":\"fr-FR\",\"potentialAction\":[{\"@type\":\"ReadAction\",\"target\":[\"https:\\\/\\\/nbrhc.on.ca\\\/fr\\\/patients-et-visiteurs\\\/les-visites-a-lhopital\\\/renseignements-sur-les-visites\\\/\"]}]},{\"@type\":\"BreadcrumbList\",\"@id\":\"https:\\\/\\\/nbrhc.on.ca\\\/fr\\\/patients-et-visiteurs\\\/les-visites-a-lhopital\\\/renseignements-sur-les-visites\\\/#breadcrumb\",\"itemListElement\":[{\"@type\":\"ListItem\",\"position\":1,\"name\":\"Home\",\"item\":\"https:\\\/\\\/nbrhc.on.ca\\\/fr\\\/\"},{\"@type\":\"ListItem\",\"position\":2,\"name\":\"Patients et visiteurs\",\"item\":\"https:\\\/\\\/nbrhc.on.ca\\\/fr\\\/patients-et-visiteurs\\\/\"},{\"@type\":\"ListItem\",\"position\":3,\"name\":\"Les visites \u00e0 l\u2019h\u00f4pital\",\"item\":\"https:\\\/\\\/nbrhc.on.ca\\\/fr\\\/patients-et-visiteurs\\\/les-visites-a-lhopital\\\/\"},{\"@type\":\"ListItem\",\"position\":4,\"name\":\"Renseignements sur les visites\"}]},{\"@type\":\"WebSite\",\"@id\":\"https:\\\/\\\/nbrhc.on.ca\\\/#website\",\"url\":\"https:\\\/\\\/nbrhc.on.ca\\\/\",\"name\":\"NBRHC\",\"description\":\"North Bay Regional Health Centre\",\"publisher\":{\"@id\":\"https:\\\/\\\/nbrhc.on.ca\\\/#organization\"},\"potentialAction\":[{\"@type\":\"SearchAction\",\"target\":{\"@type\":\"EntryPoint\",\"urlTemplate\":\"https:\\\/\\\/nbrhc.on.ca\\\/?s={search_term_string}\"},\"query-input\":{\"@type\":\"PropertyValueSpecification\",\"valueRequired\":true,\"valueName\":\"search_term_string\"}}],\"inLanguage\":\"fr-FR\"},{\"@type\":\"Organization\",\"@id\":\"https:\\\/\\\/nbrhc.on.ca\\\/#organization\",\"name\":\"North Bay Regional Health Centre\",\"url\":\"https:\\\/\\\/nbrhc.on.ca\\\/\",\"logo\":{\"@type\":\"ImageObject\",\"inLanguage\":\"fr-FR\",\"@id\":\"https:\\\/\\\/nbrhc.on.ca\\\/#\\\/schema\\\/logo\\\/image\\\/\",\"url\":\"https:\\\/\\\/nbrhc.on.ca\\\/wp-content\\\/uploads\\\/2015\\\/07\\\/logo.jpg\",\"contentUrl\":\"https:\\\/\\\/nbrhc.on.ca\\\/wp-content\\\/uploads\\\/2015\\\/07\\\/logo.jpg\",\"width\":870,\"height\":128,\"caption\":\"North Bay Regional Health Centre\"},\"image\":{\"@id\":\"https:\\\/\\\/nbrhc.on.ca\\\/#\\\/schema\\\/logo\\\/image\\\/\"},\"sameAs\":[\"https:\\\/\\\/www.facebook.com\\\/nbrhc\",\"https:\\\/\\\/x.com\\\/NBRHC\",\"https:\\\/\\\/www.linkedin.com\\\/company\\\/north-bay-regional-health-centre-nbrhc\",\"https:\\\/\\\/www.pinterest.com\\\/nbrhc\",\"https:\\\/\\\/www.youtube.com\\\/TheNBRHC\"]}]}<\/script>\n<!-- \/ Yoast SEO plugin. -->","yoast_head_json":{"title":"Renseignements sur les visites","description":"Alors que nous continuons de surveiller l'activit\u00e9 COVID-19 dans notre communaut\u00e9, nous demandons votre aide en suivant la direction actuelle pour les visiteurs.","robots":{"index":"index","follow":"follow","max-snippet":"max-snippet:-1","max-image-preview":"max-image-preview:large","max-video-preview":"max-video-preview:-1"},"canonical":"https:\/\/nbrhc.on.ca\/fr\/patients-et-visiteurs\/les-visites-a-lhopital\/renseignements-sur-les-visites\/","og_locale":"fr_FR","og_type":"article","og_title":"Renseignements sur les visites","og_description":"Alors que nous continuons de surveiller l'activit\u00e9 COVID-19 dans notre communaut\u00e9, nous demandons votre aide en suivant la direction actuelle pour les visiteurs.","og_url":"https:\/\/nbrhc.on.ca\/fr\/patients-et-visiteurs\/les-visites-a-lhopital\/renseignements-sur-les-visites\/","og_site_name":"NBRHC","article_publisher":"https:\/\/www.facebook.com\/nbrhc","article_modified_time":"2026-03-16T12:16:24+00:00","og_image":[{"width":619,"height":619,"url":"https:\/\/nbrhc.on.ca\/wp-content\/uploads\/2015\/07\/icon_col.jpeg","type":"image\/jpeg"}],"twitter_misc":{"Dur\u00e9e de lecture estim\u00e9e":"2 minutes"},"schema":{"@context":"https:\/\/schema.org","@graph":[{"@type":"WebPage","@id":"https:\/\/nbrhc.on.ca\/fr\/patients-et-visiteurs\/les-visites-a-lhopital\/renseignements-sur-les-visites\/","url":"https:\/\/nbrhc.on.ca\/fr\/patients-et-visiteurs\/les-visites-a-lhopital\/renseignements-sur-les-visites\/","name":"Renseignements sur les visites","isPartOf":{"@id":"https:\/\/nbrhc.on.ca\/#website"},"datePublished":"2014-03-20T20:23:08+00:00","dateModified":"2026-03-16T12:16:24+00:00","description":"Alors que nous continuons de surveiller l'activit\u00e9 COVID-19 dans notre communaut\u00e9, nous demandons votre aide en suivant la direction actuelle pour les visiteurs.","breadcrumb":{"@id":"https:\/\/nbrhc.on.ca\/fr\/patients-et-visiteurs\/les-visites-a-lhopital\/renseignements-sur-les-visites\/#breadcrumb"},"inLanguage":"fr-FR","potentialAction":[{"@type":"ReadAction","target":["https:\/\/nbrhc.on.ca\/fr\/patients-et-visiteurs\/les-visites-a-lhopital\/renseignements-sur-les-visites\/"]}]},{"@type":"BreadcrumbList","@id":"https:\/\/nbrhc.on.ca\/fr\/patients-et-visiteurs\/les-visites-a-lhopital\/renseignements-sur-les-visites\/#breadcrumb","itemListElement":[{"@type":"ListItem","position":1,"name":"Home","item":"https:\/\/nbrhc.on.ca\/fr\/"},{"@type":"ListItem","position":2,"name":"Patients et visiteurs","item":"https:\/\/nbrhc.on.ca\/fr\/patients-et-visiteurs\/"},{"@type":"ListItem","position":3,"name":"Les visites \u00e0 l\u2019h\u00f4pital","item":"https:\/\/nbrhc.on.ca\/fr\/patients-et-visiteurs\/les-visites-a-lhopital\/"},{"@type":"ListItem","position":4,"name":"Renseignements sur les visites"}]},{"@type":"WebSite","@id":"https:\/\/nbrhc.on.ca\/#website","url":"https:\/\/nbrhc.on.ca\/","name":"NBRHC","description":"North Bay Regional Health Centre","publisher":{"@id":"https:\/\/nbrhc.on.ca\/#organization"},"potentialAction":[{"@type":"SearchAction","target":{"@type":"EntryPoint","urlTemplate":"https:\/\/nbrhc.on.ca\/?s={search_term_string}"},"query-input":{"@type":"PropertyValueSpecification","valueRequired":true,"valueName":"search_term_string"}}],"inLanguage":"fr-FR"},{"@type":"Organization","@id":"https:\/\/nbrhc.on.ca\/#organization","name":"North Bay Regional Health Centre","url":"https:\/\/nbrhc.on.ca\/","logo":{"@type":"ImageObject","inLanguage":"fr-FR","@id":"https:\/\/nbrhc.on.ca\/#\/schema\/logo\/image\/","url":"https:\/\/nbrhc.on.ca\/wp-content\/uploads\/2015\/07\/logo.jpg","contentUrl":"https:\/\/nbrhc.on.ca\/wp-content\/uploads\/2015\/07\/logo.jpg","width":870,"height":128,"caption":"North Bay Regional Health Centre"},"image":{"@id":"https:\/\/nbrhc.on.ca\/#\/schema\/logo\/image\/"},"sameAs":["https:\/\/www.facebook.com\/nbrhc","https:\/\/x.com\/NBRHC","https:\/\/www.linkedin.com\/company\/north-bay-regional-health-centre-nbrhc","https:\/\/www.pinterest.com\/nbrhc","https:\/\/www.youtube.com\/TheNBRHC"]}]}},"_links":{"self":[{"href":"https:\/\/nbrhc.on.ca\/fr\/wp-json\/wp\/v2\/pages\/1907","targetHints":{"allow":["GET"]}}],"collection":[{"href":"https:\/\/nbrhc.on.ca\/fr\/wp-json\/wp\/v2\/pages"}],"about":[{"href":"https:\/\/nbrhc.on.ca\/fr\/wp-json\/wp\/v2\/types\/page"}],"author":[{"embeddable":true,"href":"https:\/\/nbrhc.on.ca\/fr\/wp-json\/wp\/v2\/users\/17"}],"replies":[{"embeddable":true,"href":"https:\/\/nbrhc.on.ca\/fr\/wp-json\/wp\/v2\/comments?post=1907"}],"version-history":[{"count":14,"href":"https:\/\/nbrhc.on.ca\/fr\/wp-json\/wp\/v2\/pages\/1907\/revisions"}],"predecessor-version":[{"id":47188,"href":"https:\/\/nbrhc.on.ca\/fr\/wp-json\/wp\/v2\/pages\/1907\/revisions\/47188"}],"up":[{"embeddable":true,"href":"https:\/\/nbrhc.on.ca\/fr\/wp-json\/wp\/v2\/pages\/4560"}],"wp:attachment":[{"href":"https:\/\/nbrhc.on.ca\/fr\/wp-json\/wp\/v2\/media?parent=1907"}],"wp:term":[{"taxonomy":"post_tag","embeddable":true,"href":"https:\/\/nbrhc.on.ca\/fr\/wp-json\/wp\/v2\/tags?post=1907"}],"curies":[{"name":"wp","href":"https:\/\/api.w.org\/{rel}","templated":true}]}}