{"id":1916,"date":"2014-03-20T16:36:47","date_gmt":"2014-03-20T20:36:47","guid":{"rendered":"http:\/\/www.nbrhc.on.ca\/?page_id=1916"},"modified":"2023-08-08T15:39:10","modified_gmt":"2023-08-08T19:39:10","slug":"envoi-de-felicitations-et-de-remerciements-au-personnel","status":"publish","type":"page","link":"https:\/\/nbrhc.on.ca\/fr\/patients-et-visiteurs\/information-pour-patients\/envoi-de-felicitations-et-de-remerciements-au-personnel\/","title":{"rendered":"Envoi de f\u00e9licitations et de remerciements au personnel"},"content":{"rendered":"<p><strong>F\u00e9licitations<\/strong> : \u00e9loges associ\u00e9s \u00e0 des r\u00e9alisations, \u00e0 une reconnaissance ou \u00e0 la renomm\u00e9e.<\/p>\n<p>Veuillez inscrire vos commentaires, puis cliquez sur \u00ab Envoyer \u00bb pour livrer votre message.<\/p>\n<p><em>En envoyant votre message, vous reconnaissez que les renseignements fournis peuvent \u00eatre publi\u00e9s, quel que soit le support utilis\u00e9, notamment dans le bulletin de l&rsquo;h\u00f4pital ou sur son site web.<\/em><\/p>\n\n<div class=\"wpcf7 no-js\" id=\"wpcf7-f4548-o1\" lang=\"en-US\" dir=\"ltr\" data-wpcf7-id=\"4548\">\n<div class=\"screen-reader-response\"><p role=\"status\" aria-live=\"polite\" aria-atomic=\"true\"><\/p> <ul><\/ul><\/div>\n<form action=\"\/fr\/wp-json\/wp\/v2\/pages\/1916#wpcf7-f4548-o1\" method=\"post\" class=\"wpcf7-form init\" aria-label=\"Contact form\" novalidate=\"novalidate\" data-status=\"init\">\n<fieldset class=\"hidden-fields-container\"><input type=\"hidden\" name=\"_wpcf7\" value=\"4548\" \/><input type=\"hidden\" name=\"_wpcf7_version\" value=\"6.1.5\" \/><input type=\"hidden\" name=\"_wpcf7_locale\" value=\"en_US\" \/><input type=\"hidden\" name=\"_wpcf7_unit_tag\" value=\"wpcf7-f4548-o1\" \/><input type=\"hidden\" name=\"_wpcf7_container_post\" value=\"0\" \/><input type=\"hidden\" name=\"_wpcf7_posted_data_hash\" value=\"\" \/><input type=\"hidden\" name=\"_wpcf7_recaptcha_response\" value=\"\" \/>\n<\/fieldset>\n<p><label for=\"your-name\">Votre nom *<\/label><span class=\"wpcf7-form-control-wrap\" data-name=\"your-name\"><input size=\"40\" maxlength=\"400\" class=\"wpcf7-form-control wpcf7-text wpcf7-validates-as-required\" id=\"your-name\" aria-required=\"true\" aria-invalid=\"false\" value=\"\" type=\"text\" name=\"your-name\" \/><\/span><br \/>\n<label for=\"your-phone\">Votre num\u00e9ro de t\u00e9l\u00e9phone<\/label><span class=\"wpcf7-form-control-wrap\" data-name=\"your-phone\"><input size=\"40\" maxlength=\"400\" class=\"wpcf7-form-control wpcf7-tel wpcf7-text wpcf7-validates-as-tel\" id=\"your-phone\" aria-invalid=\"false\" value=\"\" type=\"tel\" name=\"your-phone\" \/><\/span><br \/>\n<label for=\"your-email\">Votre courriel *<\/label><span class=\"wpcf7-form-control-wrap\" data-name=\"your-email\"><input size=\"40\" maxlength=\"400\" class=\"wpcf7-form-control wpcf7-email wpcf7-validates-as-required wpcf7-text wpcf7-validates-as-email\" id=\"your-email\" aria-required=\"true\" aria-invalid=\"false\" value=\"\" type=\"email\" name=\"your-email\" \/><\/span><br \/>\n<label for=\"staff-deptfield\">Membre du personnel \/ service *<\/label><span class=\"wpcf7-form-control-wrap\" data-name=\"staff-member\"><input size=\"40\" maxlength=\"400\" class=\"wpcf7-form-control wpcf7-text wpcf7-validates-as-required\" id=\"staff-deptfield\" aria-required=\"true\" aria-invalid=\"false\" value=\"\" type=\"text\" name=\"staff-member\" \/><\/span><br \/>\n<label for=\"your-message\">Message <\/label><span class=\"wpcf7-form-control-wrap\" data-name=\"your-message\"><textarea cols=\"40\" rows=\"10\" maxlength=\"2000\" class=\"wpcf7-form-control wpcf7-textarea\" id=\"your-message\" aria-invalid=\"false\" name=\"your-message\"><\/textarea><\/span><br \/>\n<!-- <label for=\"honeypotfield\"><span id=\"wpcf7-69d640170f763-wrapper\" class=\"wpcf7-form-control-wrap honeypot-9779-wrap\" style=\"display:none !important; visibility:hidden !important;\"><label for=\"honeypotfield\" class=\"hp-message\">Please leave this field empty.<\/label><input id=\"honeypotfield\"  class=\"wpcf7-form-control wpcf7-text\" type=\"text\" name=\"honeypot-9779\" value=\"\" size=\"40\" tabindex=\"-1\" autocomplete=\"new-password\" \/><\/span><\/label>\n<label for=\"honeypotphonefield\"><span id=\"wpcf7-69d640170f798-wrapper\" class=\"wpcf7-form-control-wrap phone-wrap\" style=\"display:none !important; visibility:hidden !important;\"><label for=\"honeypotphyonefield\" class=\"hp-message\">Please leave this field empty.<\/label><input id=\"honeypotphyonefield\"  class=\"wpcf7-form-control wpcf7-text\" type=\"text\" name=\"phone\" value=\"\" size=\"40\" tabindex=\"-1\" autocomplete=\"new-password\" \/><\/span><\/label> --><br \/>\n<label for=\"questionfield\"><span class=\"wpcf7-form-control-wrap\" data-name=\"spam-quiz\"><label><span class=\"wpcf7-quiz-label\">Quel chiffre est le plus grand, 3 ou 7?<\/span> <input size=\"2\" maxlength=\"2\" class=\"wpcf7-form-control wpcf7-quiz\" autocomplete=\"off\" aria-required=\"true\" aria-invalid=\"false\" type=\"text\" name=\"spam-quiz\" \/><\/label><input type=\"hidden\" name=\"_wpcf7_quiz_answer_spam-quiz\" value=\"842b3b0851a95329963fd6c9c80f7030\" \/><\/span><\/label><br \/>\n<input class=\"wpcf7-form-control wpcf7-submit has-spinner btn-send\" type=\"submit\" value=\"Envoyer\" \/>\n<\/p><p style=\"display: none !important;\" class=\"akismet-fields-container\" data-prefix=\"_wpcf7_ak_\"><label>&#916;<textarea name=\"_wpcf7_ak_hp_textarea\" cols=\"45\" rows=\"8\" maxlength=\"100\"><\/textarea><\/label><input type=\"hidden\" id=\"ak_js_1\" name=\"_wpcf7_ak_js\" value=\"58\"\/><script>document.getElementById( \"ak_js_1\" ).setAttribute( \"value\", ( new Date() ).getTime() );<\/script><\/p><div class=\"wpcf7-response-output\" aria-hidden=\"true\"><\/div>\n<\/form>\n<\/div>\n\n<p><sup><em>N&rsquo;envoyez pas de renseignements confidentiels.<\/em><\/sup><\/p>\n<hr \/>\n<h2>Prix d\u2019engagement b\u00e9n\u00e9vole<\/h2>\n<p>Nous remettons le Prix d\u2019engagement b\u00e9n\u00e9vole chaque ann\u00e9e pour rendre hommage aux b\u00e9n\u00e9voles d\u00e9vou\u00e9s du CRSNB qui incarnent nos valeurs et qui ont eu une contribution positive sur notre centre de sant\u00e9.<\/p>\n<p>Remplissez\u00a0<u><a href=\"https:\/\/us5.list-manage.com\/survey?u=9da7d0bd39855586bcc9a0b87&amp;id=5f61c52540&amp;attribution=false\" target=\"_blank\" rel=\"noopener\">le formulaire de mise en candidature\u00a0<\/a><\/u>en ligne pour souligner le travail d\u2019un b\u00e9n\u00e9vole du CRSNB (disponible en anglais\u00a0seulement).<\/p>\n<p>Les formulaires de mise en candidature doivent nous parvenir avant\u00a0<u>le 1er septembre<\/u>.<\/p>\n<p>Vous pouvez aussi rendre hommage \u00e0 un b\u00e9n\u00e9vole au moyen d\u2019un\u00a0<u><a href=\"https:\/\/www.nbrhcfoundation.ca\/grateful-family-program\/\" target=\"_blank\" rel=\"noopener\">prix C\u0153ur en or<\/a><\/u>\u00a0attribu\u00e9 par la Fondation du CRSNB.<\/p>\n<hr \/>\n<h2><span>Programme de la famille reconnaissante<\/span><\/h2>\n<p>Votre don par le Programme de la famille reconnaissante est une fa\u00e7on significative pour vous et votre famille d&rsquo;exprimer votre gratitude pour votre exp\u00e9rience \u00e0 votre h\u00f4pital. Votre don honorera, remerciera et reconna\u00eetra un membre du personnel, un m\u00e9decin, un b\u00e9n\u00e9vole ou un d\u00e9partement avec un Reconnaissance C\u0153ur en or. Pour faire un don de la Programme de la famille reconnaissante, cliquez sur le bouton \u00abFaites un don\u00bb en haut, \u00e0 droite de cette page.<\/p>\n","protected":false},"excerpt":{"rendered":"<p>F\u00e9licitations : \u00e9loges associ\u00e9s \u00e0 des r\u00e9alisations, \u00e0 une reconnaissance ou \u00e0 la renomm\u00e9e. Veuillez inscrire vos commentaires, puis cliquez sur \u00ab Envoyer \u00bb pour livrer votre message. En envoyant [&hellip;]<\/p>\n","protected":false},"author":17,"featured_media":0,"parent":4566,"menu_order":0,"comment_status":"open","ping_status":"closed","template":"","meta":{"_acf_changed":false,"_monsterinsights_skip_tracking":false,"_monsterinsights_sitenote_active":false,"_monsterinsights_sitenote_note":"","_monsterinsights_sitenote_category":0,"footnotes":"","_links_to":"","_links_to_target":"","_wp_rev_ctl_limit":""},"class_list":["post-1916","page","type-page","status-publish","hentry"],"acf":[],"yoast_head":"<!-- This site is optimized with the Yoast SEO plugin v27.3 - https:\/\/yoast.com\/product\/yoast-seo-wordpress\/ -->\n<title>Envoi de f\u00e9licitations et de remerciements au personnel<\/title>\n<meta name=\"description\" content=\"Cette page permet aux patients et aux visiteurs de reconna\u00eetre le personnel du Centre r\u00e9gional de sant\u00e9 de North Bay pour avoir d\u00e9pass\u00e9 les attentes\" \/>\n<meta name=\"robots\" content=\"index, follow, max-snippet:-1, max-image-preview:large, max-video-preview:-1\" \/>\n<link rel=\"canonical\" href=\"https:\/\/nbrhc.on.ca\/fr\/patients-et-visiteurs\/information-pour-patients\/envoi-de-felicitations-et-de-remerciements-au-personnel\/\" \/>\n<meta property=\"og:locale\" content=\"fr_FR\" \/>\n<meta property=\"og:type\" content=\"article\" \/>\n<meta property=\"og:title\" content=\"Envoi de f\u00e9licitations et de remerciements au personnel\" \/>\n<meta property=\"og:description\" content=\"Cette page permet aux patients et aux visiteurs de reconna\u00eetre le personnel du Centre r\u00e9gional de sant\u00e9 de North Bay pour avoir d\u00e9pass\u00e9 les attentes\" \/>\n<meta property=\"og:url\" content=\"https:\/\/nbrhc.on.ca\/fr\/patients-et-visiteurs\/information-pour-patients\/envoi-de-felicitations-et-de-remerciements-au-personnel\/\" \/>\n<meta property=\"og:site_name\" content=\"NBRHC\" \/>\n<meta property=\"article:publisher\" content=\"https:\/\/www.facebook.com\/nbrhc\" \/>\n<meta property=\"article:modified_time\" content=\"2023-08-08T19:39:10+00:00\" \/>\n<meta property=\"og:image\" content=\"https:\/\/nbrhc.on.ca\/wp-content\/uploads\/2015\/07\/icon_col.jpeg\" \/>\n\t<meta property=\"og:image:width\" content=\"619\" \/>\n\t<meta property=\"og:image:height\" content=\"619\" \/>\n\t<meta property=\"og:image:type\" content=\"image\/jpeg\" \/>\n<meta name=\"twitter:label1\" content=\"Dur\u00e9e de lecture estim\u00e9e\" \/>\n\t<meta name=\"twitter:data1\" content=\"2 minutes\" \/>\n<script type=\"application\/ld+json\" class=\"yoast-schema-graph\">{\"@context\":\"https:\\\/\\\/schema.org\",\"@graph\":[{\"@type\":\"WebPage\",\"@id\":\"https:\\\/\\\/nbrhc.on.ca\\\/fr\\\/patients-et-visiteurs\\\/information-pour-patients\\\/envoi-de-felicitations-et-de-remerciements-au-personnel\\\/\",\"url\":\"https:\\\/\\\/nbrhc.on.ca\\\/fr\\\/patients-et-visiteurs\\\/information-pour-patients\\\/envoi-de-felicitations-et-de-remerciements-au-personnel\\\/\",\"name\":\"Envoi de f\u00e9licitations et de remerciements au personnel\",\"isPartOf\":{\"@id\":\"https:\\\/\\\/nbrhc.on.ca\\\/#website\"},\"datePublished\":\"2014-03-20T20:36:47+00:00\",\"dateModified\":\"2023-08-08T19:39:10+00:00\",\"description\":\"Cette page permet aux patients et aux visiteurs de reconna\u00eetre le personnel du Centre r\u00e9gional de sant\u00e9 de North Bay pour avoir d\u00e9pass\u00e9 les attentes\",\"breadcrumb\":{\"@id\":\"https:\\\/\\\/nbrhc.on.ca\\\/fr\\\/patients-et-visiteurs\\\/information-pour-patients\\\/envoi-de-felicitations-et-de-remerciements-au-personnel\\\/#breadcrumb\"},\"inLanguage\":\"fr-FR\",\"potentialAction\":[{\"@type\":\"ReadAction\",\"target\":[\"https:\\\/\\\/nbrhc.on.ca\\\/fr\\\/patients-et-visiteurs\\\/information-pour-patients\\\/envoi-de-felicitations-et-de-remerciements-au-personnel\\\/\"]}]},{\"@type\":\"BreadcrumbList\",\"@id\":\"https:\\\/\\\/nbrhc.on.ca\\\/fr\\\/patients-et-visiteurs\\\/information-pour-patients\\\/envoi-de-felicitations-et-de-remerciements-au-personnel\\\/#breadcrumb\",\"itemListElement\":[{\"@type\":\"ListItem\",\"position\":1,\"name\":\"Home\",\"item\":\"https:\\\/\\\/nbrhc.on.ca\\\/fr\\\/\"},{\"@type\":\"ListItem\",\"position\":2,\"name\":\"Patients et visiteurs\",\"item\":\"https:\\\/\\\/nbrhc.on.ca\\\/fr\\\/patients-et-visiteurs\\\/\"},{\"@type\":\"ListItem\",\"position\":3,\"name\":\"Information pour les patients\",\"item\":\"https:\\\/\\\/nbrhc.on.ca\\\/fr\\\/patients-et-visiteurs\\\/information-pour-patients\\\/\"},{\"@type\":\"ListItem\",\"position\":4,\"name\":\"Envoi de f\u00e9licitations et de remerciements au personnel\"}]},{\"@type\":\"WebSite\",\"@id\":\"https:\\\/\\\/nbrhc.on.ca\\\/#website\",\"url\":\"https:\\\/\\\/nbrhc.on.ca\\\/\",\"name\":\"NBRHC\",\"description\":\"North Bay Regional Health Centre\",\"publisher\":{\"@id\":\"https:\\\/\\\/nbrhc.on.ca\\\/#organization\"},\"potentialAction\":[{\"@type\":\"SearchAction\",\"target\":{\"@type\":\"EntryPoint\",\"urlTemplate\":\"https:\\\/\\\/nbrhc.on.ca\\\/?s={search_term_string}\"},\"query-input\":{\"@type\":\"PropertyValueSpecification\",\"valueRequired\":true,\"valueName\":\"search_term_string\"}}],\"inLanguage\":\"fr-FR\"},{\"@type\":\"Organization\",\"@id\":\"https:\\\/\\\/nbrhc.on.ca\\\/#organization\",\"name\":\"North Bay Regional Health Centre\",\"url\":\"https:\\\/\\\/nbrhc.on.ca\\\/\",\"logo\":{\"@type\":\"ImageObject\",\"inLanguage\":\"fr-FR\",\"@id\":\"https:\\\/\\\/nbrhc.on.ca\\\/#\\\/schema\\\/logo\\\/image\\\/\",\"url\":\"https:\\\/\\\/nbrhc.on.ca\\\/wp-content\\\/uploads\\\/2015\\\/07\\\/logo.jpg\",\"contentUrl\":\"https:\\\/\\\/nbrhc.on.ca\\\/wp-content\\\/uploads\\\/2015\\\/07\\\/logo.jpg\",\"width\":870,\"height\":128,\"caption\":\"North Bay Regional Health Centre\"},\"image\":{\"@id\":\"https:\\\/\\\/nbrhc.on.ca\\\/#\\\/schema\\\/logo\\\/image\\\/\"},\"sameAs\":[\"https:\\\/\\\/www.facebook.com\\\/nbrhc\",\"https:\\\/\\\/x.com\\\/NBRHC\",\"https:\\\/\\\/www.linkedin.com\\\/company\\\/north-bay-regional-health-centre-nbrhc\",\"https:\\\/\\\/www.pinterest.com\\\/nbrhc\",\"https:\\\/\\\/www.youtube.com\\\/TheNBRHC\"]}]}<\/script>\n<!-- \/ Yoast SEO plugin. -->","yoast_head_json":{"title":"Envoi de f\u00e9licitations et de remerciements au personnel","description":"Cette page permet aux patients et aux visiteurs de reconna\u00eetre le personnel du Centre r\u00e9gional de sant\u00e9 de North Bay pour avoir d\u00e9pass\u00e9 les attentes","robots":{"index":"index","follow":"follow","max-snippet":"max-snippet:-1","max-image-preview":"max-image-preview:large","max-video-preview":"max-video-preview:-1"},"canonical":"https:\/\/nbrhc.on.ca\/fr\/patients-et-visiteurs\/information-pour-patients\/envoi-de-felicitations-et-de-remerciements-au-personnel\/","og_locale":"fr_FR","og_type":"article","og_title":"Envoi de f\u00e9licitations et de remerciements au personnel","og_description":"Cette page permet aux patients et aux visiteurs de reconna\u00eetre le personnel du Centre r\u00e9gional de sant\u00e9 de North Bay pour avoir d\u00e9pass\u00e9 les attentes","og_url":"https:\/\/nbrhc.on.ca\/fr\/patients-et-visiteurs\/information-pour-patients\/envoi-de-felicitations-et-de-remerciements-au-personnel\/","og_site_name":"NBRHC","article_publisher":"https:\/\/www.facebook.com\/nbrhc","article_modified_time":"2023-08-08T19:39:10+00:00","og_image":[{"width":619,"height":619,"url":"https:\/\/nbrhc.on.ca\/wp-content\/uploads\/2015\/07\/icon_col.jpeg","type":"image\/jpeg"}],"twitter_misc":{"Dur\u00e9e de lecture estim\u00e9e":"2 minutes"},"schema":{"@context":"https:\/\/schema.org","@graph":[{"@type":"WebPage","@id":"https:\/\/nbrhc.on.ca\/fr\/patients-et-visiteurs\/information-pour-patients\/envoi-de-felicitations-et-de-remerciements-au-personnel\/","url":"https:\/\/nbrhc.on.ca\/fr\/patients-et-visiteurs\/information-pour-patients\/envoi-de-felicitations-et-de-remerciements-au-personnel\/","name":"Envoi de f\u00e9licitations et de remerciements au personnel","isPartOf":{"@id":"https:\/\/nbrhc.on.ca\/#website"},"datePublished":"2014-03-20T20:36:47+00:00","dateModified":"2023-08-08T19:39:10+00:00","description":"Cette page permet aux patients et aux visiteurs de reconna\u00eetre le personnel du Centre r\u00e9gional de sant\u00e9 de North Bay pour avoir d\u00e9pass\u00e9 les attentes","breadcrumb":{"@id":"https:\/\/nbrhc.on.ca\/fr\/patients-et-visiteurs\/information-pour-patients\/envoi-de-felicitations-et-de-remerciements-au-personnel\/#breadcrumb"},"inLanguage":"fr-FR","potentialAction":[{"@type":"ReadAction","target":["https:\/\/nbrhc.on.ca\/fr\/patients-et-visiteurs\/information-pour-patients\/envoi-de-felicitations-et-de-remerciements-au-personnel\/"]}]},{"@type":"BreadcrumbList","@id":"https:\/\/nbrhc.on.ca\/fr\/patients-et-visiteurs\/information-pour-patients\/envoi-de-felicitations-et-de-remerciements-au-personnel\/#breadcrumb","itemListElement":[{"@type":"ListItem","position":1,"name":"Home","item":"https:\/\/nbrhc.on.ca\/fr\/"},{"@type":"ListItem","position":2,"name":"Patients et visiteurs","item":"https:\/\/nbrhc.on.ca\/fr\/patients-et-visiteurs\/"},{"@type":"ListItem","position":3,"name":"Information pour les patients","item":"https:\/\/nbrhc.on.ca\/fr\/patients-et-visiteurs\/information-pour-patients\/"},{"@type":"ListItem","position":4,"name":"Envoi de f\u00e9licitations et de remerciements au personnel"}]},{"@type":"WebSite","@id":"https:\/\/nbrhc.on.ca\/#website","url":"https:\/\/nbrhc.on.ca\/","name":"NBRHC","description":"North Bay Regional Health Centre","publisher":{"@id":"https:\/\/nbrhc.on.ca\/#organization"},"potentialAction":[{"@type":"SearchAction","target":{"@type":"EntryPoint","urlTemplate":"https:\/\/nbrhc.on.ca\/?s={search_term_string}"},"query-input":{"@type":"PropertyValueSpecification","valueRequired":true,"valueName":"search_term_string"}}],"inLanguage":"fr-FR"},{"@type":"Organization","@id":"https:\/\/nbrhc.on.ca\/#organization","name":"North Bay Regional Health Centre","url":"https:\/\/nbrhc.on.ca\/","logo":{"@type":"ImageObject","inLanguage":"fr-FR","@id":"https:\/\/nbrhc.on.ca\/#\/schema\/logo\/image\/","url":"https:\/\/nbrhc.on.ca\/wp-content\/uploads\/2015\/07\/logo.jpg","contentUrl":"https:\/\/nbrhc.on.ca\/wp-content\/uploads\/2015\/07\/logo.jpg","width":870,"height":128,"caption":"North Bay Regional Health Centre"},"image":{"@id":"https:\/\/nbrhc.on.ca\/#\/schema\/logo\/image\/"},"sameAs":["https:\/\/www.facebook.com\/nbrhc","https:\/\/x.com\/NBRHC","https:\/\/www.linkedin.com\/company\/north-bay-regional-health-centre-nbrhc","https:\/\/www.pinterest.com\/nbrhc","https:\/\/www.youtube.com\/TheNBRHC"]}]}},"_links":{"self":[{"href":"https:\/\/nbrhc.on.ca\/fr\/wp-json\/wp\/v2\/pages\/1916","targetHints":{"allow":["GET"]}}],"collection":[{"href":"https:\/\/nbrhc.on.ca\/fr\/wp-json\/wp\/v2\/pages"}],"about":[{"href":"https:\/\/nbrhc.on.ca\/fr\/wp-json\/wp\/v2\/types\/page"}],"author":[{"embeddable":true,"href":"https:\/\/nbrhc.on.ca\/fr\/wp-json\/wp\/v2\/users\/17"}],"replies":[{"embeddable":true,"href":"https:\/\/nbrhc.on.ca\/fr\/wp-json\/wp\/v2\/comments?post=1916"}],"version-history":[{"count":3,"href":"https:\/\/nbrhc.on.ca\/fr\/wp-json\/wp\/v2\/pages\/1916\/revisions"}],"predecessor-version":[{"id":37078,"href":"https:\/\/nbrhc.on.ca\/fr\/wp-json\/wp\/v2\/pages\/1916\/revisions\/37078"}],"up":[{"embeddable":true,"href":"https:\/\/nbrhc.on.ca\/fr\/wp-json\/wp\/v2\/pages\/4566"}],"wp:attachment":[{"href":"https:\/\/nbrhc.on.ca\/fr\/wp-json\/wp\/v2\/media?parent=1916"}],"curies":[{"name":"wp","href":"https:\/\/api.w.org\/{rel}","templated":true}]}}