{"id":19372,"date":"2019-04-23T10:09:48","date_gmt":"2019-04-23T14:09:48","guid":{"rendered":"http:\/\/www.nbrhc.on.ca\/?page_id=19372"},"modified":"2026-01-30T12:14:53","modified_gmt":"2026-01-30T17:14:53","slug":"jeunes-benevoles","status":"publish","type":"page","link":"https:\/\/nbrhc.on.ca\/fr\/joignez-vous-a-notre-equipe\/benevoles\/jeunes-benevoles\/","title":{"rendered":"Jeunes b\u00e9n\u00e9voles"},"content":{"rendered":"<h4><strong>La p\u00e9riode de candidature pour l\u2019admission \u00e0 l\u2019\u00e9t\u00e9 2026 est maintenant ouverte. Veuillez noter la date limite de d\u00e9p\u00f4t des demandes ci-dessous.<\/strong><\/h4>\n<p>&nbsp;<\/p>\n<p><iframe loading=\"lazy\" title=\"NBRHC Youth Volunteers\" width=\"500\" height=\"281\" src=\"https:\/\/www.youtube.com\/embed\/8DYgBN-Ci78?feature=oembed\" frameborder=\"0\" allow=\"accelerometer; autoplay; clipboard-write; encrypted-media; gyroscope; picture-in-picture; web-share\" referrerpolicy=\"strict-origin-when-cross-origin\" allowfullscreen><\/iframe><br \/>\n<em>Nous tenons \u00e0 remercier Joel Gagne d\u2019avoir offert de produire cette vid\u00e9o et de nous avoir fait d\u00e9couvrir sa grande cr\u00e9ativit\u00e9. Seulement disponible en anglais.<\/em><\/p>\n<h2><strong>Jeunes b\u00e9n\u00e9voles<\/strong><\/h2>\n<p>Vous avez entre 16 et 29 ans et vous voulez contribuer au mieux-\u00eatre de votre communaut\u00e9?<\/p>\n<p>Joignez-vous \u00e0 notre \u00e9quipe de b\u00e9n\u00e9voles au Centre r\u00e9gional de sant\u00e9 de North Bay!<\/p>\n<p>Au CRSNB, les jeunes b\u00e9n\u00e9voles peuvent s\u2019engager de l\u2019une des deux fa\u00e7ons suivantes :<\/p>\n<ol>\n<li>faire au moins 80 heures de b\u00e9n\u00e9volat r\u00e9guli\u00e8rement pendant au moins 7 mois;<\/li>\n<li>faire au moins 50 heures de b\u00e9n\u00e9volat r\u00e9guli\u00e8rement pendant au moins 2 mois, l\u2019\u00e9t\u00e9. (<em>r\u00e9serv\u00e9 aux b\u00e9n\u00e9voles de retour ayant compl\u00e9t\u00e9 le programme LEAD)<\/em><\/li>\n<\/ol>\n<p>Si vous voulez faire du b\u00e9n\u00e9volat durant l\u2019\u00e9t\u00e9,\u00a0notez les dates limites de candidature ci-dessous.<\/p>\n<h2>Programme de b\u00e9n\u00e9volat LEAD<\/h2>\n<p>Le programme estival de b\u00e9n\u00e9volat LEAD (Le\u00e7ons d\u2019apprentissage, Exp\u00e9rience, Accomplissement et D\u00e9veloppement), s\u2019av\u00e8re, pour les jeunes de 16 \u00e0 29 ans, une occasion unique en son genre de favoriser leur \u00e9panouissement personnel et leur perfectionnement professionnel dans le domaine des soins de sant\u00e9.<\/p>\n<p>Il s\u2019agit de combiner un placement b\u00e9n\u00e9vole et des possibilit\u00e9s d\u2019apprentissage pour les jeunes qui s\u2019int\u00e9ressent aux soins de sant\u00e9.<\/p>\n<p>Les b\u00e9n\u00e9voles :<\/p>\n<ul>\n<li>approfondiront leurs connaissances du secteur des soins de sant\u00e9;<\/li>\n<li>se familiariseront davantage avec notre Centre de sant\u00e9;<\/li>\n<li>redonneront \u00e0 la communaut\u00e9 en faisant du b\u00e9n\u00e9volat;<\/li>\n<li>cr\u00e9eront des liens qui leur serviront \u00e0 l\u2019avenir.<\/li>\n<\/ul>\n<p>Il s\u2019agit d\u2019une excellente occasion d\u2019agir concr\u00e8tement et d\u2019explorer le domaine des soins de sant\u00e9 ou d\u2019\u00e9largir ses connaissances \u00e0 cet \u00e9gard. Les b\u00e9n\u00e9voles qui terminent le programme recevront <strong>un certificat attestant<\/strong> de leur participation.<\/p>\n<h3><strong>Admissibilit\u00e9 et engagement<\/strong><\/h3>\n<p>Pour \u00eatre admissible au programme, il faut :<\/p>\n<ul>\n<li>avoir entre 16 et 29 ans ;<\/li>\n<li>\u00eatre inscrit dans un \u00e9tablissement d\u2019enseignement (secondaire ou postsecondaire) ;<\/li>\n<li>\u00eatre disponible pour commencer au plus tard \u00e0 la fin juin et jusqu\u2019au week-end de la f\u00eate du Travail ;<\/li>\n<li>pouvoir cumuler au moins 50 heures de b\u00e9n\u00e9volat r\u00e9guli\u00e8rement pendant au moins 2 mois ;<\/li>\n<li>participer \u00e0 au moins deux activit\u00e9s d\u2019apprentissage ;<\/li>\n<li>r\u00e9diger une courte r\u00e9flexion sur son exp\u00e9rience de b\u00e9n\u00e9volat.<\/li>\n<\/ul>\n<h3>Dates importantes<\/h3>\n<p>Si vous souhaitez faire du b\u00e9n\u00e9volat durant l\u2019\u00e9t\u00e9, vous avez jusqu\u2019au <strong>24 avril <\/strong>pour soumettre votre demande. Pour les b\u00e9n\u00e9voles de retour, veuillez contacter le d\u00e9partement des b\u00e9n\u00e9voles afin de discuter de vos int\u00e9r\u00eats avant cette date.<\/p>\n<p>En raison du calendrier condens\u00e9 du programme, <strong>les candidatures tardives ne seront pas accept\u00e9es<\/strong>. Cela garantit que tous les b\u00e9n\u00e9voles s\u00e9lectionn\u00e9s ont suffisamment de temps pour compl\u00e9ter le processus d&rsquo;int\u00e9gration et respecter les engagements du programme.<\/p>\n<p><strong>Pr\u00eat(e)\u00a0\u00e0 pr\u00e9senter une demande?\u00a0<\/strong>Remplissez et soumettez la trousse de demande de b\u00e9n\u00e9volat.<\/p>\n<p><strong><em>\u00c0\u00a0noter<\/em><\/strong><em> : Afin d&rsquo;assurer un processus fluide<strong>, <\/strong>nous demandons \u00e0 ce que toutes les demandes et candidatures <strong>proviennent directement des jeunes int\u00e9ress\u00e9s par le b\u00e9n\u00e9volat<\/strong>. Cela nous permet d&rsquo;\u00e9valuer leur pr\u00e9paration et leur engagement envers le programme. De plus, pour des raisons de confidentialit\u00e9, l&rsquo;avancement de toute candidature ne peut \u00eatre discut\u00e9 qu&rsquo;avec le candidat directement. Merci de votre compr\u00e9hension et de votre soutien !<\/em><\/p>\n<p><img loading=\"lazy\" decoding=\"async\" class=\"alignnone wp-image-28365\" title=\"North Bay Regional Health Centre-Twitter\" src=\"https:\/\/nbrhc.on.ca\/wp-content\/uploads\/2021\/11\/North-Bay-Regional-Health-Centre-Twitter-1-300x169.png\" alt=\"meilleurs finalistes du prix CharityVillage pour le meilleur engagement des jeunes! Avec des cat\u00e9gories pour les petites et les grandes organisations\" width=\"495\" height=\"279\" srcset=\"https:\/\/nbrhc.on.ca\/wp-content\/uploads\/2021\/11\/North-Bay-Regional-Health-Centre-Twitter-1-300x169.png 300w, https:\/\/nbrhc.on.ca\/wp-content\/uploads\/2021\/11\/North-Bay-Regional-Health-Centre-Twitter-1-1024x576.png 1024w, https:\/\/nbrhc.on.ca\/wp-content\/uploads\/2021\/11\/North-Bay-Regional-Health-Centre-Twitter-1-768x432.png 768w, https:\/\/nbrhc.on.ca\/wp-content\/uploads\/2021\/11\/North-Bay-Regional-Health-Centre-Twitter-1-1536x864.png 1536w, https:\/\/nbrhc.on.ca\/wp-content\/uploads\/2021\/11\/North-Bay-Regional-Health-Centre-Twitter-1.png 1600w\" sizes=\"auto, (max-width: 495px) 100vw, 495px\" \/><\/p>\n<p>Le programme de b\u00e9n\u00e9volat LEAD du Centre r\u00e9gional de sant\u00e9 de North Bay a \u00e9t\u00e9 reconnu comme l&rsquo;un des meilleurs finalistes du prix <a href=\"https:\/\/charityvillage.com\/about-us\/\" target=\"_blank\" rel=\"noopener\">CharityVillage<\/a> pour le meilleur engagement des jeunes! Avec des cat\u00e9gories pour les petites et les grandes organisations, ce prix national reconna\u00eet les organisations \u00e0 but non lucratif qui excellent dans l&rsquo;engagement des jeunes en tant que b\u00e9n\u00e9voles, employ\u00e9s ou futurs dirigeants.<\/p>\n","protected":false},"excerpt":{"rendered":"<p>La p\u00e9riode de candidature pour l\u2019admission \u00e0 l\u2019\u00e9t\u00e9 2026 est maintenant ouverte. Veuillez noter la date limite de d\u00e9p\u00f4t des demandes ci-dessous. &nbsp; Nous tenons \u00e0 remercier Joel Gagne d\u2019avoir [&hellip;]<\/p>\n","protected":false},"author":17,"featured_media":0,"parent":2433,"menu_order":0,"comment_status":"closed","ping_status":"closed","template":"","meta":{"_acf_changed":false,"_monsterinsights_skip_tracking":false,"_monsterinsights_sitenote_active":false,"_monsterinsights_sitenote_note":"","_monsterinsights_sitenote_category":0,"footnotes":"","_links_to":"","_links_to_target":"","_wp_rev_ctl_limit":""},"tags":[],"class_list":["post-19372","page","type-page","status-publish","hentry"],"acf":[],"yoast_head":"<!-- This site is optimized with the Yoast SEO plugin v27.4 - https:\/\/yoast.com\/product\/yoast-seo-wordpress\/ -->\n<title>Jeunes b\u00e9n\u00e9voles - NBRHC<\/title>\n<meta name=\"description\" content=\"Ce programme est une excellente occasion pour les b\u00e9n\u00e9voles de faire une diff\u00e9rence positive tout en explorant et en \u00e9largissant leur int\u00e9r\u00eat pour les soins de sant\u00e9\" \/>\n<meta name=\"robots\" content=\"index, follow, max-snippet:-1, max-image-preview:large, max-video-preview:-1\" \/>\n<link rel=\"canonical\" href=\"https:\/\/nbrhc.on.ca\/fr\/joignez-vous-a-notre-equipe\/benevoles\/jeunes-benevoles\/\" \/>\n<meta property=\"og:locale\" content=\"fr_FR\" \/>\n<meta property=\"og:type\" content=\"article\" \/>\n<meta property=\"og:title\" content=\"Jeunes b\u00e9n\u00e9voles - NBRHC\" \/>\n<meta property=\"og:description\" content=\"Ce programme est une excellente occasion pour les b\u00e9n\u00e9voles de faire une diff\u00e9rence positive tout en explorant et en \u00e9largissant leur int\u00e9r\u00eat pour les soins de sant\u00e9\" \/>\n<meta property=\"og:url\" content=\"https:\/\/nbrhc.on.ca\/fr\/joignez-vous-a-notre-equipe\/benevoles\/jeunes-benevoles\/\" \/>\n<meta property=\"og:site_name\" content=\"NBRHC\" \/>\n<meta property=\"article:publisher\" content=\"https:\/\/www.facebook.com\/nbrhc\" \/>\n<meta property=\"article:modified_time\" content=\"2026-01-30T17:14:53+00:00\" \/>\n<meta property=\"og:image\" content=\"https:\/\/nbrhc.on.ca\/wp-content\/uploads\/2021\/11\/North-Bay-Regional-Health-Centre-Twitter-1.png\" \/>\n\t<meta property=\"og:image:width\" content=\"1600\" \/>\n\t<meta property=\"og:image:height\" content=\"900\" \/>\n\t<meta property=\"og:image:type\" content=\"image\/png\" \/>\n<meta name=\"twitter:label1\" content=\"Dur\u00e9e de lecture estim\u00e9e\" \/>\n\t<meta name=\"twitter:data1\" content=\"3 minutes\" \/>\n<script type=\"application\/ld+json\" class=\"yoast-schema-graph\">{\"@context\":\"https:\\\/\\\/schema.org\",\"@graph\":[{\"@type\":\"WebPage\",\"@id\":\"https:\\\/\\\/nbrhc.on.ca\\\/fr\\\/joignez-vous-a-notre-equipe\\\/benevoles\\\/jeunes-benevoles\\\/\",\"url\":\"https:\\\/\\\/nbrhc.on.ca\\\/fr\\\/joignez-vous-a-notre-equipe\\\/benevoles\\\/jeunes-benevoles\\\/\",\"name\":\"Jeunes b\u00e9n\u00e9voles - NBRHC\",\"isPartOf\":{\"@id\":\"https:\\\/\\\/nbrhc.on.ca\\\/#website\"},\"primaryImageOfPage\":{\"@id\":\"https:\\\/\\\/nbrhc.on.ca\\\/fr\\\/joignez-vous-a-notre-equipe\\\/benevoles\\\/jeunes-benevoles\\\/#primaryimage\"},\"image\":{\"@id\":\"https:\\\/\\\/nbrhc.on.ca\\\/fr\\\/joignez-vous-a-notre-equipe\\\/benevoles\\\/jeunes-benevoles\\\/#primaryimage\"},\"thumbnailUrl\":\"https:\\\/\\\/nbrhc.on.ca\\\/wp-content\\\/uploads\\\/2021\\\/11\\\/North-Bay-Regional-Health-Centre-Twitter-1-300x169.png\",\"datePublished\":\"2019-04-23T14:09:48+00:00\",\"dateModified\":\"2026-01-30T17:14:53+00:00\",\"description\":\"Ce programme est une excellente occasion pour les b\u00e9n\u00e9voles de faire une diff\u00e9rence positive tout en explorant et en \u00e9largissant leur int\u00e9r\u00eat pour les soins de sant\u00e9\",\"breadcrumb\":{\"@id\":\"https:\\\/\\\/nbrhc.on.ca\\\/fr\\\/joignez-vous-a-notre-equipe\\\/benevoles\\\/jeunes-benevoles\\\/#breadcrumb\"},\"inLanguage\":\"fr-FR\",\"potentialAction\":[{\"@type\":\"ReadAction\",\"target\":[\"https:\\\/\\\/nbrhc.on.ca\\\/fr\\\/joignez-vous-a-notre-equipe\\\/benevoles\\\/jeunes-benevoles\\\/\"]}]},{\"@type\":\"ImageObject\",\"inLanguage\":\"fr-FR\",\"@id\":\"https:\\\/\\\/nbrhc.on.ca\\\/fr\\\/joignez-vous-a-notre-equipe\\\/benevoles\\\/jeunes-benevoles\\\/#primaryimage\",\"url\":\"https:\\\/\\\/nbrhc.on.ca\\\/wp-content\\\/uploads\\\/2021\\\/11\\\/North-Bay-Regional-Health-Centre-Twitter-1-300x169.png\",\"contentUrl\":\"https:\\\/\\\/nbrhc.on.ca\\\/wp-content\\\/uploads\\\/2021\\\/11\\\/North-Bay-Regional-Health-Centre-Twitter-1-300x169.png\"},{\"@type\":\"BreadcrumbList\",\"@id\":\"https:\\\/\\\/nbrhc.on.ca\\\/fr\\\/joignez-vous-a-notre-equipe\\\/benevoles\\\/jeunes-benevoles\\\/#breadcrumb\",\"itemListElement\":[{\"@type\":\"ListItem\",\"position\":1,\"name\":\"Home\",\"item\":\"https:\\\/\\\/nbrhc.on.ca\\\/fr\\\/\"},{\"@type\":\"ListItem\",\"position\":2,\"name\":\"Joignez-vous \u00e0 notre \u00e9quipe\",\"item\":\"https:\\\/\\\/nbrhc.on.ca\\\/fr\\\/joignez-vous-a-notre-equipe\\\/\"},{\"@type\":\"ListItem\",\"position\":3,\"name\":\"Les b\u00e9n\u00e9voles\",\"item\":\"https:\\\/\\\/nbrhc.on.ca\\\/fr\\\/joignez-vous-a-notre-equipe\\\/benevoles\\\/\"},{\"@type\":\"ListItem\",\"position\":4,\"name\":\"Jeunes b\u00e9n\u00e9voles\"}]},{\"@type\":\"WebSite\",\"@id\":\"https:\\\/\\\/nbrhc.on.ca\\\/#website\",\"url\":\"https:\\\/\\\/nbrhc.on.ca\\\/\",\"name\":\"NBRHC\",\"description\":\"North Bay Regional Health Centre\",\"publisher\":{\"@id\":\"https:\\\/\\\/nbrhc.on.ca\\\/#organization\"},\"potentialAction\":[{\"@type\":\"SearchAction\",\"target\":{\"@type\":\"EntryPoint\",\"urlTemplate\":\"https:\\\/\\\/nbrhc.on.ca\\\/?s={search_term_string}\"},\"query-input\":{\"@type\":\"PropertyValueSpecification\",\"valueRequired\":true,\"valueName\":\"search_term_string\"}}],\"inLanguage\":\"fr-FR\"},{\"@type\":\"Organization\",\"@id\":\"https:\\\/\\\/nbrhc.on.ca\\\/#organization\",\"name\":\"North Bay Regional Health Centre\",\"url\":\"https:\\\/\\\/nbrhc.on.ca\\\/\",\"logo\":{\"@type\":\"ImageObject\",\"inLanguage\":\"fr-FR\",\"@id\":\"https:\\\/\\\/nbrhc.on.ca\\\/#\\\/schema\\\/logo\\\/image\\\/\",\"url\":\"https:\\\/\\\/nbrhc.on.ca\\\/wp-content\\\/uploads\\\/2015\\\/07\\\/logo.jpg\",\"contentUrl\":\"https:\\\/\\\/nbrhc.on.ca\\\/wp-content\\\/uploads\\\/2015\\\/07\\\/logo.jpg\",\"width\":870,\"height\":128,\"caption\":\"North Bay Regional Health Centre\"},\"image\":{\"@id\":\"https:\\\/\\\/nbrhc.on.ca\\\/#\\\/schema\\\/logo\\\/image\\\/\"},\"sameAs\":[\"https:\\\/\\\/www.facebook.com\\\/nbrhc\",\"https:\\\/\\\/x.com\\\/NBRHC\",\"https:\\\/\\\/www.linkedin.com\\\/company\\\/north-bay-regional-health-centre-nbrhc\",\"https:\\\/\\\/www.pinterest.com\\\/nbrhc\",\"https:\\\/\\\/www.youtube.com\\\/TheNBRHC\"]}]}<\/script>\n<!-- \/ Yoast SEO plugin. -->","yoast_head_json":{"title":"Jeunes b\u00e9n\u00e9voles - NBRHC","description":"Ce programme est une excellente occasion pour les b\u00e9n\u00e9voles de faire une diff\u00e9rence positive tout en explorant et en \u00e9largissant leur int\u00e9r\u00eat pour les soins de sant\u00e9","robots":{"index":"index","follow":"follow","max-snippet":"max-snippet:-1","max-image-preview":"max-image-preview:large","max-video-preview":"max-video-preview:-1"},"canonical":"https:\/\/nbrhc.on.ca\/fr\/joignez-vous-a-notre-equipe\/benevoles\/jeunes-benevoles\/","og_locale":"fr_FR","og_type":"article","og_title":"Jeunes b\u00e9n\u00e9voles - NBRHC","og_description":"Ce programme est une excellente occasion pour les b\u00e9n\u00e9voles de faire une diff\u00e9rence positive tout en explorant et en \u00e9largissant leur int\u00e9r\u00eat pour les soins de sant\u00e9","og_url":"https:\/\/nbrhc.on.ca\/fr\/joignez-vous-a-notre-equipe\/benevoles\/jeunes-benevoles\/","og_site_name":"NBRHC","article_publisher":"https:\/\/www.facebook.com\/nbrhc","article_modified_time":"2026-01-30T17:14:53+00:00","og_image":[{"width":1600,"height":900,"url":"https:\/\/nbrhc.on.ca\/wp-content\/uploads\/2021\/11\/North-Bay-Regional-Health-Centre-Twitter-1.png","type":"image\/png"}],"twitter_misc":{"Dur\u00e9e de lecture estim\u00e9e":"3 minutes"},"schema":{"@context":"https:\/\/schema.org","@graph":[{"@type":"WebPage","@id":"https:\/\/nbrhc.on.ca\/fr\/joignez-vous-a-notre-equipe\/benevoles\/jeunes-benevoles\/","url":"https:\/\/nbrhc.on.ca\/fr\/joignez-vous-a-notre-equipe\/benevoles\/jeunes-benevoles\/","name":"Jeunes b\u00e9n\u00e9voles - NBRHC","isPartOf":{"@id":"https:\/\/nbrhc.on.ca\/#website"},"primaryImageOfPage":{"@id":"https:\/\/nbrhc.on.ca\/fr\/joignez-vous-a-notre-equipe\/benevoles\/jeunes-benevoles\/#primaryimage"},"image":{"@id":"https:\/\/nbrhc.on.ca\/fr\/joignez-vous-a-notre-equipe\/benevoles\/jeunes-benevoles\/#primaryimage"},"thumbnailUrl":"https:\/\/nbrhc.on.ca\/wp-content\/uploads\/2021\/11\/North-Bay-Regional-Health-Centre-Twitter-1-300x169.png","datePublished":"2019-04-23T14:09:48+00:00","dateModified":"2026-01-30T17:14:53+00:00","description":"Ce programme est une excellente occasion pour les b\u00e9n\u00e9voles de faire une diff\u00e9rence positive tout en explorant et en \u00e9largissant leur int\u00e9r\u00eat pour les soins de sant\u00e9","breadcrumb":{"@id":"https:\/\/nbrhc.on.ca\/fr\/joignez-vous-a-notre-equipe\/benevoles\/jeunes-benevoles\/#breadcrumb"},"inLanguage":"fr-FR","potentialAction":[{"@type":"ReadAction","target":["https:\/\/nbrhc.on.ca\/fr\/joignez-vous-a-notre-equipe\/benevoles\/jeunes-benevoles\/"]}]},{"@type":"ImageObject","inLanguage":"fr-FR","@id":"https:\/\/nbrhc.on.ca\/fr\/joignez-vous-a-notre-equipe\/benevoles\/jeunes-benevoles\/#primaryimage","url":"https:\/\/nbrhc.on.ca\/wp-content\/uploads\/2021\/11\/North-Bay-Regional-Health-Centre-Twitter-1-300x169.png","contentUrl":"https:\/\/nbrhc.on.ca\/wp-content\/uploads\/2021\/11\/North-Bay-Regional-Health-Centre-Twitter-1-300x169.png"},{"@type":"BreadcrumbList","@id":"https:\/\/nbrhc.on.ca\/fr\/joignez-vous-a-notre-equipe\/benevoles\/jeunes-benevoles\/#breadcrumb","itemListElement":[{"@type":"ListItem","position":1,"name":"Home","item":"https:\/\/nbrhc.on.ca\/fr\/"},{"@type":"ListItem","position":2,"name":"Joignez-vous \u00e0 notre \u00e9quipe","item":"https:\/\/nbrhc.on.ca\/fr\/joignez-vous-a-notre-equipe\/"},{"@type":"ListItem","position":3,"name":"Les b\u00e9n\u00e9voles","item":"https:\/\/nbrhc.on.ca\/fr\/joignez-vous-a-notre-equipe\/benevoles\/"},{"@type":"ListItem","position":4,"name":"Jeunes b\u00e9n\u00e9voles"}]},{"@type":"WebSite","@id":"https:\/\/nbrhc.on.ca\/#website","url":"https:\/\/nbrhc.on.ca\/","name":"NBRHC","description":"North Bay Regional Health Centre","publisher":{"@id":"https:\/\/nbrhc.on.ca\/#organization"},"potentialAction":[{"@type":"SearchAction","target":{"@type":"EntryPoint","urlTemplate":"https:\/\/nbrhc.on.ca\/?s={search_term_string}"},"query-input":{"@type":"PropertyValueSpecification","valueRequired":true,"valueName":"search_term_string"}}],"inLanguage":"fr-FR"},{"@type":"Organization","@id":"https:\/\/nbrhc.on.ca\/#organization","name":"North Bay Regional Health Centre","url":"https:\/\/nbrhc.on.ca\/","logo":{"@type":"ImageObject","inLanguage":"fr-FR","@id":"https:\/\/nbrhc.on.ca\/#\/schema\/logo\/image\/","url":"https:\/\/nbrhc.on.ca\/wp-content\/uploads\/2015\/07\/logo.jpg","contentUrl":"https:\/\/nbrhc.on.ca\/wp-content\/uploads\/2015\/07\/logo.jpg","width":870,"height":128,"caption":"North Bay Regional Health Centre"},"image":{"@id":"https:\/\/nbrhc.on.ca\/#\/schema\/logo\/image\/"},"sameAs":["https:\/\/www.facebook.com\/nbrhc","https:\/\/x.com\/NBRHC","https:\/\/www.linkedin.com\/company\/north-bay-regional-health-centre-nbrhc","https:\/\/www.pinterest.com\/nbrhc","https:\/\/www.youtube.com\/TheNBRHC"]}]}},"_links":{"self":[{"href":"https:\/\/nbrhc.on.ca\/fr\/wp-json\/wp\/v2\/pages\/19372","targetHints":{"allow":["GET"]}}],"collection":[{"href":"https:\/\/nbrhc.on.ca\/fr\/wp-json\/wp\/v2\/pages"}],"about":[{"href":"https:\/\/nbrhc.on.ca\/fr\/wp-json\/wp\/v2\/types\/page"}],"author":[{"embeddable":true,"href":"https:\/\/nbrhc.on.ca\/fr\/wp-json\/wp\/v2\/users\/17"}],"replies":[{"embeddable":true,"href":"https:\/\/nbrhc.on.ca\/fr\/wp-json\/wp\/v2\/comments?post=19372"}],"version-history":[{"count":6,"href":"https:\/\/nbrhc.on.ca\/fr\/wp-json\/wp\/v2\/pages\/19372\/revisions"}],"predecessor-version":[{"id":47121,"href":"https:\/\/nbrhc.on.ca\/fr\/wp-json\/wp\/v2\/pages\/19372\/revisions\/47121"}],"up":[{"embeddable":true,"href":"https:\/\/nbrhc.on.ca\/fr\/wp-json\/wp\/v2\/pages\/2433"}],"wp:attachment":[{"href":"https:\/\/nbrhc.on.ca\/fr\/wp-json\/wp\/v2\/media?parent=19372"}],"wp:term":[{"taxonomy":"post_tag","embeddable":true,"href":"https:\/\/nbrhc.on.ca\/fr\/wp-json\/wp\/v2\/tags?post=19372"}],"curies":[{"name":"wp","href":"https:\/\/api.w.org\/{rel}","templated":true}]}}