{"id":19417,"date":"2019-04-30T12:37:56","date_gmt":"2019-04-30T16:37:56","guid":{"rendered":"http:\/\/www.nbrhc.on.ca\/?page_id=19417"},"modified":"2026-02-05T09:24:54","modified_gmt":"2026-02-05T14:24:54","slug":"conseil-dadministration","status":"publish","type":"page","link":"https:\/\/nbrhc.on.ca\/fr\/joignez-vous-a-notre-equipe\/conseil-dadministration\/","title":{"rendered":"Conseil d\u2019administration"},"content":{"rendered":"<h2><small>Le Centre r\u00e9gional de sant\u00e9 de North Bay<\/small><br \/>\nest \u00e0 la recherche de personnes pour si\u00e9ger au conseil d\u2019administration<\/h2>\n<p>Le Centre r\u00e9gional de sant\u00e9 de North Bay (CRSNB) est un centre de sant\u00e9 ultramoderne qui fournit des services de soins actifs aux r\u00e9sidents de North Bay et des communaut\u00e9s avoisinantes ainsi que des services sp\u00e9cialis\u00e9s de sant\u00e9 mentale \u00e0 la population du Nord-Est ontarien.<\/p>\n<p>Le conseil d\u2019administration s\u2019engage \u00e0 recruter des membres qui repr\u00e9sentent toute la diversit\u00e9 du Nipissing et du Nord-Est. Sont tout aussi importantes les comp\u00e9tences et l\u2019exp\u00e9rience qui font de la personne un bon candidat ou une bonne candidate.<\/p>\n<p>Il s\u2019agit de postes b\u00e9n\u00e9voles n\u00e9cessitant un engagement de 15 \u00e0 20 heures par mois. On s\u2019attend \u00e0 ce que les membres assistent aux r\u00e9unions du conseil (en personne ou en virtuel) et participent aux travaux d\u2019un comit\u00e9 du conseil. Ils sont rembours\u00e9s des frais de d\u00e9placement et des autres d\u00e9penses engag\u00e9es dans l\u2019ex\u00e9cution de leurs fonctions, selon la politique du conseil.<\/p>\n<p>Le conseil d\u2019administration cherche des personnes qui repr\u00e9sentent la population servie et dont les connaissances, les comp\u00e9tences et l\u2019exp\u00e9rience sont diversifi\u00e9es. Pour les postes en question, des ant\u00e9c\u00e9dents dans n\u2019importe lequel des domaines suivants seraient consid\u00e9r\u00e9s comme des atouts\u00a0: services en fran\u00e7ais, r\u00e9conciliation aupr\u00e8s des peuples autochtones, exp\u00e9rience dans le secteur de la sant\u00e9 sur le plan des soins cliniques, de la qualit\u00e9 ou de l\u2019am\u00e9lioration du rendement, ou affaires juridiques. Le bilinguisme (anglais et fran\u00e7ais) est souhaitable.<\/p>\n<p>Les personnes qui d\u00e9sirent poser leur candidature doivent obtenir un formulaire de mise en candidature en communiquant avec Maryann Burmudzija, adjointe administrative, par courriel (<a href=\"mailto:maryann.burmudzija@nbrhc.on.ca\">maryann.burmudzija@nbrhc.on.ca<\/a>) ou par t\u00e9l\u00e9phone (705-474-8600, poste\u00a02513).<\/p>\n<ul>\n<li><a href=\"https:\/\/nbrhc.on.ca\/fr\/joignez-vous-a-notre-equipe\/conseil-dadministration\/formulaire-de-candidature-au-conseil-dadministration\/\"><strong>Formulaire de candidature au conseil d\u2019administration<\/strong><\/a><\/li>\n<li><a href=\"https:\/\/nbrhc.on.ca\/wp-content\/uploads\/2026\/02\/Board_Recruitment_FR.pdf\" target=\"_blank\" rel=\"noopener\"><strong>Cliquez ici pour t\u00e9l\u00e9charger le d\u00e9pliant de recrutement du conseil d\u2019administration<\/strong><\/a><\/li>\n<\/ul>\n","protected":false},"excerpt":{"rendered":"<p>Nous nous engageons \u00e0 recruter des membres qui repr\u00e9sentent toute la diversit\u00e9 du Nipissing et du Nord-Est. Sont tout aussi importantes les comp\u00e9tences et l\u2019exp\u00e9rience qui font de la personne un bon candidat ou une bonne candidate.<\/p>\n","protected":false},"author":17,"featured_media":0,"parent":2421,"menu_order":4,"comment_status":"closed","ping_status":"closed","template":"","meta":{"_acf_changed":false,"_monsterinsights_skip_tracking":false,"_monsterinsights_sitenote_active":false,"_monsterinsights_sitenote_note":"","_monsterinsights_sitenote_category":0,"footnotes":"","_links_to":"","_links_to_target":"","_wp_rev_ctl_limit":""},"tags":[],"class_list":["post-19417","page","type-page","status-publish","hentry"],"acf":[],"yoast_head":"<!-- This site is optimized with the Yoast SEO plugin v27.5 - https:\/\/yoast.com\/product\/yoast-seo-wordpress\/ -->\n<title>Conseil d\u2019administration - NBRHC<\/title>\n<meta name=\"description\" content=\"Le CRSNB fournit des services de soins de courte dur\u00e9e de district \u00e0 North Bay et aux collectivit\u00e9s environnantes, et des services de sant\u00e9 mentale au nord-est de l&#039;Ontario\" \/>\n<meta name=\"robots\" content=\"index, follow, max-snippet:-1, max-image-preview:large, max-video-preview:-1\" \/>\n<link rel=\"canonical\" href=\"https:\/\/nbrhc.on.ca\/fr\/joignez-vous-a-notre-equipe\/conseil-dadministration\/\" \/>\n<meta property=\"og:locale\" content=\"fr_FR\" \/>\n<meta property=\"og:type\" content=\"article\" \/>\n<meta property=\"og:title\" content=\"Conseil d\u2019administration - NBRHC\" \/>\n<meta property=\"og:description\" content=\"Le CRSNB fournit des services de soins de courte dur\u00e9e de district \u00e0 North Bay et aux collectivit\u00e9s environnantes, et des services de sant\u00e9 mentale au nord-est de l&#039;Ontario\" \/>\n<meta property=\"og:url\" content=\"https:\/\/nbrhc.on.ca\/fr\/joignez-vous-a-notre-equipe\/conseil-dadministration\/\" \/>\n<meta property=\"og:site_name\" content=\"NBRHC\" \/>\n<meta property=\"article:publisher\" content=\"https:\/\/www.facebook.com\/nbrhc\" \/>\n<meta property=\"article:modified_time\" content=\"2026-02-05T14:24:54+00:00\" \/>\n<meta property=\"og:image\" content=\"https:\/\/nbrhc.on.ca\/wp-content\/uploads\/2015\/07\/icon_col.jpeg\" \/>\n\t<meta property=\"og:image:width\" content=\"619\" \/>\n\t<meta property=\"og:image:height\" content=\"619\" \/>\n\t<meta property=\"og:image:type\" content=\"image\/jpeg\" \/>\n<meta name=\"twitter:label1\" content=\"Dur\u00e9e de lecture estim\u00e9e\" \/>\n\t<meta name=\"twitter:data1\" content=\"2 minutes\" \/>\n<script type=\"application\/ld+json\" class=\"yoast-schema-graph\">{\"@context\":\"https:\\\/\\\/schema.org\",\"@graph\":[{\"@type\":\"WebPage\",\"@id\":\"https:\\\/\\\/nbrhc.on.ca\\\/fr\\\/joignez-vous-a-notre-equipe\\\/conseil-dadministration\\\/\",\"url\":\"https:\\\/\\\/nbrhc.on.ca\\\/fr\\\/joignez-vous-a-notre-equipe\\\/conseil-dadministration\\\/\",\"name\":\"Conseil d\u2019administration - NBRHC\",\"isPartOf\":{\"@id\":\"https:\\\/\\\/nbrhc.on.ca\\\/#website\"},\"datePublished\":\"2019-04-30T16:37:56+00:00\",\"dateModified\":\"2026-02-05T14:24:54+00:00\",\"description\":\"Le CRSNB fournit des services de soins de courte dur\u00e9e de district \u00e0 North Bay et aux collectivit\u00e9s environnantes, et des services de sant\u00e9 mentale au nord-est de l'Ontario\",\"breadcrumb\":{\"@id\":\"https:\\\/\\\/nbrhc.on.ca\\\/fr\\\/joignez-vous-a-notre-equipe\\\/conseil-dadministration\\\/#breadcrumb\"},\"inLanguage\":\"fr-FR\",\"potentialAction\":[{\"@type\":\"ReadAction\",\"target\":[\"https:\\\/\\\/nbrhc.on.ca\\\/fr\\\/joignez-vous-a-notre-equipe\\\/conseil-dadministration\\\/\"]}]},{\"@type\":\"BreadcrumbList\",\"@id\":\"https:\\\/\\\/nbrhc.on.ca\\\/fr\\\/joignez-vous-a-notre-equipe\\\/conseil-dadministration\\\/#breadcrumb\",\"itemListElement\":[{\"@type\":\"ListItem\",\"position\":1,\"name\":\"Home\",\"item\":\"https:\\\/\\\/nbrhc.on.ca\\\/fr\\\/\"},{\"@type\":\"ListItem\",\"position\":2,\"name\":\"Joignez-vous \u00e0 notre \u00e9quipe\",\"item\":\"https:\\\/\\\/nbrhc.on.ca\\\/fr\\\/joignez-vous-a-notre-equipe\\\/\"},{\"@type\":\"ListItem\",\"position\":3,\"name\":\"Conseil d\u2019administration\"}]},{\"@type\":\"WebSite\",\"@id\":\"https:\\\/\\\/nbrhc.on.ca\\\/#website\",\"url\":\"https:\\\/\\\/nbrhc.on.ca\\\/\",\"name\":\"NBRHC\",\"description\":\"North Bay Regional Health Centre\",\"publisher\":{\"@id\":\"https:\\\/\\\/nbrhc.on.ca\\\/#organization\"},\"potentialAction\":[{\"@type\":\"SearchAction\",\"target\":{\"@type\":\"EntryPoint\",\"urlTemplate\":\"https:\\\/\\\/nbrhc.on.ca\\\/?s={search_term_string}\"},\"query-input\":{\"@type\":\"PropertyValueSpecification\",\"valueRequired\":true,\"valueName\":\"search_term_string\"}}],\"inLanguage\":\"fr-FR\"},{\"@type\":\"Organization\",\"@id\":\"https:\\\/\\\/nbrhc.on.ca\\\/#organization\",\"name\":\"North Bay Regional Health Centre\",\"url\":\"https:\\\/\\\/nbrhc.on.ca\\\/\",\"logo\":{\"@type\":\"ImageObject\",\"inLanguage\":\"fr-FR\",\"@id\":\"https:\\\/\\\/nbrhc.on.ca\\\/#\\\/schema\\\/logo\\\/image\\\/\",\"url\":\"https:\\\/\\\/nbrhc.on.ca\\\/wp-content\\\/uploads\\\/2015\\\/07\\\/logo.jpg\",\"contentUrl\":\"https:\\\/\\\/nbrhc.on.ca\\\/wp-content\\\/uploads\\\/2015\\\/07\\\/logo.jpg\",\"width\":870,\"height\":128,\"caption\":\"North Bay Regional Health Centre\"},\"image\":{\"@id\":\"https:\\\/\\\/nbrhc.on.ca\\\/#\\\/schema\\\/logo\\\/image\\\/\"},\"sameAs\":[\"https:\\\/\\\/www.facebook.com\\\/nbrhc\",\"https:\\\/\\\/x.com\\\/NBRHC\",\"https:\\\/\\\/www.linkedin.com\\\/company\\\/north-bay-regional-health-centre-nbrhc\",\"https:\\\/\\\/www.pinterest.com\\\/nbrhc\",\"https:\\\/\\\/www.youtube.com\\\/TheNBRHC\"]}]}<\/script>\n<!-- \/ Yoast SEO plugin. -->","yoast_head_json":{"title":"Conseil d\u2019administration - NBRHC","description":"Le CRSNB fournit des services de soins de courte dur\u00e9e de district \u00e0 North Bay et aux collectivit\u00e9s environnantes, et des services de sant\u00e9 mentale au nord-est de l'Ontario","robots":{"index":"index","follow":"follow","max-snippet":"max-snippet:-1","max-image-preview":"max-image-preview:large","max-video-preview":"max-video-preview:-1"},"canonical":"https:\/\/nbrhc.on.ca\/fr\/joignez-vous-a-notre-equipe\/conseil-dadministration\/","og_locale":"fr_FR","og_type":"article","og_title":"Conseil d\u2019administration - NBRHC","og_description":"Le CRSNB fournit des services de soins de courte dur\u00e9e de district \u00e0 North Bay et aux collectivit\u00e9s environnantes, et des services de sant\u00e9 mentale au nord-est de l'Ontario","og_url":"https:\/\/nbrhc.on.ca\/fr\/joignez-vous-a-notre-equipe\/conseil-dadministration\/","og_site_name":"NBRHC","article_publisher":"https:\/\/www.facebook.com\/nbrhc","article_modified_time":"2026-02-05T14:24:54+00:00","og_image":[{"width":619,"height":619,"url":"https:\/\/nbrhc.on.ca\/wp-content\/uploads\/2015\/07\/icon_col.jpeg","type":"image\/jpeg"}],"twitter_misc":{"Dur\u00e9e de lecture estim\u00e9e":"2 minutes"},"schema":{"@context":"https:\/\/schema.org","@graph":[{"@type":"WebPage","@id":"https:\/\/nbrhc.on.ca\/fr\/joignez-vous-a-notre-equipe\/conseil-dadministration\/","url":"https:\/\/nbrhc.on.ca\/fr\/joignez-vous-a-notre-equipe\/conseil-dadministration\/","name":"Conseil d\u2019administration - NBRHC","isPartOf":{"@id":"https:\/\/nbrhc.on.ca\/#website"},"datePublished":"2019-04-30T16:37:56+00:00","dateModified":"2026-02-05T14:24:54+00:00","description":"Le CRSNB fournit des services de soins de courte dur\u00e9e de district \u00e0 North Bay et aux collectivit\u00e9s environnantes, et des services de sant\u00e9 mentale au nord-est de l'Ontario","breadcrumb":{"@id":"https:\/\/nbrhc.on.ca\/fr\/joignez-vous-a-notre-equipe\/conseil-dadministration\/#breadcrumb"},"inLanguage":"fr-FR","potentialAction":[{"@type":"ReadAction","target":["https:\/\/nbrhc.on.ca\/fr\/joignez-vous-a-notre-equipe\/conseil-dadministration\/"]}]},{"@type":"BreadcrumbList","@id":"https:\/\/nbrhc.on.ca\/fr\/joignez-vous-a-notre-equipe\/conseil-dadministration\/#breadcrumb","itemListElement":[{"@type":"ListItem","position":1,"name":"Home","item":"https:\/\/nbrhc.on.ca\/fr\/"},{"@type":"ListItem","position":2,"name":"Joignez-vous \u00e0 notre \u00e9quipe","item":"https:\/\/nbrhc.on.ca\/fr\/joignez-vous-a-notre-equipe\/"},{"@type":"ListItem","position":3,"name":"Conseil d\u2019administration"}]},{"@type":"WebSite","@id":"https:\/\/nbrhc.on.ca\/#website","url":"https:\/\/nbrhc.on.ca\/","name":"NBRHC","description":"North Bay Regional Health Centre","publisher":{"@id":"https:\/\/nbrhc.on.ca\/#organization"},"potentialAction":[{"@type":"SearchAction","target":{"@type":"EntryPoint","urlTemplate":"https:\/\/nbrhc.on.ca\/?s={search_term_string}"},"query-input":{"@type":"PropertyValueSpecification","valueRequired":true,"valueName":"search_term_string"}}],"inLanguage":"fr-FR"},{"@type":"Organization","@id":"https:\/\/nbrhc.on.ca\/#organization","name":"North Bay Regional Health Centre","url":"https:\/\/nbrhc.on.ca\/","logo":{"@type":"ImageObject","inLanguage":"fr-FR","@id":"https:\/\/nbrhc.on.ca\/#\/schema\/logo\/image\/","url":"https:\/\/nbrhc.on.ca\/wp-content\/uploads\/2015\/07\/logo.jpg","contentUrl":"https:\/\/nbrhc.on.ca\/wp-content\/uploads\/2015\/07\/logo.jpg","width":870,"height":128,"caption":"North Bay Regional Health Centre"},"image":{"@id":"https:\/\/nbrhc.on.ca\/#\/schema\/logo\/image\/"},"sameAs":["https:\/\/www.facebook.com\/nbrhc","https:\/\/x.com\/NBRHC","https:\/\/www.linkedin.com\/company\/north-bay-regional-health-centre-nbrhc","https:\/\/www.pinterest.com\/nbrhc","https:\/\/www.youtube.com\/TheNBRHC"]}]}},"_links":{"self":[{"href":"https:\/\/nbrhc.on.ca\/fr\/wp-json\/wp\/v2\/pages\/19417","targetHints":{"allow":["GET"]}}],"collection":[{"href":"https:\/\/nbrhc.on.ca\/fr\/wp-json\/wp\/v2\/pages"}],"about":[{"href":"https:\/\/nbrhc.on.ca\/fr\/wp-json\/wp\/v2\/types\/page"}],"author":[{"embeddable":true,"href":"https:\/\/nbrhc.on.ca\/fr\/wp-json\/wp\/v2\/users\/17"}],"replies":[{"embeddable":true,"href":"https:\/\/nbrhc.on.ca\/fr\/wp-json\/wp\/v2\/comments?post=19417"}],"version-history":[{"count":9,"href":"https:\/\/nbrhc.on.ca\/fr\/wp-json\/wp\/v2\/pages\/19417\/revisions"}],"predecessor-version":[{"id":47134,"href":"https:\/\/nbrhc.on.ca\/fr\/wp-json\/wp\/v2\/pages\/19417\/revisions\/47134"}],"up":[{"embeddable":true,"href":"https:\/\/nbrhc.on.ca\/fr\/wp-json\/wp\/v2\/pages\/2421"}],"wp:attachment":[{"href":"https:\/\/nbrhc.on.ca\/fr\/wp-json\/wp\/v2\/media?parent=19417"}],"wp:term":[{"taxonomy":"post_tag","embeddable":true,"href":"https:\/\/nbrhc.on.ca\/fr\/wp-json\/wp\/v2\/tags?post=19417"}],"curies":[{"name":"wp","href":"https:\/\/api.w.org\/{rel}","templated":true}]}}