{"id":19672,"date":"2019-06-07T11:42:05","date_gmt":"2019-06-07T15:42:05","guid":{"rendered":"http:\/\/www.nbrhc.on.ca\/?page_id=19672"},"modified":"2025-01-24T09:36:18","modified_gmt":"2025-01-24T14:36:18","slug":"formulaire-de-candidature-au-conseil-dadministration","status":"publish","type":"page","link":"https:\/\/nbrhc.on.ca\/fr\/joignez-vous-a-notre-equipe\/conseil-dadministration\/formulaire-de-candidature-au-conseil-dadministration\/","title":{"rendered":"Formulaire de candidature au conseil d\u2019administration"},"content":{"rendered":"\n<div class=\"wpcf7 no-js\" id=\"wpcf7-f19670-o1\" lang=\"en-US\" dir=\"ltr\" data-wpcf7-id=\"19670\">\n<div class=\"screen-reader-response\"><p role=\"status\" aria-live=\"polite\" aria-atomic=\"true\"><\/p> <ul><\/ul><\/div>\n<form action=\"\/fr\/wp-json\/wp\/v2\/pages\/19672#wpcf7-f19670-o1\" method=\"post\" class=\"wpcf7-form init\" aria-label=\"Contact form\" novalidate=\"novalidate\" data-status=\"init\">\n<fieldset class=\"hidden-fields-container\"><input type=\"hidden\" name=\"_wpcf7\" value=\"19670\" \/><input type=\"hidden\" name=\"_wpcf7_version\" value=\"6.1.5\" \/><input type=\"hidden\" name=\"_wpcf7_locale\" value=\"en_US\" \/><input type=\"hidden\" name=\"_wpcf7_unit_tag\" value=\"wpcf7-f19670-o1\" \/><input type=\"hidden\" name=\"_wpcf7_container_post\" value=\"0\" \/><input type=\"hidden\" name=\"_wpcf7_posted_data_hash\" value=\"\" \/><input type=\"hidden\" name=\"_wpcf7_recaptcha_response\" value=\"\" \/>\n<\/fieldset>\n<h2>Coordonn\u00e9es\n<\/h2>\n<p><label for=\"surname\">Nom de famille : (obligatoires)<\/label><span class=\"wpcf7-form-control-wrap\" data-name=\"surname\"><input size=\"40\" maxlength=\"400\" class=\"wpcf7-form-control wpcf7-text wpcf7-validates-as-required\" id=\"surname\" aria-required=\"true\" aria-invalid=\"false\" value=\"\" type=\"text\" name=\"surname\" \/><\/span><br \/>\n<label for=\"first-name\">Pr\u00e9nom : (obligatoires)<\/label><span class=\"wpcf7-form-control-wrap\" data-name=\"first-name\"><input size=\"40\" maxlength=\"400\" class=\"wpcf7-form-control wpcf7-text wpcf7-validates-as-required\" id=\"first-name\" aria-required=\"true\" aria-invalid=\"false\" value=\"\" type=\"text\" name=\"first-name\" \/><\/span><br \/>\n<label for=\"home-address\">Adresse \u00e0 domicile : (obligatoires)<\/label><span class=\"wpcf7-form-control-wrap\" data-name=\"home-address\"><input size=\"40\" maxlength=\"400\" class=\"wpcf7-form-control wpcf7-text wpcf7-validates-as-required\" id=\"home-address\" aria-required=\"true\" aria-invalid=\"false\" value=\"\" type=\"text\" name=\"home-address\" \/><\/span><br \/>\n<label for=\"city\">Ville : (obligatoires)<\/label><span class=\"wpcf7-form-control-wrap\" data-name=\"home-city\"><input size=\"40\" maxlength=\"400\" class=\"wpcf7-form-control wpcf7-text wpcf7-validates-as-required\" id=\"city\" aria-required=\"true\" aria-invalid=\"false\" value=\"\" type=\"text\" name=\"home-city\" \/><\/span><br \/>\n<label for=\"province\">Province : (obligatoires)<\/label><span class=\"wpcf7-form-control-wrap\" data-name=\"home-province\"><input size=\"40\" maxlength=\"400\" class=\"wpcf7-form-control wpcf7-text wpcf7-validates-as-required\" id=\"province\" aria-required=\"true\" aria-invalid=\"false\" value=\"\" type=\"text\" name=\"home-province\" \/><\/span><br \/>\n<label for=\"postal-code\">Code postal : (obligatoires)<\/label><span class=\"wpcf7-form-control-wrap\" data-name=\"postal-code\"><input size=\"40\" maxlength=\"400\" class=\"wpcf7-form-control wpcf7-text wpcf7-validates-as-required\" id=\"postal-code\" aria-required=\"true\" aria-invalid=\"false\" value=\"\" type=\"text\" name=\"postal-code\" \/><\/span><br \/>\n<label for=\"home-phone\">T\u00e9l\u00e9phone \u00e0 domicile : (obligatoires)<\/label><span class=\"wpcf7-form-control-wrap\" data-name=\"tel-home\"><input size=\"40\" maxlength=\"400\" class=\"wpcf7-form-control wpcf7-tel wpcf7-validates-as-required wpcf7-text wpcf7-validates-as-tel\" id=\"home-phone\" aria-required=\"true\" aria-invalid=\"false\" value=\"\" type=\"tel\" name=\"tel-home\" \/><\/span><br \/>\n<label for=\"business-phone\">T\u00e9l\u00e9phone au travail : (obligatoires)<\/label><span class=\"wpcf7-form-control-wrap\" data-name=\"tel-business\"><input size=\"40\" maxlength=\"400\" class=\"wpcf7-form-control wpcf7-tel wpcf7-validates-as-required wpcf7-text wpcf7-validates-as-tel\" id=\"business-phone\" aria-required=\"true\" aria-invalid=\"false\" value=\"\" type=\"tel\" name=\"tel-business\" \/><\/span><br \/>\n<label for=\"email\">Adresse de courriel : (obligatoires)<\/label><span class=\"wpcf7-form-control-wrap\" data-name=\"your-email\"><input size=\"40\" maxlength=\"400\" class=\"wpcf7-form-control wpcf7-email wpcf7-validates-as-required wpcf7-text wpcf7-validates-as-email\" id=\"email\" aria-required=\"true\" aria-invalid=\"false\" value=\"\" type=\"email\" name=\"your-email\" \/><\/span><br \/>\n<label for=\"contact-method\">M\u00e9thode de communication pr\u00e9f\u00e9r\u00e9e : (obligatoires)<\/label><span class=\"wpcf7-form-control-wrap\" data-name=\"menu-method-contact\"><select class=\"wpcf7-form-control wpcf7-select wpcf7-validates-as-required\" id=\"contact-method\" aria-required=\"true\" aria-invalid=\"false\" name=\"menu-method-contact\"><option value=\"T\u00e9l\u00e9phone \u00e0 domicile\">T\u00e9l\u00e9phone \u00e0 domicile<\/option><option value=\"T\u00e9l\u00e9phone au travail\">T\u00e9l\u00e9phone au travail<\/option><option value=\"Courriel\">Courriel<\/option><\/select><\/span>\n<\/p>\n<h2>Exigences\n<\/h2>\n<p>Par la pr\u00e9sente, je, soussign\u00e9(e), pose ma candidature au conseil d\u2019administration de la Soci\u00e9t\u00e9 et ce faisant, je reconnais et d\u00e9clare que mes r\u00e9ponses aux questions ci-dessous sont v\u00e9ridiques :\n<\/p>\n<ol>\n\t<li>\n\t\t<p><label for=\"spouse\">\u00cates-vous un employ\u00e9, le ou la conjoint(e), le ou la conjoint(e) de fait, l\u2019enfant, le p\u00e8re, la m\u00e8re, le fr\u00e8re ou la s\u0153ur d\u2019un membre du personnel professionnel qui a droit \u00e0 des privil\u00e8ges ou d\u2019un(e) employ\u00e9(e) de l\u2019H\u00f4pital, ou avez-vous un autre lien, quel qu\u2019il soit, qui nuirait \u00e0 votre autonomie d\u00e9cisionnelle?<\/label><span class=\"wpcf7-form-control-wrap\" data-name=\"menu-spouse\"><select class=\"wpcf7-form-control wpcf7-select wpcf7-validates-as-required\" id=\"spouse\" aria-required=\"true\" aria-invalid=\"false\" name=\"menu-spouse\"><option value=\"\">&#8212;Please choose an option&#8212;<\/option><option value=\"Oui\">Oui<\/option><option value=\"Non\">Non<\/option><\/select><\/span>\n\t\t<\/p>\n\t<\/li>\n\t<li>\n\t\t<p><label for=\"lives-with\">Vivez-vous dans le m\u00eame m\u00e9nage qu\u2019un professionnel de la sant\u00e9 ou un employ\u00e9 actuel du Centre r\u00e9gional de sant\u00e9 de North Bay?<\/label><span class=\"wpcf7-form-control-wrap\" data-name=\"menu-lives-with\"><select class=\"wpcf7-form-control wpcf7-select wpcf7-validates-as-required\" id=\"lives-with\" aria-required=\"true\" aria-invalid=\"false\" name=\"menu-lives-with\"><option value=\"\">&#8212;Please choose an option&#8212;<\/option><option value=\"Oui\">Oui<\/option><option value=\"Non\">Non<\/option><\/select><\/span>\n\t\t<\/p>\n\t<\/li>\n\t<li>\n\t\t<p><label for=\"employee\">Avez-vous d\u00e9j\u00e0 \u00e9t\u00e9 employ\u00e9(e) de cet organisme au cours des trois (3) derni\u00e8res ann\u00e9es?<\/label><span class=\"wpcf7-form-control-wrap\" data-name=\"menu-employee\"><select class=\"wpcf7-form-control wpcf7-select wpcf7-validates-as-required\" id=\"employee\" aria-required=\"true\" aria-invalid=\"false\" name=\"menu-employee\"><option value=\"\">&#8212;Please choose an option&#8212;<\/option><option value=\"Oui\">Oui<\/option><option value=\"Non\">Non<\/option><\/select><\/span>\n\t\t<\/p>\n\t<\/li>\n\t<li>\n\t\t<p><label for=\"officeholder\">\u00cates-vous titulaire d\u2019une charge publique ou avez-vous \u00e9t\u00e9 \u00e9lu(e) au niveau municipal, provincial ou f\u00e9d\u00e9ral?<\/label><span class=\"wpcf7-form-control-wrap\" data-name=\"menu-officeholder\"><select class=\"wpcf7-form-control wpcf7-select wpcf7-validates-as-required\" id=\"officeholder\" aria-required=\"true\" aria-invalid=\"false\" name=\"menu-officeholder\"><option value=\"\">&#8212;Please choose an option&#8212;<\/option><option value=\"Oui\">Oui<\/option><option value=\"Non\">Non<\/option><\/select><\/span>\n\t\t<\/p>\n\t<\/li>\n\t<li>\n\t\t<p><label for=\"under-18\">Avez-vous moins de dix-huit (18) ans?<\/label><span class=\"wpcf7-form-control-wrap\" data-name=\"menu-under-18\"><select class=\"wpcf7-form-control wpcf7-select wpcf7-validates-as-required\" id=\"under-18\" aria-required=\"true\" aria-invalid=\"false\" name=\"menu-under-18\"><option value=\"\">&#8212;Please choose an option&#8212;<\/option><option value=\"Oui\">Oui<\/option><option value=\"Non\">Non<\/option><\/select><\/span>\n\t\t<\/p>\n\t<\/li>\n\t<li>\n\t\t<p><label for=\"bankrupt\">Avez-vous une faillite non lib\u00e9r\u00e9e?<\/label><span class=\"wpcf7-form-control-wrap\" data-name=\"menu-bankrupt\"><select class=\"wpcf7-form-control wpcf7-select wpcf7-validates-as-required\" id=\"bankrupt\" aria-required=\"true\" aria-invalid=\"false\" name=\"menu-bankrupt\"><option value=\"\">&#8212;Please choose an option&#8212;<\/option><option value=\"Oui\">Oui<\/option><option value=\"Non\">Non<\/option><\/select><\/span>\n\t\t<\/p>\n\t<\/li>\n<\/ol>\n<p>Si vous avez r\u00e9pondu <strong>OUI<\/strong> \u00e0 l\u2019une ou l\u2019autre des questions ci-dessus (1 \u00e0 6), vous n\u2019\u00eates malheureusement pas admissible \u00e0 \u00eatre \u00e9lu(e) ou nomm\u00e9(e) au poste de membre du conseil d\u2019administration de la Soci\u00e9t\u00e9.\n<\/p>\n<h2>Int\u00e9r\u00eat \u00e0 l\u2019\u00e9gard de le CRSNB (facultatif)\n<\/h2>\n<p><label for=\"interest\">Veuillez expliquer pourquoi vous souhaitez si\u00e9ger comme membre du conseil d\u2019administration de la Soci\u00e9t\u00e9 et nous faire part de tout autre renseignement que vous souhaitez porter \u00e0 notre attention.<\/label><span class=\"wpcf7-form-control-wrap\" data-name=\"textarea-interest\"><textarea cols=\"70\" rows=\"6\" maxlength=\"2000\" class=\"wpcf7-form-control wpcf7-textarea\" id=\"interest\" aria-invalid=\"false\" name=\"textarea-interest\"><\/textarea><\/span><br \/>\n<input class=\"wpcf7-form-control wpcf7-submit has-spinner btn-send\" type=\"submit\" value=\"Send\" \/>\n<\/p><p style=\"display: none !important;\" class=\"akismet-fields-container\" data-prefix=\"_wpcf7_ak_\"><label>&#916;<textarea name=\"_wpcf7_ak_hp_textarea\" cols=\"45\" rows=\"8\" maxlength=\"100\"><\/textarea><\/label><input type=\"hidden\" id=\"ak_js_1\" name=\"_wpcf7_ak_js\" value=\"148\"\/><script>document.getElementById( \"ak_js_1\" ).setAttribute( \"value\", ( new Date() ).getTime() );<\/script><\/p><div class=\"wpcf7-response-output\" aria-hidden=\"true\"><\/div>\n<\/form>\n<\/div>\n\n","protected":false},"excerpt":{"rendered":"","protected":false},"author":17,"featured_media":0,"parent":19417,"menu_order":0,"comment_status":"closed","ping_status":"closed","template":"","meta":{"_acf_changed":false,"_monsterinsights_skip_tracking":false,"_monsterinsights_sitenote_active":false,"_monsterinsights_sitenote_note":"","_monsterinsights_sitenote_category":0,"footnotes":"","_links_to":"","_links_to_target":"","_wp_rev_ctl_limit":""},"class_list":["post-19672","page","type-page","status-publish","hentry"],"acf":[],"yoast_head":"<!-- This site is optimized with the Yoast SEO plugin v27.4 - https:\/\/yoast.com\/product\/yoast-seo-wordpress\/ -->\n<title>Formulaire de candidature au conseil d\u2019administration - NBRHC<\/title>\n<meta name=\"description\" content=\"Cette page contient un formulaire de candidature interactif pour les postes de directeur au Centre r\u00e9gional de sant\u00e9 de North Bay\" \/>\n<meta name=\"robots\" content=\"index, follow, max-snippet:-1, max-image-preview:large, max-video-preview:-1\" \/>\n<link rel=\"canonical\" href=\"https:\/\/nbrhc.on.ca\/fr\/joignez-vous-a-notre-equipe\/conseil-dadministration\/formulaire-de-candidature-au-conseil-dadministration\/\" \/>\n<meta property=\"og:locale\" content=\"fr_FR\" \/>\n<meta property=\"og:type\" content=\"article\" \/>\n<meta property=\"og:title\" content=\"Formulaire de candidature au conseil d\u2019administration - NBRHC\" \/>\n<meta property=\"og:description\" content=\"Cette page contient un formulaire de candidature interactif pour les postes de directeur au Centre r\u00e9gional de sant\u00e9 de North Bay\" \/>\n<meta property=\"og:url\" content=\"https:\/\/nbrhc.on.ca\/fr\/joignez-vous-a-notre-equipe\/conseil-dadministration\/formulaire-de-candidature-au-conseil-dadministration\/\" \/>\n<meta property=\"og:site_name\" content=\"NBRHC\" \/>\n<meta property=\"article:publisher\" content=\"https:\/\/www.facebook.com\/nbrhc\" \/>\n<meta property=\"article:modified_time\" content=\"2025-01-24T14:36:18+00:00\" \/>\n<meta property=\"og:image\" content=\"https:\/\/nbrhc.on.ca\/wp-content\/uploads\/2015\/07\/icon_col.jpeg\" \/>\n\t<meta property=\"og:image:width\" content=\"619\" \/>\n\t<meta property=\"og:image:height\" content=\"619\" \/>\n\t<meta property=\"og:image:type\" content=\"image\/jpeg\" \/>\n<meta name=\"twitter:label1\" content=\"Dur\u00e9e de lecture estim\u00e9e\" \/>\n\t<meta name=\"twitter:data1\" content=\"1 minute\" \/>\n<script type=\"application\/ld+json\" class=\"yoast-schema-graph\">{\"@context\":\"https:\\\/\\\/schema.org\",\"@graph\":[{\"@type\":\"WebPage\",\"@id\":\"https:\\\/\\\/nbrhc.on.ca\\\/fr\\\/joignez-vous-a-notre-equipe\\\/conseil-dadministration\\\/formulaire-de-candidature-au-conseil-dadministration\\\/\",\"url\":\"https:\\\/\\\/nbrhc.on.ca\\\/fr\\\/joignez-vous-a-notre-equipe\\\/conseil-dadministration\\\/formulaire-de-candidature-au-conseil-dadministration\\\/\",\"name\":\"Formulaire de candidature au conseil d\u2019administration - NBRHC\",\"isPartOf\":{\"@id\":\"https:\\\/\\\/nbrhc.on.ca\\\/#website\"},\"datePublished\":\"2019-06-07T15:42:05+00:00\",\"dateModified\":\"2025-01-24T14:36:18+00:00\",\"description\":\"Cette page contient un formulaire de candidature interactif pour les postes de directeur au Centre r\u00e9gional de sant\u00e9 de North Bay\",\"breadcrumb\":{\"@id\":\"https:\\\/\\\/nbrhc.on.ca\\\/fr\\\/joignez-vous-a-notre-equipe\\\/conseil-dadministration\\\/formulaire-de-candidature-au-conseil-dadministration\\\/#breadcrumb\"},\"inLanguage\":\"fr-FR\",\"potentialAction\":[{\"@type\":\"ReadAction\",\"target\":[\"https:\\\/\\\/nbrhc.on.ca\\\/fr\\\/joignez-vous-a-notre-equipe\\\/conseil-dadministration\\\/formulaire-de-candidature-au-conseil-dadministration\\\/\"]}]},{\"@type\":\"BreadcrumbList\",\"@id\":\"https:\\\/\\\/nbrhc.on.ca\\\/fr\\\/joignez-vous-a-notre-equipe\\\/conseil-dadministration\\\/formulaire-de-candidature-au-conseil-dadministration\\\/#breadcrumb\",\"itemListElement\":[{\"@type\":\"ListItem\",\"position\":1,\"name\":\"Home\",\"item\":\"https:\\\/\\\/nbrhc.on.ca\\\/fr\\\/\"},{\"@type\":\"ListItem\",\"position\":2,\"name\":\"Joignez-vous \u00e0 notre \u00e9quipe\",\"item\":\"https:\\\/\\\/nbrhc.on.ca\\\/fr\\\/joignez-vous-a-notre-equipe\\\/\"},{\"@type\":\"ListItem\",\"position\":3,\"name\":\"Conseil d\u2019administration\",\"item\":\"https:\\\/\\\/nbrhc.on.ca\\\/fr\\\/joignez-vous-a-notre-equipe\\\/conseil-dadministration\\\/\"},{\"@type\":\"ListItem\",\"position\":4,\"name\":\"Formulaire de candidature au conseil d\u2019administration\"}]},{\"@type\":\"WebSite\",\"@id\":\"https:\\\/\\\/nbrhc.on.ca\\\/#website\",\"url\":\"https:\\\/\\\/nbrhc.on.ca\\\/\",\"name\":\"NBRHC\",\"description\":\"North Bay Regional Health Centre\",\"publisher\":{\"@id\":\"https:\\\/\\\/nbrhc.on.ca\\\/#organization\"},\"potentialAction\":[{\"@type\":\"SearchAction\",\"target\":{\"@type\":\"EntryPoint\",\"urlTemplate\":\"https:\\\/\\\/nbrhc.on.ca\\\/?s={search_term_string}\"},\"query-input\":{\"@type\":\"PropertyValueSpecification\",\"valueRequired\":true,\"valueName\":\"search_term_string\"}}],\"inLanguage\":\"fr-FR\"},{\"@type\":\"Organization\",\"@id\":\"https:\\\/\\\/nbrhc.on.ca\\\/#organization\",\"name\":\"North Bay Regional Health Centre\",\"url\":\"https:\\\/\\\/nbrhc.on.ca\\\/\",\"logo\":{\"@type\":\"ImageObject\",\"inLanguage\":\"fr-FR\",\"@id\":\"https:\\\/\\\/nbrhc.on.ca\\\/#\\\/schema\\\/logo\\\/image\\\/\",\"url\":\"https:\\\/\\\/nbrhc.on.ca\\\/wp-content\\\/uploads\\\/2015\\\/07\\\/logo.jpg\",\"contentUrl\":\"https:\\\/\\\/nbrhc.on.ca\\\/wp-content\\\/uploads\\\/2015\\\/07\\\/logo.jpg\",\"width\":870,\"height\":128,\"caption\":\"North Bay Regional Health Centre\"},\"image\":{\"@id\":\"https:\\\/\\\/nbrhc.on.ca\\\/#\\\/schema\\\/logo\\\/image\\\/\"},\"sameAs\":[\"https:\\\/\\\/www.facebook.com\\\/nbrhc\",\"https:\\\/\\\/x.com\\\/NBRHC\",\"https:\\\/\\\/www.linkedin.com\\\/company\\\/north-bay-regional-health-centre-nbrhc\",\"https:\\\/\\\/www.pinterest.com\\\/nbrhc\",\"https:\\\/\\\/www.youtube.com\\\/TheNBRHC\"]}]}<\/script>\n<!-- \/ Yoast SEO plugin. -->","yoast_head_json":{"title":"Formulaire de candidature au conseil d\u2019administration - NBRHC","description":"Cette page contient un formulaire de candidature interactif pour les postes de directeur au Centre r\u00e9gional de sant\u00e9 de North Bay","robots":{"index":"index","follow":"follow","max-snippet":"max-snippet:-1","max-image-preview":"max-image-preview:large","max-video-preview":"max-video-preview:-1"},"canonical":"https:\/\/nbrhc.on.ca\/fr\/joignez-vous-a-notre-equipe\/conseil-dadministration\/formulaire-de-candidature-au-conseil-dadministration\/","og_locale":"fr_FR","og_type":"article","og_title":"Formulaire de candidature au conseil d\u2019administration - NBRHC","og_description":"Cette page contient un formulaire de candidature interactif pour les postes de directeur au Centre r\u00e9gional de sant\u00e9 de North Bay","og_url":"https:\/\/nbrhc.on.ca\/fr\/joignez-vous-a-notre-equipe\/conseil-dadministration\/formulaire-de-candidature-au-conseil-dadministration\/","og_site_name":"NBRHC","article_publisher":"https:\/\/www.facebook.com\/nbrhc","article_modified_time":"2025-01-24T14:36:18+00:00","og_image":[{"width":619,"height":619,"url":"https:\/\/nbrhc.on.ca\/wp-content\/uploads\/2015\/07\/icon_col.jpeg","type":"image\/jpeg"}],"twitter_misc":{"Dur\u00e9e de lecture estim\u00e9e":"1 minute"},"schema":{"@context":"https:\/\/schema.org","@graph":[{"@type":"WebPage","@id":"https:\/\/nbrhc.on.ca\/fr\/joignez-vous-a-notre-equipe\/conseil-dadministration\/formulaire-de-candidature-au-conseil-dadministration\/","url":"https:\/\/nbrhc.on.ca\/fr\/joignez-vous-a-notre-equipe\/conseil-dadministration\/formulaire-de-candidature-au-conseil-dadministration\/","name":"Formulaire de candidature au conseil d\u2019administration - NBRHC","isPartOf":{"@id":"https:\/\/nbrhc.on.ca\/#website"},"datePublished":"2019-06-07T15:42:05+00:00","dateModified":"2025-01-24T14:36:18+00:00","description":"Cette page contient un formulaire de candidature interactif pour les postes de directeur au Centre r\u00e9gional de sant\u00e9 de North Bay","breadcrumb":{"@id":"https:\/\/nbrhc.on.ca\/fr\/joignez-vous-a-notre-equipe\/conseil-dadministration\/formulaire-de-candidature-au-conseil-dadministration\/#breadcrumb"},"inLanguage":"fr-FR","potentialAction":[{"@type":"ReadAction","target":["https:\/\/nbrhc.on.ca\/fr\/joignez-vous-a-notre-equipe\/conseil-dadministration\/formulaire-de-candidature-au-conseil-dadministration\/"]}]},{"@type":"BreadcrumbList","@id":"https:\/\/nbrhc.on.ca\/fr\/joignez-vous-a-notre-equipe\/conseil-dadministration\/formulaire-de-candidature-au-conseil-dadministration\/#breadcrumb","itemListElement":[{"@type":"ListItem","position":1,"name":"Home","item":"https:\/\/nbrhc.on.ca\/fr\/"},{"@type":"ListItem","position":2,"name":"Joignez-vous \u00e0 notre \u00e9quipe","item":"https:\/\/nbrhc.on.ca\/fr\/joignez-vous-a-notre-equipe\/"},{"@type":"ListItem","position":3,"name":"Conseil d\u2019administration","item":"https:\/\/nbrhc.on.ca\/fr\/joignez-vous-a-notre-equipe\/conseil-dadministration\/"},{"@type":"ListItem","position":4,"name":"Formulaire de candidature au conseil d\u2019administration"}]},{"@type":"WebSite","@id":"https:\/\/nbrhc.on.ca\/#website","url":"https:\/\/nbrhc.on.ca\/","name":"NBRHC","description":"North Bay Regional Health Centre","publisher":{"@id":"https:\/\/nbrhc.on.ca\/#organization"},"potentialAction":[{"@type":"SearchAction","target":{"@type":"EntryPoint","urlTemplate":"https:\/\/nbrhc.on.ca\/?s={search_term_string}"},"query-input":{"@type":"PropertyValueSpecification","valueRequired":true,"valueName":"search_term_string"}}],"inLanguage":"fr-FR"},{"@type":"Organization","@id":"https:\/\/nbrhc.on.ca\/#organization","name":"North Bay Regional Health Centre","url":"https:\/\/nbrhc.on.ca\/","logo":{"@type":"ImageObject","inLanguage":"fr-FR","@id":"https:\/\/nbrhc.on.ca\/#\/schema\/logo\/image\/","url":"https:\/\/nbrhc.on.ca\/wp-content\/uploads\/2015\/07\/logo.jpg","contentUrl":"https:\/\/nbrhc.on.ca\/wp-content\/uploads\/2015\/07\/logo.jpg","width":870,"height":128,"caption":"North Bay Regional Health Centre"},"image":{"@id":"https:\/\/nbrhc.on.ca\/#\/schema\/logo\/image\/"},"sameAs":["https:\/\/www.facebook.com\/nbrhc","https:\/\/x.com\/NBRHC","https:\/\/www.linkedin.com\/company\/north-bay-regional-health-centre-nbrhc","https:\/\/www.pinterest.com\/nbrhc","https:\/\/www.youtube.com\/TheNBRHC"]}]}},"_links":{"self":[{"href":"https:\/\/nbrhc.on.ca\/fr\/wp-json\/wp\/v2\/pages\/19672","targetHints":{"allow":["GET"]}}],"collection":[{"href":"https:\/\/nbrhc.on.ca\/fr\/wp-json\/wp\/v2\/pages"}],"about":[{"href":"https:\/\/nbrhc.on.ca\/fr\/wp-json\/wp\/v2\/types\/page"}],"author":[{"embeddable":true,"href":"https:\/\/nbrhc.on.ca\/fr\/wp-json\/wp\/v2\/users\/17"}],"replies":[{"embeddable":true,"href":"https:\/\/nbrhc.on.ca\/fr\/wp-json\/wp\/v2\/comments?post=19672"}],"version-history":[{"count":4,"href":"https:\/\/nbrhc.on.ca\/fr\/wp-json\/wp\/v2\/pages\/19672\/revisions"}],"predecessor-version":[{"id":42910,"href":"https:\/\/nbrhc.on.ca\/fr\/wp-json\/wp\/v2\/pages\/19672\/revisions\/42910"}],"up":[{"embeddable":true,"href":"https:\/\/nbrhc.on.ca\/fr\/wp-json\/wp\/v2\/pages\/19417"}],"wp:attachment":[{"href":"https:\/\/nbrhc.on.ca\/fr\/wp-json\/wp\/v2\/media?parent=19672"}],"curies":[{"name":"wp","href":"https:\/\/api.w.org\/{rel}","templated":true}]}}