{"id":1973,"date":"2014-03-21T12:03:02","date_gmt":"2014-03-21T16:03:02","guid":{"rendered":"http:\/\/www.nbrhc.on.ca\/?page_id=1973"},"modified":"2021-09-17T13:22:34","modified_gmt":"2021-09-17T17:22:34","slug":"dialyse-renale","status":"publish","type":"page","link":"https:\/\/nbrhc.on.ca\/fr\/programme-et-services\/programmes-aux-patients-externes\/dialyse-renale\/","title":{"rendered":"Dialyse r\u00e9nale"},"content":{"rendered":"<p>Les patients ayant besoin d\u2019une th\u00e9rapie de suppl\u00e9ance r\u00e9nale peuvent recevoir des traitements d\u2019h\u00e9modialyse dans une nouvelle unit\u00e9 \u00e9largie. L\u2019unit\u00e9 peut fournir des soins \u00e0 un maximum de 16 patients \u00e0 la fois. L\u2019\u00e9quipe de dialyse comprend des n\u00e9phrologues, des infirmi\u00e8res autoris\u00e9es, des pr\u00e9pos\u00e9s aux soins r\u00e9naux, des di\u00e9t\u00e9tistes, des travailleurs sociaux, des commis, du personnel biom\u00e9dical et des b\u00e9n\u00e9voles.<\/p>\n<p>&nbsp;<\/p>\n<p>&nbsp;<\/p>\n<p>&nbsp;<\/p>\n","protected":false},"excerpt":{"rendered":"<p>Les patients ayant besoin d\u2019une th\u00e9rapie de suppl\u00e9ance r\u00e9nale peuvent recevoir des traitements d\u2019h\u00e9modialyse dans une nouvelle unit\u00e9 \u00e9largie. L\u2019unit\u00e9 peut fournir des soins \u00e0 un maximum de 16 patients [&hellip;]<\/p>\n","protected":false},"author":17,"featured_media":0,"parent":4955,"menu_order":0,"comment_status":"open","ping_status":"closed","template":"","meta":{"_acf_changed":false,"_monsterinsights_skip_tracking":false,"_monsterinsights_sitenote_active":false,"_monsterinsights_sitenote_note":"","_monsterinsights_sitenote_category":0,"footnotes":"","_links_to":"","_links_to_target":"","_wp_rev_ctl_limit":""},"tags":[1178,1312,1314,1313],"class_list":["post-1973","page","type-page","status-publish","hentry","tag-dialyse","tag-dialyse-renale","tag-hemodialyse","tag-renale"],"acf":[],"yoast_head":"<!-- This site is optimized with the Yoast SEO plugin v27.5 - https:\/\/yoast.com\/product\/yoast-seo-wordpress\/ -->\n<title>Dialyse r\u00e9nale<\/title>\n<meta name=\"description\" content=\"L&#039;unit\u00e9 r\u00e9nale du Centre r\u00e9gional de sant\u00e9 de North Bay offre une h\u00e9modialyse \u00e0 jusqu&#039;\u00e0 seize patients qui ont besoin d&#039;une th\u00e9rapie de remplacement r\u00e9nal\" \/>\n<meta name=\"robots\" content=\"index, follow, max-snippet:-1, max-image-preview:large, max-video-preview:-1\" \/>\n<link rel=\"canonical\" href=\"https:\/\/nbrhc.on.ca\/fr\/programme-et-services\/programmes-aux-patients-externes\/dialyse-renale\/\" \/>\n<meta property=\"og:locale\" content=\"fr_FR\" \/>\n<meta property=\"og:type\" content=\"article\" \/>\n<meta property=\"og:title\" content=\"Dialyse r\u00e9nale\" \/>\n<meta property=\"og:description\" content=\"L&#039;unit\u00e9 r\u00e9nale du Centre r\u00e9gional de sant\u00e9 de North Bay offre une h\u00e9modialyse \u00e0 jusqu&#039;\u00e0 seize patients qui ont besoin d&#039;une th\u00e9rapie de remplacement r\u00e9nal\" \/>\n<meta property=\"og:url\" content=\"https:\/\/nbrhc.on.ca\/fr\/programme-et-services\/programmes-aux-patients-externes\/dialyse-renale\/\" \/>\n<meta property=\"og:site_name\" content=\"NBRHC\" \/>\n<meta property=\"article:publisher\" content=\"https:\/\/www.facebook.com\/nbrhc\" \/>\n<meta property=\"article:modified_time\" content=\"2021-09-17T17:22:34+00:00\" \/>\n<meta property=\"og:image\" content=\"https:\/\/nbrhc.on.ca\/wp-content\/uploads\/2015\/07\/icon_col.jpeg\" \/>\n\t<meta property=\"og:image:width\" content=\"619\" \/>\n\t<meta property=\"og:image:height\" content=\"619\" \/>\n\t<meta property=\"og:image:type\" content=\"image\/jpeg\" \/>\n<script type=\"application\/ld+json\" class=\"yoast-schema-graph\">{\"@context\":\"https:\\\/\\\/schema.org\",\"@graph\":[{\"@type\":\"WebPage\",\"@id\":\"https:\\\/\\\/nbrhc.on.ca\\\/fr\\\/programme-et-services\\\/programmes-aux-patients-externes\\\/dialyse-renale\\\/\",\"url\":\"https:\\\/\\\/nbrhc.on.ca\\\/fr\\\/programme-et-services\\\/programmes-aux-patients-externes\\\/dialyse-renale\\\/\",\"name\":\"Dialyse r\u00e9nale\",\"isPartOf\":{\"@id\":\"https:\\\/\\\/nbrhc.on.ca\\\/#website\"},\"datePublished\":\"2014-03-21T16:03:02+00:00\",\"dateModified\":\"2021-09-17T17:22:34+00:00\",\"description\":\"L'unit\u00e9 r\u00e9nale du Centre r\u00e9gional de sant\u00e9 de North Bay offre une h\u00e9modialyse \u00e0 jusqu'\u00e0 seize patients qui ont besoin d'une th\u00e9rapie de remplacement r\u00e9nal\",\"breadcrumb\":{\"@id\":\"https:\\\/\\\/nbrhc.on.ca\\\/fr\\\/programme-et-services\\\/programmes-aux-patients-externes\\\/dialyse-renale\\\/#breadcrumb\"},\"inLanguage\":\"fr-FR\",\"potentialAction\":[{\"@type\":\"ReadAction\",\"target\":[\"https:\\\/\\\/nbrhc.on.ca\\\/fr\\\/programme-et-services\\\/programmes-aux-patients-externes\\\/dialyse-renale\\\/\"]}]},{\"@type\":\"BreadcrumbList\",\"@id\":\"https:\\\/\\\/nbrhc.on.ca\\\/fr\\\/programme-et-services\\\/programmes-aux-patients-externes\\\/dialyse-renale\\\/#breadcrumb\",\"itemListElement\":[{\"@type\":\"ListItem\",\"position\":1,\"name\":\"Home\",\"item\":\"https:\\\/\\\/nbrhc.on.ca\\\/fr\\\/\"},{\"@type\":\"ListItem\",\"position\":2,\"name\":\"Programmes et services\",\"item\":\"https:\\\/\\\/nbrhc.on.ca\\\/fr\\\/programme-et-services\\\/\"},{\"@type\":\"ListItem\",\"position\":3,\"name\":\"Programmes aux patients externes\",\"item\":\"https:\\\/\\\/nbrhc.on.ca\\\/fr\\\/programme-et-services\\\/programmes-aux-patients-externes\\\/\"},{\"@type\":\"ListItem\",\"position\":4,\"name\":\"Dialyse r\u00e9nale\"}]},{\"@type\":\"WebSite\",\"@id\":\"https:\\\/\\\/nbrhc.on.ca\\\/#website\",\"url\":\"https:\\\/\\\/nbrhc.on.ca\\\/\",\"name\":\"NBRHC\",\"description\":\"North Bay Regional Health Centre\",\"publisher\":{\"@id\":\"https:\\\/\\\/nbrhc.on.ca\\\/#organization\"},\"potentialAction\":[{\"@type\":\"SearchAction\",\"target\":{\"@type\":\"EntryPoint\",\"urlTemplate\":\"https:\\\/\\\/nbrhc.on.ca\\\/?s={search_term_string}\"},\"query-input\":{\"@type\":\"PropertyValueSpecification\",\"valueRequired\":true,\"valueName\":\"search_term_string\"}}],\"inLanguage\":\"fr-FR\"},{\"@type\":\"Organization\",\"@id\":\"https:\\\/\\\/nbrhc.on.ca\\\/#organization\",\"name\":\"North Bay Regional Health Centre\",\"url\":\"https:\\\/\\\/nbrhc.on.ca\\\/\",\"logo\":{\"@type\":\"ImageObject\",\"inLanguage\":\"fr-FR\",\"@id\":\"https:\\\/\\\/nbrhc.on.ca\\\/#\\\/schema\\\/logo\\\/image\\\/\",\"url\":\"https:\\\/\\\/nbrhc.on.ca\\\/wp-content\\\/uploads\\\/2015\\\/07\\\/logo.jpg\",\"contentUrl\":\"https:\\\/\\\/nbrhc.on.ca\\\/wp-content\\\/uploads\\\/2015\\\/07\\\/logo.jpg\",\"width\":870,\"height\":128,\"caption\":\"North Bay Regional Health Centre\"},\"image\":{\"@id\":\"https:\\\/\\\/nbrhc.on.ca\\\/#\\\/schema\\\/logo\\\/image\\\/\"},\"sameAs\":[\"https:\\\/\\\/www.facebook.com\\\/nbrhc\",\"https:\\\/\\\/x.com\\\/NBRHC\",\"https:\\\/\\\/www.linkedin.com\\\/company\\\/north-bay-regional-health-centre-nbrhc\",\"https:\\\/\\\/www.pinterest.com\\\/nbrhc\",\"https:\\\/\\\/www.youtube.com\\\/TheNBRHC\"]}]}<\/script>\n<!-- \/ Yoast SEO plugin. -->","yoast_head_json":{"title":"Dialyse r\u00e9nale","description":"L'unit\u00e9 r\u00e9nale du Centre r\u00e9gional de sant\u00e9 de North Bay offre une h\u00e9modialyse \u00e0 jusqu'\u00e0 seize patients qui ont besoin d'une th\u00e9rapie de remplacement r\u00e9nal","robots":{"index":"index","follow":"follow","max-snippet":"max-snippet:-1","max-image-preview":"max-image-preview:large","max-video-preview":"max-video-preview:-1"},"canonical":"https:\/\/nbrhc.on.ca\/fr\/programme-et-services\/programmes-aux-patients-externes\/dialyse-renale\/","og_locale":"fr_FR","og_type":"article","og_title":"Dialyse r\u00e9nale","og_description":"L'unit\u00e9 r\u00e9nale du Centre r\u00e9gional de sant\u00e9 de North Bay offre une h\u00e9modialyse \u00e0 jusqu'\u00e0 seize patients qui ont besoin d'une th\u00e9rapie de remplacement r\u00e9nal","og_url":"https:\/\/nbrhc.on.ca\/fr\/programme-et-services\/programmes-aux-patients-externes\/dialyse-renale\/","og_site_name":"NBRHC","article_publisher":"https:\/\/www.facebook.com\/nbrhc","article_modified_time":"2021-09-17T17:22:34+00:00","og_image":[{"width":619,"height":619,"url":"https:\/\/nbrhc.on.ca\/wp-content\/uploads\/2015\/07\/icon_col.jpeg","type":"image\/jpeg"}],"schema":{"@context":"https:\/\/schema.org","@graph":[{"@type":"WebPage","@id":"https:\/\/nbrhc.on.ca\/fr\/programme-et-services\/programmes-aux-patients-externes\/dialyse-renale\/","url":"https:\/\/nbrhc.on.ca\/fr\/programme-et-services\/programmes-aux-patients-externes\/dialyse-renale\/","name":"Dialyse r\u00e9nale","isPartOf":{"@id":"https:\/\/nbrhc.on.ca\/#website"},"datePublished":"2014-03-21T16:03:02+00:00","dateModified":"2021-09-17T17:22:34+00:00","description":"L'unit\u00e9 r\u00e9nale du Centre r\u00e9gional de sant\u00e9 de North Bay offre une h\u00e9modialyse \u00e0 jusqu'\u00e0 seize patients qui ont besoin d'une th\u00e9rapie de remplacement r\u00e9nal","breadcrumb":{"@id":"https:\/\/nbrhc.on.ca\/fr\/programme-et-services\/programmes-aux-patients-externes\/dialyse-renale\/#breadcrumb"},"inLanguage":"fr-FR","potentialAction":[{"@type":"ReadAction","target":["https:\/\/nbrhc.on.ca\/fr\/programme-et-services\/programmes-aux-patients-externes\/dialyse-renale\/"]}]},{"@type":"BreadcrumbList","@id":"https:\/\/nbrhc.on.ca\/fr\/programme-et-services\/programmes-aux-patients-externes\/dialyse-renale\/#breadcrumb","itemListElement":[{"@type":"ListItem","position":1,"name":"Home","item":"https:\/\/nbrhc.on.ca\/fr\/"},{"@type":"ListItem","position":2,"name":"Programmes et services","item":"https:\/\/nbrhc.on.ca\/fr\/programme-et-services\/"},{"@type":"ListItem","position":3,"name":"Programmes aux patients externes","item":"https:\/\/nbrhc.on.ca\/fr\/programme-et-services\/programmes-aux-patients-externes\/"},{"@type":"ListItem","position":4,"name":"Dialyse r\u00e9nale"}]},{"@type":"WebSite","@id":"https:\/\/nbrhc.on.ca\/#website","url":"https:\/\/nbrhc.on.ca\/","name":"NBRHC","description":"North Bay Regional Health Centre","publisher":{"@id":"https:\/\/nbrhc.on.ca\/#organization"},"potentialAction":[{"@type":"SearchAction","target":{"@type":"EntryPoint","urlTemplate":"https:\/\/nbrhc.on.ca\/?s={search_term_string}"},"query-input":{"@type":"PropertyValueSpecification","valueRequired":true,"valueName":"search_term_string"}}],"inLanguage":"fr-FR"},{"@type":"Organization","@id":"https:\/\/nbrhc.on.ca\/#organization","name":"North Bay Regional Health Centre","url":"https:\/\/nbrhc.on.ca\/","logo":{"@type":"ImageObject","inLanguage":"fr-FR","@id":"https:\/\/nbrhc.on.ca\/#\/schema\/logo\/image\/","url":"https:\/\/nbrhc.on.ca\/wp-content\/uploads\/2015\/07\/logo.jpg","contentUrl":"https:\/\/nbrhc.on.ca\/wp-content\/uploads\/2015\/07\/logo.jpg","width":870,"height":128,"caption":"North Bay Regional Health Centre"},"image":{"@id":"https:\/\/nbrhc.on.ca\/#\/schema\/logo\/image\/"},"sameAs":["https:\/\/www.facebook.com\/nbrhc","https:\/\/x.com\/NBRHC","https:\/\/www.linkedin.com\/company\/north-bay-regional-health-centre-nbrhc","https:\/\/www.pinterest.com\/nbrhc","https:\/\/www.youtube.com\/TheNBRHC"]}]}},"_links":{"self":[{"href":"https:\/\/nbrhc.on.ca\/fr\/wp-json\/wp\/v2\/pages\/1973","targetHints":{"allow":["GET"]}}],"collection":[{"href":"https:\/\/nbrhc.on.ca\/fr\/wp-json\/wp\/v2\/pages"}],"about":[{"href":"https:\/\/nbrhc.on.ca\/fr\/wp-json\/wp\/v2\/types\/page"}],"author":[{"embeddable":true,"href":"https:\/\/nbrhc.on.ca\/fr\/wp-json\/wp\/v2\/users\/17"}],"replies":[{"embeddable":true,"href":"https:\/\/nbrhc.on.ca\/fr\/wp-json\/wp\/v2\/comments?post=1973"}],"version-history":[{"count":1,"href":"https:\/\/nbrhc.on.ca\/fr\/wp-json\/wp\/v2\/pages\/1973\/revisions"}],"predecessor-version":[{"id":27569,"href":"https:\/\/nbrhc.on.ca\/fr\/wp-json\/wp\/v2\/pages\/1973\/revisions\/27569"}],"up":[{"embeddable":true,"href":"https:\/\/nbrhc.on.ca\/fr\/wp-json\/wp\/v2\/pages\/4955"}],"wp:attachment":[{"href":"https:\/\/nbrhc.on.ca\/fr\/wp-json\/wp\/v2\/media?parent=1973"}],"wp:term":[{"taxonomy":"post_tag","embeddable":true,"href":"https:\/\/nbrhc.on.ca\/fr\/wp-json\/wp\/v2\/tags?post=1973"}],"curies":[{"name":"wp","href":"https:\/\/api.w.org\/{rel}","templated":true}]}}