{"id":2027,"date":"2014-03-25T09:54:58","date_gmt":"2014-03-25T13:54:58","guid":{"rendered":"http:\/\/www.nbrhc.on.ca\/?page_id=2027"},"modified":"2021-10-19T08:49:23","modified_gmt":"2021-10-19T12:49:23","slug":"services-sociaux","status":"publish","type":"page","link":"https:\/\/nbrhc.on.ca\/fr\/programme-et-services\/services-aux-femmes-et-aux-enfants\/services-sociaux\/","title":{"rendered":"Services sociaux"},"content":{"rendered":"<p>Nos deux travailleuses sociales d\u00e9fendent les int\u00e9r\u00eats des patients du Centre de soins aux femmes et aux enfants (USIN, Unit\u00e9 de p\u00e9diatrie et Unit\u00e9 des naissances) et leur fournissent un soutien.<\/p>\n<p>Pour diverses raisons, une naissance, un diagnostic de maladie ou de d\u00e9ficience chez un enfant ou la d\u00e9t\u00e9rioration de la sant\u00e9 d&rsquo;un b\u00e9b\u00e9 pr\u00e9matur\u00e9 sont d&rsquo;importantes sources de stress familial. Notre personnel appuie les patients et leur famille avec ouverture d\u2019esprit, sans les juger. Parmi ses nombreuses fonctions, il agit \u00e0 titre de d\u00e9fenseur, conseiller, \u00e9ducateur, catalyseur, animateur et m\u00e9diateur.<\/p>\n","protected":false},"excerpt":{"rendered":"<p>Nos deux travailleuses sociales d\u00e9fendent les int\u00e9r\u00eats des patients du Centre de soins aux femmes et aux enfants (USIN, Unit\u00e9 de p\u00e9diatrie et Unit\u00e9 des naissances) et leur fournissent un [&hellip;]<\/p>\n","protected":false},"author":17,"featured_media":0,"parent":2043,"menu_order":0,"comment_status":"open","ping_status":"open","template":"","meta":{"_acf_changed":false,"_monsterinsights_skip_tracking":false,"_monsterinsights_sitenote_active":false,"_monsterinsights_sitenote_note":"","_monsterinsights_sitenote_category":0,"footnotes":"","_links_to":"","_links_to_target":"","_wp_rev_ctl_limit":""},"tags":[1325,1438],"class_list":["post-2027","page","type-page","status-publish","hentry","tag-services-sociaux","tag-soutien"],"acf":[],"yoast_head":"<!-- This site is optimized with the Yoast SEO plugin v27.4 - https:\/\/yoast.com\/product\/yoast-seo-wordpress\/ -->\n<title>Services sociaux<\/title>\n<meta name=\"description\" content=\"Nos travailleurs sociaux soutiennent les patients au sein de l&#039;unit\u00e9 de soins intensifs n\u00e9onatals, de p\u00e9diatrie et d&#039;accouchement, en d\u00e9fendant et en soutenant nos patients\" \/>\n<meta name=\"robots\" content=\"index, follow, max-snippet:-1, max-image-preview:large, max-video-preview:-1\" \/>\n<link rel=\"canonical\" href=\"https:\/\/nbrhc.on.ca\/fr\/programme-et-services\/services-aux-femmes-et-aux-enfants\/services-sociaux\/\" \/>\n<meta property=\"og:locale\" content=\"fr_FR\" \/>\n<meta property=\"og:type\" content=\"article\" \/>\n<meta property=\"og:title\" content=\"Services sociaux\" \/>\n<meta property=\"og:description\" content=\"Nos travailleurs sociaux soutiennent les patients au sein de l&#039;unit\u00e9 de soins intensifs n\u00e9onatals, de p\u00e9diatrie et d&#039;accouchement, en d\u00e9fendant et en soutenant nos patients\" \/>\n<meta property=\"og:url\" content=\"https:\/\/nbrhc.on.ca\/fr\/programme-et-services\/services-aux-femmes-et-aux-enfants\/services-sociaux\/\" \/>\n<meta property=\"og:site_name\" content=\"NBRHC\" \/>\n<meta property=\"article:publisher\" content=\"https:\/\/www.facebook.com\/nbrhc\" \/>\n<meta property=\"article:modified_time\" content=\"2021-10-19T12:49:23+00:00\" \/>\n<meta property=\"og:image\" content=\"https:\/\/nbrhc.on.ca\/wp-content\/uploads\/2015\/07\/icon_col.jpeg\" \/>\n\t<meta property=\"og:image:width\" content=\"619\" \/>\n\t<meta property=\"og:image:height\" content=\"619\" \/>\n\t<meta property=\"og:image:type\" content=\"image\/jpeg\" \/>\n<meta name=\"twitter:label1\" content=\"Dur\u00e9e de lecture estim\u00e9e\" \/>\n\t<meta name=\"twitter:data1\" content=\"1 minute\" \/>\n<script type=\"application\/ld+json\" class=\"yoast-schema-graph\">{\"@context\":\"https:\\\/\\\/schema.org\",\"@graph\":[{\"@type\":\"WebPage\",\"@id\":\"https:\\\/\\\/nbrhc.on.ca\\\/fr\\\/programme-et-services\\\/services-aux-femmes-et-aux-enfants\\\/services-sociaux\\\/\",\"url\":\"https:\\\/\\\/nbrhc.on.ca\\\/fr\\\/programme-et-services\\\/services-aux-femmes-et-aux-enfants\\\/services-sociaux\\\/\",\"name\":\"Services sociaux\",\"isPartOf\":{\"@id\":\"https:\\\/\\\/nbrhc.on.ca\\\/#website\"},\"datePublished\":\"2014-03-25T13:54:58+00:00\",\"dateModified\":\"2021-10-19T12:49:23+00:00\",\"description\":\"Nos travailleurs sociaux soutiennent les patients au sein de l'unit\u00e9 de soins intensifs n\u00e9onatals, de p\u00e9diatrie et d'accouchement, en d\u00e9fendant et en soutenant nos patients\",\"breadcrumb\":{\"@id\":\"https:\\\/\\\/nbrhc.on.ca\\\/fr\\\/programme-et-services\\\/services-aux-femmes-et-aux-enfants\\\/services-sociaux\\\/#breadcrumb\"},\"inLanguage\":\"fr-FR\",\"potentialAction\":[{\"@type\":\"ReadAction\",\"target\":[\"https:\\\/\\\/nbrhc.on.ca\\\/fr\\\/programme-et-services\\\/services-aux-femmes-et-aux-enfants\\\/services-sociaux\\\/\"]}]},{\"@type\":\"BreadcrumbList\",\"@id\":\"https:\\\/\\\/nbrhc.on.ca\\\/fr\\\/programme-et-services\\\/services-aux-femmes-et-aux-enfants\\\/services-sociaux\\\/#breadcrumb\",\"itemListElement\":[{\"@type\":\"ListItem\",\"position\":1,\"name\":\"Home\",\"item\":\"https:\\\/\\\/nbrhc.on.ca\\\/fr\\\/\"},{\"@type\":\"ListItem\",\"position\":2,\"name\":\"Programmes et services\",\"item\":\"https:\\\/\\\/nbrhc.on.ca\\\/fr\\\/programme-et-services\\\/\"},{\"@type\":\"ListItem\",\"position\":3,\"name\":\"Services aux femmes et aux enfants\",\"item\":\"https:\\\/\\\/nbrhc.on.ca\\\/fr\\\/programme-et-services\\\/services-aux-femmes-et-aux-enfants\\\/\"},{\"@type\":\"ListItem\",\"position\":4,\"name\":\"Services sociaux\"}]},{\"@type\":\"WebSite\",\"@id\":\"https:\\\/\\\/nbrhc.on.ca\\\/#website\",\"url\":\"https:\\\/\\\/nbrhc.on.ca\\\/\",\"name\":\"NBRHC\",\"description\":\"North Bay Regional Health Centre\",\"publisher\":{\"@id\":\"https:\\\/\\\/nbrhc.on.ca\\\/#organization\"},\"potentialAction\":[{\"@type\":\"SearchAction\",\"target\":{\"@type\":\"EntryPoint\",\"urlTemplate\":\"https:\\\/\\\/nbrhc.on.ca\\\/?s={search_term_string}\"},\"query-input\":{\"@type\":\"PropertyValueSpecification\",\"valueRequired\":true,\"valueName\":\"search_term_string\"}}],\"inLanguage\":\"fr-FR\"},{\"@type\":\"Organization\",\"@id\":\"https:\\\/\\\/nbrhc.on.ca\\\/#organization\",\"name\":\"North Bay Regional Health Centre\",\"url\":\"https:\\\/\\\/nbrhc.on.ca\\\/\",\"logo\":{\"@type\":\"ImageObject\",\"inLanguage\":\"fr-FR\",\"@id\":\"https:\\\/\\\/nbrhc.on.ca\\\/#\\\/schema\\\/logo\\\/image\\\/\",\"url\":\"https:\\\/\\\/nbrhc.on.ca\\\/wp-content\\\/uploads\\\/2015\\\/07\\\/logo.jpg\",\"contentUrl\":\"https:\\\/\\\/nbrhc.on.ca\\\/wp-content\\\/uploads\\\/2015\\\/07\\\/logo.jpg\",\"width\":870,\"height\":128,\"caption\":\"North Bay Regional Health Centre\"},\"image\":{\"@id\":\"https:\\\/\\\/nbrhc.on.ca\\\/#\\\/schema\\\/logo\\\/image\\\/\"},\"sameAs\":[\"https:\\\/\\\/www.facebook.com\\\/nbrhc\",\"https:\\\/\\\/x.com\\\/NBRHC\",\"https:\\\/\\\/www.linkedin.com\\\/company\\\/north-bay-regional-health-centre-nbrhc\",\"https:\\\/\\\/www.pinterest.com\\\/nbrhc\",\"https:\\\/\\\/www.youtube.com\\\/TheNBRHC\"]}]}<\/script>\n<!-- \/ Yoast SEO plugin. -->","yoast_head_json":{"title":"Services sociaux","description":"Nos travailleurs sociaux soutiennent les patients au sein de l'unit\u00e9 de soins intensifs n\u00e9onatals, de p\u00e9diatrie et d'accouchement, en d\u00e9fendant et en soutenant nos patients","robots":{"index":"index","follow":"follow","max-snippet":"max-snippet:-1","max-image-preview":"max-image-preview:large","max-video-preview":"max-video-preview:-1"},"canonical":"https:\/\/nbrhc.on.ca\/fr\/programme-et-services\/services-aux-femmes-et-aux-enfants\/services-sociaux\/","og_locale":"fr_FR","og_type":"article","og_title":"Services sociaux","og_description":"Nos travailleurs sociaux soutiennent les patients au sein de l'unit\u00e9 de soins intensifs n\u00e9onatals, de p\u00e9diatrie et d'accouchement, en d\u00e9fendant et en soutenant nos patients","og_url":"https:\/\/nbrhc.on.ca\/fr\/programme-et-services\/services-aux-femmes-et-aux-enfants\/services-sociaux\/","og_site_name":"NBRHC","article_publisher":"https:\/\/www.facebook.com\/nbrhc","article_modified_time":"2021-10-19T12:49:23+00:00","og_image":[{"width":619,"height":619,"url":"https:\/\/nbrhc.on.ca\/wp-content\/uploads\/2015\/07\/icon_col.jpeg","type":"image\/jpeg"}],"twitter_misc":{"Dur\u00e9e de lecture estim\u00e9e":"1 minute"},"schema":{"@context":"https:\/\/schema.org","@graph":[{"@type":"WebPage","@id":"https:\/\/nbrhc.on.ca\/fr\/programme-et-services\/services-aux-femmes-et-aux-enfants\/services-sociaux\/","url":"https:\/\/nbrhc.on.ca\/fr\/programme-et-services\/services-aux-femmes-et-aux-enfants\/services-sociaux\/","name":"Services sociaux","isPartOf":{"@id":"https:\/\/nbrhc.on.ca\/#website"},"datePublished":"2014-03-25T13:54:58+00:00","dateModified":"2021-10-19T12:49:23+00:00","description":"Nos travailleurs sociaux soutiennent les patients au sein de l'unit\u00e9 de soins intensifs n\u00e9onatals, de p\u00e9diatrie et d'accouchement, en d\u00e9fendant et en soutenant nos patients","breadcrumb":{"@id":"https:\/\/nbrhc.on.ca\/fr\/programme-et-services\/services-aux-femmes-et-aux-enfants\/services-sociaux\/#breadcrumb"},"inLanguage":"fr-FR","potentialAction":[{"@type":"ReadAction","target":["https:\/\/nbrhc.on.ca\/fr\/programme-et-services\/services-aux-femmes-et-aux-enfants\/services-sociaux\/"]}]},{"@type":"BreadcrumbList","@id":"https:\/\/nbrhc.on.ca\/fr\/programme-et-services\/services-aux-femmes-et-aux-enfants\/services-sociaux\/#breadcrumb","itemListElement":[{"@type":"ListItem","position":1,"name":"Home","item":"https:\/\/nbrhc.on.ca\/fr\/"},{"@type":"ListItem","position":2,"name":"Programmes et services","item":"https:\/\/nbrhc.on.ca\/fr\/programme-et-services\/"},{"@type":"ListItem","position":3,"name":"Services aux femmes et aux enfants","item":"https:\/\/nbrhc.on.ca\/fr\/programme-et-services\/services-aux-femmes-et-aux-enfants\/"},{"@type":"ListItem","position":4,"name":"Services sociaux"}]},{"@type":"WebSite","@id":"https:\/\/nbrhc.on.ca\/#website","url":"https:\/\/nbrhc.on.ca\/","name":"NBRHC","description":"North Bay Regional Health Centre","publisher":{"@id":"https:\/\/nbrhc.on.ca\/#organization"},"potentialAction":[{"@type":"SearchAction","target":{"@type":"EntryPoint","urlTemplate":"https:\/\/nbrhc.on.ca\/?s={search_term_string}"},"query-input":{"@type":"PropertyValueSpecification","valueRequired":true,"valueName":"search_term_string"}}],"inLanguage":"fr-FR"},{"@type":"Organization","@id":"https:\/\/nbrhc.on.ca\/#organization","name":"North Bay Regional Health Centre","url":"https:\/\/nbrhc.on.ca\/","logo":{"@type":"ImageObject","inLanguage":"fr-FR","@id":"https:\/\/nbrhc.on.ca\/#\/schema\/logo\/image\/","url":"https:\/\/nbrhc.on.ca\/wp-content\/uploads\/2015\/07\/logo.jpg","contentUrl":"https:\/\/nbrhc.on.ca\/wp-content\/uploads\/2015\/07\/logo.jpg","width":870,"height":128,"caption":"North Bay Regional Health Centre"},"image":{"@id":"https:\/\/nbrhc.on.ca\/#\/schema\/logo\/image\/"},"sameAs":["https:\/\/www.facebook.com\/nbrhc","https:\/\/x.com\/NBRHC","https:\/\/www.linkedin.com\/company\/north-bay-regional-health-centre-nbrhc","https:\/\/www.pinterest.com\/nbrhc","https:\/\/www.youtube.com\/TheNBRHC"]}]}},"_links":{"self":[{"href":"https:\/\/nbrhc.on.ca\/fr\/wp-json\/wp\/v2\/pages\/2027","targetHints":{"allow":["GET"]}}],"collection":[{"href":"https:\/\/nbrhc.on.ca\/fr\/wp-json\/wp\/v2\/pages"}],"about":[{"href":"https:\/\/nbrhc.on.ca\/fr\/wp-json\/wp\/v2\/types\/page"}],"author":[{"embeddable":true,"href":"https:\/\/nbrhc.on.ca\/fr\/wp-json\/wp\/v2\/users\/17"}],"replies":[{"embeddable":true,"href":"https:\/\/nbrhc.on.ca\/fr\/wp-json\/wp\/v2\/comments?post=2027"}],"version-history":[{"count":1,"href":"https:\/\/nbrhc.on.ca\/fr\/wp-json\/wp\/v2\/pages\/2027\/revisions"}],"predecessor-version":[{"id":27896,"href":"https:\/\/nbrhc.on.ca\/fr\/wp-json\/wp\/v2\/pages\/2027\/revisions\/27896"}],"up":[{"embeddable":true,"href":"https:\/\/nbrhc.on.ca\/fr\/wp-json\/wp\/v2\/pages\/2043"}],"wp:attachment":[{"href":"https:\/\/nbrhc.on.ca\/fr\/wp-json\/wp\/v2\/media?parent=2027"}],"wp:term":[{"taxonomy":"post_tag","embeddable":true,"href":"https:\/\/nbrhc.on.ca\/fr\/wp-json\/wp\/v2\/tags?post=2027"}],"curies":[{"name":"wp","href":"https:\/\/api.w.org\/{rel}","templated":true}]}}