{"id":2054,"date":"2014-03-26T10:31:35","date_gmt":"2014-03-26T14:31:35","guid":{"rendered":"http:\/\/www.nbrhc.on.ca\/?page_id=2054"},"modified":"2021-08-16T12:51:35","modified_gmt":"2021-08-16T16:51:35","slug":"equipes-de-traitement-communautaire-dynamique-1-et-2-etcd-patients-externes","status":"publish","type":"page","link":"https:\/\/nbrhc.on.ca\/fr\/programme-et-services\/programmes-et-services-de-sante-mentale\/sante-mentale-et-lutte-contre-la-toxicomanie\/equipes-de-traitement-communautaire-dynamique-1-et-2-etcd-patients-externes\/","title":{"rendered":"\u00c9quipes communautaires de traitement intensif (ECTI) 1 et 2"},"content":{"rendered":"<p>Les \u00e9quipes communautaires de traitement intensif fournissent aux personnes aux prises avec une maladie mentale grave des services communautaires de sant\u00e9 mentale ax\u00e9s sur le client et le r\u00e9tablissement.<\/p>\n<p>L\u2019approche de l\u2019ECTI consiste \u00e0 aider activement les personnes atteintes d\u2019une maladie mentale grave \u00e0 \u00e9tablir des relations ainsi qu\u2019\u00e0 am\u00e9liorer leur capacit\u00e9 fonctionnelle, \u00e0 mieux g\u00e9rer leurs sympt\u00f4mes, \u00e0 atteindre leurs objectifs personnels et \u00e0 demeurer optimistes.<\/p>\n<p>Il s\u2019agit d\u2019une \u00e9quipe interdisciplinaire de sant\u00e9 mentale qui fournit la plupart des services de traitement, de r\u00e9adaptation et de soutien dont les clients ont besoin pour atteindre leurs objectifs. Les patients peuvent avoir recours, jour et nuit, sept jours sur sept, \u00e0 des services intensifs, lesquels sont fournis selon les besoins particuliers et un plan mutuellement convenu par le client et le personnel de l\u2019ECTI. Les services de l\u2019ECTI sont adapt\u00e9s aux besoins de chaque client et tiennent compte des pr\u00e9f\u00e9rences et des objectifs de chacun.<\/p>\n","protected":false},"excerpt":{"rendered":"<p>Les \u00e9quipes communautaires de traitement intensif fournissent aux personnes aux prises avec une maladie mentale grave des services communautaires de sant\u00e9 mentale ax\u00e9s sur le client et le r\u00e9tablissement.<\/p>\n","protected":false},"author":17,"featured_media":0,"parent":2610,"menu_order":0,"comment_status":"open","ping_status":"closed","template":"","meta":{"_acf_changed":false,"_monsterinsights_skip_tracking":false,"_monsterinsights_sitenote_active":false,"_monsterinsights_sitenote_note":"","_monsterinsights_sitenote_category":0,"footnotes":"","_links_to":"","_links_to_target":"","_wp_rev_ctl_limit":""},"tags":[877,876,878,879,880],"class_list":["post-2054","page","type-page","status-publish","hentry","tag-equipes-de-traitement-communautaire-dynamique","tag-etcd","tag-etcd-1","tag-etcd-2","tag-traitement-communautaire-dynamique"],"acf":[],"yoast_head":"<!-- This site is optimized with the Yoast SEO plugin v27.4 - https:\/\/yoast.com\/product\/yoast-seo-wordpress\/ -->\n<title>\u00c9quipes communautaires de traitement intensif (ECTI) 1 et 2<\/title>\n<meta name=\"description\" content=\"Les \u00e9quipes ACT fournissent des services de sant\u00e9 mentale ax\u00e9s sur le client et ax\u00e9s sur le r\u00e9tablissement aux personnes atteintes de maladies mentales graves\" \/>\n<meta name=\"robots\" content=\"index, follow, max-snippet:-1, max-image-preview:large, max-video-preview:-1\" \/>\n<link rel=\"canonical\" href=\"https:\/\/nbrhc.on.ca\/fr\/programme-et-services\/programmes-et-services-de-sante-mentale\/sante-mentale-et-lutte-contre-la-toxicomanie\/equipes-de-traitement-communautaire-dynamique-1-et-2-etcd-patients-externes\/\" \/>\n<meta property=\"og:locale\" content=\"fr_FR\" \/>\n<meta property=\"og:type\" content=\"article\" \/>\n<meta property=\"og:title\" content=\"\u00c9quipes communautaires de traitement intensif (ECTI) 1 et 2\" \/>\n<meta property=\"og:description\" content=\"Les \u00e9quipes ACT fournissent des services de sant\u00e9 mentale ax\u00e9s sur le client et ax\u00e9s sur le r\u00e9tablissement aux personnes atteintes de maladies mentales graves\" \/>\n<meta property=\"og:url\" content=\"https:\/\/nbrhc.on.ca\/fr\/programme-et-services\/programmes-et-services-de-sante-mentale\/sante-mentale-et-lutte-contre-la-toxicomanie\/equipes-de-traitement-communautaire-dynamique-1-et-2-etcd-patients-externes\/\" \/>\n<meta property=\"og:site_name\" content=\"NBRHC\" \/>\n<meta property=\"article:publisher\" content=\"https:\/\/www.facebook.com\/nbrhc\" \/>\n<meta property=\"article:modified_time\" content=\"2021-08-16T16:51:35+00:00\" \/>\n<meta property=\"og:image\" content=\"https:\/\/nbrhc.on.ca\/wp-content\/uploads\/2015\/07\/icon_col.jpeg\" \/>\n\t<meta property=\"og:image:width\" content=\"619\" \/>\n\t<meta property=\"og:image:height\" content=\"619\" \/>\n\t<meta property=\"og:image:type\" content=\"image\/jpeg\" \/>\n<meta name=\"twitter:label1\" content=\"Dur\u00e9e de lecture estim\u00e9e\" \/>\n\t<meta name=\"twitter:data1\" content=\"1 minute\" \/>\n<script type=\"application\/ld+json\" class=\"yoast-schema-graph\">{\"@context\":\"https:\\\/\\\/schema.org\",\"@graph\":[{\"@type\":\"WebPage\",\"@id\":\"https:\\\/\\\/nbrhc.on.ca\\\/fr\\\/programme-et-services\\\/programmes-et-services-de-sante-mentale\\\/sante-mentale-et-lutte-contre-la-toxicomanie\\\/equipes-de-traitement-communautaire-dynamique-1-et-2-etcd-patients-externes\\\/\",\"url\":\"https:\\\/\\\/nbrhc.on.ca\\\/fr\\\/programme-et-services\\\/programmes-et-services-de-sante-mentale\\\/sante-mentale-et-lutte-contre-la-toxicomanie\\\/equipes-de-traitement-communautaire-dynamique-1-et-2-etcd-patients-externes\\\/\",\"name\":\"\u00c9quipes communautaires de traitement intensif (ECTI) 1 et 2\",\"isPartOf\":{\"@id\":\"https:\\\/\\\/nbrhc.on.ca\\\/#website\"},\"datePublished\":\"2014-03-26T14:31:35+00:00\",\"dateModified\":\"2021-08-16T16:51:35+00:00\",\"description\":\"Les \u00e9quipes ACT fournissent des services de sant\u00e9 mentale ax\u00e9s sur le client et ax\u00e9s sur le r\u00e9tablissement aux personnes atteintes de maladies mentales graves\",\"breadcrumb\":{\"@id\":\"https:\\\/\\\/nbrhc.on.ca\\\/fr\\\/programme-et-services\\\/programmes-et-services-de-sante-mentale\\\/sante-mentale-et-lutte-contre-la-toxicomanie\\\/equipes-de-traitement-communautaire-dynamique-1-et-2-etcd-patients-externes\\\/#breadcrumb\"},\"inLanguage\":\"fr-FR\",\"potentialAction\":[{\"@type\":\"ReadAction\",\"target\":[\"https:\\\/\\\/nbrhc.on.ca\\\/fr\\\/programme-et-services\\\/programmes-et-services-de-sante-mentale\\\/sante-mentale-et-lutte-contre-la-toxicomanie\\\/equipes-de-traitement-communautaire-dynamique-1-et-2-etcd-patients-externes\\\/\"]}]},{\"@type\":\"BreadcrumbList\",\"@id\":\"https:\\\/\\\/nbrhc.on.ca\\\/fr\\\/programme-et-services\\\/programmes-et-services-de-sante-mentale\\\/sante-mentale-et-lutte-contre-la-toxicomanie\\\/equipes-de-traitement-communautaire-dynamique-1-et-2-etcd-patients-externes\\\/#breadcrumb\",\"itemListElement\":[{\"@type\":\"ListItem\",\"position\":1,\"name\":\"Home\",\"item\":\"https:\\\/\\\/nbrhc.on.ca\\\/fr\\\/\"},{\"@type\":\"ListItem\",\"position\":2,\"name\":\"Programmes et services\",\"item\":\"https:\\\/\\\/nbrhc.on.ca\\\/fr\\\/programme-et-services\\\/\"},{\"@type\":\"ListItem\",\"position\":3,\"name\":\"Programmes et services de sant\u00e9 mentale\",\"item\":\"https:\\\/\\\/nbrhc.on.ca\\\/fr\\\/programme-et-services\\\/programmes-et-services-de-sante-mentale\\\/\"},{\"@type\":\"ListItem\",\"position\":4,\"name\":\"Sant\u00e9 mentale et lutte contre la toxicomanie\",\"item\":\"https:\\\/\\\/nbrhc.on.ca\\\/fr\\\/programme-et-services\\\/programmes-et-services-de-sante-mentale\\\/sante-mentale-et-lutte-contre-la-toxicomanie\\\/\"},{\"@type\":\"ListItem\",\"position\":5,\"name\":\"\u00c9quipes communautaires de traitement intensif (ECTI) 1 et 2\"}]},{\"@type\":\"WebSite\",\"@id\":\"https:\\\/\\\/nbrhc.on.ca\\\/#website\",\"url\":\"https:\\\/\\\/nbrhc.on.ca\\\/\",\"name\":\"NBRHC\",\"description\":\"North Bay Regional Health Centre\",\"publisher\":{\"@id\":\"https:\\\/\\\/nbrhc.on.ca\\\/#organization\"},\"potentialAction\":[{\"@type\":\"SearchAction\",\"target\":{\"@type\":\"EntryPoint\",\"urlTemplate\":\"https:\\\/\\\/nbrhc.on.ca\\\/?s={search_term_string}\"},\"query-input\":{\"@type\":\"PropertyValueSpecification\",\"valueRequired\":true,\"valueName\":\"search_term_string\"}}],\"inLanguage\":\"fr-FR\"},{\"@type\":\"Organization\",\"@id\":\"https:\\\/\\\/nbrhc.on.ca\\\/#organization\",\"name\":\"North Bay Regional Health Centre\",\"url\":\"https:\\\/\\\/nbrhc.on.ca\\\/\",\"logo\":{\"@type\":\"ImageObject\",\"inLanguage\":\"fr-FR\",\"@id\":\"https:\\\/\\\/nbrhc.on.ca\\\/#\\\/schema\\\/logo\\\/image\\\/\",\"url\":\"https:\\\/\\\/nbrhc.on.ca\\\/wp-content\\\/uploads\\\/2015\\\/07\\\/logo.jpg\",\"contentUrl\":\"https:\\\/\\\/nbrhc.on.ca\\\/wp-content\\\/uploads\\\/2015\\\/07\\\/logo.jpg\",\"width\":870,\"height\":128,\"caption\":\"North Bay Regional Health Centre\"},\"image\":{\"@id\":\"https:\\\/\\\/nbrhc.on.ca\\\/#\\\/schema\\\/logo\\\/image\\\/\"},\"sameAs\":[\"https:\\\/\\\/www.facebook.com\\\/nbrhc\",\"https:\\\/\\\/x.com\\\/NBRHC\",\"https:\\\/\\\/www.linkedin.com\\\/company\\\/north-bay-regional-health-centre-nbrhc\",\"https:\\\/\\\/www.pinterest.com\\\/nbrhc\",\"https:\\\/\\\/www.youtube.com\\\/TheNBRHC\"]}]}<\/script>\n<!-- \/ Yoast SEO plugin. -->","yoast_head_json":{"title":"\u00c9quipes communautaires de traitement intensif (ECTI) 1 et 2","description":"Les \u00e9quipes ACT fournissent des services de sant\u00e9 mentale ax\u00e9s sur le client et ax\u00e9s sur le r\u00e9tablissement aux personnes atteintes de maladies mentales graves","robots":{"index":"index","follow":"follow","max-snippet":"max-snippet:-1","max-image-preview":"max-image-preview:large","max-video-preview":"max-video-preview:-1"},"canonical":"https:\/\/nbrhc.on.ca\/fr\/programme-et-services\/programmes-et-services-de-sante-mentale\/sante-mentale-et-lutte-contre-la-toxicomanie\/equipes-de-traitement-communautaire-dynamique-1-et-2-etcd-patients-externes\/","og_locale":"fr_FR","og_type":"article","og_title":"\u00c9quipes communautaires de traitement intensif (ECTI) 1 et 2","og_description":"Les \u00e9quipes ACT fournissent des services de sant\u00e9 mentale ax\u00e9s sur le client et ax\u00e9s sur le r\u00e9tablissement aux personnes atteintes de maladies mentales graves","og_url":"https:\/\/nbrhc.on.ca\/fr\/programme-et-services\/programmes-et-services-de-sante-mentale\/sante-mentale-et-lutte-contre-la-toxicomanie\/equipes-de-traitement-communautaire-dynamique-1-et-2-etcd-patients-externes\/","og_site_name":"NBRHC","article_publisher":"https:\/\/www.facebook.com\/nbrhc","article_modified_time":"2021-08-16T16:51:35+00:00","og_image":[{"width":619,"height":619,"url":"https:\/\/nbrhc.on.ca\/wp-content\/uploads\/2015\/07\/icon_col.jpeg","type":"image\/jpeg"}],"twitter_misc":{"Dur\u00e9e de lecture estim\u00e9e":"1 minute"},"schema":{"@context":"https:\/\/schema.org","@graph":[{"@type":"WebPage","@id":"https:\/\/nbrhc.on.ca\/fr\/programme-et-services\/programmes-et-services-de-sante-mentale\/sante-mentale-et-lutte-contre-la-toxicomanie\/equipes-de-traitement-communautaire-dynamique-1-et-2-etcd-patients-externes\/","url":"https:\/\/nbrhc.on.ca\/fr\/programme-et-services\/programmes-et-services-de-sante-mentale\/sante-mentale-et-lutte-contre-la-toxicomanie\/equipes-de-traitement-communautaire-dynamique-1-et-2-etcd-patients-externes\/","name":"\u00c9quipes communautaires de traitement intensif (ECTI) 1 et 2","isPartOf":{"@id":"https:\/\/nbrhc.on.ca\/#website"},"datePublished":"2014-03-26T14:31:35+00:00","dateModified":"2021-08-16T16:51:35+00:00","description":"Les \u00e9quipes ACT fournissent des services de sant\u00e9 mentale ax\u00e9s sur le client et ax\u00e9s sur le r\u00e9tablissement aux personnes atteintes de maladies mentales graves","breadcrumb":{"@id":"https:\/\/nbrhc.on.ca\/fr\/programme-et-services\/programmes-et-services-de-sante-mentale\/sante-mentale-et-lutte-contre-la-toxicomanie\/equipes-de-traitement-communautaire-dynamique-1-et-2-etcd-patients-externes\/#breadcrumb"},"inLanguage":"fr-FR","potentialAction":[{"@type":"ReadAction","target":["https:\/\/nbrhc.on.ca\/fr\/programme-et-services\/programmes-et-services-de-sante-mentale\/sante-mentale-et-lutte-contre-la-toxicomanie\/equipes-de-traitement-communautaire-dynamique-1-et-2-etcd-patients-externes\/"]}]},{"@type":"BreadcrumbList","@id":"https:\/\/nbrhc.on.ca\/fr\/programme-et-services\/programmes-et-services-de-sante-mentale\/sante-mentale-et-lutte-contre-la-toxicomanie\/equipes-de-traitement-communautaire-dynamique-1-et-2-etcd-patients-externes\/#breadcrumb","itemListElement":[{"@type":"ListItem","position":1,"name":"Home","item":"https:\/\/nbrhc.on.ca\/fr\/"},{"@type":"ListItem","position":2,"name":"Programmes et services","item":"https:\/\/nbrhc.on.ca\/fr\/programme-et-services\/"},{"@type":"ListItem","position":3,"name":"Programmes et services de sant\u00e9 mentale","item":"https:\/\/nbrhc.on.ca\/fr\/programme-et-services\/programmes-et-services-de-sante-mentale\/"},{"@type":"ListItem","position":4,"name":"Sant\u00e9 mentale et lutte contre la toxicomanie","item":"https:\/\/nbrhc.on.ca\/fr\/programme-et-services\/programmes-et-services-de-sante-mentale\/sante-mentale-et-lutte-contre-la-toxicomanie\/"},{"@type":"ListItem","position":5,"name":"\u00c9quipes communautaires de traitement intensif (ECTI) 1 et 2"}]},{"@type":"WebSite","@id":"https:\/\/nbrhc.on.ca\/#website","url":"https:\/\/nbrhc.on.ca\/","name":"NBRHC","description":"North Bay Regional Health Centre","publisher":{"@id":"https:\/\/nbrhc.on.ca\/#organization"},"potentialAction":[{"@type":"SearchAction","target":{"@type":"EntryPoint","urlTemplate":"https:\/\/nbrhc.on.ca\/?s={search_term_string}"},"query-input":{"@type":"PropertyValueSpecification","valueRequired":true,"valueName":"search_term_string"}}],"inLanguage":"fr-FR"},{"@type":"Organization","@id":"https:\/\/nbrhc.on.ca\/#organization","name":"North Bay Regional Health Centre","url":"https:\/\/nbrhc.on.ca\/","logo":{"@type":"ImageObject","inLanguage":"fr-FR","@id":"https:\/\/nbrhc.on.ca\/#\/schema\/logo\/image\/","url":"https:\/\/nbrhc.on.ca\/wp-content\/uploads\/2015\/07\/logo.jpg","contentUrl":"https:\/\/nbrhc.on.ca\/wp-content\/uploads\/2015\/07\/logo.jpg","width":870,"height":128,"caption":"North Bay Regional Health Centre"},"image":{"@id":"https:\/\/nbrhc.on.ca\/#\/schema\/logo\/image\/"},"sameAs":["https:\/\/www.facebook.com\/nbrhc","https:\/\/x.com\/NBRHC","https:\/\/www.linkedin.com\/company\/north-bay-regional-health-centre-nbrhc","https:\/\/www.pinterest.com\/nbrhc","https:\/\/www.youtube.com\/TheNBRHC"]}]}},"_links":{"self":[{"href":"https:\/\/nbrhc.on.ca\/fr\/wp-json\/wp\/v2\/pages\/2054","targetHints":{"allow":["GET"]}}],"collection":[{"href":"https:\/\/nbrhc.on.ca\/fr\/wp-json\/wp\/v2\/pages"}],"about":[{"href":"https:\/\/nbrhc.on.ca\/fr\/wp-json\/wp\/v2\/types\/page"}],"author":[{"embeddable":true,"href":"https:\/\/nbrhc.on.ca\/fr\/wp-json\/wp\/v2\/users\/17"}],"replies":[{"embeddable":true,"href":"https:\/\/nbrhc.on.ca\/fr\/wp-json\/wp\/v2\/comments?post=2054"}],"version-history":[{"count":1,"href":"https:\/\/nbrhc.on.ca\/fr\/wp-json\/wp\/v2\/pages\/2054\/revisions"}],"predecessor-version":[{"id":24011,"href":"https:\/\/nbrhc.on.ca\/fr\/wp-json\/wp\/v2\/pages\/2054\/revisions\/24011"}],"up":[{"embeddable":true,"href":"https:\/\/nbrhc.on.ca\/fr\/wp-json\/wp\/v2\/pages\/2610"}],"wp:attachment":[{"href":"https:\/\/nbrhc.on.ca\/fr\/wp-json\/wp\/v2\/media?parent=2054"}],"wp:term":[{"taxonomy":"post_tag","embeddable":true,"href":"https:\/\/nbrhc.on.ca\/fr\/wp-json\/wp\/v2\/tags?post=2054"}],"curies":[{"name":"wp","href":"https:\/\/api.w.org\/{rel}","templated":true}]}}