{"id":2072,"date":"2014-03-26T10:48:22","date_gmt":"2014-03-26T14:48:22","guid":{"rendered":"http:\/\/www.nbrhc.on.ca\/?page_id=2072"},"modified":"2021-11-09T12:46:05","modified_gmt":"2021-11-09T17:46:05","slug":"ordonnances-de-traitement-en-milieu-communautaire","status":"publish","type":"page","link":"https:\/\/nbrhc.on.ca\/fr\/programme-et-services\/programmes-et-services-de-sante-mentale\/sante-mentale-et-lutte-contre-la-toxicomanie\/acute-mental-health-services-french\/ordonnances-de-traitement-en-milieu-communautaire\/","title":{"rendered":"Programme des ordonnances de traitement en milieu communautaire"},"content":{"rendered":"<p>Le Programme des ordonnances de traitement en milieu communautaire (POTMC) est destin\u00e9 aux personnes atteintes d\u2019une maladie mentale grave qui ont des ant\u00e9c\u00e9dents d\u2019hospitalisations multiples et qui ont d\u00e9j\u00e0 b\u00e9n\u00e9fici\u00e9 d\u2019un traitement, de soins ou d\u2019une surveillance fournis dans leur lieu de r\u00e9sidence plut\u00f4t que dans une unit\u00e9 de soins psychiatriques pour patients hospitalis\u00e9s.<\/p>\n<p><strong>R\u00e9gion desservie<br \/>\n<\/strong>Nipissing, Temiskaming et section nord-est de Muskoka-Parry Sound<\/p>\n<p><strong>Crit\u00e8res d\u2019admission et processus de demande de services<br \/>\n<\/strong>Conform\u00e9ment \u00e0 la <em>Loi sur la sant\u00e9 mentale<\/em><\/p>\n<p>Pour en savoir plus long, communiquez avec le coordonnateur du POTMC.<\/p>\n","protected":false},"excerpt":{"rendered":"<p>Le Programme des ordonnances de traitement en milieu communautaire (POTMC) est destin\u00e9 aux personnes atteintes d\u2019une maladie mentale grave qui ont des ant\u00e9c\u00e9dents d\u2019hospitalisations multiples et qui ont d\u00e9j\u00e0 b\u00e9n\u00e9fici\u00e9 [&hellip;]<\/p>\n","protected":false},"author":17,"featured_media":0,"parent":6581,"menu_order":0,"comment_status":"open","ping_status":"closed","template":"","meta":{"_acf_changed":false,"_monsterinsights_skip_tracking":false,"_monsterinsights_sitenote_active":false,"_monsterinsights_sitenote_note":"","_monsterinsights_sitenote_category":0,"footnotes":"","_links_to":"","_links_to_target":"","_wp_rev_ctl_limit":""},"tags":[2203],"class_list":["post-2072","page","type-page","status-publish","hentry","tag-traitement-en-milieu-communautaire"],"acf":[],"yoast_head":"<!-- This site is optimized with the Yoast SEO plugin v27.4 - https:\/\/yoast.com\/product\/yoast-seo-wordpress\/ -->\n<title>Programme des ordonnances de traitement en milieu communautaire<\/title>\n<meta name=\"description\" content=\"Le programme d&#039;ordonnances de traitement communautaire sert les personnes atteintes d&#039;une maladie mentale grave qui ont des ant\u00e9c\u00e9dents d&#039;hospitalisations r\u00e9p\u00e9t\u00e9es\" \/>\n<meta name=\"robots\" content=\"index, follow, max-snippet:-1, max-image-preview:large, max-video-preview:-1\" \/>\n<link rel=\"canonical\" href=\"https:\/\/nbrhc.on.ca\/fr\/programme-et-services\/programmes-et-services-de-sante-mentale\/sante-mentale-et-lutte-contre-la-toxicomanie\/acute-mental-health-services-french\/ordonnances-de-traitement-en-milieu-communautaire\/\" \/>\n<meta property=\"og:locale\" content=\"fr_FR\" \/>\n<meta property=\"og:type\" content=\"article\" \/>\n<meta property=\"og:title\" content=\"Programme des ordonnances de traitement en milieu communautaire\" \/>\n<meta property=\"og:description\" content=\"Le programme d&#039;ordonnances de traitement communautaire sert les personnes atteintes d&#039;une maladie mentale grave qui ont des ant\u00e9c\u00e9dents d&#039;hospitalisations r\u00e9p\u00e9t\u00e9es\" \/>\n<meta property=\"og:url\" content=\"https:\/\/nbrhc.on.ca\/fr\/programme-et-services\/programmes-et-services-de-sante-mentale\/sante-mentale-et-lutte-contre-la-toxicomanie\/acute-mental-health-services-french\/ordonnances-de-traitement-en-milieu-communautaire\/\" \/>\n<meta property=\"og:site_name\" content=\"NBRHC\" \/>\n<meta property=\"article:publisher\" content=\"https:\/\/www.facebook.com\/nbrhc\" \/>\n<meta property=\"article:modified_time\" content=\"2021-11-09T17:46:05+00:00\" \/>\n<meta property=\"og:image\" content=\"https:\/\/nbrhc.on.ca\/wp-content\/uploads\/2015\/07\/icon_col.jpeg\" \/>\n\t<meta property=\"og:image:width\" content=\"619\" \/>\n\t<meta property=\"og:image:height\" content=\"619\" \/>\n\t<meta property=\"og:image:type\" content=\"image\/jpeg\" \/>\n<meta name=\"twitter:label1\" content=\"Dur\u00e9e de lecture estim\u00e9e\" \/>\n\t<meta name=\"twitter:data1\" content=\"1 minute\" \/>\n<script type=\"application\/ld+json\" class=\"yoast-schema-graph\">{\"@context\":\"https:\\\/\\\/schema.org\",\"@graph\":[{\"@type\":\"WebPage\",\"@id\":\"https:\\\/\\\/nbrhc.on.ca\\\/fr\\\/programme-et-services\\\/programmes-et-services-de-sante-mentale\\\/sante-mentale-et-lutte-contre-la-toxicomanie\\\/acute-mental-health-services-french\\\/ordonnances-de-traitement-en-milieu-communautaire\\\/\",\"url\":\"https:\\\/\\\/nbrhc.on.ca\\\/fr\\\/programme-et-services\\\/programmes-et-services-de-sante-mentale\\\/sante-mentale-et-lutte-contre-la-toxicomanie\\\/acute-mental-health-services-french\\\/ordonnances-de-traitement-en-milieu-communautaire\\\/\",\"name\":\"Programme des ordonnances de traitement en milieu communautaire\",\"isPartOf\":{\"@id\":\"https:\\\/\\\/nbrhc.on.ca\\\/#website\"},\"datePublished\":\"2014-03-26T14:48:22+00:00\",\"dateModified\":\"2021-11-09T17:46:05+00:00\",\"description\":\"Le programme d'ordonnances de traitement communautaire sert les personnes atteintes d'une maladie mentale grave qui ont des ant\u00e9c\u00e9dents d'hospitalisations r\u00e9p\u00e9t\u00e9es\",\"breadcrumb\":{\"@id\":\"https:\\\/\\\/nbrhc.on.ca\\\/fr\\\/programme-et-services\\\/programmes-et-services-de-sante-mentale\\\/sante-mentale-et-lutte-contre-la-toxicomanie\\\/acute-mental-health-services-french\\\/ordonnances-de-traitement-en-milieu-communautaire\\\/#breadcrumb\"},\"inLanguage\":\"fr-FR\",\"potentialAction\":[{\"@type\":\"ReadAction\",\"target\":[\"https:\\\/\\\/nbrhc.on.ca\\\/fr\\\/programme-et-services\\\/programmes-et-services-de-sante-mentale\\\/sante-mentale-et-lutte-contre-la-toxicomanie\\\/acute-mental-health-services-french\\\/ordonnances-de-traitement-en-milieu-communautaire\\\/\"]}]},{\"@type\":\"BreadcrumbList\",\"@id\":\"https:\\\/\\\/nbrhc.on.ca\\\/fr\\\/programme-et-services\\\/programmes-et-services-de-sante-mentale\\\/sante-mentale-et-lutte-contre-la-toxicomanie\\\/acute-mental-health-services-french\\\/ordonnances-de-traitement-en-milieu-communautaire\\\/#breadcrumb\",\"itemListElement\":[{\"@type\":\"ListItem\",\"position\":1,\"name\":\"Home\",\"item\":\"https:\\\/\\\/nbrhc.on.ca\\\/fr\\\/\"},{\"@type\":\"ListItem\",\"position\":2,\"name\":\"Programmes et services\",\"item\":\"https:\\\/\\\/nbrhc.on.ca\\\/fr\\\/programme-et-services\\\/\"},{\"@type\":\"ListItem\",\"position\":3,\"name\":\"Programmes et services de sant\u00e9 mentale\",\"item\":\"https:\\\/\\\/nbrhc.on.ca\\\/fr\\\/programme-et-services\\\/programmes-et-services-de-sante-mentale\\\/\"},{\"@type\":\"ListItem\",\"position\":4,\"name\":\"Sant\u00e9 mentale et lutte contre la toxicomanie\",\"item\":\"https:\\\/\\\/nbrhc.on.ca\\\/fr\\\/programme-et-services\\\/programmes-et-services-de-sante-mentale\\\/sante-mentale-et-lutte-contre-la-toxicomanie\\\/\"},{\"@type\":\"ListItem\",\"position\":5,\"name\":\"Services actifs en sant\u00e9 mentale\",\"item\":\"https:\\\/\\\/nbrhc.on.ca\\\/fr\\\/programme-et-services\\\/programmes-et-services-de-sante-mentale\\\/sante-mentale-et-lutte-contre-la-toxicomanie\\\/acute-mental-health-services-french\\\/\"},{\"@type\":\"ListItem\",\"position\":6,\"name\":\"Programme des ordonnances de traitement en milieu communautaire\"}]},{\"@type\":\"WebSite\",\"@id\":\"https:\\\/\\\/nbrhc.on.ca\\\/#website\",\"url\":\"https:\\\/\\\/nbrhc.on.ca\\\/\",\"name\":\"NBRHC\",\"description\":\"North Bay Regional Health Centre\",\"publisher\":{\"@id\":\"https:\\\/\\\/nbrhc.on.ca\\\/#organization\"},\"potentialAction\":[{\"@type\":\"SearchAction\",\"target\":{\"@type\":\"EntryPoint\",\"urlTemplate\":\"https:\\\/\\\/nbrhc.on.ca\\\/?s={search_term_string}\"},\"query-input\":{\"@type\":\"PropertyValueSpecification\",\"valueRequired\":true,\"valueName\":\"search_term_string\"}}],\"inLanguage\":\"fr-FR\"},{\"@type\":\"Organization\",\"@id\":\"https:\\\/\\\/nbrhc.on.ca\\\/#organization\",\"name\":\"North Bay Regional Health Centre\",\"url\":\"https:\\\/\\\/nbrhc.on.ca\\\/\",\"logo\":{\"@type\":\"ImageObject\",\"inLanguage\":\"fr-FR\",\"@id\":\"https:\\\/\\\/nbrhc.on.ca\\\/#\\\/schema\\\/logo\\\/image\\\/\",\"url\":\"https:\\\/\\\/nbrhc.on.ca\\\/wp-content\\\/uploads\\\/2015\\\/07\\\/logo.jpg\",\"contentUrl\":\"https:\\\/\\\/nbrhc.on.ca\\\/wp-content\\\/uploads\\\/2015\\\/07\\\/logo.jpg\",\"width\":870,\"height\":128,\"caption\":\"North Bay Regional Health Centre\"},\"image\":{\"@id\":\"https:\\\/\\\/nbrhc.on.ca\\\/#\\\/schema\\\/logo\\\/image\\\/\"},\"sameAs\":[\"https:\\\/\\\/www.facebook.com\\\/nbrhc\",\"https:\\\/\\\/x.com\\\/NBRHC\",\"https:\\\/\\\/www.linkedin.com\\\/company\\\/north-bay-regional-health-centre-nbrhc\",\"https:\\\/\\\/www.pinterest.com\\\/nbrhc\",\"https:\\\/\\\/www.youtube.com\\\/TheNBRHC\"]}]}<\/script>\n<!-- \/ Yoast SEO plugin. -->","yoast_head_json":{"title":"Programme des ordonnances de traitement en milieu communautaire","description":"Le programme d'ordonnances de traitement communautaire sert les personnes atteintes d'une maladie mentale grave qui ont des ant\u00e9c\u00e9dents d'hospitalisations r\u00e9p\u00e9t\u00e9es","robots":{"index":"index","follow":"follow","max-snippet":"max-snippet:-1","max-image-preview":"max-image-preview:large","max-video-preview":"max-video-preview:-1"},"canonical":"https:\/\/nbrhc.on.ca\/fr\/programme-et-services\/programmes-et-services-de-sante-mentale\/sante-mentale-et-lutte-contre-la-toxicomanie\/acute-mental-health-services-french\/ordonnances-de-traitement-en-milieu-communautaire\/","og_locale":"fr_FR","og_type":"article","og_title":"Programme des ordonnances de traitement en milieu communautaire","og_description":"Le programme d'ordonnances de traitement communautaire sert les personnes atteintes d'une maladie mentale grave qui ont des ant\u00e9c\u00e9dents d'hospitalisations r\u00e9p\u00e9t\u00e9es","og_url":"https:\/\/nbrhc.on.ca\/fr\/programme-et-services\/programmes-et-services-de-sante-mentale\/sante-mentale-et-lutte-contre-la-toxicomanie\/acute-mental-health-services-french\/ordonnances-de-traitement-en-milieu-communautaire\/","og_site_name":"NBRHC","article_publisher":"https:\/\/www.facebook.com\/nbrhc","article_modified_time":"2021-11-09T17:46:05+00:00","og_image":[{"width":619,"height":619,"url":"https:\/\/nbrhc.on.ca\/wp-content\/uploads\/2015\/07\/icon_col.jpeg","type":"image\/jpeg"}],"twitter_misc":{"Dur\u00e9e de lecture estim\u00e9e":"1 minute"},"schema":{"@context":"https:\/\/schema.org","@graph":[{"@type":"WebPage","@id":"https:\/\/nbrhc.on.ca\/fr\/programme-et-services\/programmes-et-services-de-sante-mentale\/sante-mentale-et-lutte-contre-la-toxicomanie\/acute-mental-health-services-french\/ordonnances-de-traitement-en-milieu-communautaire\/","url":"https:\/\/nbrhc.on.ca\/fr\/programme-et-services\/programmes-et-services-de-sante-mentale\/sante-mentale-et-lutte-contre-la-toxicomanie\/acute-mental-health-services-french\/ordonnances-de-traitement-en-milieu-communautaire\/","name":"Programme des ordonnances de traitement en milieu communautaire","isPartOf":{"@id":"https:\/\/nbrhc.on.ca\/#website"},"datePublished":"2014-03-26T14:48:22+00:00","dateModified":"2021-11-09T17:46:05+00:00","description":"Le programme d'ordonnances de traitement communautaire sert les personnes atteintes d'une maladie mentale grave qui ont des ant\u00e9c\u00e9dents d'hospitalisations r\u00e9p\u00e9t\u00e9es","breadcrumb":{"@id":"https:\/\/nbrhc.on.ca\/fr\/programme-et-services\/programmes-et-services-de-sante-mentale\/sante-mentale-et-lutte-contre-la-toxicomanie\/acute-mental-health-services-french\/ordonnances-de-traitement-en-milieu-communautaire\/#breadcrumb"},"inLanguage":"fr-FR","potentialAction":[{"@type":"ReadAction","target":["https:\/\/nbrhc.on.ca\/fr\/programme-et-services\/programmes-et-services-de-sante-mentale\/sante-mentale-et-lutte-contre-la-toxicomanie\/acute-mental-health-services-french\/ordonnances-de-traitement-en-milieu-communautaire\/"]}]},{"@type":"BreadcrumbList","@id":"https:\/\/nbrhc.on.ca\/fr\/programme-et-services\/programmes-et-services-de-sante-mentale\/sante-mentale-et-lutte-contre-la-toxicomanie\/acute-mental-health-services-french\/ordonnances-de-traitement-en-milieu-communautaire\/#breadcrumb","itemListElement":[{"@type":"ListItem","position":1,"name":"Home","item":"https:\/\/nbrhc.on.ca\/fr\/"},{"@type":"ListItem","position":2,"name":"Programmes et services","item":"https:\/\/nbrhc.on.ca\/fr\/programme-et-services\/"},{"@type":"ListItem","position":3,"name":"Programmes et services de sant\u00e9 mentale","item":"https:\/\/nbrhc.on.ca\/fr\/programme-et-services\/programmes-et-services-de-sante-mentale\/"},{"@type":"ListItem","position":4,"name":"Sant\u00e9 mentale et lutte contre la toxicomanie","item":"https:\/\/nbrhc.on.ca\/fr\/programme-et-services\/programmes-et-services-de-sante-mentale\/sante-mentale-et-lutte-contre-la-toxicomanie\/"},{"@type":"ListItem","position":5,"name":"Services actifs en sant\u00e9 mentale","item":"https:\/\/nbrhc.on.ca\/fr\/programme-et-services\/programmes-et-services-de-sante-mentale\/sante-mentale-et-lutte-contre-la-toxicomanie\/acute-mental-health-services-french\/"},{"@type":"ListItem","position":6,"name":"Programme des ordonnances de traitement en milieu communautaire"}]},{"@type":"WebSite","@id":"https:\/\/nbrhc.on.ca\/#website","url":"https:\/\/nbrhc.on.ca\/","name":"NBRHC","description":"North Bay Regional Health Centre","publisher":{"@id":"https:\/\/nbrhc.on.ca\/#organization"},"potentialAction":[{"@type":"SearchAction","target":{"@type":"EntryPoint","urlTemplate":"https:\/\/nbrhc.on.ca\/?s={search_term_string}"},"query-input":{"@type":"PropertyValueSpecification","valueRequired":true,"valueName":"search_term_string"}}],"inLanguage":"fr-FR"},{"@type":"Organization","@id":"https:\/\/nbrhc.on.ca\/#organization","name":"North Bay Regional Health Centre","url":"https:\/\/nbrhc.on.ca\/","logo":{"@type":"ImageObject","inLanguage":"fr-FR","@id":"https:\/\/nbrhc.on.ca\/#\/schema\/logo\/image\/","url":"https:\/\/nbrhc.on.ca\/wp-content\/uploads\/2015\/07\/logo.jpg","contentUrl":"https:\/\/nbrhc.on.ca\/wp-content\/uploads\/2015\/07\/logo.jpg","width":870,"height":128,"caption":"North Bay Regional Health Centre"},"image":{"@id":"https:\/\/nbrhc.on.ca\/#\/schema\/logo\/image\/"},"sameAs":["https:\/\/www.facebook.com\/nbrhc","https:\/\/x.com\/NBRHC","https:\/\/www.linkedin.com\/company\/north-bay-regional-health-centre-nbrhc","https:\/\/www.pinterest.com\/nbrhc","https:\/\/www.youtube.com\/TheNBRHC"]}]}},"_links":{"self":[{"href":"https:\/\/nbrhc.on.ca\/fr\/wp-json\/wp\/v2\/pages\/2072","targetHints":{"allow":["GET"]}}],"collection":[{"href":"https:\/\/nbrhc.on.ca\/fr\/wp-json\/wp\/v2\/pages"}],"about":[{"href":"https:\/\/nbrhc.on.ca\/fr\/wp-json\/wp\/v2\/types\/page"}],"author":[{"embeddable":true,"href":"https:\/\/nbrhc.on.ca\/fr\/wp-json\/wp\/v2\/users\/17"}],"replies":[{"embeddable":true,"href":"https:\/\/nbrhc.on.ca\/fr\/wp-json\/wp\/v2\/comments?post=2072"}],"version-history":[{"count":1,"href":"https:\/\/nbrhc.on.ca\/fr\/wp-json\/wp\/v2\/pages\/2072\/revisions"}],"predecessor-version":[{"id":28285,"href":"https:\/\/nbrhc.on.ca\/fr\/wp-json\/wp\/v2\/pages\/2072\/revisions\/28285"}],"up":[{"embeddable":true,"href":"https:\/\/nbrhc.on.ca\/fr\/wp-json\/wp\/v2\/pages\/6581"}],"wp:attachment":[{"href":"https:\/\/nbrhc.on.ca\/fr\/wp-json\/wp\/v2\/media?parent=2072"}],"wp:term":[{"taxonomy":"post_tag","embeddable":true,"href":"https:\/\/nbrhc.on.ca\/fr\/wp-json\/wp\/v2\/tags?post=2072"}],"curies":[{"name":"wp","href":"https:\/\/api.w.org\/{rel}","templated":true}]}}