{"id":20788,"date":"2019-10-22T14:38:08","date_gmt":"2019-10-22T18:38:08","guid":{"rendered":"http:\/\/www.nbrhc.on.ca\/?page_id=20788"},"modified":"2021-10-12T09:47:19","modified_gmt":"2021-10-12T13:47:19","slug":"linitiative-one","status":"publish","type":"page","link":"https:\/\/nbrhc.on.ca\/fr\/a-propos-de-nous\/linitiative-one\/","title":{"rendered":"L\u2019initiative ONE"},"content":{"rendered":"<h2>Transformer les soins aux patients dans le nord-est de l&rsquo;Ontario<\/h2>\n<p>Visant une meilleure prestation des soins ax\u00e9s sur le patient et la famille au moyen d\u2019un seul syst\u00e8me \u00e9lectronique d\u2019information sur la sant\u00e9, accessible dans tout le Nord-Est de l\u2019Ontario.<\/p>\n<p>Le 29 octobre, le Centre r\u00e9gional de sant\u00e9 de North Bay lance un nouveau syst\u00e8me \u00e9lectronique\u00a0d\u2019information sur la sant\u00e9.<\/p>\n<p>Tandis que nous nous familiarisons avec notre nouvelle technologie, il se pourrait que certains\u00a0processus prennent plus de temps que d\u2019habitude. Sachez que la prestation des meilleurs soins\u00a0possible \u00e0 nos patients et \u00e0 leur famille demeure notre priorit\u00e9.<\/p>\n<p>La transformation en cours profitera aux patients de nombreuses fa\u00e7ons importantes, notamment :<\/p>\n<ul>\n<li>en aidant \u00e0 \u00e9viter les erreurs concernant les m\u00e9dicaments;<\/li>\n<li>en donnant aux \u00e9quipes de soins plein acc\u00e8s au dossier du patient en temps opportun;<\/li>\n<li>en aidant les patients \u00e0 raconter leur histoire et \u00e0 fournir des renseignements sur leur<\/li>\n<li>pass\u00e9 m\u00e9dical;<\/li>\n<li>en \u00e9liminant les notes \u00e9crites \u00e0 la main qui sont difficiles \u00e0 lire;<\/li>\n<li>en gardant le dossier m\u00e9dical d\u2019un patient \u00e0 un seul endroit s\u00e9curis\u00e9 et accessible.<\/li>\n<\/ul>\n","protected":false},"excerpt":{"rendered":"<p>Transformer les soins aux patients dans le nord-est de l&rsquo;Ontario Visant une meilleure prestation des soins ax\u00e9s sur le patient et la famille au moyen d\u2019un seul syst\u00e8me \u00e9lectronique d\u2019information [&hellip;]<\/p>\n","protected":false},"author":17,"featured_media":0,"parent":1462,"menu_order":0,"comment_status":"closed","ping_status":"closed","template":"","meta":{"_acf_changed":false,"_monsterinsights_skip_tracking":false,"_monsterinsights_sitenote_active":false,"_monsterinsights_sitenote_note":"","_monsterinsights_sitenote_category":0,"footnotes":"","_links_to":"","_links_to_target":"","_wp_rev_ctl_limit":""},"tags":[],"class_list":["post-20788","page","type-page","status-publish","hentry"],"acf":[],"yoast_head":"<!-- This site is optimized with the Yoast SEO plugin v27.5 - https:\/\/yoast.com\/product\/yoast-seo-wordpress\/ -->\n<title>L\u2019initiative ONE - NBRHC<\/title>\n<meta name=\"description\" content=\"ONE Imitative am\u00e9liore la prestation de soins ax\u00e9s sur le patient et la famille gr\u00e2ce au syst\u00e8me \u00e9lectronique d&#039;information sur la sant\u00e9 ONE dans le nord-est de l&#039;Ontario\" \/>\n<meta name=\"robots\" content=\"index, follow, max-snippet:-1, max-image-preview:large, max-video-preview:-1\" \/>\n<link rel=\"canonical\" href=\"https:\/\/nbrhc.on.ca\/fr\/a-propos-de-nous\/linitiative-one\/\" \/>\n<meta property=\"og:locale\" content=\"fr_FR\" \/>\n<meta property=\"og:type\" content=\"article\" \/>\n<meta property=\"og:title\" content=\"L\u2019initiative ONE - NBRHC\" \/>\n<meta property=\"og:description\" content=\"ONE Imitative am\u00e9liore la prestation de soins ax\u00e9s sur le patient et la famille gr\u00e2ce au syst\u00e8me \u00e9lectronique d&#039;information sur la sant\u00e9 ONE dans le nord-est de l&#039;Ontario\" \/>\n<meta property=\"og:url\" content=\"https:\/\/nbrhc.on.ca\/fr\/a-propos-de-nous\/linitiative-one\/\" \/>\n<meta property=\"og:site_name\" content=\"NBRHC\" \/>\n<meta property=\"article:publisher\" content=\"https:\/\/www.facebook.com\/nbrhc\" \/>\n<meta property=\"article:modified_time\" content=\"2021-10-12T13:47:19+00:00\" \/>\n<meta property=\"og:image\" content=\"https:\/\/nbrhc.on.ca\/wp-content\/uploads\/2015\/07\/icon_col.jpeg\" \/>\n\t<meta property=\"og:image:width\" content=\"619\" \/>\n\t<meta property=\"og:image:height\" content=\"619\" \/>\n\t<meta property=\"og:image:type\" content=\"image\/jpeg\" \/>\n<meta name=\"twitter:label1\" content=\"Dur\u00e9e de lecture estim\u00e9e\" \/>\n\t<meta name=\"twitter:data1\" content=\"1 minute\" \/>\n<script type=\"application\/ld+json\" class=\"yoast-schema-graph\">{\"@context\":\"https:\\\/\\\/schema.org\",\"@graph\":[{\"@type\":\"WebPage\",\"@id\":\"https:\\\/\\\/nbrhc.on.ca\\\/fr\\\/a-propos-de-nous\\\/linitiative-one\\\/\",\"url\":\"https:\\\/\\\/nbrhc.on.ca\\\/fr\\\/a-propos-de-nous\\\/linitiative-one\\\/\",\"name\":\"L\u2019initiative ONE - NBRHC\",\"isPartOf\":{\"@id\":\"https:\\\/\\\/nbrhc.on.ca\\\/#website\"},\"datePublished\":\"2019-10-22T18:38:08+00:00\",\"dateModified\":\"2021-10-12T13:47:19+00:00\",\"description\":\"ONE Imitative am\u00e9liore la prestation de soins ax\u00e9s sur le patient et la famille gr\u00e2ce au syst\u00e8me \u00e9lectronique d'information sur la sant\u00e9 ONE dans le nord-est de l'Ontario\",\"breadcrumb\":{\"@id\":\"https:\\\/\\\/nbrhc.on.ca\\\/fr\\\/a-propos-de-nous\\\/linitiative-one\\\/#breadcrumb\"},\"inLanguage\":\"fr-FR\",\"potentialAction\":[{\"@type\":\"ReadAction\",\"target\":[\"https:\\\/\\\/nbrhc.on.ca\\\/fr\\\/a-propos-de-nous\\\/linitiative-one\\\/\"]}]},{\"@type\":\"BreadcrumbList\",\"@id\":\"https:\\\/\\\/nbrhc.on.ca\\\/fr\\\/a-propos-de-nous\\\/linitiative-one\\\/#breadcrumb\",\"itemListElement\":[{\"@type\":\"ListItem\",\"position\":1,\"name\":\"Home\",\"item\":\"https:\\\/\\\/nbrhc.on.ca\\\/fr\\\/\"},{\"@type\":\"ListItem\",\"position\":2,\"name\":\"\u00c0 propos de nous\",\"item\":\"https:\\\/\\\/nbrhc.on.ca\\\/fr\\\/a-propos-de-nous\\\/\"},{\"@type\":\"ListItem\",\"position\":3,\"name\":\"L\u2019initiative ONE\"}]},{\"@type\":\"WebSite\",\"@id\":\"https:\\\/\\\/nbrhc.on.ca\\\/#website\",\"url\":\"https:\\\/\\\/nbrhc.on.ca\\\/\",\"name\":\"NBRHC\",\"description\":\"North Bay Regional Health Centre\",\"publisher\":{\"@id\":\"https:\\\/\\\/nbrhc.on.ca\\\/#organization\"},\"potentialAction\":[{\"@type\":\"SearchAction\",\"target\":{\"@type\":\"EntryPoint\",\"urlTemplate\":\"https:\\\/\\\/nbrhc.on.ca\\\/?s={search_term_string}\"},\"query-input\":{\"@type\":\"PropertyValueSpecification\",\"valueRequired\":true,\"valueName\":\"search_term_string\"}}],\"inLanguage\":\"fr-FR\"},{\"@type\":\"Organization\",\"@id\":\"https:\\\/\\\/nbrhc.on.ca\\\/#organization\",\"name\":\"North Bay Regional Health Centre\",\"url\":\"https:\\\/\\\/nbrhc.on.ca\\\/\",\"logo\":{\"@type\":\"ImageObject\",\"inLanguage\":\"fr-FR\",\"@id\":\"https:\\\/\\\/nbrhc.on.ca\\\/#\\\/schema\\\/logo\\\/image\\\/\",\"url\":\"https:\\\/\\\/nbrhc.on.ca\\\/wp-content\\\/uploads\\\/2015\\\/07\\\/logo.jpg\",\"contentUrl\":\"https:\\\/\\\/nbrhc.on.ca\\\/wp-content\\\/uploads\\\/2015\\\/07\\\/logo.jpg\",\"width\":870,\"height\":128,\"caption\":\"North Bay Regional Health Centre\"},\"image\":{\"@id\":\"https:\\\/\\\/nbrhc.on.ca\\\/#\\\/schema\\\/logo\\\/image\\\/\"},\"sameAs\":[\"https:\\\/\\\/www.facebook.com\\\/nbrhc\",\"https:\\\/\\\/x.com\\\/NBRHC\",\"https:\\\/\\\/www.linkedin.com\\\/company\\\/north-bay-regional-health-centre-nbrhc\",\"https:\\\/\\\/www.pinterest.com\\\/nbrhc\",\"https:\\\/\\\/www.youtube.com\\\/TheNBRHC\"]}]}<\/script>\n<!-- \/ Yoast SEO plugin. -->","yoast_head_json":{"title":"L\u2019initiative ONE - NBRHC","description":"ONE Imitative am\u00e9liore la prestation de soins ax\u00e9s sur le patient et la famille gr\u00e2ce au syst\u00e8me \u00e9lectronique d'information sur la sant\u00e9 ONE dans le nord-est de l'Ontario","robots":{"index":"index","follow":"follow","max-snippet":"max-snippet:-1","max-image-preview":"max-image-preview:large","max-video-preview":"max-video-preview:-1"},"canonical":"https:\/\/nbrhc.on.ca\/fr\/a-propos-de-nous\/linitiative-one\/","og_locale":"fr_FR","og_type":"article","og_title":"L\u2019initiative ONE - NBRHC","og_description":"ONE Imitative am\u00e9liore la prestation de soins ax\u00e9s sur le patient et la famille gr\u00e2ce au syst\u00e8me \u00e9lectronique d'information sur la sant\u00e9 ONE dans le nord-est de l'Ontario","og_url":"https:\/\/nbrhc.on.ca\/fr\/a-propos-de-nous\/linitiative-one\/","og_site_name":"NBRHC","article_publisher":"https:\/\/www.facebook.com\/nbrhc","article_modified_time":"2021-10-12T13:47:19+00:00","og_image":[{"width":619,"height":619,"url":"https:\/\/nbrhc.on.ca\/wp-content\/uploads\/2015\/07\/icon_col.jpeg","type":"image\/jpeg"}],"twitter_misc":{"Dur\u00e9e de lecture estim\u00e9e":"1 minute"},"schema":{"@context":"https:\/\/schema.org","@graph":[{"@type":"WebPage","@id":"https:\/\/nbrhc.on.ca\/fr\/a-propos-de-nous\/linitiative-one\/","url":"https:\/\/nbrhc.on.ca\/fr\/a-propos-de-nous\/linitiative-one\/","name":"L\u2019initiative ONE - NBRHC","isPartOf":{"@id":"https:\/\/nbrhc.on.ca\/#website"},"datePublished":"2019-10-22T18:38:08+00:00","dateModified":"2021-10-12T13:47:19+00:00","description":"ONE Imitative am\u00e9liore la prestation de soins ax\u00e9s sur le patient et la famille gr\u00e2ce au syst\u00e8me \u00e9lectronique d'information sur la sant\u00e9 ONE dans le nord-est de l'Ontario","breadcrumb":{"@id":"https:\/\/nbrhc.on.ca\/fr\/a-propos-de-nous\/linitiative-one\/#breadcrumb"},"inLanguage":"fr-FR","potentialAction":[{"@type":"ReadAction","target":["https:\/\/nbrhc.on.ca\/fr\/a-propos-de-nous\/linitiative-one\/"]}]},{"@type":"BreadcrumbList","@id":"https:\/\/nbrhc.on.ca\/fr\/a-propos-de-nous\/linitiative-one\/#breadcrumb","itemListElement":[{"@type":"ListItem","position":1,"name":"Home","item":"https:\/\/nbrhc.on.ca\/fr\/"},{"@type":"ListItem","position":2,"name":"\u00c0 propos de nous","item":"https:\/\/nbrhc.on.ca\/fr\/a-propos-de-nous\/"},{"@type":"ListItem","position":3,"name":"L\u2019initiative ONE"}]},{"@type":"WebSite","@id":"https:\/\/nbrhc.on.ca\/#website","url":"https:\/\/nbrhc.on.ca\/","name":"NBRHC","description":"North Bay Regional Health Centre","publisher":{"@id":"https:\/\/nbrhc.on.ca\/#organization"},"potentialAction":[{"@type":"SearchAction","target":{"@type":"EntryPoint","urlTemplate":"https:\/\/nbrhc.on.ca\/?s={search_term_string}"},"query-input":{"@type":"PropertyValueSpecification","valueRequired":true,"valueName":"search_term_string"}}],"inLanguage":"fr-FR"},{"@type":"Organization","@id":"https:\/\/nbrhc.on.ca\/#organization","name":"North Bay Regional Health Centre","url":"https:\/\/nbrhc.on.ca\/","logo":{"@type":"ImageObject","inLanguage":"fr-FR","@id":"https:\/\/nbrhc.on.ca\/#\/schema\/logo\/image\/","url":"https:\/\/nbrhc.on.ca\/wp-content\/uploads\/2015\/07\/logo.jpg","contentUrl":"https:\/\/nbrhc.on.ca\/wp-content\/uploads\/2015\/07\/logo.jpg","width":870,"height":128,"caption":"North Bay Regional Health Centre"},"image":{"@id":"https:\/\/nbrhc.on.ca\/#\/schema\/logo\/image\/"},"sameAs":["https:\/\/www.facebook.com\/nbrhc","https:\/\/x.com\/NBRHC","https:\/\/www.linkedin.com\/company\/north-bay-regional-health-centre-nbrhc","https:\/\/www.pinterest.com\/nbrhc","https:\/\/www.youtube.com\/TheNBRHC"]}]}},"_links":{"self":[{"href":"https:\/\/nbrhc.on.ca\/fr\/wp-json\/wp\/v2\/pages\/20788","targetHints":{"allow":["GET"]}}],"collection":[{"href":"https:\/\/nbrhc.on.ca\/fr\/wp-json\/wp\/v2\/pages"}],"about":[{"href":"https:\/\/nbrhc.on.ca\/fr\/wp-json\/wp\/v2\/types\/page"}],"author":[{"embeddable":true,"href":"https:\/\/nbrhc.on.ca\/fr\/wp-json\/wp\/v2\/users\/17"}],"replies":[{"embeddable":true,"href":"https:\/\/nbrhc.on.ca\/fr\/wp-json\/wp\/v2\/comments?post=20788"}],"version-history":[{"count":1,"href":"https:\/\/nbrhc.on.ca\/fr\/wp-json\/wp\/v2\/pages\/20788\/revisions"}],"predecessor-version":[{"id":24868,"href":"https:\/\/nbrhc.on.ca\/fr\/wp-json\/wp\/v2\/pages\/20788\/revisions\/24868"}],"up":[{"embeddable":true,"href":"https:\/\/nbrhc.on.ca\/fr\/wp-json\/wp\/v2\/pages\/1462"}],"wp:attachment":[{"href":"https:\/\/nbrhc.on.ca\/fr\/wp-json\/wp\/v2\/media?parent=20788"}],"wp:term":[{"taxonomy":"post_tag","embeddable":true,"href":"https:\/\/nbrhc.on.ca\/fr\/wp-json\/wp\/v2\/tags?post=20788"}],"curies":[{"name":"wp","href":"https:\/\/api.w.org\/{rel}","templated":true}]}}