{"id":2083,"date":"2014-03-26T11:03:12","date_gmt":"2014-03-26T15:03:12","guid":{"rendered":"http:\/\/www.nbrhc.on.ca\/?page_id=2083"},"modified":"2025-11-06T09:05:31","modified_gmt":"2025-11-06T14:05:31","slug":"counseling-clinique-de-sante-mentale-patients-externes","status":"publish","type":"page","link":"https:\/\/nbrhc.on.ca\/fr\/programme-et-services\/programmes-et-services-de-sante-mentale\/sante-mentale-et-lutte-contre-la-toxicomanie\/counseling-clinique-de-sante-mentale-patients-externes\/","title":{"rendered":"Counseling &#8211; Clinique de sant\u00e9 mentale (patients externes)"},"content":{"rendered":"<h2>S<strong>ervices de th\u00e9rapie : programme de th\u00e9rapie gradu\u00e9e de groupe<\/strong><\/h2>\n<p><strong>\u00c2ge <\/strong>: 16 ans ou plus<\/p>\n<p><strong>R\u00e9gion desservie : <\/strong>district de Nipissing<\/p>\n<p><strong>Qui peut pr\u00e9senter une demande de services <\/strong>: m\u00e9decins, \u00e9tablissements de l\u2019annexe 1 et organismes communautaires.<\/p>\n<p><strong>Types de services : <\/strong>psychoth\u00e9rapie de groupe de dur\u00e9e limit\u00e9e fond\u00e9e sur des donn\u00e9es probantes qui fait appel \u00e0 des m\u00e9thodes de th\u00e9rapie cognitivo-comportementale (TCC) et de th\u00e9rapie comportementale dialectique (TCD) et qui est ax\u00e9e sur les troubles de l\u2019humeur et les troubles anxieux; vise \u00e0 favoriser le r\u00e9tablissement et le bien-\u00eatre.<\/p>\n<p><strong>Crit\u00e8res d\u2019inclusion : <\/strong>\u00eatre atteint d\u2019une maladie mentale de mod\u00e9r\u00e9e \u00e0 grave et avoir des besoins fondamentaux stables. Les clients doivent se faire suivre par un m\u00e9decin ou un autre fournisseur de services.<\/p>\n<h2>Programme de soins continus<\/h2>\n<p><strong>\u00c2ge <\/strong>: <strong>16 ans ou plus<\/strong><\/p>\n<p><strong>R\u00e9gion desservie : <\/strong>district de Nipissing<\/p>\n<p><strong>Qui peut pr\u00e9senter une demande de services <\/strong>: m\u00e9decins, \u00e9tablissements de l\u2019annexe 1 et organismes communautaires.<\/p>\n<p><strong>Type de services : <\/strong>soutien pr\u00e9ventif continu aux soins de sant\u00e9 et surveillance m\u00e9tabolique \u00e0 l\u2019intention des personnes qui continuent \u00e0 avoir besoin d\u2019un traitement de longue dur\u00e9e.<\/p>\n<p><strong>Crit\u00e8res d\u2019inclusion : <\/strong>vivre avec une maladie psychotique; avoir re\u00e7u une ordonnance de m\u00e9dicaments antipsychotiques; \u00eatre susceptible d\u2019avoir besoin d\u2019un suivi continu et de longue dur\u00e9e; ne pas avoir d\u2019autre acc\u00e8s \u00e0 des soins m\u00e9dicaux.<\/p>\n<h2>Service de consultation en psychiatrie pour patients externes<\/h2>\n<p><strong>\u00c2ge <\/strong>: <strong>16 ans ou plus<\/strong><\/p>\n<p><strong>R\u00e9gion desservie : <\/strong>districts de Nipissing et de Timiskaming et une partie du district de Muskoka-Parry Sound<\/p>\n<p><strong>Qui peut pr\u00e9senter une demande de services <\/strong>: m\u00e9decins et infirmi\u00e8res praticiennes ou infirmiers praticiens.<\/p>\n<p><strong>Types de services : <\/strong>consultation unique destin\u00e9e aux patients de 16 ans ou plus. Le service n\u2019offre pas de consultation aux personnes dont les sympt\u00f4mes principaux sont associ\u00e9s \u00e0 une d\u00e9ficience intellectuelle ou \u00e0 une l\u00e9sion c\u00e9r\u00e9brale acquise ni aux patients qui veulent faire remplir des documents juridiques ou ayant trait \u00e0 une invalidit\u00e9. Le Service de consultation en psychiatrie n\u2019est pas un service de suivi; toutefois, les psychiatres pourraient offrir des consultations suppl\u00e9mentaires au cas par cas.<\/p>\n<h2>Programme d\u2019intervention pr\u00e9coce en psychose<\/h2>\n<p><strong>\u00c2ge <\/strong>: <strong>de 16 \u00e0 35 ans<\/strong><\/p>\n<p><strong>R\u00e9gion desservie : <\/strong>district de Nipissing<\/p>\n<p><strong>Qui peut pr\u00e9senter une demande de services <\/strong>: tous.<\/p>\n<p><strong>Types de services : <\/strong>suivi psychiatrique \u00e9troit, services de soutien intensifs et \u00e9ducation destin\u00e9s aux personnes ayant v\u00e9cu un premier \u00e9pisode de psychose. Nous offrons aussi des services de soutien et d\u2019\u00e9ducation aux familles. Ce programme vise les patients qui sont susceptibles de recevoir un diagnostic de trouble psychotique primaire et pourrait ne pas accepter les patients dont les sympt\u00f4mes psychotiques sont attribuables \u00e0 des troubles de la personnalit\u00e9 sous-jacents ni les patients atteints d\u2019une d\u00e9ficience intellectuelle grave.<\/p>\n<h2>Programme de taitement des d\u00e9pendances de jour\/soir<\/h2>\n<p><strong>\u00c2ge\u00a0:\u00a0<\/strong>16 ans ou plus<\/p>\n<p><strong>Service :<\/strong> Soutien th\u00e9rapeutique s\u2019\u00e9chelonnant sur de 4 \u00e0 16 semaines offert \u00e0 quiconque a des difficult\u00e9s li\u00e9es \u00e0 la consommation de substances et\/ou \u00e0 des probl\u00e8mes de sant\u00e9 mentale. Gr\u00e2ce principalement au travail de groupe et \u00e0 un soutien individuel d\u2019une dur\u00e9e limit\u00e9e ax\u00e9s sur la psychoth\u00e9rapie et des approches psychop\u00e9dagogiques, les clients \u00e9tablissent avec un clinicien des\u00a0 objectifs personnels en mati\u00e8re de r\u00e9tablissement et de traitement en fonction de leurs forces, de leurs valeurs et de leurs aspirations.<\/p>\n<p><strong>Mode de prestation du service :<\/strong> En personne et en ligne.<\/p>\n<p><strong>Provenance des demandes de services :<\/strong> Client\/cliente\/famille, m\u00e9decins, infirmi\u00e8res et infirmiers praticiens, h\u00f4pitaux et organismes communautaires.<\/p>\n<p><strong>Pour demander des services :<\/strong> Envoyer par t\u00e9l\u00e9copieur, au 705 476-6136, le formulaire de demande de services pour les programmes de sant\u00e9 mentale communautaires RHC 1646 qui se trouve sur le site Web du CRSNB sous Health Provider Forms (formulaires pour les fournisseurs de soins).\u00a0Pour obtenir d\u2019autres renseignements durant les heures de bureau, appelez l\u2019Accueil central au 705 476-6240, poste 6294.<\/p>\n<h2>Clinique d&rsquo;acc\u00e8s rapide au traitement des d\u00e9pendances et de la toxicomanie<\/h2>\n<p><strong>\u00c2ge\u00a0:\u00a0<\/strong>16 ans ou plus<\/p>\n<p><strong>Service :<\/strong> La Clinique d\u2019acc\u00e8s rapide au traitement des d\u00e9pendances et de la toxicomania fournit un acc\u00e8s rapide \u00e0 des m\u00e9dicaments pour contr\u00f4ler ou \u00e9liminer les sympt\u00f4mes du sevrage, aux personnes qui veulent r\u00e9duire leur consommation de substances ou y mettre \u00adn compl\u00e8tement. La Clinique propose de la th\u00e9rapie de courte dur\u00e9e, du counselling et gestion de cas.<\/p>\n<p><strong>Mode de prestation du service :<\/strong> En personne et par t\u00e9l\u00e9phone.<\/p>\n<p><strong>Provenance des demandes de services :<\/strong> Client\/cliente\/famille, m\u00e9decins, infirmi\u00e8res et infirmiers praticiens, h\u00f4pitaux et organismes communautaires.<\/p>\n<p><strong>Pour demander des services :<\/strong> La clinique est ouverte sans rendez-vous ou appelez le 1-833-434-7800 ou utilisez le formulaire de demande de services pour les programmes de sant\u00e9 mentale communautaires RHC 1646 qui se trouve sur le site Web du CRSNB sous Health Provider Forms (formulaires pour les fournisseurs de soins), et envoyez-le par t\u00e9l\u00e9copieur au 705-476-6136.<\/p>\n","protected":false},"excerpt":{"rendered":"<p>Psychoth\u00e9rapie de groupe de dur\u00e9e limit\u00e9e fond\u00e9e sur des donn\u00e9es probantes qui fait appel \u00e0 des m\u00e9thodes de th\u00e9rapie cognitivo-comportementale (TCC) et de th\u00e9rapie comportementale dialectique (TCD) et qui est ax\u00e9e sur les troubles de l\u2019humeur et les troubles anxieux; vise \u00e0 favoriser le r\u00e9tablissement et le bien-\u00eatre.<\/p>\n","protected":false},"author":17,"featured_media":0,"parent":2610,"menu_order":0,"comment_status":"open","ping_status":"closed","template":"","meta":{"_acf_changed":false,"_monsterinsights_skip_tracking":false,"_monsterinsights_sitenote_active":false,"_monsterinsights_sitenote_note":"","_monsterinsights_sitenote_category":0,"footnotes":"","_links_to":"","_links_to_target":"","_wp_rev_ctl_limit":""},"tags":[908,907,909],"class_list":["post-2083","page","type-page","status-publish","hentry","tag-clinique-de-sante-mentale","tag-counseling-fr","tag-interventions-therapeutiques"],"acf":[],"yoast_head":"<!-- This site is optimized with the Yoast SEO plugin v27.5 - https:\/\/yoast.com\/product\/yoast-seo-wordpress\/ -->\n<title>Counseling - Clinique de sant\u00e9 mentale<\/title>\n<meta name=\"description\" content=\"D\u00e9couvrez des informations sur la th\u00e9rapie, les soins continus, le service de consultation en psychiatrie ambulatoire et l&#039;intervention pr\u00e9coce pour le service de psychose\" \/>\n<meta name=\"robots\" content=\"index, follow, max-snippet:-1, max-image-preview:large, max-video-preview:-1\" \/>\n<link rel=\"canonical\" href=\"https:\/\/nbrhc.on.ca\/fr\/programme-et-services\/programmes-et-services-de-sante-mentale\/sante-mentale-et-lutte-contre-la-toxicomanie\/counseling-clinique-de-sante-mentale-patients-externes\/\" \/>\n<meta property=\"og:locale\" content=\"fr_FR\" \/>\n<meta property=\"og:type\" content=\"article\" \/>\n<meta property=\"og:title\" content=\"Counseling - Clinique de sant\u00e9 mentale\" \/>\n<meta property=\"og:description\" content=\"D\u00e9couvrez des informations sur la th\u00e9rapie, les soins continus, le service de consultation en psychiatrie ambulatoire et l&#039;intervention pr\u00e9coce pour le service de psychose\" \/>\n<meta property=\"og:url\" content=\"https:\/\/nbrhc.on.ca\/fr\/programme-et-services\/programmes-et-services-de-sante-mentale\/sante-mentale-et-lutte-contre-la-toxicomanie\/counseling-clinique-de-sante-mentale-patients-externes\/\" \/>\n<meta property=\"og:site_name\" content=\"NBRHC\" \/>\n<meta property=\"article:publisher\" content=\"https:\/\/www.facebook.com\/nbrhc\" \/>\n<meta property=\"article:modified_time\" content=\"2025-11-06T14:05:31+00:00\" \/>\n<meta property=\"og:image\" content=\"https:\/\/nbrhc.on.ca\/wp-content\/uploads\/2015\/07\/icon_col.jpeg\" \/>\n\t<meta property=\"og:image:width\" content=\"619\" \/>\n\t<meta property=\"og:image:height\" content=\"619\" \/>\n\t<meta property=\"og:image:type\" content=\"image\/jpeg\" \/>\n<meta name=\"twitter:label1\" content=\"Dur\u00e9e de lecture estim\u00e9e\" \/>\n\t<meta name=\"twitter:data1\" content=\"4 minutes\" \/>\n<script type=\"application\/ld+json\" class=\"yoast-schema-graph\">{\"@context\":\"https:\\\/\\\/schema.org\",\"@graph\":[{\"@type\":\"WebPage\",\"@id\":\"https:\\\/\\\/nbrhc.on.ca\\\/fr\\\/programme-et-services\\\/programmes-et-services-de-sante-mentale\\\/sante-mentale-et-lutte-contre-la-toxicomanie\\\/counseling-clinique-de-sante-mentale-patients-externes\\\/\",\"url\":\"https:\\\/\\\/nbrhc.on.ca\\\/fr\\\/programme-et-services\\\/programmes-et-services-de-sante-mentale\\\/sante-mentale-et-lutte-contre-la-toxicomanie\\\/counseling-clinique-de-sante-mentale-patients-externes\\\/\",\"name\":\"Counseling - Clinique de sant\u00e9 mentale\",\"isPartOf\":{\"@id\":\"https:\\\/\\\/nbrhc.on.ca\\\/#website\"},\"datePublished\":\"2014-03-26T15:03:12+00:00\",\"dateModified\":\"2025-11-06T14:05:31+00:00\",\"description\":\"D\u00e9couvrez des informations sur la th\u00e9rapie, les soins continus, le service de consultation en psychiatrie ambulatoire et l'intervention pr\u00e9coce pour le service de psychose\",\"breadcrumb\":{\"@id\":\"https:\\\/\\\/nbrhc.on.ca\\\/fr\\\/programme-et-services\\\/programmes-et-services-de-sante-mentale\\\/sante-mentale-et-lutte-contre-la-toxicomanie\\\/counseling-clinique-de-sante-mentale-patients-externes\\\/#breadcrumb\"},\"inLanguage\":\"fr-FR\",\"potentialAction\":[{\"@type\":\"ReadAction\",\"target\":[\"https:\\\/\\\/nbrhc.on.ca\\\/fr\\\/programme-et-services\\\/programmes-et-services-de-sante-mentale\\\/sante-mentale-et-lutte-contre-la-toxicomanie\\\/counseling-clinique-de-sante-mentale-patients-externes\\\/\"]}]},{\"@type\":\"BreadcrumbList\",\"@id\":\"https:\\\/\\\/nbrhc.on.ca\\\/fr\\\/programme-et-services\\\/programmes-et-services-de-sante-mentale\\\/sante-mentale-et-lutte-contre-la-toxicomanie\\\/counseling-clinique-de-sante-mentale-patients-externes\\\/#breadcrumb\",\"itemListElement\":[{\"@type\":\"ListItem\",\"position\":1,\"name\":\"Home\",\"item\":\"https:\\\/\\\/nbrhc.on.ca\\\/fr\\\/\"},{\"@type\":\"ListItem\",\"position\":2,\"name\":\"Programmes et services\",\"item\":\"https:\\\/\\\/nbrhc.on.ca\\\/fr\\\/programme-et-services\\\/\"},{\"@type\":\"ListItem\",\"position\":3,\"name\":\"Programmes et services de sant\u00e9 mentale\",\"item\":\"https:\\\/\\\/nbrhc.on.ca\\\/fr\\\/programme-et-services\\\/programmes-et-services-de-sante-mentale\\\/\"},{\"@type\":\"ListItem\",\"position\":4,\"name\":\"Sant\u00e9 mentale et lutte contre la toxicomanie\",\"item\":\"https:\\\/\\\/nbrhc.on.ca\\\/fr\\\/programme-et-services\\\/programmes-et-services-de-sante-mentale\\\/sante-mentale-et-lutte-contre-la-toxicomanie\\\/\"},{\"@type\":\"ListItem\",\"position\":5,\"name\":\"Counseling &#8211; Clinique de sant\u00e9 mentale (patients externes)\"}]},{\"@type\":\"WebSite\",\"@id\":\"https:\\\/\\\/nbrhc.on.ca\\\/#website\",\"url\":\"https:\\\/\\\/nbrhc.on.ca\\\/\",\"name\":\"NBRHC\",\"description\":\"North Bay Regional Health Centre\",\"publisher\":{\"@id\":\"https:\\\/\\\/nbrhc.on.ca\\\/#organization\"},\"potentialAction\":[{\"@type\":\"SearchAction\",\"target\":{\"@type\":\"EntryPoint\",\"urlTemplate\":\"https:\\\/\\\/nbrhc.on.ca\\\/?s={search_term_string}\"},\"query-input\":{\"@type\":\"PropertyValueSpecification\",\"valueRequired\":true,\"valueName\":\"search_term_string\"}}],\"inLanguage\":\"fr-FR\"},{\"@type\":\"Organization\",\"@id\":\"https:\\\/\\\/nbrhc.on.ca\\\/#organization\",\"name\":\"North Bay Regional Health Centre\",\"url\":\"https:\\\/\\\/nbrhc.on.ca\\\/\",\"logo\":{\"@type\":\"ImageObject\",\"inLanguage\":\"fr-FR\",\"@id\":\"https:\\\/\\\/nbrhc.on.ca\\\/#\\\/schema\\\/logo\\\/image\\\/\",\"url\":\"https:\\\/\\\/nbrhc.on.ca\\\/wp-content\\\/uploads\\\/2015\\\/07\\\/logo.jpg\",\"contentUrl\":\"https:\\\/\\\/nbrhc.on.ca\\\/wp-content\\\/uploads\\\/2015\\\/07\\\/logo.jpg\",\"width\":870,\"height\":128,\"caption\":\"North Bay Regional Health Centre\"},\"image\":{\"@id\":\"https:\\\/\\\/nbrhc.on.ca\\\/#\\\/schema\\\/logo\\\/image\\\/\"},\"sameAs\":[\"https:\\\/\\\/www.facebook.com\\\/nbrhc\",\"https:\\\/\\\/x.com\\\/NBRHC\",\"https:\\\/\\\/www.linkedin.com\\\/company\\\/north-bay-regional-health-centre-nbrhc\",\"https:\\\/\\\/www.pinterest.com\\\/nbrhc\",\"https:\\\/\\\/www.youtube.com\\\/TheNBRHC\"]}]}<\/script>\n<!-- \/ Yoast SEO plugin. -->","yoast_head_json":{"title":"Counseling - Clinique de sant\u00e9 mentale","description":"D\u00e9couvrez des informations sur la th\u00e9rapie, les soins continus, le service de consultation en psychiatrie ambulatoire et l'intervention pr\u00e9coce pour le service de psychose","robots":{"index":"index","follow":"follow","max-snippet":"max-snippet:-1","max-image-preview":"max-image-preview:large","max-video-preview":"max-video-preview:-1"},"canonical":"https:\/\/nbrhc.on.ca\/fr\/programme-et-services\/programmes-et-services-de-sante-mentale\/sante-mentale-et-lutte-contre-la-toxicomanie\/counseling-clinique-de-sante-mentale-patients-externes\/","og_locale":"fr_FR","og_type":"article","og_title":"Counseling - Clinique de sant\u00e9 mentale","og_description":"D\u00e9couvrez des informations sur la th\u00e9rapie, les soins continus, le service de consultation en psychiatrie ambulatoire et l'intervention pr\u00e9coce pour le service de psychose","og_url":"https:\/\/nbrhc.on.ca\/fr\/programme-et-services\/programmes-et-services-de-sante-mentale\/sante-mentale-et-lutte-contre-la-toxicomanie\/counseling-clinique-de-sante-mentale-patients-externes\/","og_site_name":"NBRHC","article_publisher":"https:\/\/www.facebook.com\/nbrhc","article_modified_time":"2025-11-06T14:05:31+00:00","og_image":[{"width":619,"height":619,"url":"https:\/\/nbrhc.on.ca\/wp-content\/uploads\/2015\/07\/icon_col.jpeg","type":"image\/jpeg"}],"twitter_misc":{"Dur\u00e9e de lecture estim\u00e9e":"4 minutes"},"schema":{"@context":"https:\/\/schema.org","@graph":[{"@type":"WebPage","@id":"https:\/\/nbrhc.on.ca\/fr\/programme-et-services\/programmes-et-services-de-sante-mentale\/sante-mentale-et-lutte-contre-la-toxicomanie\/counseling-clinique-de-sante-mentale-patients-externes\/","url":"https:\/\/nbrhc.on.ca\/fr\/programme-et-services\/programmes-et-services-de-sante-mentale\/sante-mentale-et-lutte-contre-la-toxicomanie\/counseling-clinique-de-sante-mentale-patients-externes\/","name":"Counseling - Clinique de sant\u00e9 mentale","isPartOf":{"@id":"https:\/\/nbrhc.on.ca\/#website"},"datePublished":"2014-03-26T15:03:12+00:00","dateModified":"2025-11-06T14:05:31+00:00","description":"D\u00e9couvrez des informations sur la th\u00e9rapie, les soins continus, le service de consultation en psychiatrie ambulatoire et l'intervention pr\u00e9coce pour le service de psychose","breadcrumb":{"@id":"https:\/\/nbrhc.on.ca\/fr\/programme-et-services\/programmes-et-services-de-sante-mentale\/sante-mentale-et-lutte-contre-la-toxicomanie\/counseling-clinique-de-sante-mentale-patients-externes\/#breadcrumb"},"inLanguage":"fr-FR","potentialAction":[{"@type":"ReadAction","target":["https:\/\/nbrhc.on.ca\/fr\/programme-et-services\/programmes-et-services-de-sante-mentale\/sante-mentale-et-lutte-contre-la-toxicomanie\/counseling-clinique-de-sante-mentale-patients-externes\/"]}]},{"@type":"BreadcrumbList","@id":"https:\/\/nbrhc.on.ca\/fr\/programme-et-services\/programmes-et-services-de-sante-mentale\/sante-mentale-et-lutte-contre-la-toxicomanie\/counseling-clinique-de-sante-mentale-patients-externes\/#breadcrumb","itemListElement":[{"@type":"ListItem","position":1,"name":"Home","item":"https:\/\/nbrhc.on.ca\/fr\/"},{"@type":"ListItem","position":2,"name":"Programmes et services","item":"https:\/\/nbrhc.on.ca\/fr\/programme-et-services\/"},{"@type":"ListItem","position":3,"name":"Programmes et services de sant\u00e9 mentale","item":"https:\/\/nbrhc.on.ca\/fr\/programme-et-services\/programmes-et-services-de-sante-mentale\/"},{"@type":"ListItem","position":4,"name":"Sant\u00e9 mentale et lutte contre la toxicomanie","item":"https:\/\/nbrhc.on.ca\/fr\/programme-et-services\/programmes-et-services-de-sante-mentale\/sante-mentale-et-lutte-contre-la-toxicomanie\/"},{"@type":"ListItem","position":5,"name":"Counseling &#8211; Clinique de sant\u00e9 mentale (patients externes)"}]},{"@type":"WebSite","@id":"https:\/\/nbrhc.on.ca\/#website","url":"https:\/\/nbrhc.on.ca\/","name":"NBRHC","description":"North Bay Regional Health Centre","publisher":{"@id":"https:\/\/nbrhc.on.ca\/#organization"},"potentialAction":[{"@type":"SearchAction","target":{"@type":"EntryPoint","urlTemplate":"https:\/\/nbrhc.on.ca\/?s={search_term_string}"},"query-input":{"@type":"PropertyValueSpecification","valueRequired":true,"valueName":"search_term_string"}}],"inLanguage":"fr-FR"},{"@type":"Organization","@id":"https:\/\/nbrhc.on.ca\/#organization","name":"North Bay Regional Health Centre","url":"https:\/\/nbrhc.on.ca\/","logo":{"@type":"ImageObject","inLanguage":"fr-FR","@id":"https:\/\/nbrhc.on.ca\/#\/schema\/logo\/image\/","url":"https:\/\/nbrhc.on.ca\/wp-content\/uploads\/2015\/07\/logo.jpg","contentUrl":"https:\/\/nbrhc.on.ca\/wp-content\/uploads\/2015\/07\/logo.jpg","width":870,"height":128,"caption":"North Bay Regional Health Centre"},"image":{"@id":"https:\/\/nbrhc.on.ca\/#\/schema\/logo\/image\/"},"sameAs":["https:\/\/www.facebook.com\/nbrhc","https:\/\/x.com\/NBRHC","https:\/\/www.linkedin.com\/company\/north-bay-regional-health-centre-nbrhc","https:\/\/www.pinterest.com\/nbrhc","https:\/\/www.youtube.com\/TheNBRHC"]}]}},"_links":{"self":[{"href":"https:\/\/nbrhc.on.ca\/fr\/wp-json\/wp\/v2\/pages\/2083","targetHints":{"allow":["GET"]}}],"collection":[{"href":"https:\/\/nbrhc.on.ca\/fr\/wp-json\/wp\/v2\/pages"}],"about":[{"href":"https:\/\/nbrhc.on.ca\/fr\/wp-json\/wp\/v2\/types\/page"}],"author":[{"embeddable":true,"href":"https:\/\/nbrhc.on.ca\/fr\/wp-json\/wp\/v2\/users\/17"}],"replies":[{"embeddable":true,"href":"https:\/\/nbrhc.on.ca\/fr\/wp-json\/wp\/v2\/comments?post=2083"}],"version-history":[{"count":8,"href":"https:\/\/nbrhc.on.ca\/fr\/wp-json\/wp\/v2\/pages\/2083\/revisions"}],"predecessor-version":[{"id":46176,"href":"https:\/\/nbrhc.on.ca\/fr\/wp-json\/wp\/v2\/pages\/2083\/revisions\/46176"}],"up":[{"embeddable":true,"href":"https:\/\/nbrhc.on.ca\/fr\/wp-json\/wp\/v2\/pages\/2610"}],"wp:attachment":[{"href":"https:\/\/nbrhc.on.ca\/fr\/wp-json\/wp\/v2\/media?parent=2083"}],"wp:term":[{"taxonomy":"post_tag","embeddable":true,"href":"https:\/\/nbrhc.on.ca\/fr\/wp-json\/wp\/v2\/tags?post=2083"}],"curies":[{"name":"wp","href":"https:\/\/api.w.org\/{rel}","templated":true}]}}