{"id":2093,"date":"2014-03-26T11:13:12","date_gmt":"2014-03-26T15:13:12","guid":{"rendered":"http:\/\/www.nbrhc.on.ca\/?page_id=2093"},"modified":"2025-08-28T09:51:06","modified_gmt":"2025-08-28T13:51:06","slug":"service-des-troubles-du-developpement","status":"publish","type":"page","link":"https:\/\/nbrhc.on.ca\/fr\/programme-et-services\/programmes-et-services-de-sante-mentale\/programme-regional-specialise-de-sante-mentale\/service-des-troubles-du-developpement\/","title":{"rendered":"Service des troubles du d\u00e9veloppement"},"content":{"rendered":"<p>Le Service des troubles du d\u00e9veloppement (STD) offre des services communautaires d\u2019\u00e9valuation psychiatrique, de consultation et de traitement aux adultes ayant une d\u00e9ficience intellectuelle ou un trouble du d\u00e9veloppement ainsi que des probl\u00e8mes de sant\u00e9 mentale (diagnostic mixte) en collaboration avec l&rsquo;Association canadienne pour la sant\u00e9 mentale. Nous prodiguons des soins psychiatriques sp\u00e9cialis\u00e9s en vue d\u2019am\u00e9liorer la qualit\u00e9 de vie de nos clients et de soutenir leurs proches aidants.<\/p>\n<p>Le personnel du STD travaille avec les patients, les familles, les m\u00e9decins de famille et les Services de l&rsquo;Ontario pour les personnes ayant une d\u00e9ficience intellectuelle (SOPDI) dans la communaut\u00e9 et \u00e0 son domicile. Les soins sont fournis selon une approche ax\u00e9e sur le(a) patient(e) et le(a) proche aidant(e) et tiennent compte des aspects physiques, comportementaux, sociaux et psychiatriques de la sant\u00e9 mentale.<\/p>\n<p>Le STD fonctionne selon un mod\u00e8le en \u00e9toile par lequel l\u2019\u00e9quipe de psychiatrie du CRSNB travaille \u00e9troitement avec des cliniciens et cliniciennes en sant\u00e9 mentale communautaire de l\u2019ACSM North Bay et district et de l\u2019ACSM Cochrane-Timiskaming.<\/p>\n<h2>Processus de demande de services<\/h2>\n<p>L\u2019information recueillie au cours du processus de demande de services est n\u00e9cessaire en vue d\u2019assurer l\u2019efficacit\u00e9 de la consultation psychiatrique initiale. Deux formulaires de demandes sont n\u00e9cessaires\u00a0: l\u2019un est rempli par le(a) proche aidant(e) et l\u2019autre, par un(e) m\u00e9decin.<strong> Veuillez noter que les notes cliniques tir\u00e9es du dossier de sant\u00e9 \u00e9lectronique comprennent la plupart des renseignements demand\u00e9s sur le formulaire que doit remplir le(a) m\u00e9decin.<\/strong> Toutefois, une demande de consultation, formul\u00e9e par \u00e9crit par le(a) m\u00e9decin de famille ou le(a) prestataire de soins primaires du (de la) patient(e), doit accompagner la demande de services.<\/p>\n<p><strong>Crit\u00e8res d\u2019admissibilit\u00e9 :<\/strong><\/p>\n<ol>\n<li>Minimum de 16 ans;<\/li>\n<li>Diagnostic de d\u00e9ficience intellectuelle\/trouble du d\u00e9veloppement de gravit\u00e9 variable et confirmation d\u2019admissibilit\u00e9 en fonction des crit\u00e8res de Services de l\u2019Ontario pour les personnes ayant une d\u00e9ficience intellectuelle (SOPDI) (pour les personnes de 18 et plus);<\/li>\n<li>D\u00e9fis psychiatriques ou comportementaux substantiels qui d\u00e9passent les capacit\u00e9s des services cliniques et des soins primaires existants;<\/li>\n<li>Consentement de la personne qui recevra les services ou de son mandataire sp\u00e9cial;<\/li>\n<li>Br\u00e8ve note demandant une consultation (s\u2019il s\u2019agit d\u2019un renouvellement d\u2019une demande de services).<\/li>\n<\/ol>\n<p><strong>Veuillez noter que, selon la longueur de la liste d\u2019attente, les personnes ayant une d\u00e9ficience mod\u00e9r\u00e9e ou grave seront vues avant celles qui ont une d\u00e9ficience l\u00e9g\u00e8re.<\/strong><\/p>\n<p><strong>Si les renseignements demand\u00e9s ne sont pas tous fournis dans les 30 jours qui suivent la soumission de la demande de services, celle-ci sera rejet\u00e9e.<\/strong><\/p>\n<p>Le STD offre des interventions de dur\u00e9e limit\u00e9e, notamment une \u00e9valuation, une consultation et un traitement. Une fois stabilis\u00e9s, les clients sont renvoy\u00e9s \u00e0 leur prestataire de soins primaires et aux services communautaires pour y recevoir des soins de suivi et du soutien.<\/p>\n","protected":false},"excerpt":{"rendered":"<p>Services communautaires d\u2019\u00e9valuation psychiatrique, de consultation et de traitement aux adultes aux prises avec un trouble du d\u00e9veloppement et un trouble de sant\u00e9 mentale (diagnostic mixte) qui vivent dans la r\u00e9gion desservie par l\u2019h\u00f4pital.<\/p>\n","protected":false},"author":17,"featured_media":0,"parent":3003,"menu_order":0,"comment_status":"open","ping_status":"open","template":"","meta":{"_acf_changed":false,"_monsterinsights_skip_tracking":false,"_monsterinsights_sitenote_active":false,"_monsterinsights_sitenote_note":"","_monsterinsights_sitenote_category":0,"footnotes":"","_links_to":"","_links_to_target":"","_wp_rev_ctl_limit":""},"tags":[969,970],"class_list":["post-2093","page","type-page","status-publish","hentry","tag-service-des-troubles-du-developpement","tag-troubles-de-developpement"],"acf":[],"yoast_head":"<!-- This site is optimized with the Yoast SEO plugin v27.4 - https:\/\/yoast.com\/product\/yoast-seo-wordpress\/ -->\n<title>Service des troubles du d\u00e9veloppement<\/title>\n<meta name=\"description\" content=\"Le service des troubles du d\u00e9veloppement offre une \u00e9valuation, une consultation et un traitement psychiatriques aux adultes ayant des troubles du d\u00e9veloppement\" \/>\n<meta name=\"robots\" content=\"index, follow, max-snippet:-1, max-image-preview:large, max-video-preview:-1\" \/>\n<link rel=\"canonical\" href=\"https:\/\/nbrhc.on.ca\/fr\/programme-et-services\/programmes-et-services-de-sante-mentale\/programme-regional-specialise-de-sante-mentale\/service-des-troubles-du-developpement\/\" \/>\n<meta property=\"og:locale\" content=\"fr_FR\" \/>\n<meta property=\"og:type\" content=\"article\" \/>\n<meta property=\"og:title\" content=\"Service des troubles du d\u00e9veloppement\" \/>\n<meta property=\"og:description\" content=\"Le service des troubles du d\u00e9veloppement offre une \u00e9valuation, une consultation et un traitement psychiatriques aux adultes ayant des troubles du d\u00e9veloppement\" \/>\n<meta property=\"og:url\" content=\"https:\/\/nbrhc.on.ca\/fr\/programme-et-services\/programmes-et-services-de-sante-mentale\/programme-regional-specialise-de-sante-mentale\/service-des-troubles-du-developpement\/\" \/>\n<meta property=\"og:site_name\" content=\"NBRHC\" \/>\n<meta property=\"article:publisher\" content=\"https:\/\/www.facebook.com\/nbrhc\" \/>\n<meta property=\"article:modified_time\" content=\"2025-08-28T13:51:06+00:00\" \/>\n<meta property=\"og:image\" content=\"https:\/\/nbrhc.on.ca\/wp-content\/uploads\/2015\/07\/icon_col.jpeg\" \/>\n\t<meta property=\"og:image:width\" content=\"619\" \/>\n\t<meta property=\"og:image:height\" content=\"619\" \/>\n\t<meta property=\"og:image:type\" content=\"image\/jpeg\" \/>\n<meta name=\"twitter:label1\" content=\"Dur\u00e9e de lecture estim\u00e9e\" \/>\n\t<meta name=\"twitter:data1\" content=\"2 minutes\" \/>\n<script type=\"application\/ld+json\" class=\"yoast-schema-graph\">{\"@context\":\"https:\\\/\\\/schema.org\",\"@graph\":[{\"@type\":\"WebPage\",\"@id\":\"https:\\\/\\\/nbrhc.on.ca\\\/fr\\\/programme-et-services\\\/programmes-et-services-de-sante-mentale\\\/programme-regional-specialise-de-sante-mentale\\\/service-des-troubles-du-developpement\\\/\",\"url\":\"https:\\\/\\\/nbrhc.on.ca\\\/fr\\\/programme-et-services\\\/programmes-et-services-de-sante-mentale\\\/programme-regional-specialise-de-sante-mentale\\\/service-des-troubles-du-developpement\\\/\",\"name\":\"Service des troubles du d\u00e9veloppement\",\"isPartOf\":{\"@id\":\"https:\\\/\\\/nbrhc.on.ca\\\/#website\"},\"datePublished\":\"2014-03-26T15:13:12+00:00\",\"dateModified\":\"2025-08-28T13:51:06+00:00\",\"description\":\"Le service des troubles du d\u00e9veloppement offre une \u00e9valuation, une consultation et un traitement psychiatriques aux adultes ayant des troubles du d\u00e9veloppement\",\"breadcrumb\":{\"@id\":\"https:\\\/\\\/nbrhc.on.ca\\\/fr\\\/programme-et-services\\\/programmes-et-services-de-sante-mentale\\\/programme-regional-specialise-de-sante-mentale\\\/service-des-troubles-du-developpement\\\/#breadcrumb\"},\"inLanguage\":\"fr-FR\",\"potentialAction\":[{\"@type\":\"ReadAction\",\"target\":[\"https:\\\/\\\/nbrhc.on.ca\\\/fr\\\/programme-et-services\\\/programmes-et-services-de-sante-mentale\\\/programme-regional-specialise-de-sante-mentale\\\/service-des-troubles-du-developpement\\\/\"]}]},{\"@type\":\"BreadcrumbList\",\"@id\":\"https:\\\/\\\/nbrhc.on.ca\\\/fr\\\/programme-et-services\\\/programmes-et-services-de-sante-mentale\\\/programme-regional-specialise-de-sante-mentale\\\/service-des-troubles-du-developpement\\\/#breadcrumb\",\"itemListElement\":[{\"@type\":\"ListItem\",\"position\":1,\"name\":\"Home\",\"item\":\"https:\\\/\\\/nbrhc.on.ca\\\/fr\\\/\"},{\"@type\":\"ListItem\",\"position\":2,\"name\":\"Programmes et services\",\"item\":\"https:\\\/\\\/nbrhc.on.ca\\\/fr\\\/programme-et-services\\\/\"},{\"@type\":\"ListItem\",\"position\":3,\"name\":\"Programmes et services de sant\u00e9 mentale\",\"item\":\"https:\\\/\\\/nbrhc.on.ca\\\/fr\\\/programme-et-services\\\/programmes-et-services-de-sante-mentale\\\/\"},{\"@type\":\"ListItem\",\"position\":4,\"name\":\"Programme r\u00e9gional sp\u00e9cialis\u00e9 de sant\u00e9 mentale\",\"item\":\"https:\\\/\\\/nbrhc.on.ca\\\/fr\\\/programme-et-services\\\/programmes-et-services-de-sante-mentale\\\/programme-regional-specialise-de-sante-mentale\\\/\"},{\"@type\":\"ListItem\",\"position\":5,\"name\":\"Service des troubles du d\u00e9veloppement\"}]},{\"@type\":\"WebSite\",\"@id\":\"https:\\\/\\\/nbrhc.on.ca\\\/#website\",\"url\":\"https:\\\/\\\/nbrhc.on.ca\\\/\",\"name\":\"NBRHC\",\"description\":\"North Bay Regional Health Centre\",\"publisher\":{\"@id\":\"https:\\\/\\\/nbrhc.on.ca\\\/#organization\"},\"potentialAction\":[{\"@type\":\"SearchAction\",\"target\":{\"@type\":\"EntryPoint\",\"urlTemplate\":\"https:\\\/\\\/nbrhc.on.ca\\\/?s={search_term_string}\"},\"query-input\":{\"@type\":\"PropertyValueSpecification\",\"valueRequired\":true,\"valueName\":\"search_term_string\"}}],\"inLanguage\":\"fr-FR\"},{\"@type\":\"Organization\",\"@id\":\"https:\\\/\\\/nbrhc.on.ca\\\/#organization\",\"name\":\"North Bay Regional Health Centre\",\"url\":\"https:\\\/\\\/nbrhc.on.ca\\\/\",\"logo\":{\"@type\":\"ImageObject\",\"inLanguage\":\"fr-FR\",\"@id\":\"https:\\\/\\\/nbrhc.on.ca\\\/#\\\/schema\\\/logo\\\/image\\\/\",\"url\":\"https:\\\/\\\/nbrhc.on.ca\\\/wp-content\\\/uploads\\\/2015\\\/07\\\/logo.jpg\",\"contentUrl\":\"https:\\\/\\\/nbrhc.on.ca\\\/wp-content\\\/uploads\\\/2015\\\/07\\\/logo.jpg\",\"width\":870,\"height\":128,\"caption\":\"North Bay Regional Health Centre\"},\"image\":{\"@id\":\"https:\\\/\\\/nbrhc.on.ca\\\/#\\\/schema\\\/logo\\\/image\\\/\"},\"sameAs\":[\"https:\\\/\\\/www.facebook.com\\\/nbrhc\",\"https:\\\/\\\/x.com\\\/NBRHC\",\"https:\\\/\\\/www.linkedin.com\\\/company\\\/north-bay-regional-health-centre-nbrhc\",\"https:\\\/\\\/www.pinterest.com\\\/nbrhc\",\"https:\\\/\\\/www.youtube.com\\\/TheNBRHC\"]}]}<\/script>\n<!-- \/ Yoast SEO plugin. -->","yoast_head_json":{"title":"Service des troubles du d\u00e9veloppement","description":"Le service des troubles du d\u00e9veloppement offre une \u00e9valuation, une consultation et un traitement psychiatriques aux adultes ayant des troubles du d\u00e9veloppement","robots":{"index":"index","follow":"follow","max-snippet":"max-snippet:-1","max-image-preview":"max-image-preview:large","max-video-preview":"max-video-preview:-1"},"canonical":"https:\/\/nbrhc.on.ca\/fr\/programme-et-services\/programmes-et-services-de-sante-mentale\/programme-regional-specialise-de-sante-mentale\/service-des-troubles-du-developpement\/","og_locale":"fr_FR","og_type":"article","og_title":"Service des troubles du d\u00e9veloppement","og_description":"Le service des troubles du d\u00e9veloppement offre une \u00e9valuation, une consultation et un traitement psychiatriques aux adultes ayant des troubles du d\u00e9veloppement","og_url":"https:\/\/nbrhc.on.ca\/fr\/programme-et-services\/programmes-et-services-de-sante-mentale\/programme-regional-specialise-de-sante-mentale\/service-des-troubles-du-developpement\/","og_site_name":"NBRHC","article_publisher":"https:\/\/www.facebook.com\/nbrhc","article_modified_time":"2025-08-28T13:51:06+00:00","og_image":[{"width":619,"height":619,"url":"https:\/\/nbrhc.on.ca\/wp-content\/uploads\/2015\/07\/icon_col.jpeg","type":"image\/jpeg"}],"twitter_misc":{"Dur\u00e9e de lecture estim\u00e9e":"2 minutes"},"schema":{"@context":"https:\/\/schema.org","@graph":[{"@type":"WebPage","@id":"https:\/\/nbrhc.on.ca\/fr\/programme-et-services\/programmes-et-services-de-sante-mentale\/programme-regional-specialise-de-sante-mentale\/service-des-troubles-du-developpement\/","url":"https:\/\/nbrhc.on.ca\/fr\/programme-et-services\/programmes-et-services-de-sante-mentale\/programme-regional-specialise-de-sante-mentale\/service-des-troubles-du-developpement\/","name":"Service des troubles du d\u00e9veloppement","isPartOf":{"@id":"https:\/\/nbrhc.on.ca\/#website"},"datePublished":"2014-03-26T15:13:12+00:00","dateModified":"2025-08-28T13:51:06+00:00","description":"Le service des troubles du d\u00e9veloppement offre une \u00e9valuation, une consultation et un traitement psychiatriques aux adultes ayant des troubles du d\u00e9veloppement","breadcrumb":{"@id":"https:\/\/nbrhc.on.ca\/fr\/programme-et-services\/programmes-et-services-de-sante-mentale\/programme-regional-specialise-de-sante-mentale\/service-des-troubles-du-developpement\/#breadcrumb"},"inLanguage":"fr-FR","potentialAction":[{"@type":"ReadAction","target":["https:\/\/nbrhc.on.ca\/fr\/programme-et-services\/programmes-et-services-de-sante-mentale\/programme-regional-specialise-de-sante-mentale\/service-des-troubles-du-developpement\/"]}]},{"@type":"BreadcrumbList","@id":"https:\/\/nbrhc.on.ca\/fr\/programme-et-services\/programmes-et-services-de-sante-mentale\/programme-regional-specialise-de-sante-mentale\/service-des-troubles-du-developpement\/#breadcrumb","itemListElement":[{"@type":"ListItem","position":1,"name":"Home","item":"https:\/\/nbrhc.on.ca\/fr\/"},{"@type":"ListItem","position":2,"name":"Programmes et services","item":"https:\/\/nbrhc.on.ca\/fr\/programme-et-services\/"},{"@type":"ListItem","position":3,"name":"Programmes et services de sant\u00e9 mentale","item":"https:\/\/nbrhc.on.ca\/fr\/programme-et-services\/programmes-et-services-de-sante-mentale\/"},{"@type":"ListItem","position":4,"name":"Programme r\u00e9gional sp\u00e9cialis\u00e9 de sant\u00e9 mentale","item":"https:\/\/nbrhc.on.ca\/fr\/programme-et-services\/programmes-et-services-de-sante-mentale\/programme-regional-specialise-de-sante-mentale\/"},{"@type":"ListItem","position":5,"name":"Service des troubles du d\u00e9veloppement"}]},{"@type":"WebSite","@id":"https:\/\/nbrhc.on.ca\/#website","url":"https:\/\/nbrhc.on.ca\/","name":"NBRHC","description":"North Bay Regional Health Centre","publisher":{"@id":"https:\/\/nbrhc.on.ca\/#organization"},"potentialAction":[{"@type":"SearchAction","target":{"@type":"EntryPoint","urlTemplate":"https:\/\/nbrhc.on.ca\/?s={search_term_string}"},"query-input":{"@type":"PropertyValueSpecification","valueRequired":true,"valueName":"search_term_string"}}],"inLanguage":"fr-FR"},{"@type":"Organization","@id":"https:\/\/nbrhc.on.ca\/#organization","name":"North Bay Regional Health Centre","url":"https:\/\/nbrhc.on.ca\/","logo":{"@type":"ImageObject","inLanguage":"fr-FR","@id":"https:\/\/nbrhc.on.ca\/#\/schema\/logo\/image\/","url":"https:\/\/nbrhc.on.ca\/wp-content\/uploads\/2015\/07\/logo.jpg","contentUrl":"https:\/\/nbrhc.on.ca\/wp-content\/uploads\/2015\/07\/logo.jpg","width":870,"height":128,"caption":"North Bay Regional Health Centre"},"image":{"@id":"https:\/\/nbrhc.on.ca\/#\/schema\/logo\/image\/"},"sameAs":["https:\/\/www.facebook.com\/nbrhc","https:\/\/x.com\/NBRHC","https:\/\/www.linkedin.com\/company\/north-bay-regional-health-centre-nbrhc","https:\/\/www.pinterest.com\/nbrhc","https:\/\/www.youtube.com\/TheNBRHC"]}]}},"_links":{"self":[{"href":"https:\/\/nbrhc.on.ca\/fr\/wp-json\/wp\/v2\/pages\/2093","targetHints":{"allow":["GET"]}}],"collection":[{"href":"https:\/\/nbrhc.on.ca\/fr\/wp-json\/wp\/v2\/pages"}],"about":[{"href":"https:\/\/nbrhc.on.ca\/fr\/wp-json\/wp\/v2\/types\/page"}],"author":[{"embeddable":true,"href":"https:\/\/nbrhc.on.ca\/fr\/wp-json\/wp\/v2\/users\/17"}],"replies":[{"embeddable":true,"href":"https:\/\/nbrhc.on.ca\/fr\/wp-json\/wp\/v2\/comments?post=2093"}],"version-history":[{"count":5,"href":"https:\/\/nbrhc.on.ca\/fr\/wp-json\/wp\/v2\/pages\/2093\/revisions"}],"predecessor-version":[{"id":45443,"href":"https:\/\/nbrhc.on.ca\/fr\/wp-json\/wp\/v2\/pages\/2093\/revisions\/45443"}],"up":[{"embeddable":true,"href":"https:\/\/nbrhc.on.ca\/fr\/wp-json\/wp\/v2\/pages\/3003"}],"wp:attachment":[{"href":"https:\/\/nbrhc.on.ca\/fr\/wp-json\/wp\/v2\/media?parent=2093"}],"wp:term":[{"taxonomy":"post_tag","embeddable":true,"href":"https:\/\/nbrhc.on.ca\/fr\/wp-json\/wp\/v2\/tags?post=2093"}],"curies":[{"name":"wp","href":"https:\/\/api.w.org\/{rel}","templated":true}]}}