{"id":2101,"date":"2014-03-26T11:24:04","date_gmt":"2014-03-26T15:24:04","guid":{"rendered":"http:\/\/www.nbrhc.on.ca\/?page_id=2101"},"modified":"2021-10-14T15:18:21","modified_gmt":"2021-10-14T19:18:21","slug":"unite-des-diagnostics-mixtes-pour-patients-hospitalises-birch-lodge","status":"publish","type":"page","link":"https:\/\/nbrhc.on.ca\/fr\/programme-et-services\/programmes-et-services-de-sante-mentale\/programme-regional-specialise-de-sante-mentale\/unite-des-diagnostics-mixtes-pour-patients-hospitalises-birch-lodge\/","title":{"rendered":"Unit\u00e9 des diagnostics mixtes pour patients hospitalis\u00e9s (Pavillon du bouleau et de l\u2019\u00e9rable)"},"content":{"rendered":"<p>Le Pavillon du bouleau et de l\u2019\u00e9rable offre des services d\u2019\u00e9valuation, de traitement et de r\u00e9adaptation \u00e0 court terme (jusqu\u2019\u00e0 18 mois) aux adultes hospitalis\u00e9s aux prises avec un trouble du d\u00e9veloppement de moyen \u00e0 profond et un trouble de sant\u00e9 mentale (diagnostic mixte). Les services ont pour but d\u2019aider les patients \u00e0 s\u2019affirmer en ce qui concerne la planification de leurs soins afin de rehausser la qualit\u00e9 de vie et le mieux-\u00eatre, de r\u00e9duire les probl\u00e8mes d\u2019ordre comportemental, d\u2019apprendre de nouvelles comp\u00e9tences et d\u2019am\u00e9liorer les relations.<\/p>\n<p>Le personnel du Pavillon du bouleau et de l\u2019\u00e9rable :<\/p>\n<ul>\n<li>fournit des services sp\u00e9cialis\u00e9s d\u2019\u00e9valuation et de traitement;<\/li>\n<li>aide les patients \u00e0 garder leur logement et \u00e0 y retourner vivre;<\/li>\n<li>pr\u00e9pare des plans de soins ax\u00e9s sur le patient et la famille qui r\u00e9pondent \u00e0 leurs besoins et auxquels ils peuvent avoir recours une fois de retour dans la communaut\u00e9;<\/li>\n<li>r\u00e9pond aux besoins des patients en \u00e9laborant des programme fond\u00e9s sur leurs int\u00e9r\u00eats et leurs habilet\u00e9s;<\/li>\n<li>tient compte de la personne tout enti\u00e8re dans le contexte de sa vie;<\/li>\n<li>forme une \u00e9quipe interprofessionnelle des plus comp\u00e9tentes qui travaille avec les patients, les familles et les fournisseurs de services communautaires dans le but de favoriser le r\u00e9tablissement et d\u2019att\u00e9nuer les sympt\u00f4mes et les comportements qui font obstacle \u00e0 l\u2019int\u00e9gration communautaire.<\/li>\n<\/ul>\n<p><strong>Crit\u00e8res d\u2019admission<\/strong><\/p>\n<ul>\n<li>Avoir 18 ans ou plus.<\/li>\n<li>Habiter dans la r\u00e9gion desservie par le CRSNB.<\/li>\n<li>\u00catre stable sur plan m\u00e9dical.<\/li>\n<li>Avoir un trouble du d\u00e9veloppement de moyen \u00e0 profond et afficher des comportements qui pourraient \u00eatre attribuables \u00e0 une maladie mentale.<\/li>\n<li>Avoir besoin d\u2019une \u00e9valuation diagnostique et d\u2019un traitement qui ne peuvent pas se faire dans la communaut\u00e9.<\/li>\n<li>Vivre dans un milieu o\u00f9 on ne peut pas garantir que la th\u00e9rapie sera fournie telle qu\u2019elle a \u00e9t\u00e9 prescrite.<\/li>\n<li>Avoir un trouble m\u00e9dical grave qui pourrait compliquer le traitement au moyen de m\u00e9dicaments psychotropes.<\/li>\n<li>Avoir \u00e9puis\u00e9 les ressources offertes par le Service des troubles du d\u00e9veloppement en consultation externe du CRSNB (ou l\u2019\u00e9quivalent \u00e0 Sudbury) ainsi que les services sp\u00e9cialis\u00e9s du MSSC, y compris le R\u00e9seau communautaire de soins sp\u00e9cialis\u00e9s du Nord.<\/li>\n<li>Ne pas faire l\u2019objet d\u2019accusations criminelles ou de restrictions l\u00e9gales, par exemple :\n<ul>\n<li>La personne qui est apte \u00e0 subir son proc\u00e8s n\u2019est pas admissible au Pavillon du bouleau et de l\u2019\u00e9rable.<\/li>\n<li>La personne qui fait l\u2019objet d\u2019accusations en instance n\u2019est pas admissible au Pavillon du bouleau et de l\u2019\u00e9rable.<\/li>\n<li>Si une ordonnance portant d\u00e9cision a \u00e9t\u00e9 r\u00e9solue, la personne pourrait \u00eatre admissible au Pavillon du bouleau et de l\u2019\u00e9rable.<\/li>\n<li>Si l\u2019ordonnance portant d\u00e9cision est encore en vigueur (et met \u00e0 contribution un psychiatre judiciaire et un intervenant), la personne pourrait \u00eatre admissible au Pavillon du bouleau et de l\u2019\u00e9rable dans le cadre d\u2019un partenariat avec ces professionnels. L\u2019admissibilit\u00e9 est d\u00e9termin\u00e9e au cas par cas.<\/li>\n<\/ul>\n<\/li>\n<li>Avoir une lettre d\u2019engagement sign\u00e9e par l\u2019organisme ou le service qui adresse la personne.<\/li>\n<\/ul>\n<p>Pour \u00e9tablir l\u2019ordre de priorit\u00e9 des admissions, nous tenons compte des principes suivants\u00a0:<\/p>\n<ul>\n<li>temps d\u2019attente;<\/li>\n<li>acuit\u00e9;<\/li>\n<li>cat\u00e9gories de patients;<\/li>\n<li>assurer une admission directe dans la mesure du possible (p. ex. de la communaut\u00e9 \u00e0 l\u2019h\u00f4pital);<\/li>\n<li>\u00e9quit\u00e9 r\u00e9gionale.<\/li>\n<\/ul>\n","protected":false},"excerpt":{"rendered":"<p>Le Pavillon du bouleau et de l\u2019\u00e9rable offre des services d\u2019\u00e9valuation, de traitement et de r\u00e9adaptation \u00e0 court terme aux adultes hospitalis\u00e9s aux prises avec un trouble du d\u00e9veloppement de moyen \u00e0 profond et un trouble de sant\u00e9 mentale.<\/p>\n","protected":false},"author":17,"featured_media":0,"parent":3003,"menu_order":0,"comment_status":"open","ping_status":"closed","template":"","meta":{"_acf_changed":false,"_monsterinsights_skip_tracking":false,"_monsterinsights_sitenote_active":false,"_monsterinsights_sitenote_note":"","_monsterinsights_sitenote_category":0,"footnotes":"","_links_to":"","_links_to_target":"","_wp_rev_ctl_limit":""},"tags":[1038,1037,1036,1615,1082,2222,2221,1035,1034,1033,1032],"class_list":["post-2101","page","type-page","status-publish","hentry","tag-birch-fr","tag-birch-lodge-fr","tag-diagnostics-mixtes","tag-erable","tag-pavillon-birch","tag-pavillon-de-lerable","tag-pavillon-du-bouleau","tag-unite-de-diagnostics-mixtes","tag-unite-des-diagnostics-mixtes","tag-unite-des-diagnostics-mixtes-pour-patients-hospitalises","tag-unite-des-diagnostics-mixtes-pour-patients-hospitalises-birch-lodge"],"acf":[],"yoast_head":"<!-- This site is optimized with the Yoast SEO plugin v27.4 - https:\/\/yoast.com\/product\/yoast-seo-wordpress\/ -->\n<title>Unit\u00e9 des diagnostics mixtes pour patients hospitalis\u00e9s (Pavillon du bouleau et de l\u2019\u00e9rable)<\/title>\n<meta name=\"description\" content=\"Birch Maple Lodge offre une \u00e9valuation, un traitement et une r\u00e9adaptation \u00e0 court terme (jusqu&#039;\u00e0 18 mois) aux patients hospitalis\u00e9s\" \/>\n<meta name=\"robots\" content=\"index, follow, max-snippet:-1, max-image-preview:large, max-video-preview:-1\" \/>\n<link rel=\"canonical\" href=\"https:\/\/nbrhc.on.ca\/fr\/programme-et-services\/programmes-et-services-de-sante-mentale\/programme-regional-specialise-de-sante-mentale\/unite-des-diagnostics-mixtes-pour-patients-hospitalises-birch-lodge\/\" \/>\n<meta property=\"og:locale\" content=\"fr_FR\" \/>\n<meta property=\"og:type\" content=\"article\" \/>\n<meta property=\"og:title\" content=\"Unit\u00e9 des diagnostics mixtes pour patients hospitalis\u00e9s (Pavillon du bouleau et de l\u2019\u00e9rable)\" \/>\n<meta property=\"og:description\" content=\"Birch Maple Lodge offre une \u00e9valuation, un traitement et une r\u00e9adaptation \u00e0 court terme (jusqu&#039;\u00e0 18 mois) aux patients hospitalis\u00e9s\" \/>\n<meta property=\"og:url\" content=\"https:\/\/nbrhc.on.ca\/fr\/programme-et-services\/programmes-et-services-de-sante-mentale\/programme-regional-specialise-de-sante-mentale\/unite-des-diagnostics-mixtes-pour-patients-hospitalises-birch-lodge\/\" \/>\n<meta property=\"og:site_name\" content=\"NBRHC\" \/>\n<meta property=\"article:publisher\" content=\"https:\/\/www.facebook.com\/nbrhc\" \/>\n<meta property=\"article:modified_time\" content=\"2021-10-14T19:18:21+00:00\" \/>\n<meta property=\"og:image\" content=\"https:\/\/nbrhc.on.ca\/wp-content\/uploads\/2015\/07\/icon_col.jpeg\" \/>\n\t<meta property=\"og:image:width\" content=\"619\" \/>\n\t<meta property=\"og:image:height\" content=\"619\" \/>\n\t<meta property=\"og:image:type\" content=\"image\/jpeg\" \/>\n<meta name=\"twitter:label1\" content=\"Dur\u00e9e de lecture estim\u00e9e\" \/>\n\t<meta name=\"twitter:data1\" content=\"3 minutes\" \/>\n<script type=\"application\/ld+json\" class=\"yoast-schema-graph\">{\"@context\":\"https:\\\/\\\/schema.org\",\"@graph\":[{\"@type\":\"WebPage\",\"@id\":\"https:\\\/\\\/nbrhc.on.ca\\\/fr\\\/programme-et-services\\\/programmes-et-services-de-sante-mentale\\\/programme-regional-specialise-de-sante-mentale\\\/unite-des-diagnostics-mixtes-pour-patients-hospitalises-birch-lodge\\\/\",\"url\":\"https:\\\/\\\/nbrhc.on.ca\\\/fr\\\/programme-et-services\\\/programmes-et-services-de-sante-mentale\\\/programme-regional-specialise-de-sante-mentale\\\/unite-des-diagnostics-mixtes-pour-patients-hospitalises-birch-lodge\\\/\",\"name\":\"Unit\u00e9 des diagnostics mixtes pour patients hospitalis\u00e9s (Pavillon du bouleau et de l\u2019\u00e9rable)\",\"isPartOf\":{\"@id\":\"https:\\\/\\\/nbrhc.on.ca\\\/#website\"},\"datePublished\":\"2014-03-26T15:24:04+00:00\",\"dateModified\":\"2021-10-14T19:18:21+00:00\",\"description\":\"Birch Maple Lodge offre une \u00e9valuation, un traitement et une r\u00e9adaptation \u00e0 court terme (jusqu'\u00e0 18 mois) aux patients hospitalis\u00e9s\",\"breadcrumb\":{\"@id\":\"https:\\\/\\\/nbrhc.on.ca\\\/fr\\\/programme-et-services\\\/programmes-et-services-de-sante-mentale\\\/programme-regional-specialise-de-sante-mentale\\\/unite-des-diagnostics-mixtes-pour-patients-hospitalises-birch-lodge\\\/#breadcrumb\"},\"inLanguage\":\"fr-FR\",\"potentialAction\":[{\"@type\":\"ReadAction\",\"target\":[\"https:\\\/\\\/nbrhc.on.ca\\\/fr\\\/programme-et-services\\\/programmes-et-services-de-sante-mentale\\\/programme-regional-specialise-de-sante-mentale\\\/unite-des-diagnostics-mixtes-pour-patients-hospitalises-birch-lodge\\\/\"]}]},{\"@type\":\"BreadcrumbList\",\"@id\":\"https:\\\/\\\/nbrhc.on.ca\\\/fr\\\/programme-et-services\\\/programmes-et-services-de-sante-mentale\\\/programme-regional-specialise-de-sante-mentale\\\/unite-des-diagnostics-mixtes-pour-patients-hospitalises-birch-lodge\\\/#breadcrumb\",\"itemListElement\":[{\"@type\":\"ListItem\",\"position\":1,\"name\":\"Home\",\"item\":\"https:\\\/\\\/nbrhc.on.ca\\\/fr\\\/\"},{\"@type\":\"ListItem\",\"position\":2,\"name\":\"Programmes et services\",\"item\":\"https:\\\/\\\/nbrhc.on.ca\\\/fr\\\/programme-et-services\\\/\"},{\"@type\":\"ListItem\",\"position\":3,\"name\":\"Programmes et services de sant\u00e9 mentale\",\"item\":\"https:\\\/\\\/nbrhc.on.ca\\\/fr\\\/programme-et-services\\\/programmes-et-services-de-sante-mentale\\\/\"},{\"@type\":\"ListItem\",\"position\":4,\"name\":\"Programme r\u00e9gional sp\u00e9cialis\u00e9 de sant\u00e9 mentale\",\"item\":\"https:\\\/\\\/nbrhc.on.ca\\\/fr\\\/programme-et-services\\\/programmes-et-services-de-sante-mentale\\\/programme-regional-specialise-de-sante-mentale\\\/\"},{\"@type\":\"ListItem\",\"position\":5,\"name\":\"Unit\u00e9 des diagnostics mixtes pour patients hospitalis\u00e9s (Pavillon du bouleau et de l\u2019\u00e9rable)\"}]},{\"@type\":\"WebSite\",\"@id\":\"https:\\\/\\\/nbrhc.on.ca\\\/#website\",\"url\":\"https:\\\/\\\/nbrhc.on.ca\\\/\",\"name\":\"NBRHC\",\"description\":\"North Bay Regional Health Centre\",\"publisher\":{\"@id\":\"https:\\\/\\\/nbrhc.on.ca\\\/#organization\"},\"potentialAction\":[{\"@type\":\"SearchAction\",\"target\":{\"@type\":\"EntryPoint\",\"urlTemplate\":\"https:\\\/\\\/nbrhc.on.ca\\\/?s={search_term_string}\"},\"query-input\":{\"@type\":\"PropertyValueSpecification\",\"valueRequired\":true,\"valueName\":\"search_term_string\"}}],\"inLanguage\":\"fr-FR\"},{\"@type\":\"Organization\",\"@id\":\"https:\\\/\\\/nbrhc.on.ca\\\/#organization\",\"name\":\"North Bay Regional Health Centre\",\"url\":\"https:\\\/\\\/nbrhc.on.ca\\\/\",\"logo\":{\"@type\":\"ImageObject\",\"inLanguage\":\"fr-FR\",\"@id\":\"https:\\\/\\\/nbrhc.on.ca\\\/#\\\/schema\\\/logo\\\/image\\\/\",\"url\":\"https:\\\/\\\/nbrhc.on.ca\\\/wp-content\\\/uploads\\\/2015\\\/07\\\/logo.jpg\",\"contentUrl\":\"https:\\\/\\\/nbrhc.on.ca\\\/wp-content\\\/uploads\\\/2015\\\/07\\\/logo.jpg\",\"width\":870,\"height\":128,\"caption\":\"North Bay Regional Health Centre\"},\"image\":{\"@id\":\"https:\\\/\\\/nbrhc.on.ca\\\/#\\\/schema\\\/logo\\\/image\\\/\"},\"sameAs\":[\"https:\\\/\\\/www.facebook.com\\\/nbrhc\",\"https:\\\/\\\/x.com\\\/NBRHC\",\"https:\\\/\\\/www.linkedin.com\\\/company\\\/north-bay-regional-health-centre-nbrhc\",\"https:\\\/\\\/www.pinterest.com\\\/nbrhc\",\"https:\\\/\\\/www.youtube.com\\\/TheNBRHC\"]}]}<\/script>\n<!-- \/ Yoast SEO plugin. -->","yoast_head_json":{"title":"Unit\u00e9 des diagnostics mixtes pour patients hospitalis\u00e9s (Pavillon du bouleau et de l\u2019\u00e9rable)","description":"Birch Maple Lodge offre une \u00e9valuation, un traitement et une r\u00e9adaptation \u00e0 court terme (jusqu'\u00e0 18 mois) aux patients hospitalis\u00e9s","robots":{"index":"index","follow":"follow","max-snippet":"max-snippet:-1","max-image-preview":"max-image-preview:large","max-video-preview":"max-video-preview:-1"},"canonical":"https:\/\/nbrhc.on.ca\/fr\/programme-et-services\/programmes-et-services-de-sante-mentale\/programme-regional-specialise-de-sante-mentale\/unite-des-diagnostics-mixtes-pour-patients-hospitalises-birch-lodge\/","og_locale":"fr_FR","og_type":"article","og_title":"Unit\u00e9 des diagnostics mixtes pour patients hospitalis\u00e9s (Pavillon du bouleau et de l\u2019\u00e9rable)","og_description":"Birch Maple Lodge offre une \u00e9valuation, un traitement et une r\u00e9adaptation \u00e0 court terme (jusqu'\u00e0 18 mois) aux patients hospitalis\u00e9s","og_url":"https:\/\/nbrhc.on.ca\/fr\/programme-et-services\/programmes-et-services-de-sante-mentale\/programme-regional-specialise-de-sante-mentale\/unite-des-diagnostics-mixtes-pour-patients-hospitalises-birch-lodge\/","og_site_name":"NBRHC","article_publisher":"https:\/\/www.facebook.com\/nbrhc","article_modified_time":"2021-10-14T19:18:21+00:00","og_image":[{"width":619,"height":619,"url":"https:\/\/nbrhc.on.ca\/wp-content\/uploads\/2015\/07\/icon_col.jpeg","type":"image\/jpeg"}],"twitter_misc":{"Dur\u00e9e de lecture estim\u00e9e":"3 minutes"},"schema":{"@context":"https:\/\/schema.org","@graph":[{"@type":"WebPage","@id":"https:\/\/nbrhc.on.ca\/fr\/programme-et-services\/programmes-et-services-de-sante-mentale\/programme-regional-specialise-de-sante-mentale\/unite-des-diagnostics-mixtes-pour-patients-hospitalises-birch-lodge\/","url":"https:\/\/nbrhc.on.ca\/fr\/programme-et-services\/programmes-et-services-de-sante-mentale\/programme-regional-specialise-de-sante-mentale\/unite-des-diagnostics-mixtes-pour-patients-hospitalises-birch-lodge\/","name":"Unit\u00e9 des diagnostics mixtes pour patients hospitalis\u00e9s (Pavillon du bouleau et de l\u2019\u00e9rable)","isPartOf":{"@id":"https:\/\/nbrhc.on.ca\/#website"},"datePublished":"2014-03-26T15:24:04+00:00","dateModified":"2021-10-14T19:18:21+00:00","description":"Birch Maple Lodge offre une \u00e9valuation, un traitement et une r\u00e9adaptation \u00e0 court terme (jusqu'\u00e0 18 mois) aux patients hospitalis\u00e9s","breadcrumb":{"@id":"https:\/\/nbrhc.on.ca\/fr\/programme-et-services\/programmes-et-services-de-sante-mentale\/programme-regional-specialise-de-sante-mentale\/unite-des-diagnostics-mixtes-pour-patients-hospitalises-birch-lodge\/#breadcrumb"},"inLanguage":"fr-FR","potentialAction":[{"@type":"ReadAction","target":["https:\/\/nbrhc.on.ca\/fr\/programme-et-services\/programmes-et-services-de-sante-mentale\/programme-regional-specialise-de-sante-mentale\/unite-des-diagnostics-mixtes-pour-patients-hospitalises-birch-lodge\/"]}]},{"@type":"BreadcrumbList","@id":"https:\/\/nbrhc.on.ca\/fr\/programme-et-services\/programmes-et-services-de-sante-mentale\/programme-regional-specialise-de-sante-mentale\/unite-des-diagnostics-mixtes-pour-patients-hospitalises-birch-lodge\/#breadcrumb","itemListElement":[{"@type":"ListItem","position":1,"name":"Home","item":"https:\/\/nbrhc.on.ca\/fr\/"},{"@type":"ListItem","position":2,"name":"Programmes et services","item":"https:\/\/nbrhc.on.ca\/fr\/programme-et-services\/"},{"@type":"ListItem","position":3,"name":"Programmes et services de sant\u00e9 mentale","item":"https:\/\/nbrhc.on.ca\/fr\/programme-et-services\/programmes-et-services-de-sante-mentale\/"},{"@type":"ListItem","position":4,"name":"Programme r\u00e9gional sp\u00e9cialis\u00e9 de sant\u00e9 mentale","item":"https:\/\/nbrhc.on.ca\/fr\/programme-et-services\/programmes-et-services-de-sante-mentale\/programme-regional-specialise-de-sante-mentale\/"},{"@type":"ListItem","position":5,"name":"Unit\u00e9 des diagnostics mixtes pour patients hospitalis\u00e9s (Pavillon du bouleau et de l\u2019\u00e9rable)"}]},{"@type":"WebSite","@id":"https:\/\/nbrhc.on.ca\/#website","url":"https:\/\/nbrhc.on.ca\/","name":"NBRHC","description":"North Bay Regional Health Centre","publisher":{"@id":"https:\/\/nbrhc.on.ca\/#organization"},"potentialAction":[{"@type":"SearchAction","target":{"@type":"EntryPoint","urlTemplate":"https:\/\/nbrhc.on.ca\/?s={search_term_string}"},"query-input":{"@type":"PropertyValueSpecification","valueRequired":true,"valueName":"search_term_string"}}],"inLanguage":"fr-FR"},{"@type":"Organization","@id":"https:\/\/nbrhc.on.ca\/#organization","name":"North Bay Regional Health Centre","url":"https:\/\/nbrhc.on.ca\/","logo":{"@type":"ImageObject","inLanguage":"fr-FR","@id":"https:\/\/nbrhc.on.ca\/#\/schema\/logo\/image\/","url":"https:\/\/nbrhc.on.ca\/wp-content\/uploads\/2015\/07\/logo.jpg","contentUrl":"https:\/\/nbrhc.on.ca\/wp-content\/uploads\/2015\/07\/logo.jpg","width":870,"height":128,"caption":"North Bay Regional Health Centre"},"image":{"@id":"https:\/\/nbrhc.on.ca\/#\/schema\/logo\/image\/"},"sameAs":["https:\/\/www.facebook.com\/nbrhc","https:\/\/x.com\/NBRHC","https:\/\/www.linkedin.com\/company\/north-bay-regional-health-centre-nbrhc","https:\/\/www.pinterest.com\/nbrhc","https:\/\/www.youtube.com\/TheNBRHC"]}]}},"_links":{"self":[{"href":"https:\/\/nbrhc.on.ca\/fr\/wp-json\/wp\/v2\/pages\/2101","targetHints":{"allow":["GET"]}}],"collection":[{"href":"https:\/\/nbrhc.on.ca\/fr\/wp-json\/wp\/v2\/pages"}],"about":[{"href":"https:\/\/nbrhc.on.ca\/fr\/wp-json\/wp\/v2\/types\/page"}],"author":[{"embeddable":true,"href":"https:\/\/nbrhc.on.ca\/fr\/wp-json\/wp\/v2\/users\/17"}],"replies":[{"embeddable":true,"href":"https:\/\/nbrhc.on.ca\/fr\/wp-json\/wp\/v2\/comments?post=2101"}],"version-history":[{"count":3,"href":"https:\/\/nbrhc.on.ca\/fr\/wp-json\/wp\/v2\/pages\/2101\/revisions"}],"predecessor-version":[{"id":27891,"href":"https:\/\/nbrhc.on.ca\/fr\/wp-json\/wp\/v2\/pages\/2101\/revisions\/27891"}],"up":[{"embeddable":true,"href":"https:\/\/nbrhc.on.ca\/fr\/wp-json\/wp\/v2\/pages\/3003"}],"wp:attachment":[{"href":"https:\/\/nbrhc.on.ca\/fr\/wp-json\/wp\/v2\/media?parent=2101"}],"wp:term":[{"taxonomy":"post_tag","embeddable":true,"href":"https:\/\/nbrhc.on.ca\/fr\/wp-json\/wp\/v2\/tags?post=2101"}],"curies":[{"name":"wp","href":"https:\/\/api.w.org\/{rel}","templated":true}]}}