{"id":2105,"date":"2014-03-26T11:26:47","date_gmt":"2014-03-26T15:26:47","guid":{"rendered":"http:\/\/www.nbrhc.on.ca\/?page_id=2105"},"modified":"2025-09-16T09:15:07","modified_gmt":"2025-09-16T13:15:07","slug":"intervention-precoce-en-psychose-patients-externes","status":"publish","type":"page","link":"https:\/\/nbrhc.on.ca\/fr\/programme-et-services\/programmes-et-services-de-sante-mentale\/sante-mentale-et-lutte-contre-la-toxicomanie\/acute-mental-health-services-french\/intervention-precoce-en-psychose-patients-externes\/","title":{"rendered":"Programme d\u2019intervention pr\u00e9coce en psychose de Nipissing"},"content":{"rendered":"<h2>Qu\u2019est-ce que la psychose?<\/h2>\n<p>La psychose est un trouble m\u00e9dical traitable qui touche le cerveau. Les gens qui pr\u00e9sentent des sympt\u00f4mes de psychose ont du mal \u00e0 faire la diff\u00e9rence entre ce qui est r\u00e9el et ce qui ne l\u2019est pas et perdent en quelque sorte le contact avec la r\u00e9alit\u00e9.<\/p>\n<p>L\u2019exp\u00e9rience de chaque personne atteinte de psychose est unique. Les sympt\u00f4mes courants de la psychose semblent tr\u00e8s r\u00e9els et comprennent les hallucinations, le d\u00e9lire (croyances erron\u00e9es), la parano\u00efa ou une d\u00e9sorganisation de la pens\u00e9e et de la parole.<\/p>\n<h2>Qui est atteint de psychose?<\/h2>\n<p>La psychose peut toucher les personnes de tous les milieux culturels et socio\u00e9conomiques. Environ 3 % des gens vivront un \u00e9pisode de psychose au cours de leur vie, bien que le premier \u00e9pisode survienne habituellement \u00e0 l\u2019adolescence ou au d\u00e9but de la vie d\u2019adulte.<\/p>\n<h2>Avantages du traitement pr\u00e9coce<\/h2>\n<p>Traiter la psychose le plus t\u00f4t possible augmente la probabilit\u00e9 d\u2019un r\u00e9tablissement complet et r\u00e9duit le risque de r\u00e9cidive ou d\u2019hospitalisation. L\u2019intervention pr\u00e9coce permet aux gens de continuer \u00e0 travailler \u00e0 la r\u00e9alisation de leurs objectifs actuels et futurs et d\u2019entretenir des relations gratifiantes avec les membres de leur famille et leurs amis.<\/p>\n<h2>Qu\u2019offre le Programme d\u2019intervention pr\u00e9coce en psychose?<\/h2>\n<p>Le Programme d\u2019intervention pr\u00e9coce en psychose aide les gens pendant une p\u00e9riode maximale de trois ans. Il adopte un mod\u00e8le de soins sp\u00e9cialis\u00e9s coordonn\u00e9 et comprend des services de soins infirmiers, des services de travail social et du soutien psychiatrique.<\/p>\n<p><strong>Ce \u00e0 quoi vous pouvez vous attendre :<\/strong><\/p>\n<ul>\n<li>strat\u00e9gies pour g\u00e9rer les sympt\u00f4mes de sant\u00e9 mentale<\/li>\n<li>rendez-vous m\u00e9dicaux r\u00e9guliers avec un psychiatre<\/li>\n<li>surveillance du m\u00e9tabolisme et administration d\u2019injections \u00e0 action prolong\u00e9e, au besoin<\/li>\n<li>soutien en mati\u00e8re de gestion de cas<\/li>\n<li>\u00e9ducation et soutien offerts \u00e0 la famille<\/li>\n<li>renvois vers des services communautaires<\/li>\n<\/ul>\n<h2>Comment obtenir du soutien<\/h2>\n<p>Le Programme d\u2019intervention pr\u00e9coce en psychose aide les adolescents et les jeunes adultes \u00e2g\u00e9s de 35 ans et moins qui :<\/p>\n<ul>\n<li>pr\u00e9sentent des sympt\u00f4mes ou des signes pr\u00e9coces de psychose<\/li>\n<li>vivent un premier \u00e9pisode de psychose<\/li>\n<li>ont re\u00e7u un nombre limit\u00e9 de traitements et d\u2019interventions pour leurs sympt\u00f4mes de psychose<\/li>\n<li>vivent dans le district de Nipissing<\/li>\n<\/ul>\n<p>Nous acceptons les demandes de services de toutes les sources, y compris les \u00e9coles, les organismes communautaires, les h\u00f4pitaux et les fournisseurs de soins primaires. Une personne peut elle-m\u00eame pr\u00e9senter une demande de services au programme ou y \u00eatre renvoy\u00e9e par un \u00eatre cher. La participation au programme est volontaire et il est n\u00e9cessaire d\u2019obtenir le consentement de la personne recommand\u00e9e au pr\u00e9alable.<\/p>\n<h2>Que se passe-t-il apr\u00e8s la r\u00e9ception de la demande de services?<\/h2>\n<p>Une fois que la demande de services a \u00e9t\u00e9 re\u00e7ue, elle est \u00e9tudi\u00e9e par l\u2019\u00e9quipe du programme.<\/p>\n<p>En vue d\u2019\u00e9valuer si le Programme d\u2019intervention pr\u00e9coce en psychose convient \u00e0 la personne, il est possible que l\u2019on pr\u00e9voie un rendez-vous avec un clinicien du programme et une consultation psychiatrique.<\/p>\n<p>&nbsp;<\/p>\n<p>Pour obtenir plus de renseignements, visiter :<br \/>\n<a href=\"https:\/\/www.psychosis101.ca\" target=\"_blank\" rel=\"noopener\">www.psychosis101.ca<\/a><br \/>\n<a href=\"https:\/\/nbrhc.on.ca\/fr\/\">www.nbrhc.on.ca<\/a><\/p>\n","protected":false},"excerpt":{"rendered":"<p>Qu\u2019est-ce que la psychose? La psychose est un trouble m\u00e9dical traitable qui touche le cerveau. Les gens qui pr\u00e9sentent des sympt\u00f4mes de psychose ont du mal \u00e0 faire la diff\u00e9rence [&hellip;]<\/p>\n","protected":false},"author":17,"featured_media":0,"parent":6581,"menu_order":0,"comment_status":"open","ping_status":"closed","template":"","meta":{"_acf_changed":false,"_monsterinsights_skip_tracking":false,"_monsterinsights_sitenote_active":false,"_monsterinsights_sitenote_note":"","_monsterinsights_sitenote_category":0,"footnotes":"","_links_to":"","_links_to_target":"","_wp_rev_ctl_limit":""},"tags":[2213,2212,996],"class_list":["post-2105","page","type-page","status-publish","hentry","tag-ipp","tag-programme-dintervention-precoce-en-psychose","tag-psychose"],"acf":[],"yoast_head":"<!-- This site is optimized with the Yoast SEO plugin v27.4 - https:\/\/yoast.com\/product\/yoast-seo-wordpress\/ -->\n<title>Programme d\u2019intervention pr\u00e9coce en psychose de Nipissing<\/title>\n<meta name=\"description\" content=\"EIP s&#039;adresse aux personnes \u00e2g\u00e9es de 17 \u00e0 35 ans qui souffrent de psychose et qui n&#039;ont pas \u00e9t\u00e9 trait\u00e9es depuis plus d&#039;un an\" \/>\n<meta name=\"robots\" content=\"index, follow, max-snippet:-1, max-image-preview:large, max-video-preview:-1\" \/>\n<link rel=\"canonical\" href=\"https:\/\/nbrhc.on.ca\/fr\/programme-et-services\/programmes-et-services-de-sante-mentale\/sante-mentale-et-lutte-contre-la-toxicomanie\/acute-mental-health-services-french\/intervention-precoce-en-psychose-patients-externes\/\" \/>\n<meta property=\"og:locale\" content=\"fr_FR\" \/>\n<meta property=\"og:type\" content=\"article\" \/>\n<meta property=\"og:title\" content=\"Programme d\u2019intervention pr\u00e9coce en psychose de Nipissing\" \/>\n<meta property=\"og:description\" content=\"EIP s&#039;adresse aux personnes \u00e2g\u00e9es de 17 \u00e0 35 ans qui souffrent de psychose et qui n&#039;ont pas \u00e9t\u00e9 trait\u00e9es depuis plus d&#039;un an\" \/>\n<meta property=\"og:url\" content=\"https:\/\/nbrhc.on.ca\/fr\/programme-et-services\/programmes-et-services-de-sante-mentale\/sante-mentale-et-lutte-contre-la-toxicomanie\/acute-mental-health-services-french\/intervention-precoce-en-psychose-patients-externes\/\" \/>\n<meta property=\"og:site_name\" content=\"NBRHC\" \/>\n<meta property=\"article:publisher\" content=\"https:\/\/www.facebook.com\/nbrhc\" \/>\n<meta property=\"article:modified_time\" content=\"2025-09-16T13:15:07+00:00\" \/>\n<meta property=\"og:image\" content=\"https:\/\/nbrhc.on.ca\/wp-content\/uploads\/2015\/07\/icon_col.jpeg\" \/>\n\t<meta property=\"og:image:width\" content=\"619\" \/>\n\t<meta property=\"og:image:height\" content=\"619\" \/>\n\t<meta property=\"og:image:type\" content=\"image\/jpeg\" \/>\n<meta name=\"twitter:label1\" content=\"Dur\u00e9e de lecture estim\u00e9e\" \/>\n\t<meta name=\"twitter:data1\" content=\"3 minutes\" \/>\n<script type=\"application\/ld+json\" class=\"yoast-schema-graph\">{\"@context\":\"https:\\\/\\\/schema.org\",\"@graph\":[{\"@type\":\"WebPage\",\"@id\":\"https:\\\/\\\/nbrhc.on.ca\\\/fr\\\/programme-et-services\\\/programmes-et-services-de-sante-mentale\\\/sante-mentale-et-lutte-contre-la-toxicomanie\\\/acute-mental-health-services-french\\\/intervention-precoce-en-psychose-patients-externes\\\/\",\"url\":\"https:\\\/\\\/nbrhc.on.ca\\\/fr\\\/programme-et-services\\\/programmes-et-services-de-sante-mentale\\\/sante-mentale-et-lutte-contre-la-toxicomanie\\\/acute-mental-health-services-french\\\/intervention-precoce-en-psychose-patients-externes\\\/\",\"name\":\"Programme d\u2019intervention pr\u00e9coce en psychose de Nipissing\",\"isPartOf\":{\"@id\":\"https:\\\/\\\/nbrhc.on.ca\\\/#website\"},\"datePublished\":\"2014-03-26T15:26:47+00:00\",\"dateModified\":\"2025-09-16T13:15:07+00:00\",\"description\":\"EIP s'adresse aux personnes \u00e2g\u00e9es de 17 \u00e0 35 ans qui souffrent de psychose et qui n'ont pas \u00e9t\u00e9 trait\u00e9es depuis plus d'un an\",\"breadcrumb\":{\"@id\":\"https:\\\/\\\/nbrhc.on.ca\\\/fr\\\/programme-et-services\\\/programmes-et-services-de-sante-mentale\\\/sante-mentale-et-lutte-contre-la-toxicomanie\\\/acute-mental-health-services-french\\\/intervention-precoce-en-psychose-patients-externes\\\/#breadcrumb\"},\"inLanguage\":\"fr-FR\",\"potentialAction\":[{\"@type\":\"ReadAction\",\"target\":[\"https:\\\/\\\/nbrhc.on.ca\\\/fr\\\/programme-et-services\\\/programmes-et-services-de-sante-mentale\\\/sante-mentale-et-lutte-contre-la-toxicomanie\\\/acute-mental-health-services-french\\\/intervention-precoce-en-psychose-patients-externes\\\/\"]}]},{\"@type\":\"BreadcrumbList\",\"@id\":\"https:\\\/\\\/nbrhc.on.ca\\\/fr\\\/programme-et-services\\\/programmes-et-services-de-sante-mentale\\\/sante-mentale-et-lutte-contre-la-toxicomanie\\\/acute-mental-health-services-french\\\/intervention-precoce-en-psychose-patients-externes\\\/#breadcrumb\",\"itemListElement\":[{\"@type\":\"ListItem\",\"position\":1,\"name\":\"Home\",\"item\":\"https:\\\/\\\/nbrhc.on.ca\\\/fr\\\/\"},{\"@type\":\"ListItem\",\"position\":2,\"name\":\"Programmes et services\",\"item\":\"https:\\\/\\\/nbrhc.on.ca\\\/fr\\\/programme-et-services\\\/\"},{\"@type\":\"ListItem\",\"position\":3,\"name\":\"Programmes et services de sant\u00e9 mentale\",\"item\":\"https:\\\/\\\/nbrhc.on.ca\\\/fr\\\/programme-et-services\\\/programmes-et-services-de-sante-mentale\\\/\"},{\"@type\":\"ListItem\",\"position\":4,\"name\":\"Sant\u00e9 mentale et lutte contre la toxicomanie\",\"item\":\"https:\\\/\\\/nbrhc.on.ca\\\/fr\\\/programme-et-services\\\/programmes-et-services-de-sante-mentale\\\/sante-mentale-et-lutte-contre-la-toxicomanie\\\/\"},{\"@type\":\"ListItem\",\"position\":5,\"name\":\"Services actifs en sant\u00e9 mentale\",\"item\":\"https:\\\/\\\/nbrhc.on.ca\\\/fr\\\/programme-et-services\\\/programmes-et-services-de-sante-mentale\\\/sante-mentale-et-lutte-contre-la-toxicomanie\\\/acute-mental-health-services-french\\\/\"},{\"@type\":\"ListItem\",\"position\":6,\"name\":\"Programme d\u2019intervention pr\u00e9coce en psychose de Nipissing\"}]},{\"@type\":\"WebSite\",\"@id\":\"https:\\\/\\\/nbrhc.on.ca\\\/#website\",\"url\":\"https:\\\/\\\/nbrhc.on.ca\\\/\",\"name\":\"NBRHC\",\"description\":\"North Bay Regional Health Centre\",\"publisher\":{\"@id\":\"https:\\\/\\\/nbrhc.on.ca\\\/#organization\"},\"potentialAction\":[{\"@type\":\"SearchAction\",\"target\":{\"@type\":\"EntryPoint\",\"urlTemplate\":\"https:\\\/\\\/nbrhc.on.ca\\\/?s={search_term_string}\"},\"query-input\":{\"@type\":\"PropertyValueSpecification\",\"valueRequired\":true,\"valueName\":\"search_term_string\"}}],\"inLanguage\":\"fr-FR\"},{\"@type\":\"Organization\",\"@id\":\"https:\\\/\\\/nbrhc.on.ca\\\/#organization\",\"name\":\"North Bay Regional Health Centre\",\"url\":\"https:\\\/\\\/nbrhc.on.ca\\\/\",\"logo\":{\"@type\":\"ImageObject\",\"inLanguage\":\"fr-FR\",\"@id\":\"https:\\\/\\\/nbrhc.on.ca\\\/#\\\/schema\\\/logo\\\/image\\\/\",\"url\":\"https:\\\/\\\/nbrhc.on.ca\\\/wp-content\\\/uploads\\\/2015\\\/07\\\/logo.jpg\",\"contentUrl\":\"https:\\\/\\\/nbrhc.on.ca\\\/wp-content\\\/uploads\\\/2015\\\/07\\\/logo.jpg\",\"width\":870,\"height\":128,\"caption\":\"North Bay Regional Health Centre\"},\"image\":{\"@id\":\"https:\\\/\\\/nbrhc.on.ca\\\/#\\\/schema\\\/logo\\\/image\\\/\"},\"sameAs\":[\"https:\\\/\\\/www.facebook.com\\\/nbrhc\",\"https:\\\/\\\/x.com\\\/NBRHC\",\"https:\\\/\\\/www.linkedin.com\\\/company\\\/north-bay-regional-health-centre-nbrhc\",\"https:\\\/\\\/www.pinterest.com\\\/nbrhc\",\"https:\\\/\\\/www.youtube.com\\\/TheNBRHC\"]}]}<\/script>\n<!-- \/ Yoast SEO plugin. -->","yoast_head_json":{"title":"Programme d\u2019intervention pr\u00e9coce en psychose de Nipissing","description":"EIP s'adresse aux personnes \u00e2g\u00e9es de 17 \u00e0 35 ans qui souffrent de psychose et qui n'ont pas \u00e9t\u00e9 trait\u00e9es depuis plus d'un an","robots":{"index":"index","follow":"follow","max-snippet":"max-snippet:-1","max-image-preview":"max-image-preview:large","max-video-preview":"max-video-preview:-1"},"canonical":"https:\/\/nbrhc.on.ca\/fr\/programme-et-services\/programmes-et-services-de-sante-mentale\/sante-mentale-et-lutte-contre-la-toxicomanie\/acute-mental-health-services-french\/intervention-precoce-en-psychose-patients-externes\/","og_locale":"fr_FR","og_type":"article","og_title":"Programme d\u2019intervention pr\u00e9coce en psychose de Nipissing","og_description":"EIP s'adresse aux personnes \u00e2g\u00e9es de 17 \u00e0 35 ans qui souffrent de psychose et qui n'ont pas \u00e9t\u00e9 trait\u00e9es depuis plus d'un an","og_url":"https:\/\/nbrhc.on.ca\/fr\/programme-et-services\/programmes-et-services-de-sante-mentale\/sante-mentale-et-lutte-contre-la-toxicomanie\/acute-mental-health-services-french\/intervention-precoce-en-psychose-patients-externes\/","og_site_name":"NBRHC","article_publisher":"https:\/\/www.facebook.com\/nbrhc","article_modified_time":"2025-09-16T13:15:07+00:00","og_image":[{"width":619,"height":619,"url":"https:\/\/nbrhc.on.ca\/wp-content\/uploads\/2015\/07\/icon_col.jpeg","type":"image\/jpeg"}],"twitter_misc":{"Dur\u00e9e de lecture estim\u00e9e":"3 minutes"},"schema":{"@context":"https:\/\/schema.org","@graph":[{"@type":"WebPage","@id":"https:\/\/nbrhc.on.ca\/fr\/programme-et-services\/programmes-et-services-de-sante-mentale\/sante-mentale-et-lutte-contre-la-toxicomanie\/acute-mental-health-services-french\/intervention-precoce-en-psychose-patients-externes\/","url":"https:\/\/nbrhc.on.ca\/fr\/programme-et-services\/programmes-et-services-de-sante-mentale\/sante-mentale-et-lutte-contre-la-toxicomanie\/acute-mental-health-services-french\/intervention-precoce-en-psychose-patients-externes\/","name":"Programme d\u2019intervention pr\u00e9coce en psychose de Nipissing","isPartOf":{"@id":"https:\/\/nbrhc.on.ca\/#website"},"datePublished":"2014-03-26T15:26:47+00:00","dateModified":"2025-09-16T13:15:07+00:00","description":"EIP s'adresse aux personnes \u00e2g\u00e9es de 17 \u00e0 35 ans qui souffrent de psychose et qui n'ont pas \u00e9t\u00e9 trait\u00e9es depuis plus d'un an","breadcrumb":{"@id":"https:\/\/nbrhc.on.ca\/fr\/programme-et-services\/programmes-et-services-de-sante-mentale\/sante-mentale-et-lutte-contre-la-toxicomanie\/acute-mental-health-services-french\/intervention-precoce-en-psychose-patients-externes\/#breadcrumb"},"inLanguage":"fr-FR","potentialAction":[{"@type":"ReadAction","target":["https:\/\/nbrhc.on.ca\/fr\/programme-et-services\/programmes-et-services-de-sante-mentale\/sante-mentale-et-lutte-contre-la-toxicomanie\/acute-mental-health-services-french\/intervention-precoce-en-psychose-patients-externes\/"]}]},{"@type":"BreadcrumbList","@id":"https:\/\/nbrhc.on.ca\/fr\/programme-et-services\/programmes-et-services-de-sante-mentale\/sante-mentale-et-lutte-contre-la-toxicomanie\/acute-mental-health-services-french\/intervention-precoce-en-psychose-patients-externes\/#breadcrumb","itemListElement":[{"@type":"ListItem","position":1,"name":"Home","item":"https:\/\/nbrhc.on.ca\/fr\/"},{"@type":"ListItem","position":2,"name":"Programmes et services","item":"https:\/\/nbrhc.on.ca\/fr\/programme-et-services\/"},{"@type":"ListItem","position":3,"name":"Programmes et services de sant\u00e9 mentale","item":"https:\/\/nbrhc.on.ca\/fr\/programme-et-services\/programmes-et-services-de-sante-mentale\/"},{"@type":"ListItem","position":4,"name":"Sant\u00e9 mentale et lutte contre la toxicomanie","item":"https:\/\/nbrhc.on.ca\/fr\/programme-et-services\/programmes-et-services-de-sante-mentale\/sante-mentale-et-lutte-contre-la-toxicomanie\/"},{"@type":"ListItem","position":5,"name":"Services actifs en sant\u00e9 mentale","item":"https:\/\/nbrhc.on.ca\/fr\/programme-et-services\/programmes-et-services-de-sante-mentale\/sante-mentale-et-lutte-contre-la-toxicomanie\/acute-mental-health-services-french\/"},{"@type":"ListItem","position":6,"name":"Programme d\u2019intervention pr\u00e9coce en psychose de Nipissing"}]},{"@type":"WebSite","@id":"https:\/\/nbrhc.on.ca\/#website","url":"https:\/\/nbrhc.on.ca\/","name":"NBRHC","description":"North Bay Regional Health Centre","publisher":{"@id":"https:\/\/nbrhc.on.ca\/#organization"},"potentialAction":[{"@type":"SearchAction","target":{"@type":"EntryPoint","urlTemplate":"https:\/\/nbrhc.on.ca\/?s={search_term_string}"},"query-input":{"@type":"PropertyValueSpecification","valueRequired":true,"valueName":"search_term_string"}}],"inLanguage":"fr-FR"},{"@type":"Organization","@id":"https:\/\/nbrhc.on.ca\/#organization","name":"North Bay Regional Health Centre","url":"https:\/\/nbrhc.on.ca\/","logo":{"@type":"ImageObject","inLanguage":"fr-FR","@id":"https:\/\/nbrhc.on.ca\/#\/schema\/logo\/image\/","url":"https:\/\/nbrhc.on.ca\/wp-content\/uploads\/2015\/07\/logo.jpg","contentUrl":"https:\/\/nbrhc.on.ca\/wp-content\/uploads\/2015\/07\/logo.jpg","width":870,"height":128,"caption":"North Bay Regional Health Centre"},"image":{"@id":"https:\/\/nbrhc.on.ca\/#\/schema\/logo\/image\/"},"sameAs":["https:\/\/www.facebook.com\/nbrhc","https:\/\/x.com\/NBRHC","https:\/\/www.linkedin.com\/company\/north-bay-regional-health-centre-nbrhc","https:\/\/www.pinterest.com\/nbrhc","https:\/\/www.youtube.com\/TheNBRHC"]}]}},"_links":{"self":[{"href":"https:\/\/nbrhc.on.ca\/fr\/wp-json\/wp\/v2\/pages\/2105","targetHints":{"allow":["GET"]}}],"collection":[{"href":"https:\/\/nbrhc.on.ca\/fr\/wp-json\/wp\/v2\/pages"}],"about":[{"href":"https:\/\/nbrhc.on.ca\/fr\/wp-json\/wp\/v2\/types\/page"}],"author":[{"embeddable":true,"href":"https:\/\/nbrhc.on.ca\/fr\/wp-json\/wp\/v2\/users\/17"}],"replies":[{"embeddable":true,"href":"https:\/\/nbrhc.on.ca\/fr\/wp-json\/wp\/v2\/comments?post=2105"}],"version-history":[{"count":4,"href":"https:\/\/nbrhc.on.ca\/fr\/wp-json\/wp\/v2\/pages\/2105\/revisions"}],"predecessor-version":[{"id":45583,"href":"https:\/\/nbrhc.on.ca\/fr\/wp-json\/wp\/v2\/pages\/2105\/revisions\/45583"}],"up":[{"embeddable":true,"href":"https:\/\/nbrhc.on.ca\/fr\/wp-json\/wp\/v2\/pages\/6581"}],"wp:attachment":[{"href":"https:\/\/nbrhc.on.ca\/fr\/wp-json\/wp\/v2\/media?parent=2105"}],"wp:term":[{"taxonomy":"post_tag","embeddable":true,"href":"https:\/\/nbrhc.on.ca\/fr\/wp-json\/wp\/v2\/tags?post=2105"}],"curies":[{"name":"wp","href":"https:\/\/api.w.org\/{rel}","templated":true}]}}