{"id":2239,"date":"2014-03-27T15:43:00","date_gmt":"2014-03-27T19:43:00","guid":{"rendered":"http:\/\/www.nbrhc.on.ca\/?page_id=2239"},"modified":"2021-11-12T10:44:41","modified_gmt":"2021-11-12T15:44:41","slug":"service-regional-dintervention-precoce-en-psychose","status":"publish","type":"page","link":"https:\/\/nbrhc.on.ca\/fr\/programme-et-services\/programmes-et-services-de-sante-mentale\/regional-outreach-seniors-mental-health-program\/service-regional-dintervention-precoce-en-psychose\/","title":{"rendered":"Service r\u00e9gional d&rsquo;intervention pr\u00e9coce en psychose"},"content":{"rendered":"<p>Le Service r\u00e9gional d&rsquo;intervention pr\u00e9coce en psychose (SRIP) fait partie du Programme Regional Outreach du CRSNB. Il vise \u00e0 cr\u00e9er un syst\u00e8me d&rsquo;appui permettant aux gens souffrant d&rsquo;un premier \u00e9pisode psychotique de poursuivre leurs objectifs et de maximiser les possibilit\u00e9s de perfectionnement professionnel.<\/p>\n<p>Le SRIP offre des services d&rsquo;intervention r\u00e9gionaux afin de coordonner, d&rsquo;appuyer et d&rsquo;am\u00e9liorer les services d&rsquo;intervention pr\u00e9coce en psychose dans tout le Nord-Est ontarien. On veut ainsi int\u00e9grer deux syst\u00e8mes, \u00e0 savoir de district et r\u00e9gional, et cerner les lacunes existantes en mati\u00e8re de services aux gens vivant un premier \u00e9pisode psychotique. Par l&rsquo;entremise de partenariats et d&rsquo;ententes de services, on y assure l&rsquo;efficacit\u00e9 et la pertinence des services d&rsquo;intervention pr\u00e9coce. Les volets de planification sont ax\u00e9s sur les activit\u00e9s permettant le d\u00e9pistage pr\u00e9coce des psychoses, l&rsquo;acc\u00e8s \u00e0 des services \u00e9quitables et leur normalisation dans tout le Nord-Est pour que les gens aient acc\u00e8s \u00e9quitablement \u00e0 des services sp\u00e9cialis\u00e9s au moyen de recherches actuelles et de pratiques exemplaires factuelles. Le mod\u00e8le adopt\u00e9 par le programme r\u00e9gional offre aux partenaires et aux familles du district les ressources et les soutiens permettant d&rsquo;appuyer les gens vivant des \u00e9pisodes de psychose afin que la gravit\u00e9 de ces derniers diminue et que l&rsquo;on augmente la capacit\u00e9 de r\u00e9tablissement optimal.<\/p>\n<h2>Services<\/h2>\n<p>Ce programme a pour fonction principale d&rsquo;appuyer l&rsquo;\u00e9laboration de programmes sp\u00e9cialis\u00e9s de district et d&rsquo;offrir des ressources dans le domaine. Il est responsable de la diffusion des lignes directrices sur les pratiques exemplaires factuelles, des protocoles, des ressources, des lignes directrices courantes de proc\u00e9dure, de la formation sp\u00e9cialis\u00e9e et de l&rsquo;information aux programmes d&rsquo;intervention pr\u00e9coce de district en psychose. De plus, le programme appuie un r\u00e9seau de consultation des pairs, de communication et de partage de ressources pour les cliniciennes et cliniciens du Nord-Est. Il n&rsquo;offre pas de services directs \u00e0 la client\u00e8le, mais les soins sont am\u00e9lior\u00e9s par l&rsquo;entremise de la supervision et de la consultation cliniques aupr\u00e8s des cliniciennes et des cliniciens de district.<\/p>\n<h2>Processus de renvoi<\/h2>\n<p>Les demandes de services portant sur l&rsquo;\u00e9valuation de particuliers, des traitements et des interventions directes sont faites aupr\u00e8s des fournisseurs de services de district de la r\u00e9gion. Le programme re\u00e7oit les demandes d&rsquo;information, de renseignements et de soutien familial de l&rsquo;ensemble des particuliers et des organismes du Nord-Est de la r\u00e9gion, et ce, par t\u00e9l\u00e9phone ou par courriel.<\/p>\n<h3>Coordonn\u00e9es pour les renvois :<\/h3>\n<p>Pour obtenir de l&rsquo;aide ou pour recommander quelqu&rsquo;un, veuillez communiquer avec l&rsquo;organisme le plus proche.<\/p>\n<p><strong>Muskoka-Parry Sound<\/strong><br \/>\nAssociation canadienne pour la sant\u00e9 mentale de<br \/>\nMuskoka-Parry Sound<br \/>\nBureau de Muskoka &#8211; T\u00e9l. : 705 645-2262 ou 1 800 245-5036<br \/>\nBureau de Parry Sound &#8211; T\u00e9l. : 705 746-4264 ou 1 866 829-7049<\/p>\n<p><strong>Cochrane, Iroquois Falls, Matheson<\/strong><br \/>\nCentre de counselling Minto<br \/>\nCochrane &#8211; T\u00e9l. : 705 272-4245<br \/>\nIroquois Falls\/Matheson &#8211; T\u00e9l. : 705 258-2212<\/p>\n<p><strong>Kapuskasing, Hearst<\/strong><br \/>\nServices de counselling HKS<br \/>\nKapuskasing &#8211; T\u00e9l. : 705 335-8468<br \/>\nHearst &#8211; T\u00e9l. : 705 372-1933<\/p>\n<p><strong>C\u00f4te de la baie James<\/strong><br \/>\nWeeneebayko Area Health Authority<br \/>\nMoosonee &#8211; T\u00e9l. : 1 877 336-2164 poste 423<br \/>\nAttawapiskat &#8211; T\u00e9l. : 705 997-2323<\/p>\n<p><strong>Timmins, New Liskeard, Kirkland Lake<\/strong><br \/>\nAssociation canadienne pour la sant\u00e9 mentale<br \/>\nBureau de Timmins &#8211; T\u00e9l. : 705 267-8100 poste 2251<br \/>\nBureau de New Liskeard &#8211; T\u00e9l. : 705 647-4444<br \/>\nBureau de Kirkland Lake &#8211; T\u00e9l. : 705 567-9596 poste 4250<\/p>\n<p><strong>North Bay<\/strong><br \/>\nCentre r\u00e9gional de sant\u00e9 de North Bay<br \/>\nT\u00e9l. : 705 494-3050 poste 6322 ou 6334<\/p>\n<p><strong>Sault-Ste-Marie<\/strong><br \/>\nH\u00f4pital de Sault-Sainte-Marie, Programme STEP<br \/>\nT\u00e9l. : 705 759-3434 poste 7022 ou 7025<\/p>\n<p><strong>Sudbury<\/strong><br \/>\nHorizon Sant\u00e9-Nord, Programme communautaire de sant\u00e9 mentale<br \/>\nT\u00e9l. : 705 523-4988 poste 4265 ou 4399<\/p>\n","protected":false},"excerpt":{"rendered":"<p>Il vise \u00e0 cr\u00e9er un syst\u00e8me d&rsquo;appui permettant aux gens souffrant d&rsquo;un premier \u00e9pisode psychotique de poursuivre leurs objectifs et de maximiser les possibilit\u00e9s de perfectionnement professionnel.<\/p>\n","protected":false},"author":17,"featured_media":0,"parent":5537,"menu_order":0,"comment_status":"open","ping_status":"open","template":"","meta":{"_acf_changed":false,"_monsterinsights_skip_tracking":false,"_monsterinsights_sitenote_active":false,"_monsterinsights_sitenote_note":"","_monsterinsights_sitenote_category":0,"footnotes":"","_links_to":"","_links_to_target":"","_wp_rev_ctl_limit":""},"tags":[997,995,996,1000,999,1002,1001,994,998],"class_list":["post-2239","page","type-page","status-publish","hentry","tag-intervention-precoce","tag-intervention-precoce-en-psychose","tag-psychose","tag-psychose-101","tag-psychose101","tag-psychosis-101-fr","tag-psychosis101-fr","tag-service-regional-dintervention-precoce-en-psychose","tag-srip"],"acf":[],"yoast_head":"<!-- This site is optimized with the Yoast SEO plugin v27.4 - https:\/\/yoast.com\/product\/yoast-seo-wordpress\/ -->\n<title>Service r\u00e9gional d&#039;intervention pr\u00e9coce en psychose<\/title>\n<meta name=\"description\" content=\"Le service REIP offre un syst\u00e8me de soutien qui permettra aux personnes vivant un premier \u00e9pisode de psychose de poursuivre leurs objectifs\" \/>\n<meta name=\"robots\" content=\"index, follow, max-snippet:-1, max-image-preview:large, max-video-preview:-1\" \/>\n<link rel=\"canonical\" href=\"https:\/\/nbrhc.on.ca\/fr\/programme-et-services\/programmes-et-services-de-sante-mentale\/regional-outreach-seniors-mental-health-program\/service-regional-dintervention-precoce-en-psychose\/\" \/>\n<meta property=\"og:locale\" content=\"fr_FR\" \/>\n<meta property=\"og:type\" content=\"article\" \/>\n<meta property=\"og:title\" content=\"Service r\u00e9gional d&#039;intervention pr\u00e9coce en psychose\" \/>\n<meta property=\"og:description\" content=\"Le service REIP offre un syst\u00e8me de soutien qui permettra aux personnes vivant un premier \u00e9pisode de psychose de poursuivre leurs objectifs\" \/>\n<meta property=\"og:url\" content=\"https:\/\/nbrhc.on.ca\/fr\/programme-et-services\/programmes-et-services-de-sante-mentale\/regional-outreach-seniors-mental-health-program\/service-regional-dintervention-precoce-en-psychose\/\" \/>\n<meta property=\"og:site_name\" content=\"NBRHC\" \/>\n<meta property=\"article:publisher\" content=\"https:\/\/www.facebook.com\/nbrhc\" \/>\n<meta property=\"article:modified_time\" content=\"2021-11-12T15:44:41+00:00\" \/>\n<meta property=\"og:image\" content=\"https:\/\/nbrhc.on.ca\/wp-content\/uploads\/2015\/07\/icon_col.jpeg\" \/>\n\t<meta property=\"og:image:width\" content=\"619\" \/>\n\t<meta property=\"og:image:height\" content=\"619\" \/>\n\t<meta property=\"og:image:type\" content=\"image\/jpeg\" \/>\n<meta name=\"twitter:label1\" content=\"Dur\u00e9e de lecture estim\u00e9e\" \/>\n\t<meta name=\"twitter:data1\" content=\"3 minutes\" \/>\n<script type=\"application\/ld+json\" class=\"yoast-schema-graph\">{\"@context\":\"https:\\\/\\\/schema.org\",\"@graph\":[{\"@type\":\"WebPage\",\"@id\":\"https:\\\/\\\/nbrhc.on.ca\\\/fr\\\/programme-et-services\\\/programmes-et-services-de-sante-mentale\\\/regional-outreach-seniors-mental-health-program\\\/service-regional-dintervention-precoce-en-psychose\\\/\",\"url\":\"https:\\\/\\\/nbrhc.on.ca\\\/fr\\\/programme-et-services\\\/programmes-et-services-de-sante-mentale\\\/regional-outreach-seniors-mental-health-program\\\/service-regional-dintervention-precoce-en-psychose\\\/\",\"name\":\"Service r\u00e9gional d'intervention pr\u00e9coce en psychose\",\"isPartOf\":{\"@id\":\"https:\\\/\\\/nbrhc.on.ca\\\/#website\"},\"datePublished\":\"2014-03-27T19:43:00+00:00\",\"dateModified\":\"2021-11-12T15:44:41+00:00\",\"description\":\"Le service REIP offre un syst\u00e8me de soutien qui permettra aux personnes vivant un premier \u00e9pisode de psychose de poursuivre leurs objectifs\",\"breadcrumb\":{\"@id\":\"https:\\\/\\\/nbrhc.on.ca\\\/fr\\\/programme-et-services\\\/programmes-et-services-de-sante-mentale\\\/regional-outreach-seniors-mental-health-program\\\/service-regional-dintervention-precoce-en-psychose\\\/#breadcrumb\"},\"inLanguage\":\"fr-FR\",\"potentialAction\":[{\"@type\":\"ReadAction\",\"target\":[\"https:\\\/\\\/nbrhc.on.ca\\\/fr\\\/programme-et-services\\\/programmes-et-services-de-sante-mentale\\\/regional-outreach-seniors-mental-health-program\\\/service-regional-dintervention-precoce-en-psychose\\\/\"]}]},{\"@type\":\"BreadcrumbList\",\"@id\":\"https:\\\/\\\/nbrhc.on.ca\\\/fr\\\/programme-et-services\\\/programmes-et-services-de-sante-mentale\\\/regional-outreach-seniors-mental-health-program\\\/service-regional-dintervention-precoce-en-psychose\\\/#breadcrumb\",\"itemListElement\":[{\"@type\":\"ListItem\",\"position\":1,\"name\":\"Home\",\"item\":\"https:\\\/\\\/nbrhc.on.ca\\\/fr\\\/\"},{\"@type\":\"ListItem\",\"position\":2,\"name\":\"Programmes et services\",\"item\":\"https:\\\/\\\/nbrhc.on.ca\\\/fr\\\/programme-et-services\\\/\"},{\"@type\":\"ListItem\",\"position\":3,\"name\":\"Programmes et services de sant\u00e9 mentale\",\"item\":\"https:\\\/\\\/nbrhc.on.ca\\\/fr\\\/programme-et-services\\\/programmes-et-services-de-sante-mentale\\\/\"},{\"@type\":\"ListItem\",\"position\":4,\"name\":\"Programme r\u00e9gional d&rsquo;intervention en sant\u00e9 mentale et programme de sant\u00e9 mentale pour personnes \u00e2g\u00e9es\",\"item\":\"https:\\\/\\\/nbrhc.on.ca\\\/fr\\\/programme-et-services\\\/programmes-et-services-de-sante-mentale\\\/regional-outreach-seniors-mental-health-program\\\/\"},{\"@type\":\"ListItem\",\"position\":5,\"name\":\"Service r\u00e9gional d&rsquo;intervention pr\u00e9coce en psychose\"}]},{\"@type\":\"WebSite\",\"@id\":\"https:\\\/\\\/nbrhc.on.ca\\\/#website\",\"url\":\"https:\\\/\\\/nbrhc.on.ca\\\/\",\"name\":\"NBRHC\",\"description\":\"North Bay Regional Health Centre\",\"publisher\":{\"@id\":\"https:\\\/\\\/nbrhc.on.ca\\\/#organization\"},\"potentialAction\":[{\"@type\":\"SearchAction\",\"target\":{\"@type\":\"EntryPoint\",\"urlTemplate\":\"https:\\\/\\\/nbrhc.on.ca\\\/?s={search_term_string}\"},\"query-input\":{\"@type\":\"PropertyValueSpecification\",\"valueRequired\":true,\"valueName\":\"search_term_string\"}}],\"inLanguage\":\"fr-FR\"},{\"@type\":\"Organization\",\"@id\":\"https:\\\/\\\/nbrhc.on.ca\\\/#organization\",\"name\":\"North Bay Regional Health Centre\",\"url\":\"https:\\\/\\\/nbrhc.on.ca\\\/\",\"logo\":{\"@type\":\"ImageObject\",\"inLanguage\":\"fr-FR\",\"@id\":\"https:\\\/\\\/nbrhc.on.ca\\\/#\\\/schema\\\/logo\\\/image\\\/\",\"url\":\"https:\\\/\\\/nbrhc.on.ca\\\/wp-content\\\/uploads\\\/2015\\\/07\\\/logo.jpg\",\"contentUrl\":\"https:\\\/\\\/nbrhc.on.ca\\\/wp-content\\\/uploads\\\/2015\\\/07\\\/logo.jpg\",\"width\":870,\"height\":128,\"caption\":\"North Bay Regional Health Centre\"},\"image\":{\"@id\":\"https:\\\/\\\/nbrhc.on.ca\\\/#\\\/schema\\\/logo\\\/image\\\/\"},\"sameAs\":[\"https:\\\/\\\/www.facebook.com\\\/nbrhc\",\"https:\\\/\\\/x.com\\\/NBRHC\",\"https:\\\/\\\/www.linkedin.com\\\/company\\\/north-bay-regional-health-centre-nbrhc\",\"https:\\\/\\\/www.pinterest.com\\\/nbrhc\",\"https:\\\/\\\/www.youtube.com\\\/TheNBRHC\"]}]}<\/script>\n<!-- \/ Yoast SEO plugin. -->","yoast_head_json":{"title":"Service r\u00e9gional d'intervention pr\u00e9coce en psychose","description":"Le service REIP offre un syst\u00e8me de soutien qui permettra aux personnes vivant un premier \u00e9pisode de psychose de poursuivre leurs objectifs","robots":{"index":"index","follow":"follow","max-snippet":"max-snippet:-1","max-image-preview":"max-image-preview:large","max-video-preview":"max-video-preview:-1"},"canonical":"https:\/\/nbrhc.on.ca\/fr\/programme-et-services\/programmes-et-services-de-sante-mentale\/regional-outreach-seniors-mental-health-program\/service-regional-dintervention-precoce-en-psychose\/","og_locale":"fr_FR","og_type":"article","og_title":"Service r\u00e9gional d'intervention pr\u00e9coce en psychose","og_description":"Le service REIP offre un syst\u00e8me de soutien qui permettra aux personnes vivant un premier \u00e9pisode de psychose de poursuivre leurs objectifs","og_url":"https:\/\/nbrhc.on.ca\/fr\/programme-et-services\/programmes-et-services-de-sante-mentale\/regional-outreach-seniors-mental-health-program\/service-regional-dintervention-precoce-en-psychose\/","og_site_name":"NBRHC","article_publisher":"https:\/\/www.facebook.com\/nbrhc","article_modified_time":"2021-11-12T15:44:41+00:00","og_image":[{"width":619,"height":619,"url":"https:\/\/nbrhc.on.ca\/wp-content\/uploads\/2015\/07\/icon_col.jpeg","type":"image\/jpeg"}],"twitter_misc":{"Dur\u00e9e de lecture estim\u00e9e":"3 minutes"},"schema":{"@context":"https:\/\/schema.org","@graph":[{"@type":"WebPage","@id":"https:\/\/nbrhc.on.ca\/fr\/programme-et-services\/programmes-et-services-de-sante-mentale\/regional-outreach-seniors-mental-health-program\/service-regional-dintervention-precoce-en-psychose\/","url":"https:\/\/nbrhc.on.ca\/fr\/programme-et-services\/programmes-et-services-de-sante-mentale\/regional-outreach-seniors-mental-health-program\/service-regional-dintervention-precoce-en-psychose\/","name":"Service r\u00e9gional d'intervention pr\u00e9coce en psychose","isPartOf":{"@id":"https:\/\/nbrhc.on.ca\/#website"},"datePublished":"2014-03-27T19:43:00+00:00","dateModified":"2021-11-12T15:44:41+00:00","description":"Le service REIP offre un syst\u00e8me de soutien qui permettra aux personnes vivant un premier \u00e9pisode de psychose de poursuivre leurs objectifs","breadcrumb":{"@id":"https:\/\/nbrhc.on.ca\/fr\/programme-et-services\/programmes-et-services-de-sante-mentale\/regional-outreach-seniors-mental-health-program\/service-regional-dintervention-precoce-en-psychose\/#breadcrumb"},"inLanguage":"fr-FR","potentialAction":[{"@type":"ReadAction","target":["https:\/\/nbrhc.on.ca\/fr\/programme-et-services\/programmes-et-services-de-sante-mentale\/regional-outreach-seniors-mental-health-program\/service-regional-dintervention-precoce-en-psychose\/"]}]},{"@type":"BreadcrumbList","@id":"https:\/\/nbrhc.on.ca\/fr\/programme-et-services\/programmes-et-services-de-sante-mentale\/regional-outreach-seniors-mental-health-program\/service-regional-dintervention-precoce-en-psychose\/#breadcrumb","itemListElement":[{"@type":"ListItem","position":1,"name":"Home","item":"https:\/\/nbrhc.on.ca\/fr\/"},{"@type":"ListItem","position":2,"name":"Programmes et services","item":"https:\/\/nbrhc.on.ca\/fr\/programme-et-services\/"},{"@type":"ListItem","position":3,"name":"Programmes et services de sant\u00e9 mentale","item":"https:\/\/nbrhc.on.ca\/fr\/programme-et-services\/programmes-et-services-de-sante-mentale\/"},{"@type":"ListItem","position":4,"name":"Programme r\u00e9gional d&rsquo;intervention en sant\u00e9 mentale et programme de sant\u00e9 mentale pour personnes \u00e2g\u00e9es","item":"https:\/\/nbrhc.on.ca\/fr\/programme-et-services\/programmes-et-services-de-sante-mentale\/regional-outreach-seniors-mental-health-program\/"},{"@type":"ListItem","position":5,"name":"Service r\u00e9gional d&rsquo;intervention pr\u00e9coce en psychose"}]},{"@type":"WebSite","@id":"https:\/\/nbrhc.on.ca\/#website","url":"https:\/\/nbrhc.on.ca\/","name":"NBRHC","description":"North Bay Regional Health Centre","publisher":{"@id":"https:\/\/nbrhc.on.ca\/#organization"},"potentialAction":[{"@type":"SearchAction","target":{"@type":"EntryPoint","urlTemplate":"https:\/\/nbrhc.on.ca\/?s={search_term_string}"},"query-input":{"@type":"PropertyValueSpecification","valueRequired":true,"valueName":"search_term_string"}}],"inLanguage":"fr-FR"},{"@type":"Organization","@id":"https:\/\/nbrhc.on.ca\/#organization","name":"North Bay Regional Health Centre","url":"https:\/\/nbrhc.on.ca\/","logo":{"@type":"ImageObject","inLanguage":"fr-FR","@id":"https:\/\/nbrhc.on.ca\/#\/schema\/logo\/image\/","url":"https:\/\/nbrhc.on.ca\/wp-content\/uploads\/2015\/07\/logo.jpg","contentUrl":"https:\/\/nbrhc.on.ca\/wp-content\/uploads\/2015\/07\/logo.jpg","width":870,"height":128,"caption":"North Bay Regional Health Centre"},"image":{"@id":"https:\/\/nbrhc.on.ca\/#\/schema\/logo\/image\/"},"sameAs":["https:\/\/www.facebook.com\/nbrhc","https:\/\/x.com\/NBRHC","https:\/\/www.linkedin.com\/company\/north-bay-regional-health-centre-nbrhc","https:\/\/www.pinterest.com\/nbrhc","https:\/\/www.youtube.com\/TheNBRHC"]}]}},"_links":{"self":[{"href":"https:\/\/nbrhc.on.ca\/fr\/wp-json\/wp\/v2\/pages\/2239","targetHints":{"allow":["GET"]}}],"collection":[{"href":"https:\/\/nbrhc.on.ca\/fr\/wp-json\/wp\/v2\/pages"}],"about":[{"href":"https:\/\/nbrhc.on.ca\/fr\/wp-json\/wp\/v2\/types\/page"}],"author":[{"embeddable":true,"href":"https:\/\/nbrhc.on.ca\/fr\/wp-json\/wp\/v2\/users\/17"}],"replies":[{"embeddable":true,"href":"https:\/\/nbrhc.on.ca\/fr\/wp-json\/wp\/v2\/comments?post=2239"}],"version-history":[{"count":5,"href":"https:\/\/nbrhc.on.ca\/fr\/wp-json\/wp\/v2\/pages\/2239\/revisions"}],"predecessor-version":[{"id":28310,"href":"https:\/\/nbrhc.on.ca\/fr\/wp-json\/wp\/v2\/pages\/2239\/revisions\/28310"}],"up":[{"embeddable":true,"href":"https:\/\/nbrhc.on.ca\/fr\/wp-json\/wp\/v2\/pages\/5537"}],"wp:attachment":[{"href":"https:\/\/nbrhc.on.ca\/fr\/wp-json\/wp\/v2\/media?parent=2239"}],"wp:term":[{"taxonomy":"post_tag","embeddable":true,"href":"https:\/\/nbrhc.on.ca\/fr\/wp-json\/wp\/v2\/tags?post=2239"}],"curies":[{"name":"wp","href":"https:\/\/api.w.org\/{rel}","templated":true}]}}