{"id":23240,"date":"2020-08-07T10:26:25","date_gmt":"2020-08-07T14:26:25","guid":{"rendered":"http:\/\/www.nbrhc.on.ca\/?page_id=23240"},"modified":"2023-07-31T10:57:47","modified_gmt":"2023-07-31T14:57:47","slug":"clinique-de-sante-respiratoire","status":"publish","type":"page","link":"https:\/\/nbrhc.on.ca\/fr\/programme-et-services\/cliniques-aux-patients-externes\/clinique-de-sante-respiratoire\/","title":{"rendered":"Clinique de sant\u00e9 respiratoire"},"content":{"rendered":"<p>L\u2019objectif de la Clinique de sant\u00e9 respiratoire du Centre r\u00e9gional de sant\u00e9 de North Bay consiste \u00e0 am\u00e9liorer la qualit\u00e9 de vie des patients ayant un diagnostic de maladie pulmonaire obstructive chronique (MPOC) en leur assurant des soins de sant\u00e9 coordonn\u00e9s.<\/p>\n<p>Un pneumologue effectuera une \u00e9valuation compl\u00e8te de la MPOC du patient et recommandera ou mettra en \u0153uvre des strat\u00e9gies de gestion de la maladie en collaboration avec le m\u00e9decin de famille. Ces strat\u00e9gies pourraient comprendre des changements aux m\u00e9dicaments, d\u2019autres tests, des ordonnances d\u2019oxyg\u00e8ne et des renvois vers des services de r\u00e9adaptation.<\/p>\n<p>De plus, un th\u00e9rapeute respiratoire inscrit\/\u00e9ducateur certifi\u00e9 dans le domaine respiratoire offre des renseignements aux patients, des conseils sur l\u2019abandon du tabac, des services de spirom\u00e9trie, des \u00e9preuves de marche de six minutes et des \u00e9valuations ind\u00e9pendantes \u00e0 l\u2019effort, au besoin.<\/p>\n<p>Il faut un renvoi d\u2019un fournisseur de soins primaires ou d\u2019un sp\u00e9cialiste.<\/p>\n","protected":false},"excerpt":{"rendered":"<p>Un pneumologue effectuera une \u00e9valuation compl\u00e8te de la MPOC du patient et recommandera ou mettra en \u0153uvre des strat\u00e9gies de gestion de la maladie en collaboration avec le m\u00e9decin de famille.<\/p>\n","protected":false},"author":17,"featured_media":0,"parent":4950,"menu_order":0,"comment_status":"closed","ping_status":"closed","template":"","meta":{"_acf_changed":false,"_monsterinsights_skip_tracking":false,"_monsterinsights_sitenote_active":false,"_monsterinsights_sitenote_note":"","_monsterinsights_sitenote_category":0,"footnotes":"","_links_to":"","_links_to_target":"","_wp_rev_ctl_limit":""},"tags":[],"class_list":["post-23240","page","type-page","status-publish","hentry"],"acf":[],"yoast_head":"<!-- This site is optimized with the Yoast SEO plugin v27.4 - https:\/\/yoast.com\/product\/yoast-seo-wordpress\/ -->\n<title>Clinique de sant\u00e9 respiratoire - NBRHC<\/title>\n<meta name=\"description\" content=\"L&#039;objectif de la Clinique de respiration est d&#039;am\u00e9liorer la qualit\u00e9 de vie des patients diagnostiqu\u00e9s avec une maladie pulmonaire obstructive chronique (MPOC)\" \/>\n<meta name=\"robots\" content=\"index, follow, max-snippet:-1, max-image-preview:large, max-video-preview:-1\" \/>\n<link rel=\"canonical\" href=\"https:\/\/nbrhc.on.ca\/fr\/programme-et-services\/cliniques-aux-patients-externes\/clinique-de-sante-respiratoire\/\" \/>\n<meta property=\"og:locale\" content=\"fr_FR\" \/>\n<meta property=\"og:type\" content=\"article\" \/>\n<meta property=\"og:title\" content=\"Clinique de sant\u00e9 respiratoire - NBRHC\" \/>\n<meta property=\"og:description\" content=\"L&#039;objectif de la Clinique de respiration est d&#039;am\u00e9liorer la qualit\u00e9 de vie des patients diagnostiqu\u00e9s avec une maladie pulmonaire obstructive chronique (MPOC)\" \/>\n<meta property=\"og:url\" content=\"https:\/\/nbrhc.on.ca\/fr\/programme-et-services\/cliniques-aux-patients-externes\/clinique-de-sante-respiratoire\/\" \/>\n<meta property=\"og:site_name\" content=\"NBRHC\" \/>\n<meta property=\"article:publisher\" content=\"https:\/\/www.facebook.com\/nbrhc\" \/>\n<meta property=\"article:modified_time\" content=\"2023-07-31T14:57:47+00:00\" \/>\n<meta property=\"og:image\" content=\"https:\/\/nbrhc.on.ca\/wp-content\/uploads\/2015\/07\/icon_col.jpeg\" \/>\n\t<meta property=\"og:image:width\" content=\"619\" \/>\n\t<meta property=\"og:image:height\" content=\"619\" \/>\n\t<meta property=\"og:image:type\" content=\"image\/jpeg\" \/>\n<meta name=\"twitter:label1\" content=\"Dur\u00e9e de lecture estim\u00e9e\" \/>\n\t<meta name=\"twitter:data1\" content=\"1 minute\" \/>\n<script type=\"application\/ld+json\" class=\"yoast-schema-graph\">{\"@context\":\"https:\\\/\\\/schema.org\",\"@graph\":[{\"@type\":\"WebPage\",\"@id\":\"https:\\\/\\\/nbrhc.on.ca\\\/fr\\\/programme-et-services\\\/cliniques-aux-patients-externes\\\/clinique-de-sante-respiratoire\\\/\",\"url\":\"https:\\\/\\\/nbrhc.on.ca\\\/fr\\\/programme-et-services\\\/cliniques-aux-patients-externes\\\/clinique-de-sante-respiratoire\\\/\",\"name\":\"Clinique de sant\u00e9 respiratoire - NBRHC\",\"isPartOf\":{\"@id\":\"https:\\\/\\\/nbrhc.on.ca\\\/#website\"},\"datePublished\":\"2020-08-07T14:26:25+00:00\",\"dateModified\":\"2023-07-31T14:57:47+00:00\",\"description\":\"L'objectif de la Clinique de respiration est d'am\u00e9liorer la qualit\u00e9 de vie des patients diagnostiqu\u00e9s avec une maladie pulmonaire obstructive chronique (MPOC)\",\"breadcrumb\":{\"@id\":\"https:\\\/\\\/nbrhc.on.ca\\\/fr\\\/programme-et-services\\\/cliniques-aux-patients-externes\\\/clinique-de-sante-respiratoire\\\/#breadcrumb\"},\"inLanguage\":\"fr-FR\",\"potentialAction\":[{\"@type\":\"ReadAction\",\"target\":[\"https:\\\/\\\/nbrhc.on.ca\\\/fr\\\/programme-et-services\\\/cliniques-aux-patients-externes\\\/clinique-de-sante-respiratoire\\\/\"]}]},{\"@type\":\"BreadcrumbList\",\"@id\":\"https:\\\/\\\/nbrhc.on.ca\\\/fr\\\/programme-et-services\\\/cliniques-aux-patients-externes\\\/clinique-de-sante-respiratoire\\\/#breadcrumb\",\"itemListElement\":[{\"@type\":\"ListItem\",\"position\":1,\"name\":\"Home\",\"item\":\"https:\\\/\\\/nbrhc.on.ca\\\/fr\\\/\"},{\"@type\":\"ListItem\",\"position\":2,\"name\":\"Programmes et services\",\"item\":\"https:\\\/\\\/nbrhc.on.ca\\\/fr\\\/programme-et-services\\\/\"},{\"@type\":\"ListItem\",\"position\":3,\"name\":\"Cliniques aux patients externes\",\"item\":\"https:\\\/\\\/nbrhc.on.ca\\\/fr\\\/programme-et-services\\\/cliniques-aux-patients-externes\\\/\"},{\"@type\":\"ListItem\",\"position\":4,\"name\":\"Clinique de sant\u00e9 respiratoire\"}]},{\"@type\":\"WebSite\",\"@id\":\"https:\\\/\\\/nbrhc.on.ca\\\/#website\",\"url\":\"https:\\\/\\\/nbrhc.on.ca\\\/\",\"name\":\"NBRHC\",\"description\":\"North Bay Regional Health Centre\",\"publisher\":{\"@id\":\"https:\\\/\\\/nbrhc.on.ca\\\/#organization\"},\"potentialAction\":[{\"@type\":\"SearchAction\",\"target\":{\"@type\":\"EntryPoint\",\"urlTemplate\":\"https:\\\/\\\/nbrhc.on.ca\\\/?s={search_term_string}\"},\"query-input\":{\"@type\":\"PropertyValueSpecification\",\"valueRequired\":true,\"valueName\":\"search_term_string\"}}],\"inLanguage\":\"fr-FR\"},{\"@type\":\"Organization\",\"@id\":\"https:\\\/\\\/nbrhc.on.ca\\\/#organization\",\"name\":\"North Bay Regional Health Centre\",\"url\":\"https:\\\/\\\/nbrhc.on.ca\\\/\",\"logo\":{\"@type\":\"ImageObject\",\"inLanguage\":\"fr-FR\",\"@id\":\"https:\\\/\\\/nbrhc.on.ca\\\/#\\\/schema\\\/logo\\\/image\\\/\",\"url\":\"https:\\\/\\\/nbrhc.on.ca\\\/wp-content\\\/uploads\\\/2015\\\/07\\\/logo.jpg\",\"contentUrl\":\"https:\\\/\\\/nbrhc.on.ca\\\/wp-content\\\/uploads\\\/2015\\\/07\\\/logo.jpg\",\"width\":870,\"height\":128,\"caption\":\"North Bay Regional Health Centre\"},\"image\":{\"@id\":\"https:\\\/\\\/nbrhc.on.ca\\\/#\\\/schema\\\/logo\\\/image\\\/\"},\"sameAs\":[\"https:\\\/\\\/www.facebook.com\\\/nbrhc\",\"https:\\\/\\\/x.com\\\/NBRHC\",\"https:\\\/\\\/www.linkedin.com\\\/company\\\/north-bay-regional-health-centre-nbrhc\",\"https:\\\/\\\/www.pinterest.com\\\/nbrhc\",\"https:\\\/\\\/www.youtube.com\\\/TheNBRHC\"]}]}<\/script>\n<!-- \/ Yoast SEO plugin. -->","yoast_head_json":{"title":"Clinique de sant\u00e9 respiratoire - NBRHC","description":"L'objectif de la Clinique de respiration est d'am\u00e9liorer la qualit\u00e9 de vie des patients diagnostiqu\u00e9s avec une maladie pulmonaire obstructive chronique (MPOC)","robots":{"index":"index","follow":"follow","max-snippet":"max-snippet:-1","max-image-preview":"max-image-preview:large","max-video-preview":"max-video-preview:-1"},"canonical":"https:\/\/nbrhc.on.ca\/fr\/programme-et-services\/cliniques-aux-patients-externes\/clinique-de-sante-respiratoire\/","og_locale":"fr_FR","og_type":"article","og_title":"Clinique de sant\u00e9 respiratoire - NBRHC","og_description":"L'objectif de la Clinique de respiration est d'am\u00e9liorer la qualit\u00e9 de vie des patients diagnostiqu\u00e9s avec une maladie pulmonaire obstructive chronique (MPOC)","og_url":"https:\/\/nbrhc.on.ca\/fr\/programme-et-services\/cliniques-aux-patients-externes\/clinique-de-sante-respiratoire\/","og_site_name":"NBRHC","article_publisher":"https:\/\/www.facebook.com\/nbrhc","article_modified_time":"2023-07-31T14:57:47+00:00","og_image":[{"width":619,"height":619,"url":"https:\/\/nbrhc.on.ca\/wp-content\/uploads\/2015\/07\/icon_col.jpeg","type":"image\/jpeg"}],"twitter_misc":{"Dur\u00e9e de lecture estim\u00e9e":"1 minute"},"schema":{"@context":"https:\/\/schema.org","@graph":[{"@type":"WebPage","@id":"https:\/\/nbrhc.on.ca\/fr\/programme-et-services\/cliniques-aux-patients-externes\/clinique-de-sante-respiratoire\/","url":"https:\/\/nbrhc.on.ca\/fr\/programme-et-services\/cliniques-aux-patients-externes\/clinique-de-sante-respiratoire\/","name":"Clinique de sant\u00e9 respiratoire - NBRHC","isPartOf":{"@id":"https:\/\/nbrhc.on.ca\/#website"},"datePublished":"2020-08-07T14:26:25+00:00","dateModified":"2023-07-31T14:57:47+00:00","description":"L'objectif de la Clinique de respiration est d'am\u00e9liorer la qualit\u00e9 de vie des patients diagnostiqu\u00e9s avec une maladie pulmonaire obstructive chronique (MPOC)","breadcrumb":{"@id":"https:\/\/nbrhc.on.ca\/fr\/programme-et-services\/cliniques-aux-patients-externes\/clinique-de-sante-respiratoire\/#breadcrumb"},"inLanguage":"fr-FR","potentialAction":[{"@type":"ReadAction","target":["https:\/\/nbrhc.on.ca\/fr\/programme-et-services\/cliniques-aux-patients-externes\/clinique-de-sante-respiratoire\/"]}]},{"@type":"BreadcrumbList","@id":"https:\/\/nbrhc.on.ca\/fr\/programme-et-services\/cliniques-aux-patients-externes\/clinique-de-sante-respiratoire\/#breadcrumb","itemListElement":[{"@type":"ListItem","position":1,"name":"Home","item":"https:\/\/nbrhc.on.ca\/fr\/"},{"@type":"ListItem","position":2,"name":"Programmes et services","item":"https:\/\/nbrhc.on.ca\/fr\/programme-et-services\/"},{"@type":"ListItem","position":3,"name":"Cliniques aux patients externes","item":"https:\/\/nbrhc.on.ca\/fr\/programme-et-services\/cliniques-aux-patients-externes\/"},{"@type":"ListItem","position":4,"name":"Clinique de sant\u00e9 respiratoire"}]},{"@type":"WebSite","@id":"https:\/\/nbrhc.on.ca\/#website","url":"https:\/\/nbrhc.on.ca\/","name":"NBRHC","description":"North Bay Regional Health Centre","publisher":{"@id":"https:\/\/nbrhc.on.ca\/#organization"},"potentialAction":[{"@type":"SearchAction","target":{"@type":"EntryPoint","urlTemplate":"https:\/\/nbrhc.on.ca\/?s={search_term_string}"},"query-input":{"@type":"PropertyValueSpecification","valueRequired":true,"valueName":"search_term_string"}}],"inLanguage":"fr-FR"},{"@type":"Organization","@id":"https:\/\/nbrhc.on.ca\/#organization","name":"North Bay Regional Health Centre","url":"https:\/\/nbrhc.on.ca\/","logo":{"@type":"ImageObject","inLanguage":"fr-FR","@id":"https:\/\/nbrhc.on.ca\/#\/schema\/logo\/image\/","url":"https:\/\/nbrhc.on.ca\/wp-content\/uploads\/2015\/07\/logo.jpg","contentUrl":"https:\/\/nbrhc.on.ca\/wp-content\/uploads\/2015\/07\/logo.jpg","width":870,"height":128,"caption":"North Bay Regional Health Centre"},"image":{"@id":"https:\/\/nbrhc.on.ca\/#\/schema\/logo\/image\/"},"sameAs":["https:\/\/www.facebook.com\/nbrhc","https:\/\/x.com\/NBRHC","https:\/\/www.linkedin.com\/company\/north-bay-regional-health-centre-nbrhc","https:\/\/www.pinterest.com\/nbrhc","https:\/\/www.youtube.com\/TheNBRHC"]}]}},"_links":{"self":[{"href":"https:\/\/nbrhc.on.ca\/fr\/wp-json\/wp\/v2\/pages\/23240","targetHints":{"allow":["GET"]}}],"collection":[{"href":"https:\/\/nbrhc.on.ca\/fr\/wp-json\/wp\/v2\/pages"}],"about":[{"href":"https:\/\/nbrhc.on.ca\/fr\/wp-json\/wp\/v2\/types\/page"}],"author":[{"embeddable":true,"href":"https:\/\/nbrhc.on.ca\/fr\/wp-json\/wp\/v2\/users\/17"}],"replies":[{"embeddable":true,"href":"https:\/\/nbrhc.on.ca\/fr\/wp-json\/wp\/v2\/comments?post=23240"}],"version-history":[{"count":2,"href":"https:\/\/nbrhc.on.ca\/fr\/wp-json\/wp\/v2\/pages\/23240\/revisions"}],"predecessor-version":[{"id":36960,"href":"https:\/\/nbrhc.on.ca\/fr\/wp-json\/wp\/v2\/pages\/23240\/revisions\/36960"}],"up":[{"embeddable":true,"href":"https:\/\/nbrhc.on.ca\/fr\/wp-json\/wp\/v2\/pages\/4950"}],"wp:attachment":[{"href":"https:\/\/nbrhc.on.ca\/fr\/wp-json\/wp\/v2\/media?parent=23240"}],"wp:term":[{"taxonomy":"post_tag","embeddable":true,"href":"https:\/\/nbrhc.on.ca\/fr\/wp-json\/wp\/v2\/tags?post=23240"}],"curies":[{"name":"wp","href":"https:\/\/api.w.org\/{rel}","templated":true}]}}