{"id":2421,"date":"2013-04-30T19:53:55","date_gmt":"2013-04-30T23:53:55","guid":{"rendered":"http:\/\/www.nbrhc.on.ca\/?page_id=2421"},"modified":"2025-01-13T14:59:33","modified_gmt":"2025-01-13T19:59:33","slug":"joignez-vous-a-notre-equipe","status":"publish","type":"page","link":"https:\/\/nbrhc.on.ca\/fr\/joignez-vous-a-notre-equipe\/","title":{"rendered":"Joignez-vous \u00e0 notre \u00e9quipe"},"content":{"rendered":"<p>Le Centre r\u00e9gional de sant\u00e9 de North Bay est un centre sp\u00e9cialis\u00e9 de district qui fournit des soins actifs aux communaut\u00e9s de North Bay et des environs ainsi que des services sp\u00e9cialis\u00e9s aux h\u00f4pitaux communautaires de Mattawa, Nipissing Ouest et Temiskaming, une r\u00e9gion qui compte environ 129\u00a0000 habitants.<\/p>\n<p><iframe loading=\"lazy\" title=\"NBRHC Welcomes You video\" width=\"489\" height=\"275\" frameborder=\"0\" src=\"\/\/www.youtube.com\/embed\/8E8GljiLTvU\"><\/iframe><\/p>\n<p>Le Centre r\u00e9gional de sant\u00e9 de North Bay est un point de service unique qui abrite, sur un campus de soins de sant\u00e9 coop\u00e9ratif, un h\u00f4pital de soins actifs \u00e0 la fine pointe de la technologie et un \u00e9tablissement de sant\u00e9 mentale moderne ax\u00e9 sur le r\u00e9tablissement qui fournit des services \u00e0 la population du Nord-Est de l\u2019Ontario.<\/p>\n<p>La qualit\u00e9 des employ\u00e9s et des b\u00e9n\u00e9voles du CRSNB a une incidence directe sur nos r\u00e9sultats cliniques et op\u00e9rationnels, y compris la qualit\u00e9 des soins, la s\u00e9curit\u00e9 et la satisfaction des patients, la productivit\u00e9 et la rentabilit\u00e9 ainsi que le recrutement et le maintien en poste des employ\u00e9s.<\/p>\n<p>Si vous croyez personnifier nos valeurs et que notre culture d\u2019am\u00e9lioration continue vous int\u00e9resse, songez \u00e0 saisir les occasions exceptionnelles que le CRSNB a \u00e0 vous offrir.<\/p>\n<p>&nbsp;<\/p>\n<div style=\"background: #EFEFEF;\"><em>Centre r\u00e9gional de sant\u00e9 de North Bay (CRSNB) a pris l\u2019engagement de maintenir des pratiques d\u2019emploi respectueuses des normes d\u2019accessibilit\u00e9 \u00e9nonc\u00e9es dans la Loi sur l\u2019accessibilit\u00e9 pour les personnes handicap\u00e9es de l\u2019Ontario (LAPHO). Si vous avez besoin de mesures d\u2019adaptation durant le processus de recrutement, veuillez en aviser les Ressources humaines au <a href=\"mailto:careers@nbrhc.on.ca\">careers@nbrhc.on.ca<\/a>.\u00a0 CRSNB est un employeur qui souscrit au principe de l\u2019\u00e9galit\u00e9 des chances.<\/em><\/div>\n<p>&nbsp;<\/p>\n<hr \/>\n<p>&nbsp;<\/p>\n","protected":false},"excerpt":{"rendered":"<p>Le Centre r\u00e9gional de sant\u00e9 de North Bay est un centre sp\u00e9cialis\u00e9 de district qui fournit des soins actifs aux communaut\u00e9s de North Bay et des environs ainsi que des [&hellip;]<\/p>\n","protected":false},"author":17,"featured_media":0,"parent":0,"menu_order":0,"comment_status":"open","ping_status":"closed","template":"","meta":{"_acf_changed":false,"_monsterinsights_skip_tracking":false,"_monsterinsights_sitenote_active":false,"_monsterinsights_sitenote_note":"","_monsterinsights_sitenote_category":0,"footnotes":"","_links_to":"","_links_to_target":"","_wp_rev_ctl_limit":""},"tags":[455,2443,454,456,2444,2445],"class_list":["post-2421","page","type-page","status-publish","hentry","tag-emplois","tag-employes-fr","tag-joignez-vous-a-notre-equipe","tag-opportunites-demplois","tag-resources-humaines-fr","tag-ressources-humaines-fr"],"acf":[],"yoast_head":"<!-- This site is optimized with the Yoast SEO plugin v27.5 - https:\/\/yoast.com\/product\/yoast-seo-wordpress\/ -->\n<title>Joignez-vous \u00e0 notre \u00e9quipe<\/title>\n<meta name=\"description\" content=\"Le CRSNB est un guichet unique offrant un h\u00f4pital de soins actifs et un \u00e9tablissement de sant\u00e9 mentale moderne ax\u00e9 sur le r\u00e9tablissement qui dessert le nord-est de l&#039;Ontario\" \/>\n<meta name=\"robots\" content=\"index, follow, max-snippet:-1, max-image-preview:large, max-video-preview:-1\" \/>\n<link rel=\"canonical\" href=\"https:\/\/nbrhc.on.ca\/fr\/joignez-vous-a-notre-equipe\/\" \/>\n<meta property=\"og:locale\" content=\"fr_FR\" \/>\n<meta property=\"og:type\" content=\"article\" \/>\n<meta property=\"og:title\" content=\"Joignez-vous \u00e0 notre \u00e9quipe\" \/>\n<meta property=\"og:description\" content=\"Le CRSNB est un guichet unique offrant un h\u00f4pital de soins actifs et un \u00e9tablissement de sant\u00e9 mentale moderne ax\u00e9 sur le r\u00e9tablissement qui dessert le nord-est de l&#039;Ontario\" \/>\n<meta property=\"og:url\" content=\"https:\/\/nbrhc.on.ca\/fr\/joignez-vous-a-notre-equipe\/\" \/>\n<meta property=\"og:site_name\" content=\"NBRHC\" \/>\n<meta property=\"article:publisher\" content=\"https:\/\/www.facebook.com\/nbrhc\" \/>\n<meta property=\"article:modified_time\" content=\"2025-01-13T19:59:33+00:00\" \/>\n<meta property=\"og:image\" content=\"https:\/\/nbrhc.on.ca\/wp-content\/uploads\/2015\/07\/icon_col.jpeg\" \/>\n\t<meta property=\"og:image:width\" content=\"619\" \/>\n\t<meta property=\"og:image:height\" content=\"619\" \/>\n\t<meta property=\"og:image:type\" content=\"image\/jpeg\" \/>\n<meta name=\"twitter:label1\" content=\"Dur\u00e9e de lecture estim\u00e9e\" \/>\n\t<meta name=\"twitter:data1\" content=\"2 minutes\" \/>\n<script type=\"application\/ld+json\" class=\"yoast-schema-graph\">{\"@context\":\"https:\\\/\\\/schema.org\",\"@graph\":[{\"@type\":\"WebPage\",\"@id\":\"https:\\\/\\\/nbrhc.on.ca\\\/fr\\\/joignez-vous-a-notre-equipe\\\/\",\"url\":\"https:\\\/\\\/nbrhc.on.ca\\\/fr\\\/joignez-vous-a-notre-equipe\\\/\",\"name\":\"Joignez-vous \u00e0 notre \u00e9quipe\",\"isPartOf\":{\"@id\":\"https:\\\/\\\/nbrhc.on.ca\\\/#website\"},\"datePublished\":\"2013-04-30T23:53:55+00:00\",\"dateModified\":\"2025-01-13T19:59:33+00:00\",\"description\":\"Le CRSNB est un guichet unique offrant un h\u00f4pital de soins actifs et un \u00e9tablissement de sant\u00e9 mentale moderne ax\u00e9 sur le r\u00e9tablissement qui dessert le nord-est de l'Ontario\",\"breadcrumb\":{\"@id\":\"https:\\\/\\\/nbrhc.on.ca\\\/fr\\\/joignez-vous-a-notre-equipe\\\/#breadcrumb\"},\"inLanguage\":\"fr-FR\",\"potentialAction\":[{\"@type\":\"ReadAction\",\"target\":[\"https:\\\/\\\/nbrhc.on.ca\\\/fr\\\/joignez-vous-a-notre-equipe\\\/\"]}]},{\"@type\":\"BreadcrumbList\",\"@id\":\"https:\\\/\\\/nbrhc.on.ca\\\/fr\\\/joignez-vous-a-notre-equipe\\\/#breadcrumb\",\"itemListElement\":[{\"@type\":\"ListItem\",\"position\":1,\"name\":\"Home\",\"item\":\"https:\\\/\\\/nbrhc.on.ca\\\/fr\\\/\"},{\"@type\":\"ListItem\",\"position\":2,\"name\":\"Joignez-vous \u00e0 notre \u00e9quipe\"}]},{\"@type\":\"WebSite\",\"@id\":\"https:\\\/\\\/nbrhc.on.ca\\\/#website\",\"url\":\"https:\\\/\\\/nbrhc.on.ca\\\/\",\"name\":\"NBRHC\",\"description\":\"North Bay Regional Health Centre\",\"publisher\":{\"@id\":\"https:\\\/\\\/nbrhc.on.ca\\\/#organization\"},\"potentialAction\":[{\"@type\":\"SearchAction\",\"target\":{\"@type\":\"EntryPoint\",\"urlTemplate\":\"https:\\\/\\\/nbrhc.on.ca\\\/?s={search_term_string}\"},\"query-input\":{\"@type\":\"PropertyValueSpecification\",\"valueRequired\":true,\"valueName\":\"search_term_string\"}}],\"inLanguage\":\"fr-FR\"},{\"@type\":\"Organization\",\"@id\":\"https:\\\/\\\/nbrhc.on.ca\\\/#organization\",\"name\":\"North Bay Regional Health Centre\",\"url\":\"https:\\\/\\\/nbrhc.on.ca\\\/\",\"logo\":{\"@type\":\"ImageObject\",\"inLanguage\":\"fr-FR\",\"@id\":\"https:\\\/\\\/nbrhc.on.ca\\\/#\\\/schema\\\/logo\\\/image\\\/\",\"url\":\"https:\\\/\\\/nbrhc.on.ca\\\/wp-content\\\/uploads\\\/2015\\\/07\\\/logo.jpg\",\"contentUrl\":\"https:\\\/\\\/nbrhc.on.ca\\\/wp-content\\\/uploads\\\/2015\\\/07\\\/logo.jpg\",\"width\":870,\"height\":128,\"caption\":\"North Bay Regional Health Centre\"},\"image\":{\"@id\":\"https:\\\/\\\/nbrhc.on.ca\\\/#\\\/schema\\\/logo\\\/image\\\/\"},\"sameAs\":[\"https:\\\/\\\/www.facebook.com\\\/nbrhc\",\"https:\\\/\\\/x.com\\\/NBRHC\",\"https:\\\/\\\/www.linkedin.com\\\/company\\\/north-bay-regional-health-centre-nbrhc\",\"https:\\\/\\\/www.pinterest.com\\\/nbrhc\",\"https:\\\/\\\/www.youtube.com\\\/TheNBRHC\"]}]}<\/script>\n<!-- \/ Yoast SEO plugin. -->","yoast_head_json":{"title":"Joignez-vous \u00e0 notre \u00e9quipe","description":"Le CRSNB est un guichet unique offrant un h\u00f4pital de soins actifs et un \u00e9tablissement de sant\u00e9 mentale moderne ax\u00e9 sur le r\u00e9tablissement qui dessert le nord-est de l'Ontario","robots":{"index":"index","follow":"follow","max-snippet":"max-snippet:-1","max-image-preview":"max-image-preview:large","max-video-preview":"max-video-preview:-1"},"canonical":"https:\/\/nbrhc.on.ca\/fr\/joignez-vous-a-notre-equipe\/","og_locale":"fr_FR","og_type":"article","og_title":"Joignez-vous \u00e0 notre \u00e9quipe","og_description":"Le CRSNB est un guichet unique offrant un h\u00f4pital de soins actifs et un \u00e9tablissement de sant\u00e9 mentale moderne ax\u00e9 sur le r\u00e9tablissement qui dessert le nord-est de l'Ontario","og_url":"https:\/\/nbrhc.on.ca\/fr\/joignez-vous-a-notre-equipe\/","og_site_name":"NBRHC","article_publisher":"https:\/\/www.facebook.com\/nbrhc","article_modified_time":"2025-01-13T19:59:33+00:00","og_image":[{"width":619,"height":619,"url":"https:\/\/nbrhc.on.ca\/wp-content\/uploads\/2015\/07\/icon_col.jpeg","type":"image\/jpeg"}],"twitter_misc":{"Dur\u00e9e de lecture estim\u00e9e":"2 minutes"},"schema":{"@context":"https:\/\/schema.org","@graph":[{"@type":"WebPage","@id":"https:\/\/nbrhc.on.ca\/fr\/joignez-vous-a-notre-equipe\/","url":"https:\/\/nbrhc.on.ca\/fr\/joignez-vous-a-notre-equipe\/","name":"Joignez-vous \u00e0 notre \u00e9quipe","isPartOf":{"@id":"https:\/\/nbrhc.on.ca\/#website"},"datePublished":"2013-04-30T23:53:55+00:00","dateModified":"2025-01-13T19:59:33+00:00","description":"Le CRSNB est un guichet unique offrant un h\u00f4pital de soins actifs et un \u00e9tablissement de sant\u00e9 mentale moderne ax\u00e9 sur le r\u00e9tablissement qui dessert le nord-est de l'Ontario","breadcrumb":{"@id":"https:\/\/nbrhc.on.ca\/fr\/joignez-vous-a-notre-equipe\/#breadcrumb"},"inLanguage":"fr-FR","potentialAction":[{"@type":"ReadAction","target":["https:\/\/nbrhc.on.ca\/fr\/joignez-vous-a-notre-equipe\/"]}]},{"@type":"BreadcrumbList","@id":"https:\/\/nbrhc.on.ca\/fr\/joignez-vous-a-notre-equipe\/#breadcrumb","itemListElement":[{"@type":"ListItem","position":1,"name":"Home","item":"https:\/\/nbrhc.on.ca\/fr\/"},{"@type":"ListItem","position":2,"name":"Joignez-vous \u00e0 notre \u00e9quipe"}]},{"@type":"WebSite","@id":"https:\/\/nbrhc.on.ca\/#website","url":"https:\/\/nbrhc.on.ca\/","name":"NBRHC","description":"North Bay Regional Health Centre","publisher":{"@id":"https:\/\/nbrhc.on.ca\/#organization"},"potentialAction":[{"@type":"SearchAction","target":{"@type":"EntryPoint","urlTemplate":"https:\/\/nbrhc.on.ca\/?s={search_term_string}"},"query-input":{"@type":"PropertyValueSpecification","valueRequired":true,"valueName":"search_term_string"}}],"inLanguage":"fr-FR"},{"@type":"Organization","@id":"https:\/\/nbrhc.on.ca\/#organization","name":"North Bay Regional Health Centre","url":"https:\/\/nbrhc.on.ca\/","logo":{"@type":"ImageObject","inLanguage":"fr-FR","@id":"https:\/\/nbrhc.on.ca\/#\/schema\/logo\/image\/","url":"https:\/\/nbrhc.on.ca\/wp-content\/uploads\/2015\/07\/logo.jpg","contentUrl":"https:\/\/nbrhc.on.ca\/wp-content\/uploads\/2015\/07\/logo.jpg","width":870,"height":128,"caption":"North Bay Regional Health Centre"},"image":{"@id":"https:\/\/nbrhc.on.ca\/#\/schema\/logo\/image\/"},"sameAs":["https:\/\/www.facebook.com\/nbrhc","https:\/\/x.com\/NBRHC","https:\/\/www.linkedin.com\/company\/north-bay-regional-health-centre-nbrhc","https:\/\/www.pinterest.com\/nbrhc","https:\/\/www.youtube.com\/TheNBRHC"]}]}},"_links":{"self":[{"href":"https:\/\/nbrhc.on.ca\/fr\/wp-json\/wp\/v2\/pages\/2421","targetHints":{"allow":["GET"]}}],"collection":[{"href":"https:\/\/nbrhc.on.ca\/fr\/wp-json\/wp\/v2\/pages"}],"about":[{"href":"https:\/\/nbrhc.on.ca\/fr\/wp-json\/wp\/v2\/types\/page"}],"author":[{"embeddable":true,"href":"https:\/\/nbrhc.on.ca\/fr\/wp-json\/wp\/v2\/users\/17"}],"replies":[{"embeddable":true,"href":"https:\/\/nbrhc.on.ca\/fr\/wp-json\/wp\/v2\/comments?post=2421"}],"version-history":[{"count":4,"href":"https:\/\/nbrhc.on.ca\/fr\/wp-json\/wp\/v2\/pages\/2421\/revisions"}],"predecessor-version":[{"id":42741,"href":"https:\/\/nbrhc.on.ca\/fr\/wp-json\/wp\/v2\/pages\/2421\/revisions\/42741"}],"wp:attachment":[{"href":"https:\/\/nbrhc.on.ca\/fr\/wp-json\/wp\/v2\/media?parent=2421"}],"wp:term":[{"taxonomy":"post_tag","embeddable":true,"href":"https:\/\/nbrhc.on.ca\/fr\/wp-json\/wp\/v2\/tags?post=2421"}],"curies":[{"name":"wp","href":"https:\/\/api.w.org\/{rel}","templated":true}]}}